{"id":794,"date":"2017-07-12T17:12:23","date_gmt":"2017-07-12T15:12:23","guid":{"rendered":"https:\/\/www.upscience-labs.com\/nganh-cong-nghiep\/thuc-an-chan-nuoi\/"},"modified":"2021-06-28T08:20:51","modified_gmt":"2021-06-28T06:20:51","slug":"thuc-an-chan-nuoi","status":"publish","type":"page","link":"https:\/\/www.upscience-labs.com\/vn\/nganh-cong-nghiep\/thuc-an-chan-nuoi\/","title":{"rendered":"Th\u1ee9c \u0103n ch\u0103n nu\u00f4i"},"content":{"rendered":"<div class=\"wpb-content-wrapper\"><p>[vc_row][vc_column][vc_column_text]Upscience, c\u00e1c chuy\u00ean gia trong l\u0129nh v\u1ef1c ph\u00e2n t\u00edch th\u1ee9c \u0103n v\u00e0 chuy\u00ean gia trong c\u00e1c ng\u00e0nh h\u00f3a h\u1eefu c\u01a1, vi sinh v\u00e0 sinh h\u1ecdc ph\u00e2n t\u1eed c\u00f3 th\u1ec3 h\u1ed7 tr\u1ee3 kh\u00e1ch h\u00e0ng trong vi\u1ec7c theo d\u00f5i hi\u1ec7u qu\u1ea3 dinh d\u01b0\u1ee1ng, ki\u1ec3m so\u00e1t hi\u1ec7u qu\u1ea3 dinh d\u01b0\u1ee1ng v\u00e0 ch\u1ea5t l\u01b0\u1ee3ng s\u1ea3n ph\u1ea9m.<\/p>\n<ul>\n<li>\u0110\u00e1nh gi\u00e1 th\u00e0nh ph\u1ea7n v\u00e0 x\u00e1c th\u1ef1c c\u00e1c nguy\u00ean li\u1ec7u th\u00f4 c\u1ee7a kh\u00e1ch h\u00e0ng<\/li>\n<li>X\u00e1c \u0111\u1ecbnh gi\u00e1 tr\u1ecb dinh d\u01b0\u1ee1ng c\u1ee7a c\u00e1c s\u1ea3n ph\u1ea9m tr\u1ed9n s\u1eb5n, ph\u1ee5 gia v\u00e0 s\u1ea3n ph\u1ea9m cu\u1ed1i<\/li>\n<li>Qu\u1ea3n l\u00fd c\u00e1c kh\u00eda c\u1ea1nh ch\u00ednh c\u1ee7a vi\u1ec7c d\u00e1n nh\u00e3n (gi\u00e1 tr\u1ecb dinh d\u01b0\u1ee1ng, x\u00e1c th\u1ef1c)<\/li>\n<li>Qu\u1ea3n l\u00fd nguy c\u01a1 nhi\u1ec5m b\u1ea9n c\u00f3 th\u1ec3 \u1ea3nh h\u01b0\u1edfng l\u00ean ch\u1ea5t l\u01b0\u1ee3ng s\u1ea3n ph\u1ea9m<\/li>\n<\/ul>\n<p>[\/vc_column_text][\/vc_column][\/vc_row]<\/p>\n<\/div>","protected":false},"excerpt":{"rendered":"<p>[vc_row][vc_column][vc_column_text]Upscience, c\u00e1c chuy\u00ean gia trong l\u0129nh v\u1ef1c ph\u00e2n t\u00edch th\u1ee9c \u0103n v\u00e0 chuy\u00ean gia trong c\u00e1c ng\u00e0nh h\u00f3a h\u1eefu c\u01a1, vi sinh v\u00e0 sinh h\u1ecdc ph\u00e2n t\u1eed c\u00f3 th\u1ec3 h\u1ed7 tr\u1ee3 kh\u00e1ch h\u00e0ng trong vi\u1ec7c theo d\u00f5i hi\u1ec7u qu\u1ea3 dinh d\u01b0\u1ee1ng, ki\u1ec3m so\u00e1t hi\u1ec7u qu\u1ea3 dinh d\u01b0\u1ee1ng v\u00e0 ch\u1ea5t l\u01b0\u1ee3ng s\u1ea3n ph\u1ea9m. \u0110\u00e1nh gi\u00e1 th\u00e0nh &hellip; <\/p>\n<div class=\"vc_btn3-container vc_btn3-right\"><a class=\"vc_general vc_btn3 vc_btn3-size-xs vc_btn3-shape-round vc_btn3-color-bleu more-link\" href=\"https:\/\/www.upscience-labs.com\/vn\/nganh-cong-nghiep\/thuc-an-chan-nuoi\/\">Read More<\/a><\/div>\n","protected":false},"author":22,"featured_media":995,"parent":791,"menu_order":420,"comment_status":"closed","ping_status":"closed","template":"template-interieur.php","meta":{"_acf_changed":false,"footnotes":""},"class_list":["post-794","page","type-page","status-publish","has-post-thumbnail","hentry"],"acf":[],"yoast_head":"<!-- This site is optimized with the Yoast SEO plugin v27.5 - https:\/\/yoast.com\/product\/yoast-seo-wordpress\/ -->\n<title>Th\u1ee9c \u0103n ch\u0103n nu\u00f4i | Upscience Vi\u1ec7t Nam<\/title>\n<meta name=\"description\" content=\"Upscience, c\u00e1c chuy\u00ean gia trong l\u0129nh v\u1ef1c ph\u00e2n t\u00edch th\u1ee9c \u0103n v\u00e0 chuy\u00ean gia trong c\u00e1c ng\u00e0nh h\u00f3a h\u1eefu c\u01a1, vi sinh v\u00e0 sinh h\u1ecdc ph\u00e2n t\u1eed\" \/>\n<meta name=\"robots\" content=\"index, follow, max-snippet:-1, max-image-preview:large, max-video-preview:-1\" \/>\n<link rel=\"canonical\" href=\"https:\/\/www.upscience-labs.com\/vn\/nganh-cong-nghiep\/thuc-an-chan-nuoi\/\" \/>\n<meta property=\"og:locale\" content=\"vi_VN\" \/>\n<meta property=\"og:type\" content=\"article\" \/>\n<meta property=\"og:title\" content=\"Th\u1ee9c \u0103n ch\u0103n nu\u00f4i | Upscience Vi\u1ec7t Nam\" \/>\n<meta property=\"og:description\" content=\"Upscience, c\u00e1c chuy\u00ean gia trong l\u0129nh v\u1ef1c ph\u00e2n t\u00edch th\u1ee9c \u0103n v\u00e0 chuy\u00ean gia trong c\u00e1c ng\u00e0nh h\u00f3a h\u1eefu c\u01a1, vi sinh v\u00e0 sinh h\u1ecdc ph\u00e2n t\u1eed\" \/>\n<meta property=\"og:url\" content=\"https:\/\/www.upscience-labs.com\/vn\/nganh-cong-nghiep\/thuc-an-chan-nuoi\/\" \/>\n<meta property=\"og:site_name\" content=\"Upscience\" \/>\n<meta property=\"article:modified_time\" content=\"2021-06-28T06:20:51+00:00\" \/>\n<meta property=\"og:image\" content=\"https:\/\/www.upscience-labs.com\/wp-content\/uploads\/2017\/08\/feed-1920-600.jpg\" \/>\n\t<meta property=\"og:image:width\" content=\"1920\" \/>\n\t<meta property=\"og:image:height\" content=\"600\" \/>\n\t<meta property=\"og:image:type\" content=\"image\/jpeg\" \/>\n<meta name=\"twitter:card\" content=\"summary_large_image\" \/>\n<meta name=\"twitter:label1\" content=\"\u01af\u1edbc t\u00ednh th\u1eddi gian \u0111\u1ecdc\" \/>\n\t<meta name=\"twitter:data1\" content=\"1 ph\u00fat\" \/>\n<script type=\"application\/ld+json\" class=\"yoast-schema-graph\">{\"@context\":\"https:\\\/\\\/schema.org\",\"@graph\":[{\"@type\":\"WebPage\",\"@id\":\"https:\\\/\\\/www.upscience-labs.com\\\/vn\\\/nganh-cong-nghiep\\\/thuc-an-chan-nuoi\\\/\",\"url\":\"https:\\\/\\\/www.upscience-labs.com\\\/vn\\\/nganh-cong-nghiep\\\/thuc-an-chan-nuoi\\\/\",\"name\":\"Th\u1ee9c \u0103n ch\u0103n nu\u00f4i | Upscience Vi\u1ec7t Nam\",\"isPartOf\":{\"@id\":\"https:\\\/\\\/www.upscience-labs.com\\\/#website\"},\"primaryImageOfPage\":{\"@id\":\"https:\\\/\\\/www.upscience-labs.com\\\/vn\\\/nganh-cong-nghiep\\\/thuc-an-chan-nuoi\\\/#primaryimage\"},\"image\":{\"@id\":\"https:\\\/\\\/www.upscience-labs.com\\\/vn\\\/nganh-cong-nghiep\\\/thuc-an-chan-nuoi\\\/#primaryimage\"},\"thumbnailUrl\":\"https:\\\/\\\/www.upscience-labs.com\\\/wp-content\\\/uploads\\\/2017\\\/08\\\/feed-1920-600.jpg\",\"datePublished\":\"2017-07-12T15:12:23+00:00\",\"dateModified\":\"2021-06-28T06:20:51+00:00\",\"description\":\"Upscience, c\u00e1c chuy\u00ean gia trong l\u0129nh v\u1ef1c ph\u00e2n t\u00edch th\u1ee9c \u0103n v\u00e0 chuy\u00ean gia trong c\u00e1c ng\u00e0nh h\u00f3a h\u1eefu c\u01a1, vi sinh v\u00e0 sinh h\u1ecdc ph\u00e2n t\u1eed\",\"breadcrumb\":{\"@id\":\"https:\\\/\\\/www.upscience-labs.com\\\/vn\\\/nganh-cong-nghiep\\\/thuc-an-chan-nuoi\\\/#breadcrumb\"},\"inLanguage\":\"vi\",\"potentialAction\":[{\"@type\":\"ReadAction\",\"target\":[\"https:\\\/\\\/www.upscience-labs.com\\\/vn\\\/nganh-cong-nghiep\\\/thuc-an-chan-nuoi\\\/\"]}]},{\"@type\":\"ImageObject\",\"inLanguage\":\"vi\",\"@id\":\"https:\\\/\\\/www.upscience-labs.com\\\/vn\\\/nganh-cong-nghiep\\\/thuc-an-chan-nuoi\\\/#primaryimage\",\"url\":\"https:\\\/\\\/www.upscience-labs.com\\\/wp-content\\\/uploads\\\/2017\\\/08\\\/feed-1920-600.jpg\",\"contentUrl\":\"https:\\\/\\\/www.upscience-labs.com\\\/wp-content\\\/uploads\\\/2017\\\/08\\\/feed-1920-600.jpg\",\"width\":1920,\"height\":600},{\"@type\":\"BreadcrumbList\",\"@id\":\"https:\\\/\\\/www.upscience-labs.com\\\/vn\\\/nganh-cong-nghiep\\\/thuc-an-chan-nuoi\\\/#breadcrumb\",\"itemListElement\":[{\"@type\":\"ListItem\",\"position\":1,\"name\":\"Home\",\"item\":\"https:\\\/\\\/www.upscience-labs.com\\\/vn\\\/\"},{\"@type\":\"ListItem\",\"position\":2,\"name\":\"C\u00d4NG NGHI\u1ec6P\",\"item\":\"https:\\\/\\\/www.upscience-labs.com\\\/vn\\\/?page_id=791\"},{\"@type\":\"ListItem\",\"position\":3,\"name\":\"Th\u1ee9c \u0103n ch\u0103n nu\u00f4i\"}]},{\"@type\":\"WebSite\",\"@id\":\"https:\\\/\\\/www.upscience-labs.com\\\/#website\",\"url\":\"https:\\\/\\\/www.upscience-labs.com\\\/\",\"name\":\"Upscience\",\"description\":\"Labs Solutions\",\"potentialAction\":[{\"@type\":\"SearchAction\",\"target\":{\"@type\":\"EntryPoint\",\"urlTemplate\":\"https:\\\/\\\/www.upscience-labs.com\\\/?s={search_term_string}\"},\"query-input\":{\"@type\":\"PropertyValueSpecification\",\"valueRequired\":true,\"valueName\":\"search_term_string\"}}],\"inLanguage\":\"vi\"}]}<\/script>\n<!-- \/ Yoast SEO plugin. -->","yoast_head_json":{"title":"Th\u1ee9c \u0103n ch\u0103n nu\u00f4i | Upscience Vi\u1ec7t Nam","description":"Upscience, c\u00e1c chuy\u00ean gia trong l\u0129nh v\u1ef1c ph\u00e2n t\u00edch th\u1ee9c \u0103n v\u00e0 chuy\u00ean gia trong c\u00e1c ng\u00e0nh h\u00f3a h\u1eefu c\u01a1, vi sinh v\u00e0 sinh h\u1ecdc ph\u00e2n t\u1eed","robots":{"index":"index","follow":"follow","max-snippet":"max-snippet:-1","max-image-preview":"max-image-preview:large","max-video-preview":"max-video-preview:-1"},"canonical":"https:\/\/www.upscience-labs.com\/vn\/nganh-cong-nghiep\/thuc-an-chan-nuoi\/","og_locale":"vi_VN","og_type":"article","og_title":"Th\u1ee9c \u0103n ch\u0103n nu\u00f4i | Upscience Vi\u1ec7t Nam","og_description":"Upscience, c\u00e1c chuy\u00ean gia trong l\u0129nh v\u1ef1c ph\u00e2n t\u00edch th\u1ee9c \u0103n v\u00e0 chuy\u00ean gia trong c\u00e1c ng\u00e0nh h\u00f3a h\u1eefu c\u01a1, vi sinh v\u00e0 sinh h\u1ecdc ph\u00e2n t\u1eed","og_url":"https:\/\/www.upscience-labs.com\/vn\/nganh-cong-nghiep\/thuc-an-chan-nuoi\/","og_site_name":"Upscience","article_modified_time":"2021-06-28T06:20:51+00:00","og_image":[{"width":1920,"height":600,"url":"https:\/\/www.upscience-labs.com\/wp-content\/uploads\/2017\/08\/feed-1920-600.jpg","type":"image\/jpeg"}],"twitter_card":"summary_large_image","twitter_misc":{"\u01af\u1edbc t\u00ednh th\u1eddi gian \u0111\u1ecdc":"1 ph\u00fat"},"schema":{"@context":"https:\/\/schema.org","@graph":[{"@type":"WebPage","@id":"https:\/\/www.upscience-labs.com\/vn\/nganh-cong-nghiep\/thuc-an-chan-nuoi\/","url":"https:\/\/www.upscience-labs.com\/vn\/nganh-cong-nghiep\/thuc-an-chan-nuoi\/","name":"Th\u1ee9c \u0103n ch\u0103n nu\u00f4i | Upscience Vi\u1ec7t Nam","isPartOf":{"@id":"https:\/\/www.upscience-labs.com\/#website"},"primaryImageOfPage":{"@id":"https:\/\/www.upscience-labs.com\/vn\/nganh-cong-nghiep\/thuc-an-chan-nuoi\/#primaryimage"},"image":{"@id":"https:\/\/www.upscience-labs.com\/vn\/nganh-cong-nghiep\/thuc-an-chan-nuoi\/#primaryimage"},"thumbnailUrl":"https:\/\/www.upscience-labs.com\/wp-content\/uploads\/2017\/08\/feed-1920-600.jpg","datePublished":"2017-07-12T15:12:23+00:00","dateModified":"2021-06-28T06:20:51+00:00","description":"Upscience, c\u00e1c chuy\u00ean gia trong l\u0129nh v\u1ef1c ph\u00e2n t\u00edch th\u1ee9c \u0103n v\u00e0 chuy\u00ean gia trong c\u00e1c ng\u00e0nh h\u00f3a h\u1eefu c\u01a1, vi sinh v\u00e0 sinh h\u1ecdc ph\u00e2n t\u1eed","breadcrumb":{"@id":"https:\/\/www.upscience-labs.com\/vn\/nganh-cong-nghiep\/thuc-an-chan-nuoi\/#breadcrumb"},"inLanguage":"vi","potentialAction":[{"@type":"ReadAction","target":["https:\/\/www.upscience-labs.com\/vn\/nganh-cong-nghiep\/thuc-an-chan-nuoi\/"]}]},{"@type":"ImageObject","inLanguage":"vi","@id":"https:\/\/www.upscience-labs.com\/vn\/nganh-cong-nghiep\/thuc-an-chan-nuoi\/#primaryimage","url":"https:\/\/www.upscience-labs.com\/wp-content\/uploads\/2017\/08\/feed-1920-600.jpg","contentUrl":"https:\/\/www.upscience-labs.com\/wp-content\/uploads\/2017\/08\/feed-1920-600.jpg","width":1920,"height":600},{"@type":"BreadcrumbList","@id":"https:\/\/www.upscience-labs.com\/vn\/nganh-cong-nghiep\/thuc-an-chan-nuoi\/#breadcrumb","itemListElement":[{"@type":"ListItem","position":1,"name":"Home","item":"https:\/\/www.upscience-labs.com\/vn\/"},{"@type":"ListItem","position":2,"name":"C\u00d4NG NGHI\u1ec6P","item":"https:\/\/www.upscience-labs.com\/vn\/?page_id=791"},{"@type":"ListItem","position":3,"name":"Th\u1ee9c \u0103n ch\u0103n nu\u00f4i"}]},{"@type":"WebSite","@id":"https:\/\/www.upscience-labs.com\/#website","url":"https:\/\/www.upscience-labs.com\/","name":"Upscience","description":"Labs Solutions","potentialAction":[{"@type":"SearchAction","target":{"@type":"EntryPoint","urlTemplate":"https:\/\/www.upscience-labs.com\/?s={search_term_string}"},"query-input":{"@type":"PropertyValueSpecification","valueRequired":true,"valueName":"search_term_string"}}],"inLanguage":"vi"}]}},"_links":{"self":[{"href":"https:\/\/www.upscience-labs.com\/vn\/wp-json\/wp\/v2\/pages\/794","targetHints":{"allow":["GET"]}}],"collection":[{"href":"https:\/\/www.upscience-labs.com\/vn\/wp-json\/wp\/v2\/pages"}],"about":[{"href":"https:\/\/www.upscience-labs.com\/vn\/wp-json\/wp\/v2\/types\/page"}],"author":[{"embeddable":true,"href":"https:\/\/www.upscience-labs.com\/vn\/wp-json\/wp\/v2\/users\/22"}],"replies":[{"embeddable":true,"href":"https:\/\/www.upscience-labs.com\/vn\/wp-json\/wp\/v2\/comments?post=794"}],"version-history":[{"count":2,"href":"https:\/\/www.upscience-labs.com\/vn\/wp-json\/wp\/v2\/pages\/794\/revisions"}],"predecessor-version":[{"id":4051,"href":"https:\/\/www.upscience-labs.com\/vn\/wp-json\/wp\/v2\/pages\/794\/revisions\/4051"}],"up":[{"embeddable":true,"href":"https:\/\/www.upscience-labs.com\/vn\/wp-json\/wp\/v2\/pages\/791"}],"wp:featuredmedia":[{"embeddable":true,"href":"https:\/\/www.upscience-labs.com\/vn\/wp-json\/wp\/v2\/media\/995"}],"wp:attachment":[{"href":"https:\/\/www.upscience-labs.com\/vn\/wp-json\/wp\/v2\/media?parent=794"}],"curies":[{"name":"wp","href":"https:\/\/api.w.org\/{rel}","templated":true}]}}