{"id":793,"date":"2017-07-12T17:11:51","date_gmt":"2017-07-12T15:11:51","guid":{"rendered":"https:\/\/www.upscience-labs.com\/nganh-cong-nghiep\/nong-san\/"},"modified":"2021-03-25T14:40:15","modified_gmt":"2021-03-25T13:40:15","slug":"nong-san","status":"publish","type":"page","link":"https:\/\/www.upscience-labs.com\/vn\/nganh-cong-nghiep\/nong-san\/","title":{"rendered":"N\u00f4ng s\u1ea3n"},"content":{"rendered":"<div class=\"wpb-content-wrapper\"><p>[vc_row][vc_column][vc_column_text]Upscience l\u00e0 chuy\u00ean gia trong l\u0129nh v\u1ef1c ph\u00e2n t\u00edch th\u1ef1c ph\u1ea9m v\u00e0 c\u00f3 chuy\u00ean m\u00f4n trong ng\u00e0nh c\u00e1c h\u00f3a h\u1eefu c\u01a1, vi sinh. Ch\u00fang t\u00f4i c\u00f3 th\u1ec3 h\u1ed7 tr\u1ee3 qu\u00fd kh\u00e1ch trong vi\u1ec7c ki\u1ec3m so\u00e1t c\u00e1c nguy c\u01a1 cho s\u1ee9c kh\u1ecfe v\u00e0 d\u00e1n nh\u00e3n s\u1ea3n ph\u1ea9m :<\/p>\n<ul>\n<li>Qu\u1ea3n l\u00fd nguy c\u01a1 cho s\u1ea3n ph\u1ea9m c\u1ee7a qu\u00fd kh\u00e1ch li\u00ean quan \u0111\u1ebfn c\u00e1c quy \u0111\u1ecbnh v\u1ec1 ch\u1ea5t nhi\u1ec5m v\u00e0 t\u00e1c nh\u00e2n g\u00e2y b\u1ec7nh trong th\u1ef1c ph\u1ea9m nh\u1edd c\u00f3 Upscience.<\/li>\n<li>Qu\u1ea3n l\u00fd c\u00e1c kh\u00eda c\u1ea1nh ch\u00ednh c\u1ee7a vi\u1ec7c d\u00e1n nh\u00e3n nh\u01b0 l\u00e0 c\u00e1c tuy\u00ean b\u1ed1 v\u1ec1 dinh d\u01b0\u1ee1ng v\u00e0 gi\u00e1 tr\u1ecb dinh d\u01b0\u1ee1ng \u0111\u1ec3 \u0111\u1ea3m b\u1ea3o s\u1ea3n ph\u1ea9m c\u1ee7a kh\u00e1ch h\u00e0ng tu\u00e2n th\u1ee7 quy \u0111\u1ecbnh khi kh\u00e1ch h\u00e0ng \u0111\u01b0a ra chi\u1ebfn l\u01b0\u1ee3c truy\u1ec1n th\u00f4ng m\u00e0 m\u00ecnh thi\u1ebft l\u1eadp.<\/li>\n<li>C\u1ea3i thi\u1ec7n s\u1ea3n ph\u1ea9m c\u1ee7a qu\u00fd kh\u00e1ch v\u1edbi chuy\u00ean m\u00f4n ph\u00e2n t\u00edch c\u1ee7a Upscience. Ch\u00fang t\u00f4i gi\u00fap kh\u00e1ch h\u00e0ng hi\u1ec3u s\u00e2u s\u1eafc v\u1ec1 th\u00e0nh ph\u1ea7n s\u1ea3n ph\u1ea9m c\u1ee7a m\u00ecnh.<\/li>\n<\/ul>\n<p>[\/vc_column_text][\/vc_column][\/vc_row]<\/p>\n<\/div>","protected":false},"excerpt":{"rendered":"<p>[vc_row][vc_column][vc_column_text]Upscience l\u00e0 chuy\u00ean gia trong l\u0129nh v\u1ef1c ph\u00e2n t\u00edch th\u1ef1c ph\u1ea9m v\u00e0 c\u00f3 chuy\u00ean m\u00f4n trong ng\u00e0nh c\u00e1c h\u00f3a h\u1eefu c\u01a1, vi sinh. Ch\u00fang t\u00f4i c\u00f3 th\u1ec3 h\u1ed7 tr\u1ee3 qu\u00fd kh\u00e1ch trong vi\u1ec7c ki\u1ec3m so\u00e1t c\u00e1c nguy c\u01a1 cho s\u1ee9c kh\u1ecfe v\u00e0 d\u00e1n nh\u00e3n s\u1ea3n ph\u1ea9m : Qu\u1ea3n l\u00fd nguy c\u01a1 cho s\u1ea3n ph\u1ea9m c\u1ee7a &hellip; <\/p>\n<div class=\"vc_btn3-container vc_btn3-right\"><a class=\"vc_general vc_btn3 vc_btn3-size-xs vc_btn3-shape-round vc_btn3-color-bleu more-link\" href=\"https:\/\/www.upscience-labs.com\/vn\/nganh-cong-nghiep\/nong-san\/\">Read More<\/a><\/div>\n","protected":false},"author":22,"featured_media":991,"parent":791,"menu_order":410,"comment_status":"closed","ping_status":"closed","template":"template-interieur.php","meta":{"_acf_changed":false,"footnotes":""},"class_list":["post-793","page","type-page","status-publish","has-post-thumbnail","hentry"],"acf":[],"yoast_head":"<!-- This site is optimized with the Yoast SEO plugin v27.4 - https:\/\/yoast.com\/product\/yoast-seo-wordpress\/ -->\n<title>N\u00f4ng s\u1ea3n - Upscience<\/title>\n<meta name=\"description\" content=\"Upscience l\u00e0 chuy\u00ean gia trong l\u0129nh v\u1ef1c ph\u00e2n t\u00edch th\u1ef1c ph\u1ea9m v\u00e0 c\u00f3 chuy\u00ean m\u00f4n trong ng\u00e0nh c\u00e1c h\u00f3a h\u1eefu c\u01a1, vi sinh.\" \/>\n<meta name=\"robots\" content=\"index, follow, max-snippet:-1, max-image-preview:large, max-video-preview:-1\" \/>\n<link rel=\"canonical\" href=\"https:\/\/www.upscience-labs.com\/vn\/nganh-cong-nghiep\/nong-san\/\" \/>\n<meta property=\"og:locale\" content=\"vi_VN\" \/>\n<meta property=\"og:type\" content=\"article\" \/>\n<meta property=\"og:title\" content=\"N\u00f4ng s\u1ea3n - Upscience\" \/>\n<meta property=\"og:description\" content=\"Upscience l\u00e0 chuy\u00ean gia trong l\u0129nh v\u1ef1c ph\u00e2n t\u00edch th\u1ef1c ph\u1ea9m v\u00e0 c\u00f3 chuy\u00ean m\u00f4n trong ng\u00e0nh c\u00e1c h\u00f3a h\u1eefu c\u01a1, vi sinh.\" \/>\n<meta property=\"og:url\" content=\"https:\/\/www.upscience-labs.com\/vn\/nganh-cong-nghiep\/nong-san\/\" \/>\n<meta property=\"og:site_name\" content=\"Upscience\" \/>\n<meta property=\"article:modified_time\" content=\"2021-03-25T13:40:15+00:00\" \/>\n<meta property=\"og:image\" content=\"https:\/\/www.upscience-labs.com\/wp-content\/uploads\/2017\/06\/food-1920-600.jpg\" \/>\n\t<meta property=\"og:image:width\" content=\"1920\" \/>\n\t<meta property=\"og:image:height\" content=\"600\" \/>\n\t<meta property=\"og:image:type\" content=\"image\/jpeg\" \/>\n<meta name=\"twitter:card\" content=\"summary_large_image\" \/>\n<meta name=\"twitter:label1\" content=\"\u01af\u1edbc t\u00ednh th\u1eddi gian \u0111\u1ecdc\" \/>\n\t<meta name=\"twitter:data1\" content=\"1 ph\u00fat\" \/>\n<script type=\"application\/ld+json\" class=\"yoast-schema-graph\">{\"@context\":\"https:\\\/\\\/schema.org\",\"@graph\":[{\"@type\":\"WebPage\",\"@id\":\"https:\\\/\\\/www.upscience-labs.com\\\/vn\\\/nganh-cong-nghiep\\\/nong-san\\\/\",\"url\":\"https:\\\/\\\/www.upscience-labs.com\\\/vn\\\/nganh-cong-nghiep\\\/nong-san\\\/\",\"name\":\"N\u00f4ng s\u1ea3n - Upscience\",\"isPartOf\":{\"@id\":\"https:\\\/\\\/www.upscience-labs.com\\\/#website\"},\"primaryImageOfPage\":{\"@id\":\"https:\\\/\\\/www.upscience-labs.com\\\/vn\\\/nganh-cong-nghiep\\\/nong-san\\\/#primaryimage\"},\"image\":{\"@id\":\"https:\\\/\\\/www.upscience-labs.com\\\/vn\\\/nganh-cong-nghiep\\\/nong-san\\\/#primaryimage\"},\"thumbnailUrl\":\"https:\\\/\\\/www.upscience-labs.com\\\/wp-content\\\/uploads\\\/2017\\\/06\\\/food-1920-600.jpg\",\"datePublished\":\"2017-07-12T15:11:51+00:00\",\"dateModified\":\"2021-03-25T13:40:15+00:00\",\"description\":\"Upscience l\u00e0 chuy\u00ean gia trong l\u0129nh v\u1ef1c ph\u00e2n t\u00edch th\u1ef1c ph\u1ea9m v\u00e0 c\u00f3 chuy\u00ean m\u00f4n trong ng\u00e0nh c\u00e1c h\u00f3a h\u1eefu c\u01a1, vi sinh.\",\"breadcrumb\":{\"@id\":\"https:\\\/\\\/www.upscience-labs.com\\\/vn\\\/nganh-cong-nghiep\\\/nong-san\\\/#breadcrumb\"},\"inLanguage\":\"vi\",\"potentialAction\":[{\"@type\":\"ReadAction\",\"target\":[\"https:\\\/\\\/www.upscience-labs.com\\\/vn\\\/nganh-cong-nghiep\\\/nong-san\\\/\"]}]},{\"@type\":\"ImageObject\",\"inLanguage\":\"vi\",\"@id\":\"https:\\\/\\\/www.upscience-labs.com\\\/vn\\\/nganh-cong-nghiep\\\/nong-san\\\/#primaryimage\",\"url\":\"https:\\\/\\\/www.upscience-labs.com\\\/wp-content\\\/uploads\\\/2017\\\/06\\\/food-1920-600.jpg\",\"contentUrl\":\"https:\\\/\\\/www.upscience-labs.com\\\/wp-content\\\/uploads\\\/2017\\\/06\\\/food-1920-600.jpg\",\"width\":1920,\"height\":600},{\"@type\":\"BreadcrumbList\",\"@id\":\"https:\\\/\\\/www.upscience-labs.com\\\/vn\\\/nganh-cong-nghiep\\\/nong-san\\\/#breadcrumb\",\"itemListElement\":[{\"@type\":\"ListItem\",\"position\":1,\"name\":\"Home\",\"item\":\"https:\\\/\\\/www.upscience-labs.com\\\/vn\\\/\"},{\"@type\":\"ListItem\",\"position\":2,\"name\":\"C\u00d4NG NGHI\u1ec6P\",\"item\":\"https:\\\/\\\/www.upscience-labs.com\\\/vn\\\/?page_id=791\"},{\"@type\":\"ListItem\",\"position\":3,\"name\":\"N\u00f4ng s\u1ea3n\"}]},{\"@type\":\"WebSite\",\"@id\":\"https:\\\/\\\/www.upscience-labs.com\\\/#website\",\"url\":\"https:\\\/\\\/www.upscience-labs.com\\\/\",\"name\":\"Upscience\",\"description\":\"Labs Solutions\",\"potentialAction\":[{\"@type\":\"SearchAction\",\"target\":{\"@type\":\"EntryPoint\",\"urlTemplate\":\"https:\\\/\\\/www.upscience-labs.com\\\/?s={search_term_string}\"},\"query-input\":{\"@type\":\"PropertyValueSpecification\",\"valueRequired\":true,\"valueName\":\"search_term_string\"}}],\"inLanguage\":\"vi\"}]}<\/script>\n<!-- \/ Yoast SEO plugin. -->","yoast_head_json":{"title":"N\u00f4ng s\u1ea3n - Upscience","description":"Upscience l\u00e0 chuy\u00ean gia trong l\u0129nh v\u1ef1c ph\u00e2n t\u00edch th\u1ef1c ph\u1ea9m v\u00e0 c\u00f3 chuy\u00ean m\u00f4n trong ng\u00e0nh c\u00e1c h\u00f3a h\u1eefu c\u01a1, vi sinh.","robots":{"index":"index","follow":"follow","max-snippet":"max-snippet:-1","max-image-preview":"max-image-preview:large","max-video-preview":"max-video-preview:-1"},"canonical":"https:\/\/www.upscience-labs.com\/vn\/nganh-cong-nghiep\/nong-san\/","og_locale":"vi_VN","og_type":"article","og_title":"N\u00f4ng s\u1ea3n - Upscience","og_description":"Upscience l\u00e0 chuy\u00ean gia trong l\u0129nh v\u1ef1c ph\u00e2n t\u00edch th\u1ef1c ph\u1ea9m v\u00e0 c\u00f3 chuy\u00ean m\u00f4n trong ng\u00e0nh c\u00e1c h\u00f3a h\u1eefu c\u01a1, vi sinh.","og_url":"https:\/\/www.upscience-labs.com\/vn\/nganh-cong-nghiep\/nong-san\/","og_site_name":"Upscience","article_modified_time":"2021-03-25T13:40:15+00:00","og_image":[{"width":1920,"height":600,"url":"https:\/\/www.upscience-labs.com\/wp-content\/uploads\/2017\/06\/food-1920-600.jpg","type":"image\/jpeg"}],"twitter_card":"summary_large_image","twitter_misc":{"\u01af\u1edbc t\u00ednh th\u1eddi gian \u0111\u1ecdc":"1 ph\u00fat"},"schema":{"@context":"https:\/\/schema.org","@graph":[{"@type":"WebPage","@id":"https:\/\/www.upscience-labs.com\/vn\/nganh-cong-nghiep\/nong-san\/","url":"https:\/\/www.upscience-labs.com\/vn\/nganh-cong-nghiep\/nong-san\/","name":"N\u00f4ng s\u1ea3n - Upscience","isPartOf":{"@id":"https:\/\/www.upscience-labs.com\/#website"},"primaryImageOfPage":{"@id":"https:\/\/www.upscience-labs.com\/vn\/nganh-cong-nghiep\/nong-san\/#primaryimage"},"image":{"@id":"https:\/\/www.upscience-labs.com\/vn\/nganh-cong-nghiep\/nong-san\/#primaryimage"},"thumbnailUrl":"https:\/\/www.upscience-labs.com\/wp-content\/uploads\/2017\/06\/food-1920-600.jpg","datePublished":"2017-07-12T15:11:51+00:00","dateModified":"2021-03-25T13:40:15+00:00","description":"Upscience l\u00e0 chuy\u00ean gia trong l\u0129nh v\u1ef1c ph\u00e2n t\u00edch th\u1ef1c ph\u1ea9m v\u00e0 c\u00f3 chuy\u00ean m\u00f4n trong ng\u00e0nh c\u00e1c h\u00f3a h\u1eefu c\u01a1, vi sinh.","breadcrumb":{"@id":"https:\/\/www.upscience-labs.com\/vn\/nganh-cong-nghiep\/nong-san\/#breadcrumb"},"inLanguage":"vi","potentialAction":[{"@type":"ReadAction","target":["https:\/\/www.upscience-labs.com\/vn\/nganh-cong-nghiep\/nong-san\/"]}]},{"@type":"ImageObject","inLanguage":"vi","@id":"https:\/\/www.upscience-labs.com\/vn\/nganh-cong-nghiep\/nong-san\/#primaryimage","url":"https:\/\/www.upscience-labs.com\/wp-content\/uploads\/2017\/06\/food-1920-600.jpg","contentUrl":"https:\/\/www.upscience-labs.com\/wp-content\/uploads\/2017\/06\/food-1920-600.jpg","width":1920,"height":600},{"@type":"BreadcrumbList","@id":"https:\/\/www.upscience-labs.com\/vn\/nganh-cong-nghiep\/nong-san\/#breadcrumb","itemListElement":[{"@type":"ListItem","position":1,"name":"Home","item":"https:\/\/www.upscience-labs.com\/vn\/"},{"@type":"ListItem","position":2,"name":"C\u00d4NG NGHI\u1ec6P","item":"https:\/\/www.upscience-labs.com\/vn\/?page_id=791"},{"@type":"ListItem","position":3,"name":"N\u00f4ng s\u1ea3n"}]},{"@type":"WebSite","@id":"https:\/\/www.upscience-labs.com\/#website","url":"https:\/\/www.upscience-labs.com\/","name":"Upscience","description":"Labs Solutions","potentialAction":[{"@type":"SearchAction","target":{"@type":"EntryPoint","urlTemplate":"https:\/\/www.upscience-labs.com\/?s={search_term_string}"},"query-input":{"@type":"PropertyValueSpecification","valueRequired":true,"valueName":"search_term_string"}}],"inLanguage":"vi"}]}},"_links":{"self":[{"href":"https:\/\/www.upscience-labs.com\/vn\/wp-json\/wp\/v2\/pages\/793","targetHints":{"allow":["GET"]}}],"collection":[{"href":"https:\/\/www.upscience-labs.com\/vn\/wp-json\/wp\/v2\/pages"}],"about":[{"href":"https:\/\/www.upscience-labs.com\/vn\/wp-json\/wp\/v2\/types\/page"}],"author":[{"embeddable":true,"href":"https:\/\/www.upscience-labs.com\/vn\/wp-json\/wp\/v2\/users\/22"}],"replies":[{"embeddable":true,"href":"https:\/\/www.upscience-labs.com\/vn\/wp-json\/wp\/v2\/comments?post=793"}],"version-history":[{"count":2,"href":"https:\/\/www.upscience-labs.com\/vn\/wp-json\/wp\/v2\/pages\/793\/revisions"}],"predecessor-version":[{"id":4049,"href":"https:\/\/www.upscience-labs.com\/vn\/wp-json\/wp\/v2\/pages\/793\/revisions\/4049"}],"up":[{"embeddable":true,"href":"https:\/\/www.upscience-labs.com\/vn\/wp-json\/wp\/v2\/pages\/791"}],"wp:featuredmedia":[{"embeddable":true,"href":"https:\/\/www.upscience-labs.com\/vn\/wp-json\/wp\/v2\/media\/991"}],"wp:attachment":[{"href":"https:\/\/www.upscience-labs.com\/vn\/wp-json\/wp\/v2\/media?parent=793"}],"curies":[{"name":"wp","href":"https:\/\/api.w.org\/{rel}","templated":true}]}}