{"id":783,"date":"2017-07-12T17:07:21","date_gmt":"2017-07-12T15:07:21","guid":{"rendered":"https:\/\/www.upscience-labs.com\/cac-hoat-dong\/vi-sinh\/"},"modified":"2021-03-25T11:50:14","modified_gmt":"2021-03-25T10:50:14","slug":"vi-sinh","status":"publish","type":"page","link":"https:\/\/www.upscience-labs.com\/vn\/cac-hoat-dong\/vi-sinh\/","title":{"rendered":"Ph\u00e2n t\u00edch vi sinh"},"content":{"rendered":"<div class=\"wpb-content-wrapper\"><p>[vc_row][vc_column][vc_column_text]<\/p>\n<h2>T\u1ea1i sao n\u00f3 l\u1ea1i quan tr\u1ecdng?<\/h2>\n<p>T\u1ea5t c\u1ea3 th\u1ef1c ph\u1ea9m c\u00f3 th\u1ec3 b\u1ecb nhi\u1ec5m b\u1ea9n b\u1edfi c\u00e1c vi sinh v\u1eadt g\u00e2y b\u1ec7nh trong qu\u00e1 tr\u00ecnh s\u00e0n xu\u1ea5t ho\u1eb7c khi b\u1ea3o qu\u1ea3n. M\u1ed9t s\u1ed1 t\u00e1c nh\u00e2n g\u00e2y b\u1ec7nh l\u00e0 truy\u1ec1n nhi\u1ec5m v\u00e0 m\u1ed9t s\u1ed1 s\u1ea3n sinh ra \u0111\u1ed9c ch\u1ea5t m\u00e0 \u0111\u1ed9c ch\u1ea5t n\u00e0y v\u1eabn c\u00f2n trong s\u1ea3n ph\u1ea9m d\u00f9 \u0111\u00e3 \u0111\u01b0\u1ee3c x\u1eed l\u00fd nhi\u1ec7t.<\/p>\n<p>T\u1ea1i Ch\u00e2u \u00c2u, quy dinh chung (EC) S\u1ed1 2073\/2005 x\u00e1c \u0111\u1ecbnh c\u00e1c ti\u00eau chu\u1ea9n cho t\u00ednh an to\u00e0n vi sinh c\u1ee7a th\u1ef1c ph\u1ea9m v\u00e0 y\u00eau c\u1ea7u v\u1ec1 v\u1ec7 sinh trong chu\u1ed7i s\u1ea3n xu\u1ea5t. Quy \u0111\u1ecbnh y\u00eau c\u1ea7u x\u00e9t nghi\u1ec7m vi sinh l\u00e0 b\u1eaft bu\u1ed9c \u0111\u1ed1i v\u1edbi \u0111a s\u1ed1 c\u00e1c m\u00e1y x\u1eed l\u00fd th\u1ecbt v\u00e0 nh\u1ea5n m\u1ea1nh r\u1eb1ng x\u00e9t nghi\u1ec7m vi sinh c\u1ea7n \u0111\u01b0\u1ee3c l\u1ed3ng gh\u1ebfp v\u00e0o quy tr\u00ecnh ch\u1ea5t l\u01b0\u1ee3ng chung c\u1ee7a nh\u00e0 s\u1ea3n xu\u1ea5t th\u1ef1c ph\u1ea9m b\u1eb1ng c\u00e1ch \u0111\u1eb7t ra c\u00e1c k\u1ebf ho\u1ea1ch s\u1ea3n xu\u1ea5t ph\u00f9 h\u1ee3p. T\u1ea1i Vi\u1ec7t Nam, quy \u0111\u1ecbnh v\u1ec1 an to\u00e0n vi sinh \u0111\u1ed1i v\u1edbi c\u00e1c s\u1ea3n ph\u1ea9m th\u1ef1c ph\u1ea9m \u0111\u01b0\u1ee3c m\u00f4 t\u1ea3 trong quy \u0111\u1ecbnh QCVN 8-3:2011\/BYT<br \/>\nTrong ng\u00e0nh c\u00f4ng nghi\u1ec7p ch\u0103n nu\u00f4i, tu\u00e2n th\u1ee7 v\u1edbi th\u01b0\u0323c ha\u0300nh sa\u0309n xu\u00e2\u0301t t\u00f4\u0301t (GMP) \u0111\u00e3 tr\u1edf th\u00e0nh m\u1ed9t chu\u1ea9n m\u1ef1c \u1edf nhi\u1ec1u qu\u1ed1c gia. G\u1ea7n \u0111\u00e2y h\u01a1n, GMP + khu\u00f4n kh\u1ed5 FSA (\u0111\u1ea3m b\u1ea3o an to\u00e0n ch\u0103n nu\u00f4i), \u0111\u01b0\u1ee3c ph\u00e1t tri\u1ec3n \u0111\u1ec3 \u0111\u1ed1i ph\u00f3 v\u1edbi nhi\u1ec1u v\u1ea5n \u0111\u1ec1 v\u1ec1 vi sinh, \u0111\u00e3 \u0111\u01b0\u1ee3c th\u1ef1c hi\u1ec7n ng\u00e0y c\u00e0ng nhi\u1ec1u trong ng\u00e0nh c\u00f4ng nghi\u1ec7p. Khu\u00f4n kh\u1ed5 n\u00e0y bao g\u1ed3m k\u1ebf ho\u1ea1ch ki\u1ec3m so\u00e1t vi sinh \u0111\u1ed1i v\u1edbi v\u1eadt li\u1ec7u th\u00f4 v\u00e0 th\u00e0nh ph\u1ea9m.<\/p>\n<h2>Upscience c\u00f3 th\u1ec3 gi\u00fap b\u1ea1n nh\u01b0 th\u1ebf n\u00e0o?<\/h2>\n<p>Upscience l\u00e0 ng\u01b0\u1eddi b\u1ea1n \u0111\u1ed3ng h\u00e0nh gi\u00fap kh\u00e1ch h\u00e0ng qu\u1ea3n l\u00fd r\u1ee7i ro vi sinh. Ch\u00fang t\u00f4i \u0111\u00e3 ph\u00e1t tri\u1ec3n ph\u01b0\u01a1ng ph\u00e1p ph\u00e2n t\u00edch vi sinh nhanh d\u1ef1a v\u00e0o ph\u1ea3n \u1ee9ng chu\u1ed7i polymerase (PCR) \u0111\u1ec3 \u0111\u1ecbnh danh v\u00e0 \u0111\u1ecbnh l\u01b0\u1ee3ng t\u00e1c nh\u00e2n g\u00e2y b\u1ec7nh nhanh ch\u00f3ng, nh\u1eb1m t\u0103ng c\u01b0\u1eddng s\u1ef1 linh ho\u1ea1t cho kh\u00e1ch h\u00e0ng v\u00e0 t\u1ea1o thu\u1eadn l\u1ee3i cho kh\u00e1ch h\u00e0ng ra quy\u1ebft \u0111\u1ecbnh. \u0110\u1ed9i ng\u0169 c\u1ee7a ch\u00fang t\u00f4i c\u0169ng c\u00f3 th\u1ec3 gi\u00fap kh\u00e1ch h\u00e0ng th\u1ef1c hi\u1ec7n k\u1ebf ho\u1ea1ch ki\u1ec3m so\u00e1t t\u1ea1i \u0111\u1ecba \u0111i\u1ec3m s\u1ea3n xu\u1ea5t c\u1ee7a kh\u00e1ch h\u00e0ng.[\/vc_column_text][\/vc_column][\/vc_row][vc_row][vc_column]<div id=\"contactform\" class=\"fondw-bleu\" >\r\n\t\t\t\t\t\t<div class=\"wrap container\">\r\n\t\t\t\t\t\t\t<div class=\"row\">\t \r\n\t\t\t\t\t\t\t\t<div class=\"col-md-6\">\r\n\t\t\t\t\t\t\t\t\t<div class=\"vc_btn3-container vc_btn3-center\">\r\n\t\t\t\t\t\t\t\t\t\t<div class=\"vc_general vc_btn3 vc_btn3-size-lg vc_btn3-shape-round vc_btn3-style-classic vc_btn3-block vc_btn3-color-bleu\"><a href=\"https:\/\/www.upscience-labs.com\/vn\/lien-he\/\"   >G\u1eedi y\u00eau c\u1ea7u cho ch\u00fang t\u00f4i\r\n  <\/a>\r\n\t\t\t\t\t\t\t\t\t\t<\/div>\r\n\t\t\t\t\t\t\t\t\t<\/div>\r\n\t\t\t\t\t\t\t\t<\/div><div class=\"col-md-6\">\r\n\t\t\t\t\t\t\t\t\t<div class=\"vc_btn3-container vc_btn3-center\">\r\n\t\t\t\t\t\t\t\t\t\t<div class=\"vc_general vc_btn3 vc_btn3-size-lg vc_btn3-shape-round vc_btn3-style-classic vc_btn3-block vc_btn3-color-bleu\">\r\n\t\t\t\t\t\t\t\t\t\t\t<span  class=\"phonenum\" itemprop=\"telephone\" id=\"clickToShow\"><a href=\"tel:(+84) 274 371 4930\">(+84) 274 371 4930<\/a>\r\n\t\t\t\t\t\t\t\t\t\t\t<\/span>\r\n\t\t\t\t\t\t\t\t\t\t<\/div>\r\n\t\t\t\t\t\t\t\t\t<\/div>\r\n\t\t\t\t\t\t\t\t<\/div>\r\n\t\t\t\t\t<script>\r\n\t\t\t\t\t\tjQuery(document).ready(function($) {\r\n\t\t\t\t\t\t\tvar shortNumber = $(\"#clickToShow\").text().substring(0,  $(\"#clickToShow\").text().length - 8);\r\n\t\t\t\t\t\t\tvar eventTracking = \"ga('send', 'event', 'call', 'call', 'phone NUM');\";\r\n\t\t\t\t\t\t\t$(\"#clickToShow\").hide().after('<span   id=\"clickToShowButton\" onClick=\" ' + eventTracking + ' \" >  <i class=\"icon-phone\"> <\/i> H\u1ed6 TR\u1ee2 KH\u00c1CH H\u00c0NG  <\/span >');\r\n\t\t\t\t\t\t\t$(\"#clickToShowButton\").click(function() {\r\n\t\t\t\t\t\t\t\t$(\"#clickToShow\").show();\r\n\t\t\t\t\t\t\t\t$(\"#clickToShowButton\").hide();\r\n\t\t\t\t\t\t\t});\r\n\t\t\t\t\t\t});\r\n\t\t\t\t\t<\/script><div>\t\t\t\t\t \r\n\t\t\t\t\t\t<\/div>\r\n\t\t\t\t\t<\/div>[\/vc_column][\/vc_row]<\/p>\n<\/div>","protected":false},"excerpt":{"rendered":"<p>[vc_row][vc_column][vc_column_text] T\u1ea1i sao n\u00f3 l\u1ea1i quan tr\u1ecdng? T\u1ea5t c\u1ea3 th\u1ef1c ph\u1ea9m c\u00f3 th\u1ec3 b\u1ecb nhi\u1ec5m b\u1ea9n b\u1edfi c\u00e1c vi sinh v\u1eadt g\u00e2y b\u1ec7nh trong qu\u00e1 tr\u00ecnh s\u00e0n xu\u1ea5t ho\u1eb7c khi b\u1ea3o qu\u1ea3n. M\u1ed9t s\u1ed1 t\u00e1c nh\u00e2n g\u00e2y b\u1ec7nh l\u00e0 truy\u1ec1n nhi\u1ec5m v\u00e0 m\u1ed9t s\u1ed1 s\u1ea3n sinh ra \u0111\u1ed9c ch\u1ea5t m\u00e0 \u0111\u1ed9c ch\u1ea5t n\u00e0y v\u1eabn c\u00f2n &hellip; <\/p>\n<div class=\"vc_btn3-container vc_btn3-right\"><a class=\"vc_general vc_btn3 vc_btn3-size-xs vc_btn3-shape-round vc_btn3-color-bleu more-link\" href=\"https:\/\/www.upscience-labs.com\/vn\/cac-hoat-dong\/vi-sinh\/\">Read More<\/a><\/div>\n","protected":false},"author":22,"featured_media":1298,"parent":753,"menu_order":270,"comment_status":"closed","ping_status":"closed","template":"template-interieur.php","meta":{"_acf_changed":false,"footnotes":""},"class_list":["post-783","page","type-page","status-publish","has-post-thumbnail","hentry"],"acf":[],"yoast_head":"<!-- This site is optimized with the Yoast SEO plugin v27.4 - https:\/\/yoast.com\/product\/yoast-seo-wordpress\/ -->\n<title>Ph\u00e2n t\u00edch vi sinh - Upscience<\/title>\n<meta name=\"description\" content=\"Ch\u00fang t\u00f4i \u0111\u00e3 ph\u00e1t tri\u1ec3n ph\u01b0\u01a1ng ph\u00e1p ph\u00e2n t\u00edch vi sinh nhanh d\u1ef1a v\u00e0o ph\u1ea3n \u1ee9ng chu\u1ed7i polymerase (PCR) \u0111\u1ec3 \u0111\u1ecbnh danh v\u00e0 \u0111\u1ecbnh l\u01b0\u1ee3ng t\u00e1c nh\u00e2n g\u00e2y b\u1ec7nh nhanh ch\u00f3ng\" \/>\n<meta name=\"robots\" content=\"index, follow, max-snippet:-1, max-image-preview:large, max-video-preview:-1\" \/>\n<link rel=\"canonical\" href=\"https:\/\/www.upscience-labs.com\/vn\/cac-hoat-dong\/vi-sinh\/\" \/>\n<meta property=\"og:locale\" content=\"vi_VN\" \/>\n<meta property=\"og:type\" content=\"article\" \/>\n<meta property=\"og:title\" content=\"Ph\u00e2n t\u00edch vi sinh - Upscience\" \/>\n<meta property=\"og:description\" content=\"Ch\u00fang t\u00f4i \u0111\u00e3 ph\u00e1t tri\u1ec3n ph\u01b0\u01a1ng ph\u00e1p ph\u00e2n t\u00edch vi sinh nhanh d\u1ef1a v\u00e0o ph\u1ea3n \u1ee9ng chu\u1ed7i polymerase (PCR) \u0111\u1ec3 \u0111\u1ecbnh danh v\u00e0 \u0111\u1ecbnh l\u01b0\u1ee3ng t\u00e1c nh\u00e2n g\u00e2y b\u1ec7nh nhanh ch\u00f3ng\" \/>\n<meta property=\"og:url\" content=\"https:\/\/www.upscience-labs.com\/vn\/cac-hoat-dong\/vi-sinh\/\" \/>\n<meta property=\"og:site_name\" content=\"Upscience\" \/>\n<meta property=\"article:modified_time\" content=\"2021-03-25T10:50:14+00:00\" \/>\n<meta property=\"og:image\" content=\"https:\/\/www.upscience-labs.com\/wp-content\/uploads\/2017\/06\/Species-identification.jpg\" \/>\n\t<meta property=\"og:image:width\" content=\"890\" \/>\n\t<meta property=\"og:image:height\" content=\"324\" \/>\n\t<meta property=\"og:image:type\" content=\"image\/jpeg\" \/>\n<meta name=\"twitter:card\" content=\"summary_large_image\" \/>\n<meta name=\"twitter:label1\" content=\"\u01af\u1edbc t\u00ednh th\u1eddi gian \u0111\u1ecdc\" \/>\n\t<meta name=\"twitter:data1\" content=\"2 ph\u00fat\" \/>\n<script type=\"application\/ld+json\" class=\"yoast-schema-graph\">{\"@context\":\"https:\\\/\\\/schema.org\",\"@graph\":[{\"@type\":\"WebPage\",\"@id\":\"https:\\\/\\\/www.upscience-labs.com\\\/vn\\\/cac-hoat-dong\\\/vi-sinh\\\/\",\"url\":\"https:\\\/\\\/www.upscience-labs.com\\\/vn\\\/cac-hoat-dong\\\/vi-sinh\\\/\",\"name\":\"Ph\u00e2n t\u00edch vi sinh - Upscience\",\"isPartOf\":{\"@id\":\"https:\\\/\\\/www.upscience-labs.com\\\/#website\"},\"primaryImageOfPage\":{\"@id\":\"https:\\\/\\\/www.upscience-labs.com\\\/vn\\\/cac-hoat-dong\\\/vi-sinh\\\/#primaryimage\"},\"image\":{\"@id\":\"https:\\\/\\\/www.upscience-labs.com\\\/vn\\\/cac-hoat-dong\\\/vi-sinh\\\/#primaryimage\"},\"thumbnailUrl\":\"https:\\\/\\\/www.upscience-labs.com\\\/wp-content\\\/uploads\\\/2017\\\/06\\\/Species-identification.jpg\",\"datePublished\":\"2017-07-12T15:07:21+00:00\",\"dateModified\":\"2021-03-25T10:50:14+00:00\",\"description\":\"Ch\u00fang t\u00f4i \u0111\u00e3 ph\u00e1t tri\u1ec3n ph\u01b0\u01a1ng ph\u00e1p ph\u00e2n t\u00edch vi sinh nhanh d\u1ef1a v\u00e0o ph\u1ea3n \u1ee9ng chu\u1ed7i polymerase (PCR) \u0111\u1ec3 \u0111\u1ecbnh danh v\u00e0 \u0111\u1ecbnh l\u01b0\u1ee3ng t\u00e1c nh\u00e2n g\u00e2y b\u1ec7nh nhanh ch\u00f3ng\",\"breadcrumb\":{\"@id\":\"https:\\\/\\\/www.upscience-labs.com\\\/vn\\\/cac-hoat-dong\\\/vi-sinh\\\/#breadcrumb\"},\"inLanguage\":\"vi\",\"potentialAction\":[{\"@type\":\"ReadAction\",\"target\":[\"https:\\\/\\\/www.upscience-labs.com\\\/vn\\\/cac-hoat-dong\\\/vi-sinh\\\/\"]}]},{\"@type\":\"ImageObject\",\"inLanguage\":\"vi\",\"@id\":\"https:\\\/\\\/www.upscience-labs.com\\\/vn\\\/cac-hoat-dong\\\/vi-sinh\\\/#primaryimage\",\"url\":\"https:\\\/\\\/www.upscience-labs.com\\\/wp-content\\\/uploads\\\/2017\\\/06\\\/Species-identification.jpg\",\"contentUrl\":\"https:\\\/\\\/www.upscience-labs.com\\\/wp-content\\\/uploads\\\/2017\\\/06\\\/Species-identification.jpg\",\"width\":890,\"height\":324,\"caption\":\"Scientist or researcher or phd student put dna samples into pcr for analysis in a biotechnology laboratory\"},{\"@type\":\"BreadcrumbList\",\"@id\":\"https:\\\/\\\/www.upscience-labs.com\\\/vn\\\/cac-hoat-dong\\\/vi-sinh\\\/#breadcrumb\",\"itemListElement\":[{\"@type\":\"ListItem\",\"position\":1,\"name\":\"Home\",\"item\":\"https:\\\/\\\/www.upscience-labs.com\\\/vn\\\/\"},{\"@type\":\"ListItem\",\"position\":2,\"name\":\"D\u1ecaCH V\u1ee4 PH\u00c2N T\u00cdCH UPSCIENCE VI\u1ec6T NAM\",\"item\":\"https:\\\/\\\/www.upscience-labs.com\\\/vn\\\/cac-hoat-dong\\\/\"},{\"@type\":\"ListItem\",\"position\":3,\"name\":\"Ph\u00e2n t\u00edch vi sinh\"}]},{\"@type\":\"WebSite\",\"@id\":\"https:\\\/\\\/www.upscience-labs.com\\\/#website\",\"url\":\"https:\\\/\\\/www.upscience-labs.com\\\/\",\"name\":\"Upscience\",\"description\":\"Labs Solutions\",\"potentialAction\":[{\"@type\":\"SearchAction\",\"target\":{\"@type\":\"EntryPoint\",\"urlTemplate\":\"https:\\\/\\\/www.upscience-labs.com\\\/?s={search_term_string}\"},\"query-input\":{\"@type\":\"PropertyValueSpecification\",\"valueRequired\":true,\"valueName\":\"search_term_string\"}}],\"inLanguage\":\"vi\"}]}<\/script>\n<!-- \/ Yoast SEO plugin. -->","yoast_head_json":{"title":"Ph\u00e2n t\u00edch vi sinh - Upscience","description":"Ch\u00fang t\u00f4i \u0111\u00e3 ph\u00e1t tri\u1ec3n ph\u01b0\u01a1ng ph\u00e1p ph\u00e2n t\u00edch vi sinh nhanh d\u1ef1a v\u00e0o ph\u1ea3n \u1ee9ng chu\u1ed7i polymerase (PCR) \u0111\u1ec3 \u0111\u1ecbnh danh v\u00e0 \u0111\u1ecbnh l\u01b0\u1ee3ng t\u00e1c nh\u00e2n g\u00e2y b\u1ec7nh nhanh ch\u00f3ng","robots":{"index":"index","follow":"follow","max-snippet":"max-snippet:-1","max-image-preview":"max-image-preview:large","max-video-preview":"max-video-preview:-1"},"canonical":"https:\/\/www.upscience-labs.com\/vn\/cac-hoat-dong\/vi-sinh\/","og_locale":"vi_VN","og_type":"article","og_title":"Ph\u00e2n t\u00edch vi sinh - Upscience","og_description":"Ch\u00fang t\u00f4i \u0111\u00e3 ph\u00e1t tri\u1ec3n ph\u01b0\u01a1ng ph\u00e1p ph\u00e2n t\u00edch vi sinh nhanh d\u1ef1a v\u00e0o ph\u1ea3n \u1ee9ng chu\u1ed7i polymerase (PCR) \u0111\u1ec3 \u0111\u1ecbnh danh v\u00e0 \u0111\u1ecbnh l\u01b0\u1ee3ng t\u00e1c nh\u00e2n g\u00e2y b\u1ec7nh nhanh ch\u00f3ng","og_url":"https:\/\/www.upscience-labs.com\/vn\/cac-hoat-dong\/vi-sinh\/","og_site_name":"Upscience","article_modified_time":"2021-03-25T10:50:14+00:00","og_image":[{"width":890,"height":324,"url":"https:\/\/www.upscience-labs.com\/wp-content\/uploads\/2017\/06\/Species-identification.jpg","type":"image\/jpeg"}],"twitter_card":"summary_large_image","twitter_misc":{"\u01af\u1edbc t\u00ednh th\u1eddi gian \u0111\u1ecdc":"2 ph\u00fat"},"schema":{"@context":"https:\/\/schema.org","@graph":[{"@type":"WebPage","@id":"https:\/\/www.upscience-labs.com\/vn\/cac-hoat-dong\/vi-sinh\/","url":"https:\/\/www.upscience-labs.com\/vn\/cac-hoat-dong\/vi-sinh\/","name":"Ph\u00e2n t\u00edch vi sinh - Upscience","isPartOf":{"@id":"https:\/\/www.upscience-labs.com\/#website"},"primaryImageOfPage":{"@id":"https:\/\/www.upscience-labs.com\/vn\/cac-hoat-dong\/vi-sinh\/#primaryimage"},"image":{"@id":"https:\/\/www.upscience-labs.com\/vn\/cac-hoat-dong\/vi-sinh\/#primaryimage"},"thumbnailUrl":"https:\/\/www.upscience-labs.com\/wp-content\/uploads\/2017\/06\/Species-identification.jpg","datePublished":"2017-07-12T15:07:21+00:00","dateModified":"2021-03-25T10:50:14+00:00","description":"Ch\u00fang t\u00f4i \u0111\u00e3 ph\u00e1t tri\u1ec3n ph\u01b0\u01a1ng ph\u00e1p ph\u00e2n t\u00edch vi sinh nhanh d\u1ef1a v\u00e0o ph\u1ea3n \u1ee9ng chu\u1ed7i polymerase (PCR) \u0111\u1ec3 \u0111\u1ecbnh danh v\u00e0 \u0111\u1ecbnh l\u01b0\u1ee3ng t\u00e1c nh\u00e2n g\u00e2y b\u1ec7nh nhanh ch\u00f3ng","breadcrumb":{"@id":"https:\/\/www.upscience-labs.com\/vn\/cac-hoat-dong\/vi-sinh\/#breadcrumb"},"inLanguage":"vi","potentialAction":[{"@type":"ReadAction","target":["https:\/\/www.upscience-labs.com\/vn\/cac-hoat-dong\/vi-sinh\/"]}]},{"@type":"ImageObject","inLanguage":"vi","@id":"https:\/\/www.upscience-labs.com\/vn\/cac-hoat-dong\/vi-sinh\/#primaryimage","url":"https:\/\/www.upscience-labs.com\/wp-content\/uploads\/2017\/06\/Species-identification.jpg","contentUrl":"https:\/\/www.upscience-labs.com\/wp-content\/uploads\/2017\/06\/Species-identification.jpg","width":890,"height":324,"caption":"Scientist or researcher or phd student put dna samples into pcr for analysis in a biotechnology laboratory"},{"@type":"BreadcrumbList","@id":"https:\/\/www.upscience-labs.com\/vn\/cac-hoat-dong\/vi-sinh\/#breadcrumb","itemListElement":[{"@type":"ListItem","position":1,"name":"Home","item":"https:\/\/www.upscience-labs.com\/vn\/"},{"@type":"ListItem","position":2,"name":"D\u1ecaCH V\u1ee4 PH\u00c2N T\u00cdCH UPSCIENCE VI\u1ec6T NAM","item":"https:\/\/www.upscience-labs.com\/vn\/cac-hoat-dong\/"},{"@type":"ListItem","position":3,"name":"Ph\u00e2n t\u00edch vi sinh"}]},{"@type":"WebSite","@id":"https:\/\/www.upscience-labs.com\/#website","url":"https:\/\/www.upscience-labs.com\/","name":"Upscience","description":"Labs Solutions","potentialAction":[{"@type":"SearchAction","target":{"@type":"EntryPoint","urlTemplate":"https:\/\/www.upscience-labs.com\/?s={search_term_string}"},"query-input":{"@type":"PropertyValueSpecification","valueRequired":true,"valueName":"search_term_string"}}],"inLanguage":"vi"}]}},"_links":{"self":[{"href":"https:\/\/www.upscience-labs.com\/vn\/wp-json\/wp\/v2\/pages\/783","targetHints":{"allow":["GET"]}}],"collection":[{"href":"https:\/\/www.upscience-labs.com\/vn\/wp-json\/wp\/v2\/pages"}],"about":[{"href":"https:\/\/www.upscience-labs.com\/vn\/wp-json\/wp\/v2\/types\/page"}],"author":[{"embeddable":true,"href":"https:\/\/www.upscience-labs.com\/vn\/wp-json\/wp\/v2\/users\/22"}],"replies":[{"embeddable":true,"href":"https:\/\/www.upscience-labs.com\/vn\/wp-json\/wp\/v2\/comments?post=783"}],"version-history":[{"count":2,"href":"https:\/\/www.upscience-labs.com\/vn\/wp-json\/wp\/v2\/pages\/783\/revisions"}],"predecessor-version":[{"id":4041,"href":"https:\/\/www.upscience-labs.com\/vn\/wp-json\/wp\/v2\/pages\/783\/revisions\/4041"}],"up":[{"embeddable":true,"href":"https:\/\/www.upscience-labs.com\/vn\/wp-json\/wp\/v2\/pages\/753"}],"wp:featuredmedia":[{"embeddable":true,"href":"https:\/\/www.upscience-labs.com\/vn\/wp-json\/wp\/v2\/media\/1298"}],"wp:attachment":[{"href":"https:\/\/www.upscience-labs.com\/vn\/wp-json\/wp\/v2\/media?parent=783"}],"curies":[{"name":"wp","href":"https:\/\/api.w.org\/{rel}","templated":true}]}}