{"id":781,"date":"2017-07-12T17:06:20","date_gmt":"2017-07-12T15:06:20","guid":{"rendered":"https:\/\/www.upscience-labs.com\/cac-hoat-dong\/dich-vu-nirs\/"},"modified":"2021-03-25T11:38:20","modified_gmt":"2021-03-25T10:38:20","slug":"nirs","status":"publish","type":"page","link":"https:\/\/www.upscience-labs.com\/vn\/cac-hoat-dong\/nirs\/","title":{"rendered":"D\u1ecbch v\u1ee5 NIRS"},"content":{"rendered":"<div class=\"wpb-content-wrapper\"><p>[vc_row][vc_column][vc_column_text]<\/p>\n<h2>T\u1ea1i sao n\u00f3 l\u1ea1i quan tr\u1ecdng?<\/h2>\n<p>Ch\u1ea5t l\u01b0\u1ee3ng v\u1eadt li\u1ec7u th\u00f4 c\u1ee7a kh\u00e1ch h\u00e0ng l\u00e0 y\u1ebfu t\u1ed1 quan tr\u1ecdng nh\u1ea5t \u1ea3nh h\u01b0\u1edfng \u0111\u1ebfn ch\u1ea5t l\u01b0\u1ee3ng c\u1ee7a th\u00e0nh ph\u1ea9m. S\u1eed d\u1ee5ng h\u1ec7 th\u1ed1ng ti\u00ean l\u01b0\u1ee3ng, kh\u00e1ch h\u00e0ng c\u00f3 th\u1ec3 thay \u0111\u1ed5i c\u00f4ng th\u1ee9c \u0111\u1ec3 ki\u1ec3m so\u00e1t ch\u1ea5t l\u01b0\u1ee3ng th\u00e0nh ph\u1ea9m.<\/p>\n<p>C\u00f4ng ngh\u1ec7 NIR s\u1eed d\u1ee5ng ph\u1ea3n x\u1ea1 h\u1ed3ng ngo\u1ea1i c\u1ee7a m\u1ed9t v\u1eadt li\u1ec7u \u0111\u1ec3 ti\u00ean l\u01b0\u1ee3ng t\u00ednh ch\u1ea5t v\u00e0 n\u1ed3ng \u0111\u1ed9 c\u1ee7a c\u00e1c ph\u00e2n t\u1eed c\u00f3 ch\u1ee9a trong v\u1eadt li\u1ec7u \u0111\u00f3. C\u00f4ng ngh\u1ec7 n\u00e0y cung c\u1ea5p k\u1ebft qu\u1ea3 nhanh v\u00e0 ch\u00ednh x\u00e1c v\u1ec1 v\u1eadt li\u1ec7u th\u00f4 v\u00e0 th\u00e0nh ph\u1ea7n c\u1ee7a th\u00e0nh ph\u1ea9m. Kh\u00e1ch h\u00e0ng c\u00f3 th\u1ec3 s\u1eed d\u1ee5ng nh\u1eefng k\u1ebft qu\u1ea3 n\u00e0y \u0111\u1ec3 thay \u0111\u1ed5i c\u00f4ng th\u1ee9c nh\u1eb1m \u0111\u1ea3m b\u1ea3o s\u1ea3n ph\u1ea9m nh\u1ea5t qu\u00e1n qua c\u00e1c l\u00f4.<\/p>\n<h2>Upscience c\u00f3 th\u1ec3 gi\u00fap b\u1ea1n nh\u01b0 th\u1ebf n\u00e0o?<\/h2>\n<p>V\u1edbi h\u01a1n 30 n\u0103m kinh nghi\u1ec7m trong c\u00f4ng ngh\u1ec7 NIR, Upscience \u0111\u00e3 ph\u00e1t tri\u1ec3n m\u1ed9t ph\u1ea1m vi hi\u1ec7u chu\u1ea9n \u0111\u1ec3 ph\u00e2n t\u00edch r\u1ed9ng r\u00e3i nhi\u1ec1u v\u1eadt li\u1ec7u th\u00f4 v\u00e0 s\u1ea3n ph\u1ea9m ch\u0103n nu\u00f4i v\u00e0 th\u1ef1c ph\u1ea9m th\u00e0nh ph\u1ea9m. Ch\u00fang t\u00f4i c\u0169ng c\u00f3 th\u1ec3 h\u1ed7 tr\u1ee3 kh\u00e1ch h\u00e0ng th\u1ef1c hi\u1ec7n h\u1ec7 th\u1ed1ng t\u1ea1i \u0111\u1ecba \u0111i\u1ec3m s\u1ea3n xu\u1ea5t c\u1ee7a kh\u00e1ch h\u00e0ng v\u00e0 \u0111\u1ea3m b\u1ea3o r\u1eb1ng vi\u1ec7c hi\u1ec7u chu\u1ea9n c\u1ee7a kh\u00e1ch h\u00e0ng \u0111\u01b0\u1ee3c c\u1eadp nh\u1eadt th\u01b0\u1eddng xuy\u00ean. Ch\u00fang t\u00f4i lu\u00f4n lu\u00f4n c\u00f3 th\u1ec3 th\u1ef1c hi\u1ec7n x\u00e9t nghi\u1ec7m hi\u1ec7u chu\u1ea9n m\u1edbi \u0111\u1ec3 m\u1edf r\u1ed9ng d\u1ecbch v\u1ee5 ch\u00fang t\u00f4i cung c\u1ea5p v\u00e0 ch\u00fang t\u00f4i c\u00f3 th\u1ec3 ph\u00e1t tri\u1ec3n c\u00e1c x\u00e9t nghi\u1ec7m hi\u1ec7u chu\u1ea9n c\u1ee5 th\u1ec3 theo nhu c\u1ea7u c\u1ee7a kh\u00e1ch h\u00e0ng.[\/vc_column_text][\/vc_column][\/vc_row][vc_row][vc_column]<div id=\"contactform\" class=\"fondw-bleu\" >\r\n\t\t\t\t\t\t<div class=\"wrap container\">\r\n\t\t\t\t\t\t\t<div class=\"row\">\t \r\n\t\t\t\t\t\t\t\t<div class=\"col-md-6\">\r\n\t\t\t\t\t\t\t\t\t<div class=\"vc_btn3-container vc_btn3-center\">\r\n\t\t\t\t\t\t\t\t\t\t<div class=\"vc_general vc_btn3 vc_btn3-size-lg vc_btn3-shape-round vc_btn3-style-classic vc_btn3-block vc_btn3-color-bleu\"><a href=\"https:\/\/www.upscience-labs.com\/vn\/lien-he\/\"   >G\u1eedi y\u00eau c\u1ea7u cho ch\u00fang t\u00f4i\r\n  <\/a>\r\n\t\t\t\t\t\t\t\t\t\t<\/div>\r\n\t\t\t\t\t\t\t\t\t<\/div>\r\n\t\t\t\t\t\t\t\t<\/div><div class=\"col-md-6\">\r\n\t\t\t\t\t\t\t\t\t<div class=\"vc_btn3-container vc_btn3-center\">\r\n\t\t\t\t\t\t\t\t\t\t<div class=\"vc_general vc_btn3 vc_btn3-size-lg vc_btn3-shape-round vc_btn3-style-classic vc_btn3-block vc_btn3-color-bleu\">\r\n\t\t\t\t\t\t\t\t\t\t\t<span  class=\"phonenum\" itemprop=\"telephone\" id=\"clickToShow\"><a href=\"tel:(+84) 274 371 4930\">(+84) 274 371 4930<\/a>\r\n\t\t\t\t\t\t\t\t\t\t\t<\/span>\r\n\t\t\t\t\t\t\t\t\t\t<\/div>\r\n\t\t\t\t\t\t\t\t\t<\/div>\r\n\t\t\t\t\t\t\t\t<\/div>\r\n\t\t\t\t\t<script>\r\n\t\t\t\t\t\tjQuery(document).ready(function($) {\r\n\t\t\t\t\t\t\tvar shortNumber = $(\"#clickToShow\").text().substring(0,  $(\"#clickToShow\").text().length - 8);\r\n\t\t\t\t\t\t\tvar eventTracking = \"ga('send', 'event', 'call', 'call', 'phone NUM');\";\r\n\t\t\t\t\t\t\t$(\"#clickToShow\").hide().after('<span   id=\"clickToShowButton\" onClick=\" ' + eventTracking + ' \" >  <i class=\"icon-phone\"> <\/i> H\u1ed6 TR\u1ee2 KH\u00c1CH H\u00c0NG  <\/span >');\r\n\t\t\t\t\t\t\t$(\"#clickToShowButton\").click(function() {\r\n\t\t\t\t\t\t\t\t$(\"#clickToShow\").show();\r\n\t\t\t\t\t\t\t\t$(\"#clickToShowButton\").hide();\r\n\t\t\t\t\t\t\t});\r\n\t\t\t\t\t\t});\r\n\t\t\t\t\t<\/script><div>\t\t\t\t\t \r\n\t\t\t\t\t\t<\/div>\r\n\t\t\t\t\t<\/div>[\/vc_column][\/vc_row]<\/p>\n<\/div>","protected":false},"excerpt":{"rendered":"<p>[vc_row][vc_column][vc_column_text] T\u1ea1i sao n\u00f3 l\u1ea1i quan tr\u1ecdng? Ch\u1ea5t l\u01b0\u1ee3ng v\u1eadt li\u1ec7u th\u00f4 c\u1ee7a kh\u00e1ch h\u00e0ng l\u00e0 y\u1ebfu t\u1ed1 quan tr\u1ecdng nh\u1ea5t \u1ea3nh h\u01b0\u1edfng \u0111\u1ebfn ch\u1ea5t l\u01b0\u1ee3ng c\u1ee7a th\u00e0nh ph\u1ea9m. S\u1eed d\u1ee5ng h\u1ec7 th\u1ed1ng ti\u00ean l\u01b0\u1ee3ng, kh\u00e1ch h\u00e0ng c\u00f3 th\u1ec3 thay \u0111\u1ed5i c\u00f4ng th\u1ee9c \u0111\u1ec3 ki\u1ec3m so\u00e1t ch\u1ea5t l\u01b0\u1ee3ng th\u00e0nh ph\u1ea9m. C\u00f4ng ngh\u1ec7 NIR s\u1eed d\u1ee5ng &hellip; <\/p>\n<div class=\"vc_btn3-container vc_btn3-right\"><a class=\"vc_general vc_btn3 vc_btn3-size-xs vc_btn3-shape-round vc_btn3-color-bleu more-link\" href=\"https:\/\/www.upscience-labs.com\/vn\/cac-hoat-dong\/nirs\/\">Read More<\/a><\/div>\n","protected":false},"author":22,"featured_media":1293,"parent":753,"menu_order":250,"comment_status":"closed","ping_status":"closed","template":"template-interieur.php","meta":{"_acf_changed":false,"footnotes":""},"class_list":["post-781","page","type-page","status-publish","has-post-thumbnail","hentry"],"acf":[],"yoast_head":"<!-- This site is optimized with the Yoast SEO plugin v27.4 - https:\/\/yoast.com\/product\/yoast-seo-wordpress\/ -->\n<title>D\u1ecbch v\u1ee5 NIRS - Upscience<\/title>\n<meta name=\"description\" content=\"C\u00f4ng ngh\u1ec7 NIR s\u1eed d\u1ee5ng ph\u1ea3n x\u1ea1 h\u1ed3ng ngo\u1ea1i c\u1ee7a m\u1ed9t v\u1eadt li\u1ec7u \u0111\u1ec3 ti\u00ean l\u01b0\u1ee3ng t\u00ednh ch\u1ea5t v\u00e0 n\u1ed3ng \u0111\u1ed9 c\u1ee7a c\u00e1c ph\u00e2n t\u1eed c\u00f3 ch\u1ee9a trong v\u1eadt li\u1ec7u \u0111\u00f3.\" \/>\n<meta name=\"robots\" content=\"index, follow, max-snippet:-1, max-image-preview:large, max-video-preview:-1\" \/>\n<link rel=\"canonical\" href=\"https:\/\/www.upscience-labs.com\/vn\/cac-hoat-dong\/nirs\/\" \/>\n<meta property=\"og:locale\" content=\"vi_VN\" \/>\n<meta property=\"og:type\" content=\"article\" \/>\n<meta property=\"og:title\" content=\"D\u1ecbch v\u1ee5 NIRS - Upscience\" \/>\n<meta property=\"og:description\" content=\"C\u00f4ng ngh\u1ec7 NIR s\u1eed d\u1ee5ng ph\u1ea3n x\u1ea1 h\u1ed3ng ngo\u1ea1i c\u1ee7a m\u1ed9t v\u1eadt li\u1ec7u \u0111\u1ec3 ti\u00ean l\u01b0\u1ee3ng t\u00ednh ch\u1ea5t v\u00e0 n\u1ed3ng \u0111\u1ed9 c\u1ee7a c\u00e1c ph\u00e2n t\u1eed c\u00f3 ch\u1ee9a trong v\u1eadt li\u1ec7u \u0111\u00f3.\" \/>\n<meta property=\"og:url\" content=\"https:\/\/www.upscience-labs.com\/vn\/cac-hoat-dong\/nirs\/\" \/>\n<meta property=\"og:site_name\" content=\"Upscience\" \/>\n<meta property=\"article:modified_time\" content=\"2021-03-25T10:38:20+00:00\" \/>\n<meta property=\"og:image\" content=\"https:\/\/www.upscience-labs.com\/wp-content\/uploads\/2017\/06\/Predictive-analysis-NIR.jpg\" \/>\n\t<meta property=\"og:image:width\" content=\"1670\" \/>\n\t<meta property=\"og:image:height\" content=\"400\" \/>\n\t<meta property=\"og:image:type\" content=\"image\/jpeg\" \/>\n<meta name=\"twitter:card\" content=\"summary_large_image\" \/>\n<meta name=\"twitter:label1\" content=\"\u01af\u1edbc t\u00ednh th\u1eddi gian \u0111\u1ecdc\" \/>\n\t<meta name=\"twitter:data1\" content=\"2 ph\u00fat\" \/>\n<script type=\"application\/ld+json\" class=\"yoast-schema-graph\">{\"@context\":\"https:\\\/\\\/schema.org\",\"@graph\":[{\"@type\":\"WebPage\",\"@id\":\"https:\\\/\\\/www.upscience-labs.com\\\/vn\\\/cac-hoat-dong\\\/nirs\\\/\",\"url\":\"https:\\\/\\\/www.upscience-labs.com\\\/vn\\\/cac-hoat-dong\\\/nirs\\\/\",\"name\":\"D\u1ecbch v\u1ee5 NIRS - Upscience\",\"isPartOf\":{\"@id\":\"https:\\\/\\\/www.upscience-labs.com\\\/#website\"},\"primaryImageOfPage\":{\"@id\":\"https:\\\/\\\/www.upscience-labs.com\\\/vn\\\/cac-hoat-dong\\\/nirs\\\/#primaryimage\"},\"image\":{\"@id\":\"https:\\\/\\\/www.upscience-labs.com\\\/vn\\\/cac-hoat-dong\\\/nirs\\\/#primaryimage\"},\"thumbnailUrl\":\"https:\\\/\\\/www.upscience-labs.com\\\/wp-content\\\/uploads\\\/2017\\\/06\\\/Predictive-analysis-NIR.jpg\",\"datePublished\":\"2017-07-12T15:06:20+00:00\",\"dateModified\":\"2021-03-25T10:38:20+00:00\",\"description\":\"C\u00f4ng ngh\u1ec7 NIR s\u1eed d\u1ee5ng ph\u1ea3n x\u1ea1 h\u1ed3ng ngo\u1ea1i c\u1ee7a m\u1ed9t v\u1eadt li\u1ec7u \u0111\u1ec3 ti\u00ean l\u01b0\u1ee3ng t\u00ednh ch\u1ea5t v\u00e0 n\u1ed3ng \u0111\u1ed9 c\u1ee7a c\u00e1c ph\u00e2n t\u1eed c\u00f3 ch\u1ee9a trong v\u1eadt li\u1ec7u \u0111\u00f3.\",\"breadcrumb\":{\"@id\":\"https:\\\/\\\/www.upscience-labs.com\\\/vn\\\/cac-hoat-dong\\\/nirs\\\/#breadcrumb\"},\"inLanguage\":\"vi\",\"potentialAction\":[{\"@type\":\"ReadAction\",\"target\":[\"https:\\\/\\\/www.upscience-labs.com\\\/vn\\\/cac-hoat-dong\\\/nirs\\\/\"]}]},{\"@type\":\"ImageObject\",\"inLanguage\":\"vi\",\"@id\":\"https:\\\/\\\/www.upscience-labs.com\\\/vn\\\/cac-hoat-dong\\\/nirs\\\/#primaryimage\",\"url\":\"https:\\\/\\\/www.upscience-labs.com\\\/wp-content\\\/uploads\\\/2017\\\/06\\\/Predictive-analysis-NIR.jpg\",\"contentUrl\":\"https:\\\/\\\/www.upscience-labs.com\\\/wp-content\\\/uploads\\\/2017\\\/06\\\/Predictive-analysis-NIR.jpg\",\"width\":1670,\"height\":400},{\"@type\":\"BreadcrumbList\",\"@id\":\"https:\\\/\\\/www.upscience-labs.com\\\/vn\\\/cac-hoat-dong\\\/nirs\\\/#breadcrumb\",\"itemListElement\":[{\"@type\":\"ListItem\",\"position\":1,\"name\":\"Home\",\"item\":\"https:\\\/\\\/www.upscience-labs.com\\\/vn\\\/\"},{\"@type\":\"ListItem\",\"position\":2,\"name\":\"D\u1ecaCH V\u1ee4 PH\u00c2N T\u00cdCH UPSCIENCE VI\u1ec6T NAM\",\"item\":\"https:\\\/\\\/www.upscience-labs.com\\\/vn\\\/cac-hoat-dong\\\/\"},{\"@type\":\"ListItem\",\"position\":3,\"name\":\"D\u1ecbch v\u1ee5 NIRS\"}]},{\"@type\":\"WebSite\",\"@id\":\"https:\\\/\\\/www.upscience-labs.com\\\/#website\",\"url\":\"https:\\\/\\\/www.upscience-labs.com\\\/\",\"name\":\"Upscience\",\"description\":\"Labs Solutions\",\"potentialAction\":[{\"@type\":\"SearchAction\",\"target\":{\"@type\":\"EntryPoint\",\"urlTemplate\":\"https:\\\/\\\/www.upscience-labs.com\\\/?s={search_term_string}\"},\"query-input\":{\"@type\":\"PropertyValueSpecification\",\"valueRequired\":true,\"valueName\":\"search_term_string\"}}],\"inLanguage\":\"vi\"}]}<\/script>\n<!-- \/ Yoast SEO plugin. -->","yoast_head_json":{"title":"D\u1ecbch v\u1ee5 NIRS - Upscience","description":"C\u00f4ng ngh\u1ec7 NIR s\u1eed d\u1ee5ng ph\u1ea3n x\u1ea1 h\u1ed3ng ngo\u1ea1i c\u1ee7a m\u1ed9t v\u1eadt li\u1ec7u \u0111\u1ec3 ti\u00ean l\u01b0\u1ee3ng t\u00ednh ch\u1ea5t v\u00e0 n\u1ed3ng \u0111\u1ed9 c\u1ee7a c\u00e1c ph\u00e2n t\u1eed c\u00f3 ch\u1ee9a trong v\u1eadt li\u1ec7u \u0111\u00f3.","robots":{"index":"index","follow":"follow","max-snippet":"max-snippet:-1","max-image-preview":"max-image-preview:large","max-video-preview":"max-video-preview:-1"},"canonical":"https:\/\/www.upscience-labs.com\/vn\/cac-hoat-dong\/nirs\/","og_locale":"vi_VN","og_type":"article","og_title":"D\u1ecbch v\u1ee5 NIRS - Upscience","og_description":"C\u00f4ng ngh\u1ec7 NIR s\u1eed d\u1ee5ng ph\u1ea3n x\u1ea1 h\u1ed3ng ngo\u1ea1i c\u1ee7a m\u1ed9t v\u1eadt li\u1ec7u \u0111\u1ec3 ti\u00ean l\u01b0\u1ee3ng t\u00ednh ch\u1ea5t v\u00e0 n\u1ed3ng \u0111\u1ed9 c\u1ee7a c\u00e1c ph\u00e2n t\u1eed c\u00f3 ch\u1ee9a trong v\u1eadt li\u1ec7u \u0111\u00f3.","og_url":"https:\/\/www.upscience-labs.com\/vn\/cac-hoat-dong\/nirs\/","og_site_name":"Upscience","article_modified_time":"2021-03-25T10:38:20+00:00","og_image":[{"width":1670,"height":400,"url":"https:\/\/www.upscience-labs.com\/wp-content\/uploads\/2017\/06\/Predictive-analysis-NIR.jpg","type":"image\/jpeg"}],"twitter_card":"summary_large_image","twitter_misc":{"\u01af\u1edbc t\u00ednh th\u1eddi gian \u0111\u1ecdc":"2 ph\u00fat"},"schema":{"@context":"https:\/\/schema.org","@graph":[{"@type":"WebPage","@id":"https:\/\/www.upscience-labs.com\/vn\/cac-hoat-dong\/nirs\/","url":"https:\/\/www.upscience-labs.com\/vn\/cac-hoat-dong\/nirs\/","name":"D\u1ecbch v\u1ee5 NIRS - Upscience","isPartOf":{"@id":"https:\/\/www.upscience-labs.com\/#website"},"primaryImageOfPage":{"@id":"https:\/\/www.upscience-labs.com\/vn\/cac-hoat-dong\/nirs\/#primaryimage"},"image":{"@id":"https:\/\/www.upscience-labs.com\/vn\/cac-hoat-dong\/nirs\/#primaryimage"},"thumbnailUrl":"https:\/\/www.upscience-labs.com\/wp-content\/uploads\/2017\/06\/Predictive-analysis-NIR.jpg","datePublished":"2017-07-12T15:06:20+00:00","dateModified":"2021-03-25T10:38:20+00:00","description":"C\u00f4ng ngh\u1ec7 NIR s\u1eed d\u1ee5ng ph\u1ea3n x\u1ea1 h\u1ed3ng ngo\u1ea1i c\u1ee7a m\u1ed9t v\u1eadt li\u1ec7u \u0111\u1ec3 ti\u00ean l\u01b0\u1ee3ng t\u00ednh ch\u1ea5t v\u00e0 n\u1ed3ng \u0111\u1ed9 c\u1ee7a c\u00e1c ph\u00e2n t\u1eed c\u00f3 ch\u1ee9a trong v\u1eadt li\u1ec7u \u0111\u00f3.","breadcrumb":{"@id":"https:\/\/www.upscience-labs.com\/vn\/cac-hoat-dong\/nirs\/#breadcrumb"},"inLanguage":"vi","potentialAction":[{"@type":"ReadAction","target":["https:\/\/www.upscience-labs.com\/vn\/cac-hoat-dong\/nirs\/"]}]},{"@type":"ImageObject","inLanguage":"vi","@id":"https:\/\/www.upscience-labs.com\/vn\/cac-hoat-dong\/nirs\/#primaryimage","url":"https:\/\/www.upscience-labs.com\/wp-content\/uploads\/2017\/06\/Predictive-analysis-NIR.jpg","contentUrl":"https:\/\/www.upscience-labs.com\/wp-content\/uploads\/2017\/06\/Predictive-analysis-NIR.jpg","width":1670,"height":400},{"@type":"BreadcrumbList","@id":"https:\/\/www.upscience-labs.com\/vn\/cac-hoat-dong\/nirs\/#breadcrumb","itemListElement":[{"@type":"ListItem","position":1,"name":"Home","item":"https:\/\/www.upscience-labs.com\/vn\/"},{"@type":"ListItem","position":2,"name":"D\u1ecaCH V\u1ee4 PH\u00c2N T\u00cdCH UPSCIENCE VI\u1ec6T NAM","item":"https:\/\/www.upscience-labs.com\/vn\/cac-hoat-dong\/"},{"@type":"ListItem","position":3,"name":"D\u1ecbch v\u1ee5 NIRS"}]},{"@type":"WebSite","@id":"https:\/\/www.upscience-labs.com\/#website","url":"https:\/\/www.upscience-labs.com\/","name":"Upscience","description":"Labs Solutions","potentialAction":[{"@type":"SearchAction","target":{"@type":"EntryPoint","urlTemplate":"https:\/\/www.upscience-labs.com\/?s={search_term_string}"},"query-input":{"@type":"PropertyValueSpecification","valueRequired":true,"valueName":"search_term_string"}}],"inLanguage":"vi"}]}},"_links":{"self":[{"href":"https:\/\/www.upscience-labs.com\/vn\/wp-json\/wp\/v2\/pages\/781","targetHints":{"allow":["GET"]}}],"collection":[{"href":"https:\/\/www.upscience-labs.com\/vn\/wp-json\/wp\/v2\/pages"}],"about":[{"href":"https:\/\/www.upscience-labs.com\/vn\/wp-json\/wp\/v2\/types\/page"}],"author":[{"embeddable":true,"href":"https:\/\/www.upscience-labs.com\/vn\/wp-json\/wp\/v2\/users\/22"}],"replies":[{"embeddable":true,"href":"https:\/\/www.upscience-labs.com\/vn\/wp-json\/wp\/v2\/comments?post=781"}],"version-history":[{"count":2,"href":"https:\/\/www.upscience-labs.com\/vn\/wp-json\/wp\/v2\/pages\/781\/revisions"}],"predecessor-version":[{"id":4037,"href":"https:\/\/www.upscience-labs.com\/vn\/wp-json\/wp\/v2\/pages\/781\/revisions\/4037"}],"up":[{"embeddable":true,"href":"https:\/\/www.upscience-labs.com\/vn\/wp-json\/wp\/v2\/pages\/753"}],"wp:featuredmedia":[{"embeddable":true,"href":"https:\/\/www.upscience-labs.com\/vn\/wp-json\/wp\/v2\/media\/1293"}],"wp:attachment":[{"href":"https:\/\/www.upscience-labs.com\/vn\/wp-json\/wp\/v2\/media?parent=781"}],"curies":[{"name":"wp","href":"https:\/\/api.w.org\/{rel}","templated":true}]}}