{"id":779,"date":"2017-07-12T17:04:26","date_gmt":"2017-07-12T15:04:26","guid":{"rendered":"https:\/\/www.upscience-labs.com\/cac-hoat-dong\/contaminants\/cac-chat-nhiem-khac\/"},"modified":"2021-07-01T06:30:04","modified_gmt":"2021-07-01T04:30:04","slug":"cac-chat-nhiem-khac","status":"publish","type":"page","link":"https:\/\/www.upscience-labs.com\/vn\/cac-hoat-dong\/contaminants\/cac-chat-nhiem-khac\/","title":{"rendered":"C\u00e1c ch\u1ea5t nhi\u1ec5m kh\u00e1c"},"content":{"rendered":"<div class=\"wpb-content-wrapper\"><p>[vc_row][vc_column][vc_column_text]Ngo\u00e0i c\u00e1c lo\u1ea1i ch\u1ea5t nhi\u1ec5m ch\u00ednh (\u0111\u1ed9c t\u1ed1 n\u1ea5m m\u1ed1c, thu\u1ed1c tr\u1eeb s\u00e2u, dioxin, c\u00e1c d\u1ecb nguy\u00ean, ch\u1ea5t k\u00edch th\u00edch), Upscience \u0111\u00e3 ph\u00e1t tri\u1ec3n d\u1ecbch v\u1ee5 \u0111\u1ec3 ph\u00e2n t\u00edch m\u1ed9t s\u1ed1 c\u00e1c ch\u1ea5t kh\u00e1c \u0111em l\u1ea1i cho kh\u00e1ch h\u00e0ng m\u1ed9t gi\u1ea3i ph\u00e1p to\u00e0n c\u1ea7u cho k\u1ebf ho\u1ea1ch ki\u1ec3m so\u00e1t c\u1ee7a kh\u00e1ch h\u00e0ng.<\/p>\n<ul>\n<li>Kh\u00e1ng sinh: \u1edf \u0111a s\u1ed1 c\u00e1c n\u01b0\u1edbc, c\u00e1c quy \u0111\u1ecbnh \u0111\u1eb7t ra gi\u1edbi h\u1ea1n d\u01b0 l\u01b0\u1ee3ng t\u1ed1i \u0111a (MRL) \u0111\u1ed1i v\u1edbi n\u1ed3ng \u0111\u1ed9 kh\u00e1ng sinh trong th\u1ef1c ph\u1ea9m.<\/li>\n<li>Axit Cyanuric, melamine, ammeline, amelide, Diciandiamide<\/li>\n<li>H\u00e0m l\u01b0\u1ee3ng x\u01b0\u01a1ng \/ b\u1ed9t (b\u1ed9t \u0111\u1ed9ng v\u1eadt)<\/li>\n<li>Axit Phytic<\/li>\n<li>Glucosinolate<\/li>\n<li>Y\u1ebfu t\u1ed1 Antitrypsic<\/li>\n<li>Monopropylene glycol<\/li>\n<li>Nitrite<\/li>\n<\/ul>\n<p>[\/vc_column_text][\/vc_column][\/vc_row][vc_row][vc_column]<div id=\"contactform\" class=\"fondw-bleu\" >\r\n\t\t\t\t\t\t<div class=\"wrap container\">\r\n\t\t\t\t\t\t\t<div class=\"row\">\t \r\n\t\t\t\t\t\t\t\t<div class=\"col-md-6\">\r\n\t\t\t\t\t\t\t\t\t<div class=\"vc_btn3-container vc_btn3-center\">\r\n\t\t\t\t\t\t\t\t\t\t<div class=\"vc_general vc_btn3 vc_btn3-size-lg vc_btn3-shape-round vc_btn3-style-classic vc_btn3-block vc_btn3-color-bleu\"><a href=\"https:\/\/www.upscience-labs.com\/vn\/lien-he\/\"   >G\u1eedi y\u00eau c\u1ea7u cho ch\u00fang t\u00f4i\r\n  <\/a>\r\n\t\t\t\t\t\t\t\t\t\t<\/div>\r\n\t\t\t\t\t\t\t\t\t<\/div>\r\n\t\t\t\t\t\t\t\t<\/div><div class=\"col-md-6\">\r\n\t\t\t\t\t\t\t\t\t<div class=\"vc_btn3-container vc_btn3-center\">\r\n\t\t\t\t\t\t\t\t\t\t<div class=\"vc_general vc_btn3 vc_btn3-size-lg vc_btn3-shape-round vc_btn3-style-classic vc_btn3-block vc_btn3-color-bleu\">\r\n\t\t\t\t\t\t\t\t\t\t\t<span  class=\"phonenum\" itemprop=\"telephone\" id=\"clickToShow\"><a href=\"tel:(+84) 274 371 4930\">(+84) 274 371 4930<\/a>\r\n\t\t\t\t\t\t\t\t\t\t\t<\/span>\r\n\t\t\t\t\t\t\t\t\t\t<\/div>\r\n\t\t\t\t\t\t\t\t\t<\/div>\r\n\t\t\t\t\t\t\t\t<\/div>\r\n\t\t\t\t\t<script>\r\n\t\t\t\t\t\tjQuery(document).ready(function($) {\r\n\t\t\t\t\t\t\tvar shortNumber = $(\"#clickToShow\").text().substring(0,  $(\"#clickToShow\").text().length - 8);\r\n\t\t\t\t\t\t\tvar eventTracking = \"ga('send', 'event', 'call', 'call', 'phone NUM');\";\r\n\t\t\t\t\t\t\t$(\"#clickToShow\").hide().after('<span   id=\"clickToShowButton\" onClick=\" ' + eventTracking + ' \" >  <i class=\"icon-phone\"> <\/i> H\u1ed6 TR\u1ee2 KH\u00c1CH H\u00c0NG  <\/span >');\r\n\t\t\t\t\t\t\t$(\"#clickToShowButton\").click(function() {\r\n\t\t\t\t\t\t\t\t$(\"#clickToShow\").show();\r\n\t\t\t\t\t\t\t\t$(\"#clickToShowButton\").hide();\r\n\t\t\t\t\t\t\t});\r\n\t\t\t\t\t\t});\r\n\t\t\t\t\t<\/script><div>\t\t\t\t\t \r\n\t\t\t\t\t\t<\/div>\r\n\t\t\t\t\t<\/div>[\/vc_column][\/vc_row]<\/p>\n<\/div>","protected":false},"excerpt":{"rendered":"<p>[vc_row][vc_column][vc_column_text]Ngo\u00e0i c\u00e1c lo\u1ea1i ch\u1ea5t nhi\u1ec5m ch\u00ednh (\u0111\u1ed9c t\u1ed1 n\u1ea5m m\u1ed1c, thu\u1ed1c tr\u1eeb s\u00e2u, dioxin, c\u00e1c d\u1ecb nguy\u00ean, ch\u1ea5t k\u00edch th\u00edch), Upscience \u0111\u00e3 ph\u00e1t tri\u1ec3n d\u1ecbch v\u1ee5 \u0111\u1ec3 ph\u00e2n t\u00edch m\u1ed9t s\u1ed1 c\u00e1c ch\u1ea5t kh\u00e1c \u0111em l\u1ea1i cho kh\u00e1ch h\u00e0ng m\u1ed9t gi\u1ea3i ph\u00e1p to\u00e0n c\u1ea7u cho k\u1ebf ho\u1ea1ch ki\u1ec3m so\u00e1t c\u1ee7a kh\u00e1ch h\u00e0ng. Kh\u00e1ng sinh: \u1edf &hellip; <\/p>\n<div class=\"vc_btn3-container vc_btn3-right\"><a class=\"vc_general vc_btn3 vc_btn3-size-xs vc_btn3-shape-round vc_btn3-color-bleu more-link\" href=\"https:\/\/www.upscience-labs.com\/vn\/cac-hoat-dong\/contaminants\/cac-chat-nhiem-khac\/\">Read More<\/a><\/div>\n","protected":false},"author":22,"featured_media":1287,"parent":760,"menu_order":227,"comment_status":"closed","ping_status":"closed","template":"template-interieur.php","meta":{"_acf_changed":false,"footnotes":""},"class_list":["post-779","page","type-page","status-publish","has-post-thumbnail","hentry"],"acf":[],"yoast_head":"<!-- This site is optimized with the Yoast SEO plugin v27.4 - https:\/\/yoast.com\/product\/yoast-seo-wordpress\/ -->\n<title>C\u00e1c ch\u1ea5t nhi\u1ec5m kh\u00e1c | Upscience Vi\u1ec7t Nam | Upscience<\/title>\n<meta name=\"description\" content=\"Ngo\u00e0i c\u00e1c lo\u1ea1i ch\u1ea5t nhi\u1ec5m ch\u00ednh nh\u01b0 \u0111\u1ed9c t\u1ed1 n\u1ea5m m\u1ed1c, thu\u1ed1c tr\u1eeb s\u00e2u, dioxin, c\u00e1c d\u1ecb nguy\u00ean, ch\u1ea5t k\u00edch th\u00edch. Upscience \u0111\u00e3 ph\u00e1t tri\u1ec3n\" \/>\n<meta name=\"robots\" content=\"index, follow, max-snippet:-1, max-image-preview:large, max-video-preview:-1\" \/>\n<link rel=\"canonical\" href=\"https:\/\/www.upscience-labs.com\/vn\/cac-hoat-dong\/contaminants\/cac-chat-nhiem-khac\/\" \/>\n<meta property=\"og:locale\" content=\"vi_VN\" \/>\n<meta property=\"og:type\" content=\"article\" \/>\n<meta property=\"og:title\" content=\"C\u00e1c ch\u1ea5t nhi\u1ec5m kh\u00e1c | Upscience Vi\u1ec7t Nam | Upscience\" \/>\n<meta property=\"og:description\" content=\"Ngo\u00e0i c\u00e1c lo\u1ea1i ch\u1ea5t nhi\u1ec5m ch\u00ednh nh\u01b0 \u0111\u1ed9c t\u1ed1 n\u1ea5m m\u1ed1c, thu\u1ed1c tr\u1eeb s\u00e2u, dioxin, c\u00e1c d\u1ecb nguy\u00ean, ch\u1ea5t k\u00edch th\u00edch. Upscience \u0111\u00e3 ph\u00e1t tri\u1ec3n\" \/>\n<meta property=\"og:url\" content=\"https:\/\/www.upscience-labs.com\/vn\/cac-hoat-dong\/contaminants\/cac-chat-nhiem-khac\/\" \/>\n<meta property=\"og:site_name\" content=\"Upscience\" \/>\n<meta property=\"article:modified_time\" content=\"2021-07-01T04:30:04+00:00\" \/>\n<meta property=\"og:image\" content=\"https:\/\/www.upscience-labs.com\/wp-content\/uploads\/2017\/06\/Other-contaminants.jpg\" \/>\n\t<meta property=\"og:image:width\" content=\"1562\" \/>\n\t<meta property=\"og:image:height\" content=\"400\" \/>\n\t<meta property=\"og:image:type\" content=\"image\/jpeg\" \/>\n<meta name=\"twitter:card\" content=\"summary_large_image\" \/>\n<meta name=\"twitter:label1\" content=\"\u01af\u1edbc t\u00ednh th\u1eddi gian \u0111\u1ecdc\" \/>\n\t<meta name=\"twitter:data1\" content=\"1 ph\u00fat\" \/>\n<script type=\"application\/ld+json\" class=\"yoast-schema-graph\">{\"@context\":\"https:\\\/\\\/schema.org\",\"@graph\":[{\"@type\":\"WebPage\",\"@id\":\"https:\\\/\\\/www.upscience-labs.com\\\/vn\\\/cac-hoat-dong\\\/contaminants\\\/cac-chat-nhiem-khac\\\/\",\"url\":\"https:\\\/\\\/www.upscience-labs.com\\\/vn\\\/cac-hoat-dong\\\/contaminants\\\/cac-chat-nhiem-khac\\\/\",\"name\":\"C\u00e1c ch\u1ea5t nhi\u1ec5m kh\u00e1c | Upscience Vi\u1ec7t Nam | Upscience\",\"isPartOf\":{\"@id\":\"https:\\\/\\\/www.upscience-labs.com\\\/#website\"},\"primaryImageOfPage\":{\"@id\":\"https:\\\/\\\/www.upscience-labs.com\\\/vn\\\/cac-hoat-dong\\\/contaminants\\\/cac-chat-nhiem-khac\\\/#primaryimage\"},\"image\":{\"@id\":\"https:\\\/\\\/www.upscience-labs.com\\\/vn\\\/cac-hoat-dong\\\/contaminants\\\/cac-chat-nhiem-khac\\\/#primaryimage\"},\"thumbnailUrl\":\"https:\\\/\\\/www.upscience-labs.com\\\/wp-content\\\/uploads\\\/2017\\\/06\\\/Other-contaminants.jpg\",\"datePublished\":\"2017-07-12T15:04:26+00:00\",\"dateModified\":\"2021-07-01T04:30:04+00:00\",\"description\":\"Ngo\u00e0i c\u00e1c lo\u1ea1i ch\u1ea5t nhi\u1ec5m ch\u00ednh nh\u01b0 \u0111\u1ed9c t\u1ed1 n\u1ea5m m\u1ed1c, thu\u1ed1c tr\u1eeb s\u00e2u, dioxin, c\u00e1c d\u1ecb nguy\u00ean, ch\u1ea5t k\u00edch th\u00edch. Upscience \u0111\u00e3 ph\u00e1t tri\u1ec3n\",\"breadcrumb\":{\"@id\":\"https:\\\/\\\/www.upscience-labs.com\\\/vn\\\/cac-hoat-dong\\\/contaminants\\\/cac-chat-nhiem-khac\\\/#breadcrumb\"},\"inLanguage\":\"vi\",\"potentialAction\":[{\"@type\":\"ReadAction\",\"target\":[\"https:\\\/\\\/www.upscience-labs.com\\\/vn\\\/cac-hoat-dong\\\/contaminants\\\/cac-chat-nhiem-khac\\\/\"]}]},{\"@type\":\"ImageObject\",\"inLanguage\":\"vi\",\"@id\":\"https:\\\/\\\/www.upscience-labs.com\\\/vn\\\/cac-hoat-dong\\\/contaminants\\\/cac-chat-nhiem-khac\\\/#primaryimage\",\"url\":\"https:\\\/\\\/www.upscience-labs.com\\\/wp-content\\\/uploads\\\/2017\\\/06\\\/Other-contaminants.jpg\",\"contentUrl\":\"https:\\\/\\\/www.upscience-labs.com\\\/wp-content\\\/uploads\\\/2017\\\/06\\\/Other-contaminants.jpg\",\"width\":1562,\"height\":400,\"caption\":\"Factory for freezing and packing fruits. Unrecognizable worker's hands in protective blue gloves working on line for selection of frozen raspberries.\"},{\"@type\":\"BreadcrumbList\",\"@id\":\"https:\\\/\\\/www.upscience-labs.com\\\/vn\\\/cac-hoat-dong\\\/contaminants\\\/cac-chat-nhiem-khac\\\/#breadcrumb\",\"itemListElement\":[{\"@type\":\"ListItem\",\"position\":1,\"name\":\"Home\",\"item\":\"https:\\\/\\\/www.upscience-labs.com\\\/vn\\\/\"},{\"@type\":\"ListItem\",\"position\":2,\"name\":\"D\u1ecaCH V\u1ee4 PH\u00c2N T\u00cdCH UPSCIENCE VI\u1ec6T NAM\",\"item\":\"https:\\\/\\\/www.upscience-labs.com\\\/vn\\\/cac-hoat-dong\\\/\"},{\"@type\":\"ListItem\",\"position\":3,\"name\":\"Nhi\u1ec5m ch\u00e9o\",\"item\":\"https:\\\/\\\/www.upscience-labs.com\\\/vn\\\/cac-hoat-dong\\\/contaminants\\\/\"},{\"@type\":\"ListItem\",\"position\":4,\"name\":\"C\u00e1c ch\u1ea5t nhi\u1ec5m kh\u00e1c\"}]},{\"@type\":\"WebSite\",\"@id\":\"https:\\\/\\\/www.upscience-labs.com\\\/#website\",\"url\":\"https:\\\/\\\/www.upscience-labs.com\\\/\",\"name\":\"Upscience\",\"description\":\"Labs Solutions\",\"potentialAction\":[{\"@type\":\"SearchAction\",\"target\":{\"@type\":\"EntryPoint\",\"urlTemplate\":\"https:\\\/\\\/www.upscience-labs.com\\\/?s={search_term_string}\"},\"query-input\":{\"@type\":\"PropertyValueSpecification\",\"valueRequired\":true,\"valueName\":\"search_term_string\"}}],\"inLanguage\":\"vi\"}]}<\/script>\n<!-- \/ Yoast SEO plugin. -->","yoast_head_json":{"title":"C\u00e1c ch\u1ea5t nhi\u1ec5m kh\u00e1c | Upscience Vi\u1ec7t Nam | Upscience","description":"Ngo\u00e0i c\u00e1c lo\u1ea1i ch\u1ea5t nhi\u1ec5m ch\u00ednh nh\u01b0 \u0111\u1ed9c t\u1ed1 n\u1ea5m m\u1ed1c, thu\u1ed1c tr\u1eeb s\u00e2u, dioxin, c\u00e1c d\u1ecb nguy\u00ean, ch\u1ea5t k\u00edch th\u00edch. Upscience \u0111\u00e3 ph\u00e1t tri\u1ec3n","robots":{"index":"index","follow":"follow","max-snippet":"max-snippet:-1","max-image-preview":"max-image-preview:large","max-video-preview":"max-video-preview:-1"},"canonical":"https:\/\/www.upscience-labs.com\/vn\/cac-hoat-dong\/contaminants\/cac-chat-nhiem-khac\/","og_locale":"vi_VN","og_type":"article","og_title":"C\u00e1c ch\u1ea5t nhi\u1ec5m kh\u00e1c | Upscience Vi\u1ec7t Nam | Upscience","og_description":"Ngo\u00e0i c\u00e1c lo\u1ea1i ch\u1ea5t nhi\u1ec5m ch\u00ednh nh\u01b0 \u0111\u1ed9c t\u1ed1 n\u1ea5m m\u1ed1c, thu\u1ed1c tr\u1eeb s\u00e2u, dioxin, c\u00e1c d\u1ecb nguy\u00ean, ch\u1ea5t k\u00edch th\u00edch. Upscience \u0111\u00e3 ph\u00e1t tri\u1ec3n","og_url":"https:\/\/www.upscience-labs.com\/vn\/cac-hoat-dong\/contaminants\/cac-chat-nhiem-khac\/","og_site_name":"Upscience","article_modified_time":"2021-07-01T04:30:04+00:00","og_image":[{"width":1562,"height":400,"url":"https:\/\/www.upscience-labs.com\/wp-content\/uploads\/2017\/06\/Other-contaminants.jpg","type":"image\/jpeg"}],"twitter_card":"summary_large_image","twitter_misc":{"\u01af\u1edbc t\u00ednh th\u1eddi gian \u0111\u1ecdc":"1 ph\u00fat"},"schema":{"@context":"https:\/\/schema.org","@graph":[{"@type":"WebPage","@id":"https:\/\/www.upscience-labs.com\/vn\/cac-hoat-dong\/contaminants\/cac-chat-nhiem-khac\/","url":"https:\/\/www.upscience-labs.com\/vn\/cac-hoat-dong\/contaminants\/cac-chat-nhiem-khac\/","name":"C\u00e1c ch\u1ea5t nhi\u1ec5m kh\u00e1c | Upscience Vi\u1ec7t Nam | Upscience","isPartOf":{"@id":"https:\/\/www.upscience-labs.com\/#website"},"primaryImageOfPage":{"@id":"https:\/\/www.upscience-labs.com\/vn\/cac-hoat-dong\/contaminants\/cac-chat-nhiem-khac\/#primaryimage"},"image":{"@id":"https:\/\/www.upscience-labs.com\/vn\/cac-hoat-dong\/contaminants\/cac-chat-nhiem-khac\/#primaryimage"},"thumbnailUrl":"https:\/\/www.upscience-labs.com\/wp-content\/uploads\/2017\/06\/Other-contaminants.jpg","datePublished":"2017-07-12T15:04:26+00:00","dateModified":"2021-07-01T04:30:04+00:00","description":"Ngo\u00e0i c\u00e1c lo\u1ea1i ch\u1ea5t nhi\u1ec5m ch\u00ednh nh\u01b0 \u0111\u1ed9c t\u1ed1 n\u1ea5m m\u1ed1c, thu\u1ed1c tr\u1eeb s\u00e2u, dioxin, c\u00e1c d\u1ecb nguy\u00ean, ch\u1ea5t k\u00edch th\u00edch. Upscience \u0111\u00e3 ph\u00e1t tri\u1ec3n","breadcrumb":{"@id":"https:\/\/www.upscience-labs.com\/vn\/cac-hoat-dong\/contaminants\/cac-chat-nhiem-khac\/#breadcrumb"},"inLanguage":"vi","potentialAction":[{"@type":"ReadAction","target":["https:\/\/www.upscience-labs.com\/vn\/cac-hoat-dong\/contaminants\/cac-chat-nhiem-khac\/"]}]},{"@type":"ImageObject","inLanguage":"vi","@id":"https:\/\/www.upscience-labs.com\/vn\/cac-hoat-dong\/contaminants\/cac-chat-nhiem-khac\/#primaryimage","url":"https:\/\/www.upscience-labs.com\/wp-content\/uploads\/2017\/06\/Other-contaminants.jpg","contentUrl":"https:\/\/www.upscience-labs.com\/wp-content\/uploads\/2017\/06\/Other-contaminants.jpg","width":1562,"height":400,"caption":"Factory for freezing and packing fruits. Unrecognizable worker's hands in protective blue gloves working on line for selection of frozen raspberries."},{"@type":"BreadcrumbList","@id":"https:\/\/www.upscience-labs.com\/vn\/cac-hoat-dong\/contaminants\/cac-chat-nhiem-khac\/#breadcrumb","itemListElement":[{"@type":"ListItem","position":1,"name":"Home","item":"https:\/\/www.upscience-labs.com\/vn\/"},{"@type":"ListItem","position":2,"name":"D\u1ecaCH V\u1ee4 PH\u00c2N T\u00cdCH UPSCIENCE VI\u1ec6T NAM","item":"https:\/\/www.upscience-labs.com\/vn\/cac-hoat-dong\/"},{"@type":"ListItem","position":3,"name":"Nhi\u1ec5m ch\u00e9o","item":"https:\/\/www.upscience-labs.com\/vn\/cac-hoat-dong\/contaminants\/"},{"@type":"ListItem","position":4,"name":"C\u00e1c ch\u1ea5t nhi\u1ec5m kh\u00e1c"}]},{"@type":"WebSite","@id":"https:\/\/www.upscience-labs.com\/#website","url":"https:\/\/www.upscience-labs.com\/","name":"Upscience","description":"Labs Solutions","potentialAction":[{"@type":"SearchAction","target":{"@type":"EntryPoint","urlTemplate":"https:\/\/www.upscience-labs.com\/?s={search_term_string}"},"query-input":{"@type":"PropertyValueSpecification","valueRequired":true,"valueName":"search_term_string"}}],"inLanguage":"vi"}]}},"_links":{"self":[{"href":"https:\/\/www.upscience-labs.com\/vn\/wp-json\/wp\/v2\/pages\/779","targetHints":{"allow":["GET"]}}],"collection":[{"href":"https:\/\/www.upscience-labs.com\/vn\/wp-json\/wp\/v2\/pages"}],"about":[{"href":"https:\/\/www.upscience-labs.com\/vn\/wp-json\/wp\/v2\/types\/page"}],"author":[{"embeddable":true,"href":"https:\/\/www.upscience-labs.com\/vn\/wp-json\/wp\/v2\/users\/22"}],"replies":[{"embeddable":true,"href":"https:\/\/www.upscience-labs.com\/vn\/wp-json\/wp\/v2\/comments?post=779"}],"version-history":[{"count":5,"href":"https:\/\/www.upscience-labs.com\/vn\/wp-json\/wp\/v2\/pages\/779\/revisions"}],"predecessor-version":[{"id":4792,"href":"https:\/\/www.upscience-labs.com\/vn\/wp-json\/wp\/v2\/pages\/779\/revisions\/4792"}],"up":[{"embeddable":true,"href":"https:\/\/www.upscience-labs.com\/vn\/wp-json\/wp\/v2\/pages\/760"}],"wp:featuredmedia":[{"embeddable":true,"href":"https:\/\/www.upscience-labs.com\/vn\/wp-json\/wp\/v2\/media\/1287"}],"wp:attachment":[{"href":"https:\/\/www.upscience-labs.com\/vn\/wp-json\/wp\/v2\/media?parent=779"}],"curies":[{"name":"wp","href":"https:\/\/api.w.org\/{rel}","templated":true}]}}