{"id":774,"date":"2017-07-12T17:03:51","date_gmt":"2017-07-12T15:03:51","guid":{"rendered":"https:\/\/www.upscience-labs.com\/cac-hoat-dong\/contaminants\/chat-di-ung\/"},"modified":"2021-03-25T11:30:29","modified_gmt":"2021-03-25T10:30:29","slug":"chat-di-ung","status":"publish","type":"page","link":"https:\/\/www.upscience-labs.com\/vn\/cac-hoat-dong\/contaminants\/chat-di-ung\/","title":{"rendered":"Ch\u1ea5t g\u00e2y d\u1ecb \u1ee9ng"},"content":{"rendered":"<div class=\"wpb-content-wrapper\"><p>[vc_row][vc_column][vc_column_text]<\/p>\n<h2>T\u1ea1i sao n\u00f3 l\u1ea1i quan tr\u1ecdng?<\/h2>\n<p>M\u1ed9t d\u1ecb nguy\u00ean l\u00e0 m\u1ed9t ch\u1ea5t g\u00e2y ph\u1ea3n \u1ee9ng d\u1ecb \u1ee9ng, t\u1ee9c l\u00e0 m\u1ed9t chu\u1ed7i ph\u1ea3n \u1ee9ng trong h\u1ec7 mi\u1ec5n d\u1ecbch c\u1ee7a c\u01a1 th\u1ec3. Trong tr\u01b0\u1eddng h\u1ee3p c\u00e1c d\u1ecb nguy\u00ean th\u1ef1c ph\u1ea9m, \u0111i\u1ec1u n\u00e0y c\u00f3 th\u1ec3 l\u00e0 k\u1ebft qu\u1ea3 c\u1ee7a vi\u1ec7c ti\u1ebfp x\u00fac, ti\u00eau h\u00f3a ho\u1eb7c h\u00edt ph\u1ea3i.<br \/>\nD\u1ecb \u1ee9ng th\u1ee9c \u0103n l\u00e0 m\u1ed9t v\u1ea5n \u0111\u1ec1 y t\u1ebf c\u00f4ng c\u1ed9ng th\u1ef1c s\u1ef1. S\u1ef1 xu\u1ea5t hi\u1ec7n c\u1ee7a hi\u1ec7n t\u01b0\u1ee3ng d\u1ecb \u1ee9ng th\u1ee9c \u0103n t\u0103ng l\u00ean r\u1ea5t nhi\u1ec1u trong nh\u1eefng n\u0103m g\u1ea7n \u0111\u00e2y, t\u1eeb 1% v\u00e0o n\u0103m 1970 \u0111\u1ebfn 6 \u0111\u1ebfn 8% d\u00e2n s\u1ed1 ng\u00e0y nay. D\u01b0\u1edbi d\u1ea1ng b\u1ec7nh l\u00fd, d\u1ecb \u1ee9ng c\u00f3 th\u1ec3 bi\u1ec3u hi\u1ec7n theo nhi\u1ec1u c\u00e1ch: qua ph\u1ea3n \u1ee9ng da (v\u00ed d\u1ee5: n\u1ed5i m\u00e0y \u0111ay, eczema), ph\u1ea3n \u1ee9ng h\u00f4 h\u1ea5p (v\u00ed d\u1ee5: hen suy\u1ec5n), bi\u1ec3u hi\u1ec7n qua m\u1eaft (v\u00ed d\u1ee5: vi\u00eam k\u1ebft m\u1ea1c) v\u00e0 th\u1eadm ch\u00ed c\u00f3 th\u1ec3 g\u00e2y t\u1eed vong (v\u00ed d\u1ee5: s\u1ed1c ph\u1ea3n v\u1ec7, ph\u00f9 m\u1ea1ch).<br \/>\nT\u1ea7n su\u1ea5t d\u1ecb \u1ee9ng th\u1ee9c \u0103n v\u00e0 h\u1ec7 l\u1ee5y c\u1ee7a n\u00f3 cho s\u1ee9c kh\u1ecfe \u0111\u00e3 khi\u1ebfn cho c\u00e1c c\u01a1 quan c\u00f4ng quy\u1ec1n \u0111\u01b0a ra c\u00e1c bi\u1ec7n ph\u00e1p v\u1ec1 th\u00f4ng tin d\u00e0nh cho ng\u01b0\u1eddi ti\u00eau d\u00f9ng.<\/p>\n<p>Quy \u0111\u1ecbnh INCO (EC) S\u1ed1 1169\/2011 v\u00e0 Ngh\u1ecb \u0111\u1ecbnh S\u1ed1 2015-447 \u00e1p \u0111\u1eb7t ngh\u0129a v\u1ee5 n\u00eau r\u00f5 s\u1ef1 hi\u1ec7n di\u1ec7n c\u1ee7a c\u00e1c ch\u1ea5t d\u1ecb nguy\u00ean trong s\u1ea3n ph\u1ea9m \u0111\u1ed1i v\u1edbi c\u00e1c nh\u00e0 s\u1ea3n xu\u1ea5t v\u00e0 nh\u00e0 b\u00e1n l\u1ebb. Theo Ch\u1ec9 th\u1ecb 2007\/68\/CE, m\u01b0\u1eddi b\u1ed1n d\u1ecb nguy\u00ean ch\u00ednh ph\u1ea3i \u0111\u01b0\u1ee3c \u0111\u1ec1 c\u1eadp, tr\u00ean nh\u00e3n \u0111\u1ed1i v\u1edbi s\u1ea3n ph\u1ea9m \u0111\u01b0\u1ee3c \u0111\u00f3ng g\u00f3i ho\u1eb7c qua th\u00f4ng tin \u0111\u01b0\u1ee3c cung c\u1ea5p, ch\u1eb3ng h\u1ea1n nh\u01b0 tr\u00ean menu \u0111\u1ed1i v\u1edbi s\u1ea3n ph\u1ea9m kh\u00f4ng \u0111\u01b0\u1ee3c \u0111\u00f3ng g\u00f3i khi ch\u00fang \u0111\u01b0\u1ee3c d\u00f9ng l\u00e0m c\u00e1c th\u00e0nh ph\u1ea7n trong th\u1ee9c \u0103n. Th\u00e0nh ph\u1ea7n ph\u1ea3i xu\u1ea5t hi\u1ec7n tr\u00ean nh\u00e3n trong ph\u1ea7n danh s\u00e1ch c\u00e1c th\u00e0nh ph\u1ea7n v\u00e0 bao g\u1ed3m tham chi\u1ebfu r\u00f5 r\u00e0ng \u0111\u1ebfn t\u00ean c\u1ee7a d\u1ecb nguy\u00ean. Quy \u0111\u1ecbnh v\u1ec1 vi\u1ec7c d\u00e1n nh\u00e3n ch\u1ec9 \u00e1p d\u1ee5ng cho c\u00e1c th\u00e0nh ph\u1ea7n \u0111\u01b0\u1ee3c nh\u00e0 s\u1ea3n xu\u1ea5t \u0111\u01b0a v\u00e0o c\u00f4ng th\u1ee9c s\u1ea3n ph\u1ea9m m\u1ed9t c\u00e1ch c\u00f3 ch\u1ee7 \u00fd. V\u00ec v\u1eady, c\u00e1c nh\u00e0 s\u1ea3n xu\u1ea5t n\u00f4ng s\u1ea3n ph\u1ea3i \u0111\u00e1nh gi\u00e1 nguy c\u01a1 nhi\u1ec5m b\u1ea9n v\u00e0 n\u1ed5 l\u1ef1c h\u1ebft m\u1ee9c \u0111\u1ec3 gi\u1ea3m vi\u1ec7c nhi\u1ec5m b\u1ea9n.<\/p>\n<h2>Upscience c\u00f3 th\u1ec3 gi\u00fap b\u1ea1n nh\u01b0 th\u1ebf n\u00e0o?<\/h2>\n<p>Upscience ph\u00e2n t\u00edch d\u1ecb nguy\u00ean b\u1eb1ng x\u00e9t nghi\u1ec7m Elisa.[\/vc_column_text][\/vc_column][\/vc_row][vc_row][vc_column]<div id=\"contactform\" class=\"fondw-bleu\" >\r\n\t\t\t\t\t\t<div class=\"wrap container\">\r\n\t\t\t\t\t\t\t<div class=\"row\">\t \r\n\t\t\t\t\t\t\t\t<div class=\"col-md-6\">\r\n\t\t\t\t\t\t\t\t\t<div class=\"vc_btn3-container vc_btn3-center\">\r\n\t\t\t\t\t\t\t\t\t\t<div class=\"vc_general vc_btn3 vc_btn3-size-lg vc_btn3-shape-round vc_btn3-style-classic vc_btn3-block vc_btn3-color-bleu\"><a href=\"https:\/\/www.upscience-labs.com\/vn\/lien-he\/\"   >G\u1eedi y\u00eau c\u1ea7u cho ch\u00fang t\u00f4i\r\n  <\/a>\r\n\t\t\t\t\t\t\t\t\t\t<\/div>\r\n\t\t\t\t\t\t\t\t\t<\/div>\r\n\t\t\t\t\t\t\t\t<\/div><div class=\"col-md-6\">\r\n\t\t\t\t\t\t\t\t\t<div class=\"vc_btn3-container vc_btn3-center\">\r\n\t\t\t\t\t\t\t\t\t\t<div class=\"vc_general vc_btn3 vc_btn3-size-lg vc_btn3-shape-round vc_btn3-style-classic vc_btn3-block vc_btn3-color-bleu\">\r\n\t\t\t\t\t\t\t\t\t\t\t<span  class=\"phonenum\" itemprop=\"telephone\" id=\"clickToShow\"><a href=\"tel:(+84) 274 371 4930\">(+84) 274 371 4930<\/a>\r\n\t\t\t\t\t\t\t\t\t\t\t<\/span>\r\n\t\t\t\t\t\t\t\t\t\t<\/div>\r\n\t\t\t\t\t\t\t\t\t<\/div>\r\n\t\t\t\t\t\t\t\t<\/div>\r\n\t\t\t\t\t<script>\r\n\t\t\t\t\t\tjQuery(document).ready(function($) {\r\n\t\t\t\t\t\t\tvar shortNumber = $(\"#clickToShow\").text().substring(0,  $(\"#clickToShow\").text().length - 8);\r\n\t\t\t\t\t\t\tvar eventTracking = \"ga('send', 'event', 'call', 'call', 'phone NUM');\";\r\n\t\t\t\t\t\t\t$(\"#clickToShow\").hide().after('<span   id=\"clickToShowButton\" onClick=\" ' + eventTracking + ' \" >  <i class=\"icon-phone\"> <\/i> H\u1ed6 TR\u1ee2 KH\u00c1CH H\u00c0NG  <\/span >');\r\n\t\t\t\t\t\t\t$(\"#clickToShowButton\").click(function() {\r\n\t\t\t\t\t\t\t\t$(\"#clickToShow\").show();\r\n\t\t\t\t\t\t\t\t$(\"#clickToShowButton\").hide();\r\n\t\t\t\t\t\t\t});\r\n\t\t\t\t\t\t});\r\n\t\t\t\t\t<\/script><div>\t\t\t\t\t \r\n\t\t\t\t\t\t<\/div>\r\n\t\t\t\t\t<\/div>[\/vc_column][\/vc_row]<\/p>\n<\/div>","protected":false},"excerpt":{"rendered":"<p>[vc_row][vc_column][vc_column_text] T\u1ea1i sao n\u00f3 l\u1ea1i quan tr\u1ecdng? M\u1ed9t d\u1ecb nguy\u00ean l\u00e0 m\u1ed9t ch\u1ea5t g\u00e2y ph\u1ea3n \u1ee9ng d\u1ecb \u1ee9ng, t\u1ee9c l\u00e0 m\u1ed9t chu\u1ed7i ph\u1ea3n \u1ee9ng trong h\u1ec7 mi\u1ec5n d\u1ecbch c\u1ee7a c\u01a1 th\u1ec3. Trong tr\u01b0\u1eddng h\u1ee3p c\u00e1c d\u1ecb nguy\u00ean th\u1ef1c ph\u1ea9m, \u0111i\u1ec1u n\u00e0y c\u00f3 th\u1ec3 l\u00e0 k\u1ebft qu\u1ea3 c\u1ee7a vi\u1ec7c ti\u1ebfp x\u00fac, ti\u00eau h\u00f3a ho\u1eb7c h\u00edt ph\u1ea3i. &hellip; <\/p>\n<div class=\"vc_btn3-container vc_btn3-right\"><a class=\"vc_general vc_btn3 vc_btn3-size-xs vc_btn3-shape-round vc_btn3-color-bleu more-link\" href=\"https:\/\/www.upscience-labs.com\/vn\/cac-hoat-dong\/contaminants\/chat-di-ung\/\">Read More<\/a><\/div>\n","protected":false},"author":22,"featured_media":1285,"parent":760,"menu_order":226,"comment_status":"closed","ping_status":"closed","template":"template-interieur.php","meta":{"_acf_changed":false,"footnotes":""},"class_list":["post-774","page","type-page","status-publish","has-post-thumbnail","hentry"],"acf":[],"yoast_head":"<!-- This site is optimized with the Yoast SEO plugin v27.5 - https:\/\/yoast.com\/product\/yoast-seo-wordpress\/ -->\n<title>Ch\u1ea5t g\u00e2y d\u1ecb \u1ee9ng - Upscience<\/title>\n<meta name=\"description\" content=\"M\u1ed9t d\u1ecb nguy\u00ean l\u00e0 m\u1ed9t ch\u1ea5t g\u00e2y ph\u1ea3n \u1ee9ng d\u1ecb \u1ee9ng, t\u1ee9c l\u00e0 m\u1ed9t chu\u1ed7i ph\u1ea3n \u1ee9ng trong h\u1ec7 mi\u1ec5n d\u1ecbch c\u1ee7a c\u01a1 th\u1ec3.\" \/>\n<meta name=\"robots\" content=\"index, follow, max-snippet:-1, max-image-preview:large, max-video-preview:-1\" \/>\n<link rel=\"canonical\" href=\"https:\/\/www.upscience-labs.com\/vn\/cac-hoat-dong\/contaminants\/chat-di-ung\/\" \/>\n<meta property=\"og:locale\" content=\"vi_VN\" \/>\n<meta property=\"og:type\" content=\"article\" \/>\n<meta property=\"og:title\" content=\"Ch\u1ea5t g\u00e2y d\u1ecb \u1ee9ng - Upscience\" \/>\n<meta property=\"og:description\" content=\"M\u1ed9t d\u1ecb nguy\u00ean l\u00e0 m\u1ed9t ch\u1ea5t g\u00e2y ph\u1ea3n \u1ee9ng d\u1ecb \u1ee9ng, t\u1ee9c l\u00e0 m\u1ed9t chu\u1ed7i ph\u1ea3n \u1ee9ng trong h\u1ec7 mi\u1ec5n d\u1ecbch c\u1ee7a c\u01a1 th\u1ec3.\" \/>\n<meta property=\"og:url\" content=\"https:\/\/www.upscience-labs.com\/vn\/cac-hoat-dong\/contaminants\/chat-di-ung\/\" \/>\n<meta property=\"og:site_name\" content=\"Upscience\" \/>\n<meta property=\"article:modified_time\" content=\"2021-03-25T10:30:29+00:00\" \/>\n<meta property=\"og:image\" content=\"https:\/\/www.upscience-labs.com\/wp-content\/uploads\/2017\/06\/Allergens.jpg\" \/>\n\t<meta property=\"og:image:width\" content=\"1673\" \/>\n\t<meta property=\"og:image:height\" content=\"476\" \/>\n\t<meta property=\"og:image:type\" content=\"image\/jpeg\" \/>\n<meta name=\"twitter:card\" content=\"summary_large_image\" \/>\n<meta name=\"twitter:label1\" content=\"\u01af\u1edbc t\u00ednh th\u1eddi gian \u0111\u1ecdc\" \/>\n\t<meta name=\"twitter:data1\" content=\"2 ph\u00fat\" \/>\n<script type=\"application\/ld+json\" class=\"yoast-schema-graph\">{\"@context\":\"https:\\\/\\\/schema.org\",\"@graph\":[{\"@type\":\"WebPage\",\"@id\":\"https:\\\/\\\/www.upscience-labs.com\\\/vn\\\/cac-hoat-dong\\\/contaminants\\\/chat-di-ung\\\/\",\"url\":\"https:\\\/\\\/www.upscience-labs.com\\\/vn\\\/cac-hoat-dong\\\/contaminants\\\/chat-di-ung\\\/\",\"name\":\"Ch\u1ea5t g\u00e2y d\u1ecb \u1ee9ng - Upscience\",\"isPartOf\":{\"@id\":\"https:\\\/\\\/www.upscience-labs.com\\\/#website\"},\"primaryImageOfPage\":{\"@id\":\"https:\\\/\\\/www.upscience-labs.com\\\/vn\\\/cac-hoat-dong\\\/contaminants\\\/chat-di-ung\\\/#primaryimage\"},\"image\":{\"@id\":\"https:\\\/\\\/www.upscience-labs.com\\\/vn\\\/cac-hoat-dong\\\/contaminants\\\/chat-di-ung\\\/#primaryimage\"},\"thumbnailUrl\":\"https:\\\/\\\/www.upscience-labs.com\\\/wp-content\\\/uploads\\\/2017\\\/06\\\/Allergens.jpg\",\"datePublished\":\"2017-07-12T15:03:51+00:00\",\"dateModified\":\"2021-03-25T10:30:29+00:00\",\"description\":\"M\u1ed9t d\u1ecb nguy\u00ean l\u00e0 m\u1ed9t ch\u1ea5t g\u00e2y ph\u1ea3n \u1ee9ng d\u1ecb \u1ee9ng, t\u1ee9c l\u00e0 m\u1ed9t chu\u1ed7i ph\u1ea3n \u1ee9ng trong h\u1ec7 mi\u1ec5n d\u1ecbch c\u1ee7a c\u01a1 th\u1ec3.\",\"breadcrumb\":{\"@id\":\"https:\\\/\\\/www.upscience-labs.com\\\/vn\\\/cac-hoat-dong\\\/contaminants\\\/chat-di-ung\\\/#breadcrumb\"},\"inLanguage\":\"vi\",\"potentialAction\":[{\"@type\":\"ReadAction\",\"target\":[\"https:\\\/\\\/www.upscience-labs.com\\\/vn\\\/cac-hoat-dong\\\/contaminants\\\/chat-di-ung\\\/\"]}]},{\"@type\":\"ImageObject\",\"inLanguage\":\"vi\",\"@id\":\"https:\\\/\\\/www.upscience-labs.com\\\/vn\\\/cac-hoat-dong\\\/contaminants\\\/chat-di-ung\\\/#primaryimage\",\"url\":\"https:\\\/\\\/www.upscience-labs.com\\\/wp-content\\\/uploads\\\/2017\\\/06\\\/Allergens.jpg\",\"contentUrl\":\"https:\\\/\\\/www.upscience-labs.com\\\/wp-content\\\/uploads\\\/2017\\\/06\\\/Allergens.jpg\",\"width\":1673,\"height\":476,\"caption\":\"Woman in supermarket\"},{\"@type\":\"BreadcrumbList\",\"@id\":\"https:\\\/\\\/www.upscience-labs.com\\\/vn\\\/cac-hoat-dong\\\/contaminants\\\/chat-di-ung\\\/#breadcrumb\",\"itemListElement\":[{\"@type\":\"ListItem\",\"position\":1,\"name\":\"Home\",\"item\":\"https:\\\/\\\/www.upscience-labs.com\\\/vn\\\/\"},{\"@type\":\"ListItem\",\"position\":2,\"name\":\"D\u1ecaCH V\u1ee4 PH\u00c2N T\u00cdCH UPSCIENCE VI\u1ec6T NAM\",\"item\":\"https:\\\/\\\/www.upscience-labs.com\\\/vn\\\/cac-hoat-dong\\\/\"},{\"@type\":\"ListItem\",\"position\":3,\"name\":\"Nhi\u1ec5m ch\u00e9o\",\"item\":\"https:\\\/\\\/www.upscience-labs.com\\\/vn\\\/cac-hoat-dong\\\/contaminants\\\/\"},{\"@type\":\"ListItem\",\"position\":4,\"name\":\"Ch\u1ea5t g\u00e2y d\u1ecb \u1ee9ng\"}]},{\"@type\":\"WebSite\",\"@id\":\"https:\\\/\\\/www.upscience-labs.com\\\/#website\",\"url\":\"https:\\\/\\\/www.upscience-labs.com\\\/\",\"name\":\"Upscience\",\"description\":\"Labs Solutions\",\"potentialAction\":[{\"@type\":\"SearchAction\",\"target\":{\"@type\":\"EntryPoint\",\"urlTemplate\":\"https:\\\/\\\/www.upscience-labs.com\\\/?s={search_term_string}\"},\"query-input\":{\"@type\":\"PropertyValueSpecification\",\"valueRequired\":true,\"valueName\":\"search_term_string\"}}],\"inLanguage\":\"vi\"}]}<\/script>\n<!-- \/ Yoast SEO plugin. -->","yoast_head_json":{"title":"Ch\u1ea5t g\u00e2y d\u1ecb \u1ee9ng - Upscience","description":"M\u1ed9t d\u1ecb nguy\u00ean l\u00e0 m\u1ed9t ch\u1ea5t g\u00e2y ph\u1ea3n \u1ee9ng d\u1ecb \u1ee9ng, t\u1ee9c l\u00e0 m\u1ed9t chu\u1ed7i ph\u1ea3n \u1ee9ng trong h\u1ec7 mi\u1ec5n d\u1ecbch c\u1ee7a c\u01a1 th\u1ec3.","robots":{"index":"index","follow":"follow","max-snippet":"max-snippet:-1","max-image-preview":"max-image-preview:large","max-video-preview":"max-video-preview:-1"},"canonical":"https:\/\/www.upscience-labs.com\/vn\/cac-hoat-dong\/contaminants\/chat-di-ung\/","og_locale":"vi_VN","og_type":"article","og_title":"Ch\u1ea5t g\u00e2y d\u1ecb \u1ee9ng - Upscience","og_description":"M\u1ed9t d\u1ecb nguy\u00ean l\u00e0 m\u1ed9t ch\u1ea5t g\u00e2y ph\u1ea3n \u1ee9ng d\u1ecb \u1ee9ng, t\u1ee9c l\u00e0 m\u1ed9t chu\u1ed7i ph\u1ea3n \u1ee9ng trong h\u1ec7 mi\u1ec5n d\u1ecbch c\u1ee7a c\u01a1 th\u1ec3.","og_url":"https:\/\/www.upscience-labs.com\/vn\/cac-hoat-dong\/contaminants\/chat-di-ung\/","og_site_name":"Upscience","article_modified_time":"2021-03-25T10:30:29+00:00","og_image":[{"width":1673,"height":476,"url":"https:\/\/www.upscience-labs.com\/wp-content\/uploads\/2017\/06\/Allergens.jpg","type":"image\/jpeg"}],"twitter_card":"summary_large_image","twitter_misc":{"\u01af\u1edbc t\u00ednh th\u1eddi gian \u0111\u1ecdc":"2 ph\u00fat"},"schema":{"@context":"https:\/\/schema.org","@graph":[{"@type":"WebPage","@id":"https:\/\/www.upscience-labs.com\/vn\/cac-hoat-dong\/contaminants\/chat-di-ung\/","url":"https:\/\/www.upscience-labs.com\/vn\/cac-hoat-dong\/contaminants\/chat-di-ung\/","name":"Ch\u1ea5t g\u00e2y d\u1ecb \u1ee9ng - Upscience","isPartOf":{"@id":"https:\/\/www.upscience-labs.com\/#website"},"primaryImageOfPage":{"@id":"https:\/\/www.upscience-labs.com\/vn\/cac-hoat-dong\/contaminants\/chat-di-ung\/#primaryimage"},"image":{"@id":"https:\/\/www.upscience-labs.com\/vn\/cac-hoat-dong\/contaminants\/chat-di-ung\/#primaryimage"},"thumbnailUrl":"https:\/\/www.upscience-labs.com\/wp-content\/uploads\/2017\/06\/Allergens.jpg","datePublished":"2017-07-12T15:03:51+00:00","dateModified":"2021-03-25T10:30:29+00:00","description":"M\u1ed9t d\u1ecb nguy\u00ean l\u00e0 m\u1ed9t ch\u1ea5t g\u00e2y ph\u1ea3n \u1ee9ng d\u1ecb \u1ee9ng, t\u1ee9c l\u00e0 m\u1ed9t chu\u1ed7i ph\u1ea3n \u1ee9ng trong h\u1ec7 mi\u1ec5n d\u1ecbch c\u1ee7a c\u01a1 th\u1ec3.","breadcrumb":{"@id":"https:\/\/www.upscience-labs.com\/vn\/cac-hoat-dong\/contaminants\/chat-di-ung\/#breadcrumb"},"inLanguage":"vi","potentialAction":[{"@type":"ReadAction","target":["https:\/\/www.upscience-labs.com\/vn\/cac-hoat-dong\/contaminants\/chat-di-ung\/"]}]},{"@type":"ImageObject","inLanguage":"vi","@id":"https:\/\/www.upscience-labs.com\/vn\/cac-hoat-dong\/contaminants\/chat-di-ung\/#primaryimage","url":"https:\/\/www.upscience-labs.com\/wp-content\/uploads\/2017\/06\/Allergens.jpg","contentUrl":"https:\/\/www.upscience-labs.com\/wp-content\/uploads\/2017\/06\/Allergens.jpg","width":1673,"height":476,"caption":"Woman in supermarket"},{"@type":"BreadcrumbList","@id":"https:\/\/www.upscience-labs.com\/vn\/cac-hoat-dong\/contaminants\/chat-di-ung\/#breadcrumb","itemListElement":[{"@type":"ListItem","position":1,"name":"Home","item":"https:\/\/www.upscience-labs.com\/vn\/"},{"@type":"ListItem","position":2,"name":"D\u1ecaCH V\u1ee4 PH\u00c2N T\u00cdCH UPSCIENCE VI\u1ec6T NAM","item":"https:\/\/www.upscience-labs.com\/vn\/cac-hoat-dong\/"},{"@type":"ListItem","position":3,"name":"Nhi\u1ec5m ch\u00e9o","item":"https:\/\/www.upscience-labs.com\/vn\/cac-hoat-dong\/contaminants\/"},{"@type":"ListItem","position":4,"name":"Ch\u1ea5t g\u00e2y d\u1ecb \u1ee9ng"}]},{"@type":"WebSite","@id":"https:\/\/www.upscience-labs.com\/#website","url":"https:\/\/www.upscience-labs.com\/","name":"Upscience","description":"Labs Solutions","potentialAction":[{"@type":"SearchAction","target":{"@type":"EntryPoint","urlTemplate":"https:\/\/www.upscience-labs.com\/?s={search_term_string}"},"query-input":{"@type":"PropertyValueSpecification","valueRequired":true,"valueName":"search_term_string"}}],"inLanguage":"vi"}]}},"_links":{"self":[{"href":"https:\/\/www.upscience-labs.com\/vn\/wp-json\/wp\/v2\/pages\/774","targetHints":{"allow":["GET"]}}],"collection":[{"href":"https:\/\/www.upscience-labs.com\/vn\/wp-json\/wp\/v2\/pages"}],"about":[{"href":"https:\/\/www.upscience-labs.com\/vn\/wp-json\/wp\/v2\/types\/page"}],"author":[{"embeddable":true,"href":"https:\/\/www.upscience-labs.com\/vn\/wp-json\/wp\/v2\/users\/22"}],"replies":[{"embeddable":true,"href":"https:\/\/www.upscience-labs.com\/vn\/wp-json\/wp\/v2\/comments?post=774"}],"version-history":[{"count":2,"href":"https:\/\/www.upscience-labs.com\/vn\/wp-json\/wp\/v2\/pages\/774\/revisions"}],"predecessor-version":[{"id":4028,"href":"https:\/\/www.upscience-labs.com\/vn\/wp-json\/wp\/v2\/pages\/774\/revisions\/4028"}],"up":[{"embeddable":true,"href":"https:\/\/www.upscience-labs.com\/vn\/wp-json\/wp\/v2\/pages\/760"}],"wp:featuredmedia":[{"embeddable":true,"href":"https:\/\/www.upscience-labs.com\/vn\/wp-json\/wp\/v2\/media\/1285"}],"wp:attachment":[{"href":"https:\/\/www.upscience-labs.com\/vn\/wp-json\/wp\/v2\/media?parent=774"}],"curies":[{"name":"wp","href":"https:\/\/api.w.org\/{rel}","templated":true}]}}