{"id":771,"date":"2017-07-12T17:02:55","date_gmt":"2017-07-12T15:02:55","guid":{"rendered":"https:\/\/www.upscience-labs.com\/cac-hoat-dong\/contaminants\/doc-to-nam-moc\/"},"modified":"2021-03-24T15:52:57","modified_gmt":"2021-03-24T14:52:57","slug":"doc-to-nam-moc","status":"publish","type":"page","link":"https:\/\/www.upscience-labs.com\/vn\/cac-hoat-dong\/contaminants\/doc-to-nam-moc\/","title":{"rendered":"\u0110\u1ed9c t\u1ed1 n\u1ea5m m\u1ed1c"},"content":{"rendered":"<div class=\"wpb-content-wrapper\"><p>[vc_row][vc_column][vc_column_text]<\/p>\n<h2>T\u1ea1i sao n\u00f3 l\u1ea1i quan tr\u1ecdng?<\/h2>\n<p>\u0110\u1ed9c t\u1ed1 n\u1ea5m m\u1ed1c l\u00e0 c\u00e1c h\u1ee3p ch\u1ea5t \u0111\u1ed9c \u0111\u01b0\u1ee3c nhi\u1ec1u lo\u1ea1i n\u1ea5m t\u1ea1o ra. Nhi\u1ec5m \u0111\u1ed9c t\u1ed1 n\u1ea5m m\u1ed1c c\u00f3 th\u1ec3 x\u1ea3y ra t\u1ea1i n\u01a1i s\u1ea3n xu\u1ea5t ho\u1eb7c trong qu\u00e1 tr\u00ecnh b\u1ea3o qu\u1ea3n. Khi n\u1ea5m g\u1eb7p ph\u1ea3i nhi\u1ec7t \u0111\u1ed9 v\u00e0 \u0111\u1ed9 \u1ea9m th\u00edch h\u1ee3p, ch\u00fang nh\u00e2n l\u00ean v\u00e0 c\u00f3 th\u1ec3 s\u1ea3n sinh ra mycotoxin.<br \/>\nNh\u00ecn chung, ch\u00fang x\u00e2m nh\u1eadp v\u00e0o chu\u1ed7i th\u1ee9c \u0103n sau khi \u00f4 nhi\u1ec5m th\u1ef1c ph\u1ea9m v\u00e0 thu ho\u1ea1ch ch\u0103n nu\u00f4i. Ng\u0169 c\u1ed1c b\u1ecb \u1ea3nh h\u01b0\u1edfng nhi\u1ec1u nh\u1ea5t nh\u01b0ng tr\u00e1i c\u00e2y c\u0169ng c\u00f3 th\u1ec3 c\u00f3 \u0111\u1ed9c t\u1ed1 n\u1ea5m m\u1ed1c. S\u1ef1 hi\u1ec7n di\u1ec7n c\u1ee7a c\u00e1c \u0111\u1ed9c t\u1ed1 n\u1ea5m m\u1ed1c trong th\u1ef1c ph\u1ea9m v\u00e0 th\u1ee9c \u0103n ch\u0103n nu\u00f4i c\u00f3 th\u1ec3 c\u00f3 \u1ea3nh h\u01b0\u1edfng l\u00ean s\u1ee9c kh\u1ecfe c\u1ee7a con ng\u01b0\u1eddi v\u00e0 \u0111\u1ed9ng v\u1eadt v\u00ec nh\u1eefng ch\u1ea5t n\u00e0y c\u00f3 th\u1ec3 c\u00f3 nhi\u1ec1u t\u00e1c d\u1ee5ng b\u1ea5t l\u1ee3i l\u00ean s\u1ee9c kh\u1ecfe, ch\u1eb3ng h\u1ea1n nh\u01b0 t\u00e1c d\u1ee5ng g\u00e2y ung th\u01b0 v\u00e0 g\u00e2y \u0111\u1ed9t bi\u1ebfn, v\u00e0 c\u0169ng c\u00f3 th\u1ec3 g\u00e2y r\u1ed1i lo\u1ea1n \u0111\u1ed9ng d\u1ee5c, ti\u00eau h\u00f3a v\u00e0 th\u1eadn.<\/p>\n<h2>Upscience c\u00f3 th\u1ec3 gi\u00fap b\u1ea1n nh\u01b0 th\u1ebf n\u00e0o?<\/h2>\n<p>Upscience s\u1eed d\u1ee5ng c\u00e1c ph\u01b0\u01a1ng ph\u00e1p ph\u00e2n t\u00edch \u0111\u01b0\u1ee3c c\u00f4ng nh\u1eadn cho t\u1ea5t c\u1ea3 c\u00e1c h\u1ecd \u0111\u1ed9c t\u1ed1 n\u1ea5m m\u1ed1c. Ch\u00fang t\u00f4i ch\u1ecdn ph\u01b0\u01a1ng ph\u00e1p theo h\u1ecd, cho ph\u00e9p s\u1ef1 \u0111\u00e1p \u1ee9ng ho\u00e0n h\u1ea3o v\u1edbi c\u00e1c quy \u0111\u1ecbnh c\u1ee7a Ch\u00e2u \u00c2u v\u00e0 qu\u1ed1c t\u1ebf.<\/p>\n<p>Ch\u00fang t\u00f4i c\u0169ng \u0111\u00e3 ph\u00e1t tri\u1ec3n c\u00e1c b\u1ed9 k\u00edt ph\u00e2n t\u00edch d\u1ea1ng strip, cho ph\u00e9p ph\u00e2n t\u00edch \u0111\u1ecbnh l\u01b0\u1ee3ng d\u1ed9c t\u1ed1 n\u1ea5m m\u1ed1c c\u1ef1c nhanh \u0111\u1ec3 cho ph\u00e9p kh\u00e1ch h\u00e0ng ra quy\u1ebft \u0111\u1ecbnh ngay l\u1eadp t\u1ee9c v\u00e0 th\u00edch \u1ee9ng t\u1ea1i \u0111\u1ecba \u0111i\u1ec3m c\u1ee7a kh\u00e1ch h\u00e0ng.[\/vc_column_text][\/vc_column][\/vc_row][vc_row][vc_column]<div id=\"contactform\" class=\"fondw-bleu\" >\r\n\t\t\t\t\t\t<div class=\"wrap container\">\r\n\t\t\t\t\t\t\t<div class=\"row\">\t \r\n\t\t\t\t\t\t\t\t<div class=\"col-md-6\">\r\n\t\t\t\t\t\t\t\t\t<div class=\"vc_btn3-container vc_btn3-center\">\r\n\t\t\t\t\t\t\t\t\t\t<div class=\"vc_general vc_btn3 vc_btn3-size-lg vc_btn3-shape-round vc_btn3-style-classic vc_btn3-block vc_btn3-color-bleu\"><a href=\"https:\/\/www.upscience-labs.com\/vn\/lien-he\/\"   >G\u1eedi y\u00eau c\u1ea7u cho ch\u00fang t\u00f4i\r\n  <\/a>\r\n\t\t\t\t\t\t\t\t\t\t<\/div>\r\n\t\t\t\t\t\t\t\t\t<\/div>\r\n\t\t\t\t\t\t\t\t<\/div><div class=\"col-md-6\">\r\n\t\t\t\t\t\t\t\t\t<div class=\"vc_btn3-container vc_btn3-center\">\r\n\t\t\t\t\t\t\t\t\t\t<div class=\"vc_general vc_btn3 vc_btn3-size-lg vc_btn3-shape-round vc_btn3-style-classic vc_btn3-block vc_btn3-color-bleu\">\r\n\t\t\t\t\t\t\t\t\t\t\t<span  class=\"phonenum\" itemprop=\"telephone\" id=\"clickToShow\"><a href=\"tel:(+84) 274 371 4930\">(+84) 274 371 4930<\/a>\r\n\t\t\t\t\t\t\t\t\t\t\t<\/span>\r\n\t\t\t\t\t\t\t\t\t\t<\/div>\r\n\t\t\t\t\t\t\t\t\t<\/div>\r\n\t\t\t\t\t\t\t\t<\/div>\r\n\t\t\t\t\t<script>\r\n\t\t\t\t\t\tjQuery(document).ready(function($) {\r\n\t\t\t\t\t\t\tvar shortNumber = $(\"#clickToShow\").text().substring(0,  $(\"#clickToShow\").text().length - 8);\r\n\t\t\t\t\t\t\tvar eventTracking = \"ga('send', 'event', 'call', 'call', 'phone NUM');\";\r\n\t\t\t\t\t\t\t$(\"#clickToShow\").hide().after('<span   id=\"clickToShowButton\" onClick=\" ' + eventTracking + ' \" >  <i class=\"icon-phone\"> <\/i> H\u1ed6 TR\u1ee2 KH\u00c1CH H\u00c0NG  <\/span >');\r\n\t\t\t\t\t\t\t$(\"#clickToShowButton\").click(function() {\r\n\t\t\t\t\t\t\t\t$(\"#clickToShow\").show();\r\n\t\t\t\t\t\t\t\t$(\"#clickToShowButton\").hide();\r\n\t\t\t\t\t\t\t});\r\n\t\t\t\t\t\t});\r\n\t\t\t\t\t<\/script><div>\t\t\t\t\t \r\n\t\t\t\t\t\t<\/div>\r\n\t\t\t\t\t<\/div>[\/vc_column][\/vc_row]<\/p>\n<\/div>","protected":false},"excerpt":{"rendered":"<p>[vc_row][vc_column][vc_column_text] T\u1ea1i sao n\u00f3 l\u1ea1i quan tr\u1ecdng? \u0110\u1ed9c t\u1ed1 n\u1ea5m m\u1ed1c l\u00e0 c\u00e1c h\u1ee3p ch\u1ea5t \u0111\u1ed9c \u0111\u01b0\u1ee3c nhi\u1ec1u lo\u1ea1i n\u1ea5m t\u1ea1o ra. Nhi\u1ec5m \u0111\u1ed9c t\u1ed1 n\u1ea5m m\u1ed1c c\u00f3 th\u1ec3 x\u1ea3y ra t\u1ea1i n\u01a1i s\u1ea3n xu\u1ea5t ho\u1eb7c trong qu\u00e1 tr\u00ecnh b\u1ea3o qu\u1ea3n. Khi n\u1ea5m g\u1eb7p ph\u1ea3i nhi\u1ec7t \u0111\u1ed9 v\u00e0 \u0111\u1ed9 \u1ea9m th\u00edch h\u1ee3p, ch\u00fang nh\u00e2n l\u00ean &hellip; <\/p>\n<div class=\"vc_btn3-container vc_btn3-right\"><a class=\"vc_general vc_btn3 vc_btn3-size-xs vc_btn3-shape-round vc_btn3-color-bleu more-link\" href=\"https:\/\/www.upscience-labs.com\/vn\/cac-hoat-dong\/contaminants\/doc-to-nam-moc\/\">Read More<\/a><\/div>\n","protected":false},"author":22,"featured_media":1281,"parent":760,"menu_order":224,"comment_status":"closed","ping_status":"closed","template":"template-interieur.php","meta":{"_acf_changed":false,"footnotes":""},"class_list":["post-771","page","type-page","status-publish","has-post-thumbnail","hentry"],"acf":[],"yoast_head":"<!-- This site is optimized with the Yoast SEO plugin v27.4 - https:\/\/yoast.com\/product\/yoast-seo-wordpress\/ -->\n<title>\u0110\u1ed9c t\u1ed1 n\u1ea5m m\u1ed1c - Upscience<\/title>\n<meta name=\"description\" content=\"\u0110\u1ed9c t\u1ed1 n\u1ea5m m\u1ed1c l\u00e0 c\u00e1c h\u1ee3p ch\u1ea5t \u0111\u1ed9c \u0111\u01b0\u1ee3c nhi\u1ec1u lo\u1ea1i n\u1ea5m t\u1ea1o ra. Nhi\u1ec5m \u0111\u1ed9c t\u1ed1 n\u1ea5m m\u1ed1c c\u00f3 th\u1ec3 x\u1ea3y ra t\u1ea1i n\u01a1i s\u1ea3n xu\u1ea5t ho\u1eb7c trong qu\u00e1 tr\u00ecnh b\u1ea3o qu\u1ea3n.\" \/>\n<meta name=\"robots\" content=\"index, follow, max-snippet:-1, max-image-preview:large, max-video-preview:-1\" \/>\n<link rel=\"canonical\" href=\"https:\/\/www.upscience-labs.com\/vn\/cac-hoat-dong\/contaminants\/doc-to-nam-moc\/\" \/>\n<meta property=\"og:locale\" content=\"vi_VN\" \/>\n<meta property=\"og:type\" content=\"article\" \/>\n<meta property=\"og:title\" content=\"\u0110\u1ed9c t\u1ed1 n\u1ea5m m\u1ed1c - Upscience\" \/>\n<meta property=\"og:description\" content=\"\u0110\u1ed9c t\u1ed1 n\u1ea5m m\u1ed1c l\u00e0 c\u00e1c h\u1ee3p ch\u1ea5t \u0111\u1ed9c \u0111\u01b0\u1ee3c nhi\u1ec1u lo\u1ea1i n\u1ea5m t\u1ea1o ra. Nhi\u1ec5m \u0111\u1ed9c t\u1ed1 n\u1ea5m m\u1ed1c c\u00f3 th\u1ec3 x\u1ea3y ra t\u1ea1i n\u01a1i s\u1ea3n xu\u1ea5t ho\u1eb7c trong qu\u00e1 tr\u00ecnh b\u1ea3o qu\u1ea3n.\" \/>\n<meta property=\"og:url\" content=\"https:\/\/www.upscience-labs.com\/vn\/cac-hoat-dong\/contaminants\/doc-to-nam-moc\/\" \/>\n<meta property=\"og:site_name\" content=\"Upscience\" \/>\n<meta property=\"article:modified_time\" content=\"2021-03-24T14:52:57+00:00\" \/>\n<meta property=\"og:image\" content=\"https:\/\/www.upscience-labs.com\/wp-content\/uploads\/2017\/06\/Mycotoxins.jpg\" \/>\n\t<meta property=\"og:image:width\" content=\"1200\" \/>\n\t<meta property=\"og:image:height\" content=\"370\" \/>\n\t<meta property=\"og:image:type\" content=\"image\/jpeg\" \/>\n<meta name=\"twitter:card\" content=\"summary_large_image\" \/>\n<meta name=\"twitter:label1\" content=\"\u01af\u1edbc t\u00ednh th\u1eddi gian \u0111\u1ecdc\" \/>\n\t<meta name=\"twitter:data1\" content=\"2 ph\u00fat\" \/>\n<script type=\"application\/ld+json\" class=\"yoast-schema-graph\">{\"@context\":\"https:\\\/\\\/schema.org\",\"@graph\":[{\"@type\":\"WebPage\",\"@id\":\"https:\\\/\\\/www.upscience-labs.com\\\/vn\\\/cac-hoat-dong\\\/contaminants\\\/doc-to-nam-moc\\\/\",\"url\":\"https:\\\/\\\/www.upscience-labs.com\\\/vn\\\/cac-hoat-dong\\\/contaminants\\\/doc-to-nam-moc\\\/\",\"name\":\"\u0110\u1ed9c t\u1ed1 n\u1ea5m m\u1ed1c - Upscience\",\"isPartOf\":{\"@id\":\"https:\\\/\\\/www.upscience-labs.com\\\/#website\"},\"primaryImageOfPage\":{\"@id\":\"https:\\\/\\\/www.upscience-labs.com\\\/vn\\\/cac-hoat-dong\\\/contaminants\\\/doc-to-nam-moc\\\/#primaryimage\"},\"image\":{\"@id\":\"https:\\\/\\\/www.upscience-labs.com\\\/vn\\\/cac-hoat-dong\\\/contaminants\\\/doc-to-nam-moc\\\/#primaryimage\"},\"thumbnailUrl\":\"https:\\\/\\\/www.upscience-labs.com\\\/wp-content\\\/uploads\\\/2017\\\/06\\\/Mycotoxins.jpg\",\"datePublished\":\"2017-07-12T15:02:55+00:00\",\"dateModified\":\"2021-03-24T14:52:57+00:00\",\"description\":\"\u0110\u1ed9c t\u1ed1 n\u1ea5m m\u1ed1c l\u00e0 c\u00e1c h\u1ee3p ch\u1ea5t \u0111\u1ed9c \u0111\u01b0\u1ee3c nhi\u1ec1u lo\u1ea1i n\u1ea5m t\u1ea1o ra. Nhi\u1ec5m \u0111\u1ed9c t\u1ed1 n\u1ea5m m\u1ed1c c\u00f3 th\u1ec3 x\u1ea3y ra t\u1ea1i n\u01a1i s\u1ea3n xu\u1ea5t ho\u1eb7c trong qu\u00e1 tr\u00ecnh b\u1ea3o qu\u1ea3n.\",\"breadcrumb\":{\"@id\":\"https:\\\/\\\/www.upscience-labs.com\\\/vn\\\/cac-hoat-dong\\\/contaminants\\\/doc-to-nam-moc\\\/#breadcrumb\"},\"inLanguage\":\"vi\",\"potentialAction\":[{\"@type\":\"ReadAction\",\"target\":[\"https:\\\/\\\/www.upscience-labs.com\\\/vn\\\/cac-hoat-dong\\\/contaminants\\\/doc-to-nam-moc\\\/\"]}]},{\"@type\":\"ImageObject\",\"inLanguage\":\"vi\",\"@id\":\"https:\\\/\\\/www.upscience-labs.com\\\/vn\\\/cac-hoat-dong\\\/contaminants\\\/doc-to-nam-moc\\\/#primaryimage\",\"url\":\"https:\\\/\\\/www.upscience-labs.com\\\/wp-content\\\/uploads\\\/2017\\\/06\\\/Mycotoxins.jpg\",\"contentUrl\":\"https:\\\/\\\/www.upscience-labs.com\\\/wp-content\\\/uploads\\\/2017\\\/06\\\/Mycotoxins.jpg\",\"width\":1200,\"height\":370},{\"@type\":\"BreadcrumbList\",\"@id\":\"https:\\\/\\\/www.upscience-labs.com\\\/vn\\\/cac-hoat-dong\\\/contaminants\\\/doc-to-nam-moc\\\/#breadcrumb\",\"itemListElement\":[{\"@type\":\"ListItem\",\"position\":1,\"name\":\"Home\",\"item\":\"https:\\\/\\\/www.upscience-labs.com\\\/vn\\\/\"},{\"@type\":\"ListItem\",\"position\":2,\"name\":\"D\u1ecaCH V\u1ee4 PH\u00c2N T\u00cdCH UPSCIENCE VI\u1ec6T NAM\",\"item\":\"https:\\\/\\\/www.upscience-labs.com\\\/vn\\\/cac-hoat-dong\\\/\"},{\"@type\":\"ListItem\",\"position\":3,\"name\":\"Nhi\u1ec5m ch\u00e9o\",\"item\":\"https:\\\/\\\/www.upscience-labs.com\\\/vn\\\/cac-hoat-dong\\\/contaminants\\\/\"},{\"@type\":\"ListItem\",\"position\":4,\"name\":\"\u0110\u1ed9c t\u1ed1 n\u1ea5m m\u1ed1c\"}]},{\"@type\":\"WebSite\",\"@id\":\"https:\\\/\\\/www.upscience-labs.com\\\/#website\",\"url\":\"https:\\\/\\\/www.upscience-labs.com\\\/\",\"name\":\"Upscience\",\"description\":\"Labs Solutions\",\"potentialAction\":[{\"@type\":\"SearchAction\",\"target\":{\"@type\":\"EntryPoint\",\"urlTemplate\":\"https:\\\/\\\/www.upscience-labs.com\\\/?s={search_term_string}\"},\"query-input\":{\"@type\":\"PropertyValueSpecification\",\"valueRequired\":true,\"valueName\":\"search_term_string\"}}],\"inLanguage\":\"vi\"}]}<\/script>\n<!-- \/ Yoast SEO plugin. -->","yoast_head_json":{"title":"\u0110\u1ed9c t\u1ed1 n\u1ea5m m\u1ed1c - Upscience","description":"\u0110\u1ed9c t\u1ed1 n\u1ea5m m\u1ed1c l\u00e0 c\u00e1c h\u1ee3p ch\u1ea5t \u0111\u1ed9c \u0111\u01b0\u1ee3c nhi\u1ec1u lo\u1ea1i n\u1ea5m t\u1ea1o ra. Nhi\u1ec5m \u0111\u1ed9c t\u1ed1 n\u1ea5m m\u1ed1c c\u00f3 th\u1ec3 x\u1ea3y ra t\u1ea1i n\u01a1i s\u1ea3n xu\u1ea5t ho\u1eb7c trong qu\u00e1 tr\u00ecnh b\u1ea3o qu\u1ea3n.","robots":{"index":"index","follow":"follow","max-snippet":"max-snippet:-1","max-image-preview":"max-image-preview:large","max-video-preview":"max-video-preview:-1"},"canonical":"https:\/\/www.upscience-labs.com\/vn\/cac-hoat-dong\/contaminants\/doc-to-nam-moc\/","og_locale":"vi_VN","og_type":"article","og_title":"\u0110\u1ed9c t\u1ed1 n\u1ea5m m\u1ed1c - Upscience","og_description":"\u0110\u1ed9c t\u1ed1 n\u1ea5m m\u1ed1c l\u00e0 c\u00e1c h\u1ee3p ch\u1ea5t \u0111\u1ed9c \u0111\u01b0\u1ee3c nhi\u1ec1u lo\u1ea1i n\u1ea5m t\u1ea1o ra. Nhi\u1ec5m \u0111\u1ed9c t\u1ed1 n\u1ea5m m\u1ed1c c\u00f3 th\u1ec3 x\u1ea3y ra t\u1ea1i n\u01a1i s\u1ea3n xu\u1ea5t ho\u1eb7c trong qu\u00e1 tr\u00ecnh b\u1ea3o qu\u1ea3n.","og_url":"https:\/\/www.upscience-labs.com\/vn\/cac-hoat-dong\/contaminants\/doc-to-nam-moc\/","og_site_name":"Upscience","article_modified_time":"2021-03-24T14:52:57+00:00","og_image":[{"width":1200,"height":370,"url":"https:\/\/www.upscience-labs.com\/wp-content\/uploads\/2017\/06\/Mycotoxins.jpg","type":"image\/jpeg"}],"twitter_card":"summary_large_image","twitter_misc":{"\u01af\u1edbc t\u00ednh th\u1eddi gian \u0111\u1ecdc":"2 ph\u00fat"},"schema":{"@context":"https:\/\/schema.org","@graph":[{"@type":"WebPage","@id":"https:\/\/www.upscience-labs.com\/vn\/cac-hoat-dong\/contaminants\/doc-to-nam-moc\/","url":"https:\/\/www.upscience-labs.com\/vn\/cac-hoat-dong\/contaminants\/doc-to-nam-moc\/","name":"\u0110\u1ed9c t\u1ed1 n\u1ea5m m\u1ed1c - Upscience","isPartOf":{"@id":"https:\/\/www.upscience-labs.com\/#website"},"primaryImageOfPage":{"@id":"https:\/\/www.upscience-labs.com\/vn\/cac-hoat-dong\/contaminants\/doc-to-nam-moc\/#primaryimage"},"image":{"@id":"https:\/\/www.upscience-labs.com\/vn\/cac-hoat-dong\/contaminants\/doc-to-nam-moc\/#primaryimage"},"thumbnailUrl":"https:\/\/www.upscience-labs.com\/wp-content\/uploads\/2017\/06\/Mycotoxins.jpg","datePublished":"2017-07-12T15:02:55+00:00","dateModified":"2021-03-24T14:52:57+00:00","description":"\u0110\u1ed9c t\u1ed1 n\u1ea5m m\u1ed1c l\u00e0 c\u00e1c h\u1ee3p ch\u1ea5t \u0111\u1ed9c \u0111\u01b0\u1ee3c nhi\u1ec1u lo\u1ea1i n\u1ea5m t\u1ea1o ra. Nhi\u1ec5m \u0111\u1ed9c t\u1ed1 n\u1ea5m m\u1ed1c c\u00f3 th\u1ec3 x\u1ea3y ra t\u1ea1i n\u01a1i s\u1ea3n xu\u1ea5t ho\u1eb7c trong qu\u00e1 tr\u00ecnh b\u1ea3o qu\u1ea3n.","breadcrumb":{"@id":"https:\/\/www.upscience-labs.com\/vn\/cac-hoat-dong\/contaminants\/doc-to-nam-moc\/#breadcrumb"},"inLanguage":"vi","potentialAction":[{"@type":"ReadAction","target":["https:\/\/www.upscience-labs.com\/vn\/cac-hoat-dong\/contaminants\/doc-to-nam-moc\/"]}]},{"@type":"ImageObject","inLanguage":"vi","@id":"https:\/\/www.upscience-labs.com\/vn\/cac-hoat-dong\/contaminants\/doc-to-nam-moc\/#primaryimage","url":"https:\/\/www.upscience-labs.com\/wp-content\/uploads\/2017\/06\/Mycotoxins.jpg","contentUrl":"https:\/\/www.upscience-labs.com\/wp-content\/uploads\/2017\/06\/Mycotoxins.jpg","width":1200,"height":370},{"@type":"BreadcrumbList","@id":"https:\/\/www.upscience-labs.com\/vn\/cac-hoat-dong\/contaminants\/doc-to-nam-moc\/#breadcrumb","itemListElement":[{"@type":"ListItem","position":1,"name":"Home","item":"https:\/\/www.upscience-labs.com\/vn\/"},{"@type":"ListItem","position":2,"name":"D\u1ecaCH V\u1ee4 PH\u00c2N T\u00cdCH UPSCIENCE VI\u1ec6T NAM","item":"https:\/\/www.upscience-labs.com\/vn\/cac-hoat-dong\/"},{"@type":"ListItem","position":3,"name":"Nhi\u1ec5m ch\u00e9o","item":"https:\/\/www.upscience-labs.com\/vn\/cac-hoat-dong\/contaminants\/"},{"@type":"ListItem","position":4,"name":"\u0110\u1ed9c t\u1ed1 n\u1ea5m m\u1ed1c"}]},{"@type":"WebSite","@id":"https:\/\/www.upscience-labs.com\/#website","url":"https:\/\/www.upscience-labs.com\/","name":"Upscience","description":"Labs Solutions","potentialAction":[{"@type":"SearchAction","target":{"@type":"EntryPoint","urlTemplate":"https:\/\/www.upscience-labs.com\/?s={search_term_string}"},"query-input":{"@type":"PropertyValueSpecification","valueRequired":true,"valueName":"search_term_string"}}],"inLanguage":"vi"}]}},"_links":{"self":[{"href":"https:\/\/www.upscience-labs.com\/vn\/wp-json\/wp\/v2\/pages\/771","targetHints":{"allow":["GET"]}}],"collection":[{"href":"https:\/\/www.upscience-labs.com\/vn\/wp-json\/wp\/v2\/pages"}],"about":[{"href":"https:\/\/www.upscience-labs.com\/vn\/wp-json\/wp\/v2\/types\/page"}],"author":[{"embeddable":true,"href":"https:\/\/www.upscience-labs.com\/vn\/wp-json\/wp\/v2\/users\/22"}],"replies":[{"embeddable":true,"href":"https:\/\/www.upscience-labs.com\/vn\/wp-json\/wp\/v2\/comments?post=771"}],"version-history":[{"count":2,"href":"https:\/\/www.upscience-labs.com\/vn\/wp-json\/wp\/v2\/pages\/771\/revisions"}],"predecessor-version":[{"id":4023,"href":"https:\/\/www.upscience-labs.com\/vn\/wp-json\/wp\/v2\/pages\/771\/revisions\/4023"}],"up":[{"embeddable":true,"href":"https:\/\/www.upscience-labs.com\/vn\/wp-json\/wp\/v2\/pages\/760"}],"wp:featuredmedia":[{"embeddable":true,"href":"https:\/\/www.upscience-labs.com\/vn\/wp-json\/wp\/v2\/media\/1281"}],"wp:attachment":[{"href":"https:\/\/www.upscience-labs.com\/vn\/wp-json\/wp\/v2\/media?parent=771"}],"curies":[{"name":"wp","href":"https:\/\/api.w.org\/{rel}","templated":true}]}}