{"id":765,"date":"2017-07-12T17:00:29","date_gmt":"2017-07-12T15:00:29","guid":{"rendered":"https:\/\/www.upscience-labs.com\/cac-hoat-dong\/contaminants\/kim-loai-nang\/"},"modified":"2021-03-24T15:46:28","modified_gmt":"2021-03-24T14:46:28","slug":"kim-loai-nang","status":"publish","type":"page","link":"https:\/\/www.upscience-labs.com\/vn\/cac-hoat-dong\/contaminants\/kim-loai-nang\/","title":{"rendered":"Kim lo\u1ea1i n\u1eb7ng"},"content":{"rendered":"<div class=\"wpb-content-wrapper\"><p>[vc_row][vc_column][vc_column_text]<\/p>\n<h2>T\u1ea1i sao n\u00f3 l\u1ea1i quan tr\u1ecdng?<\/h2>\n<p>C\u00e1c nguy\u00ean t\u1ed1 vi l\u01b0\u1ee3ng, c\u00f2n g\u1ecdi l\u00e0 c\u00e1c kim lo\u1ea1i n\u1eb7ng, t\u1ed3n t\u1ea1i t\u1ef1 nhi\u00ean trong m\u00f4i tr\u01b0\u1eddng (kh\u00f4ng kh\u00ed, n\u01b0\u1edbc, \u0111\u1ea5t). Nh\u1eefng kim lo\u1ea1i n\u1eb7ng n\u00e0y c\u00f3 th\u1ec3 xu\u1ea5t hi\u1ec7n d\u01b0\u1edbi d\u1ea1ng d\u01b0 l\u01b0\u1ee3ng trong th\u1ee9c \u0103n ch\u0103n nu\u00f4i v\u00e0 th\u1ef1c ph\u1ea9m do s\u1ef1 hi\u1ec7n di\u1ec7n c\u1ee7a ch\u00fang trong m\u00f4i tr\u01b0\u1eddng (k\u1ebft qu\u1ea3 t\u1eeb c\u00e1c ho\u1ea1t \u0111\u1ed9ng c\u1ee7a con ng\u01b0\u1eddi, ch\u1eb3ng h\u1ea1n nh\u01b0 n\u00f4ng nghi\u1ec7p, c\u00f4ng nghi\u1ec7p ho\u1eb7c \u00f4 nhi\u1ec5m sau \u0111\u00f3 khi l\u01b0u tr\u1eef ho\u1eb7c x\u1eed l\u00fd). S\u1ef1 t\u00edch l\u0169y c\u1ee7a kim lo\u1ea1i n\u1eb7ng trong m\u1ed9t sinh v\u1eadt g\u00e2y ra nguy c\u01a1 cao cho s\u1ee9c kh\u1ecfe. Vi\u1ec7c n\u00e0y c\u00f3 th\u1ec3 t\u1ea1o ra t\u1eeb hai t\u00ecnh hu\u1ed1ng:<\/p>\n<p>Ph\u01a1i nhi\u1ec5m v\u1edbi li\u1ec1u cao (\u0111\u1ed9c t\u00ednh c\u1ea5p t\u00ednh)<br \/>\nPh\u01a1i nhi\u1ec5m k\u00e9o d\u00e0i \u1edf li\u1ec1u th\u1ea5p (t\u00edch l\u0169y trong m\u00f4 v\u00e0 \u0111\u1ed9c t\u00ednh m\u1ea1n t\u00ednh)<\/p>\n<p>Quy \u0111\u1ecbnh EC 1881\/2006 \u0111\u1eb7t ra n\u1ed3ng \u0111\u1ed9 t\u1ed1i \u0111a cho m\u1ed9t s\u1ed1 ch\u1ea5t nhi\u1ec5m nh\u1ea5t \u0111\u1ecbnh trong th\u1ef1c ph\u1ea9m, \u0111\u1eb7c bi\u1ec7t l\u00e0 ch\u00ec, cadmium, th\u1ee7y ng\u00e2n v\u00e0 thi\u1ebfc v\u00f4 c\u01a1. Vi\u1ec7c theo d\u00f5i d\u01b0 l\u01b0\u1ee3ng c\u1ee7a c\u00e1c nguy\u00ean t\u1ed1 h\u00f3a h\u1ecdc trong th\u1ef1c ph\u1ea9m c\u00f3 ngu\u1ed3n g\u1ed1c \u0111\u1ed9ng v\u1eadt \u0111\u01b0\u1ee3c quy \u0111\u1ecbnh trong Ch\u1ec9 th\u1ecb 96\/23 \/ EC.<br \/>\nT\u1ea1i Vi\u1ec7t Nam, c\u00e1c kim lo\u1ea1i n\u1eb7ng \u0111\u01b0\u1ee3c qu\u1ea3n l\u00fd theo quy \u0111\u1ecbnh QCVN 8-2:2011\/BYT<\/p>\n<h2>Upscience c\u00f3 th\u1ec3 gi\u00fap b\u1ea1n nh\u01b0 th\u1ebf n\u00e0o?<\/h2>\n<p>Upscience cung c\u1ea5p d\u1ecbch v\u1ee5 ph\u00e1t hi\u1ec7n v\u00e0 \u0111\u1ecbnh l\u01b0\u1ee3ng kim lo\u1ea1i n\u1eb7ng trong t\u1ea5t c\u1ea3 c\u00e1c lo\u1ea1i th\u1ee9c \u0103n (bao g\u1ed3m th\u1ef1c ph\u1ea9m cho tr\u1ebb nh\u1ecf) b\u1eb1ng ph\u01b0\u01a1ng ph\u00e1p Quang ph\u1ed5 ph\u00e1t x\u1ea1 plasma v\u00e0 Ph\u01b0\u01a1ng ph\u00e1p c\u1ea3m \u1ee9ng cao t\u1ea7n gh\u00e9p n\u1ed1i kh\u1ed1i ph\u1ed5 (ICP-MS) v\u00e0 Ph\u00e9p \u0111o \u0111i\u1ec7n th\u1ebf.[\/vc_column_text][\/vc_column][\/vc_row][vc_row][vc_column]<div id=\"contactform\" class=\"fondw-bleu\" >\r\n\t\t\t\t\t\t<div class=\"wrap container\">\r\n\t\t\t\t\t\t\t<div class=\"row\">\t \r\n\t\t\t\t\t\t\t\t<div class=\"col-md-6\">\r\n\t\t\t\t\t\t\t\t\t<div class=\"vc_btn3-container vc_btn3-center\">\r\n\t\t\t\t\t\t\t\t\t\t<div class=\"vc_general vc_btn3 vc_btn3-size-lg vc_btn3-shape-round vc_btn3-style-classic vc_btn3-block vc_btn3-color-bleu\"><a href=\"https:\/\/www.upscience-labs.com\/vn\/lien-he\/\"   >G\u1eedi y\u00eau c\u1ea7u cho ch\u00fang t\u00f4i\r\n  <\/a>\r\n\t\t\t\t\t\t\t\t\t\t<\/div>\r\n\t\t\t\t\t\t\t\t\t<\/div>\r\n\t\t\t\t\t\t\t\t<\/div><div class=\"col-md-6\">\r\n\t\t\t\t\t\t\t\t\t<div class=\"vc_btn3-container vc_btn3-center\">\r\n\t\t\t\t\t\t\t\t\t\t<div class=\"vc_general vc_btn3 vc_btn3-size-lg vc_btn3-shape-round vc_btn3-style-classic vc_btn3-block vc_btn3-color-bleu\">\r\n\t\t\t\t\t\t\t\t\t\t\t<span  class=\"phonenum\" itemprop=\"telephone\" id=\"clickToShow\"><a href=\"tel:(+84) 274 371 4930\">(+84) 274 371 4930<\/a>\r\n\t\t\t\t\t\t\t\t\t\t\t<\/span>\r\n\t\t\t\t\t\t\t\t\t\t<\/div>\r\n\t\t\t\t\t\t\t\t\t<\/div>\r\n\t\t\t\t\t\t\t\t<\/div>\r\n\t\t\t\t\t<script>\r\n\t\t\t\t\t\tjQuery(document).ready(function($) {\r\n\t\t\t\t\t\t\tvar shortNumber = $(\"#clickToShow\").text().substring(0,  $(\"#clickToShow\").text().length - 8);\r\n\t\t\t\t\t\t\tvar eventTracking = \"ga('send', 'event', 'call', 'call', 'phone NUM');\";\r\n\t\t\t\t\t\t\t$(\"#clickToShow\").hide().after('<span   id=\"clickToShowButton\" onClick=\" ' + eventTracking + ' \" >  <i class=\"icon-phone\"> <\/i> H\u1ed6 TR\u1ee2 KH\u00c1CH H\u00c0NG  <\/span >');\r\n\t\t\t\t\t\t\t$(\"#clickToShowButton\").click(function() {\r\n\t\t\t\t\t\t\t\t$(\"#clickToShow\").show();\r\n\t\t\t\t\t\t\t\t$(\"#clickToShowButton\").hide();\r\n\t\t\t\t\t\t\t});\r\n\t\t\t\t\t\t});\r\n\t\t\t\t\t<\/script><div>\t\t\t\t\t \r\n\t\t\t\t\t\t<\/div>\r\n\t\t\t\t\t<\/div>[\/vc_column][\/vc_row]<\/p>\n<\/div>","protected":false},"excerpt":{"rendered":"<p>[vc_row][vc_column][vc_column_text] T\u1ea1i sao n\u00f3 l\u1ea1i quan tr\u1ecdng? C\u00e1c nguy\u00ean t\u1ed1 vi l\u01b0\u1ee3ng, c\u00f2n g\u1ecdi l\u00e0 c\u00e1c kim lo\u1ea1i n\u1eb7ng, t\u1ed3n t\u1ea1i t\u1ef1 nhi\u00ean trong m\u00f4i tr\u01b0\u1eddng (kh\u00f4ng kh\u00ed, n\u01b0\u1edbc, \u0111\u1ea5t). Nh\u1eefng kim lo\u1ea1i n\u1eb7ng n\u00e0y c\u00f3 th\u1ec3 xu\u1ea5t hi\u1ec7n d\u01b0\u1edbi d\u1ea1ng d\u01b0 l\u01b0\u1ee3ng trong th\u1ee9c \u0103n ch\u0103n nu\u00f4i v\u00e0 th\u1ef1c ph\u1ea9m do s\u1ef1 hi\u1ec7n di\u1ec7n &hellip; <\/p>\n<div class=\"vc_btn3-container vc_btn3-right\"><a class=\"vc_general vc_btn3 vc_btn3-size-xs vc_btn3-shape-round vc_btn3-color-bleu more-link\" href=\"https:\/\/www.upscience-labs.com\/vn\/cac-hoat-dong\/contaminants\/kim-loai-nang\/\">Read More<\/a><\/div>\n","protected":false},"author":22,"featured_media":1279,"parent":760,"menu_order":223,"comment_status":"closed","ping_status":"closed","template":"template-interieur.php","meta":{"_acf_changed":false,"footnotes":""},"class_list":["post-765","page","type-page","status-publish","has-post-thumbnail","hentry"],"acf":[],"yoast_head":"<!-- This site is optimized with the Yoast SEO plugin v27.4 - https:\/\/yoast.com\/product\/yoast-seo-wordpress\/ -->\n<title>Kim lo\u1ea1i n\u1eb7ng - Upscience<\/title>\n<meta name=\"description\" content=\"C\u00e1c nguy\u00ean t\u1ed1 vi l\u01b0\u1ee3ng, c\u00f2n g\u1ecdi l\u00e0 c\u00e1c kim lo\u1ea1i n\u1eb7ng, t\u1ed3n t\u1ea1i t\u1ef1 nhi\u00ean trong m\u00f4i tr\u01b0\u1eddng (kh\u00f4ng kh\u00ed, n\u01b0\u1edbc, \u0111\u1ea5t).\" \/>\n<meta name=\"robots\" content=\"index, follow, max-snippet:-1, max-image-preview:large, max-video-preview:-1\" \/>\n<link rel=\"canonical\" href=\"https:\/\/www.upscience-labs.com\/vn\/cac-hoat-dong\/contaminants\/kim-loai-nang\/\" \/>\n<meta property=\"og:locale\" content=\"vi_VN\" \/>\n<meta property=\"og:type\" content=\"article\" \/>\n<meta property=\"og:title\" content=\"Kim lo\u1ea1i n\u1eb7ng - Upscience\" \/>\n<meta property=\"og:description\" content=\"C\u00e1c nguy\u00ean t\u1ed1 vi l\u01b0\u1ee3ng, c\u00f2n g\u1ecdi l\u00e0 c\u00e1c kim lo\u1ea1i n\u1eb7ng, t\u1ed3n t\u1ea1i t\u1ef1 nhi\u00ean trong m\u00f4i tr\u01b0\u1eddng (kh\u00f4ng kh\u00ed, n\u01b0\u1edbc, \u0111\u1ea5t).\" \/>\n<meta property=\"og:url\" content=\"https:\/\/www.upscience-labs.com\/vn\/cac-hoat-dong\/contaminants\/kim-loai-nang\/\" \/>\n<meta property=\"og:site_name\" content=\"Upscience\" \/>\n<meta property=\"article:modified_time\" content=\"2021-03-24T14:46:28+00:00\" \/>\n<meta property=\"og:image\" content=\"https:\/\/www.upscience-labs.com\/wp-content\/uploads\/2017\/06\/Heavy-metals.jpg\" \/>\n\t<meta property=\"og:image:width\" content=\"1401\" \/>\n\t<meta property=\"og:image:height\" content=\"400\" \/>\n\t<meta property=\"og:image:type\" content=\"image\/jpeg\" \/>\n<meta name=\"twitter:card\" content=\"summary_large_image\" \/>\n<meta name=\"twitter:label1\" content=\"\u01af\u1edbc t\u00ednh th\u1eddi gian \u0111\u1ecdc\" \/>\n\t<meta name=\"twitter:data1\" content=\"2 ph\u00fat\" \/>\n<script type=\"application\/ld+json\" class=\"yoast-schema-graph\">{\"@context\":\"https:\\\/\\\/schema.org\",\"@graph\":[{\"@type\":\"WebPage\",\"@id\":\"https:\\\/\\\/www.upscience-labs.com\\\/vn\\\/cac-hoat-dong\\\/contaminants\\\/kim-loai-nang\\\/\",\"url\":\"https:\\\/\\\/www.upscience-labs.com\\\/vn\\\/cac-hoat-dong\\\/contaminants\\\/kim-loai-nang\\\/\",\"name\":\"Kim lo\u1ea1i n\u1eb7ng - Upscience\",\"isPartOf\":{\"@id\":\"https:\\\/\\\/www.upscience-labs.com\\\/#website\"},\"primaryImageOfPage\":{\"@id\":\"https:\\\/\\\/www.upscience-labs.com\\\/vn\\\/cac-hoat-dong\\\/contaminants\\\/kim-loai-nang\\\/#primaryimage\"},\"image\":{\"@id\":\"https:\\\/\\\/www.upscience-labs.com\\\/vn\\\/cac-hoat-dong\\\/contaminants\\\/kim-loai-nang\\\/#primaryimage\"},\"thumbnailUrl\":\"https:\\\/\\\/www.upscience-labs.com\\\/wp-content\\\/uploads\\\/2017\\\/06\\\/Heavy-metals.jpg\",\"datePublished\":\"2017-07-12T15:00:29+00:00\",\"dateModified\":\"2021-03-24T14:46:28+00:00\",\"description\":\"C\u00e1c nguy\u00ean t\u1ed1 vi l\u01b0\u1ee3ng, c\u00f2n g\u1ecdi l\u00e0 c\u00e1c kim lo\u1ea1i n\u1eb7ng, t\u1ed3n t\u1ea1i t\u1ef1 nhi\u00ean trong m\u00f4i tr\u01b0\u1eddng (kh\u00f4ng kh\u00ed, n\u01b0\u1edbc, \u0111\u1ea5t).\",\"breadcrumb\":{\"@id\":\"https:\\\/\\\/www.upscience-labs.com\\\/vn\\\/cac-hoat-dong\\\/contaminants\\\/kim-loai-nang\\\/#breadcrumb\"},\"inLanguage\":\"vi\",\"potentialAction\":[{\"@type\":\"ReadAction\",\"target\":[\"https:\\\/\\\/www.upscience-labs.com\\\/vn\\\/cac-hoat-dong\\\/contaminants\\\/kim-loai-nang\\\/\"]}]},{\"@type\":\"ImageObject\",\"inLanguage\":\"vi\",\"@id\":\"https:\\\/\\\/www.upscience-labs.com\\\/vn\\\/cac-hoat-dong\\\/contaminants\\\/kim-loai-nang\\\/#primaryimage\",\"url\":\"https:\\\/\\\/www.upscience-labs.com\\\/wp-content\\\/uploads\\\/2017\\\/06\\\/Heavy-metals.jpg\",\"contentUrl\":\"https:\\\/\\\/www.upscience-labs.com\\\/wp-content\\\/uploads\\\/2017\\\/06\\\/Heavy-metals.jpg\",\"width\":1401,\"height\":400,\"caption\":\"healthy ready-made baby food on a wooden table\"},{\"@type\":\"BreadcrumbList\",\"@id\":\"https:\\\/\\\/www.upscience-labs.com\\\/vn\\\/cac-hoat-dong\\\/contaminants\\\/kim-loai-nang\\\/#breadcrumb\",\"itemListElement\":[{\"@type\":\"ListItem\",\"position\":1,\"name\":\"Home\",\"item\":\"https:\\\/\\\/www.upscience-labs.com\\\/vn\\\/\"},{\"@type\":\"ListItem\",\"position\":2,\"name\":\"D\u1ecaCH V\u1ee4 PH\u00c2N T\u00cdCH UPSCIENCE VI\u1ec6T NAM\",\"item\":\"https:\\\/\\\/www.upscience-labs.com\\\/vn\\\/cac-hoat-dong\\\/\"},{\"@type\":\"ListItem\",\"position\":3,\"name\":\"Nhi\u1ec5m ch\u00e9o\",\"item\":\"https:\\\/\\\/www.upscience-labs.com\\\/vn\\\/cac-hoat-dong\\\/contaminants\\\/\"},{\"@type\":\"ListItem\",\"position\":4,\"name\":\"Kim lo\u1ea1i n\u1eb7ng\"}]},{\"@type\":\"WebSite\",\"@id\":\"https:\\\/\\\/www.upscience-labs.com\\\/#website\",\"url\":\"https:\\\/\\\/www.upscience-labs.com\\\/\",\"name\":\"Upscience\",\"description\":\"Labs Solutions\",\"potentialAction\":[{\"@type\":\"SearchAction\",\"target\":{\"@type\":\"EntryPoint\",\"urlTemplate\":\"https:\\\/\\\/www.upscience-labs.com\\\/?s={search_term_string}\"},\"query-input\":{\"@type\":\"PropertyValueSpecification\",\"valueRequired\":true,\"valueName\":\"search_term_string\"}}],\"inLanguage\":\"vi\"}]}<\/script>\n<!-- \/ Yoast SEO plugin. -->","yoast_head_json":{"title":"Kim lo\u1ea1i n\u1eb7ng - Upscience","description":"C\u00e1c nguy\u00ean t\u1ed1 vi l\u01b0\u1ee3ng, c\u00f2n g\u1ecdi l\u00e0 c\u00e1c kim lo\u1ea1i n\u1eb7ng, t\u1ed3n t\u1ea1i t\u1ef1 nhi\u00ean trong m\u00f4i tr\u01b0\u1eddng (kh\u00f4ng kh\u00ed, n\u01b0\u1edbc, \u0111\u1ea5t).","robots":{"index":"index","follow":"follow","max-snippet":"max-snippet:-1","max-image-preview":"max-image-preview:large","max-video-preview":"max-video-preview:-1"},"canonical":"https:\/\/www.upscience-labs.com\/vn\/cac-hoat-dong\/contaminants\/kim-loai-nang\/","og_locale":"vi_VN","og_type":"article","og_title":"Kim lo\u1ea1i n\u1eb7ng - Upscience","og_description":"C\u00e1c nguy\u00ean t\u1ed1 vi l\u01b0\u1ee3ng, c\u00f2n g\u1ecdi l\u00e0 c\u00e1c kim lo\u1ea1i n\u1eb7ng, t\u1ed3n t\u1ea1i t\u1ef1 nhi\u00ean trong m\u00f4i tr\u01b0\u1eddng (kh\u00f4ng kh\u00ed, n\u01b0\u1edbc, \u0111\u1ea5t).","og_url":"https:\/\/www.upscience-labs.com\/vn\/cac-hoat-dong\/contaminants\/kim-loai-nang\/","og_site_name":"Upscience","article_modified_time":"2021-03-24T14:46:28+00:00","og_image":[{"width":1401,"height":400,"url":"https:\/\/www.upscience-labs.com\/wp-content\/uploads\/2017\/06\/Heavy-metals.jpg","type":"image\/jpeg"}],"twitter_card":"summary_large_image","twitter_misc":{"\u01af\u1edbc t\u00ednh th\u1eddi gian \u0111\u1ecdc":"2 ph\u00fat"},"schema":{"@context":"https:\/\/schema.org","@graph":[{"@type":"WebPage","@id":"https:\/\/www.upscience-labs.com\/vn\/cac-hoat-dong\/contaminants\/kim-loai-nang\/","url":"https:\/\/www.upscience-labs.com\/vn\/cac-hoat-dong\/contaminants\/kim-loai-nang\/","name":"Kim lo\u1ea1i n\u1eb7ng - Upscience","isPartOf":{"@id":"https:\/\/www.upscience-labs.com\/#website"},"primaryImageOfPage":{"@id":"https:\/\/www.upscience-labs.com\/vn\/cac-hoat-dong\/contaminants\/kim-loai-nang\/#primaryimage"},"image":{"@id":"https:\/\/www.upscience-labs.com\/vn\/cac-hoat-dong\/contaminants\/kim-loai-nang\/#primaryimage"},"thumbnailUrl":"https:\/\/www.upscience-labs.com\/wp-content\/uploads\/2017\/06\/Heavy-metals.jpg","datePublished":"2017-07-12T15:00:29+00:00","dateModified":"2021-03-24T14:46:28+00:00","description":"C\u00e1c nguy\u00ean t\u1ed1 vi l\u01b0\u1ee3ng, c\u00f2n g\u1ecdi l\u00e0 c\u00e1c kim lo\u1ea1i n\u1eb7ng, t\u1ed3n t\u1ea1i t\u1ef1 nhi\u00ean trong m\u00f4i tr\u01b0\u1eddng (kh\u00f4ng kh\u00ed, n\u01b0\u1edbc, \u0111\u1ea5t).","breadcrumb":{"@id":"https:\/\/www.upscience-labs.com\/vn\/cac-hoat-dong\/contaminants\/kim-loai-nang\/#breadcrumb"},"inLanguage":"vi","potentialAction":[{"@type":"ReadAction","target":["https:\/\/www.upscience-labs.com\/vn\/cac-hoat-dong\/contaminants\/kim-loai-nang\/"]}]},{"@type":"ImageObject","inLanguage":"vi","@id":"https:\/\/www.upscience-labs.com\/vn\/cac-hoat-dong\/contaminants\/kim-loai-nang\/#primaryimage","url":"https:\/\/www.upscience-labs.com\/wp-content\/uploads\/2017\/06\/Heavy-metals.jpg","contentUrl":"https:\/\/www.upscience-labs.com\/wp-content\/uploads\/2017\/06\/Heavy-metals.jpg","width":1401,"height":400,"caption":"healthy ready-made baby food on a wooden table"},{"@type":"BreadcrumbList","@id":"https:\/\/www.upscience-labs.com\/vn\/cac-hoat-dong\/contaminants\/kim-loai-nang\/#breadcrumb","itemListElement":[{"@type":"ListItem","position":1,"name":"Home","item":"https:\/\/www.upscience-labs.com\/vn\/"},{"@type":"ListItem","position":2,"name":"D\u1ecaCH V\u1ee4 PH\u00c2N T\u00cdCH UPSCIENCE VI\u1ec6T NAM","item":"https:\/\/www.upscience-labs.com\/vn\/cac-hoat-dong\/"},{"@type":"ListItem","position":3,"name":"Nhi\u1ec5m ch\u00e9o","item":"https:\/\/www.upscience-labs.com\/vn\/cac-hoat-dong\/contaminants\/"},{"@type":"ListItem","position":4,"name":"Kim lo\u1ea1i n\u1eb7ng"}]},{"@type":"WebSite","@id":"https:\/\/www.upscience-labs.com\/#website","url":"https:\/\/www.upscience-labs.com\/","name":"Upscience","description":"Labs Solutions","potentialAction":[{"@type":"SearchAction","target":{"@type":"EntryPoint","urlTemplate":"https:\/\/www.upscience-labs.com\/?s={search_term_string}"},"query-input":{"@type":"PropertyValueSpecification","valueRequired":true,"valueName":"search_term_string"}}],"inLanguage":"vi"}]}},"_links":{"self":[{"href":"https:\/\/www.upscience-labs.com\/vn\/wp-json\/wp\/v2\/pages\/765","targetHints":{"allow":["GET"]}}],"collection":[{"href":"https:\/\/www.upscience-labs.com\/vn\/wp-json\/wp\/v2\/pages"}],"about":[{"href":"https:\/\/www.upscience-labs.com\/vn\/wp-json\/wp\/v2\/types\/page"}],"author":[{"embeddable":true,"href":"https:\/\/www.upscience-labs.com\/vn\/wp-json\/wp\/v2\/users\/22"}],"replies":[{"embeddable":true,"href":"https:\/\/www.upscience-labs.com\/vn\/wp-json\/wp\/v2\/comments?post=765"}],"version-history":[{"count":2,"href":"https:\/\/www.upscience-labs.com\/vn\/wp-json\/wp\/v2\/pages\/765\/revisions"}],"predecessor-version":[{"id":4021,"href":"https:\/\/www.upscience-labs.com\/vn\/wp-json\/wp\/v2\/pages\/765\/revisions\/4021"}],"up":[{"embeddable":true,"href":"https:\/\/www.upscience-labs.com\/vn\/wp-json\/wp\/v2\/pages\/760"}],"wp:featuredmedia":[{"embeddable":true,"href":"https:\/\/www.upscience-labs.com\/vn\/wp-json\/wp\/v2\/media\/1279"}],"wp:attachment":[{"href":"https:\/\/www.upscience-labs.com\/vn\/wp-json\/wp\/v2\/media?parent=765"}],"curies":[{"name":"wp","href":"https:\/\/api.w.org\/{rel}","templated":true}]}}