{"id":760,"date":"2017-07-12T16:56:52","date_gmt":"2017-07-12T14:56:52","guid":{"rendered":"https:\/\/www.upscience-labs.com\/cac-hoat-dong\/contaminants\/"},"modified":"2021-07-01T06:34:46","modified_gmt":"2021-07-01T04:34:46","slug":"contaminants","status":"publish","type":"page","link":"https:\/\/www.upscience-labs.com\/vn\/cac-hoat-dong\/contaminants\/","title":{"rendered":"Nhi\u1ec5m ch\u00e9o"},"content":{"rendered":"","protected":false},"excerpt":{"rendered":"","protected":false},"author":22,"featured_media":0,"parent":753,"menu_order":220,"comment_status":"closed","ping_status":"closed","template":"template-carrefour.php","meta":{"_acf_changed":false,"footnotes":""},"class_list":["post-760","page","type-page","status-publish","hentry"],"acf":[],"yoast_head":"<!-- This site is optimized with the Yoast SEO plugin v27.5 - https:\/\/yoast.com\/product\/yoast-seo-wordpress\/ -->\n<title>Nhi\u1ec5m ch\u00e9o ch\u00ednh | Upscience Vi\u1ec7t Nam | Upscience<\/title>\n<meta name=\"description\" content=\"D\u1ecbch v\u1ee5 ph\u00e2n t\u00edch c\u00e1c ch\u1ea5t nhi\u1ec5m ch\u00e9o ch\u00ednh nh\u01b0 kim lo\u1ea1i n\u1eb7ng, \u0111\u1ed9c t\u1ed1 n\u1ea5m m\u1ed1c, ch\u1ea5t g\u00e2y d\u1ecb \u1ee9ng v\u00e0 c\u00e1c ch\u1ea5t k\u00edch th\u00edch\" \/>\n<meta name=\"robots\" content=\"index, follow, max-snippet:-1, max-image-preview:large, max-video-preview:-1\" \/>\n<link rel=\"canonical\" href=\"https:\/\/www.upscience-labs.com\/vn\/cac-hoat-dong\/contaminants\/\" \/>\n<meta property=\"og:locale\" content=\"vi_VN\" \/>\n<meta property=\"og:type\" content=\"article\" \/>\n<meta property=\"og:title\" content=\"Nhi\u1ec5m ch\u00e9o ch\u00ednh | Upscience Vi\u1ec7t Nam | Upscience\" \/>\n<meta property=\"og:description\" content=\"D\u1ecbch v\u1ee5 ph\u00e2n t\u00edch c\u00e1c ch\u1ea5t nhi\u1ec5m ch\u00e9o ch\u00ednh nh\u01b0 kim lo\u1ea1i n\u1eb7ng, \u0111\u1ed9c t\u1ed1 n\u1ea5m m\u1ed1c, ch\u1ea5t g\u00e2y d\u1ecb \u1ee9ng v\u00e0 c\u00e1c ch\u1ea5t k\u00edch th\u00edch\" \/>\n<meta property=\"og:url\" content=\"https:\/\/www.upscience-labs.com\/vn\/cac-hoat-dong\/contaminants\/\" \/>\n<meta property=\"og:site_name\" content=\"Upscience\" \/>\n<meta property=\"article:modified_time\" content=\"2021-07-01T04:34:46+00:00\" \/>\n<meta name=\"twitter:card\" content=\"summary_large_image\" \/>\n<script type=\"application\/ld+json\" class=\"yoast-schema-graph\">{\"@context\":\"https:\\\/\\\/schema.org\",\"@graph\":[{\"@type\":\"WebPage\",\"@id\":\"https:\\\/\\\/www.upscience-labs.com\\\/vn\\\/cac-hoat-dong\\\/contaminants\\\/\",\"url\":\"https:\\\/\\\/www.upscience-labs.com\\\/vn\\\/cac-hoat-dong\\\/contaminants\\\/\",\"name\":\"Nhi\u1ec5m ch\u00e9o ch\u00ednh | Upscience Vi\u1ec7t Nam | Upscience\",\"isPartOf\":{\"@id\":\"https:\\\/\\\/www.upscience-labs.com\\\/#website\"},\"datePublished\":\"2017-07-12T14:56:52+00:00\",\"dateModified\":\"2021-07-01T04:34:46+00:00\",\"description\":\"D\u1ecbch v\u1ee5 ph\u00e2n t\u00edch c\u00e1c ch\u1ea5t nhi\u1ec5m ch\u00e9o ch\u00ednh nh\u01b0 kim lo\u1ea1i n\u1eb7ng, \u0111\u1ed9c t\u1ed1 n\u1ea5m m\u1ed1c, ch\u1ea5t g\u00e2y d\u1ecb \u1ee9ng v\u00e0 c\u00e1c ch\u1ea5t k\u00edch th\u00edch\",\"breadcrumb\":{\"@id\":\"https:\\\/\\\/www.upscience-labs.com\\\/vn\\\/cac-hoat-dong\\\/contaminants\\\/#breadcrumb\"},\"inLanguage\":\"vi\",\"potentialAction\":[{\"@type\":\"ReadAction\",\"target\":[\"https:\\\/\\\/www.upscience-labs.com\\\/vn\\\/cac-hoat-dong\\\/contaminants\\\/\"]}]},{\"@type\":\"BreadcrumbList\",\"@id\":\"https:\\\/\\\/www.upscience-labs.com\\\/vn\\\/cac-hoat-dong\\\/contaminants\\\/#breadcrumb\",\"itemListElement\":[{\"@type\":\"ListItem\",\"position\":1,\"name\":\"Home\",\"item\":\"https:\\\/\\\/www.upscience-labs.com\\\/vn\\\/\"},{\"@type\":\"ListItem\",\"position\":2,\"name\":\"D\u1ecaCH V\u1ee4 PH\u00c2N T\u00cdCH UPSCIENCE VI\u1ec6T NAM\",\"item\":\"https:\\\/\\\/www.upscience-labs.com\\\/vn\\\/cac-hoat-dong\\\/\"},{\"@type\":\"ListItem\",\"position\":3,\"name\":\"Nhi\u1ec5m ch\u00e9o\"}]},{\"@type\":\"WebSite\",\"@id\":\"https:\\\/\\\/www.upscience-labs.com\\\/#website\",\"url\":\"https:\\\/\\\/www.upscience-labs.com\\\/\",\"name\":\"Upscience\",\"description\":\"Labs Solutions\",\"potentialAction\":[{\"@type\":\"SearchAction\",\"target\":{\"@type\":\"EntryPoint\",\"urlTemplate\":\"https:\\\/\\\/www.upscience-labs.com\\\/?s={search_term_string}\"},\"query-input\":{\"@type\":\"PropertyValueSpecification\",\"valueRequired\":true,\"valueName\":\"search_term_string\"}}],\"inLanguage\":\"vi\"}]}<\/script>\n<!-- \/ Yoast SEO plugin. -->","yoast_head_json":{"title":"Nhi\u1ec5m ch\u00e9o ch\u00ednh | Upscience Vi\u1ec7t Nam | Upscience","description":"D\u1ecbch v\u1ee5 ph\u00e2n t\u00edch c\u00e1c ch\u1ea5t nhi\u1ec5m ch\u00e9o ch\u00ednh nh\u01b0 kim lo\u1ea1i n\u1eb7ng, \u0111\u1ed9c t\u1ed1 n\u1ea5m m\u1ed1c, ch\u1ea5t g\u00e2y d\u1ecb \u1ee9ng v\u00e0 c\u00e1c ch\u1ea5t k\u00edch th\u00edch","robots":{"index":"index","follow":"follow","max-snippet":"max-snippet:-1","max-image-preview":"max-image-preview:large","max-video-preview":"max-video-preview:-1"},"canonical":"https:\/\/www.upscience-labs.com\/vn\/cac-hoat-dong\/contaminants\/","og_locale":"vi_VN","og_type":"article","og_title":"Nhi\u1ec5m ch\u00e9o ch\u00ednh | Upscience Vi\u1ec7t Nam | Upscience","og_description":"D\u1ecbch v\u1ee5 ph\u00e2n t\u00edch c\u00e1c ch\u1ea5t nhi\u1ec5m ch\u00e9o ch\u00ednh nh\u01b0 kim lo\u1ea1i n\u1eb7ng, \u0111\u1ed9c t\u1ed1 n\u1ea5m m\u1ed1c, ch\u1ea5t g\u00e2y d\u1ecb \u1ee9ng v\u00e0 c\u00e1c ch\u1ea5t k\u00edch th\u00edch","og_url":"https:\/\/www.upscience-labs.com\/vn\/cac-hoat-dong\/contaminants\/","og_site_name":"Upscience","article_modified_time":"2021-07-01T04:34:46+00:00","twitter_card":"summary_large_image","schema":{"@context":"https:\/\/schema.org","@graph":[{"@type":"WebPage","@id":"https:\/\/www.upscience-labs.com\/vn\/cac-hoat-dong\/contaminants\/","url":"https:\/\/www.upscience-labs.com\/vn\/cac-hoat-dong\/contaminants\/","name":"Nhi\u1ec5m ch\u00e9o ch\u00ednh | Upscience Vi\u1ec7t Nam | Upscience","isPartOf":{"@id":"https:\/\/www.upscience-labs.com\/#website"},"datePublished":"2017-07-12T14:56:52+00:00","dateModified":"2021-07-01T04:34:46+00:00","description":"D\u1ecbch v\u1ee5 ph\u00e2n t\u00edch c\u00e1c ch\u1ea5t nhi\u1ec5m ch\u00e9o ch\u00ednh nh\u01b0 kim lo\u1ea1i n\u1eb7ng, \u0111\u1ed9c t\u1ed1 n\u1ea5m m\u1ed1c, ch\u1ea5t g\u00e2y d\u1ecb \u1ee9ng v\u00e0 c\u00e1c ch\u1ea5t k\u00edch th\u00edch","breadcrumb":{"@id":"https:\/\/www.upscience-labs.com\/vn\/cac-hoat-dong\/contaminants\/#breadcrumb"},"inLanguage":"vi","potentialAction":[{"@type":"ReadAction","target":["https:\/\/www.upscience-labs.com\/vn\/cac-hoat-dong\/contaminants\/"]}]},{"@type":"BreadcrumbList","@id":"https:\/\/www.upscience-labs.com\/vn\/cac-hoat-dong\/contaminants\/#breadcrumb","itemListElement":[{"@type":"ListItem","position":1,"name":"Home","item":"https:\/\/www.upscience-labs.com\/vn\/"},{"@type":"ListItem","position":2,"name":"D\u1ecaCH V\u1ee4 PH\u00c2N T\u00cdCH UPSCIENCE VI\u1ec6T NAM","item":"https:\/\/www.upscience-labs.com\/vn\/cac-hoat-dong\/"},{"@type":"ListItem","position":3,"name":"Nhi\u1ec5m ch\u00e9o"}]},{"@type":"WebSite","@id":"https:\/\/www.upscience-labs.com\/#website","url":"https:\/\/www.upscience-labs.com\/","name":"Upscience","description":"Labs Solutions","potentialAction":[{"@type":"SearchAction","target":{"@type":"EntryPoint","urlTemplate":"https:\/\/www.upscience-labs.com\/?s={search_term_string}"},"query-input":{"@type":"PropertyValueSpecification","valueRequired":true,"valueName":"search_term_string"}}],"inLanguage":"vi"}]}},"_links":{"self":[{"href":"https:\/\/www.upscience-labs.com\/vn\/wp-json\/wp\/v2\/pages\/760","targetHints":{"allow":["GET"]}}],"collection":[{"href":"https:\/\/www.upscience-labs.com\/vn\/wp-json\/wp\/v2\/pages"}],"about":[{"href":"https:\/\/www.upscience-labs.com\/vn\/wp-json\/wp\/v2\/types\/page"}],"author":[{"embeddable":true,"href":"https:\/\/www.upscience-labs.com\/vn\/wp-json\/wp\/v2\/users\/22"}],"replies":[{"embeddable":true,"href":"https:\/\/www.upscience-labs.com\/vn\/wp-json\/wp\/v2\/comments?post=760"}],"version-history":[{"count":1,"href":"https:\/\/www.upscience-labs.com\/vn\/wp-json\/wp\/v2\/pages\/760\/revisions"}],"predecessor-version":[{"id":4789,"href":"https:\/\/www.upscience-labs.com\/vn\/wp-json\/wp\/v2\/pages\/760\/revisions\/4789"}],"up":[{"embeddable":true,"href":"https:\/\/www.upscience-labs.com\/vn\/wp-json\/wp\/v2\/pages\/753"}],"wp:attachment":[{"href":"https:\/\/www.upscience-labs.com\/vn\/wp-json\/wp\/v2\/media?parent=760"}],"curies":[{"name":"wp","href":"https:\/\/api.w.org\/{rel}","templated":true}]}}