{"id":759,"date":"2017-07-12T16:56:17","date_gmt":"2017-07-12T14:56:17","guid":{"rendered":"https:\/\/www.upscience-labs.com\/cac-hoat-dong\/phan-tich-thanh-phan-va-dinh-duong\/dinh-cua-san-pham\/"},"modified":"2022-11-23T13:22:48","modified_gmt":"2022-11-23T12:22:48","slug":"dinh-cua-san-pham","status":"publish","type":"page","link":"https:\/\/www.upscience-labs.com\/vn\/cac-hoat-dong\/phan-tich-thanh-phan-va-dinh-duong\/dinh-cua-san-pham\/","title":{"rendered":"\u0110\u1ed9 \u1ed5n \u0111\u1ecbnh c\u1ee7a s\u1ea3n ph\u1ea9m"},"content":{"rendered":"<div class=\"wpb-content-wrapper\"><p>[vc_row][vc_column][vc_column_text]X\u00e1c \u0111\u1ecbnh H\u1ea1n s\u1eed d\u1ee5ng (Use-By Date, hay UBD) v\u00e0 H\u1ea1n d\u00f9ng t\u1ed1t nh\u1ea5t (Best Before Date, hay BBD)<\/p>\n<p>UBD v\u00e0 BBD l\u00e0 hai m\u1ee5c th\u00f4ng tin kh\u00e1c nhau \u0111\u01b0\u1ee3c tr\u00ecnh b\u00e0y tr\u00ean bao b\u00ec s\u1ea3n ph\u1ea9m m\u00e0 kh\u00f4ng \u0111\u01b0\u1ee3c nh\u1ea7m l\u1eabn. C\u1ea3 hai \u0111\u1ec1u cho bi\u1ebft th\u00f4ng tin v\u1ec1 kho\u1ea3ng th\u1eddi gian m\u1ed9t s\u1ea3n ph\u1ea9m ph\u00f9 h\u1ee3p \u0111\u1ec3 ti\u00eau th\u1ee5. H\u1ea1n s\u1eed d\u1ee5ng (UBD) ch\u1ec9 ng\u00e0y m\u00e0 m\u1ed9t s\u1ea3n ph\u1ea9m ph\u1ea3i \u0111\u01b0\u1ee3c ti\u00eau th\u1ee5. T\u1ea5t c\u1ea3 c\u00e1c s\u1ea3n ph\u1ea9m (t\u01b0\u01a1i s\u1ed1ng hay \u0111\u00f3ng g\u00f3i) ph\u1ea3i hi\u1ec3n th\u1ecb th\u00f4ng tin n\u00e0y. Sau ng\u00e0y n\u00e0y, kh\u00f4ng \u0111\u01b0\u1ee3c ti\u00eau th\u1ee5 s\u1ea3n ph\u1ea9m v\u00ec s\u1ea3n ph\u1ea9m c\u00f3 th\u1ec3 c\u00f3 nguy c\u01a1 cho s\u1ee9c kh\u1ecfe. H\u1ea1n d\u00f9ng t\u1ed1t nh\u1ea5t (BBD) ch\u1ec9 ng\u00e0y m\u00e0 s\u1ea3n ph\u1ea9m c\u00f3 th\u1ec3 m\u1ea5t m\u1ed9t s\u1ed1 ch\u1ea5t l\u01b0\u1ee3ng dinh d\u01b0\u1ee1ng ho\u1eb7c h\u01b0\u01a1ng v\u1ecb. Sau ng\u00e0y n\u00e0y, s\u1ea3n ph\u1ea9m c\u00f3 th\u1ec3 \u0111\u01b0\u1ee3c ti\u00eau th\u1ee5 m\u00e0 kh\u00f4ng c\u00f3 nguy c\u01a1 cho s\u1ee9c kh\u1ecfe. Vi\u1ec7c x\u00e1c \u0111\u1ecbnh hai ng\u00e0y n\u00e0y c\u1ee5 th\u1ec3 cho t\u1eebng s\u1ea3n ph\u1ea9m. Upscience cung c\u1ea5p m\u1ed9t gi\u1ea3i ph\u00e1p gi\u1ea3i quy\u1ebft \u0111\u01b0\u1ee3c nhu c\u1ea7u bao g\u1ed3m hai giai \u0111o\u1ea1n:<\/p>\n<p><em>giai \u0111o\u1ea1n 1<\/em>: thi\u1ebft l\u1eadp th\u00f4ng s\u1ed1 k\u1ef9 thu\u1eadt (m\u00f4 t\u1ea3 \u0111\u1eb7c t\u00ednh c\u1ee7a th\u1ef1c ph\u1ea9m v\u00e0 quy tr\u00ecnh ch\u1ebf bi\u1ebfn)<br \/>\n<em>giai \u0111o\u1ea1n 2<\/em>: c\u00f4ng c\u1ee5 x\u00e1c minh v\u00e0 th\u1ea9m \u0111\u1ecbnh v\u00f2ng \u0111\u1eddi s\u1ea3n ph\u1ea9m : c\u00e1c thay th\u1ebf ch\u1ea5t c\u1ea3m quan: ph\u00e2n t\u00edch pH, ho\u1ea1t t\u00ednh c\u1ee7a n\u01b0\u1edbc (aw), s\u1ef1 t\u0103ng tr\u01b0\u1edfng c\u1ee7a vi sinh v\u1eadt:<\/p>\n<p>Trong quy \u0111\u1ecbnh S\u1ed1 1169\/2011 v\u1ec1 th\u00f4ng tin th\u1ef1c ph\u1ea9m d\u00e0nh cho kh\u00e1ch h\u00e0ng, h\u1ea1n d\u00f9ng \u0111\u01b0\u1ee3c \u0111\u1ecbnh ngh\u0129a trong \u0110i\u1ec1u 14 l\u00e0 \u201c&#8230; ng\u00e0y m\u1ed9t th\u1ef1c ph\u1ea9m \u0111\u01b0\u1ee3c cho l\u00e0 kh\u00f4ng an to\u00e0n theo \u0110i\u1ec1u 14 (2) \u0111\u1ebfn (5) c\u1ee7a Quy \u0111\u1ecbnh (EC) S\u1ed1 178\/2002&#8243;. Nhi\u1ec1u c\u01a1 quan qu\u1ea3n l\u00fd c\u0169ng \u0111\u1ec1 c\u1eadp \u0111\u1ebfn \u0111i\u1ec1u ki\u1ec7n n\u00e0y trong quy \u0111\u1ecbnh c\u1ee7a h\u1ecd.<br \/>\n\u0110\u1eb7c t\u00ednh v\u1ec1 ch\u1ea5t b\u00e9o<br \/>\nM\u1ed9t ch\u1ea5t lipid hay ch\u1ea5t b\u00e9o \u0111\u01b0\u1ee3c t\u1ea1o th\u00e0nh t\u1eeb c\u00e1c ph\u00e2n t\u1eed c\u00f3 t\u00ednh ch\u1ea5t k\u1ef5 n\u01b0\u1edbc. Ch\u1ea5t b\u00e1o ch\u1ee7 y\u1ebfu t\u1ea1o th\u00e0nh t\u1eeb c\u00e1c triglyceride l\u00e0 c\u00e1c ester d\u1eabn xu\u1ea5t t\u1eeb m\u1ed9t ph\u00e2n t\u1eed glycerol v\u00e0 3 axit b\u00e9o.<br \/>\nCh\u00fang \u0111\u01b0\u1ee3c t\u00ecm th\u1ea5y trong t\u1ef1 nhi\u00ean trong gi\u1edbi \u0111\u1ed9ng v\u1eadt v\u00e0 th\u1ef1c v\u1eadt, \u1edf th\u1ec3 r\u1eafn (m\u1ee1) v\u00e0 th\u1ec3 l\u1ecfng (d\u1ea7u). C\u00e1c nh\u00e0 s\u1ea3n xu\u1ea5t th\u1ee9c \u0103n, th\u1ee9c \u0103n ch\u0103n nu\u00f4i v\u00e0 th\u1ef1c ph\u1ea9m ch\u1ee9c n\u0103ng c\u00f3 th\u1ec3:<\/p>\n<p>ki\u1ec3m so\u00e1t c\u00e1c \u0111\u1eb7c t\u00ednh v\u1ec1 lipid c\u1ee7a s\u1ea3n ph\u1ea9m,<br \/>\n\u0111\u00e1nh gi\u00e1 s\u1ef1 thay \u0111\u1ed5i, ki\u1ec3m so\u00e1t \u0111\u1ed9 \u1ed5n \u0111\u1ecbnh oxy h\u00f3a c\u1ee7a s\u1ea3n ph\u1ea9m<\/p>\n<p>Upscience cung c\u1ea5p m\u1ed9t ph\u1ea1m vi ph\u00e2n t\u00edch r\u1ed9ng v\u1ec1 \u0111\u1eb7c t\u00ednh c\u1ee7a lipid: th\u00e0nh ph\u1ea7n axit b\u00e9o, axit b\u00e9o t\u1ef1 do, cholesterol, sterol, chi\u1ebft xu\u1ea5t ch\u1ebft b\u00e8o, gi\u00e1 tr\u1ecb peroxide, hexanal, x\u00e9t nghi\u1ec7m oxy h\u00f3a, v.v ph\u00e2n t\u00edch qua \u0111o m\u00e0u, HPLC ho\u1eb7c GC\/MS.<\/p>\n<p>\u0110\u1ed9 \u1ed5n \u0111\u1ecbnh oxy h\u00f3a l\u00e0 m\u1ed9t th\u00f4ng s\u1ed1 \u0111\u1ec3 \u0111\u00e1nh gi\u00e1 ch\u1ea5t l\u01b0\u1ee3ng c\u1ee7a d\u1ea7u v\u00e0 m\u1ee1. Th\u00f4ng s\u1ed1 n\u00e0y ph\u1ea3n \u1ea3nh ch\u1ea5t l\u01b0\u1ee3ng c\u1ee7a v\u1eadt li\u1ec7u th\u00f4 v\u00e0 t\u00f9y v\u00e0o th\u00e0nh ph\u1ea7n h\u00f3a h\u1ecdc c\u1ee7a b\u00e9o v\u00e0 \u0111i\u1ec1u ki\u1ec7n x\u1eed l\u00fd v\u00e0 b\u1ea3o qu\u1ea3n.<br \/>\n\u0110\u1ec3 \u0111\u00e1nh gi\u00e1 \u0111\u1ed9 \u1ed5n \u0111\u1ecbnh oxy h\u00f3a, d\u1ea7u v\u00e0 m\u1ee1 ph\u1ea3i \u0111\u01b0\u1ee3c ki\u1ec3m tra qua m\u1ed9t x\u00e9t nghi\u1ec7m oxy h\u00f3a nhanh d\u01b0\u1edbi nhi\u1ec7t \u0111\u1ed9, n\u1ed3ng \u0111\u1ed9 oxy, \u00e1nh s\u00e1ng v\u00e0 l\u1eafc chu\u1ea9n h\u00f3a.[\/vc_column_text][\/vc_column][\/vc_row][vc_row][vc_column]<div id=\"contactform\" class=\"fondw-bleu\" >\r\n\t\t\t\t\t\t<div class=\"wrap container\">\r\n\t\t\t\t\t\t\t<div class=\"row\">\t \r\n\t\t\t\t\t\t\t\t<div class=\"col-md-6\">\r\n\t\t\t\t\t\t\t\t\t<div class=\"vc_btn3-container vc_btn3-center\">\r\n\t\t\t\t\t\t\t\t\t\t<div class=\"vc_general vc_btn3 vc_btn3-size-lg vc_btn3-shape-round vc_btn3-style-classic vc_btn3-block vc_btn3-color-bleu\"><a href=\"https:\/\/www.upscience-labs.com\/vn\/lien-he\/\"   >G\u1eedi y\u00eau c\u1ea7u cho ch\u00fang t\u00f4i\r\n  <\/a>\r\n\t\t\t\t\t\t\t\t\t\t<\/div>\r\n\t\t\t\t\t\t\t\t\t<\/div>\r\n\t\t\t\t\t\t\t\t<\/div><div class=\"col-md-6\">\r\n\t\t\t\t\t\t\t\t\t<div class=\"vc_btn3-container vc_btn3-center\">\r\n\t\t\t\t\t\t\t\t\t\t<div class=\"vc_general vc_btn3 vc_btn3-size-lg vc_btn3-shape-round vc_btn3-style-classic vc_btn3-block vc_btn3-color-bleu\">\r\n\t\t\t\t\t\t\t\t\t\t\t<span  class=\"phonenum\" itemprop=\"telephone\" id=\"clickToShow\"><a href=\"tel:(+84) 274 371 4930\">(+84) 274 371 4930<\/a>\r\n\t\t\t\t\t\t\t\t\t\t\t<\/span>\r\n\t\t\t\t\t\t\t\t\t\t<\/div>\r\n\t\t\t\t\t\t\t\t\t<\/div>\r\n\t\t\t\t\t\t\t\t<\/div>\r\n\t\t\t\t\t<script>\r\n\t\t\t\t\t\tjQuery(document).ready(function($) {\r\n\t\t\t\t\t\t\tvar shortNumber = $(\"#clickToShow\").text().substring(0,  $(\"#clickToShow\").text().length - 8);\r\n\t\t\t\t\t\t\tvar eventTracking = \"ga('send', 'event', 'call', 'call', 'phone NUM');\";\r\n\t\t\t\t\t\t\t$(\"#clickToShow\").hide().after('<span   id=\"clickToShowButton\" onClick=\" ' + eventTracking + ' \" >  <i class=\"icon-phone\"> <\/i> H\u1ed6 TR\u1ee2 KH\u00c1CH H\u00c0NG  <\/span >');\r\n\t\t\t\t\t\t\t$(\"#clickToShowButton\").click(function() {\r\n\t\t\t\t\t\t\t\t$(\"#clickToShow\").show();\r\n\t\t\t\t\t\t\t\t$(\"#clickToShowButton\").hide();\r\n\t\t\t\t\t\t\t});\r\n\t\t\t\t\t\t});\r\n\t\t\t\t\t<\/script><div>\t\t\t\t\t \r\n\t\t\t\t\t\t<\/div>\r\n\t\t\t\t\t<\/div>[\/vc_column][\/vc_row]<\/p>\n<\/div>","protected":false},"excerpt":{"rendered":"<p>[vc_row][vc_column][vc_column_text]X\u00e1c \u0111\u1ecbnh H\u1ea1n s\u1eed d\u1ee5ng (Use-By Date, hay UBD) v\u00e0 H\u1ea1n d\u00f9ng t\u1ed1t nh\u1ea5t (Best Before Date, hay BBD) UBD v\u00e0 BBD l\u00e0 hai m\u1ee5c th\u00f4ng tin kh\u00e1c nhau \u0111\u01b0\u1ee3c tr\u00ecnh b\u00e0y tr\u00ean bao b\u00ec s\u1ea3n ph\u1ea9m m\u00e0 kh\u00f4ng \u0111\u01b0\u1ee3c nh\u1ea7m l\u1eabn. C\u1ea3 hai \u0111\u1ec1u cho bi\u1ebft th\u00f4ng tin v\u1ec1 kho\u1ea3ng th\u1eddi gian m\u1ed9t s\u1ea3n &hellip; <\/p>\n<div class=\"vc_btn3-container vc_btn3-right\"><a class=\"vc_general vc_btn3 vc_btn3-size-xs vc_btn3-shape-round vc_btn3-color-bleu more-link\" href=\"https:\/\/www.upscience-labs.com\/vn\/cac-hoat-dong\/phan-tich-thanh-phan-va-dinh-duong\/dinh-cua-san-pham\/\">Read More<\/a><\/div>\n","protected":false},"author":22,"featured_media":5833,"parent":757,"menu_order":212,"comment_status":"closed","ping_status":"closed","template":"template-interieur.php","meta":{"_acf_changed":false,"footnotes":""},"class_list":["post-759","page","type-page","status-publish","has-post-thumbnail","hentry"],"acf":[],"yoast_head":"<!-- This site is optimized with the Yoast SEO plugin v27.6 - https:\/\/yoast.com\/product\/yoast-seo-wordpress\/ -->\n<title>\u0110\u1ed9 \u1ed5n \u0111\u1ecbnh c\u1ee7a s\u1ea3n ph\u1ea9m - Upscience<\/title>\n<meta name=\"description\" content=\"Upscience cung c\u1ea5p m\u1ed9t ph\u1ea1m vi ph\u00e2n t\u00edch r\u1ed9ng v\u1ec1 \u0111\u1eb7c t\u00ednh c\u1ee7a lipid: th\u00e0nh ph\u1ea7n axit b\u00e9o, axit b\u00e9o t\u1ef1 do, cholesterol, sterol\" \/>\n<meta name=\"robots\" content=\"index, follow, max-snippet:-1, max-image-preview:large, max-video-preview:-1\" \/>\n<link rel=\"canonical\" href=\"https:\/\/www.upscience-labs.com\/vn\/cac-hoat-dong\/phan-tich-thanh-phan-va-dinh-duong\/dinh-cua-san-pham\/\" \/>\n<meta property=\"og:locale\" content=\"vi_VN\" \/>\n<meta property=\"og:type\" content=\"article\" \/>\n<meta property=\"og:title\" content=\"\u0110\u1ed9 \u1ed5n \u0111\u1ecbnh c\u1ee7a s\u1ea3n ph\u1ea9m - Upscience\" \/>\n<meta property=\"og:description\" content=\"Upscience cung c\u1ea5p m\u1ed9t ph\u1ea1m vi ph\u00e2n t\u00edch r\u1ed9ng v\u1ec1 \u0111\u1eb7c t\u00ednh c\u1ee7a lipid: th\u00e0nh ph\u1ea7n axit b\u00e9o, axit b\u00e9o t\u1ef1 do, cholesterol, sterol\" \/>\n<meta property=\"og:url\" content=\"https:\/\/www.upscience-labs.com\/vn\/cac-hoat-dong\/phan-tich-thanh-phan-va-dinh-duong\/dinh-cua-san-pham\/\" \/>\n<meta property=\"og:site_name\" content=\"Upscience\" \/>\n<meta property=\"article:modified_time\" content=\"2022-11-23T12:22:48+00:00\" \/>\n<meta property=\"og:image\" content=\"https:\/\/www.upscience-labs.com\/wp-content\/uploads\/2022\/11\/visuel_stabilite-produit_-site-internet-scaled.jpeg\" \/>\n\t<meta property=\"og:image:width\" content=\"2560\" \/>\n\t<meta property=\"og:image:height\" content=\"853\" \/>\n\t<meta property=\"og:image:type\" content=\"image\/jpeg\" \/>\n<meta name=\"twitter:card\" content=\"summary_large_image\" \/>\n<meta name=\"twitter:label1\" content=\"\u01af\u1edbc t\u00ednh th\u1eddi gian \u0111\u1ecdc\" \/>\n\t<meta name=\"twitter:data1\" content=\"3 ph\u00fat\" \/>\n<script type=\"application\/ld+json\" class=\"yoast-schema-graph\">{\"@context\":\"https:\\\/\\\/schema.org\",\"@graph\":[{\"@type\":\"WebPage\",\"@id\":\"https:\\\/\\\/www.upscience-labs.com\\\/vn\\\/cac-hoat-dong\\\/phan-tich-thanh-phan-va-dinh-duong\\\/dinh-cua-san-pham\\\/\",\"url\":\"https:\\\/\\\/www.upscience-labs.com\\\/vn\\\/cac-hoat-dong\\\/phan-tich-thanh-phan-va-dinh-duong\\\/dinh-cua-san-pham\\\/\",\"name\":\"\u0110\u1ed9 \u1ed5n \u0111\u1ecbnh c\u1ee7a s\u1ea3n ph\u1ea9m - Upscience\",\"isPartOf\":{\"@id\":\"https:\\\/\\\/www.upscience-labs.com\\\/#website\"},\"primaryImageOfPage\":{\"@id\":\"https:\\\/\\\/www.upscience-labs.com\\\/vn\\\/cac-hoat-dong\\\/phan-tich-thanh-phan-va-dinh-duong\\\/dinh-cua-san-pham\\\/#primaryimage\"},\"image\":{\"@id\":\"https:\\\/\\\/www.upscience-labs.com\\\/vn\\\/cac-hoat-dong\\\/phan-tich-thanh-phan-va-dinh-duong\\\/dinh-cua-san-pham\\\/#primaryimage\"},\"thumbnailUrl\":\"https:\\\/\\\/www.upscience-labs.com\\\/wp-content\\\/uploads\\\/2022\\\/11\\\/visuel_stabilite-produit_-site-internet-scaled.jpeg\",\"datePublished\":\"2017-07-12T14:56:17+00:00\",\"dateModified\":\"2022-11-23T12:22:48+00:00\",\"description\":\"Upscience cung c\u1ea5p m\u1ed9t ph\u1ea1m vi ph\u00e2n t\u00edch r\u1ed9ng v\u1ec1 \u0111\u1eb7c t\u00ednh c\u1ee7a lipid: th\u00e0nh ph\u1ea7n axit b\u00e9o, axit b\u00e9o t\u1ef1 do, cholesterol, sterol\",\"breadcrumb\":{\"@id\":\"https:\\\/\\\/www.upscience-labs.com\\\/vn\\\/cac-hoat-dong\\\/phan-tich-thanh-phan-va-dinh-duong\\\/dinh-cua-san-pham\\\/#breadcrumb\"},\"inLanguage\":\"vi\",\"potentialAction\":[{\"@type\":\"ReadAction\",\"target\":[\"https:\\\/\\\/www.upscience-labs.com\\\/vn\\\/cac-hoat-dong\\\/phan-tich-thanh-phan-va-dinh-duong\\\/dinh-cua-san-pham\\\/\"]}]},{\"@type\":\"ImageObject\",\"inLanguage\":\"vi\",\"@id\":\"https:\\\/\\\/www.upscience-labs.com\\\/vn\\\/cac-hoat-dong\\\/phan-tich-thanh-phan-va-dinh-duong\\\/dinh-cua-san-pham\\\/#primaryimage\",\"url\":\"https:\\\/\\\/www.upscience-labs.com\\\/wp-content\\\/uploads\\\/2022\\\/11\\\/visuel_stabilite-produit_-site-internet-scaled.jpeg\",\"contentUrl\":\"https:\\\/\\\/www.upscience-labs.com\\\/wp-content\\\/uploads\\\/2022\\\/11\\\/visuel_stabilite-produit_-site-internet-scaled.jpeg\",\"width\":2560,\"height\":853,\"caption\":\"A male chemist holds test tube of glass in his hand overflows a liquid solution of potassium permanganate conducts an analysis reaction takes various versions of reagents using chemical manufacturing.\"},{\"@type\":\"BreadcrumbList\",\"@id\":\"https:\\\/\\\/www.upscience-labs.com\\\/vn\\\/cac-hoat-dong\\\/phan-tich-thanh-phan-va-dinh-duong\\\/dinh-cua-san-pham\\\/#breadcrumb\",\"itemListElement\":[{\"@type\":\"ListItem\",\"position\":1,\"name\":\"Home\",\"item\":\"https:\\\/\\\/www.upscience-labs.com\\\/vn\\\/\"},{\"@type\":\"ListItem\",\"position\":2,\"name\":\"D\u1ecaCH V\u1ee4 PH\u00c2N T\u00cdCH UPSCIENCE VI\u1ec6T NAM\",\"item\":\"https:\\\/\\\/www.upscience-labs.com\\\/vn\\\/cac-hoat-dong\\\/\"},{\"@type\":\"ListItem\",\"position\":3,\"name\":\"Ph\u00e2n t\u00edch th\u00e0nh ph\u1ea7n v\u00e0 dinh d\u01b0\u1ee1ng\",\"item\":\"https:\\\/\\\/www.upscience-labs.com\\\/vn\\\/cac-hoat-dong\\\/phan-tich-thanh-phan-va-dinh-duong\\\/\"},{\"@type\":\"ListItem\",\"position\":4,\"name\":\"\u0110\u1ed9 \u1ed5n \u0111\u1ecbnh c\u1ee7a s\u1ea3n ph\u1ea9m\"}]},{\"@type\":\"WebSite\",\"@id\":\"https:\\\/\\\/www.upscience-labs.com\\\/#website\",\"url\":\"https:\\\/\\\/www.upscience-labs.com\\\/\",\"name\":\"Upscience\",\"description\":\"Labs Solutions\",\"potentialAction\":[{\"@type\":\"SearchAction\",\"target\":{\"@type\":\"EntryPoint\",\"urlTemplate\":\"https:\\\/\\\/www.upscience-labs.com\\\/?s={search_term_string}\"},\"query-input\":{\"@type\":\"PropertyValueSpecification\",\"valueRequired\":true,\"valueName\":\"search_term_string\"}}],\"inLanguage\":\"vi\"}]}<\/script>\n<!-- \/ Yoast SEO plugin. -->","yoast_head_json":{"title":"\u0110\u1ed9 \u1ed5n \u0111\u1ecbnh c\u1ee7a s\u1ea3n ph\u1ea9m - Upscience","description":"Upscience cung c\u1ea5p m\u1ed9t ph\u1ea1m vi ph\u00e2n t\u00edch r\u1ed9ng v\u1ec1 \u0111\u1eb7c t\u00ednh c\u1ee7a lipid: th\u00e0nh ph\u1ea7n axit b\u00e9o, axit b\u00e9o t\u1ef1 do, cholesterol, sterol","robots":{"index":"index","follow":"follow","max-snippet":"max-snippet:-1","max-image-preview":"max-image-preview:large","max-video-preview":"max-video-preview:-1"},"canonical":"https:\/\/www.upscience-labs.com\/vn\/cac-hoat-dong\/phan-tich-thanh-phan-va-dinh-duong\/dinh-cua-san-pham\/","og_locale":"vi_VN","og_type":"article","og_title":"\u0110\u1ed9 \u1ed5n \u0111\u1ecbnh c\u1ee7a s\u1ea3n ph\u1ea9m - Upscience","og_description":"Upscience cung c\u1ea5p m\u1ed9t ph\u1ea1m vi ph\u00e2n t\u00edch r\u1ed9ng v\u1ec1 \u0111\u1eb7c t\u00ednh c\u1ee7a lipid: th\u00e0nh ph\u1ea7n axit b\u00e9o, axit b\u00e9o t\u1ef1 do, cholesterol, sterol","og_url":"https:\/\/www.upscience-labs.com\/vn\/cac-hoat-dong\/phan-tich-thanh-phan-va-dinh-duong\/dinh-cua-san-pham\/","og_site_name":"Upscience","article_modified_time":"2022-11-23T12:22:48+00:00","og_image":[{"width":2560,"height":853,"url":"https:\/\/www.upscience-labs.com\/wp-content\/uploads\/2022\/11\/visuel_stabilite-produit_-site-internet-scaled.jpeg","type":"image\/jpeg"}],"twitter_card":"summary_large_image","twitter_misc":{"\u01af\u1edbc t\u00ednh th\u1eddi gian \u0111\u1ecdc":"3 ph\u00fat"},"schema":{"@context":"https:\/\/schema.org","@graph":[{"@type":"WebPage","@id":"https:\/\/www.upscience-labs.com\/vn\/cac-hoat-dong\/phan-tich-thanh-phan-va-dinh-duong\/dinh-cua-san-pham\/","url":"https:\/\/www.upscience-labs.com\/vn\/cac-hoat-dong\/phan-tich-thanh-phan-va-dinh-duong\/dinh-cua-san-pham\/","name":"\u0110\u1ed9 \u1ed5n \u0111\u1ecbnh c\u1ee7a s\u1ea3n ph\u1ea9m - Upscience","isPartOf":{"@id":"https:\/\/www.upscience-labs.com\/#website"},"primaryImageOfPage":{"@id":"https:\/\/www.upscience-labs.com\/vn\/cac-hoat-dong\/phan-tich-thanh-phan-va-dinh-duong\/dinh-cua-san-pham\/#primaryimage"},"image":{"@id":"https:\/\/www.upscience-labs.com\/vn\/cac-hoat-dong\/phan-tich-thanh-phan-va-dinh-duong\/dinh-cua-san-pham\/#primaryimage"},"thumbnailUrl":"https:\/\/www.upscience-labs.com\/wp-content\/uploads\/2022\/11\/visuel_stabilite-produit_-site-internet-scaled.jpeg","datePublished":"2017-07-12T14:56:17+00:00","dateModified":"2022-11-23T12:22:48+00:00","description":"Upscience cung c\u1ea5p m\u1ed9t ph\u1ea1m vi ph\u00e2n t\u00edch r\u1ed9ng v\u1ec1 \u0111\u1eb7c t\u00ednh c\u1ee7a lipid: th\u00e0nh ph\u1ea7n axit b\u00e9o, axit b\u00e9o t\u1ef1 do, cholesterol, sterol","breadcrumb":{"@id":"https:\/\/www.upscience-labs.com\/vn\/cac-hoat-dong\/phan-tich-thanh-phan-va-dinh-duong\/dinh-cua-san-pham\/#breadcrumb"},"inLanguage":"vi","potentialAction":[{"@type":"ReadAction","target":["https:\/\/www.upscience-labs.com\/vn\/cac-hoat-dong\/phan-tich-thanh-phan-va-dinh-duong\/dinh-cua-san-pham\/"]}]},{"@type":"ImageObject","inLanguage":"vi","@id":"https:\/\/www.upscience-labs.com\/vn\/cac-hoat-dong\/phan-tich-thanh-phan-va-dinh-duong\/dinh-cua-san-pham\/#primaryimage","url":"https:\/\/www.upscience-labs.com\/wp-content\/uploads\/2022\/11\/visuel_stabilite-produit_-site-internet-scaled.jpeg","contentUrl":"https:\/\/www.upscience-labs.com\/wp-content\/uploads\/2022\/11\/visuel_stabilite-produit_-site-internet-scaled.jpeg","width":2560,"height":853,"caption":"A male chemist holds test tube of glass in his hand overflows a liquid solution of potassium permanganate conducts an analysis reaction takes various versions of reagents using chemical manufacturing."},{"@type":"BreadcrumbList","@id":"https:\/\/www.upscience-labs.com\/vn\/cac-hoat-dong\/phan-tich-thanh-phan-va-dinh-duong\/dinh-cua-san-pham\/#breadcrumb","itemListElement":[{"@type":"ListItem","position":1,"name":"Home","item":"https:\/\/www.upscience-labs.com\/vn\/"},{"@type":"ListItem","position":2,"name":"D\u1ecaCH V\u1ee4 PH\u00c2N T\u00cdCH UPSCIENCE VI\u1ec6T NAM","item":"https:\/\/www.upscience-labs.com\/vn\/cac-hoat-dong\/"},{"@type":"ListItem","position":3,"name":"Ph\u00e2n t\u00edch th\u00e0nh ph\u1ea7n v\u00e0 dinh d\u01b0\u1ee1ng","item":"https:\/\/www.upscience-labs.com\/vn\/cac-hoat-dong\/phan-tich-thanh-phan-va-dinh-duong\/"},{"@type":"ListItem","position":4,"name":"\u0110\u1ed9 \u1ed5n \u0111\u1ecbnh c\u1ee7a s\u1ea3n ph\u1ea9m"}]},{"@type":"WebSite","@id":"https:\/\/www.upscience-labs.com\/#website","url":"https:\/\/www.upscience-labs.com\/","name":"Upscience","description":"Labs Solutions","potentialAction":[{"@type":"SearchAction","target":{"@type":"EntryPoint","urlTemplate":"https:\/\/www.upscience-labs.com\/?s={search_term_string}"},"query-input":{"@type":"PropertyValueSpecification","valueRequired":true,"valueName":"search_term_string"}}],"inLanguage":"vi"}]}},"_links":{"self":[{"href":"https:\/\/www.upscience-labs.com\/vn\/wp-json\/wp\/v2\/pages\/759","targetHints":{"allow":["GET"]}}],"collection":[{"href":"https:\/\/www.upscience-labs.com\/vn\/wp-json\/wp\/v2\/pages"}],"about":[{"href":"https:\/\/www.upscience-labs.com\/vn\/wp-json\/wp\/v2\/types\/page"}],"author":[{"embeddable":true,"href":"https:\/\/www.upscience-labs.com\/vn\/wp-json\/wp\/v2\/users\/22"}],"replies":[{"embeddable":true,"href":"https:\/\/www.upscience-labs.com\/vn\/wp-json\/wp\/v2\/comments?post=759"}],"version-history":[{"count":3,"href":"https:\/\/www.upscience-labs.com\/vn\/wp-json\/wp\/v2\/pages\/759\/revisions"}],"predecessor-version":[{"id":5848,"href":"https:\/\/www.upscience-labs.com\/vn\/wp-json\/wp\/v2\/pages\/759\/revisions\/5848"}],"up":[{"embeddable":true,"href":"https:\/\/www.upscience-labs.com\/vn\/wp-json\/wp\/v2\/pages\/757"}],"wp:featuredmedia":[{"embeddable":true,"href":"https:\/\/www.upscience-labs.com\/vn\/wp-json\/wp\/v2\/media\/5833"}],"wp:attachment":[{"href":"https:\/\/www.upscience-labs.com\/vn\/wp-json\/wp\/v2\/media?parent=759"}],"curies":[{"name":"wp","href":"https:\/\/api.w.org\/{rel}","templated":true}]}}