{"id":758,"date":"2017-07-12T16:54:49","date_gmt":"2017-07-12T14:54:49","guid":{"rendered":"https:\/\/www.upscience-labs.com\/cac-hoat-dong\/phan-tich-thanh-phan-va-dinh-duong\/gia-tri-dinh-duong\/"},"modified":"2021-03-24T15:27:52","modified_gmt":"2021-03-24T14:27:52","slug":"gia-tri-dinh-duong","status":"publish","type":"page","link":"https:\/\/www.upscience-labs.com\/vn\/cac-hoat-dong\/phan-tich-thanh-phan-va-dinh-duong\/gia-tri-dinh-duong\/","title":{"rendered":"Gi\u00e1 tr\u1ecb dinh d\u01b0\u1ee1ng"},"content":{"rendered":"<div class=\"wpb-content-wrapper\"><p>[vc_row][vc_column][vc_column_text]<\/p>\n<h2>T\u1ea1i sao n\u00f3 l\u1ea1i quan tr\u1ecdng?<\/h2>\n<p>Vi\u1ec7c ph\u00e2n t\u00edch gi\u00e1 tr\u1ecb dinh d\u01b0\u1ee1ng cho ph\u00e9p c\u00e1c th\u00e0nh ph\u1ea7n trong s\u1ea3n ph\u1ea9m c\u1ee7a kh\u00e1ch h\u00e0ng \u0111\u01b0\u1ee3c thi\u1ebft l\u1eadp v\u00e0 kh\u1eb3ng \u0111\u1ecbnh. C\u00e1c ph\u00e2n t\u00edch n\u00e0y c\u0169ng c\u00f3 th\u1ec3 th\u00fac \u0111\u1ea7y th\u00e0nh ph\u1ea7n s\u1ea3n ph\u1ea9m c\u1ee7a kh\u00e1ch h\u00e0ng, tr\u00ecnh b\u00e0y ch\u1ea5t l\u01b0\u1ee3ng dinh d\u01b0\u1ee1ng c\u1ee7a s\u1ea3n ph\u1ea9m (th\u00e0nh ph\u1ea7n ch\u1ea5t x\u01a1, c\u00e1c kho\u00e1ng ch\u1ea5t c\u1ee5 th\u1ec3, probiotic, prebiotic, v.v).<br \/>\nC\u00e1c quy \u0111\u1ecbnh qu\u1ed1c gia v\u00e0 qu\u1ed1c t\u1ebf \u0111\u01b0\u1ee3c thi\u1ebft l\u1eadp nh\u1eb1m b\u1ea3o v\u1ec7 v\u00e0 th\u00f4ng b\u00e1o \u0111\u1ebfn kh\u00e1ch h\u00e0ng. Trong nh\u1eefng n\u0103m g\u1ea7n \u0111\u00e2y, Li\u00ean Minh Ch\u00e2u \u00c2u \u0111\u00e3 t\u0103ng c\u01b0\u1eddng c\u00e1c quy \u0111\u1ecbnh v\u1ec1 d\u00e1n nh\u00e3n th\u1ef1c ph\u1ea9m v\u00e0 th\u1ee9c \u0103n ch\u0103n nu\u00f4i. Quy \u0111\u1ecbnh EU \u201cINCO\u201d (INformation to Consumer, hay Th\u00f4ng Tin \u0110\u1ebfn V\u1edbi Kh\u00e1ch H\u00e0ng) 1169\/2011 c\u00f3 hi\u1ec7u l\u1ef1c t\u1eeb n\u0103m 2014 \u0111\u1ed1i v\u1edbi c\u00e1c nh\u00e0 s\u1ea3n xu\u1ea5t v\u00e0 nh\u00e0 b\u00e1n l\u1ebb b\u00e1n s\u1ea3n ph\u1ea9m \u0111\u01b0\u1ee3c \u0111\u00f3ng g\u00f3i v\u00e0 kh\u00f4ng \u0111\u00f3ng g\u00f3i. Quy \u0111\u1ecbnh n\u00e0y ki\u1ec3m so\u00e1t vi\u1ec7c d\u00e1n nh\u00e3n \u0111\u1ed1i v\u1edbi gi\u00e1 tr\u1ecb dinh d\u01b0\u1ee1ng, GMO, d\u1ecb nguy\u00ean, c\u00e1c th\u00e0nh ph\u1ea7n t\u1eeb th\u1ecbt (\u0111\u1ecbnh danh lo\u00e0i) v\u00e0 c\u00e1c tuy\u00ean b\u1ed1 v\u1ec1 dinh d\u01b0\u1ee1ng v\u00e0 s\u1ee9c kh\u1ecfe, ch\u1eb3ng h\u1ea1n nh\u01b0 \u201cgi\u00e0u ch\u1ea5t x\u01a1\u201d, \u201cngu\u1ed3n \u0111\u1ea1m\u201d, \u201ckh\u00f4ng c\u00f3 ch\u1ea5t b\u00e9o\u201d, \u201cl\u01b0\u1ee3ng calo th\u1ea5p\u201d, \u201cngu\u1ed3n c\u00e1c vitamin\u201d.<br \/>\nNgay c\u1ea3 \u1edf nh\u1eefng qu\u1ed1c gia kh\u00f4ng c\u00f3 quy \u0111\u1ecbnh v\u1ec1 d\u00e1n nh\u00e3n c\u1ee5 th\u1ec3, v\u1eabn c\u00f3 lo ng\u1ea1i v\u1ec1 s\u1ef1 gia t\u0103ng nhu c\u1ea7u truy xu\u1ea5t ngu\u1ed3n g\u1ed1c v\u00e0 t\u00ednh an to\u00e0n c\u0169ng nh\u01b0 ch\u1ea5t l\u01b0\u1ee3ng s\u1ea3n ph\u1ea9m t\u1ed1t h\u01a1n.<\/p>\n<h2>Upscience c\u00f3 th\u1ec3 gi\u00fap b\u1ea1n nh\u01b0 th\u1ebf n\u00e0o?<\/h2>\n<p>Upscience c\u00f3 th\u1ec3 h\u1ed7 tr\u1ee3 kh\u00e1ch h\u00e0ng tu\u00e2n th\u1ee7 c\u00e1c quy \u0111\u1ecbnh v\u1ec1 nh\u00e3n dinh d\u01b0\u1ee1ng v\u00e0 th\u00fac \u0111\u1ea9y s\u1ea3n ph\u1ea9m c\u1ee7a kh\u00e1ch h\u00e0ng c\u1ea3 t\u1ea1i \u0111\u1ecba ph\u01b0\u01a1ng v\u00e0 to\u00e0n th\u1ebf gi\u1edbi, cung c\u1ea5p cho kh\u00e1ch h\u00e0ng t\u1ea5t c\u1ea3 c\u00e1c th\u00f4ng s\u1ed1 c\u1ea7n thi\u1ebft v\u00e0 \u0111\u1ea3m b\u1ea3o ph\u00f9 h\u1ee3p v\u1edbi c\u00e1c y\u00eau c\u1ea7u.[\/vc_column_text][\/vc_column][\/vc_row][vc_row][vc_column]<div id=\"contactform\" class=\"fondw-bleu\" >\r\n\t\t\t\t\t\t<div class=\"wrap container\">\r\n\t\t\t\t\t\t\t<div class=\"row\">\t \r\n\t\t\t\t\t\t\t\t<div class=\"col-md-6\">\r\n\t\t\t\t\t\t\t\t\t<div class=\"vc_btn3-container vc_btn3-center\">\r\n\t\t\t\t\t\t\t\t\t\t<div class=\"vc_general vc_btn3 vc_btn3-size-lg vc_btn3-shape-round vc_btn3-style-classic vc_btn3-block vc_btn3-color-bleu\"><a href=\"https:\/\/www.upscience-labs.com\/vn\/lien-he\/\"   >G\u1eedi y\u00eau c\u1ea7u cho ch\u00fang t\u00f4i\r\n  <\/a>\r\n\t\t\t\t\t\t\t\t\t\t<\/div>\r\n\t\t\t\t\t\t\t\t\t<\/div>\r\n\t\t\t\t\t\t\t\t<\/div><div class=\"col-md-6\">\r\n\t\t\t\t\t\t\t\t\t<div class=\"vc_btn3-container vc_btn3-center\">\r\n\t\t\t\t\t\t\t\t\t\t<div class=\"vc_general vc_btn3 vc_btn3-size-lg vc_btn3-shape-round vc_btn3-style-classic vc_btn3-block vc_btn3-color-bleu\">\r\n\t\t\t\t\t\t\t\t\t\t\t<span  class=\"phonenum\" itemprop=\"telephone\" id=\"clickToShow\"><a href=\"tel:(+84) 274 371 4930\">(+84) 274 371 4930<\/a>\r\n\t\t\t\t\t\t\t\t\t\t\t<\/span>\r\n\t\t\t\t\t\t\t\t\t\t<\/div>\r\n\t\t\t\t\t\t\t\t\t<\/div>\r\n\t\t\t\t\t\t\t\t<\/div>\r\n\t\t\t\t\t<script>\r\n\t\t\t\t\t\tjQuery(document).ready(function($) {\r\n\t\t\t\t\t\t\tvar shortNumber = $(\"#clickToShow\").text().substring(0,  $(\"#clickToShow\").text().length - 8);\r\n\t\t\t\t\t\t\tvar eventTracking = \"ga('send', 'event', 'call', 'call', 'phone NUM');\";\r\n\t\t\t\t\t\t\t$(\"#clickToShow\").hide().after('<span   id=\"clickToShowButton\" onClick=\" ' + eventTracking + ' \" >  <i class=\"icon-phone\"> <\/i> H\u1ed6 TR\u1ee2 KH\u00c1CH H\u00c0NG  <\/span >');\r\n\t\t\t\t\t\t\t$(\"#clickToShowButton\").click(function() {\r\n\t\t\t\t\t\t\t\t$(\"#clickToShow\").show();\r\n\t\t\t\t\t\t\t\t$(\"#clickToShowButton\").hide();\r\n\t\t\t\t\t\t\t});\r\n\t\t\t\t\t\t});\r\n\t\t\t\t\t<\/script><div>\t\t\t\t\t \r\n\t\t\t\t\t\t<\/div>\r\n\t\t\t\t\t<\/div>[\/vc_column][\/vc_row]<\/p>\n<\/div>","protected":false},"excerpt":{"rendered":"<p>[vc_row][vc_column][vc_column_text] T\u1ea1i sao n\u00f3 l\u1ea1i quan tr\u1ecdng? Vi\u1ec7c ph\u00e2n t\u00edch gi\u00e1 tr\u1ecb dinh d\u01b0\u1ee1ng cho ph\u00e9p c\u00e1c th\u00e0nh ph\u1ea7n trong s\u1ea3n ph\u1ea9m c\u1ee7a kh\u00e1ch h\u00e0ng \u0111\u01b0\u1ee3c thi\u1ebft l\u1eadp v\u00e0 kh\u1eb3ng \u0111\u1ecbnh. C\u00e1c ph\u00e2n t\u00edch n\u00e0y c\u0169ng c\u00f3 th\u1ec3 th\u00fac \u0111\u1ea7y th\u00e0nh ph\u1ea7n s\u1ea3n ph\u1ea9m c\u1ee7a kh\u00e1ch h\u00e0ng, tr\u00ecnh b\u00e0y ch\u1ea5t l\u01b0\u1ee3ng dinh d\u01b0\u1ee1ng c\u1ee7a s\u1ea3n &hellip; <\/p>\n<div class=\"vc_btn3-container vc_btn3-right\"><a class=\"vc_general vc_btn3 vc_btn3-size-xs vc_btn3-shape-round vc_btn3-color-bleu more-link\" href=\"https:\/\/www.upscience-labs.com\/vn\/cac-hoat-dong\/phan-tich-thanh-phan-va-dinh-duong\/gia-tri-dinh-duong\/\">Read More<\/a><\/div>\n","protected":false},"author":22,"featured_media":1270,"parent":757,"menu_order":211,"comment_status":"closed","ping_status":"closed","template":"template-interieur.php","meta":{"_acf_changed":false,"footnotes":""},"class_list":["post-758","page","type-page","status-publish","has-post-thumbnail","hentry"],"acf":[],"yoast_head":"<!-- This site is optimized with the Yoast SEO plugin v27.5 - https:\/\/yoast.com\/product\/yoast-seo-wordpress\/ -->\n<title>Gi\u00e1 tr\u1ecb dinh d\u01b0\u1ee1ng - Upscience<\/title>\n<meta name=\"description\" content=\"Vi\u1ec7c ph\u00e2n t\u00edch gi\u00e1 tr\u1ecb dinh d\u01b0\u1ee1ng cho ph\u00e9p c\u00e1c th\u00e0nh ph\u1ea7n trong s\u1ea3n ph\u1ea9m c\u1ee7a kh\u00e1ch h\u00e0ng \u0111\u01b0\u1ee3c thi\u1ebft l\u1eadp v\u00e0 kh\u1eb3ng \u0111\u1ecbn\" \/>\n<meta name=\"robots\" content=\"index, follow, max-snippet:-1, max-image-preview:large, max-video-preview:-1\" \/>\n<link rel=\"canonical\" href=\"https:\/\/www.upscience-labs.com\/vn\/cac-hoat-dong\/phan-tich-thanh-phan-va-dinh-duong\/gia-tri-dinh-duong\/\" \/>\n<meta property=\"og:locale\" content=\"vi_VN\" \/>\n<meta property=\"og:type\" content=\"article\" \/>\n<meta property=\"og:title\" content=\"Gi\u00e1 tr\u1ecb dinh d\u01b0\u1ee1ng - Upscience\" \/>\n<meta property=\"og:description\" content=\"Vi\u1ec7c ph\u00e2n t\u00edch gi\u00e1 tr\u1ecb dinh d\u01b0\u1ee1ng cho ph\u00e9p c\u00e1c th\u00e0nh ph\u1ea7n trong s\u1ea3n ph\u1ea9m c\u1ee7a kh\u00e1ch h\u00e0ng \u0111\u01b0\u1ee3c thi\u1ebft l\u1eadp v\u00e0 kh\u1eb3ng \u0111\u1ecbn\" \/>\n<meta property=\"og:url\" content=\"https:\/\/www.upscience-labs.com\/vn\/cac-hoat-dong\/phan-tich-thanh-phan-va-dinh-duong\/gia-tri-dinh-duong\/\" \/>\n<meta property=\"og:site_name\" content=\"Upscience\" \/>\n<meta property=\"article:modified_time\" content=\"2021-03-24T14:27:52+00:00\" \/>\n<meta property=\"og:image\" content=\"https:\/\/www.upscience-labs.com\/wp-content\/uploads\/2017\/06\/Nutritional-values.jpg\" \/>\n\t<meta property=\"og:image:width\" content=\"1676\" \/>\n\t<meta property=\"og:image:height\" content=\"400\" \/>\n\t<meta property=\"og:image:type\" content=\"image\/jpeg\" \/>\n<meta name=\"twitter:card\" content=\"summary_large_image\" \/>\n<meta name=\"twitter:label1\" content=\"\u01af\u1edbc t\u00ednh th\u1eddi gian \u0111\u1ecdc\" \/>\n\t<meta name=\"twitter:data1\" content=\"2 ph\u00fat\" \/>\n<script type=\"application\/ld+json\" class=\"yoast-schema-graph\">{\"@context\":\"https:\\\/\\\/schema.org\",\"@graph\":[{\"@type\":\"WebPage\",\"@id\":\"https:\\\/\\\/www.upscience-labs.com\\\/vn\\\/cac-hoat-dong\\\/phan-tich-thanh-phan-va-dinh-duong\\\/gia-tri-dinh-duong\\\/\",\"url\":\"https:\\\/\\\/www.upscience-labs.com\\\/vn\\\/cac-hoat-dong\\\/phan-tich-thanh-phan-va-dinh-duong\\\/gia-tri-dinh-duong\\\/\",\"name\":\"Gi\u00e1 tr\u1ecb dinh d\u01b0\u1ee1ng - Upscience\",\"isPartOf\":{\"@id\":\"https:\\\/\\\/www.upscience-labs.com\\\/#website\"},\"primaryImageOfPage\":{\"@id\":\"https:\\\/\\\/www.upscience-labs.com\\\/vn\\\/cac-hoat-dong\\\/phan-tich-thanh-phan-va-dinh-duong\\\/gia-tri-dinh-duong\\\/#primaryimage\"},\"image\":{\"@id\":\"https:\\\/\\\/www.upscience-labs.com\\\/vn\\\/cac-hoat-dong\\\/phan-tich-thanh-phan-va-dinh-duong\\\/gia-tri-dinh-duong\\\/#primaryimage\"},\"thumbnailUrl\":\"https:\\\/\\\/www.upscience-labs.com\\\/wp-content\\\/uploads\\\/2017\\\/06\\\/Nutritional-values.jpg\",\"datePublished\":\"2017-07-12T14:54:49+00:00\",\"dateModified\":\"2021-03-24T14:27:52+00:00\",\"description\":\"Vi\u1ec7c ph\u00e2n t\u00edch gi\u00e1 tr\u1ecb dinh d\u01b0\u1ee1ng cho ph\u00e9p c\u00e1c th\u00e0nh ph\u1ea7n trong s\u1ea3n ph\u1ea9m c\u1ee7a kh\u00e1ch h\u00e0ng \u0111\u01b0\u1ee3c thi\u1ebft l\u1eadp v\u00e0 kh\u1eb3ng \u0111\u1ecbn\",\"breadcrumb\":{\"@id\":\"https:\\\/\\\/www.upscience-labs.com\\\/vn\\\/cac-hoat-dong\\\/phan-tich-thanh-phan-va-dinh-duong\\\/gia-tri-dinh-duong\\\/#breadcrumb\"},\"inLanguage\":\"vi\",\"potentialAction\":[{\"@type\":\"ReadAction\",\"target\":[\"https:\\\/\\\/www.upscience-labs.com\\\/vn\\\/cac-hoat-dong\\\/phan-tich-thanh-phan-va-dinh-duong\\\/gia-tri-dinh-duong\\\/\"]}]},{\"@type\":\"ImageObject\",\"inLanguage\":\"vi\",\"@id\":\"https:\\\/\\\/www.upscience-labs.com\\\/vn\\\/cac-hoat-dong\\\/phan-tich-thanh-phan-va-dinh-duong\\\/gia-tri-dinh-duong\\\/#primaryimage\",\"url\":\"https:\\\/\\\/www.upscience-labs.com\\\/wp-content\\\/uploads\\\/2017\\\/06\\\/Nutritional-values.jpg\",\"contentUrl\":\"https:\\\/\\\/www.upscience-labs.com\\\/wp-content\\\/uploads\\\/2017\\\/06\\\/Nutritional-values.jpg\",\"width\":1676,\"height\":400,\"caption\":\"vials are arranged in the auto-sampler for the lab equipment.\"},{\"@type\":\"BreadcrumbList\",\"@id\":\"https:\\\/\\\/www.upscience-labs.com\\\/vn\\\/cac-hoat-dong\\\/phan-tich-thanh-phan-va-dinh-duong\\\/gia-tri-dinh-duong\\\/#breadcrumb\",\"itemListElement\":[{\"@type\":\"ListItem\",\"position\":1,\"name\":\"Home\",\"item\":\"https:\\\/\\\/www.upscience-labs.com\\\/vn\\\/\"},{\"@type\":\"ListItem\",\"position\":2,\"name\":\"D\u1ecaCH V\u1ee4 PH\u00c2N T\u00cdCH UPSCIENCE VI\u1ec6T NAM\",\"item\":\"https:\\\/\\\/www.upscience-labs.com\\\/vn\\\/cac-hoat-dong\\\/\"},{\"@type\":\"ListItem\",\"position\":3,\"name\":\"Ph\u00e2n t\u00edch th\u00e0nh ph\u1ea7n v\u00e0 dinh d\u01b0\u1ee1ng\",\"item\":\"https:\\\/\\\/www.upscience-labs.com\\\/vn\\\/cac-hoat-dong\\\/phan-tich-thanh-phan-va-dinh-duong\\\/\"},{\"@type\":\"ListItem\",\"position\":4,\"name\":\"Gi\u00e1 tr\u1ecb dinh d\u01b0\u1ee1ng\"}]},{\"@type\":\"WebSite\",\"@id\":\"https:\\\/\\\/www.upscience-labs.com\\\/#website\",\"url\":\"https:\\\/\\\/www.upscience-labs.com\\\/\",\"name\":\"Upscience\",\"description\":\"Labs Solutions\",\"potentialAction\":[{\"@type\":\"SearchAction\",\"target\":{\"@type\":\"EntryPoint\",\"urlTemplate\":\"https:\\\/\\\/www.upscience-labs.com\\\/?s={search_term_string}\"},\"query-input\":{\"@type\":\"PropertyValueSpecification\",\"valueRequired\":true,\"valueName\":\"search_term_string\"}}],\"inLanguage\":\"vi\"}]}<\/script>\n<!-- \/ Yoast SEO plugin. -->","yoast_head_json":{"title":"Gi\u00e1 tr\u1ecb dinh d\u01b0\u1ee1ng - Upscience","description":"Vi\u1ec7c ph\u00e2n t\u00edch gi\u00e1 tr\u1ecb dinh d\u01b0\u1ee1ng cho ph\u00e9p c\u00e1c th\u00e0nh ph\u1ea7n trong s\u1ea3n ph\u1ea9m c\u1ee7a kh\u00e1ch h\u00e0ng \u0111\u01b0\u1ee3c thi\u1ebft l\u1eadp v\u00e0 kh\u1eb3ng \u0111\u1ecbn","robots":{"index":"index","follow":"follow","max-snippet":"max-snippet:-1","max-image-preview":"max-image-preview:large","max-video-preview":"max-video-preview:-1"},"canonical":"https:\/\/www.upscience-labs.com\/vn\/cac-hoat-dong\/phan-tich-thanh-phan-va-dinh-duong\/gia-tri-dinh-duong\/","og_locale":"vi_VN","og_type":"article","og_title":"Gi\u00e1 tr\u1ecb dinh d\u01b0\u1ee1ng - Upscience","og_description":"Vi\u1ec7c ph\u00e2n t\u00edch gi\u00e1 tr\u1ecb dinh d\u01b0\u1ee1ng cho ph\u00e9p c\u00e1c th\u00e0nh ph\u1ea7n trong s\u1ea3n ph\u1ea9m c\u1ee7a kh\u00e1ch h\u00e0ng \u0111\u01b0\u1ee3c thi\u1ebft l\u1eadp v\u00e0 kh\u1eb3ng \u0111\u1ecbn","og_url":"https:\/\/www.upscience-labs.com\/vn\/cac-hoat-dong\/phan-tich-thanh-phan-va-dinh-duong\/gia-tri-dinh-duong\/","og_site_name":"Upscience","article_modified_time":"2021-03-24T14:27:52+00:00","og_image":[{"width":1676,"height":400,"url":"https:\/\/www.upscience-labs.com\/wp-content\/uploads\/2017\/06\/Nutritional-values.jpg","type":"image\/jpeg"}],"twitter_card":"summary_large_image","twitter_misc":{"\u01af\u1edbc t\u00ednh th\u1eddi gian \u0111\u1ecdc":"2 ph\u00fat"},"schema":{"@context":"https:\/\/schema.org","@graph":[{"@type":"WebPage","@id":"https:\/\/www.upscience-labs.com\/vn\/cac-hoat-dong\/phan-tich-thanh-phan-va-dinh-duong\/gia-tri-dinh-duong\/","url":"https:\/\/www.upscience-labs.com\/vn\/cac-hoat-dong\/phan-tich-thanh-phan-va-dinh-duong\/gia-tri-dinh-duong\/","name":"Gi\u00e1 tr\u1ecb dinh d\u01b0\u1ee1ng - Upscience","isPartOf":{"@id":"https:\/\/www.upscience-labs.com\/#website"},"primaryImageOfPage":{"@id":"https:\/\/www.upscience-labs.com\/vn\/cac-hoat-dong\/phan-tich-thanh-phan-va-dinh-duong\/gia-tri-dinh-duong\/#primaryimage"},"image":{"@id":"https:\/\/www.upscience-labs.com\/vn\/cac-hoat-dong\/phan-tich-thanh-phan-va-dinh-duong\/gia-tri-dinh-duong\/#primaryimage"},"thumbnailUrl":"https:\/\/www.upscience-labs.com\/wp-content\/uploads\/2017\/06\/Nutritional-values.jpg","datePublished":"2017-07-12T14:54:49+00:00","dateModified":"2021-03-24T14:27:52+00:00","description":"Vi\u1ec7c ph\u00e2n t\u00edch gi\u00e1 tr\u1ecb dinh d\u01b0\u1ee1ng cho ph\u00e9p c\u00e1c th\u00e0nh ph\u1ea7n trong s\u1ea3n ph\u1ea9m c\u1ee7a kh\u00e1ch h\u00e0ng \u0111\u01b0\u1ee3c thi\u1ebft l\u1eadp v\u00e0 kh\u1eb3ng \u0111\u1ecbn","breadcrumb":{"@id":"https:\/\/www.upscience-labs.com\/vn\/cac-hoat-dong\/phan-tich-thanh-phan-va-dinh-duong\/gia-tri-dinh-duong\/#breadcrumb"},"inLanguage":"vi","potentialAction":[{"@type":"ReadAction","target":["https:\/\/www.upscience-labs.com\/vn\/cac-hoat-dong\/phan-tich-thanh-phan-va-dinh-duong\/gia-tri-dinh-duong\/"]}]},{"@type":"ImageObject","inLanguage":"vi","@id":"https:\/\/www.upscience-labs.com\/vn\/cac-hoat-dong\/phan-tich-thanh-phan-va-dinh-duong\/gia-tri-dinh-duong\/#primaryimage","url":"https:\/\/www.upscience-labs.com\/wp-content\/uploads\/2017\/06\/Nutritional-values.jpg","contentUrl":"https:\/\/www.upscience-labs.com\/wp-content\/uploads\/2017\/06\/Nutritional-values.jpg","width":1676,"height":400,"caption":"vials are arranged in the auto-sampler for the lab equipment."},{"@type":"BreadcrumbList","@id":"https:\/\/www.upscience-labs.com\/vn\/cac-hoat-dong\/phan-tich-thanh-phan-va-dinh-duong\/gia-tri-dinh-duong\/#breadcrumb","itemListElement":[{"@type":"ListItem","position":1,"name":"Home","item":"https:\/\/www.upscience-labs.com\/vn\/"},{"@type":"ListItem","position":2,"name":"D\u1ecaCH V\u1ee4 PH\u00c2N T\u00cdCH UPSCIENCE VI\u1ec6T NAM","item":"https:\/\/www.upscience-labs.com\/vn\/cac-hoat-dong\/"},{"@type":"ListItem","position":3,"name":"Ph\u00e2n t\u00edch th\u00e0nh ph\u1ea7n v\u00e0 dinh d\u01b0\u1ee1ng","item":"https:\/\/www.upscience-labs.com\/vn\/cac-hoat-dong\/phan-tich-thanh-phan-va-dinh-duong\/"},{"@type":"ListItem","position":4,"name":"Gi\u00e1 tr\u1ecb dinh d\u01b0\u1ee1ng"}]},{"@type":"WebSite","@id":"https:\/\/www.upscience-labs.com\/#website","url":"https:\/\/www.upscience-labs.com\/","name":"Upscience","description":"Labs Solutions","potentialAction":[{"@type":"SearchAction","target":{"@type":"EntryPoint","urlTemplate":"https:\/\/www.upscience-labs.com\/?s={search_term_string}"},"query-input":{"@type":"PropertyValueSpecification","valueRequired":true,"valueName":"search_term_string"}}],"inLanguage":"vi"}]}},"_links":{"self":[{"href":"https:\/\/www.upscience-labs.com\/vn\/wp-json\/wp\/v2\/pages\/758","targetHints":{"allow":["GET"]}}],"collection":[{"href":"https:\/\/www.upscience-labs.com\/vn\/wp-json\/wp\/v2\/pages"}],"about":[{"href":"https:\/\/www.upscience-labs.com\/vn\/wp-json\/wp\/v2\/types\/page"}],"author":[{"embeddable":true,"href":"https:\/\/www.upscience-labs.com\/vn\/wp-json\/wp\/v2\/users\/22"}],"replies":[{"embeddable":true,"href":"https:\/\/www.upscience-labs.com\/vn\/wp-json\/wp\/v2\/comments?post=758"}],"version-history":[{"count":2,"href":"https:\/\/www.upscience-labs.com\/vn\/wp-json\/wp\/v2\/pages\/758\/revisions"}],"predecessor-version":[{"id":4013,"href":"https:\/\/www.upscience-labs.com\/vn\/wp-json\/wp\/v2\/pages\/758\/revisions\/4013"}],"up":[{"embeddable":true,"href":"https:\/\/www.upscience-labs.com\/vn\/wp-json\/wp\/v2\/pages\/757"}],"wp:featuredmedia":[{"embeddable":true,"href":"https:\/\/www.upscience-labs.com\/vn\/wp-json\/wp\/v2\/media\/1270"}],"wp:attachment":[{"href":"https:\/\/www.upscience-labs.com\/vn\/wp-json\/wp\/v2\/media?parent=758"}],"curies":[{"name":"wp","href":"https:\/\/api.w.org\/{rel}","templated":true}]}}