{"id":757,"date":"2017-07-12T16:51:55","date_gmt":"2017-07-12T14:51:55","guid":{"rendered":"https:\/\/www.upscience-labs.com\/cac-hoat-dong\/phan-tich-thanh-phan-va-dinh-duong\/"},"modified":"2021-07-01T06:41:15","modified_gmt":"2021-07-01T04:41:15","slug":"phan-tich-thanh-phan-va-dinh-duong","status":"publish","type":"page","link":"https:\/\/www.upscience-labs.com\/vn\/cac-hoat-dong\/phan-tich-thanh-phan-va-dinh-duong\/","title":{"rendered":"Ph\u00e2n t\u00edch th\u00e0nh ph\u1ea7n v\u00e0 dinh d\u01b0\u1ee1ng"},"content":{"rendered":"","protected":false},"excerpt":{"rendered":"","protected":false},"author":22,"featured_media":0,"parent":753,"menu_order":210,"comment_status":"closed","ping_status":"closed","template":"template-carrefour.php","meta":{"_acf_changed":false,"footnotes":""},"class_list":["post-757","page","type-page","status-publish","hentry"],"acf":[],"yoast_head":"<!-- This site is optimized with the Yoast SEO plugin v27.4 - https:\/\/yoast.com\/product\/yoast-seo-wordpress\/ -->\n<title>Ph\u00e2n t\u00edch th\u00e0nh ph\u1ea7n v\u00e0 dinh d\u01b0\u1ee1ng | Upscience Vi\u1ec7t Nam | Upscience<\/title>\n<meta name=\"description\" content=\"Vi\u1ec7c ph\u00e2n t\u00edch gi\u00e1 tr\u1ecb dinh d\u01b0\u1ee1ng cho ph\u00e9p c\u00e1c th\u00e0nh ph\u1ea7n trong s\u1ea3n ph\u1ea9m c\u1ee7a kh\u00e1ch h\u00e0ng \u0111\u01b0\u1ee3c thi\u1ebft l\u1eadp v\u00e0 kh\u1eb3ng \u0111\u1ecbnh. C\u00e1c ph\u00e2n t\u00edch n\u00e0y c\u00f3\" \/>\n<meta name=\"robots\" content=\"index, follow, max-snippet:-1, max-image-preview:large, max-video-preview:-1\" \/>\n<link rel=\"canonical\" href=\"https:\/\/www.upscience-labs.com\/vn\/cac-hoat-dong\/phan-tich-thanh-phan-va-dinh-duong\/\" \/>\n<meta property=\"og:locale\" content=\"vi_VN\" \/>\n<meta property=\"og:type\" content=\"article\" \/>\n<meta property=\"og:title\" content=\"Ph\u00e2n t\u00edch th\u00e0nh ph\u1ea7n v\u00e0 dinh d\u01b0\u1ee1ng | Upscience Vi\u1ec7t Nam | Upscience\" \/>\n<meta property=\"og:description\" content=\"Vi\u1ec7c ph\u00e2n t\u00edch gi\u00e1 tr\u1ecb dinh d\u01b0\u1ee1ng cho ph\u00e9p c\u00e1c th\u00e0nh ph\u1ea7n trong s\u1ea3n ph\u1ea9m c\u1ee7a kh\u00e1ch h\u00e0ng \u0111\u01b0\u1ee3c thi\u1ebft l\u1eadp v\u00e0 kh\u1eb3ng \u0111\u1ecbnh. C\u00e1c ph\u00e2n t\u00edch n\u00e0y c\u00f3\" \/>\n<meta property=\"og:url\" content=\"https:\/\/www.upscience-labs.com\/vn\/cac-hoat-dong\/phan-tich-thanh-phan-va-dinh-duong\/\" \/>\n<meta property=\"og:site_name\" content=\"Upscience\" \/>\n<meta property=\"article:modified_time\" content=\"2021-07-01T04:41:15+00:00\" \/>\n<meta name=\"twitter:card\" content=\"summary_large_image\" \/>\n<script type=\"application\/ld+json\" class=\"yoast-schema-graph\">{\"@context\":\"https:\\\/\\\/schema.org\",\"@graph\":[{\"@type\":\"WebPage\",\"@id\":\"https:\\\/\\\/www.upscience-labs.com\\\/vn\\\/cac-hoat-dong\\\/phan-tich-thanh-phan-va-dinh-duong\\\/\",\"url\":\"https:\\\/\\\/www.upscience-labs.com\\\/vn\\\/cac-hoat-dong\\\/phan-tich-thanh-phan-va-dinh-duong\\\/\",\"name\":\"Ph\u00e2n t\u00edch th\u00e0nh ph\u1ea7n v\u00e0 dinh d\u01b0\u1ee1ng | Upscience Vi\u1ec7t Nam | Upscience\",\"isPartOf\":{\"@id\":\"https:\\\/\\\/www.upscience-labs.com\\\/#website\"},\"datePublished\":\"2017-07-12T14:51:55+00:00\",\"dateModified\":\"2021-07-01T04:41:15+00:00\",\"description\":\"Vi\u1ec7c ph\u00e2n t\u00edch gi\u00e1 tr\u1ecb dinh d\u01b0\u1ee1ng cho ph\u00e9p c\u00e1c th\u00e0nh ph\u1ea7n trong s\u1ea3n ph\u1ea9m c\u1ee7a kh\u00e1ch h\u00e0ng \u0111\u01b0\u1ee3c thi\u1ebft l\u1eadp v\u00e0 kh\u1eb3ng \u0111\u1ecbnh. C\u00e1c ph\u00e2n t\u00edch n\u00e0y c\u00f3\",\"breadcrumb\":{\"@id\":\"https:\\\/\\\/www.upscience-labs.com\\\/vn\\\/cac-hoat-dong\\\/phan-tich-thanh-phan-va-dinh-duong\\\/#breadcrumb\"},\"inLanguage\":\"vi\",\"potentialAction\":[{\"@type\":\"ReadAction\",\"target\":[\"https:\\\/\\\/www.upscience-labs.com\\\/vn\\\/cac-hoat-dong\\\/phan-tich-thanh-phan-va-dinh-duong\\\/\"]}]},{\"@type\":\"BreadcrumbList\",\"@id\":\"https:\\\/\\\/www.upscience-labs.com\\\/vn\\\/cac-hoat-dong\\\/phan-tich-thanh-phan-va-dinh-duong\\\/#breadcrumb\",\"itemListElement\":[{\"@type\":\"ListItem\",\"position\":1,\"name\":\"Home\",\"item\":\"https:\\\/\\\/www.upscience-labs.com\\\/vn\\\/\"},{\"@type\":\"ListItem\",\"position\":2,\"name\":\"D\u1ecaCH V\u1ee4 PH\u00c2N T\u00cdCH UPSCIENCE VI\u1ec6T NAM\",\"item\":\"https:\\\/\\\/www.upscience-labs.com\\\/vn\\\/cac-hoat-dong\\\/\"},{\"@type\":\"ListItem\",\"position\":3,\"name\":\"Ph\u00e2n t\u00edch th\u00e0nh ph\u1ea7n v\u00e0 dinh d\u01b0\u1ee1ng\"}]},{\"@type\":\"WebSite\",\"@id\":\"https:\\\/\\\/www.upscience-labs.com\\\/#website\",\"url\":\"https:\\\/\\\/www.upscience-labs.com\\\/\",\"name\":\"Upscience\",\"description\":\"Labs Solutions\",\"potentialAction\":[{\"@type\":\"SearchAction\",\"target\":{\"@type\":\"EntryPoint\",\"urlTemplate\":\"https:\\\/\\\/www.upscience-labs.com\\\/?s={search_term_string}\"},\"query-input\":{\"@type\":\"PropertyValueSpecification\",\"valueRequired\":true,\"valueName\":\"search_term_string\"}}],\"inLanguage\":\"vi\"}]}<\/script>\n<!-- \/ Yoast SEO plugin. -->","yoast_head_json":{"title":"Ph\u00e2n t\u00edch th\u00e0nh ph\u1ea7n v\u00e0 dinh d\u01b0\u1ee1ng | Upscience Vi\u1ec7t Nam | Upscience","description":"Vi\u1ec7c ph\u00e2n t\u00edch gi\u00e1 tr\u1ecb dinh d\u01b0\u1ee1ng cho ph\u00e9p c\u00e1c th\u00e0nh ph\u1ea7n trong s\u1ea3n ph\u1ea9m c\u1ee7a kh\u00e1ch h\u00e0ng \u0111\u01b0\u1ee3c thi\u1ebft l\u1eadp v\u00e0 kh\u1eb3ng \u0111\u1ecbnh. C\u00e1c ph\u00e2n t\u00edch n\u00e0y c\u00f3","robots":{"index":"index","follow":"follow","max-snippet":"max-snippet:-1","max-image-preview":"max-image-preview:large","max-video-preview":"max-video-preview:-1"},"canonical":"https:\/\/www.upscience-labs.com\/vn\/cac-hoat-dong\/phan-tich-thanh-phan-va-dinh-duong\/","og_locale":"vi_VN","og_type":"article","og_title":"Ph\u00e2n t\u00edch th\u00e0nh ph\u1ea7n v\u00e0 dinh d\u01b0\u1ee1ng | Upscience Vi\u1ec7t Nam | Upscience","og_description":"Vi\u1ec7c ph\u00e2n t\u00edch gi\u00e1 tr\u1ecb dinh d\u01b0\u1ee1ng cho ph\u00e9p c\u00e1c th\u00e0nh ph\u1ea7n trong s\u1ea3n ph\u1ea9m c\u1ee7a kh\u00e1ch h\u00e0ng \u0111\u01b0\u1ee3c thi\u1ebft l\u1eadp v\u00e0 kh\u1eb3ng \u0111\u1ecbnh. C\u00e1c ph\u00e2n t\u00edch n\u00e0y c\u00f3","og_url":"https:\/\/www.upscience-labs.com\/vn\/cac-hoat-dong\/phan-tich-thanh-phan-va-dinh-duong\/","og_site_name":"Upscience","article_modified_time":"2021-07-01T04:41:15+00:00","twitter_card":"summary_large_image","schema":{"@context":"https:\/\/schema.org","@graph":[{"@type":"WebPage","@id":"https:\/\/www.upscience-labs.com\/vn\/cac-hoat-dong\/phan-tich-thanh-phan-va-dinh-duong\/","url":"https:\/\/www.upscience-labs.com\/vn\/cac-hoat-dong\/phan-tich-thanh-phan-va-dinh-duong\/","name":"Ph\u00e2n t\u00edch th\u00e0nh ph\u1ea7n v\u00e0 dinh d\u01b0\u1ee1ng | Upscience Vi\u1ec7t Nam | Upscience","isPartOf":{"@id":"https:\/\/www.upscience-labs.com\/#website"},"datePublished":"2017-07-12T14:51:55+00:00","dateModified":"2021-07-01T04:41:15+00:00","description":"Vi\u1ec7c ph\u00e2n t\u00edch gi\u00e1 tr\u1ecb dinh d\u01b0\u1ee1ng cho ph\u00e9p c\u00e1c th\u00e0nh ph\u1ea7n trong s\u1ea3n ph\u1ea9m c\u1ee7a kh\u00e1ch h\u00e0ng \u0111\u01b0\u1ee3c thi\u1ebft l\u1eadp v\u00e0 kh\u1eb3ng \u0111\u1ecbnh. C\u00e1c ph\u00e2n t\u00edch n\u00e0y c\u00f3","breadcrumb":{"@id":"https:\/\/www.upscience-labs.com\/vn\/cac-hoat-dong\/phan-tich-thanh-phan-va-dinh-duong\/#breadcrumb"},"inLanguage":"vi","potentialAction":[{"@type":"ReadAction","target":["https:\/\/www.upscience-labs.com\/vn\/cac-hoat-dong\/phan-tich-thanh-phan-va-dinh-duong\/"]}]},{"@type":"BreadcrumbList","@id":"https:\/\/www.upscience-labs.com\/vn\/cac-hoat-dong\/phan-tich-thanh-phan-va-dinh-duong\/#breadcrumb","itemListElement":[{"@type":"ListItem","position":1,"name":"Home","item":"https:\/\/www.upscience-labs.com\/vn\/"},{"@type":"ListItem","position":2,"name":"D\u1ecaCH V\u1ee4 PH\u00c2N T\u00cdCH UPSCIENCE VI\u1ec6T NAM","item":"https:\/\/www.upscience-labs.com\/vn\/cac-hoat-dong\/"},{"@type":"ListItem","position":3,"name":"Ph\u00e2n t\u00edch th\u00e0nh ph\u1ea7n v\u00e0 dinh d\u01b0\u1ee1ng"}]},{"@type":"WebSite","@id":"https:\/\/www.upscience-labs.com\/#website","url":"https:\/\/www.upscience-labs.com\/","name":"Upscience","description":"Labs Solutions","potentialAction":[{"@type":"SearchAction","target":{"@type":"EntryPoint","urlTemplate":"https:\/\/www.upscience-labs.com\/?s={search_term_string}"},"query-input":{"@type":"PropertyValueSpecification","valueRequired":true,"valueName":"search_term_string"}}],"inLanguage":"vi"}]}},"_links":{"self":[{"href":"https:\/\/www.upscience-labs.com\/vn\/wp-json\/wp\/v2\/pages\/757","targetHints":{"allow":["GET"]}}],"collection":[{"href":"https:\/\/www.upscience-labs.com\/vn\/wp-json\/wp\/v2\/pages"}],"about":[{"href":"https:\/\/www.upscience-labs.com\/vn\/wp-json\/wp\/v2\/types\/page"}],"author":[{"embeddable":true,"href":"https:\/\/www.upscience-labs.com\/vn\/wp-json\/wp\/v2\/users\/22"}],"replies":[{"embeddable":true,"href":"https:\/\/www.upscience-labs.com\/vn\/wp-json\/wp\/v2\/comments?post=757"}],"version-history":[{"count":2,"href":"https:\/\/www.upscience-labs.com\/vn\/wp-json\/wp\/v2\/pages\/757\/revisions"}],"predecessor-version":[{"id":5849,"href":"https:\/\/www.upscience-labs.com\/vn\/wp-json\/wp\/v2\/pages\/757\/revisions\/5849"}],"up":[{"embeddable":true,"href":"https:\/\/www.upscience-labs.com\/vn\/wp-json\/wp\/v2\/pages\/753"}],"wp:attachment":[{"href":"https:\/\/www.upscience-labs.com\/vn\/wp-json\/wp\/v2\/media?parent=757"}],"curies":[{"name":"wp","href":"https:\/\/api.w.org\/{rel}","templated":true}]}}