{"id":753,"date":"2017-07-12T16:50:46","date_gmt":"2017-07-12T14:50:46","guid":{"rendered":"https:\/\/www.upscience-labs.com\/cac-hoat-dong\/"},"modified":"2021-07-07T09:40:58","modified_gmt":"2021-07-07T07:40:58","slug":"cac-hoat-dong","status":"publish","type":"page","link":"https:\/\/www.upscience-labs.com\/vn\/cac-hoat-dong\/","title":{"rendered":"D\u1ecaCH V\u1ee4 PH\u00c2N T\u00cdCH UPSCIENCE VI\u1ec6T NAM"},"content":{"rendered":"","protected":false},"excerpt":{"rendered":"","protected":false},"author":22,"featured_media":0,"parent":0,"menu_order":200,"comment_status":"closed","ping_status":"closed","template":"template-carrefour.php","meta":{"_acf_changed":false,"footnotes":""},"class_list":["post-753","page","type-page","status-publish","hentry"],"acf":[],"yoast_head":"<!-- This site is optimized with the Yoast SEO plugin v27.4 - https:\/\/yoast.com\/product\/yoast-seo-wordpress\/ -->\n<title>C\u00e1c d\u1ecbch v\u1ee5 ph\u00e2n t\u00edch ch\u00ednh | Upscience | Upscience Vi\u1ec7t Nam<\/title>\n<meta name=\"description\" content=\"C\u00e1c d\u1ecbch v\u1ee5 ph\u00e2n t\u00edch ch\u00ednh t\u1ea1i ph\u00f2ng th\u00ed nghi\u1ec7m Upscience bao g\u1ed3m : H\u1ed7 tr\u1ee3 k\u1ef9 thu\u1eadt, ki\u1ec3m tra v\u00e0 thanh tra , ph\u00e1t tri\u1ec3n v\u00e0 ph\u00ea chu\u1ea9n\" \/>\n<meta name=\"robots\" content=\"index, follow, max-snippet:-1, max-image-preview:large, max-video-preview:-1\" \/>\n<link rel=\"canonical\" href=\"https:\/\/www.upscience-labs.com\/vn\/cac-hoat-dong\/\" \/>\n<meta property=\"og:locale\" content=\"vi_VN\" \/>\n<meta property=\"og:type\" content=\"article\" \/>\n<meta property=\"og:title\" content=\"C\u00e1c d\u1ecbch v\u1ee5 ph\u00e2n t\u00edch ch\u00ednh | Upscience | Upscience Vi\u1ec7t Nam\" \/>\n<meta property=\"og:description\" content=\"C\u00e1c d\u1ecbch v\u1ee5 ph\u00e2n t\u00edch ch\u00ednh t\u1ea1i ph\u00f2ng th\u00ed nghi\u1ec7m Upscience bao g\u1ed3m : H\u1ed7 tr\u1ee3 k\u1ef9 thu\u1eadt, ki\u1ec3m tra v\u00e0 thanh tra , ph\u00e1t tri\u1ec3n v\u00e0 ph\u00ea chu\u1ea9n\" \/>\n<meta property=\"og:url\" content=\"https:\/\/www.upscience-labs.com\/vn\/cac-hoat-dong\/\" \/>\n<meta property=\"og:site_name\" content=\"Upscience\" \/>\n<meta property=\"article:modified_time\" content=\"2021-07-07T07:40:58+00:00\" \/>\n<meta name=\"twitter:card\" content=\"summary_large_image\" \/>\n<script type=\"application\/ld+json\" class=\"yoast-schema-graph\">{\"@context\":\"https:\\\/\\\/schema.org\",\"@graph\":[{\"@type\":\"WebPage\",\"@id\":\"https:\\\/\\\/www.upscience-labs.com\\\/vn\\\/cac-hoat-dong\\\/\",\"url\":\"https:\\\/\\\/www.upscience-labs.com\\\/vn\\\/cac-hoat-dong\\\/\",\"name\":\"C\u00e1c d\u1ecbch v\u1ee5 ph\u00e2n t\u00edch ch\u00ednh | Upscience | Upscience Vi\u1ec7t Nam\",\"isPartOf\":{\"@id\":\"https:\\\/\\\/www.upscience-labs.com\\\/#website\"},\"datePublished\":\"2017-07-12T14:50:46+00:00\",\"dateModified\":\"2021-07-07T07:40:58+00:00\",\"description\":\"C\u00e1c d\u1ecbch v\u1ee5 ph\u00e2n t\u00edch ch\u00ednh t\u1ea1i ph\u00f2ng th\u00ed nghi\u1ec7m Upscience bao g\u1ed3m : H\u1ed7 tr\u1ee3 k\u1ef9 thu\u1eadt, ki\u1ec3m tra v\u00e0 thanh tra , ph\u00e1t tri\u1ec3n v\u00e0 ph\u00ea chu\u1ea9n\",\"breadcrumb\":{\"@id\":\"https:\\\/\\\/www.upscience-labs.com\\\/vn\\\/cac-hoat-dong\\\/#breadcrumb\"},\"inLanguage\":\"vi\",\"potentialAction\":[{\"@type\":\"ReadAction\",\"target\":[\"https:\\\/\\\/www.upscience-labs.com\\\/vn\\\/cac-hoat-dong\\\/\"]}]},{\"@type\":\"BreadcrumbList\",\"@id\":\"https:\\\/\\\/www.upscience-labs.com\\\/vn\\\/cac-hoat-dong\\\/#breadcrumb\",\"itemListElement\":[{\"@type\":\"ListItem\",\"position\":1,\"name\":\"Home\",\"item\":\"https:\\\/\\\/www.upscience-labs.com\\\/vn\\\/\"},{\"@type\":\"ListItem\",\"position\":2,\"name\":\"D\u1ecaCH V\u1ee4 PH\u00c2N T\u00cdCH UPSCIENCE VI\u1ec6T NAM\"}]},{\"@type\":\"WebSite\",\"@id\":\"https:\\\/\\\/www.upscience-labs.com\\\/#website\",\"url\":\"https:\\\/\\\/www.upscience-labs.com\\\/\",\"name\":\"Upscience\",\"description\":\"Labs Solutions\",\"potentialAction\":[{\"@type\":\"SearchAction\",\"target\":{\"@type\":\"EntryPoint\",\"urlTemplate\":\"https:\\\/\\\/www.upscience-labs.com\\\/?s={search_term_string}\"},\"query-input\":{\"@type\":\"PropertyValueSpecification\",\"valueRequired\":true,\"valueName\":\"search_term_string\"}}],\"inLanguage\":\"vi\"}]}<\/script>\n<!-- \/ Yoast SEO plugin. -->","yoast_head_json":{"title":"C\u00e1c d\u1ecbch v\u1ee5 ph\u00e2n t\u00edch ch\u00ednh | Upscience | Upscience Vi\u1ec7t Nam","description":"C\u00e1c d\u1ecbch v\u1ee5 ph\u00e2n t\u00edch ch\u00ednh t\u1ea1i ph\u00f2ng th\u00ed nghi\u1ec7m Upscience bao g\u1ed3m : H\u1ed7 tr\u1ee3 k\u1ef9 thu\u1eadt, ki\u1ec3m tra v\u00e0 thanh tra , ph\u00e1t tri\u1ec3n v\u00e0 ph\u00ea chu\u1ea9n","robots":{"index":"index","follow":"follow","max-snippet":"max-snippet:-1","max-image-preview":"max-image-preview:large","max-video-preview":"max-video-preview:-1"},"canonical":"https:\/\/www.upscience-labs.com\/vn\/cac-hoat-dong\/","og_locale":"vi_VN","og_type":"article","og_title":"C\u00e1c d\u1ecbch v\u1ee5 ph\u00e2n t\u00edch ch\u00ednh | Upscience | Upscience Vi\u1ec7t Nam","og_description":"C\u00e1c d\u1ecbch v\u1ee5 ph\u00e2n t\u00edch ch\u00ednh t\u1ea1i ph\u00f2ng th\u00ed nghi\u1ec7m Upscience bao g\u1ed3m : H\u1ed7 tr\u1ee3 k\u1ef9 thu\u1eadt, ki\u1ec3m tra v\u00e0 thanh tra , ph\u00e1t tri\u1ec3n v\u00e0 ph\u00ea chu\u1ea9n","og_url":"https:\/\/www.upscience-labs.com\/vn\/cac-hoat-dong\/","og_site_name":"Upscience","article_modified_time":"2021-07-07T07:40:58+00:00","twitter_card":"summary_large_image","schema":{"@context":"https:\/\/schema.org","@graph":[{"@type":"WebPage","@id":"https:\/\/www.upscience-labs.com\/vn\/cac-hoat-dong\/","url":"https:\/\/www.upscience-labs.com\/vn\/cac-hoat-dong\/","name":"C\u00e1c d\u1ecbch v\u1ee5 ph\u00e2n t\u00edch ch\u00ednh | Upscience | Upscience Vi\u1ec7t Nam","isPartOf":{"@id":"https:\/\/www.upscience-labs.com\/#website"},"datePublished":"2017-07-12T14:50:46+00:00","dateModified":"2021-07-07T07:40:58+00:00","description":"C\u00e1c d\u1ecbch v\u1ee5 ph\u00e2n t\u00edch ch\u00ednh t\u1ea1i ph\u00f2ng th\u00ed nghi\u1ec7m Upscience bao g\u1ed3m : H\u1ed7 tr\u1ee3 k\u1ef9 thu\u1eadt, ki\u1ec3m tra v\u00e0 thanh tra , ph\u00e1t tri\u1ec3n v\u00e0 ph\u00ea chu\u1ea9n","breadcrumb":{"@id":"https:\/\/www.upscience-labs.com\/vn\/cac-hoat-dong\/#breadcrumb"},"inLanguage":"vi","potentialAction":[{"@type":"ReadAction","target":["https:\/\/www.upscience-labs.com\/vn\/cac-hoat-dong\/"]}]},{"@type":"BreadcrumbList","@id":"https:\/\/www.upscience-labs.com\/vn\/cac-hoat-dong\/#breadcrumb","itemListElement":[{"@type":"ListItem","position":1,"name":"Home","item":"https:\/\/www.upscience-labs.com\/vn\/"},{"@type":"ListItem","position":2,"name":"D\u1ecaCH V\u1ee4 PH\u00c2N T\u00cdCH UPSCIENCE VI\u1ec6T NAM"}]},{"@type":"WebSite","@id":"https:\/\/www.upscience-labs.com\/#website","url":"https:\/\/www.upscience-labs.com\/","name":"Upscience","description":"Labs Solutions","potentialAction":[{"@type":"SearchAction","target":{"@type":"EntryPoint","urlTemplate":"https:\/\/www.upscience-labs.com\/?s={search_term_string}"},"query-input":{"@type":"PropertyValueSpecification","valueRequired":true,"valueName":"search_term_string"}}],"inLanguage":"vi"}]}},"_links":{"self":[{"href":"https:\/\/www.upscience-labs.com\/vn\/wp-json\/wp\/v2\/pages\/753","targetHints":{"allow":["GET"]}}],"collection":[{"href":"https:\/\/www.upscience-labs.com\/vn\/wp-json\/wp\/v2\/pages"}],"about":[{"href":"https:\/\/www.upscience-labs.com\/vn\/wp-json\/wp\/v2\/types\/page"}],"author":[{"embeddable":true,"href":"https:\/\/www.upscience-labs.com\/vn\/wp-json\/wp\/v2\/users\/22"}],"replies":[{"embeddable":true,"href":"https:\/\/www.upscience-labs.com\/vn\/wp-json\/wp\/v2\/comments?post=753"}],"version-history":[{"count":2,"href":"https:\/\/www.upscience-labs.com\/vn\/wp-json\/wp\/v2\/pages\/753\/revisions"}],"predecessor-version":[{"id":4788,"href":"https:\/\/www.upscience-labs.com\/vn\/wp-json\/wp\/v2\/pages\/753\/revisions\/4788"}],"wp:attachment":[{"href":"https:\/\/www.upscience-labs.com\/vn\/wp-json\/wp\/v2\/media?parent=753"}],"curies":[{"name":"wp","href":"https:\/\/api.w.org\/{rel}","templated":true}]}}