{"id":752,"date":"2017-07-12T16:50:02","date_gmt":"2017-07-12T14:50:02","guid":{"rendered":"https:\/\/www.upscience-labs.com\/gioi-thieu-ve-chung-toi\/cam-ket-cua-chung-toi\/"},"modified":"2021-03-24T15:22:15","modified_gmt":"2021-03-24T14:22:15","slug":"cam-ket-cua-chung-toi","status":"publish","type":"page","link":"https:\/\/www.upscience-labs.com\/vn\/gioi-thieu-ve-chung-toi\/cam-ket-cua-chung-toi\/","title":{"rendered":"Cam k\u1ebft c\u1ee7a ch\u00fang t\u00f4i"},"content":{"rendered":"<div class=\"wpb-content-wrapper\"><p>[vc_row][vc_column][vc_column_text]<\/p>\n<h2>Ph\u1ea3n h\u1ed3i nhanh<\/h2>\n<p>Ch\u00fang t\u00f4i bi\u1ebft r\u1eb1ng ph\u1ea3n h\u1ed3i th\u00f4ng tin nhanh l\u00e0 quan tr\u1ecdng gi\u00fap kh\u00e1ch h\u00e0ng ra quy\u1ebft \u0111\u1ecbnh, ch\u00fang t\u00f4i lu\u00f4n lu\u00f4n \u0111\u1ed5i m\u1edbi c\u00e1c ph\u01b0\u01a1ng ph\u00e1p x\u00e9t nghi\u1ec7m v\u00e0 t\u1ed1c \u0111\u1ed9 th\u1ef1c hi\u1ec7n d\u1ecbch v\u1ee5 \u0111\u01b0\u1ee3c gi\u00e1m s\u00e1t ch\u1eb7t ch\u1ebd trong ph\u00f2ng th\u00ed nghi\u1ec7m c\u1ee7a ch\u00fang t\u00f4i v\u00ec \u0111\u00f3 ch\u00ednh l\u00e0 y\u1ebfu t\u1ed1 ch\u00ednh \u0111em \u0111\u1ebfn s\u1ef1 h\u00e0i l\u00f2ng cho kh\u00e1ch h\u00e0ng.<\/p>\n<h2>Ch\u1ea5t l\u01b0\u1ee3ng v\u00e0 \u0111\u1ed9 tin c\u1eady<\/h2>\n<p>Ph\u00f2ng th\u00ed nghi\u1ec7m c\u1ee7a ch\u00fang t\u00f4i \u0111\u01b0\u1ee3c c\u00f4ng nh\u1eadn b\u1edfi: Inmetro, Cofrac, Vilas, Accredia. S\u1ef1 c\u00f4ng nh\u1eadn n\u00e0y l\u00e0 s\u1ef1 th\u1eeba nh\u1eadn v\u1ec1 chuy\u00ean m\u00f4n c\u1ee7a ch\u00fang t\u00f4i t\u1eeb m\u1ed9t b\u00ean th\u1ee9 ba \u0111\u1ed9c l\u1eadp. Tuy nhi\u00ean, cam k\u1ebft c\u1ee7a ch\u00fang t\u00f4i v\u1ec1 ch\u1ea5t l\u01b0\u1ee3ng kh\u00f4ng d\u1eebng l\u1ea1i \u1edf vi\u1ec7c \u0111\u1ea1t \u0111\u01b0\u1ee3c v\u00e0 t\u00e1i ch\u1ee9ng nh\u1eadn, ch\u00fang t\u00f4i ch\u1ee7 \u0111\u1ed9ng tham gia v\u00e0o c\u00e1c \u1ee7y ban AFNOR \u0111\u1ec3 ph\u00e1t tri\u1ec3n c\u00e1c ph\u01b0\u01a1ng ph\u00e1p th\u1ef1c h\u00e0nh ph\u00f2ng th\u00ed nghi\u1ec7m. Ch\u00fang t\u00f4i c\u0169ng \u0111\u01b0\u1ee3c c\u00f4ng nh\u1eadn l\u00e0 m\u1ed9t ph\u00f2ng th\u00ed nghi\u1ec7m chuy\u00ean m\u00f4n c\u00f3 X\u00e1c nh\u1eadn c\u1ee7a AFNOR \u0111\u1ec3 \u0111\u00e1nh gi\u00e1 ph\u01b0\u01a1ng ph\u00e1p v\u00e0 c\u00e1c b\u1ed9 k\u00edt th\u01b0\u01a1ng m\u1ea1i.<br \/>\nUpscience c\u0169ng tham gia v\u00e0o c\u00e1c ch\u01b0\u01a1ng tr\u00ecnh ki\u1ec3m tra n\u0103ng l\u1ef1c do BIPEA t\u1ed5 ch\u1ee9c \u0111\u1ec3 \u0111\u00e1nh gi\u00e1 t\u1ed1i \u01b0u h\u00f3a hi\u1ec7u su\u1ea5t c\u1ee7a ch\u00fang t\u00f4i.<\/p>\n<h2>Chuy\u00ean m\u00f4n<\/h2>\n<p>Upscience c\u00f3 60 n\u0103m kinh nghi\u1ec7m trong ph\u00e2n t\u00edch h\u00f3a l\u00fd, vi sinh v\u00e0 sinh h\u1ecdc ph\u00e2n t\u1eed. \u0110\u1ed9i ng\u0169 c\u1ee7a ch\u00fang t\u00f4i bao g\u1ed3m nh\u1eefng chuy\u00ean gia c\u00f3 chuy\u00ean m\u00f4n cao: nh\u00e0 h\u00f3a h\u1ecdc, nh\u00e0 sinh h\u1ecdc, nh\u00e0 vi sinh h\u1ecdc v\u1edbi nhi\u1ec1u n\u0103m kinh nghi\u1ec7m trong th\u1ecb tr\u01b0\u1eddng ph\u00e2n t\u00edch th\u1ee9c \u0103n ch\u0103n nu\u00f4i, th\u1ef1c ph\u1ea9m, d\u01b0\u1ee3c ph\u1ea9m dinh d\u01b0\u1ee1ng v\u00e0 m\u00f4i tr\u01b0\u1eddng. Ph\u00f2ng th\u00ed nghi\u1ec7m c\u1ee7a ch\u00fang t\u00f4i \u0111\u01b0\u1ee3c trang tr\u1ecb trang thi\u1ebft b\u1ecb t\u1ed1i t\u00e2n, li\u00ean t\u1ee5c \u0111\u1ed5i m\u1edbi v\u00e0 c\u00f3 chi\u1ebfn l\u01b0\u1ee3c \u0111\u1ea7u t\u01b0.[\/vc_column_text][\/vc_column][\/vc_row]<\/p>\n<\/div>","protected":false},"excerpt":{"rendered":"<p>[vc_row][vc_column][vc_column_text] Ph\u1ea3n h\u1ed3i nhanh Ch\u00fang t\u00f4i bi\u1ebft r\u1eb1ng ph\u1ea3n h\u1ed3i th\u00f4ng tin nhanh l\u00e0 quan tr\u1ecdng gi\u00fap kh\u00e1ch h\u00e0ng ra quy\u1ebft \u0111\u1ecbnh, ch\u00fang t\u00f4i lu\u00f4n lu\u00f4n \u0111\u1ed5i m\u1edbi c\u00e1c ph\u01b0\u01a1ng ph\u00e1p x\u00e9t nghi\u1ec7m v\u00e0 t\u1ed1c \u0111\u1ed9 th\u1ef1c hi\u1ec7n d\u1ecbch v\u1ee5 \u0111\u01b0\u1ee3c gi\u00e1m s\u00e1t ch\u1eb7t ch\u1ebd trong ph\u00f2ng th\u00ed nghi\u1ec7m c\u1ee7a ch\u00fang t\u00f4i v\u00ec \u0111\u00f3 ch\u00ednh &hellip; <\/p>\n<div class=\"vc_btn3-container vc_btn3-right\"><a class=\"vc_general vc_btn3 vc_btn3-size-xs vc_btn3-shape-round vc_btn3-color-bleu more-link\" href=\"https:\/\/www.upscience-labs.com\/vn\/gioi-thieu-ve-chung-toi\/cam-ket-cua-chung-toi\/\">Read More<\/a><\/div>\n","protected":false},"author":22,"featured_media":0,"parent":742,"menu_order":140,"comment_status":"closed","ping_status":"closed","template":"template-interieur.php","meta":{"_acf_changed":false,"footnotes":""},"class_list":["post-752","page","type-page","status-publish","hentry"],"acf":[],"yoast_head":"<!-- This site is optimized with the Yoast SEO plugin v27.4 - https:\/\/yoast.com\/product\/yoast-seo-wordpress\/ -->\n<title>Cam k\u1ebft c\u1ee7a ch\u00fang t\u00f4i - Upscience<\/title>\n<meta name=\"description\" content=\"\u0110\u1ed9i ng\u0169 c\u1ee7a ch\u00fang t\u00f4i bao g\u1ed3m nh\u1eefng chuy\u00ean gia c\u00f3 chuy\u00ean m\u00f4n cao nhi\u1ec1u n\u0103m kinh nghi\u1ec7m trong th\u1ecb tr\u01b0\u1eddng ph\u00e2n t\u00edch th\u1ee9c \u0103n ch\u0103n nu\u00f4i, th\u1ef1c ph\u1ea9m, d\u01b0\u1ee3c ph\u1ea9m dinh d\u01b0\u1ee1ng v\u00e0 m\u00f4i tr\u01b0\u1eddng\" \/>\n<meta name=\"robots\" content=\"index, follow, max-snippet:-1, max-image-preview:large, max-video-preview:-1\" \/>\n<link rel=\"canonical\" href=\"https:\/\/www.upscience-labs.com\/vn\/gioi-thieu-ve-chung-toi\/cam-ket-cua-chung-toi\/\" \/>\n<meta property=\"og:locale\" content=\"vi_VN\" \/>\n<meta property=\"og:type\" content=\"article\" \/>\n<meta property=\"og:title\" content=\"Cam k\u1ebft c\u1ee7a ch\u00fang t\u00f4i - Upscience\" \/>\n<meta property=\"og:description\" content=\"\u0110\u1ed9i ng\u0169 c\u1ee7a ch\u00fang t\u00f4i bao g\u1ed3m nh\u1eefng chuy\u00ean gia c\u00f3 chuy\u00ean m\u00f4n cao nhi\u1ec1u n\u0103m kinh nghi\u1ec7m trong th\u1ecb tr\u01b0\u1eddng ph\u00e2n t\u00edch th\u1ee9c \u0103n ch\u0103n nu\u00f4i, th\u1ef1c ph\u1ea9m, d\u01b0\u1ee3c ph\u1ea9m dinh d\u01b0\u1ee1ng v\u00e0 m\u00f4i tr\u01b0\u1eddng\" \/>\n<meta property=\"og:url\" content=\"https:\/\/www.upscience-labs.com\/vn\/gioi-thieu-ve-chung-toi\/cam-ket-cua-chung-toi\/\" \/>\n<meta property=\"og:site_name\" content=\"Upscience\" \/>\n<meta property=\"article:modified_time\" content=\"2021-03-24T14:22:15+00:00\" \/>\n<meta name=\"twitter:card\" content=\"summary_large_image\" \/>\n<meta name=\"twitter:label1\" content=\"\u01af\u1edbc t\u00ednh th\u1eddi gian \u0111\u1ecdc\" \/>\n\t<meta name=\"twitter:data1\" content=\"2 ph\u00fat\" \/>\n<script type=\"application\/ld+json\" class=\"yoast-schema-graph\">{\"@context\":\"https:\\\/\\\/schema.org\",\"@graph\":[{\"@type\":\"WebPage\",\"@id\":\"https:\\\/\\\/www.upscience-labs.com\\\/vn\\\/gioi-thieu-ve-chung-toi\\\/cam-ket-cua-chung-toi\\\/\",\"url\":\"https:\\\/\\\/www.upscience-labs.com\\\/vn\\\/gioi-thieu-ve-chung-toi\\\/cam-ket-cua-chung-toi\\\/\",\"name\":\"Cam k\u1ebft c\u1ee7a ch\u00fang t\u00f4i - Upscience\",\"isPartOf\":{\"@id\":\"https:\\\/\\\/www.upscience-labs.com\\\/#website\"},\"datePublished\":\"2017-07-12T14:50:02+00:00\",\"dateModified\":\"2021-03-24T14:22:15+00:00\",\"description\":\"\u0110\u1ed9i ng\u0169 c\u1ee7a ch\u00fang t\u00f4i bao g\u1ed3m nh\u1eefng chuy\u00ean gia c\u00f3 chuy\u00ean m\u00f4n cao nhi\u1ec1u n\u0103m kinh nghi\u1ec7m trong th\u1ecb tr\u01b0\u1eddng ph\u00e2n t\u00edch th\u1ee9c \u0103n ch\u0103n nu\u00f4i, th\u1ef1c ph\u1ea9m, d\u01b0\u1ee3c ph\u1ea9m dinh d\u01b0\u1ee1ng v\u00e0 m\u00f4i tr\u01b0\u1eddng\",\"breadcrumb\":{\"@id\":\"https:\\\/\\\/www.upscience-labs.com\\\/vn\\\/gioi-thieu-ve-chung-toi\\\/cam-ket-cua-chung-toi\\\/#breadcrumb\"},\"inLanguage\":\"vi\",\"potentialAction\":[{\"@type\":\"ReadAction\",\"target\":[\"https:\\\/\\\/www.upscience-labs.com\\\/vn\\\/gioi-thieu-ve-chung-toi\\\/cam-ket-cua-chung-toi\\\/\"]}]},{\"@type\":\"BreadcrumbList\",\"@id\":\"https:\\\/\\\/www.upscience-labs.com\\\/vn\\\/gioi-thieu-ve-chung-toi\\\/cam-ket-cua-chung-toi\\\/#breadcrumb\",\"itemListElement\":[{\"@type\":\"ListItem\",\"position\":1,\"name\":\"Home\",\"item\":\"https:\\\/\\\/www.upscience-labs.com\\\/vn\\\/\"},{\"@type\":\"ListItem\",\"position\":2,\"name\":\"GI\u1edaI THI\u1ec6U\",\"item\":\"https:\\\/\\\/www.upscience-labs.com\\\/vn\\\/gioi-thieu-ve-chung-toi\\\/\"},{\"@type\":\"ListItem\",\"position\":3,\"name\":\"Cam k\u1ebft c\u1ee7a ch\u00fang t\u00f4i\"}]},{\"@type\":\"WebSite\",\"@id\":\"https:\\\/\\\/www.upscience-labs.com\\\/#website\",\"url\":\"https:\\\/\\\/www.upscience-labs.com\\\/\",\"name\":\"Upscience\",\"description\":\"Labs Solutions\",\"potentialAction\":[{\"@type\":\"SearchAction\",\"target\":{\"@type\":\"EntryPoint\",\"urlTemplate\":\"https:\\\/\\\/www.upscience-labs.com\\\/?s={search_term_string}\"},\"query-input\":{\"@type\":\"PropertyValueSpecification\",\"valueRequired\":true,\"valueName\":\"search_term_string\"}}],\"inLanguage\":\"vi\"}]}<\/script>\n<!-- \/ Yoast SEO plugin. -->","yoast_head_json":{"title":"Cam k\u1ebft c\u1ee7a ch\u00fang t\u00f4i - Upscience","description":"\u0110\u1ed9i ng\u0169 c\u1ee7a ch\u00fang t\u00f4i bao g\u1ed3m nh\u1eefng chuy\u00ean gia c\u00f3 chuy\u00ean m\u00f4n cao nhi\u1ec1u n\u0103m kinh nghi\u1ec7m trong th\u1ecb tr\u01b0\u1eddng ph\u00e2n t\u00edch th\u1ee9c \u0103n ch\u0103n nu\u00f4i, th\u1ef1c ph\u1ea9m, d\u01b0\u1ee3c ph\u1ea9m dinh d\u01b0\u1ee1ng v\u00e0 m\u00f4i tr\u01b0\u1eddng","robots":{"index":"index","follow":"follow","max-snippet":"max-snippet:-1","max-image-preview":"max-image-preview:large","max-video-preview":"max-video-preview:-1"},"canonical":"https:\/\/www.upscience-labs.com\/vn\/gioi-thieu-ve-chung-toi\/cam-ket-cua-chung-toi\/","og_locale":"vi_VN","og_type":"article","og_title":"Cam k\u1ebft c\u1ee7a ch\u00fang t\u00f4i - Upscience","og_description":"\u0110\u1ed9i ng\u0169 c\u1ee7a ch\u00fang t\u00f4i bao g\u1ed3m nh\u1eefng chuy\u00ean gia c\u00f3 chuy\u00ean m\u00f4n cao nhi\u1ec1u n\u0103m kinh nghi\u1ec7m trong th\u1ecb tr\u01b0\u1eddng ph\u00e2n t\u00edch th\u1ee9c \u0103n ch\u0103n nu\u00f4i, th\u1ef1c ph\u1ea9m, d\u01b0\u1ee3c ph\u1ea9m dinh d\u01b0\u1ee1ng v\u00e0 m\u00f4i tr\u01b0\u1eddng","og_url":"https:\/\/www.upscience-labs.com\/vn\/gioi-thieu-ve-chung-toi\/cam-ket-cua-chung-toi\/","og_site_name":"Upscience","article_modified_time":"2021-03-24T14:22:15+00:00","twitter_card":"summary_large_image","twitter_misc":{"\u01af\u1edbc t\u00ednh th\u1eddi gian \u0111\u1ecdc":"2 ph\u00fat"},"schema":{"@context":"https:\/\/schema.org","@graph":[{"@type":"WebPage","@id":"https:\/\/www.upscience-labs.com\/vn\/gioi-thieu-ve-chung-toi\/cam-ket-cua-chung-toi\/","url":"https:\/\/www.upscience-labs.com\/vn\/gioi-thieu-ve-chung-toi\/cam-ket-cua-chung-toi\/","name":"Cam k\u1ebft c\u1ee7a ch\u00fang t\u00f4i - Upscience","isPartOf":{"@id":"https:\/\/www.upscience-labs.com\/#website"},"datePublished":"2017-07-12T14:50:02+00:00","dateModified":"2021-03-24T14:22:15+00:00","description":"\u0110\u1ed9i ng\u0169 c\u1ee7a ch\u00fang t\u00f4i bao g\u1ed3m nh\u1eefng chuy\u00ean gia c\u00f3 chuy\u00ean m\u00f4n cao nhi\u1ec1u n\u0103m kinh nghi\u1ec7m trong th\u1ecb tr\u01b0\u1eddng ph\u00e2n t\u00edch th\u1ee9c \u0103n ch\u0103n nu\u00f4i, th\u1ef1c ph\u1ea9m, d\u01b0\u1ee3c ph\u1ea9m dinh d\u01b0\u1ee1ng v\u00e0 m\u00f4i tr\u01b0\u1eddng","breadcrumb":{"@id":"https:\/\/www.upscience-labs.com\/vn\/gioi-thieu-ve-chung-toi\/cam-ket-cua-chung-toi\/#breadcrumb"},"inLanguage":"vi","potentialAction":[{"@type":"ReadAction","target":["https:\/\/www.upscience-labs.com\/vn\/gioi-thieu-ve-chung-toi\/cam-ket-cua-chung-toi\/"]}]},{"@type":"BreadcrumbList","@id":"https:\/\/www.upscience-labs.com\/vn\/gioi-thieu-ve-chung-toi\/cam-ket-cua-chung-toi\/#breadcrumb","itemListElement":[{"@type":"ListItem","position":1,"name":"Home","item":"https:\/\/www.upscience-labs.com\/vn\/"},{"@type":"ListItem","position":2,"name":"GI\u1edaI THI\u1ec6U","item":"https:\/\/www.upscience-labs.com\/vn\/gioi-thieu-ve-chung-toi\/"},{"@type":"ListItem","position":3,"name":"Cam k\u1ebft c\u1ee7a ch\u00fang t\u00f4i"}]},{"@type":"WebSite","@id":"https:\/\/www.upscience-labs.com\/#website","url":"https:\/\/www.upscience-labs.com\/","name":"Upscience","description":"Labs Solutions","potentialAction":[{"@type":"SearchAction","target":{"@type":"EntryPoint","urlTemplate":"https:\/\/www.upscience-labs.com\/?s={search_term_string}"},"query-input":{"@type":"PropertyValueSpecification","valueRequired":true,"valueName":"search_term_string"}}],"inLanguage":"vi"}]}},"_links":{"self":[{"href":"https:\/\/www.upscience-labs.com\/vn\/wp-json\/wp\/v2\/pages\/752","targetHints":{"allow":["GET"]}}],"collection":[{"href":"https:\/\/www.upscience-labs.com\/vn\/wp-json\/wp\/v2\/pages"}],"about":[{"href":"https:\/\/www.upscience-labs.com\/vn\/wp-json\/wp\/v2\/types\/page"}],"author":[{"embeddable":true,"href":"https:\/\/www.upscience-labs.com\/vn\/wp-json\/wp\/v2\/users\/22"}],"replies":[{"embeddable":true,"href":"https:\/\/www.upscience-labs.com\/vn\/wp-json\/wp\/v2\/comments?post=752"}],"version-history":[{"count":4,"href":"https:\/\/www.upscience-labs.com\/vn\/wp-json\/wp\/v2\/pages\/752\/revisions"}],"predecessor-version":[{"id":4011,"href":"https:\/\/www.upscience-labs.com\/vn\/wp-json\/wp\/v2\/pages\/752\/revisions\/4011"}],"up":[{"embeddable":true,"href":"https:\/\/www.upscience-labs.com\/vn\/wp-json\/wp\/v2\/pages\/742"}],"wp:attachment":[{"href":"https:\/\/www.upscience-labs.com\/vn\/wp-json\/wp\/v2\/media?parent=752"}],"curies":[{"name":"wp","href":"https:\/\/api.w.org\/{rel}","templated":true}]}}