{"id":751,"date":"2017-07-12T16:47:17","date_gmt":"2017-07-12T14:47:17","guid":{"rendered":"https:\/\/www.upscience-labs.com\/gioi-thieu-ve-chung-toi\/mang-luoi-cua-chung-toi\/viet-nam\/"},"modified":"2021-06-28T07:58:50","modified_gmt":"2021-06-28T05:58:50","slug":"viet-nam","status":"publish","type":"page","link":"https:\/\/www.upscience-labs.com\/vn\/gioi-thieu-ve-chung-toi\/mang-luoi-cua-chung-toi\/viet-nam\/","title":{"rendered":"Vi\u1ec7t Nam"},"content":{"rendered":"<div class=\"wpb-content-wrapper\"><p>[vc_row][vc_column][vc_column_text]L\u00e0 m\u1ed9t ph\u1ea7n trong m\u1ea1ng l\u01b0\u1edbi c\u00e1c ph\u00f2ng th\u00ed nghi\u1ec7m n\u00e0y, Upscience c\u00f3 m\u1ed9t c\u01a1 s\u1edf t\u1ea1i B\u00ecnh D\u01b0\u01a1ng, Vi\u1ec7t Nam.<br \/>\nK\u1ebft t\u1eeb khi th\u00e0nh l\u1eadp n\u0103m 2009, ph\u00f2ng th\u00ed nghi\u1ec7m \u0111\u00e3 ph\u00e1t tri\u1ec3n m\u1ed9t c\u00e1ch \u0111\u00e1ng k\u1ec3 v\u1ec1 k\u1ef9 n\u0103ng k\u1ef9 thu\u1eadt v\u00e0 Chuy\u00ean m\u00f4n trong x\u00e9t nghi\u1ec7m th\u1ee9c \u0103n Ch\u0103n nu\u00f4i v\u00e0 th\u1ee9c \u0103n Th\u00fa c\u01b0ng, tr\u1edf th\u00e0nh m\u1ed9t trong nh\u1eefng ph\u00f2ng th\u00ed nghi\u1ec7m tham chi\u1ebfu trong nh\u1eefng l\u0129nh v\u1ef1c n\u00e0y v\u00e0 ti\u1ebfp t\u1ee5c m\u1edf r\u1ed9ng ho\u1ea1t \u0111\u1ed9ng ph\u00e2n t\u00edch sang l\u0129nh v\u1ef1c Th\u1ee9c \u0103n.<br \/>\nV\u01b0\u1ee3t h\u01a1n m\u1ed9t d\u1ecbch v\u1ee5 \u0111\u01a1n thu\u1ea7n, ch\u00fang t\u00f4i cung c\u1ea5p m\u1ed9t ph\u1ea1m vi \u0111\u1ea7y \u0111\u1ee7 c\u00e1c gi\u1ea3i ph\u00e1p t\u00f9y ch\u1ecdn s\u00e1ng t\u1ea1o bao g\u1ed3m d\u1ecbch v\u1ee5 x\u00e9t nghi\u1ec7m, d\u1ef1 b\u00e1o NIR, d\u00e1n nh\u00e3n dinh d\u01b0\u1ee1ng, thanh tra, t\u01b0 v\u1ea5n v\u00e0 hu\u1ea5n luy\u1ec7n nh\u1eb1m \u0111\u00e1p \u1ee9ng nhu c\u1ea7u v\u00e0 m\u1ee5c ti\u00eau chi\u1ebfn l\u01b0\u1ee3c c\u1ee7a qu\u00fd kh\u00e1ch tu\u00e2n th\u1ee7 v\u1edbi ph\u00e1p lu\u1eadt.[\/vc_column_text][\/vc_column][\/vc_row][vc_row][vc_column][vc_text_separator title=&#8221;D\u1ecbch v\u1ee5 ch\u00fang t\u00f4i cung c\u1ea5p t\u1ea1i Vi\u1ec7t nam&#8221;][\/vc_column][\/vc_row][vc_row][vc_column][vc_tta_accordion][vc_tta_section title=&#8221;D\u1ecaCH V\u1ee4 PH\u00c2N T\u00cdCH&#8221; tab_id=&#8221;1503662571549-807832ec-a65f&#8221;][vc_column_text]<\/p>\n<ul>\n<li>Ph\u00e2n t\u00edch th\u00e0nh ph\u1ea7n v\u00e0 dinh d\u01b0\u1ee1ng\n<ul>\n<li>Ph\u00e2n t\u00edch c\u01a1 b\u1ea3n (ch\u1ea5t \u0111\u1ea1m,<br \/>\n\u0111\u1ed9 \u1ea9m, tro, ch\u1ea5t x\u01a1, ch\u1ea5t b\u00e9o)<\/li>\n<li>Vitamin<\/li>\n<li>Axit amin<\/li>\n<li>C\u00e1c ch\u1ea5t ch\u1ec9 th\u1ecb oxy h\u00f3a ch\u1ea5t b\u00e9o<\/li>\n<li>C\u1ea5u h\u00ecnh axit b\u00e9o<\/li>\n<\/ul>\n<\/li>\n<li>Ho\u1ea1t ch\u1ea5t v\u00e0 ph\u1ee5 gia<\/li>\n<li>D\u01b0 l\u01b0\u1ee3ng kh\u00e1ng sinh<\/li>\n<li>Kho\u00e1ng ch\u1ea5t<\/li>\n<li>Kim lo\u1ea1i n\u1eb7ng<\/li>\n<li>\u0110\u1ed9c t\u1ed1 n\u1ea5m m\u1ed1c<\/li>\n<li>Ch\u1ea5t g\u00e2y d\u1ecb \u1ee9ng<\/li>\n<li>Kh\u00e1c: Vui l\u00f2ng li\u00ean h\u1ec7 v\u1edbi ch\u00fang t\u00f4i<\/li>\n<li>D\u1ef1 \u0111o\u00e1n NIRs<\/li>\n<li>Ph\u00e2n t\u00edch vi sinh<\/li>\n<\/ul>\n<p>&nbsp;<\/p>\n<ul>\n<li>C\u00e1c d\u1ecbch v\u1ee5 kh\u00e1c:\n<ul>\n<li>H\u1ed7 tr\u1ee3 k\u1ef9 thu\u1eadt<\/li>\n<li>Ph\u00e1t tri\u1ec3n v\u00e0 ph\u00ea chu\u1ea9n ph\u01b0\u01a1ng ph\u00e1p<\/li>\n<li>\u0110\u00e0o t\u1ea1o<\/li>\n<\/ul>\n<\/li>\n<\/ul>\n<p>[\/vc_column_text][\/vc_tta_section][vc_tta_section title=&#8221;D\u1ecaCH V\u1ee4 KH\u00c1C&#8221; tab_id=&#8221;1503662571597-c04ece8f-133d&#8221;][vc_column_text]<\/p>\n<ul>\n<li>H\u1ed7 tr\u1ee3 k\u1ef9 thu\u1eadt<\/li>\n<li>Ki\u1ec3m tra v\u00e0 thanh tra<\/li>\n<li>Ph\u00e1t tri\u1ec3n v\u00e0 ph\u00ea chu\u1ea9n Ph\u01b0\u01a1ng ph\u00e1p<\/li>\n<\/ul>\n<p>[\/vc_column_text][\/vc_tta_section][\/vc_tta_accordion][\/vc_column][\/vc_row]<\/p>\n<\/div>","protected":false},"excerpt":{"rendered":"<p>[vc_row][vc_column][vc_column_text]L\u00e0 m\u1ed9t ph\u1ea7n trong m\u1ea1ng l\u01b0\u1edbi c\u00e1c ph\u00f2ng th\u00ed nghi\u1ec7m n\u00e0y, Upscience c\u00f3 m\u1ed9t c\u01a1 s\u1edf t\u1ea1i B\u00ecnh D\u01b0\u01a1ng, Vi\u1ec7t Nam. K\u1ebft t\u1eeb khi th\u00e0nh l\u1eadp n\u0103m 2009, ph\u00f2ng th\u00ed nghi\u1ec7m \u0111\u00e3 ph\u00e1t tri\u1ec3n m\u1ed9t c\u00e1ch \u0111\u00e1ng k\u1ec3 v\u1ec1 k\u1ef9 n\u0103ng k\u1ef9 thu\u1eadt v\u00e0 Chuy\u00ean m\u00f4n trong x\u00e9t nghi\u1ec7m th\u1ee9c \u0103n Ch\u0103n nu\u00f4i v\u00e0 th\u1ee9c &hellip; <\/p>\n<div class=\"vc_btn3-container vc_btn3-right\"><a class=\"vc_general vc_btn3 vc_btn3-size-xs vc_btn3-shape-round vc_btn3-color-bleu more-link\" href=\"https:\/\/www.upscience-labs.com\/vn\/gioi-thieu-ve-chung-toi\/mang-luoi-cua-chung-toi\/viet-nam\/\">Read More<\/a><\/div>\n","protected":false},"author":22,"featured_media":974,"parent":731,"menu_order":134,"comment_status":"closed","ping_status":"closed","template":"template-interieur.php","meta":{"_acf_changed":false,"footnotes":""},"class_list":["post-751","page","type-page","status-publish","has-post-thumbnail","hentry"],"acf":[],"yoast_head":"<!-- This site is optimized with the Yoast SEO plugin v27.5 - https:\/\/yoast.com\/product\/yoast-seo-wordpress\/ -->\n<title>D\u1ecbch v\u1ee5 ch\u00fang t\u00f4i cung c\u1ea5p t\u1ea1i Vi\u1ec7t nam | Vi\u1ec7t Nam | Upscience<\/title>\n<meta name=\"description\" content=\"Upscience l\u00e0 m\u1ed9t m\u1ea1ng l\u01b0\u1edbi c\u00e1c ph\u00f2ng th\u00ed nghi\u1ec7m qu\u1ed1c t\u1ebf chuy\u00ean v\u1ec1 c\u00e1c ph\u00e2n t\u00edch ho\u00e1 l\u00fd, vi sinh v\u00e0 sinh h\u1ecdc ph\u00e2n t\u1eed.\" \/>\n<meta name=\"robots\" content=\"index, follow, max-snippet:-1, max-image-preview:large, max-video-preview:-1\" \/>\n<link rel=\"canonical\" href=\"https:\/\/www.upscience-labs.com\/vn\/gioi-thieu-ve-chung-toi\/mang-luoi-cua-chung-toi\/viet-nam\/\" \/>\n<meta property=\"og:locale\" content=\"vi_VN\" \/>\n<meta property=\"og:type\" content=\"article\" \/>\n<meta property=\"og:title\" content=\"D\u1ecbch v\u1ee5 ch\u00fang t\u00f4i cung c\u1ea5p t\u1ea1i Vi\u1ec7t nam | Vi\u1ec7t Nam | Upscience\" \/>\n<meta property=\"og:description\" content=\"Upscience l\u00e0 m\u1ed9t m\u1ea1ng l\u01b0\u1edbi c\u00e1c ph\u00f2ng th\u00ed nghi\u1ec7m qu\u1ed1c t\u1ebf chuy\u00ean v\u1ec1 c\u00e1c ph\u00e2n t\u00edch ho\u00e1 l\u00fd, vi sinh v\u00e0 sinh h\u1ecdc ph\u00e2n t\u1eed.\" \/>\n<meta property=\"og:url\" content=\"https:\/\/www.upscience-labs.com\/vn\/gioi-thieu-ve-chung-toi\/mang-luoi-cua-chung-toi\/viet-nam\/\" \/>\n<meta property=\"og:site_name\" content=\"Upscience\" \/>\n<meta property=\"article:modified_time\" content=\"2021-06-28T05:58:50+00:00\" \/>\n<meta property=\"og:image\" content=\"https:\/\/www.upscience-labs.com\/wp-content\/uploads\/2017\/06\/vietnam-1600.jpg\" \/>\n\t<meta property=\"og:image:width\" content=\"1600\" \/>\n\t<meta property=\"og:image:height\" content=\"400\" \/>\n\t<meta property=\"og:image:type\" content=\"image\/jpeg\" \/>\n<meta name=\"twitter:card\" content=\"summary_large_image\" \/>\n<meta name=\"twitter:label1\" content=\"\u01af\u1edbc t\u00ednh th\u1eddi gian \u0111\u1ecdc\" \/>\n\t<meta name=\"twitter:data1\" content=\"2 ph\u00fat\" \/>\n<script type=\"application\/ld+json\" class=\"yoast-schema-graph\">{\"@context\":\"https:\\\/\\\/schema.org\",\"@graph\":[{\"@type\":\"WebPage\",\"@id\":\"https:\\\/\\\/www.upscience-labs.com\\\/vn\\\/gioi-thieu-ve-chung-toi\\\/mang-luoi-cua-chung-toi\\\/viet-nam\\\/\",\"url\":\"https:\\\/\\\/www.upscience-labs.com\\\/vn\\\/gioi-thieu-ve-chung-toi\\\/mang-luoi-cua-chung-toi\\\/viet-nam\\\/\",\"name\":\"D\u1ecbch v\u1ee5 ch\u00fang t\u00f4i cung c\u1ea5p t\u1ea1i Vi\u1ec7t nam | Vi\u1ec7t Nam | Upscience\",\"isPartOf\":{\"@id\":\"https:\\\/\\\/www.upscience-labs.com\\\/#website\"},\"primaryImageOfPage\":{\"@id\":\"https:\\\/\\\/www.upscience-labs.com\\\/vn\\\/gioi-thieu-ve-chung-toi\\\/mang-luoi-cua-chung-toi\\\/viet-nam\\\/#primaryimage\"},\"image\":{\"@id\":\"https:\\\/\\\/www.upscience-labs.com\\\/vn\\\/gioi-thieu-ve-chung-toi\\\/mang-luoi-cua-chung-toi\\\/viet-nam\\\/#primaryimage\"},\"thumbnailUrl\":\"https:\\\/\\\/www.upscience-labs.com\\\/wp-content\\\/uploads\\\/2017\\\/06\\\/vietnam-1600.jpg\",\"datePublished\":\"2017-07-12T14:47:17+00:00\",\"dateModified\":\"2021-06-28T05:58:50+00:00\",\"description\":\"Upscience l\u00e0 m\u1ed9t m\u1ea1ng l\u01b0\u1edbi c\u00e1c ph\u00f2ng th\u00ed nghi\u1ec7m qu\u1ed1c t\u1ebf chuy\u00ean v\u1ec1 c\u00e1c ph\u00e2n t\u00edch ho\u00e1 l\u00fd, vi sinh v\u00e0 sinh h\u1ecdc ph\u00e2n t\u1eed.\",\"breadcrumb\":{\"@id\":\"https:\\\/\\\/www.upscience-labs.com\\\/vn\\\/gioi-thieu-ve-chung-toi\\\/mang-luoi-cua-chung-toi\\\/viet-nam\\\/#breadcrumb\"},\"inLanguage\":\"vi\",\"potentialAction\":[{\"@type\":\"ReadAction\",\"target\":[\"https:\\\/\\\/www.upscience-labs.com\\\/vn\\\/gioi-thieu-ve-chung-toi\\\/mang-luoi-cua-chung-toi\\\/viet-nam\\\/\"]}]},{\"@type\":\"ImageObject\",\"inLanguage\":\"vi\",\"@id\":\"https:\\\/\\\/www.upscience-labs.com\\\/vn\\\/gioi-thieu-ve-chung-toi\\\/mang-luoi-cua-chung-toi\\\/viet-nam\\\/#primaryimage\",\"url\":\"https:\\\/\\\/www.upscience-labs.com\\\/wp-content\\\/uploads\\\/2017\\\/06\\\/vietnam-1600.jpg\",\"contentUrl\":\"https:\\\/\\\/www.upscience-labs.com\\\/wp-content\\\/uploads\\\/2017\\\/06\\\/vietnam-1600.jpg\",\"width\":1600,\"height\":400},{\"@type\":\"BreadcrumbList\",\"@id\":\"https:\\\/\\\/www.upscience-labs.com\\\/vn\\\/gioi-thieu-ve-chung-toi\\\/mang-luoi-cua-chung-toi\\\/viet-nam\\\/#breadcrumb\",\"itemListElement\":[{\"@type\":\"ListItem\",\"position\":1,\"name\":\"Home\",\"item\":\"https:\\\/\\\/www.upscience-labs.com\\\/vn\\\/\"},{\"@type\":\"ListItem\",\"position\":2,\"name\":\"GI\u1edaI THI\u1ec6U\",\"item\":\"https:\\\/\\\/www.upscience-labs.com\\\/vn\\\/gioi-thieu-ve-chung-toi\\\/\"},{\"@type\":\"ListItem\",\"position\":3,\"name\":\"M\u1ea1ng l\u01b0\u1edbi c\u1ee7a ch\u00fang t\u00f4i\",\"item\":\"https:\\\/\\\/www.upscience-labs.com\\\/vn\\\/gioi-thieu-ve-chung-toi\\\/mang-luoi-cua-chung-toi\\\/\"},{\"@type\":\"ListItem\",\"position\":4,\"name\":\"Vi\u1ec7t Nam\"}]},{\"@type\":\"WebSite\",\"@id\":\"https:\\\/\\\/www.upscience-labs.com\\\/#website\",\"url\":\"https:\\\/\\\/www.upscience-labs.com\\\/\",\"name\":\"Upscience\",\"description\":\"Labs Solutions\",\"potentialAction\":[{\"@type\":\"SearchAction\",\"target\":{\"@type\":\"EntryPoint\",\"urlTemplate\":\"https:\\\/\\\/www.upscience-labs.com\\\/?s={search_term_string}\"},\"query-input\":{\"@type\":\"PropertyValueSpecification\",\"valueRequired\":true,\"valueName\":\"search_term_string\"}}],\"inLanguage\":\"vi\"}]}<\/script>\n<!-- \/ Yoast SEO plugin. -->","yoast_head_json":{"title":"D\u1ecbch v\u1ee5 ch\u00fang t\u00f4i cung c\u1ea5p t\u1ea1i Vi\u1ec7t nam | Vi\u1ec7t Nam | Upscience","description":"Upscience l\u00e0 m\u1ed9t m\u1ea1ng l\u01b0\u1edbi c\u00e1c ph\u00f2ng th\u00ed nghi\u1ec7m qu\u1ed1c t\u1ebf chuy\u00ean v\u1ec1 c\u00e1c ph\u00e2n t\u00edch ho\u00e1 l\u00fd, vi sinh v\u00e0 sinh h\u1ecdc ph\u00e2n t\u1eed.","robots":{"index":"index","follow":"follow","max-snippet":"max-snippet:-1","max-image-preview":"max-image-preview:large","max-video-preview":"max-video-preview:-1"},"canonical":"https:\/\/www.upscience-labs.com\/vn\/gioi-thieu-ve-chung-toi\/mang-luoi-cua-chung-toi\/viet-nam\/","og_locale":"vi_VN","og_type":"article","og_title":"D\u1ecbch v\u1ee5 ch\u00fang t\u00f4i cung c\u1ea5p t\u1ea1i Vi\u1ec7t nam | Vi\u1ec7t Nam | Upscience","og_description":"Upscience l\u00e0 m\u1ed9t m\u1ea1ng l\u01b0\u1edbi c\u00e1c ph\u00f2ng th\u00ed nghi\u1ec7m qu\u1ed1c t\u1ebf chuy\u00ean v\u1ec1 c\u00e1c ph\u00e2n t\u00edch ho\u00e1 l\u00fd, vi sinh v\u00e0 sinh h\u1ecdc ph\u00e2n t\u1eed.","og_url":"https:\/\/www.upscience-labs.com\/vn\/gioi-thieu-ve-chung-toi\/mang-luoi-cua-chung-toi\/viet-nam\/","og_site_name":"Upscience","article_modified_time":"2021-06-28T05:58:50+00:00","og_image":[{"width":1600,"height":400,"url":"https:\/\/www.upscience-labs.com\/wp-content\/uploads\/2017\/06\/vietnam-1600.jpg","type":"image\/jpeg"}],"twitter_card":"summary_large_image","twitter_misc":{"\u01af\u1edbc t\u00ednh th\u1eddi gian \u0111\u1ecdc":"2 ph\u00fat"},"schema":{"@context":"https:\/\/schema.org","@graph":[{"@type":"WebPage","@id":"https:\/\/www.upscience-labs.com\/vn\/gioi-thieu-ve-chung-toi\/mang-luoi-cua-chung-toi\/viet-nam\/","url":"https:\/\/www.upscience-labs.com\/vn\/gioi-thieu-ve-chung-toi\/mang-luoi-cua-chung-toi\/viet-nam\/","name":"D\u1ecbch v\u1ee5 ch\u00fang t\u00f4i cung c\u1ea5p t\u1ea1i Vi\u1ec7t nam | Vi\u1ec7t Nam | Upscience","isPartOf":{"@id":"https:\/\/www.upscience-labs.com\/#website"},"primaryImageOfPage":{"@id":"https:\/\/www.upscience-labs.com\/vn\/gioi-thieu-ve-chung-toi\/mang-luoi-cua-chung-toi\/viet-nam\/#primaryimage"},"image":{"@id":"https:\/\/www.upscience-labs.com\/vn\/gioi-thieu-ve-chung-toi\/mang-luoi-cua-chung-toi\/viet-nam\/#primaryimage"},"thumbnailUrl":"https:\/\/www.upscience-labs.com\/wp-content\/uploads\/2017\/06\/vietnam-1600.jpg","datePublished":"2017-07-12T14:47:17+00:00","dateModified":"2021-06-28T05:58:50+00:00","description":"Upscience l\u00e0 m\u1ed9t m\u1ea1ng l\u01b0\u1edbi c\u00e1c ph\u00f2ng th\u00ed nghi\u1ec7m qu\u1ed1c t\u1ebf chuy\u00ean v\u1ec1 c\u00e1c ph\u00e2n t\u00edch ho\u00e1 l\u00fd, vi sinh v\u00e0 sinh h\u1ecdc ph\u00e2n t\u1eed.","breadcrumb":{"@id":"https:\/\/www.upscience-labs.com\/vn\/gioi-thieu-ve-chung-toi\/mang-luoi-cua-chung-toi\/viet-nam\/#breadcrumb"},"inLanguage":"vi","potentialAction":[{"@type":"ReadAction","target":["https:\/\/www.upscience-labs.com\/vn\/gioi-thieu-ve-chung-toi\/mang-luoi-cua-chung-toi\/viet-nam\/"]}]},{"@type":"ImageObject","inLanguage":"vi","@id":"https:\/\/www.upscience-labs.com\/vn\/gioi-thieu-ve-chung-toi\/mang-luoi-cua-chung-toi\/viet-nam\/#primaryimage","url":"https:\/\/www.upscience-labs.com\/wp-content\/uploads\/2017\/06\/vietnam-1600.jpg","contentUrl":"https:\/\/www.upscience-labs.com\/wp-content\/uploads\/2017\/06\/vietnam-1600.jpg","width":1600,"height":400},{"@type":"BreadcrumbList","@id":"https:\/\/www.upscience-labs.com\/vn\/gioi-thieu-ve-chung-toi\/mang-luoi-cua-chung-toi\/viet-nam\/#breadcrumb","itemListElement":[{"@type":"ListItem","position":1,"name":"Home","item":"https:\/\/www.upscience-labs.com\/vn\/"},{"@type":"ListItem","position":2,"name":"GI\u1edaI THI\u1ec6U","item":"https:\/\/www.upscience-labs.com\/vn\/gioi-thieu-ve-chung-toi\/"},{"@type":"ListItem","position":3,"name":"M\u1ea1ng l\u01b0\u1edbi c\u1ee7a ch\u00fang t\u00f4i","item":"https:\/\/www.upscience-labs.com\/vn\/gioi-thieu-ve-chung-toi\/mang-luoi-cua-chung-toi\/"},{"@type":"ListItem","position":4,"name":"Vi\u1ec7t Nam"}]},{"@type":"WebSite","@id":"https:\/\/www.upscience-labs.com\/#website","url":"https:\/\/www.upscience-labs.com\/","name":"Upscience","description":"Labs Solutions","potentialAction":[{"@type":"SearchAction","target":{"@type":"EntryPoint","urlTemplate":"https:\/\/www.upscience-labs.com\/?s={search_term_string}"},"query-input":{"@type":"PropertyValueSpecification","valueRequired":true,"valueName":"search_term_string"}}],"inLanguage":"vi"}]}},"_links":{"self":[{"href":"https:\/\/www.upscience-labs.com\/vn\/wp-json\/wp\/v2\/pages\/751","targetHints":{"allow":["GET"]}}],"collection":[{"href":"https:\/\/www.upscience-labs.com\/vn\/wp-json\/wp\/v2\/pages"}],"about":[{"href":"https:\/\/www.upscience-labs.com\/vn\/wp-json\/wp\/v2\/types\/page"}],"author":[{"embeddable":true,"href":"https:\/\/www.upscience-labs.com\/vn\/wp-json\/wp\/v2\/users\/22"}],"replies":[{"embeddable":true,"href":"https:\/\/www.upscience-labs.com\/vn\/wp-json\/wp\/v2\/comments?post=751"}],"version-history":[{"count":5,"href":"https:\/\/www.upscience-labs.com\/vn\/wp-json\/wp\/v2\/pages\/751\/revisions"}],"predecessor-version":[{"id":4009,"href":"https:\/\/www.upscience-labs.com\/vn\/wp-json\/wp\/v2\/pages\/751\/revisions\/4009"}],"up":[{"embeddable":true,"href":"https:\/\/www.upscience-labs.com\/vn\/wp-json\/wp\/v2\/pages\/731"}],"wp:featuredmedia":[{"embeddable":true,"href":"https:\/\/www.upscience-labs.com\/vn\/wp-json\/wp\/v2\/media\/974"}],"wp:attachment":[{"href":"https:\/\/www.upscience-labs.com\/vn\/wp-json\/wp\/v2\/media?parent=751"}],"curies":[{"name":"wp","href":"https:\/\/api.w.org\/{rel}","templated":true}]}}