{"id":750,"date":"2017-07-12T16:44:53","date_gmt":"2017-07-12T14:44:53","guid":{"rendered":"https:\/\/www.upscience-labs.com\/gioi-thieu-ve-chung-toi\/mang-luoi-cua-chung-toi\/y\/"},"modified":"2021-06-28T08:02:58","modified_gmt":"2021-06-28T06:02:58","slug":"y","status":"publish","type":"page","link":"https:\/\/www.upscience-labs.com\/vn\/gioi-thieu-ve-chung-toi\/mang-luoi-cua-chung-toi\/y\/","title":{"rendered":"\u00dd"},"content":{"rendered":"<div class=\"wpb-content-wrapper\"><p>[vc_row][vc_column][vc_column_text]T\u1ea1i \u00dd, Upscience c\u00f3 m\u1ed9t \u0111\u1ecba \u0111i\u1ec3m ph\u00e2n t\u00edch n\u1eb1m t\u1ea1i Modena, (Emilia Romagna) \u1edf ph\u00eda b\u1eafc c\u1ee7a n\u01b0\u1edbc \u00dd. V\u1edbi h\u01a1n 40 n\u0103m chuy\u00ean m\u00f4n, ph\u00f2ng th\u00ed nghi\u1ec7m cung c\u1ea5p m\u1ed9t ph\u1ea1m v\u1ecb r\u1ed9ng c\u00e1c ph\u00e2n t\u00edch v\u1edbi chuy\u00ean m\u00f4n cao trong Nh\u00e3n th\u1ef1c ph\u1ea9m, Dioxin, \u0110\u1ed9c t\u1ed1 n\u1ea5m m\u1ed1c, Thu\u1ed1c tr\u1eeb s\u00e2u, Vitamin v\u00e0 Thu\u1ed1c. Ph\u00f2ng th\u00ed nghi\u1ec7m \u00dd c\u00f3 chuy\u00ean m\u00f4n trong ph\u00e2n t\u00edch dinh d\u01b0\u1ee1ng ng\u01b0\u1eddi v\u00e0 \u0111\u1ed9ng v\u1eadt v\u00e0 ph\u00e2n t\u00edch m\u00f4i tr\u01b0\u1eddng.[\/vc_column_text][\/vc_column][\/vc_row][vc_row][vc_column][vc_text_separator title=&#8221;D\u1ecbch v\u1ee5 ch\u00fang t\u00f4i cung c\u1ea5p t\u1ea1i \u00dd&#8221;][\/vc_column][\/vc_row][vc_row][vc_column][vc_tta_accordion][vc_tta_section title=&#8221;D\u1ecaCH V\u1ee4 PH\u00c2N T\u00cdCH&#8221; tab_id=&#8221;1503662384728-04666131-cdf6&#8243;][vc_column_text]<\/p>\n<ul>\n<li>Ph\u00e2n t\u00edch th\u00e0nh ph\u1ea7n v\u00e0 dinh d\u01b0\u1ee1ng\n<ul>\n<li>Gi\u00e1 tr\u1ecb dinh d\u01b0\u1ee1ng<\/li>\n<li>\u0110\u1ed9 \u1ed5n \u0111\u1ecbnh c\u1ee7a s\u1ea3n ph\u1ea9m<\/li>\n<\/ul>\n<\/li>\n<li>Ch\u1ea5t nhi\u1ec5m\n<ul>\n<li>Thu\u1ed1c tr\u1eeb s\u00e2u<\/li>\n<li>Dioxin<\/li>\n<\/ul>\n<ul>\n<li>Kim lo\u1ea1i n\u1eb7ng<\/li>\n<li>\u00a0\u0110\u1ed9c t\u1ed1 n\u1ea5m m\u1ed1c<\/li>\n<li>D\u1ecb nguy\u00ean<\/li>\n<li>C\u00e1c ch\u1ea5t nhi\u1ec5m kh\u00e1c<\/li>\n<\/ul>\n<\/li>\n<li>Sinh v\u1eadt bi\u1ebfn \u0111\u1ed5i gen (GMO)<\/li>\n<li>\u0110\u1ecbnh danh lo\u00e0i<\/li>\n<li>K\u0129 thu\u1eadt d\u1ef1 \u0111o\u00e1n NIRS<\/li>\n<li>Hoa\u0323t ch\u00e2\u0301t<\/li>\n<li>Ph\u00e2n t\u00edch vi sinh<\/li>\n<li>Ph\u00e2n t\u00edch n\u01b0\u1edbc<\/li>\n<\/ul>\n<p>[\/vc_column_text][\/vc_tta_section][vc_tta_section title=&#8221;D\u1ecaCH V\u1ee4 KH\u00c1C &#8221; tab_id=&#8221;1503662384790-2367f356-016d&#8221;][vc_column_text]<\/p>\n<ul>\n<li>H\u1ed7 tr\u1ee3 k\u1ef9 thu\u1eadt<\/li>\n<li>Ki\u1ec3m tra v\u00e0 thanh tra<\/li>\n<li>Ph\u00e1t tri\u1ec3n v\u00e0 ph\u00ea chu\u1ea9n Ph\u01b0\u01a1ng ph\u00e1p<\/li>\n<\/ul>\n<p>[\/vc_column_text][\/vc_tta_section][\/vc_tta_accordion][\/vc_column][\/vc_row]<\/p>\n<\/div>","protected":false},"excerpt":{"rendered":"<p>[vc_row][vc_column][vc_column_text]T\u1ea1i \u00dd, Upscience c\u00f3 m\u1ed9t \u0111\u1ecba \u0111i\u1ec3m ph\u00e2n t\u00edch n\u1eb1m t\u1ea1i Modena, (Emilia Romagna) \u1edf ph\u00eda b\u1eafc c\u1ee7a n\u01b0\u1edbc \u00dd. V\u1edbi h\u01a1n 40 n\u0103m chuy\u00ean m\u00f4n, ph\u00f2ng th\u00ed nghi\u1ec7m cung c\u1ea5p m\u1ed9t ph\u1ea1m v\u1ecb r\u1ed9ng c\u00e1c ph\u00e2n t\u00edch v\u1edbi chuy\u00ean m\u00f4n cao trong Nh\u00e3n th\u1ef1c ph\u1ea9m, Dioxin, \u0110\u1ed9c t\u1ed1 n\u1ea5m m\u1ed1c, Thu\u1ed1c tr\u1eeb s\u00e2u, Vitamin &hellip; <\/p>\n<div class=\"vc_btn3-container vc_btn3-right\"><a class=\"vc_general vc_btn3 vc_btn3-size-xs vc_btn3-shape-round vc_btn3-color-bleu more-link\" href=\"https:\/\/www.upscience-labs.com\/vn\/gioi-thieu-ve-chung-toi\/mang-luoi-cua-chung-toi\/y\/\">Read More<\/a><\/div>\n","protected":false},"author":22,"featured_media":1051,"parent":731,"menu_order":133,"comment_status":"closed","ping_status":"closed","template":"template-interieur.php","meta":{"_acf_changed":false,"footnotes":""},"class_list":["post-750","page","type-page","status-publish","has-post-thumbnail","hentry"],"acf":[],"yoast_head":"<!-- This site is optimized with the Yoast SEO plugin v27.5 - https:\/\/yoast.com\/product\/yoast-seo-wordpress\/ -->\n<title>M\u1ea1ng l\u01b0\u1edbi c\u1ee7a ch\u00fang t\u00f4i | Upscience t\u1ea1i \u00dd | Upscience<\/title>\n<meta name=\"description\" content=\"T\u1ea1i \u00dd, Upscience c\u00f3 m\u1ed9t \u0111\u1ecba \u0111i\u1ec3m n\u1eb1m t\u1ea1i Modena, ph\u00e2n t\u00edch dinh d\u01b0\u1ee1ng ng\u01b0\u1eddi v\u00e0 \u0111\u1ed9ng v\u1eadt v\u00e0 ph\u00e2n t\u00edch m\u00f4i tr\u01b0\u1eddng.\" \/>\n<meta name=\"robots\" content=\"index, follow, max-snippet:-1, max-image-preview:large, max-video-preview:-1\" \/>\n<link rel=\"canonical\" href=\"https:\/\/www.upscience-labs.com\/vn\/gioi-thieu-ve-chung-toi\/mang-luoi-cua-chung-toi\/y\/\" \/>\n<meta property=\"og:locale\" content=\"vi_VN\" \/>\n<meta property=\"og:type\" content=\"article\" \/>\n<meta property=\"og:title\" content=\"M\u1ea1ng l\u01b0\u1edbi c\u1ee7a ch\u00fang t\u00f4i | Upscience t\u1ea1i \u00dd | Upscience\" \/>\n<meta property=\"og:description\" content=\"T\u1ea1i \u00dd, Upscience c\u00f3 m\u1ed9t \u0111\u1ecba \u0111i\u1ec3m n\u1eb1m t\u1ea1i Modena, ph\u00e2n t\u00edch dinh d\u01b0\u1ee1ng ng\u01b0\u1eddi v\u00e0 \u0111\u1ed9ng v\u1eadt v\u00e0 ph\u00e2n t\u00edch m\u00f4i tr\u01b0\u1eddng.\" \/>\n<meta property=\"og:url\" content=\"https:\/\/www.upscience-labs.com\/vn\/gioi-thieu-ve-chung-toi\/mang-luoi-cua-chung-toi\/y\/\" \/>\n<meta property=\"og:site_name\" content=\"Upscience\" \/>\n<meta property=\"article:modified_time\" content=\"2021-06-28T06:02:58+00:00\" \/>\n<meta property=\"og:image\" content=\"https:\/\/www.upscience-labs.com\/wp-content\/uploads\/2017\/06\/italy-1920.jpg\" \/>\n\t<meta property=\"og:image:width\" content=\"1920\" \/>\n\t<meta property=\"og:image:height\" content=\"400\" \/>\n\t<meta property=\"og:image:type\" content=\"image\/jpeg\" \/>\n<meta name=\"twitter:card\" content=\"summary_large_image\" \/>\n<meta name=\"twitter:label1\" content=\"\u01af\u1edbc t\u00ednh th\u1eddi gian \u0111\u1ecdc\" \/>\n\t<meta name=\"twitter:data1\" content=\"2 ph\u00fat\" \/>\n<script type=\"application\/ld+json\" class=\"yoast-schema-graph\">{\"@context\":\"https:\\\/\\\/schema.org\",\"@graph\":[{\"@type\":\"WebPage\",\"@id\":\"https:\\\/\\\/www.upscience-labs.com\\\/vn\\\/gioi-thieu-ve-chung-toi\\\/mang-luoi-cua-chung-toi\\\/y\\\/\",\"url\":\"https:\\\/\\\/www.upscience-labs.com\\\/vn\\\/gioi-thieu-ve-chung-toi\\\/mang-luoi-cua-chung-toi\\\/y\\\/\",\"name\":\"M\u1ea1ng l\u01b0\u1edbi c\u1ee7a ch\u00fang t\u00f4i | Upscience t\u1ea1i \u00dd | Upscience\",\"isPartOf\":{\"@id\":\"https:\\\/\\\/www.upscience-labs.com\\\/#website\"},\"primaryImageOfPage\":{\"@id\":\"https:\\\/\\\/www.upscience-labs.com\\\/vn\\\/gioi-thieu-ve-chung-toi\\\/mang-luoi-cua-chung-toi\\\/y\\\/#primaryimage\"},\"image\":{\"@id\":\"https:\\\/\\\/www.upscience-labs.com\\\/vn\\\/gioi-thieu-ve-chung-toi\\\/mang-luoi-cua-chung-toi\\\/y\\\/#primaryimage\"},\"thumbnailUrl\":\"https:\\\/\\\/www.upscience-labs.com\\\/wp-content\\\/uploads\\\/2017\\\/06\\\/italy-1920.jpg\",\"datePublished\":\"2017-07-12T14:44:53+00:00\",\"dateModified\":\"2021-06-28T06:02:58+00:00\",\"description\":\"T\u1ea1i \u00dd, Upscience c\u00f3 m\u1ed9t \u0111\u1ecba \u0111i\u1ec3m n\u1eb1m t\u1ea1i Modena, ph\u00e2n t\u00edch dinh d\u01b0\u1ee1ng ng\u01b0\u1eddi v\u00e0 \u0111\u1ed9ng v\u1eadt v\u00e0 ph\u00e2n t\u00edch m\u00f4i tr\u01b0\u1eddng.\",\"breadcrumb\":{\"@id\":\"https:\\\/\\\/www.upscience-labs.com\\\/vn\\\/gioi-thieu-ve-chung-toi\\\/mang-luoi-cua-chung-toi\\\/y\\\/#breadcrumb\"},\"inLanguage\":\"vi\",\"potentialAction\":[{\"@type\":\"ReadAction\",\"target\":[\"https:\\\/\\\/www.upscience-labs.com\\\/vn\\\/gioi-thieu-ve-chung-toi\\\/mang-luoi-cua-chung-toi\\\/y\\\/\"]}]},{\"@type\":\"ImageObject\",\"inLanguage\":\"vi\",\"@id\":\"https:\\\/\\\/www.upscience-labs.com\\\/vn\\\/gioi-thieu-ve-chung-toi\\\/mang-luoi-cua-chung-toi\\\/y\\\/#primaryimage\",\"url\":\"https:\\\/\\\/www.upscience-labs.com\\\/wp-content\\\/uploads\\\/2017\\\/06\\\/italy-1920.jpg\",\"contentUrl\":\"https:\\\/\\\/www.upscience-labs.com\\\/wp-content\\\/uploads\\\/2017\\\/06\\\/italy-1920.jpg\",\"width\":1920,\"height\":400},{\"@type\":\"BreadcrumbList\",\"@id\":\"https:\\\/\\\/www.upscience-labs.com\\\/vn\\\/gioi-thieu-ve-chung-toi\\\/mang-luoi-cua-chung-toi\\\/y\\\/#breadcrumb\",\"itemListElement\":[{\"@type\":\"ListItem\",\"position\":1,\"name\":\"Home\",\"item\":\"https:\\\/\\\/www.upscience-labs.com\\\/vn\\\/\"},{\"@type\":\"ListItem\",\"position\":2,\"name\":\"GI\u1edaI THI\u1ec6U\",\"item\":\"https:\\\/\\\/www.upscience-labs.com\\\/vn\\\/gioi-thieu-ve-chung-toi\\\/\"},{\"@type\":\"ListItem\",\"position\":3,\"name\":\"M\u1ea1ng l\u01b0\u1edbi c\u1ee7a ch\u00fang t\u00f4i\",\"item\":\"https:\\\/\\\/www.upscience-labs.com\\\/vn\\\/gioi-thieu-ve-chung-toi\\\/mang-luoi-cua-chung-toi\\\/\"},{\"@type\":\"ListItem\",\"position\":4,\"name\":\"\u00dd\"}]},{\"@type\":\"WebSite\",\"@id\":\"https:\\\/\\\/www.upscience-labs.com\\\/#website\",\"url\":\"https:\\\/\\\/www.upscience-labs.com\\\/\",\"name\":\"Upscience\",\"description\":\"Labs Solutions\",\"potentialAction\":[{\"@type\":\"SearchAction\",\"target\":{\"@type\":\"EntryPoint\",\"urlTemplate\":\"https:\\\/\\\/www.upscience-labs.com\\\/?s={search_term_string}\"},\"query-input\":{\"@type\":\"PropertyValueSpecification\",\"valueRequired\":true,\"valueName\":\"search_term_string\"}}],\"inLanguage\":\"vi\"}]}<\/script>\n<!-- \/ Yoast SEO plugin. -->","yoast_head_json":{"title":"M\u1ea1ng l\u01b0\u1edbi c\u1ee7a ch\u00fang t\u00f4i | Upscience t\u1ea1i \u00dd | Upscience","description":"T\u1ea1i \u00dd, Upscience c\u00f3 m\u1ed9t \u0111\u1ecba \u0111i\u1ec3m n\u1eb1m t\u1ea1i Modena, ph\u00e2n t\u00edch dinh d\u01b0\u1ee1ng ng\u01b0\u1eddi v\u00e0 \u0111\u1ed9ng v\u1eadt v\u00e0 ph\u00e2n t\u00edch m\u00f4i tr\u01b0\u1eddng.","robots":{"index":"index","follow":"follow","max-snippet":"max-snippet:-1","max-image-preview":"max-image-preview:large","max-video-preview":"max-video-preview:-1"},"canonical":"https:\/\/www.upscience-labs.com\/vn\/gioi-thieu-ve-chung-toi\/mang-luoi-cua-chung-toi\/y\/","og_locale":"vi_VN","og_type":"article","og_title":"M\u1ea1ng l\u01b0\u1edbi c\u1ee7a ch\u00fang t\u00f4i | Upscience t\u1ea1i \u00dd | Upscience","og_description":"T\u1ea1i \u00dd, Upscience c\u00f3 m\u1ed9t \u0111\u1ecba \u0111i\u1ec3m n\u1eb1m t\u1ea1i Modena, ph\u00e2n t\u00edch dinh d\u01b0\u1ee1ng ng\u01b0\u1eddi v\u00e0 \u0111\u1ed9ng v\u1eadt v\u00e0 ph\u00e2n t\u00edch m\u00f4i tr\u01b0\u1eddng.","og_url":"https:\/\/www.upscience-labs.com\/vn\/gioi-thieu-ve-chung-toi\/mang-luoi-cua-chung-toi\/y\/","og_site_name":"Upscience","article_modified_time":"2021-06-28T06:02:58+00:00","og_image":[{"width":1920,"height":400,"url":"https:\/\/www.upscience-labs.com\/wp-content\/uploads\/2017\/06\/italy-1920.jpg","type":"image\/jpeg"}],"twitter_card":"summary_large_image","twitter_misc":{"\u01af\u1edbc t\u00ednh th\u1eddi gian \u0111\u1ecdc":"2 ph\u00fat"},"schema":{"@context":"https:\/\/schema.org","@graph":[{"@type":"WebPage","@id":"https:\/\/www.upscience-labs.com\/vn\/gioi-thieu-ve-chung-toi\/mang-luoi-cua-chung-toi\/y\/","url":"https:\/\/www.upscience-labs.com\/vn\/gioi-thieu-ve-chung-toi\/mang-luoi-cua-chung-toi\/y\/","name":"M\u1ea1ng l\u01b0\u1edbi c\u1ee7a ch\u00fang t\u00f4i | Upscience t\u1ea1i \u00dd | Upscience","isPartOf":{"@id":"https:\/\/www.upscience-labs.com\/#website"},"primaryImageOfPage":{"@id":"https:\/\/www.upscience-labs.com\/vn\/gioi-thieu-ve-chung-toi\/mang-luoi-cua-chung-toi\/y\/#primaryimage"},"image":{"@id":"https:\/\/www.upscience-labs.com\/vn\/gioi-thieu-ve-chung-toi\/mang-luoi-cua-chung-toi\/y\/#primaryimage"},"thumbnailUrl":"https:\/\/www.upscience-labs.com\/wp-content\/uploads\/2017\/06\/italy-1920.jpg","datePublished":"2017-07-12T14:44:53+00:00","dateModified":"2021-06-28T06:02:58+00:00","description":"T\u1ea1i \u00dd, Upscience c\u00f3 m\u1ed9t \u0111\u1ecba \u0111i\u1ec3m n\u1eb1m t\u1ea1i Modena, ph\u00e2n t\u00edch dinh d\u01b0\u1ee1ng ng\u01b0\u1eddi v\u00e0 \u0111\u1ed9ng v\u1eadt v\u00e0 ph\u00e2n t\u00edch m\u00f4i tr\u01b0\u1eddng.","breadcrumb":{"@id":"https:\/\/www.upscience-labs.com\/vn\/gioi-thieu-ve-chung-toi\/mang-luoi-cua-chung-toi\/y\/#breadcrumb"},"inLanguage":"vi","potentialAction":[{"@type":"ReadAction","target":["https:\/\/www.upscience-labs.com\/vn\/gioi-thieu-ve-chung-toi\/mang-luoi-cua-chung-toi\/y\/"]}]},{"@type":"ImageObject","inLanguage":"vi","@id":"https:\/\/www.upscience-labs.com\/vn\/gioi-thieu-ve-chung-toi\/mang-luoi-cua-chung-toi\/y\/#primaryimage","url":"https:\/\/www.upscience-labs.com\/wp-content\/uploads\/2017\/06\/italy-1920.jpg","contentUrl":"https:\/\/www.upscience-labs.com\/wp-content\/uploads\/2017\/06\/italy-1920.jpg","width":1920,"height":400},{"@type":"BreadcrumbList","@id":"https:\/\/www.upscience-labs.com\/vn\/gioi-thieu-ve-chung-toi\/mang-luoi-cua-chung-toi\/y\/#breadcrumb","itemListElement":[{"@type":"ListItem","position":1,"name":"Home","item":"https:\/\/www.upscience-labs.com\/vn\/"},{"@type":"ListItem","position":2,"name":"GI\u1edaI THI\u1ec6U","item":"https:\/\/www.upscience-labs.com\/vn\/gioi-thieu-ve-chung-toi\/"},{"@type":"ListItem","position":3,"name":"M\u1ea1ng l\u01b0\u1edbi c\u1ee7a ch\u00fang t\u00f4i","item":"https:\/\/www.upscience-labs.com\/vn\/gioi-thieu-ve-chung-toi\/mang-luoi-cua-chung-toi\/"},{"@type":"ListItem","position":4,"name":"\u00dd"}]},{"@type":"WebSite","@id":"https:\/\/www.upscience-labs.com\/#website","url":"https:\/\/www.upscience-labs.com\/","name":"Upscience","description":"Labs Solutions","potentialAction":[{"@type":"SearchAction","target":{"@type":"EntryPoint","urlTemplate":"https:\/\/www.upscience-labs.com\/?s={search_term_string}"},"query-input":{"@type":"PropertyValueSpecification","valueRequired":true,"valueName":"search_term_string"}}],"inLanguage":"vi"}]}},"_links":{"self":[{"href":"https:\/\/www.upscience-labs.com\/vn\/wp-json\/wp\/v2\/pages\/750","targetHints":{"allow":["GET"]}}],"collection":[{"href":"https:\/\/www.upscience-labs.com\/vn\/wp-json\/wp\/v2\/pages"}],"about":[{"href":"https:\/\/www.upscience-labs.com\/vn\/wp-json\/wp\/v2\/types\/page"}],"author":[{"embeddable":true,"href":"https:\/\/www.upscience-labs.com\/vn\/wp-json\/wp\/v2\/users\/22"}],"replies":[{"embeddable":true,"href":"https:\/\/www.upscience-labs.com\/vn\/wp-json\/wp\/v2\/comments?post=750"}],"version-history":[{"count":1,"href":"https:\/\/www.upscience-labs.com\/vn\/wp-json\/wp\/v2\/pages\/750\/revisions"}],"predecessor-version":[{"id":4707,"href":"https:\/\/www.upscience-labs.com\/vn\/wp-json\/wp\/v2\/pages\/750\/revisions\/4707"}],"up":[{"embeddable":true,"href":"https:\/\/www.upscience-labs.com\/vn\/wp-json\/wp\/v2\/pages\/731"}],"wp:featuredmedia":[{"embeddable":true,"href":"https:\/\/www.upscience-labs.com\/vn\/wp-json\/wp\/v2\/media\/1051"}],"wp:attachment":[{"href":"https:\/\/www.upscience-labs.com\/vn\/wp-json\/wp\/v2\/media?parent=750"}],"curies":[{"name":"wp","href":"https:\/\/api.w.org\/{rel}","templated":true}]}}