{"id":748,"date":"2017-07-12T16:42:48","date_gmt":"2017-07-12T14:42:48","guid":{"rendered":"https:\/\/www.upscience-labs.com\/gioi-thieu-ve-chung-toi\/mang-luoi-cua-chung-toi\/phap\/"},"modified":"2021-03-24T15:07:05","modified_gmt":"2021-03-24T14:07:05","slug":"phap","status":"publish","type":"page","link":"https:\/\/www.upscience-labs.com\/vn\/gioi-thieu-ve-chung-toi\/mang-luoi-cua-chung-toi\/phap\/","title":{"rendered":"Ph\u00e1p"},"content":{"rendered":"<div class=\"wpb-content-wrapper\"><p>[vc_row][vc_column][vc_column_text]T\u1ea1i Ph\u00e1p, Upscience c\u00f3 ba ph\u00f2ng th\u00ed nghi\u1ec7m ph\u00e2n t\u00edch n\u1eb1m \u1edf Ch\u00e2teau-Thierry, Saint Nolff g\u1ea7n Vannes v\u00e0 Thury Harcourt g\u1ea7n Caen. Ba ph\u00f2ng th\u00ed nghi\u1ec7m n\u00e0y cung c\u1ea5p m\u1ed9t ph\u1ea1m vi r\u1ed9ng c\u00e1c d\u1ecbch v\u1ee5 ph\u00e2n t\u00edch \u0111\u00e1p \u1ee9ng nhu c\u1ea7u c\u1ee7a nhi\u1ec1u l\u0129nh v\u1ef1c kh\u00e1c nhau. Ph\u00f2ng th\u00ed nghi\u1ec7m c\u1ee7a ch\u00fang t\u00f4i li\u00ean k\u1ebft v\u1edbi c\u00e1c c\u01a1 quan ch\u00ednh v\u1ec1 l\u0129nh v\u1ef1c th\u1ef1c ph\u1ea9m cho \u0111\u1ed9ng v\u1eadt v\u00e0 con ng\u01b0\u1eddi c\u0169ng nh\u01b0 m\u00f4i tr\u01b0\u1eddng.<\/p>\n<p>Ph\u00f2ng th\u00ed nghi\u1ec7m c\u1ee7a Saint Nolff v\u00e0 Ch\u00e2teau Thierry l\u1ea7n l\u01b0\u1ee3t chuy\u00ean v\u1ec1 dinh d\u01b0\u1ee1ng \u1edf ng\u01b0\u1eddi v\u00e0 \u0111\u1ed9ng v\u1eadt c\u0169ng nh\u01b0 c\u00f3 c\u00e1c k\u1ef9 n\u0103ng v\u1ec1 k\u1ef9 thu\u1eadt \u0111\u00e1p \u1ee9ng \u0111\u01b0\u1ee3c nhu c\u1ea7u c\u1ee5 th\u1ec3 c\u1ee7a nhi\u1ec1u l\u0129nh v\u1ef1c kh\u00e1c nhau.<\/p>\n<p>Ph\u00f2ng th\u00ed nghi\u1ec7m ADG\u00e8ne l\u00e0 m\u1ed9t trung t\u00e2m c\u00f3 chuy\u00ean m\u00f4n v\u1ec1 sinh h\u1ecdc ph\u00e2n t\u1eed v\u00e0 vi sinh v\u1eadt t\u1ea1i Thury Harcourt, th\u1ef1c hi\u1ec7n m\u1ed9t ph\u1ea1m vi c\u00e1c d\u1ecbch v\u1ee5 ph\u00e2n t\u00edch b\u1eb1ng cung c\u1ea5p nh\u1eefng x\u00e9t nghi\u1ec7m nhanh s\u1eed d\u1ee5ng c\u00f4ng ngh\u1ec7 PCR.[\/vc_column_text][\/vc_column][\/vc_row][vc_row][vc_column][vc_text_separator title=&#8221;D\u1ecbch v\u1ee5 ch\u00fang t\u00f4i cung c\u1ea5p t\u1ea1i Ph\u00e1p&#8221; css_animation=&#8221;top-to-bottom&#8221;][\/vc_column][\/vc_row][vc_row][vc_column][vc_tta_accordion][vc_tta_section title=&#8221;D\u1ecaCH V\u1ee4 PH\u00c2N T\u00cdCH&#8221; tab_id=&#8221;1503559534273-bdc170b7-224d&#8221;][vc_column_text css_animation=&#8221;left-to-right&#8221;]<\/p>\n<ul>\n<li>Ph\u00e2n t\u00edch th\u00e0nh ph\u1ea7n v\u00e0 dinh d\u01b0\u1ee1ng\n<ul>\n<li>Gi\u00e1 tr\u1ecb dinh d\u01b0\u1ee1ng<\/li>\n<li>\u0110\u1ed9 \u1ed5n \u0111\u1ecbnh c\u1ee7a s\u1ea3n ph\u1ea9m<\/li>\n<\/ul>\n<\/li>\n<li>Ch\u1ea5t nhi\u1ec5m*<\/li>\n<li style=\"list-style-type: none;\">\n<ul>\n<li>Thu\u1ed1c tr\u1eeb s\u00e2u<\/li>\n<li>Dioxin<\/li>\n<li>Kim lo\u1ea1i n\u1eb7ng<\/li>\n<li>\u0110\u1ed9c t\u1ed1 n\u1ea5m m\u1ed1c<\/li>\n<li>Ch\u1ea5t k\u00edch th\u00edch<\/li>\n<li>D\u1ecb nguy\u00ean<\/li>\n<li>C\u00e1c ch\u1ea5t nhi\u1ec5m kh\u00e1c<\/li>\n<\/ul>\n<\/li>\n<li>Sinh v\u1eadt bi\u1ebfn \u0111\u1ed5i gen (GMO)<\/li>\n<li>\u0110\u1ecbnh danh lo\u00e0i<\/li>\n<li>\u00a0K\u0129 thu\u1eadt d\u1ef1 \u0111o\u00e1n NIRS<\/li>\n<li>Hoa\u0323t ch\u00e2\u0301t<\/li>\n<li>Ph\u00e2n t\u00edch vi sinh<\/li>\n<li>Ph\u00e2n t\u00edch n\u01b0\u1edbc<\/li>\n<\/ul>\n<p>[\/vc_column_text][\/vc_tta_section][vc_tta_section title=&#8221;D\u1ecaCH V\u1ee4 KH\u00c1C &#8221; tab_id=&#8221;1503559534326-d201de8d-62e3&#8243;][vc_column_text css_animation=&#8221;left-to-right&#8221;]<\/p>\n<ul>\n<li>H\u1ed7 tr\u1ee3 k\u1ef9 thu\u1eadt<\/li>\n<li>Ki\u1ec3m tra v\u00e0 thanh tra<\/li>\n<li>Ph\u00e1t tri\u1ec3n v\u00e0 ph\u00ea chu\u1ea9n Ph\u01b0\u01a1ng ph\u00e1p<\/li>\n<li>L\u1ea5y m\u1eabu n\u01b0\u1edbc<\/li>\n<\/ul>\n<p>[\/vc_column_text][\/vc_tta_section][\/vc_tta_accordion][\/vc_column][\/vc_row]<\/p>\n<\/div>","protected":false},"excerpt":{"rendered":"<p>[vc_row][vc_column][vc_column_text]T\u1ea1i Ph\u00e1p, Upscience c\u00f3 ba ph\u00f2ng th\u00ed nghi\u1ec7m ph\u00e2n t\u00edch n\u1eb1m \u1edf Ch\u00e2teau-Thierry, Saint Nolff g\u1ea7n Vannes v\u00e0 Thury Harcourt g\u1ea7n Caen. Ba ph\u00f2ng th\u00ed nghi\u1ec7m n\u00e0y cung c\u1ea5p m\u1ed9t ph\u1ea1m vi r\u1ed9ng c\u00e1c d\u1ecbch v\u1ee5 ph\u00e2n t\u00edch \u0111\u00e1p \u1ee9ng nhu c\u1ea7u c\u1ee7a nhi\u1ec1u l\u0129nh v\u1ef1c kh\u00e1c nhau. Ph\u00f2ng th\u00ed nghi\u1ec7m c\u1ee7a ch\u00fang t\u00f4i li\u00ean &hellip; <\/p>\n<div class=\"vc_btn3-container vc_btn3-right\"><a class=\"vc_general vc_btn3 vc_btn3-size-xs vc_btn3-shape-round vc_btn3-color-bleu more-link\" href=\"https:\/\/www.upscience-labs.com\/vn\/gioi-thieu-ve-chung-toi\/mang-luoi-cua-chung-toi\/phap\/\">Read More<\/a><\/div>\n","protected":false},"author":22,"featured_media":973,"parent":731,"menu_order":131,"comment_status":"closed","ping_status":"closed","template":"template-interieur.php","meta":{"_acf_changed":false,"footnotes":""},"class_list":["post-748","page","type-page","status-publish","has-post-thumbnail","hentry"],"acf":[],"yoast_head":"<!-- This site is optimized with the Yoast SEO plugin v27.3 - https:\/\/yoast.com\/product\/yoast-seo-wordpress\/ -->\n<title>Ph\u00e1p - Upscience<\/title>\n<meta name=\"robots\" content=\"index, follow, max-snippet:-1, max-image-preview:large, max-video-preview:-1\" \/>\n<link rel=\"canonical\" href=\"https:\/\/www.upscience-labs.com\/vn\/gioi-thieu-ve-chung-toi\/mang-luoi-cua-chung-toi\/phap\/\" \/>\n<meta property=\"og:locale\" content=\"vi_VN\" \/>\n<meta property=\"og:type\" content=\"article\" \/>\n<meta property=\"og:title\" content=\"Ph\u00e1p - Upscience\" \/>\n<meta property=\"og:description\" content=\"[vc_row][vc_column][vc_column_text]T\u1ea1i Ph\u00e1p, Upscience c\u00f3 ba ph\u00f2ng th\u00ed nghi\u1ec7m ph\u00e2n t\u00edch n\u1eb1m \u1edf Ch\u00e2teau-Thierry, Saint Nolff g\u1ea7n Vannes v\u00e0 Thury Harcourt g\u1ea7n Caen. Ba ph\u00f2ng th\u00ed nghi\u1ec7m n\u00e0y cung c\u1ea5p m\u1ed9t ph\u1ea1m vi r\u1ed9ng c\u00e1c d\u1ecbch v\u1ee5 ph\u00e2n t\u00edch \u0111\u00e1p \u1ee9ng nhu c\u1ea7u c\u1ee7a nhi\u1ec1u l\u0129nh v\u1ef1c kh\u00e1c nhau. Ph\u00f2ng th\u00ed nghi\u1ec7m c\u1ee7a ch\u00fang t\u00f4i li\u00ean &hellip; Read More\" \/>\n<meta property=\"og:url\" content=\"https:\/\/www.upscience-labs.com\/vn\/gioi-thieu-ve-chung-toi\/mang-luoi-cua-chung-toi\/phap\/\" \/>\n<meta property=\"og:site_name\" content=\"Upscience\" \/>\n<meta property=\"article:modified_time\" content=\"2021-03-24T14:07:05+00:00\" \/>\n<meta property=\"og:image\" content=\"https:\/\/www.upscience-labs.com\/wp-content\/uploads\/2017\/06\/france-1600.jpg\" \/>\n\t<meta property=\"og:image:width\" content=\"1600\" \/>\n\t<meta property=\"og:image:height\" content=\"400\" \/>\n\t<meta property=\"og:image:type\" content=\"image\/jpeg\" \/>\n<meta name=\"twitter:card\" content=\"summary_large_image\" \/>\n<meta name=\"twitter:label1\" content=\"\u01af\u1edbc t\u00ednh th\u1eddi gian \u0111\u1ecdc\" \/>\n\t<meta name=\"twitter:data1\" content=\"2 ph\u00fat\" \/>\n<script type=\"application\/ld+json\" class=\"yoast-schema-graph\">{\"@context\":\"https:\\\/\\\/schema.org\",\"@graph\":[{\"@type\":\"WebPage\",\"@id\":\"https:\\\/\\\/www.upscience-labs.com\\\/vn\\\/gioi-thieu-ve-chung-toi\\\/mang-luoi-cua-chung-toi\\\/phap\\\/\",\"url\":\"https:\\\/\\\/www.upscience-labs.com\\\/vn\\\/gioi-thieu-ve-chung-toi\\\/mang-luoi-cua-chung-toi\\\/phap\\\/\",\"name\":\"Ph\u00e1p - Upscience\",\"isPartOf\":{\"@id\":\"https:\\\/\\\/www.upscience-labs.com\\\/#website\"},\"primaryImageOfPage\":{\"@id\":\"https:\\\/\\\/www.upscience-labs.com\\\/vn\\\/gioi-thieu-ve-chung-toi\\\/mang-luoi-cua-chung-toi\\\/phap\\\/#primaryimage\"},\"image\":{\"@id\":\"https:\\\/\\\/www.upscience-labs.com\\\/vn\\\/gioi-thieu-ve-chung-toi\\\/mang-luoi-cua-chung-toi\\\/phap\\\/#primaryimage\"},\"thumbnailUrl\":\"https:\\\/\\\/www.upscience-labs.com\\\/wp-content\\\/uploads\\\/2017\\\/06\\\/france-1600.jpg\",\"datePublished\":\"2017-07-12T14:42:48+00:00\",\"dateModified\":\"2021-03-24T14:07:05+00:00\",\"breadcrumb\":{\"@id\":\"https:\\\/\\\/www.upscience-labs.com\\\/vn\\\/gioi-thieu-ve-chung-toi\\\/mang-luoi-cua-chung-toi\\\/phap\\\/#breadcrumb\"},\"inLanguage\":\"vi\",\"potentialAction\":[{\"@type\":\"ReadAction\",\"target\":[\"https:\\\/\\\/www.upscience-labs.com\\\/vn\\\/gioi-thieu-ve-chung-toi\\\/mang-luoi-cua-chung-toi\\\/phap\\\/\"]}]},{\"@type\":\"ImageObject\",\"inLanguage\":\"vi\",\"@id\":\"https:\\\/\\\/www.upscience-labs.com\\\/vn\\\/gioi-thieu-ve-chung-toi\\\/mang-luoi-cua-chung-toi\\\/phap\\\/#primaryimage\",\"url\":\"https:\\\/\\\/www.upscience-labs.com\\\/wp-content\\\/uploads\\\/2017\\\/06\\\/france-1600.jpg\",\"contentUrl\":\"https:\\\/\\\/www.upscience-labs.com\\\/wp-content\\\/uploads\\\/2017\\\/06\\\/france-1600.jpg\",\"width\":1600,\"height\":400,\"caption\":\"UPSCIENCE LABORATOIRE FRANCE\"},{\"@type\":\"BreadcrumbList\",\"@id\":\"https:\\\/\\\/www.upscience-labs.com\\\/vn\\\/gioi-thieu-ve-chung-toi\\\/mang-luoi-cua-chung-toi\\\/phap\\\/#breadcrumb\",\"itemListElement\":[{\"@type\":\"ListItem\",\"position\":1,\"name\":\"Home\",\"item\":\"https:\\\/\\\/www.upscience-labs.com\\\/vn\\\/\"},{\"@type\":\"ListItem\",\"position\":2,\"name\":\"GI\u1edaI THI\u1ec6U\",\"item\":\"https:\\\/\\\/www.upscience-labs.com\\\/vn\\\/gioi-thieu-ve-chung-toi\\\/\"},{\"@type\":\"ListItem\",\"position\":3,\"name\":\"M\u1ea1ng l\u01b0\u1edbi c\u1ee7a ch\u00fang t\u00f4i\",\"item\":\"https:\\\/\\\/www.upscience-labs.com\\\/vn\\\/gioi-thieu-ve-chung-toi\\\/mang-luoi-cua-chung-toi\\\/\"},{\"@type\":\"ListItem\",\"position\":4,\"name\":\"Ph\u00e1p\"}]},{\"@type\":\"WebSite\",\"@id\":\"https:\\\/\\\/www.upscience-labs.com\\\/#website\",\"url\":\"https:\\\/\\\/www.upscience-labs.com\\\/\",\"name\":\"Upscience\",\"description\":\"Labs Solutions\",\"potentialAction\":[{\"@type\":\"SearchAction\",\"target\":{\"@type\":\"EntryPoint\",\"urlTemplate\":\"https:\\\/\\\/www.upscience-labs.com\\\/?s={search_term_string}\"},\"query-input\":{\"@type\":\"PropertyValueSpecification\",\"valueRequired\":true,\"valueName\":\"search_term_string\"}}],\"inLanguage\":\"vi\"}]}<\/script>\n<!-- \/ Yoast SEO plugin. -->","yoast_head_json":{"title":"Ph\u00e1p - Upscience","robots":{"index":"index","follow":"follow","max-snippet":"max-snippet:-1","max-image-preview":"max-image-preview:large","max-video-preview":"max-video-preview:-1"},"canonical":"https:\/\/www.upscience-labs.com\/vn\/gioi-thieu-ve-chung-toi\/mang-luoi-cua-chung-toi\/phap\/","og_locale":"vi_VN","og_type":"article","og_title":"Ph\u00e1p - Upscience","og_description":"[vc_row][vc_column][vc_column_text]T\u1ea1i Ph\u00e1p, Upscience c\u00f3 ba ph\u00f2ng th\u00ed nghi\u1ec7m ph\u00e2n t\u00edch n\u1eb1m \u1edf Ch\u00e2teau-Thierry, Saint Nolff g\u1ea7n Vannes v\u00e0 Thury Harcourt g\u1ea7n Caen. Ba ph\u00f2ng th\u00ed nghi\u1ec7m n\u00e0y cung c\u1ea5p m\u1ed9t ph\u1ea1m vi r\u1ed9ng c\u00e1c d\u1ecbch v\u1ee5 ph\u00e2n t\u00edch \u0111\u00e1p \u1ee9ng nhu c\u1ea7u c\u1ee7a nhi\u1ec1u l\u0129nh v\u1ef1c kh\u00e1c nhau. Ph\u00f2ng th\u00ed nghi\u1ec7m c\u1ee7a ch\u00fang t\u00f4i li\u00ean &hellip; Read More","og_url":"https:\/\/www.upscience-labs.com\/vn\/gioi-thieu-ve-chung-toi\/mang-luoi-cua-chung-toi\/phap\/","og_site_name":"Upscience","article_modified_time":"2021-03-24T14:07:05+00:00","og_image":[{"width":1600,"height":400,"url":"https:\/\/www.upscience-labs.com\/wp-content\/uploads\/2017\/06\/france-1600.jpg","type":"image\/jpeg"}],"twitter_card":"summary_large_image","twitter_misc":{"\u01af\u1edbc t\u00ednh th\u1eddi gian \u0111\u1ecdc":"2 ph\u00fat"},"schema":{"@context":"https:\/\/schema.org","@graph":[{"@type":"WebPage","@id":"https:\/\/www.upscience-labs.com\/vn\/gioi-thieu-ve-chung-toi\/mang-luoi-cua-chung-toi\/phap\/","url":"https:\/\/www.upscience-labs.com\/vn\/gioi-thieu-ve-chung-toi\/mang-luoi-cua-chung-toi\/phap\/","name":"Ph\u00e1p - Upscience","isPartOf":{"@id":"https:\/\/www.upscience-labs.com\/#website"},"primaryImageOfPage":{"@id":"https:\/\/www.upscience-labs.com\/vn\/gioi-thieu-ve-chung-toi\/mang-luoi-cua-chung-toi\/phap\/#primaryimage"},"image":{"@id":"https:\/\/www.upscience-labs.com\/vn\/gioi-thieu-ve-chung-toi\/mang-luoi-cua-chung-toi\/phap\/#primaryimage"},"thumbnailUrl":"https:\/\/www.upscience-labs.com\/wp-content\/uploads\/2017\/06\/france-1600.jpg","datePublished":"2017-07-12T14:42:48+00:00","dateModified":"2021-03-24T14:07:05+00:00","breadcrumb":{"@id":"https:\/\/www.upscience-labs.com\/vn\/gioi-thieu-ve-chung-toi\/mang-luoi-cua-chung-toi\/phap\/#breadcrumb"},"inLanguage":"vi","potentialAction":[{"@type":"ReadAction","target":["https:\/\/www.upscience-labs.com\/vn\/gioi-thieu-ve-chung-toi\/mang-luoi-cua-chung-toi\/phap\/"]}]},{"@type":"ImageObject","inLanguage":"vi","@id":"https:\/\/www.upscience-labs.com\/vn\/gioi-thieu-ve-chung-toi\/mang-luoi-cua-chung-toi\/phap\/#primaryimage","url":"https:\/\/www.upscience-labs.com\/wp-content\/uploads\/2017\/06\/france-1600.jpg","contentUrl":"https:\/\/www.upscience-labs.com\/wp-content\/uploads\/2017\/06\/france-1600.jpg","width":1600,"height":400,"caption":"UPSCIENCE LABORATOIRE FRANCE"},{"@type":"BreadcrumbList","@id":"https:\/\/www.upscience-labs.com\/vn\/gioi-thieu-ve-chung-toi\/mang-luoi-cua-chung-toi\/phap\/#breadcrumb","itemListElement":[{"@type":"ListItem","position":1,"name":"Home","item":"https:\/\/www.upscience-labs.com\/vn\/"},{"@type":"ListItem","position":2,"name":"GI\u1edaI THI\u1ec6U","item":"https:\/\/www.upscience-labs.com\/vn\/gioi-thieu-ve-chung-toi\/"},{"@type":"ListItem","position":3,"name":"M\u1ea1ng l\u01b0\u1edbi c\u1ee7a ch\u00fang t\u00f4i","item":"https:\/\/www.upscience-labs.com\/vn\/gioi-thieu-ve-chung-toi\/mang-luoi-cua-chung-toi\/"},{"@type":"ListItem","position":4,"name":"Ph\u00e1p"}]},{"@type":"WebSite","@id":"https:\/\/www.upscience-labs.com\/#website","url":"https:\/\/www.upscience-labs.com\/","name":"Upscience","description":"Labs Solutions","potentialAction":[{"@type":"SearchAction","target":{"@type":"EntryPoint","urlTemplate":"https:\/\/www.upscience-labs.com\/?s={search_term_string}"},"query-input":{"@type":"PropertyValueSpecification","valueRequired":true,"valueName":"search_term_string"}}],"inLanguage":"vi"}]}},"_links":{"self":[{"href":"https:\/\/www.upscience-labs.com\/vn\/wp-json\/wp\/v2\/pages\/748","targetHints":{"allow":["GET"]}}],"collection":[{"href":"https:\/\/www.upscience-labs.com\/vn\/wp-json\/wp\/v2\/pages"}],"about":[{"href":"https:\/\/www.upscience-labs.com\/vn\/wp-json\/wp\/v2\/types\/page"}],"author":[{"embeddable":true,"href":"https:\/\/www.upscience-labs.com\/vn\/wp-json\/wp\/v2\/users\/22"}],"replies":[{"embeddable":true,"href":"https:\/\/www.upscience-labs.com\/vn\/wp-json\/wp\/v2\/comments?post=748"}],"version-history":[{"count":1,"href":"https:\/\/www.upscience-labs.com\/vn\/wp-json\/wp\/v2\/pages\/748\/revisions"}],"predecessor-version":[{"id":4006,"href":"https:\/\/www.upscience-labs.com\/vn\/wp-json\/wp\/v2\/pages\/748\/revisions\/4006"}],"up":[{"embeddable":true,"href":"https:\/\/www.upscience-labs.com\/vn\/wp-json\/wp\/v2\/pages\/731"}],"wp:featuredmedia":[{"embeddable":true,"href":"https:\/\/www.upscience-labs.com\/vn\/wp-json\/wp\/v2\/media\/973"}],"wp:attachment":[{"href":"https:\/\/www.upscience-labs.com\/vn\/wp-json\/wp\/v2\/media?parent=748"}],"curies":[{"name":"wp","href":"https:\/\/api.w.org\/{rel}","templated":true}]}}