{"id":746,"date":"2017-07-12T16:35:54","date_gmt":"2017-07-12T14:35:54","guid":{"rendered":"https:\/\/www.upscience-labs.com\/gioi-thieu-ve-chung-toi\/tai-sao-chon-chung-toi\/"},"modified":"2021-03-24T15:01:55","modified_gmt":"2021-03-24T14:01:55","slug":"tai-sao-chon-chung-toi","status":"publish","type":"page","link":"https:\/\/www.upscience-labs.com\/vn\/gioi-thieu-ve-chung-toi\/tai-sao-chon-chung-toi\/","title":{"rendered":"T\u1ea1i sao ch\u1ecdn ch\u00fang t\u00f4i?"},"content":{"rendered":"<div class=\"wpb-content-wrapper\"><p>[vc_row][vc_column][vc_column_text]<\/p>\n<h2>M\u1ed9t ph\u1ea1m vi ph\u00e2n t\u00edch v\u00e0 d\u1ecbch v\u1ee5 to\u00e0n di\u1ec7n<\/h2>\n<p>Upscience cung c\u1ea5p m\u1ed9t ph\u1ea1m vi r\u1ed9ng c\u00e1c ph\u00e2n t\u00edch v\u00e0 d\u1ecbch v\u1ee5 nh\u1eb1m gi\u00fap qu\u00fd kh\u00e1ch \u0111\u1ea3m b\u1ea3o, t\u1ed1i \u01b0u h\u00f3a v\u00e0 ki\u1ec3m so\u00e1t s\u1ea3n ph\u1ea9m v\u00e0 quy tr\u00ecnh s\u1ea3n xu\u1ea5t. D\u1ecbch v\u1ee5 ph\u00e2n t\u00edch v\u00e0 d\u1ecbch v\u1ee5 c\u00e1 nh\u00e2n, ch\u1eb3ng h\u1ea1n nh\u01b0 h\u1ed7 tr\u1ee3 k\u1ef9 thu\u1eadt, hu\u1ea5n luy\u1ec7n, ph\u00e1t tri\u1ec3n v\u00e0 x\u00e1c minh ph\u01b0\u01a1ng ph\u00e1p, ki\u1ec3m tra<\/p>\n<h2>M\u1ed9t m\u1ea1ng l\u01b0\u1edbi to\u00e0n c\u1ea7u v\u1edbi quy m\u00f4 con ng\u01b0\u1eddi<\/h2>\n<p>M\u1ea1ng l\u01b0\u1edbi c\u1ee7a ch\u00fang t\u00f4i k\u1ebft h\u1ee3p chuy\u00ean m\u00f4n c\u1ee7a m\u1ed9t nh\u00f3m qu\u1ed1c t\u1ebf v\u1edbi s\u1ef1 k\u1ebft n\u1ed1i c\u1ee7a c\u00e1c ph\u00f2ng th\u00ed nghi\u1ec7m linh ho\u1ea1t c\u00f3 quy m\u00f4 con ng\u01b0\u1eddi s\u1ebd g\u1eafn k\u1ebft th\u00e0nh m\u1ed9t m\u1ed1i quan h\u1ec7 hi\u1ec7u qu\u1ea3 nh\u1eb1m h\u1ed7 tr\u1ee3 m\u1ee5c ti\u00eau kinh doanh c\u1ee7a kh\u00e1ch h\u00e0ng.<\/p>\n<h2>60 n\u0103m kinh nghi\u1ec7m<\/h2>\n<p>V\u1edbi h\u01a1n 60 n\u0103m kinh nghi\u1ec7m trong l\u0129nh v\u1ef1c ph\u00e2n t\u00edch, ch\u00fang t\u00f4i nh\u1eadn bi\u1ebft c\u00e1c th\u1eed th\u00e1ch m\u00e0 kh\u00e1ch h\u00e0ng \u0111ang ph\u1ea3i \u0111\u1ed1i m\u1eb7t. \u0110i\u1ec1u n\u00e0y, k\u1ebft h\u1ee3p v\u1edbi chuy\u00ean m\u00f4n cao c\u1ee7a ch\u00fang t\u00f4i trong ph\u00e2n t\u00edch h\u00f3a l\u00fd, vi sinh, \u0111\u1ea3m b\u1ea3o kh\u00e1ch h\u00e0ng s\u1ebd nh\u1eadn \u0111\u01b0\u1ee3c gi\u1ea3i ph\u00e1p ph\u00f9 h\u1ee3p v\u00e0 s\u00e1ng t\u1ea1o.[\/vc_column_text][\/vc_column][\/vc_row]<\/p>\n<\/div>","protected":false},"excerpt":{"rendered":"<p>[vc_row][vc_column][vc_column_text] M\u1ed9t ph\u1ea1m vi ph\u00e2n t\u00edch v\u00e0 d\u1ecbch v\u1ee5 to\u00e0n di\u1ec7n Upscience cung c\u1ea5p m\u1ed9t ph\u1ea1m vi r\u1ed9ng c\u00e1c ph\u00e2n t\u00edch v\u00e0 d\u1ecbch v\u1ee5 nh\u1eb1m gi\u00fap qu\u00fd kh\u00e1ch \u0111\u1ea3m b\u1ea3o, t\u1ed1i \u01b0u h\u00f3a v\u00e0 ki\u1ec3m so\u00e1t s\u1ea3n ph\u1ea9m v\u00e0 quy tr\u00ecnh s\u1ea3n xu\u1ea5t. D\u1ecbch v\u1ee5 ph\u00e2n t\u00edch v\u00e0 d\u1ecbch v\u1ee5 c\u00e1 nh\u00e2n, ch\u1eb3ng h\u1ea1n nh\u01b0 &hellip; <\/p>\n<div class=\"vc_btn3-container vc_btn3-right\"><a class=\"vc_general vc_btn3 vc_btn3-size-xs vc_btn3-shape-round vc_btn3-color-bleu more-link\" href=\"https:\/\/www.upscience-labs.com\/vn\/gioi-thieu-ve-chung-toi\/tai-sao-chon-chung-toi\/\">Read More<\/a><\/div>\n","protected":false},"author":22,"featured_media":0,"parent":742,"menu_order":120,"comment_status":"closed","ping_status":"closed","template":"template-interieur.php","meta":{"_acf_changed":false,"footnotes":""},"class_list":["post-746","page","type-page","status-publish","hentry"],"acf":[],"yoast_head":"<!-- This site is optimized with the Yoast SEO plugin v27.3 - https:\/\/yoast.com\/product\/yoast-seo-wordpress\/ -->\n<title>T\u1ea1i sao ch\u1ecdn ch\u00fang t\u00f4i? - Upscience<\/title>\n<meta name=\"description\" content=\"V\u1edbi h\u01a1n 60 n\u0103m kinh nghi\u1ec7m trong l\u0129nh v\u1ef1c ph\u00e2n t\u00edch, ch\u00fang t\u00f4i nh\u1eadn bi\u1ebft c\u00e1c th\u1eed th\u00e1ch m\u00e0 kh\u00e1ch h\u00e0ng \u0111ang ph\u1ea3i \u0111\u1ed1i m\u1eb7t\" \/>\n<meta name=\"robots\" content=\"index, follow, max-snippet:-1, max-image-preview:large, max-video-preview:-1\" \/>\n<link rel=\"canonical\" href=\"https:\/\/www.upscience-labs.com\/vn\/gioi-thieu-ve-chung-toi\/tai-sao-chon-chung-toi\/\" \/>\n<meta property=\"og:locale\" content=\"vi_VN\" \/>\n<meta property=\"og:type\" content=\"article\" \/>\n<meta property=\"og:title\" content=\"T\u1ea1i sao ch\u1ecdn ch\u00fang t\u00f4i? - Upscience\" \/>\n<meta property=\"og:description\" content=\"V\u1edbi h\u01a1n 60 n\u0103m kinh nghi\u1ec7m trong l\u0129nh v\u1ef1c ph\u00e2n t\u00edch, ch\u00fang t\u00f4i nh\u1eadn bi\u1ebft c\u00e1c th\u1eed th\u00e1ch m\u00e0 kh\u00e1ch h\u00e0ng \u0111ang ph\u1ea3i \u0111\u1ed1i m\u1eb7t\" \/>\n<meta property=\"og:url\" content=\"https:\/\/www.upscience-labs.com\/vn\/gioi-thieu-ve-chung-toi\/tai-sao-chon-chung-toi\/\" \/>\n<meta property=\"og:site_name\" content=\"Upscience\" \/>\n<meta property=\"article:modified_time\" content=\"2021-03-24T14:01:55+00:00\" \/>\n<meta name=\"twitter:card\" content=\"summary_large_image\" \/>\n<meta name=\"twitter:label1\" content=\"\u01af\u1edbc t\u00ednh th\u1eddi gian \u0111\u1ecdc\" \/>\n\t<meta name=\"twitter:data1\" content=\"1 ph\u00fat\" \/>\n<script type=\"application\/ld+json\" class=\"yoast-schema-graph\">{\"@context\":\"https:\\\/\\\/schema.org\",\"@graph\":[{\"@type\":\"WebPage\",\"@id\":\"https:\\\/\\\/www.upscience-labs.com\\\/vn\\\/gioi-thieu-ve-chung-toi\\\/tai-sao-chon-chung-toi\\\/\",\"url\":\"https:\\\/\\\/www.upscience-labs.com\\\/vn\\\/gioi-thieu-ve-chung-toi\\\/tai-sao-chon-chung-toi\\\/\",\"name\":\"T\u1ea1i sao ch\u1ecdn ch\u00fang t\u00f4i? - Upscience\",\"isPartOf\":{\"@id\":\"https:\\\/\\\/www.upscience-labs.com\\\/#website\"},\"datePublished\":\"2017-07-12T14:35:54+00:00\",\"dateModified\":\"2021-03-24T14:01:55+00:00\",\"description\":\"V\u1edbi h\u01a1n 60 n\u0103m kinh nghi\u1ec7m trong l\u0129nh v\u1ef1c ph\u00e2n t\u00edch, ch\u00fang t\u00f4i nh\u1eadn bi\u1ebft c\u00e1c th\u1eed th\u00e1ch m\u00e0 kh\u00e1ch h\u00e0ng \u0111ang ph\u1ea3i \u0111\u1ed1i m\u1eb7t\",\"breadcrumb\":{\"@id\":\"https:\\\/\\\/www.upscience-labs.com\\\/vn\\\/gioi-thieu-ve-chung-toi\\\/tai-sao-chon-chung-toi\\\/#breadcrumb\"},\"inLanguage\":\"vi\",\"potentialAction\":[{\"@type\":\"ReadAction\",\"target\":[\"https:\\\/\\\/www.upscience-labs.com\\\/vn\\\/gioi-thieu-ve-chung-toi\\\/tai-sao-chon-chung-toi\\\/\"]}]},{\"@type\":\"BreadcrumbList\",\"@id\":\"https:\\\/\\\/www.upscience-labs.com\\\/vn\\\/gioi-thieu-ve-chung-toi\\\/tai-sao-chon-chung-toi\\\/#breadcrumb\",\"itemListElement\":[{\"@type\":\"ListItem\",\"position\":1,\"name\":\"Home\",\"item\":\"https:\\\/\\\/www.upscience-labs.com\\\/vn\\\/\"},{\"@type\":\"ListItem\",\"position\":2,\"name\":\"GI\u1edaI THI\u1ec6U\",\"item\":\"https:\\\/\\\/www.upscience-labs.com\\\/vn\\\/gioi-thieu-ve-chung-toi\\\/\"},{\"@type\":\"ListItem\",\"position\":3,\"name\":\"T\u1ea1i sao ch\u1ecdn ch\u00fang t\u00f4i?\"}]},{\"@type\":\"WebSite\",\"@id\":\"https:\\\/\\\/www.upscience-labs.com\\\/#website\",\"url\":\"https:\\\/\\\/www.upscience-labs.com\\\/\",\"name\":\"Upscience\",\"description\":\"Labs Solutions\",\"potentialAction\":[{\"@type\":\"SearchAction\",\"target\":{\"@type\":\"EntryPoint\",\"urlTemplate\":\"https:\\\/\\\/www.upscience-labs.com\\\/?s={search_term_string}\"},\"query-input\":{\"@type\":\"PropertyValueSpecification\",\"valueRequired\":true,\"valueName\":\"search_term_string\"}}],\"inLanguage\":\"vi\"}]}<\/script>\n<!-- \/ Yoast SEO plugin. -->","yoast_head_json":{"title":"T\u1ea1i sao ch\u1ecdn ch\u00fang t\u00f4i? - Upscience","description":"V\u1edbi h\u01a1n 60 n\u0103m kinh nghi\u1ec7m trong l\u0129nh v\u1ef1c ph\u00e2n t\u00edch, ch\u00fang t\u00f4i nh\u1eadn bi\u1ebft c\u00e1c th\u1eed th\u00e1ch m\u00e0 kh\u00e1ch h\u00e0ng \u0111ang ph\u1ea3i \u0111\u1ed1i m\u1eb7t","robots":{"index":"index","follow":"follow","max-snippet":"max-snippet:-1","max-image-preview":"max-image-preview:large","max-video-preview":"max-video-preview:-1"},"canonical":"https:\/\/www.upscience-labs.com\/vn\/gioi-thieu-ve-chung-toi\/tai-sao-chon-chung-toi\/","og_locale":"vi_VN","og_type":"article","og_title":"T\u1ea1i sao ch\u1ecdn ch\u00fang t\u00f4i? - Upscience","og_description":"V\u1edbi h\u01a1n 60 n\u0103m kinh nghi\u1ec7m trong l\u0129nh v\u1ef1c ph\u00e2n t\u00edch, ch\u00fang t\u00f4i nh\u1eadn bi\u1ebft c\u00e1c th\u1eed th\u00e1ch m\u00e0 kh\u00e1ch h\u00e0ng \u0111ang ph\u1ea3i \u0111\u1ed1i m\u1eb7t","og_url":"https:\/\/www.upscience-labs.com\/vn\/gioi-thieu-ve-chung-toi\/tai-sao-chon-chung-toi\/","og_site_name":"Upscience","article_modified_time":"2021-03-24T14:01:55+00:00","twitter_card":"summary_large_image","twitter_misc":{"\u01af\u1edbc t\u00ednh th\u1eddi gian \u0111\u1ecdc":"1 ph\u00fat"},"schema":{"@context":"https:\/\/schema.org","@graph":[{"@type":"WebPage","@id":"https:\/\/www.upscience-labs.com\/vn\/gioi-thieu-ve-chung-toi\/tai-sao-chon-chung-toi\/","url":"https:\/\/www.upscience-labs.com\/vn\/gioi-thieu-ve-chung-toi\/tai-sao-chon-chung-toi\/","name":"T\u1ea1i sao ch\u1ecdn ch\u00fang t\u00f4i? - Upscience","isPartOf":{"@id":"https:\/\/www.upscience-labs.com\/#website"},"datePublished":"2017-07-12T14:35:54+00:00","dateModified":"2021-03-24T14:01:55+00:00","description":"V\u1edbi h\u01a1n 60 n\u0103m kinh nghi\u1ec7m trong l\u0129nh v\u1ef1c ph\u00e2n t\u00edch, ch\u00fang t\u00f4i nh\u1eadn bi\u1ebft c\u00e1c th\u1eed th\u00e1ch m\u00e0 kh\u00e1ch h\u00e0ng \u0111ang ph\u1ea3i \u0111\u1ed1i m\u1eb7t","breadcrumb":{"@id":"https:\/\/www.upscience-labs.com\/vn\/gioi-thieu-ve-chung-toi\/tai-sao-chon-chung-toi\/#breadcrumb"},"inLanguage":"vi","potentialAction":[{"@type":"ReadAction","target":["https:\/\/www.upscience-labs.com\/vn\/gioi-thieu-ve-chung-toi\/tai-sao-chon-chung-toi\/"]}]},{"@type":"BreadcrumbList","@id":"https:\/\/www.upscience-labs.com\/vn\/gioi-thieu-ve-chung-toi\/tai-sao-chon-chung-toi\/#breadcrumb","itemListElement":[{"@type":"ListItem","position":1,"name":"Home","item":"https:\/\/www.upscience-labs.com\/vn\/"},{"@type":"ListItem","position":2,"name":"GI\u1edaI THI\u1ec6U","item":"https:\/\/www.upscience-labs.com\/vn\/gioi-thieu-ve-chung-toi\/"},{"@type":"ListItem","position":3,"name":"T\u1ea1i sao ch\u1ecdn ch\u00fang t\u00f4i?"}]},{"@type":"WebSite","@id":"https:\/\/www.upscience-labs.com\/#website","url":"https:\/\/www.upscience-labs.com\/","name":"Upscience","description":"Labs Solutions","potentialAction":[{"@type":"SearchAction","target":{"@type":"EntryPoint","urlTemplate":"https:\/\/www.upscience-labs.com\/?s={search_term_string}"},"query-input":{"@type":"PropertyValueSpecification","valueRequired":true,"valueName":"search_term_string"}}],"inLanguage":"vi"}]}},"_links":{"self":[{"href":"https:\/\/www.upscience-labs.com\/vn\/wp-json\/wp\/v2\/pages\/746","targetHints":{"allow":["GET"]}}],"collection":[{"href":"https:\/\/www.upscience-labs.com\/vn\/wp-json\/wp\/v2\/pages"}],"about":[{"href":"https:\/\/www.upscience-labs.com\/vn\/wp-json\/wp\/v2\/types\/page"}],"author":[{"embeddable":true,"href":"https:\/\/www.upscience-labs.com\/vn\/wp-json\/wp\/v2\/users\/22"}],"replies":[{"embeddable":true,"href":"https:\/\/www.upscience-labs.com\/vn\/wp-json\/wp\/v2\/comments?post=746"}],"version-history":[{"count":2,"href":"https:\/\/www.upscience-labs.com\/vn\/wp-json\/wp\/v2\/pages\/746\/revisions"}],"predecessor-version":[{"id":4005,"href":"https:\/\/www.upscience-labs.com\/vn\/wp-json\/wp\/v2\/pages\/746\/revisions\/4005"}],"up":[{"embeddable":true,"href":"https:\/\/www.upscience-labs.com\/vn\/wp-json\/wp\/v2\/pages\/742"}],"wp:attachment":[{"href":"https:\/\/www.upscience-labs.com\/vn\/wp-json\/wp\/v2\/media?parent=746"}],"curies":[{"name":"wp","href":"https:\/\/api.w.org\/{rel}","templated":true}]}}