{"id":744,"date":"2017-07-12T16:33:37","date_gmt":"2017-07-12T14:33:37","guid":{"rendered":"https:\/\/www.upscience-labs.com\/gioi-thieu-ve-chung-toi\/ve-chung-toi\/"},"modified":"2021-07-07T09:44:28","modified_gmt":"2021-07-07T07:44:28","slug":"ve-phong-thi-nghiem","status":"publish","type":"page","link":"https:\/\/www.upscience-labs.com\/vn\/gioi-thieu-ve-chung-toi\/ve-phong-thi-nghiem\/","title":{"rendered":"V\u1ec1 ph\u00f2ng th\u00ed nghi\u1ec7m"},"content":{"rendered":"<div class=\"wpb-content-wrapper\"><p>[vc_row][vc_column][vc_column_text]Upscience l\u00e0 m\u1ed9t m\u1ea1ng l\u01b0\u1edbi c\u00e1c ph\u00f2ng th\u00ed nghi\u1ec7m qu\u1ed1c t\u1ebf chuy\u00ean v\u1ec1 c\u00e1c ph\u00e2n t\u00edch ho\u00e1 l\u00fd, vi sinh v\u00e0 sinh h\u1ecdc ph\u00e2n t\u1eed. Ch\u00fang t\u00f4i cung c\u1ea5p c\u00e1c ph\u00e2n t\u00edch v\u00e0 d\u1ecbch v\u1ee5 \u0111a d\u1ea1ng v\u00e0 s\u00e1ng t\u1ea1o trong l\u0129nh v\u1ef1c th\u1ef1c ph\u1ea9m, th\u1ee9c \u0103n ch\u0103n nu\u00f4i, th\u1ef1c ph\u00e2n ch\u1ee9c n\u0103ng v\u00e0 m\u00f4i tr\u01b0\u1eddng.<\/p>\n<p>M\u1ea1ng l\u01b0\u1edbi h\u1ec7 th\u1ed1ng c\u1ee7a Upscience bao g\u1ed3m 6 ph\u00f2ng th\u00ed nghi\u1ec7m \u1edf <a href=\"https:\/\/www.upscience-labs.com\/vn\/gioi-thieu-ve-chung-toi\/mang-luoi-cua-chung-toi\/phap\/\">Ph\u00e1p<\/a>, <a href=\"https:\/\/www.upscience-labs.com\/vn\/gioi-thieu-ve-chung-toi\/mang-luoi-cua-chung-toi\/y\/\">\u00dd<\/a>, <a href=\"https:\/\/www.upscience-labs.com\/vn\/gioi-thieu-ve-chung-toi\/mang-luoi-cua-chung-toi\/brazil\/\">Brazil<\/a>, <a href=\"https:\/\/www.upscience-labs.com\/vn\/gioi-thieu-ve-chung-toi\/mang-luoi-cua-chung-toi\/viet-nam\/\">Vi\u1ec7t Nam<\/a> v\u00e0 m\u1ed9t trung t\u00e2m t\u1ea1i <a href=\"https:\/\/www.upscience-labs.com\/vn\/gioi-thieu-ve-chung-toi\/mang-luoi-cua-chung-toi\/china\/\">Trung Qu\u1ed1c<\/a> \u0111\u1ec3 h\u1ed7 tr\u1ee3 ph\u00e1t tri\u1ec3n kh\u00e1ch h\u00e0ng qu\u1ed1c n\u1ed9i \u0111\u1ecba v\u00e0 qu\u1ed1c t\u1ebf. C\u00e1c ph\u00f2ng th\u00ed nghi\u1ec7m Upscience \u0111\u01b0\u1ee3c trang b\u1ecb nh\u1eefng c\u00f4ng ngh\u1ec7 hi\u1ec7n \u0111\u1ea1i c\u00f9ng s\u1ef1 h\u1ed7 tr\u1ee3 c\u1ee7a b\u1ed9 ph\u1eadn R&amp;amp;D s\u00e1ng t\u1ea1o. H\u1ecd cung c\u1ea5p c\u00e1c gi\u1ea3i ph\u00e1p chu\u1ea9n ho\u00e1 ho\u1eb7c ph\u00e1t tri\u1ec3n c\u00e1c ph\u00e2n t\u00edch v\u00e0 d\u1ecbch v\u1ee5 theo nhu c\u1ea7u c\u1ee7a b\u1ea1n.<br \/>\n6 ph\u00f2ng th\u00ed nghi\u1ec7m<\/p>\n<p>300 nh\u00e2n vi\u00ean<\/p>\n<p>2.000.000 ph\u00e2n t\u00edch\/n\u0103m<\/p>\n<p>3.000 kh\u00e1ch h\u00e0ng[\/vc_column_text][\/vc_column][\/vc_row][vc_row][vc_column width=&#8221;1\/4&#8243;][vc_single_image image=&#8221;1432&#8243;][vc_column_text]<\/p>\n<h3 style=\"text-align: center;\">6 ph\u00f2ng th\u00ed nghi\u1ec7m<\/h3>\n<p>[\/vc_column_text][\/vc_column][vc_column width=&#8221;1\/4&#8243;][vc_single_image image=&#8221;1436&#8243;][vc_column_text]<\/p>\n<h3 style=\"text-align: center;\">300 nh\u00e2n vi\u00ean<\/h3>\n<p>[\/vc_column_text][\/vc_column][vc_column width=&#8221;1\/4&#8243;][vc_single_image image=&#8221;1434&#8243;][vc_column_text]<\/p>\n<h3 style=\"text-align: center;\">2.000.000 ph\u00e2n t\u00edch\/n\u0103m<\/h3>\n<p>[\/vc_column_text][\/vc_column][vc_column width=&#8221;1\/4&#8243;][vc_single_image image=&#8221;1430&#8243;][vc_column_text]<\/p>\n<h3 style=\"text-align: center;\">3.000 kh\u00e1ch h\u00e0ng<\/h3>\n<p>[\/vc_column_text][\/vc_column][\/vc_row]<\/p>\n<\/div>","protected":false},"excerpt":{"rendered":"<p>[vc_row][vc_column][vc_column_text]Upscience l\u00e0 m\u1ed9t m\u1ea1ng l\u01b0\u1edbi c\u00e1c ph\u00f2ng th\u00ed nghi\u1ec7m qu\u1ed1c t\u1ebf chuy\u00ean v\u1ec1 c\u00e1c ph\u00e2n t\u00edch ho\u00e1 l\u00fd, vi sinh v\u00e0 sinh h\u1ecdc ph\u00e2n t\u1eed. Ch\u00fang t\u00f4i cung c\u1ea5p c\u00e1c ph\u00e2n t\u00edch v\u00e0 d\u1ecbch v\u1ee5 \u0111a d\u1ea1ng v\u00e0 s\u00e1ng t\u1ea1o trong l\u0129nh v\u1ef1c th\u1ef1c ph\u1ea9m, th\u1ee9c \u0103n ch\u0103n nu\u00f4i, th\u1ef1c ph\u00e2n ch\u1ee9c n\u0103ng v\u00e0 m\u00f4i &hellip; <\/p>\n<div class=\"vc_btn3-container vc_btn3-right\"><a class=\"vc_general vc_btn3 vc_btn3-size-xs vc_btn3-shape-round vc_btn3-color-bleu more-link\" href=\"https:\/\/www.upscience-labs.com\/vn\/gioi-thieu-ve-chung-toi\/ve-phong-thi-nghiem\/\">Read More<\/a><\/div>\n","protected":false},"author":22,"featured_media":0,"parent":742,"menu_order":110,"comment_status":"closed","ping_status":"closed","template":"template-interieur.php","meta":{"_acf_changed":false,"footnotes":""},"class_list":["post-744","page","type-page","status-publish","hentry"],"acf":[],"yoast_head":"<!-- This site is optimized with the Yoast SEO plugin v27.5 - https:\/\/yoast.com\/product\/yoast-seo-wordpress\/ -->\n<title>V\u1ec1 ph\u00f2ng th\u00ed nghi\u1ec7m | Upscience | Upscience Vi\u1ec7t Nam<\/title>\n<meta name=\"description\" content=\"M\u1ea1ng l\u01b0\u1edbi h\u1ec7 th\u1ed1ng c\u1ee7a Upscience bao g\u1ed3m 6 ph\u00f2ng th\u00ed nghi\u1ec7m \u1edf Ph\u00e1p, \u00dd, Brazil, Vi\u1ec7t Nam v\u00e0 m\u1ed9t trung t\u00e2m t\u1ea1i Trung Qu\u1ed1c\" \/>\n<meta name=\"robots\" content=\"index, follow, max-snippet:-1, max-image-preview:large, max-video-preview:-1\" \/>\n<link rel=\"canonical\" href=\"https:\/\/www.upscience-labs.com\/vn\/gioi-thieu-ve-chung-toi\/ve-phong-thi-nghiem\/\" \/>\n<meta property=\"og:locale\" content=\"vi_VN\" \/>\n<meta property=\"og:type\" content=\"article\" \/>\n<meta property=\"og:title\" content=\"V\u1ec1 ph\u00f2ng th\u00ed nghi\u1ec7m | Upscience | Upscience Vi\u1ec7t Nam\" \/>\n<meta property=\"og:description\" content=\"M\u1ea1ng l\u01b0\u1edbi h\u1ec7 th\u1ed1ng c\u1ee7a Upscience bao g\u1ed3m 6 ph\u00f2ng th\u00ed nghi\u1ec7m \u1edf Ph\u00e1p, \u00dd, Brazil, Vi\u1ec7t Nam v\u00e0 m\u1ed9t trung t\u00e2m t\u1ea1i Trung Qu\u1ed1c\" \/>\n<meta property=\"og:url\" content=\"https:\/\/www.upscience-labs.com\/vn\/gioi-thieu-ve-chung-toi\/ve-phong-thi-nghiem\/\" \/>\n<meta property=\"og:site_name\" content=\"Upscience\" \/>\n<meta property=\"article:modified_time\" content=\"2021-07-07T07:44:28+00:00\" \/>\n<meta name=\"twitter:card\" content=\"summary_large_image\" \/>\n<meta name=\"twitter:label1\" content=\"\u01af\u1edbc t\u00ednh th\u1eddi gian \u0111\u1ecdc\" \/>\n\t<meta name=\"twitter:data1\" content=\"1 ph\u00fat\" \/>\n<script type=\"application\/ld+json\" class=\"yoast-schema-graph\">{\"@context\":\"https:\\\/\\\/schema.org\",\"@graph\":[{\"@type\":\"WebPage\",\"@id\":\"https:\\\/\\\/www.upscience-labs.com\\\/vn\\\/gioi-thieu-ve-chung-toi\\\/ve-phong-thi-nghiem\\\/\",\"url\":\"https:\\\/\\\/www.upscience-labs.com\\\/vn\\\/gioi-thieu-ve-chung-toi\\\/ve-phong-thi-nghiem\\\/\",\"name\":\"V\u1ec1 ph\u00f2ng th\u00ed nghi\u1ec7m | Upscience | Upscience Vi\u1ec7t Nam\",\"isPartOf\":{\"@id\":\"https:\\\/\\\/www.upscience-labs.com\\\/#website\"},\"datePublished\":\"2017-07-12T14:33:37+00:00\",\"dateModified\":\"2021-07-07T07:44:28+00:00\",\"description\":\"M\u1ea1ng l\u01b0\u1edbi h\u1ec7 th\u1ed1ng c\u1ee7a Upscience bao g\u1ed3m 6 ph\u00f2ng th\u00ed nghi\u1ec7m \u1edf Ph\u00e1p, \u00dd, Brazil, Vi\u1ec7t Nam v\u00e0 m\u1ed9t trung t\u00e2m t\u1ea1i Trung Qu\u1ed1c\",\"breadcrumb\":{\"@id\":\"https:\\\/\\\/www.upscience-labs.com\\\/vn\\\/gioi-thieu-ve-chung-toi\\\/ve-phong-thi-nghiem\\\/#breadcrumb\"},\"inLanguage\":\"vi\",\"potentialAction\":[{\"@type\":\"ReadAction\",\"target\":[\"https:\\\/\\\/www.upscience-labs.com\\\/vn\\\/gioi-thieu-ve-chung-toi\\\/ve-phong-thi-nghiem\\\/\"]}]},{\"@type\":\"BreadcrumbList\",\"@id\":\"https:\\\/\\\/www.upscience-labs.com\\\/vn\\\/gioi-thieu-ve-chung-toi\\\/ve-phong-thi-nghiem\\\/#breadcrumb\",\"itemListElement\":[{\"@type\":\"ListItem\",\"position\":1,\"name\":\"Home\",\"item\":\"https:\\\/\\\/www.upscience-labs.com\\\/vn\\\/\"},{\"@type\":\"ListItem\",\"position\":2,\"name\":\"GI\u1edaI THI\u1ec6U\",\"item\":\"https:\\\/\\\/www.upscience-labs.com\\\/vn\\\/gioi-thieu-ve-chung-toi\\\/\"},{\"@type\":\"ListItem\",\"position\":3,\"name\":\"V\u1ec1 ph\u00f2ng th\u00ed nghi\u1ec7m\"}]},{\"@type\":\"WebSite\",\"@id\":\"https:\\\/\\\/www.upscience-labs.com\\\/#website\",\"url\":\"https:\\\/\\\/www.upscience-labs.com\\\/\",\"name\":\"Upscience\",\"description\":\"Labs Solutions\",\"potentialAction\":[{\"@type\":\"SearchAction\",\"target\":{\"@type\":\"EntryPoint\",\"urlTemplate\":\"https:\\\/\\\/www.upscience-labs.com\\\/?s={search_term_string}\"},\"query-input\":{\"@type\":\"PropertyValueSpecification\",\"valueRequired\":true,\"valueName\":\"search_term_string\"}}],\"inLanguage\":\"vi\"}]}<\/script>\n<!-- \/ Yoast SEO plugin. -->","yoast_head_json":{"title":"V\u1ec1 ph\u00f2ng th\u00ed nghi\u1ec7m | Upscience | Upscience Vi\u1ec7t Nam","description":"M\u1ea1ng l\u01b0\u1edbi h\u1ec7 th\u1ed1ng c\u1ee7a Upscience bao g\u1ed3m 6 ph\u00f2ng th\u00ed nghi\u1ec7m \u1edf Ph\u00e1p, \u00dd, Brazil, Vi\u1ec7t Nam v\u00e0 m\u1ed9t trung t\u00e2m t\u1ea1i Trung Qu\u1ed1c","robots":{"index":"index","follow":"follow","max-snippet":"max-snippet:-1","max-image-preview":"max-image-preview:large","max-video-preview":"max-video-preview:-1"},"canonical":"https:\/\/www.upscience-labs.com\/vn\/gioi-thieu-ve-chung-toi\/ve-phong-thi-nghiem\/","og_locale":"vi_VN","og_type":"article","og_title":"V\u1ec1 ph\u00f2ng th\u00ed nghi\u1ec7m | Upscience | Upscience Vi\u1ec7t Nam","og_description":"M\u1ea1ng l\u01b0\u1edbi h\u1ec7 th\u1ed1ng c\u1ee7a Upscience bao g\u1ed3m 6 ph\u00f2ng th\u00ed nghi\u1ec7m \u1edf Ph\u00e1p, \u00dd, Brazil, Vi\u1ec7t Nam v\u00e0 m\u1ed9t trung t\u00e2m t\u1ea1i Trung Qu\u1ed1c","og_url":"https:\/\/www.upscience-labs.com\/vn\/gioi-thieu-ve-chung-toi\/ve-phong-thi-nghiem\/","og_site_name":"Upscience","article_modified_time":"2021-07-07T07:44:28+00:00","twitter_card":"summary_large_image","twitter_misc":{"\u01af\u1edbc t\u00ednh th\u1eddi gian \u0111\u1ecdc":"1 ph\u00fat"},"schema":{"@context":"https:\/\/schema.org","@graph":[{"@type":"WebPage","@id":"https:\/\/www.upscience-labs.com\/vn\/gioi-thieu-ve-chung-toi\/ve-phong-thi-nghiem\/","url":"https:\/\/www.upscience-labs.com\/vn\/gioi-thieu-ve-chung-toi\/ve-phong-thi-nghiem\/","name":"V\u1ec1 ph\u00f2ng th\u00ed nghi\u1ec7m | Upscience | Upscience Vi\u1ec7t Nam","isPartOf":{"@id":"https:\/\/www.upscience-labs.com\/#website"},"datePublished":"2017-07-12T14:33:37+00:00","dateModified":"2021-07-07T07:44:28+00:00","description":"M\u1ea1ng l\u01b0\u1edbi h\u1ec7 th\u1ed1ng c\u1ee7a Upscience bao g\u1ed3m 6 ph\u00f2ng th\u00ed nghi\u1ec7m \u1edf Ph\u00e1p, \u00dd, Brazil, Vi\u1ec7t Nam v\u00e0 m\u1ed9t trung t\u00e2m t\u1ea1i Trung Qu\u1ed1c","breadcrumb":{"@id":"https:\/\/www.upscience-labs.com\/vn\/gioi-thieu-ve-chung-toi\/ve-phong-thi-nghiem\/#breadcrumb"},"inLanguage":"vi","potentialAction":[{"@type":"ReadAction","target":["https:\/\/www.upscience-labs.com\/vn\/gioi-thieu-ve-chung-toi\/ve-phong-thi-nghiem\/"]}]},{"@type":"BreadcrumbList","@id":"https:\/\/www.upscience-labs.com\/vn\/gioi-thieu-ve-chung-toi\/ve-phong-thi-nghiem\/#breadcrumb","itemListElement":[{"@type":"ListItem","position":1,"name":"Home","item":"https:\/\/www.upscience-labs.com\/vn\/"},{"@type":"ListItem","position":2,"name":"GI\u1edaI THI\u1ec6U","item":"https:\/\/www.upscience-labs.com\/vn\/gioi-thieu-ve-chung-toi\/"},{"@type":"ListItem","position":3,"name":"V\u1ec1 ph\u00f2ng th\u00ed nghi\u1ec7m"}]},{"@type":"WebSite","@id":"https:\/\/www.upscience-labs.com\/#website","url":"https:\/\/www.upscience-labs.com\/","name":"Upscience","description":"Labs Solutions","potentialAction":[{"@type":"SearchAction","target":{"@type":"EntryPoint","urlTemplate":"https:\/\/www.upscience-labs.com\/?s={search_term_string}"},"query-input":{"@type":"PropertyValueSpecification","valueRequired":true,"valueName":"search_term_string"}}],"inLanguage":"vi"}]}},"_links":{"self":[{"href":"https:\/\/www.upscience-labs.com\/vn\/wp-json\/wp\/v2\/pages\/744","targetHints":{"allow":["GET"]}}],"collection":[{"href":"https:\/\/www.upscience-labs.com\/vn\/wp-json\/wp\/v2\/pages"}],"about":[{"href":"https:\/\/www.upscience-labs.com\/vn\/wp-json\/wp\/v2\/types\/page"}],"author":[{"embeddable":true,"href":"https:\/\/www.upscience-labs.com\/vn\/wp-json\/wp\/v2\/users\/22"}],"replies":[{"embeddable":true,"href":"https:\/\/www.upscience-labs.com\/vn\/wp-json\/wp\/v2\/comments?post=744"}],"version-history":[{"count":5,"href":"https:\/\/www.upscience-labs.com\/vn\/wp-json\/wp\/v2\/pages\/744\/revisions"}],"predecessor-version":[{"id":4003,"href":"https:\/\/www.upscience-labs.com\/vn\/wp-json\/wp\/v2\/pages\/744\/revisions\/4003"}],"up":[{"embeddable":true,"href":"https:\/\/www.upscience-labs.com\/vn\/wp-json\/wp\/v2\/pages\/742"}],"wp:attachment":[{"href":"https:\/\/www.upscience-labs.com\/vn\/wp-json\/wp\/v2\/media?parent=744"}],"curies":[{"name":"wp","href":"https:\/\/api.w.org\/{rel}","templated":true}]}}