{"id":731,"date":"2017-07-26T14:04:17","date_gmt":"2017-07-26T12:04:17","guid":{"rendered":"https:\/\/www.upscience-labs.com\/mang-luoi-cua-chung-toi\/"},"modified":"2021-06-28T07:56:57","modified_gmt":"2021-06-28T05:56:57","slug":"mang-luoi-cua-chung-toi","status":"publish","type":"page","link":"https:\/\/www.upscience-labs.com\/vn\/gioi-thieu-ve-chung-toi\/mang-luoi-cua-chung-toi\/","title":{"rendered":"M\u1ea1ng l\u01b0\u1edbi c\u1ee7a ch\u00fang t\u00f4i"},"content":{"rendered":"","protected":false},"excerpt":{"rendered":"","protected":false},"author":22,"featured_media":0,"parent":742,"menu_order":130,"comment_status":"closed","ping_status":"closed","template":"","meta":{"_acf_changed":false,"footnotes":""},"class_list":["post-731","page","type-page","status-publish","hentry"],"acf":[],"yoast_head":"<!-- This site is optimized with the Yoast SEO plugin v27.4 - https:\/\/yoast.com\/product\/yoast-seo-wordpress\/ -->\n<title>M\u1ea1ng l\u01b0\u1edbi c\u1ee7a ch\u00fang t\u00f4i | Upscience | Upscience Vi\u1ec7t Nam<\/title>\n<meta name=\"description\" content=\"Upscience l\u00e0 m\u1ed9t m\u1ea1ng l\u01b0\u1edbi c\u00e1c ph\u00f2ng th\u00ed nghi\u1ec7m qu\u1ed1c t\u1ebf chuy\u00ean v\u1ec1 c\u00e1c ph\u00e2n t\u00edch ho\u00e1 l\u00fd, vi sinh v\u00e0 sinh h\u1ecdc ph\u00e2n t\u1eed.\" \/>\n<meta name=\"robots\" content=\"index, follow, max-snippet:-1, max-image-preview:large, max-video-preview:-1\" \/>\n<link rel=\"canonical\" href=\"https:\/\/www.upscience-labs.com\/vn\/gioi-thieu-ve-chung-toi\/mang-luoi-cua-chung-toi\/\" \/>\n<meta property=\"og:locale\" content=\"vi_VN\" \/>\n<meta property=\"og:type\" content=\"article\" \/>\n<meta property=\"og:title\" content=\"M\u1ea1ng l\u01b0\u1edbi c\u1ee7a ch\u00fang t\u00f4i | Upscience | Upscience Vi\u1ec7t Nam\" \/>\n<meta property=\"og:description\" content=\"Upscience l\u00e0 m\u1ed9t m\u1ea1ng l\u01b0\u1edbi c\u00e1c ph\u00f2ng th\u00ed nghi\u1ec7m qu\u1ed1c t\u1ebf chuy\u00ean v\u1ec1 c\u00e1c ph\u00e2n t\u00edch ho\u00e1 l\u00fd, vi sinh v\u00e0 sinh h\u1ecdc ph\u00e2n t\u1eed.\" \/>\n<meta property=\"og:url\" content=\"https:\/\/www.upscience-labs.com\/vn\/gioi-thieu-ve-chung-toi\/mang-luoi-cua-chung-toi\/\" \/>\n<meta property=\"og:site_name\" content=\"Upscience\" \/>\n<meta property=\"article:modified_time\" content=\"2021-06-28T05:56:57+00:00\" \/>\n<meta name=\"twitter:card\" content=\"summary_large_image\" \/>\n<script type=\"application\/ld+json\" class=\"yoast-schema-graph\">{\"@context\":\"https:\\\/\\\/schema.org\",\"@graph\":[{\"@type\":\"WebPage\",\"@id\":\"https:\\\/\\\/www.upscience-labs.com\\\/vn\\\/gioi-thieu-ve-chung-toi\\\/mang-luoi-cua-chung-toi\\\/\",\"url\":\"https:\\\/\\\/www.upscience-labs.com\\\/vn\\\/gioi-thieu-ve-chung-toi\\\/mang-luoi-cua-chung-toi\\\/\",\"name\":\"M\u1ea1ng l\u01b0\u1edbi c\u1ee7a ch\u00fang t\u00f4i | Upscience | Upscience Vi\u1ec7t Nam\",\"isPartOf\":{\"@id\":\"https:\\\/\\\/www.upscience-labs.com\\\/#website\"},\"datePublished\":\"2017-07-26T12:04:17+00:00\",\"dateModified\":\"2021-06-28T05:56:57+00:00\",\"description\":\"Upscience l\u00e0 m\u1ed9t m\u1ea1ng l\u01b0\u1edbi c\u00e1c ph\u00f2ng th\u00ed nghi\u1ec7m qu\u1ed1c t\u1ebf chuy\u00ean v\u1ec1 c\u00e1c ph\u00e2n t\u00edch ho\u00e1 l\u00fd, vi sinh v\u00e0 sinh h\u1ecdc ph\u00e2n t\u1eed.\",\"breadcrumb\":{\"@id\":\"https:\\\/\\\/www.upscience-labs.com\\\/vn\\\/gioi-thieu-ve-chung-toi\\\/mang-luoi-cua-chung-toi\\\/#breadcrumb\"},\"inLanguage\":\"vi\",\"potentialAction\":[{\"@type\":\"ReadAction\",\"target\":[\"https:\\\/\\\/www.upscience-labs.com\\\/vn\\\/gioi-thieu-ve-chung-toi\\\/mang-luoi-cua-chung-toi\\\/\"]}]},{\"@type\":\"BreadcrumbList\",\"@id\":\"https:\\\/\\\/www.upscience-labs.com\\\/vn\\\/gioi-thieu-ve-chung-toi\\\/mang-luoi-cua-chung-toi\\\/#breadcrumb\",\"itemListElement\":[{\"@type\":\"ListItem\",\"position\":1,\"name\":\"Home\",\"item\":\"https:\\\/\\\/www.upscience-labs.com\\\/vn\\\/\"},{\"@type\":\"ListItem\",\"position\":2,\"name\":\"GI\u1edaI THI\u1ec6U\",\"item\":\"https:\\\/\\\/www.upscience-labs.com\\\/vn\\\/gioi-thieu-ve-chung-toi\\\/\"},{\"@type\":\"ListItem\",\"position\":3,\"name\":\"M\u1ea1ng l\u01b0\u1edbi c\u1ee7a ch\u00fang t\u00f4i\"}]},{\"@type\":\"WebSite\",\"@id\":\"https:\\\/\\\/www.upscience-labs.com\\\/#website\",\"url\":\"https:\\\/\\\/www.upscience-labs.com\\\/\",\"name\":\"Upscience\",\"description\":\"Labs Solutions\",\"potentialAction\":[{\"@type\":\"SearchAction\",\"target\":{\"@type\":\"EntryPoint\",\"urlTemplate\":\"https:\\\/\\\/www.upscience-labs.com\\\/?s={search_term_string}\"},\"query-input\":{\"@type\":\"PropertyValueSpecification\",\"valueRequired\":true,\"valueName\":\"search_term_string\"}}],\"inLanguage\":\"vi\"}]}<\/script>\n<!-- \/ Yoast SEO plugin. -->","yoast_head_json":{"title":"M\u1ea1ng l\u01b0\u1edbi c\u1ee7a ch\u00fang t\u00f4i | Upscience | Upscience Vi\u1ec7t Nam","description":"Upscience l\u00e0 m\u1ed9t m\u1ea1ng l\u01b0\u1edbi c\u00e1c ph\u00f2ng th\u00ed nghi\u1ec7m qu\u1ed1c t\u1ebf chuy\u00ean v\u1ec1 c\u00e1c ph\u00e2n t\u00edch ho\u00e1 l\u00fd, vi sinh v\u00e0 sinh h\u1ecdc ph\u00e2n t\u1eed.","robots":{"index":"index","follow":"follow","max-snippet":"max-snippet:-1","max-image-preview":"max-image-preview:large","max-video-preview":"max-video-preview:-1"},"canonical":"https:\/\/www.upscience-labs.com\/vn\/gioi-thieu-ve-chung-toi\/mang-luoi-cua-chung-toi\/","og_locale":"vi_VN","og_type":"article","og_title":"M\u1ea1ng l\u01b0\u1edbi c\u1ee7a ch\u00fang t\u00f4i | Upscience | Upscience Vi\u1ec7t Nam","og_description":"Upscience l\u00e0 m\u1ed9t m\u1ea1ng l\u01b0\u1edbi c\u00e1c ph\u00f2ng th\u00ed nghi\u1ec7m qu\u1ed1c t\u1ebf chuy\u00ean v\u1ec1 c\u00e1c ph\u00e2n t\u00edch ho\u00e1 l\u00fd, vi sinh v\u00e0 sinh h\u1ecdc ph\u00e2n t\u1eed.","og_url":"https:\/\/www.upscience-labs.com\/vn\/gioi-thieu-ve-chung-toi\/mang-luoi-cua-chung-toi\/","og_site_name":"Upscience","article_modified_time":"2021-06-28T05:56:57+00:00","twitter_card":"summary_large_image","schema":{"@context":"https:\/\/schema.org","@graph":[{"@type":"WebPage","@id":"https:\/\/www.upscience-labs.com\/vn\/gioi-thieu-ve-chung-toi\/mang-luoi-cua-chung-toi\/","url":"https:\/\/www.upscience-labs.com\/vn\/gioi-thieu-ve-chung-toi\/mang-luoi-cua-chung-toi\/","name":"M\u1ea1ng l\u01b0\u1edbi c\u1ee7a ch\u00fang t\u00f4i | Upscience | Upscience Vi\u1ec7t Nam","isPartOf":{"@id":"https:\/\/www.upscience-labs.com\/#website"},"datePublished":"2017-07-26T12:04:17+00:00","dateModified":"2021-06-28T05:56:57+00:00","description":"Upscience l\u00e0 m\u1ed9t m\u1ea1ng l\u01b0\u1edbi c\u00e1c ph\u00f2ng th\u00ed nghi\u1ec7m qu\u1ed1c t\u1ebf chuy\u00ean v\u1ec1 c\u00e1c ph\u00e2n t\u00edch ho\u00e1 l\u00fd, vi sinh v\u00e0 sinh h\u1ecdc ph\u00e2n t\u1eed.","breadcrumb":{"@id":"https:\/\/www.upscience-labs.com\/vn\/gioi-thieu-ve-chung-toi\/mang-luoi-cua-chung-toi\/#breadcrumb"},"inLanguage":"vi","potentialAction":[{"@type":"ReadAction","target":["https:\/\/www.upscience-labs.com\/vn\/gioi-thieu-ve-chung-toi\/mang-luoi-cua-chung-toi\/"]}]},{"@type":"BreadcrumbList","@id":"https:\/\/www.upscience-labs.com\/vn\/gioi-thieu-ve-chung-toi\/mang-luoi-cua-chung-toi\/#breadcrumb","itemListElement":[{"@type":"ListItem","position":1,"name":"Home","item":"https:\/\/www.upscience-labs.com\/vn\/"},{"@type":"ListItem","position":2,"name":"GI\u1edaI THI\u1ec6U","item":"https:\/\/www.upscience-labs.com\/vn\/gioi-thieu-ve-chung-toi\/"},{"@type":"ListItem","position":3,"name":"M\u1ea1ng l\u01b0\u1edbi c\u1ee7a ch\u00fang t\u00f4i"}]},{"@type":"WebSite","@id":"https:\/\/www.upscience-labs.com\/#website","url":"https:\/\/www.upscience-labs.com\/","name":"Upscience","description":"Labs Solutions","potentialAction":[{"@type":"SearchAction","target":{"@type":"EntryPoint","urlTemplate":"https:\/\/www.upscience-labs.com\/?s={search_term_string}"},"query-input":{"@type":"PropertyValueSpecification","valueRequired":true,"valueName":"search_term_string"}}],"inLanguage":"vi"}]}},"_links":{"self":[{"href":"https:\/\/www.upscience-labs.com\/vn\/wp-json\/wp\/v2\/pages\/731","targetHints":{"allow":["GET"]}}],"collection":[{"href":"https:\/\/www.upscience-labs.com\/vn\/wp-json\/wp\/v2\/pages"}],"about":[{"href":"https:\/\/www.upscience-labs.com\/vn\/wp-json\/wp\/v2\/types\/page"}],"author":[{"embeddable":true,"href":"https:\/\/www.upscience-labs.com\/vn\/wp-json\/wp\/v2\/users\/22"}],"replies":[{"embeddable":true,"href":"https:\/\/www.upscience-labs.com\/vn\/wp-json\/wp\/v2\/comments?post=731"}],"version-history":[{"count":1,"href":"https:\/\/www.upscience-labs.com\/vn\/wp-json\/wp\/v2\/pages\/731\/revisions"}],"predecessor-version":[{"id":3985,"href":"https:\/\/www.upscience-labs.com\/vn\/wp-json\/wp\/v2\/pages\/731\/revisions\/3985"}],"up":[{"embeddable":true,"href":"https:\/\/www.upscience-labs.com\/vn\/wp-json\/wp\/v2\/pages\/742"}],"wp:attachment":[{"href":"https:\/\/www.upscience-labs.com\/vn\/wp-json\/wp\/v2\/media?parent=731"}],"curies":[{"name":"wp","href":"https:\/\/api.w.org\/{rel}","templated":true}]}}