{"id":2361,"date":"2017-09-15T14:16:48","date_gmt":"2017-09-15T12:16:48","guid":{"rendered":"https:\/\/www.upscience-labs.com\/gioi-thieu-ve-chung-toi\/mang-luoi-cua-chung-toi\/china\/"},"modified":"2021-03-25T14:50:03","modified_gmt":"2021-03-25T13:50:03","slug":"china","status":"publish","type":"page","link":"https:\/\/www.upscience-labs.com\/vn\/gioi-thieu-ve-chung-toi\/mang-luoi-cua-chung-toi\/china\/","title":{"rendered":"Trung qu\u1ed1c"},"content":{"rendered":"<div class=\"wpb-content-wrapper\"><p>[vc_row][vc_column][vc_column_text]T\u1ea1i Trung Qu\u1ed1c, Upscience \u0111\u1ec1 ngh\u1ecb c\u00e1c d\u1ecbch v\u1ee5 t\u01b0 v\u1ea5n cho c\u00e1c nh\u00e0 s\u1ea3n xu\u1ea5t th\u1ef1c ph\u1ea9m v\u00e0 th\u1ee9c \u0103n ch\u0103n nu\u00f4i.<\/p>\n<p>C\u00e1c chuy\u00ean gia c\u1ee7a Upscience \u0111\u00e3 tham gia m\u1ecdi mi\u1ec1n \u0111\u1ec3 h\u1ed7 tr\u1ee3 c\u00e1c kh\u00e1ch h\u00e0ng trong vi\u1ec7c th\u1ef1c hi\u1ec7n h\u1ec7 th\u1ed1ng ch\u1ea5t l\u01b0\u1ee3ng, \u0111\u00e1nh gi\u00e1 ph\u00f2ng th\u00ed nghi\u1ec7m n\u1ed9i b\u1ed9 th\u00f4ng qua c\u00e1c b\u00e0i ki\u1ec3m tra n\u0103ng l\u1ef1c, vi\u1ec7c t\u1ed1i \u01b0u h\u00f3a quy tr\u00ecnh v\u00e0 x\u00e2y d\u1ef1ng c\u00e1c ph\u00f2ng th\u00ed nghi\u1ec7m.[\/vc_column_text][\/vc_column][\/vc_row]<\/p>\n<\/div>","protected":false},"excerpt":{"rendered":"<p>[vc_row][vc_column][vc_column_text]T\u1ea1i Trung Qu\u1ed1c, Upscience \u0111\u1ec1 ngh\u1ecb c\u00e1c d\u1ecbch v\u1ee5 t\u01b0 v\u1ea5n cho c\u00e1c nh\u00e0 s\u1ea3n xu\u1ea5t th\u1ef1c ph\u1ea9m v\u00e0 th\u1ee9c \u0103n ch\u0103n nu\u00f4i. C\u00e1c chuy\u00ean gia c\u1ee7a Upscience \u0111\u00e3 tham gia m\u1ecdi mi\u1ec1n \u0111\u1ec3 h\u1ed7 tr\u1ee3 c\u00e1c kh\u00e1ch h\u00e0ng trong vi\u1ec7c th\u1ef1c hi\u1ec7n h\u1ec7 th\u1ed1ng ch\u1ea5t l\u01b0\u1ee3ng, \u0111\u00e1nh gi\u00e1 ph\u00f2ng th\u00ed nghi\u1ec7m n\u1ed9i b\u1ed9 th\u00f4ng &hellip; <\/p>\n<div class=\"vc_btn3-container vc_btn3-right\"><a class=\"vc_general vc_btn3 vc_btn3-size-xs vc_btn3-shape-round vc_btn3-color-bleu more-link\" href=\"https:\/\/www.upscience-labs.com\/vn\/gioi-thieu-ve-chung-toi\/mang-luoi-cua-chung-toi\/china\/\">Read More<\/a><\/div>\n","protected":false},"author":22,"featured_media":0,"parent":731,"menu_order":135,"comment_status":"closed","ping_status":"closed","template":"","meta":{"_acf_changed":false,"footnotes":""},"class_list":["post-2361","page","type-page","status-publish","hentry"],"acf":[],"yoast_head":"<!-- This site is optimized with the Yoast SEO plugin v27.5 - https:\/\/yoast.com\/product\/yoast-seo-wordpress\/ -->\n<title>Trung qu\u1ed1c - Upscience<\/title>\n<meta name=\"description\" content=\"T\u1ea1i Trung Qu\u1ed1c, Upscience \u0111\u1ec1 ngh\u1ecb c\u00e1c d\u1ecbch v\u1ee5 t\u01b0 v\u1ea5n cho c\u00e1c nh\u00e0 s\u1ea3n xu\u1ea5t th\u1ef1c ph\u1ea9m v\u00e0 th\u1ee9c \u0103n ch\u0103n nu\u00f4i.\" \/>\n<meta name=\"robots\" content=\"index, follow, max-snippet:-1, max-image-preview:large, max-video-preview:-1\" \/>\n<link rel=\"canonical\" href=\"https:\/\/www.upscience-labs.com\/vn\/gioi-thieu-ve-chung-toi\/mang-luoi-cua-chung-toi\/china\/\" \/>\n<meta property=\"og:locale\" content=\"vi_VN\" \/>\n<meta property=\"og:type\" content=\"article\" \/>\n<meta property=\"og:title\" content=\"Trung qu\u1ed1c - Upscience\" \/>\n<meta property=\"og:description\" content=\"T\u1ea1i Trung Qu\u1ed1c, Upscience \u0111\u1ec1 ngh\u1ecb c\u00e1c d\u1ecbch v\u1ee5 t\u01b0 v\u1ea5n cho c\u00e1c nh\u00e0 s\u1ea3n xu\u1ea5t th\u1ef1c ph\u1ea9m v\u00e0 th\u1ee9c \u0103n ch\u0103n nu\u00f4i.\" \/>\n<meta property=\"og:url\" content=\"https:\/\/www.upscience-labs.com\/vn\/gioi-thieu-ve-chung-toi\/mang-luoi-cua-chung-toi\/china\/\" \/>\n<meta property=\"og:site_name\" content=\"Upscience\" \/>\n<meta property=\"article:modified_time\" content=\"2021-03-25T13:50:03+00:00\" \/>\n<meta name=\"twitter:card\" content=\"summary_large_image\" \/>\n<meta name=\"twitter:label1\" content=\"\u01af\u1edbc t\u00ednh th\u1eddi gian \u0111\u1ecdc\" \/>\n\t<meta name=\"twitter:data1\" content=\"1 ph\u00fat\" \/>\n<script type=\"application\/ld+json\" class=\"yoast-schema-graph\">{\"@context\":\"https:\\\/\\\/schema.org\",\"@graph\":[{\"@type\":\"WebPage\",\"@id\":\"https:\\\/\\\/www.upscience-labs.com\\\/vn\\\/gioi-thieu-ve-chung-toi\\\/mang-luoi-cua-chung-toi\\\/china\\\/\",\"url\":\"https:\\\/\\\/www.upscience-labs.com\\\/vn\\\/gioi-thieu-ve-chung-toi\\\/mang-luoi-cua-chung-toi\\\/china\\\/\",\"name\":\"Trung qu\u1ed1c - Upscience\",\"isPartOf\":{\"@id\":\"https:\\\/\\\/www.upscience-labs.com\\\/#website\"},\"datePublished\":\"2017-09-15T12:16:48+00:00\",\"dateModified\":\"2021-03-25T13:50:03+00:00\",\"description\":\"T\u1ea1i Trung Qu\u1ed1c, Upscience \u0111\u1ec1 ngh\u1ecb c\u00e1c d\u1ecbch v\u1ee5 t\u01b0 v\u1ea5n cho c\u00e1c nh\u00e0 s\u1ea3n xu\u1ea5t th\u1ef1c ph\u1ea9m v\u00e0 th\u1ee9c \u0103n ch\u0103n nu\u00f4i.\",\"breadcrumb\":{\"@id\":\"https:\\\/\\\/www.upscience-labs.com\\\/vn\\\/gioi-thieu-ve-chung-toi\\\/mang-luoi-cua-chung-toi\\\/china\\\/#breadcrumb\"},\"inLanguage\":\"vi\",\"potentialAction\":[{\"@type\":\"ReadAction\",\"target\":[\"https:\\\/\\\/www.upscience-labs.com\\\/vn\\\/gioi-thieu-ve-chung-toi\\\/mang-luoi-cua-chung-toi\\\/china\\\/\"]}]},{\"@type\":\"BreadcrumbList\",\"@id\":\"https:\\\/\\\/www.upscience-labs.com\\\/vn\\\/gioi-thieu-ve-chung-toi\\\/mang-luoi-cua-chung-toi\\\/china\\\/#breadcrumb\",\"itemListElement\":[{\"@type\":\"ListItem\",\"position\":1,\"name\":\"Home\",\"item\":\"https:\\\/\\\/www.upscience-labs.com\\\/vn\\\/\"},{\"@type\":\"ListItem\",\"position\":2,\"name\":\"GI\u1edaI THI\u1ec6U\",\"item\":\"https:\\\/\\\/www.upscience-labs.com\\\/vn\\\/gioi-thieu-ve-chung-toi\\\/\"},{\"@type\":\"ListItem\",\"position\":3,\"name\":\"M\u1ea1ng l\u01b0\u1edbi c\u1ee7a ch\u00fang t\u00f4i\",\"item\":\"https:\\\/\\\/www.upscience-labs.com\\\/vn\\\/gioi-thieu-ve-chung-toi\\\/mang-luoi-cua-chung-toi\\\/\"},{\"@type\":\"ListItem\",\"position\":4,\"name\":\"Trung qu\u1ed1c\"}]},{\"@type\":\"WebSite\",\"@id\":\"https:\\\/\\\/www.upscience-labs.com\\\/#website\",\"url\":\"https:\\\/\\\/www.upscience-labs.com\\\/\",\"name\":\"Upscience\",\"description\":\"Labs Solutions\",\"potentialAction\":[{\"@type\":\"SearchAction\",\"target\":{\"@type\":\"EntryPoint\",\"urlTemplate\":\"https:\\\/\\\/www.upscience-labs.com\\\/?s={search_term_string}\"},\"query-input\":{\"@type\":\"PropertyValueSpecification\",\"valueRequired\":true,\"valueName\":\"search_term_string\"}}],\"inLanguage\":\"vi\"}]}<\/script>\n<!-- \/ Yoast SEO plugin. -->","yoast_head_json":{"title":"Trung qu\u1ed1c - Upscience","description":"T\u1ea1i Trung Qu\u1ed1c, Upscience \u0111\u1ec1 ngh\u1ecb c\u00e1c d\u1ecbch v\u1ee5 t\u01b0 v\u1ea5n cho c\u00e1c nh\u00e0 s\u1ea3n xu\u1ea5t th\u1ef1c ph\u1ea9m v\u00e0 th\u1ee9c \u0103n ch\u0103n nu\u00f4i.","robots":{"index":"index","follow":"follow","max-snippet":"max-snippet:-1","max-image-preview":"max-image-preview:large","max-video-preview":"max-video-preview:-1"},"canonical":"https:\/\/www.upscience-labs.com\/vn\/gioi-thieu-ve-chung-toi\/mang-luoi-cua-chung-toi\/china\/","og_locale":"vi_VN","og_type":"article","og_title":"Trung qu\u1ed1c - Upscience","og_description":"T\u1ea1i Trung Qu\u1ed1c, Upscience \u0111\u1ec1 ngh\u1ecb c\u00e1c d\u1ecbch v\u1ee5 t\u01b0 v\u1ea5n cho c\u00e1c nh\u00e0 s\u1ea3n xu\u1ea5t th\u1ef1c ph\u1ea9m v\u00e0 th\u1ee9c \u0103n ch\u0103n nu\u00f4i.","og_url":"https:\/\/www.upscience-labs.com\/vn\/gioi-thieu-ve-chung-toi\/mang-luoi-cua-chung-toi\/china\/","og_site_name":"Upscience","article_modified_time":"2021-03-25T13:50:03+00:00","twitter_card":"summary_large_image","twitter_misc":{"\u01af\u1edbc t\u00ednh th\u1eddi gian \u0111\u1ecdc":"1 ph\u00fat"},"schema":{"@context":"https:\/\/schema.org","@graph":[{"@type":"WebPage","@id":"https:\/\/www.upscience-labs.com\/vn\/gioi-thieu-ve-chung-toi\/mang-luoi-cua-chung-toi\/china\/","url":"https:\/\/www.upscience-labs.com\/vn\/gioi-thieu-ve-chung-toi\/mang-luoi-cua-chung-toi\/china\/","name":"Trung qu\u1ed1c - Upscience","isPartOf":{"@id":"https:\/\/www.upscience-labs.com\/#website"},"datePublished":"2017-09-15T12:16:48+00:00","dateModified":"2021-03-25T13:50:03+00:00","description":"T\u1ea1i Trung Qu\u1ed1c, Upscience \u0111\u1ec1 ngh\u1ecb c\u00e1c d\u1ecbch v\u1ee5 t\u01b0 v\u1ea5n cho c\u00e1c nh\u00e0 s\u1ea3n xu\u1ea5t th\u1ef1c ph\u1ea9m v\u00e0 th\u1ee9c \u0103n ch\u0103n nu\u00f4i.","breadcrumb":{"@id":"https:\/\/www.upscience-labs.com\/vn\/gioi-thieu-ve-chung-toi\/mang-luoi-cua-chung-toi\/china\/#breadcrumb"},"inLanguage":"vi","potentialAction":[{"@type":"ReadAction","target":["https:\/\/www.upscience-labs.com\/vn\/gioi-thieu-ve-chung-toi\/mang-luoi-cua-chung-toi\/china\/"]}]},{"@type":"BreadcrumbList","@id":"https:\/\/www.upscience-labs.com\/vn\/gioi-thieu-ve-chung-toi\/mang-luoi-cua-chung-toi\/china\/#breadcrumb","itemListElement":[{"@type":"ListItem","position":1,"name":"Home","item":"https:\/\/www.upscience-labs.com\/vn\/"},{"@type":"ListItem","position":2,"name":"GI\u1edaI THI\u1ec6U","item":"https:\/\/www.upscience-labs.com\/vn\/gioi-thieu-ve-chung-toi\/"},{"@type":"ListItem","position":3,"name":"M\u1ea1ng l\u01b0\u1edbi c\u1ee7a ch\u00fang t\u00f4i","item":"https:\/\/www.upscience-labs.com\/vn\/gioi-thieu-ve-chung-toi\/mang-luoi-cua-chung-toi\/"},{"@type":"ListItem","position":4,"name":"Trung qu\u1ed1c"}]},{"@type":"WebSite","@id":"https:\/\/www.upscience-labs.com\/#website","url":"https:\/\/www.upscience-labs.com\/","name":"Upscience","description":"Labs Solutions","potentialAction":[{"@type":"SearchAction","target":{"@type":"EntryPoint","urlTemplate":"https:\/\/www.upscience-labs.com\/?s={search_term_string}"},"query-input":{"@type":"PropertyValueSpecification","valueRequired":true,"valueName":"search_term_string"}}],"inLanguage":"vi"}]}},"_links":{"self":[{"href":"https:\/\/www.upscience-labs.com\/vn\/wp-json\/wp\/v2\/pages\/2361","targetHints":{"allow":["GET"]}}],"collection":[{"href":"https:\/\/www.upscience-labs.com\/vn\/wp-json\/wp\/v2\/pages"}],"about":[{"href":"https:\/\/www.upscience-labs.com\/vn\/wp-json\/wp\/v2\/types\/page"}],"author":[{"embeddable":true,"href":"https:\/\/www.upscience-labs.com\/vn\/wp-json\/wp\/v2\/users\/22"}],"replies":[{"embeddable":true,"href":"https:\/\/www.upscience-labs.com\/vn\/wp-json\/wp\/v2\/comments?post=2361"}],"version-history":[{"count":1,"href":"https:\/\/www.upscience-labs.com\/vn\/wp-json\/wp\/v2\/pages\/2361\/revisions"}],"predecessor-version":[{"id":4059,"href":"https:\/\/www.upscience-labs.com\/vn\/wp-json\/wp\/v2\/pages\/2361\/revisions\/4059"}],"up":[{"embeddable":true,"href":"https:\/\/www.upscience-labs.com\/vn\/wp-json\/wp\/v2\/pages\/731"}],"wp:attachment":[{"href":"https:\/\/www.upscience-labs.com\/vn\/wp-json\/wp\/v2\/media?parent=2361"}],"curies":[{"name":"wp","href":"https:\/\/api.w.org\/{rel}","templated":true}]}}