{"id":2356,"date":"2017-09-15T14:15:42","date_gmt":"2017-09-15T12:15:42","guid":{"rendered":"https:\/\/www.upscience-labs.com\/my-account\/"},"modified":"2024-05-31T09:38:19","modified_gmt":"2024-05-31T07:38:19","slug":"my-account","status":"publish","type":"page","link":"https:\/\/www.upscience-labs.com\/vn\/my-account\/","title":{"rendered":"My account"},"content":{"rendered":"<div class=\"wpb-content-wrapper\"><p>[vc_row][vc_column width=&#8221;1\/3&#8243;][vc_cta h2=&#8221;&#8221; add_button=&#8221;bottom&#8221; btn_title=&#8221;FRANCE&#8221; btn_shape=&#8221;round&#8221; btn_color=&#8221;orange&#8221; btn_align=&#8221;center&#8221; css=&#8221;.vc_custom_1717141067134{padding-top: 100px !important;padding-bottom: 100px !important;background-image: url(https:\/\/www.upscience-labs.com\/wp-content\/uploads\/2018\/08\/France.png?id=3315) !important;}&#8221; el_class=&#8221;my-account-button&#8221; btn_link=&#8221;url:https%3A%2F%2Fportal.upscience-labs.com%2F|target:_blank&#8221;][\/vc_cta][vc_column_text]Download the authorisation form for the provision of the results on the website\u00a0<a href=\"https:\/\/www.upscience-labs.com\/wp-content\/uploads\/2024\/04\/Autorisation-mise-a-disposition-resultats-site-internet-v3.pdf\" target=\"_blank\" rel=\"noopener\">HERE<\/a>[\/vc_column_text][\/vc_column][vc_column width=&#8221;1\/3&#8243;][\/vc_column][\/vc_row]<\/p>\n<\/div>","protected":false},"excerpt":{"rendered":"<p>[vc_row][vc_column width=&#8221;1\/3&#8243;][vc_cta h2=&#8221;&#8221; add_button=&#8221;bottom&#8221; btn_title=&#8221;FRANCE&#8221; btn_shape=&#8221;round&#8221; btn_color=&#8221;orange&#8221; btn_align=&#8221;center&#8221; css=&#8221;.vc_custom_1717141067134{padding-top: 100px !important;padding-bottom: 100px !important;background-image: url(https:\/\/www.upscience-labs.com\/wp-content\/uploads\/2018\/08\/France.png?id=3315) !important;}&#8221; el_class=&#8221;my-account-button&#8221; btn_link=&#8221;url:https%3A%2F%2Fportal.upscience-labs.com%2F|target:_blank&#8221;][\/vc_cta][vc_column_text]Download the authorisation form for the provision of the results on the website\u00a0HERE[\/vc_column_text][\/vc_column][vc_column width=&#8221;1\/3&#8243;][\/vc_column][\/vc_row]<\/p>\n","protected":false},"author":22,"featured_media":0,"parent":0,"menu_order":1,"comment_status":"closed","ping_status":"closed","template":"","meta":{"_acf_changed":false,"footnotes":""},"class_list":["post-2356","page","type-page","status-publish","hentry"],"acf":[],"yoast_head":"<!-- This site is optimized with the Yoast SEO plugin v27.5 - https:\/\/yoast.com\/product\/yoast-seo-wordpress\/ -->\n<title>My account | M\u1ea1ng l\u01b0\u1edbi h\u1ec7 th\u1ed1ng c\u1ee7a Upscience | Upscience<\/title>\n<meta name=\"description\" content=\"Cung c\u1ea5p c\u00e1c ph\u00e2n t\u00edch v\u00e0 d\u1ecbch v\u1ee5 \u0111a d\u1ea1ng v\u00e0 s\u00e1ng t\u1ea1o trong l\u0129nh v\u1ef1c th\u1ef1c ph\u1ea9m, th\u1ee9c \u0103n ch\u0103n nu\u00f4i, th\u1ef1c ph\u00e2n ch\u1ee9c n\u0103ng v\u00e0 m\u00f4i tr\u01b0\u1eddng.\" \/>\n<meta name=\"robots\" content=\"index, follow, max-snippet:-1, max-image-preview:large, max-video-preview:-1\" \/>\n<link rel=\"canonical\" href=\"https:\/\/www.upscience-labs.com\/vn\/my-account\/\" \/>\n<meta property=\"og:locale\" content=\"vi_VN\" \/>\n<meta property=\"og:type\" content=\"article\" \/>\n<meta property=\"og:title\" content=\"My account | M\u1ea1ng l\u01b0\u1edbi h\u1ec7 th\u1ed1ng c\u1ee7a Upscience | Upscience\" \/>\n<meta property=\"og:description\" content=\"Cung c\u1ea5p c\u00e1c ph\u00e2n t\u00edch v\u00e0 d\u1ecbch v\u1ee5 \u0111a d\u1ea1ng v\u00e0 s\u00e1ng t\u1ea1o trong l\u0129nh v\u1ef1c th\u1ef1c ph\u1ea9m, th\u1ee9c \u0103n ch\u0103n nu\u00f4i, th\u1ef1c ph\u00e2n ch\u1ee9c n\u0103ng v\u00e0 m\u00f4i tr\u01b0\u1eddng.\" \/>\n<meta property=\"og:url\" content=\"https:\/\/www.upscience-labs.com\/vn\/my-account\/\" \/>\n<meta property=\"og:site_name\" content=\"Upscience\" \/>\n<meta property=\"article:modified_time\" content=\"2024-05-31T07:38:19+00:00\" \/>\n<meta name=\"twitter:card\" content=\"summary_large_image\" \/>\n<meta name=\"twitter:label1\" content=\"\u01af\u1edbc t\u00ednh th\u1eddi gian \u0111\u1ecdc\" \/>\n\t<meta name=\"twitter:data1\" content=\"1 ph\u00fat\" \/>\n<script type=\"application\/ld+json\" class=\"yoast-schema-graph\">{\"@context\":\"https:\\\/\\\/schema.org\",\"@graph\":[{\"@type\":\"WebPage\",\"@id\":\"https:\\\/\\\/www.upscience-labs.com\\\/vn\\\/my-account\\\/\",\"url\":\"https:\\\/\\\/www.upscience-labs.com\\\/vn\\\/my-account\\\/\",\"name\":\"My account | M\u1ea1ng l\u01b0\u1edbi h\u1ec7 th\u1ed1ng c\u1ee7a Upscience | Upscience\",\"isPartOf\":{\"@id\":\"https:\\\/\\\/www.upscience-labs.com\\\/#website\"},\"datePublished\":\"2017-09-15T12:15:42+00:00\",\"dateModified\":\"2024-05-31T07:38:19+00:00\",\"description\":\"Cung c\u1ea5p c\u00e1c ph\u00e2n t\u00edch v\u00e0 d\u1ecbch v\u1ee5 \u0111a d\u1ea1ng v\u00e0 s\u00e1ng t\u1ea1o trong l\u0129nh v\u1ef1c th\u1ef1c ph\u1ea9m, th\u1ee9c \u0103n ch\u0103n nu\u00f4i, th\u1ef1c ph\u00e2n ch\u1ee9c n\u0103ng v\u00e0 m\u00f4i tr\u01b0\u1eddng.\",\"breadcrumb\":{\"@id\":\"https:\\\/\\\/www.upscience-labs.com\\\/vn\\\/my-account\\\/#breadcrumb\"},\"inLanguage\":\"vi\",\"potentialAction\":[{\"@type\":\"ReadAction\",\"target\":[\"https:\\\/\\\/www.upscience-labs.com\\\/vn\\\/my-account\\\/\"]}]},{\"@type\":\"BreadcrumbList\",\"@id\":\"https:\\\/\\\/www.upscience-labs.com\\\/vn\\\/my-account\\\/#breadcrumb\",\"itemListElement\":[{\"@type\":\"ListItem\",\"position\":1,\"name\":\"Home\",\"item\":\"https:\\\/\\\/www.upscience-labs.com\\\/vn\\\/\"},{\"@type\":\"ListItem\",\"position\":2,\"name\":\"My account\"}]},{\"@type\":\"WebSite\",\"@id\":\"https:\\\/\\\/www.upscience-labs.com\\\/#website\",\"url\":\"https:\\\/\\\/www.upscience-labs.com\\\/\",\"name\":\"Upscience\",\"description\":\"Labs Solutions\",\"potentialAction\":[{\"@type\":\"SearchAction\",\"target\":{\"@type\":\"EntryPoint\",\"urlTemplate\":\"https:\\\/\\\/www.upscience-labs.com\\\/?s={search_term_string}\"},\"query-input\":{\"@type\":\"PropertyValueSpecification\",\"valueRequired\":true,\"valueName\":\"search_term_string\"}}],\"inLanguage\":\"vi\"}]}<\/script>\n<!-- \/ Yoast SEO plugin. -->","yoast_head_json":{"title":"My account | M\u1ea1ng l\u01b0\u1edbi h\u1ec7 th\u1ed1ng c\u1ee7a Upscience | Upscience","description":"Cung c\u1ea5p c\u00e1c ph\u00e2n t\u00edch v\u00e0 d\u1ecbch v\u1ee5 \u0111a d\u1ea1ng v\u00e0 s\u00e1ng t\u1ea1o trong l\u0129nh v\u1ef1c th\u1ef1c ph\u1ea9m, th\u1ee9c \u0103n ch\u0103n nu\u00f4i, th\u1ef1c ph\u00e2n ch\u1ee9c n\u0103ng v\u00e0 m\u00f4i tr\u01b0\u1eddng.","robots":{"index":"index","follow":"follow","max-snippet":"max-snippet:-1","max-image-preview":"max-image-preview:large","max-video-preview":"max-video-preview:-1"},"canonical":"https:\/\/www.upscience-labs.com\/vn\/my-account\/","og_locale":"vi_VN","og_type":"article","og_title":"My account | M\u1ea1ng l\u01b0\u1edbi h\u1ec7 th\u1ed1ng c\u1ee7a Upscience | Upscience","og_description":"Cung c\u1ea5p c\u00e1c ph\u00e2n t\u00edch v\u00e0 d\u1ecbch v\u1ee5 \u0111a d\u1ea1ng v\u00e0 s\u00e1ng t\u1ea1o trong l\u0129nh v\u1ef1c th\u1ef1c ph\u1ea9m, th\u1ee9c \u0103n ch\u0103n nu\u00f4i, th\u1ef1c ph\u00e2n ch\u1ee9c n\u0103ng v\u00e0 m\u00f4i tr\u01b0\u1eddng.","og_url":"https:\/\/www.upscience-labs.com\/vn\/my-account\/","og_site_name":"Upscience","article_modified_time":"2024-05-31T07:38:19+00:00","twitter_card":"summary_large_image","twitter_misc":{"\u01af\u1edbc t\u00ednh th\u1eddi gian \u0111\u1ecdc":"1 ph\u00fat"},"schema":{"@context":"https:\/\/schema.org","@graph":[{"@type":"WebPage","@id":"https:\/\/www.upscience-labs.com\/vn\/my-account\/","url":"https:\/\/www.upscience-labs.com\/vn\/my-account\/","name":"My account | M\u1ea1ng l\u01b0\u1edbi h\u1ec7 th\u1ed1ng c\u1ee7a Upscience | Upscience","isPartOf":{"@id":"https:\/\/www.upscience-labs.com\/#website"},"datePublished":"2017-09-15T12:15:42+00:00","dateModified":"2024-05-31T07:38:19+00:00","description":"Cung c\u1ea5p c\u00e1c ph\u00e2n t\u00edch v\u00e0 d\u1ecbch v\u1ee5 \u0111a d\u1ea1ng v\u00e0 s\u00e1ng t\u1ea1o trong l\u0129nh v\u1ef1c th\u1ef1c ph\u1ea9m, th\u1ee9c \u0103n ch\u0103n nu\u00f4i, th\u1ef1c ph\u00e2n ch\u1ee9c n\u0103ng v\u00e0 m\u00f4i tr\u01b0\u1eddng.","breadcrumb":{"@id":"https:\/\/www.upscience-labs.com\/vn\/my-account\/#breadcrumb"},"inLanguage":"vi","potentialAction":[{"@type":"ReadAction","target":["https:\/\/www.upscience-labs.com\/vn\/my-account\/"]}]},{"@type":"BreadcrumbList","@id":"https:\/\/www.upscience-labs.com\/vn\/my-account\/#breadcrumb","itemListElement":[{"@type":"ListItem","position":1,"name":"Home","item":"https:\/\/www.upscience-labs.com\/vn\/"},{"@type":"ListItem","position":2,"name":"My account"}]},{"@type":"WebSite","@id":"https:\/\/www.upscience-labs.com\/#website","url":"https:\/\/www.upscience-labs.com\/","name":"Upscience","description":"Labs Solutions","potentialAction":[{"@type":"SearchAction","target":{"@type":"EntryPoint","urlTemplate":"https:\/\/www.upscience-labs.com\/?s={search_term_string}"},"query-input":{"@type":"PropertyValueSpecification","valueRequired":true,"valueName":"search_term_string"}}],"inLanguage":"vi"}]}},"_links":{"self":[{"href":"https:\/\/www.upscience-labs.com\/vn\/wp-json\/wp\/v2\/pages\/2356","targetHints":{"allow":["GET"]}}],"collection":[{"href":"https:\/\/www.upscience-labs.com\/vn\/wp-json\/wp\/v2\/pages"}],"about":[{"href":"https:\/\/www.upscience-labs.com\/vn\/wp-json\/wp\/v2\/types\/page"}],"author":[{"embeddable":true,"href":"https:\/\/www.upscience-labs.com\/vn\/wp-json\/wp\/v2\/users\/22"}],"replies":[{"embeddable":true,"href":"https:\/\/www.upscience-labs.com\/vn\/wp-json\/wp\/v2\/comments?post=2356"}],"version-history":[{"count":5,"href":"https:\/\/www.upscience-labs.com\/vn\/wp-json\/wp\/v2\/pages\/2356\/revisions"}],"predecessor-version":[{"id":6578,"href":"https:\/\/www.upscience-labs.com\/vn\/wp-json\/wp\/v2\/pages\/2356\/revisions\/6578"}],"wp:attachment":[{"href":"https:\/\/www.upscience-labs.com\/vn\/wp-json\/wp\/v2\/media?parent=2356"}],"curies":[{"name":"wp","href":"https:\/\/api.w.org\/{rel}","templated":true}]}}