{"id":6045,"date":"2022-12-23T14:25:03","date_gmt":"2022-12-23T13:25:03","guid":{"rendered":"https:\/\/www.upscience-labs.com\/?page_id=6045"},"modified":"2025-08-12T14:37:09","modified_gmt":"2025-08-12T12:37:09","slug":"recherche-et-developpement-2","status":"publish","type":"page","link":"https:\/\/www.upscience-labs.com\/fr\/services-laboratoire-upscience\/recherche-et-developpement-2\/","title":{"rendered":"Recherche et d\u00e9veloppement"},"content":{"rendered":"<div class=\"wpb-content-wrapper\"><p>[vc_row][vc_column][vc_column_text css=\u00a0\u00bb\u00a0\u00bb]Le r\u00e9seau de laboratoires Upscience met son expertise R&amp;D au service des fili\u00e8res de l\u2019agroalimentaire, de la nutrition animale, du petfood.<\/p>\n<h2>D\u00e9veloppement de m\u00e9thodes<\/h2>\n<p>Certaines matrices sp\u00e9cifiques ou certains produits peuvent n\u00e9cessiter le d\u00e9veloppement de m\u00e9thodes d\u2019analyse sur mesure qu\u2019il n\u2019est pas toujours possible de d\u00e9velopper en interne.<\/p>\n<p>L\u2019\u00e9quipe R&amp;D d\u2019Upscience travaille r\u00e9guli\u00e8rement sur de nouvelles m\u00e9thodes \u00e0 fa\u00e7on et vous accompagne lors de vos d\u00e9marches de recherche, d\u2019innovation ou de d\u00e9veloppement.<\/p>\n<p>Les m\u00e9thodes ainsi d\u00e9velopp\u00e9es suivent \u00e9galement un processus de validation interne strict pour garantir la fiabilit\u00e9 et la constance des r\u00e9sultats fournis.<\/p>\n<p>N\u2019h\u00e9sitez pas \u00e0 nous contacter pour nous faire part de vos besoins en d\u00e9veloppement de m\u00e9thodes.<\/p>\n<h3>Le saviez-vous ?<\/h3>\n<p>Le laboratoire Upscience France est agr\u00e9\u00e9\u00a0<a href=\"https:\/\/www.enseignementsup-recherche.gouv.fr\/pid24835\/credit-impot-recherche-cir.html\" target=\"_blank\" rel=\"noopener\">Cr\u00e9dit Imp\u00f4t Recherche (CIR)<\/a>.<br \/>\nLe CIR est un m\u00e9canisme d\u2019incitation fiscale au d\u00e9veloppement de l\u2019effort de recherche scientifique et technique des entreprises. En faisant appel \u00e0 un organisme agr\u00e9e CIR, les entreprises peuvent b\u00e9n\u00e9ficier de financement pour leurs projets de R&amp;D sous certaines conditions.<br \/>\nPlus d\u2019informations sur notre\u00a0<a href=\"https:\/\/www.upscience-labs.com\/wp-content\/uploads\/2025\/08\/UPSCIENCE-decisionCIR-1.pdf\" target=\"_blank\" rel=\"noopener\">agr\u00e9ment.<\/a>[\/vc_column_text][\/vc_column][\/vc_row]<\/p>\n<\/div>","protected":false},"excerpt":{"rendered":"<p>[vc_row][vc_column][vc_column_text css=\u00a0\u00bb\u00a0\u00bb]Le r\u00e9seau de laboratoires Upscience met son expertise R&amp;D au service des fili\u00e8res de l\u2019agroalimentaire, de la nutrition animale, du petfood. D\u00e9veloppement de m\u00e9thodes Certaines matrices sp\u00e9cifiques ou certains produits peuvent n\u00e9cessiter le d\u00e9veloppement de m\u00e9thodes d\u2019analyse sur mesure qu\u2019il n\u2019est pas toujours possible de d\u00e9velopper en interne. L\u2019\u00e9quipe R&amp;D d\u2019Upscience travaille r\u00e9guli\u00e8rement sur &hellip; <\/p>\n<div class=\"vc_btn3-container vc_btn3-right\"><a class=\"vc_general vc_btn3 vc_btn3-size-xs vc_btn3-shape-round vc_btn3-color-bleu more-link\" href=\"https:\/\/www.upscience-labs.com\/fr\/services-laboratoire-upscience\/recherche-et-developpement-2\/\">Read More<\/a><\/div>\n","protected":false},"author":36,"featured_media":5960,"parent":2077,"menu_order":0,"comment_status":"closed","ping_status":"closed","template":"template-interieur.php","meta":{"_acf_changed":false,"footnotes":""},"class_list":["post-6045","page","type-page","status-publish","has-post-thumbnail","hentry"],"acf":[],"yoast_head":"<!-- This site is optimized with the Yoast SEO plugin v27.4 - https:\/\/yoast.com\/product\/yoast-seo-wordpress\/ -->\n<title>Recherche et d\u00e9veloppement - Upscience<\/title>\n<meta name=\"description\" content=\"Upscience met son expertise R&amp;D au service des fili\u00e8res de l\u2019agroalimentaire, de la nutrition animale, du petfood et du nutraceutique.\" \/>\n<meta name=\"robots\" content=\"index, follow, max-snippet:-1, max-image-preview:large, max-video-preview:-1\" \/>\n<link rel=\"canonical\" href=\"https:\/\/www.upscience-labs.com\/fr\/services-laboratoire-upscience\/recherche-et-developpement-2\/\" \/>\n<meta property=\"og:locale\" content=\"fr_FR\" \/>\n<meta property=\"og:type\" content=\"article\" \/>\n<meta property=\"og:title\" content=\"Recherche et d\u00e9veloppement - Upscience\" \/>\n<meta property=\"og:description\" content=\"Upscience met son expertise R&amp;D au service des fili\u00e8res de l\u2019agroalimentaire, de la nutrition animale, du petfood et du nutraceutique.\" \/>\n<meta property=\"og:url\" content=\"https:\/\/www.upscience-labs.com\/fr\/services-laboratoire-upscience\/recherche-et-developpement-2\/\" \/>\n<meta property=\"og:site_name\" content=\"Upscience\" \/>\n<meta property=\"article:modified_time\" content=\"2025-08-12T12:37:09+00:00\" \/>\n<meta property=\"og:image\" content=\"https:\/\/www.upscience-labs.com\/wp-content\/uploads\/2017\/06\/RD-vignette.jpg\" \/>\n\t<meta property=\"og:image:width\" content=\"1016\" \/>\n\t<meta property=\"og:image:height\" content=\"765\" \/>\n\t<meta property=\"og:image:type\" content=\"image\/jpeg\" \/>\n<meta name=\"twitter:card\" content=\"summary_large_image\" \/>\n<meta name=\"twitter:label1\" content=\"Dur\u00e9e de lecture estim\u00e9e\" \/>\n\t<meta name=\"twitter:data1\" content=\"1 minute\" \/>\n<script type=\"application\/ld+json\" class=\"yoast-schema-graph\">{\"@context\":\"https:\\\/\\\/schema.org\",\"@graph\":[{\"@type\":\"WebPage\",\"@id\":\"https:\\\/\\\/www.upscience-labs.com\\\/fr\\\/services-laboratoire-upscience\\\/recherche-et-developpement-2\\\/\",\"url\":\"https:\\\/\\\/www.upscience-labs.com\\\/fr\\\/services-laboratoire-upscience\\\/recherche-et-developpement-2\\\/\",\"name\":\"Recherche et d\u00e9veloppement - Upscience\",\"isPartOf\":{\"@id\":\"https:\\\/\\\/www.upscience-labs.com\\\/#website\"},\"primaryImageOfPage\":{\"@id\":\"https:\\\/\\\/www.upscience-labs.com\\\/fr\\\/services-laboratoire-upscience\\\/recherche-et-developpement-2\\\/#primaryimage\"},\"image\":{\"@id\":\"https:\\\/\\\/www.upscience-labs.com\\\/fr\\\/services-laboratoire-upscience\\\/recherche-et-developpement-2\\\/#primaryimage\"},\"thumbnailUrl\":\"https:\\\/\\\/www.upscience-labs.com\\\/wp-content\\\/uploads\\\/2017\\\/06\\\/RD-vignette.jpg\",\"datePublished\":\"2022-12-23T13:25:03+00:00\",\"dateModified\":\"2025-08-12T12:37:09+00:00\",\"description\":\"Upscience met son expertise R&D au service des fili\u00e8res de l\u2019agroalimentaire, de la nutrition animale, du petfood et du nutraceutique.\",\"breadcrumb\":{\"@id\":\"https:\\\/\\\/www.upscience-labs.com\\\/fr\\\/services-laboratoire-upscience\\\/recherche-et-developpement-2\\\/#breadcrumb\"},\"inLanguage\":\"fr-FR\",\"potentialAction\":[{\"@type\":\"ReadAction\",\"target\":[\"https:\\\/\\\/www.upscience-labs.com\\\/fr\\\/services-laboratoire-upscience\\\/recherche-et-developpement-2\\\/\"]}]},{\"@type\":\"ImageObject\",\"inLanguage\":\"fr-FR\",\"@id\":\"https:\\\/\\\/www.upscience-labs.com\\\/fr\\\/services-laboratoire-upscience\\\/recherche-et-developpement-2\\\/#primaryimage\",\"url\":\"https:\\\/\\\/www.upscience-labs.com\\\/wp-content\\\/uploads\\\/2017\\\/06\\\/RD-vignette.jpg\",\"contentUrl\":\"https:\\\/\\\/www.upscience-labs.com\\\/wp-content\\\/uploads\\\/2017\\\/06\\\/RD-vignette.jpg\",\"width\":1016,\"height\":765,\"caption\":\"Life science researcher .\"},{\"@type\":\"BreadcrumbList\",\"@id\":\"https:\\\/\\\/www.upscience-labs.com\\\/fr\\\/services-laboratoire-upscience\\\/recherche-et-developpement-2\\\/#breadcrumb\",\"itemListElement\":[{\"@type\":\"ListItem\",\"position\":1,\"name\":\"Home\",\"item\":\"https:\\\/\\\/www.upscience-labs.com\\\/fr\\\/\"},{\"@type\":\"ListItem\",\"position\":2,\"name\":\"Services\",\"item\":\"https:\\\/\\\/www.upscience-labs.com\\\/fr\\\/services-laboratoire-upscience\\\/\"},{\"@type\":\"ListItem\",\"position\":3,\"name\":\"Recherche et d\u00e9veloppement\"}]},{\"@type\":\"WebSite\",\"@id\":\"https:\\\/\\\/www.upscience-labs.com\\\/#website\",\"url\":\"https:\\\/\\\/www.upscience-labs.com\\\/\",\"name\":\"Upscience\",\"description\":\"Labs Solutions\",\"potentialAction\":[{\"@type\":\"SearchAction\",\"target\":{\"@type\":\"EntryPoint\",\"urlTemplate\":\"https:\\\/\\\/www.upscience-labs.com\\\/?s={search_term_string}\"},\"query-input\":{\"@type\":\"PropertyValueSpecification\",\"valueRequired\":true,\"valueName\":\"search_term_string\"}}],\"inLanguage\":\"fr-FR\"}]}<\/script>\n<!-- \/ Yoast SEO plugin. -->","yoast_head_json":{"title":"Recherche et d\u00e9veloppement - Upscience","description":"Upscience met son expertise R&D au service des fili\u00e8res de l\u2019agroalimentaire, de la nutrition animale, du petfood et du nutraceutique.","robots":{"index":"index","follow":"follow","max-snippet":"max-snippet:-1","max-image-preview":"max-image-preview:large","max-video-preview":"max-video-preview:-1"},"canonical":"https:\/\/www.upscience-labs.com\/fr\/services-laboratoire-upscience\/recherche-et-developpement-2\/","og_locale":"fr_FR","og_type":"article","og_title":"Recherche et d\u00e9veloppement - Upscience","og_description":"Upscience met son expertise R&D au service des fili\u00e8res de l\u2019agroalimentaire, de la nutrition animale, du petfood et du nutraceutique.","og_url":"https:\/\/www.upscience-labs.com\/fr\/services-laboratoire-upscience\/recherche-et-developpement-2\/","og_site_name":"Upscience","article_modified_time":"2025-08-12T12:37:09+00:00","og_image":[{"width":1016,"height":765,"url":"https:\/\/www.upscience-labs.com\/wp-content\/uploads\/2017\/06\/RD-vignette.jpg","type":"image\/jpeg"}],"twitter_card":"summary_large_image","twitter_misc":{"Dur\u00e9e de lecture estim\u00e9e":"1 minute"},"schema":{"@context":"https:\/\/schema.org","@graph":[{"@type":"WebPage","@id":"https:\/\/www.upscience-labs.com\/fr\/services-laboratoire-upscience\/recherche-et-developpement-2\/","url":"https:\/\/www.upscience-labs.com\/fr\/services-laboratoire-upscience\/recherche-et-developpement-2\/","name":"Recherche et d\u00e9veloppement - Upscience","isPartOf":{"@id":"https:\/\/www.upscience-labs.com\/#website"},"primaryImageOfPage":{"@id":"https:\/\/www.upscience-labs.com\/fr\/services-laboratoire-upscience\/recherche-et-developpement-2\/#primaryimage"},"image":{"@id":"https:\/\/www.upscience-labs.com\/fr\/services-laboratoire-upscience\/recherche-et-developpement-2\/#primaryimage"},"thumbnailUrl":"https:\/\/www.upscience-labs.com\/wp-content\/uploads\/2017\/06\/RD-vignette.jpg","datePublished":"2022-12-23T13:25:03+00:00","dateModified":"2025-08-12T12:37:09+00:00","description":"Upscience met son expertise R&D au service des fili\u00e8res de l\u2019agroalimentaire, de la nutrition animale, du petfood et du nutraceutique.","breadcrumb":{"@id":"https:\/\/www.upscience-labs.com\/fr\/services-laboratoire-upscience\/recherche-et-developpement-2\/#breadcrumb"},"inLanguage":"fr-FR","potentialAction":[{"@type":"ReadAction","target":["https:\/\/www.upscience-labs.com\/fr\/services-laboratoire-upscience\/recherche-et-developpement-2\/"]}]},{"@type":"ImageObject","inLanguage":"fr-FR","@id":"https:\/\/www.upscience-labs.com\/fr\/services-laboratoire-upscience\/recherche-et-developpement-2\/#primaryimage","url":"https:\/\/www.upscience-labs.com\/wp-content\/uploads\/2017\/06\/RD-vignette.jpg","contentUrl":"https:\/\/www.upscience-labs.com\/wp-content\/uploads\/2017\/06\/RD-vignette.jpg","width":1016,"height":765,"caption":"Life science researcher ."},{"@type":"BreadcrumbList","@id":"https:\/\/www.upscience-labs.com\/fr\/services-laboratoire-upscience\/recherche-et-developpement-2\/#breadcrumb","itemListElement":[{"@type":"ListItem","position":1,"name":"Home","item":"https:\/\/www.upscience-labs.com\/fr\/"},{"@type":"ListItem","position":2,"name":"Services","item":"https:\/\/www.upscience-labs.com\/fr\/services-laboratoire-upscience\/"},{"@type":"ListItem","position":3,"name":"Recherche et d\u00e9veloppement"}]},{"@type":"WebSite","@id":"https:\/\/www.upscience-labs.com\/#website","url":"https:\/\/www.upscience-labs.com\/","name":"Upscience","description":"Labs Solutions","potentialAction":[{"@type":"SearchAction","target":{"@type":"EntryPoint","urlTemplate":"https:\/\/www.upscience-labs.com\/?s={search_term_string}"},"query-input":{"@type":"PropertyValueSpecification","valueRequired":true,"valueName":"search_term_string"}}],"inLanguage":"fr-FR"}]}},"_links":{"self":[{"href":"https:\/\/www.upscience-labs.com\/fr\/wp-json\/wp\/v2\/pages\/6045","targetHints":{"allow":["GET"]}}],"collection":[{"href":"https:\/\/www.upscience-labs.com\/fr\/wp-json\/wp\/v2\/pages"}],"about":[{"href":"https:\/\/www.upscience-labs.com\/fr\/wp-json\/wp\/v2\/types\/page"}],"author":[{"embeddable":true,"href":"https:\/\/www.upscience-labs.com\/fr\/wp-json\/wp\/v2\/users\/36"}],"replies":[{"embeddable":true,"href":"https:\/\/www.upscience-labs.com\/fr\/wp-json\/wp\/v2\/comments?post=6045"}],"version-history":[{"count":6,"href":"https:\/\/www.upscience-labs.com\/fr\/wp-json\/wp\/v2\/pages\/6045\/revisions"}],"predecessor-version":[{"id":6621,"href":"https:\/\/www.upscience-labs.com\/fr\/wp-json\/wp\/v2\/pages\/6045\/revisions\/6621"}],"up":[{"embeddable":true,"href":"https:\/\/www.upscience-labs.com\/fr\/wp-json\/wp\/v2\/pages\/2077"}],"wp:featuredmedia":[{"embeddable":true,"href":"https:\/\/www.upscience-labs.com\/fr\/wp-json\/wp\/v2\/media\/5960"}],"wp:attachment":[{"href":"https:\/\/www.upscience-labs.com\/fr\/wp-json\/wp\/v2\/media?parent=6045"}],"curies":[{"name":"wp","href":"https:\/\/api.w.org\/{rel}","templated":true}]}}