{"id":5031,"date":"2021-10-01T10:05:39","date_gmt":"2021-10-01T08:05:39","guid":{"rendered":"https:\/\/www.upscience-labs.com\/?page_id=5031"},"modified":"2023-10-24T12:43:38","modified_gmt":"2023-10-24T10:43:38","slug":"contamination-par-les-metaux-lourds","status":"publish","type":"page","link":"https:\/\/www.upscience-labs.com\/fr\/blog\/contamination-par-les-metaux-lourds\/","title":{"rendered":"Contamination par les m\u00e9taux Lourds"},"content":{"rendered":"<div class=\"wpb-content-wrapper\"><p>[vc_row][vc_column][vc_column_text]<strong>Table des mati\u00e8res<\/strong><\/p>\n<ol>\n<li><a href=\"#Pourquoi est-ce important ?\">Pourquoi est-ce important ?<\/a><\/li>\n<li><a href=\"#Les diff\u00e9rents m\u00e9taux lourds\">Les diff\u00e9rents m\u00e9taux lourds<\/a><\/li>\n<li><a href=\"#Les probl\u00e8mes li\u00e9s aux m\u00e9taux lourds\">Les probl\u00e8mes li\u00e9s aux m\u00e9taux lourds<\/a><\/li>\n<li><a href=\"#M\u00e9taux lourds et r\u00e9glementation alimentaire\">M\u00e9taux lourds et r\u00e9glementation alimentaire<\/a><\/li>\n<li><a href=\"#Offre Upscience\">De quelle fa\u00e7on Upscience peut-il vous venir en aide\u00a0?<\/a><\/li>\n<\/ol>\n<p>&nbsp;<\/p>\n<h2 id=\"Pourquoi est-ce important ?\">Pourquoi est-ce important ?<\/h2>\n<p>Les produits d<strong>\u2019alimentation humaine<\/strong> ou animale contamin\u00e9s peuvent contenir des substances qui ne sont pas ajout\u00e9es de mani\u00e8re d\u00e9lib\u00e9r\u00e9e aux aliments. Ces produits, lorsqu\u2019ils sont destin\u00e9s \u00e0 l\u2019homme ou aux animaux, peuvent poser un risque significatif pour leur sant\u00e9 et leur bien-\u00eatre. L\u2019impact d\u2019une <strong>contamination par des m\u00e9taux lourds<\/strong> peut \u00eatre vari\u00e9 et aller d\u2019\u00e9tats pathologiques, \u00e0 un retard de croissance, des probl\u00e8mes au niveau reproducteur, jusqu\u2019\u00e0 la mort.<\/p>\n<h2 id=\"Les diff\u00e9rents m\u00e9taux lourds\">Les diff\u00e9rents m\u00e9taux lourds<\/h2>\n<p>Les <strong>m\u00e9taux lourds<\/strong> les plus courants en tant que contaminants sont le mercure, l\u2019aluminium, le plomb, l\u2019arsenic, le <strong>cadmium<\/strong>, l\u2019antimoine, le baryum, et le bismuth. Les contaminants peuvent \u00eatre rencontr\u00e9s dans de nombreux produits diff\u00e9rents d\u00e9di\u00e9s \u00e0 l\u2019alimentation humaine ou animale, et peuvent varier au niveau de leur type et de leur classification. Des exemples de contaminants environnementaux sont des mol\u00e9cules telles que les <a href=\"https:\/\/www.upscience-labs.com\/fr\/analyses\/contaminants\/pesticides\/\" target=\"_blank\" rel=\"noopener\">pesticides<\/a> chlor\u00e9s ou les biph\u00e9nyles polychlor\u00e9s (PCB). Ces substances sont artificielles et synth\u00e9tiques. Elles peuvent se trouver dans l\u2019air, l\u2019eau ou les sols.<br \/>\nTout comme la pr\u00e9sence de pesticides dans les aliments, la <strong>contamination par des m\u00e9taux lourds<\/strong> est aussi fr\u00e9quemment le r\u00e9sultat d\u2019une introduction via l\u2019environnement. Cette introduction provient g\u00e9n\u00e9ralement d\u2019activit\u00e9s humaines telles que l\u2019industrie ou l\u2019agriculture, notamment lors des cultures, de leur stockage ou de la transformation des produits alimentaires. Les m\u00e9taux lourds se trouvent alors finalement sous forme de r\u00e9sidus dans les produits destin\u00e9s \u00e0 l\u2019<strong>alimentation humaine et animale<\/strong>. Dans ce cas, leur pr\u00e9sence r\u00e9sulte g\u00e9n\u00e9ralement d\u2019activit\u00e9s humaines telles que l\u2019agriculture, l\u2019industrie, ou suite \u00e0 une contamination lors du stockage ou de la transformation.<\/p>\n<h2 id=\"Les probl\u00e8mes li\u00e9s aux m\u00e9taux lourds\">Les probl\u00e8mes li\u00e9s aux m\u00e9taux lourds<\/h2>\n<p>Une pr\u00e9occupation majeure du secteur de l\u2019aquaculture concerne l\u2019aptitude \u00e0 analyser des m\u00e9taux lourds sp\u00e9cifiques (<strong>cadmium<\/strong>\u00a0; mercure et plomb totaux), pr\u00e9sents dans certains poissons et fruits de mer. Les sp\u00e9cialistes ont remarqu\u00e9 que le mercure dans les poissons constitue la contamination la plus souvent identifi\u00e9e dans les notifications du r\u00e9seau europ\u00e9en d\u2019alerte rapide RASFF.<\/p>\n<p>Le cadmium est une autre source notoire de contamination par des m\u00e9taux lourds. Ce m\u00e9tal est canc\u00e9rig\u00e8ne, mutag\u00e8ne et toxique pour la reproduction. Il p\u00e9n\u00e8tre dans les plantes en croissance par l\u2019interm\u00e9diaire de leur syst\u00e8me racinaire, g\u00e9n\u00e9ralement suite \u00e0 l\u2019utilisation de fertilisants et autres intrants. <a href=\"https:\/\/www.anses.fr\/fr\/thematique\/alimentation-et-nutrition-humaine\" target=\"_blank\" rel=\"noopener\">L\u2019Agence Nationale de S\u00e9curit\u00e9 Sanitaire de l\u2019Alimentation, de l\u2019Environnement et du Travail (ANSES)<\/a> a publi\u00e9 des recommandations sur la limitation de la quantit\u00e9 de cadmium utilis\u00e9 dans ces derniers. Par cons\u00e9quent, cela permet de limiter l\u2019exposition des r\u00e9coltes de produits agricoles consomm\u00e9s, ainsi que ceux utilis\u00e9s pour nourrir le b\u00e9tail. Cette derni\u00e8re a \u00e9galement mis en place d\u2019autres directives et r\u00e9glementations concernant une <strong>liste de m\u00e9taux lourds<\/strong> identifi\u00e9s.<\/p>\n<p>Un communiqu\u00e9 de presse r\u00e9cent \u00e9mis par l\u2019ANSES (juillet 2020) a relev\u00e9 une pr\u00e9occupation grandissante concernant la contamination par le cadmium, en soulignant que pr\u00e8s d\u2019un quart des \u00e9chantillons d\u2019algues comestibles analys\u00e9s r\u00e9cemment pr\u00e9sentaient des concentrations en cadmium sup\u00e9rieures au taux maximum de 0,5 milligramme par kilogramme, \u00e9tabli par le Conseil Sup\u00e9rieur d\u2019Hygi\u00e8ne Publique de France (CSHPF). Du fait de la nature toxique du cadmium, et de la consommation croissante d\u2019aliments (tels que les algues et les produits \u00e0 base d\u2019algues) qui ont tendance \u00e0 pr\u00e9senter une teneur \u00e9lev\u00e9e de ce contaminant, la Direction G\u00e9n\u00e9rale de la Concurrence, de la Consommation et de la R\u00e9pression des Fraudes, a demand\u00e9 \u00e0 l\u2019Agence de recommander des taux maximums de cadmium pour les algues destin\u00e9es \u00e0 une consommation humaine. L\u2019ingestion de ces produits \u00e0 base d\u2019algues pouvant se cumuler avec d\u2019autres produits pouvant contenir du cadmium et d\u00e9j\u00e0 pr\u00e9sents dans l\u2019alimentation des consommateurs, ces nouvelles recommandations revoient d\u00e9sormais \u00e0 la baisse leur tol\u00e9rance en teneur maximale en cadmium dans les algues comestibles, afin\u00a0 d\u2019\u00e9viter une surexposition de la population. Malgr\u00e9 ces prises de consciences et recommandations r\u00e9centes de diff\u00e9rentes autorit\u00e9s fran\u00e7aises et\/ou europ\u00e9ennes, ces polluants persistent dans l\u2019environnement et ont \u00e9t\u00e9 accumul\u00e9s pendant plusieurs d\u00e9cennies. Ils n\u00e9cessitent donc un suivi continu afin de contr\u00f4ler la qualit\u00e9 des aliments humains et animaux.<\/p>\n<p>Les divers m\u00e9taux lourds pouvant \u00eatre rencontr\u00e9s comme contaminants dans les produits pour <strong>l\u2019alimentation humaine et animale<\/strong> sont tout aussi n\u00e9fastes et les sources de contamination possibles sont multiples. C\u2019est pourquoi des analyses et des r\u00e9glementations strictes ont \u00e9t\u00e9 instaur\u00e9es afin d\u2019identifier et de quantifier la pr\u00e9sence de ces polluants, et ainsi assurer la qualit\u00e9 et la s\u00e9curit\u00e9 des aliments humains et animaux.<\/p>\n<h2 id=\"M\u00e9taux lourds et r\u00e9glementation alimentaire\">M\u00e9taux lourds et r\u00e9glementation alimentaire<\/h2>\n<p>L\u2019accumulation de <strong>m\u00e9taux lourds<\/strong> dans un organisme repr\u00e9sente un risque important pour la sant\u00e9. Ce dernier peut d\u00e9couler de deux situations\u00a0:<\/p>\n<ul>\n<li>Une exposition \u00e0 une dose \u00e9lev\u00e9e (toxicit\u00e9 aigu\u00eb)<\/li>\n<li>Une exposition \u00e0 long terme \u00e0 des doses plus faibles (accumulation dans les tissus et toxicit\u00e9 chronique)<\/li>\n<\/ul>\n<p>La <a href=\"https:\/\/www.economie.gouv.fr\/dgccrf\/Securite\/Produits-alimentaires\/Les-enquetes-de-la-DGCCRF-533\" target=\"_blank\" rel=\"noopener\">DGCCRF<\/a> (Direction G\u00e9n\u00e9rale de la Concurrence, de la Consommation et de la R\u00e9pression des Fraudes proc\u00e8de annuellement \u00e0 des essais et \u00e9valuations afin de contr\u00f4ler le risque d\u2019exposition \u00e0 la <strong>contamination par des m\u00e9taux lourds<\/strong> pour les consommateurs. En outre, un grand nombre de r\u00e9glementations et de r\u00e8gles ont \u00e9t\u00e9 mises en place afin que ces contaminants restent en dehors des cha\u00eenes de production de l\u2019alimentation humaine et animale. La <a href=\"https:\/\/eur-lex.europa.eu\/homepage.html\" target=\"_blank\" rel=\"noopener\">r\u00e8glementation CE 1881\/2006<\/a> fixe des taux maximums pour certains contaminants dans les produits alimentaires, en particulier pour le plomb, le cadmium, le mercure et l\u2019\u00e9tain inorganique. Le suivi de r\u00e9sidus d\u2019\u00e9l\u00e9ments chimiques dans les aliments d\u2019origine animale est expos\u00e9 dans la Directive 96\/23\/CE. Le suivi de ces taux de contaminants garantit qu\u2019ils se trouvent en de\u00e7\u00e0 de certains seuils r\u00e9glementaires. Dans l\u2019Annexe I de la\u00a0 Directive Europ\u00e9enne 2002\/32\/CE, des taux maximums de substances ind\u00e9sirables dans les aliments pour animaux sont sp\u00e9cifi\u00e9s, et ils sont mis \u00e0 jour sur la base d\u2019\u00e9valuations individuelles par l\u2019EFSA. Les aliments pour animaux contenant des quantit\u00e9s de substances ind\u00e9sirables sup\u00e9rieures aux taux maximums peuvent \u00eatre dangereux et doivent \u00eatre retir\u00e9s de la cha\u00eene alimentaire.<\/p>\n<p>La l\u00e9gislation europ\u00e9enne portant sur les substances ind\u00e9sirables dans les produits d\u2019alimentation animale a \u00e9t\u00e9 d\u00e9velopp\u00e9e afin de garantir que les aliments pour animaux ne soient mis sur le march\u00e9 qu\u2019\u00e0 condition d\u2019\u00eatre \u00ab sains, authentiques et de qualit\u00e9 marchande, et, lors d\u2019une utilisation correcte, qu\u2019ils ne repr\u00e9sentent pas de danger quelconque pour la sant\u00e9 de l\u2019homme, la sant\u00e9 des animaux, ou l\u2019environnement, ou n\u2019affectent pas la production du b\u00e9tail \u00bb.<\/p>\n<h2 id=\"Offre Upscience\">De quelle fa\u00e7on Upscience peut-il vous venir en aide\u00a0?<\/h2>\n<p>Avec la r\u00e9glementation et les lois strictes mises en place dans le contexte de la<strong> contamination par des m\u00e9taux lourds<\/strong>, les analyses sont essentielles afin de confirmer que les ingr\u00e9dients et les produits se trouvent en de\u00e7\u00e0 des limites acceptables expos\u00e9es par les instances dirigeantes. Upscience propose la d\u00e9tection et la quantification de <strong>m\u00e9taux lourds dans les aliments pour animaux<\/strong> et autre produit alimentaire, par Spectroscopie d\u2019Emission Atomique par Plasma \u00e0 Couplage Inductif et Spectrom\u00e9trie de Masse (ICP-MS) et Potentiom\u00e9trie.<\/p>\n<p>Upscience est un r\u00e9seau international de laboratoires sp\u00e9cialis\u00e9s en analyses physicochimiques, en microbiologie et en biologie mol\u00e9culaire. Nous offrons une gamme \u00e9tendue et novatrice d\u2019analyses et de services destin\u00e9s aux acteurs des domaines de l\u2019alimentation humaine, de l\u2019alimentation pour animaux, du petfood, des nutraceutiques et de l\u2019environnement.<\/p>\n<p>Le r\u00e9seau Upscience est constitu\u00e9 de 3 laboratoires en <a href=\"https:\/\/www.upscience-labs.com\/fr\/a-propos\/nos-implantations\/france\/\" target=\"_blank\" rel=\"noopener\">France<\/a>\u00a0et au <a href=\"https:\/\/www.upscience-labs.com\/fr\/a-propos\/nos-implantations\/vietnam\/\">Vietnam<\/a> afin de soutenir le d\u00e9veloppement local et international de nos clients. Nos laboratoires sont \u00e9quip\u00e9s de technologies de pointe et tirent profit d\u2019une solide organisation R&amp;D. Ils offrent des solutions standardis\u00e9es ou d\u00e9veloppent des analyses et prestations \u00e0 fa\u00e7on, en fonction de vos besoins. Consultez notre offre analytique pour de plus amples informations.[\/vc_column_text][vc_column_text]<\/p>\n<h2>En savoir plus ?<\/h2>\n<p>[\/vc_column_text][\/vc_column][\/vc_row][vc_row][vc_column][vc_cta h2=\u00a0\u00bbRASFF\u00a0\u00bb h4=\u00a0\u00bbContamination par m\u00e9taux lourds\u00a0\u00bb add_button=\u00a0\u00bbleft\u00a0\u00bb btn_title=\u00a0\u00bbConsultez le portail du RASFF\u00a0\u00bb btn_shape=\u00a0\u00bbround\u00a0\u00bb btn_color=\u00a0\u00bbwhite\u00a0\u00bb btn_link=\u00a0\u00bburl:https%3A%2F%2Fwebgate.ec.europa.eu%2Frasff-window%2Fscreen%2Fsearch|target:_blank\u00a0\u00bb]2020 : 112 alertes[\/vc_cta][vc_cta h2=\u00a0\u00bb\u00c9tude ESTEBAN\u00a0\u00bb h4=\u00a0\u00bbFocus sur l&rsquo;exposition au m\u00e9taux de la population fran\u00e7aise\u00a0\u00bb add_button=\u00a0\u00bbtop\u00a0\u00bb btn_title=\u00a0\u00bbConsultez les r\u00e9sultats\u00a0\u00bb btn_shape=\u00a0\u00bbround\u00a0\u00bb btn_color=\u00a0\u00bbwhite\u00a0\u00bb btn_link=\u00a0\u00bburl:https%3A%2F%2Fwww.santepubliquefrance.fr%2Fpresse%2F2021%2Fexposition-aux-metaux-de-la-population-francaise-resultats-de-l-etude-esteban|target:_blank\u00a0\u00bb][\/vc_cta][\/vc_column][\/vc_row][vc_row][vc_column]<div id=\"contactform\" class=\"fondw-bleu\" >\r\n\t\t\t\t\t\t<div class=\"wrap container\">\r\n\t\t\t\t\t\t\t<div class=\"row\">\t \r\n\t\t\t\t\t\t\t\t<div class=\"col-md-6\">\r\n\t\t\t\t\t\t\t\t\t<div class=\"vc_btn3-container vc_btn3-center\">\r\n\t\t\t\t\t\t\t\t\t\t<div class=\"vc_general vc_btn3 vc_btn3-size-lg vc_btn3-shape-round vc_btn3-style-classic vc_btn3-block vc_btn3-color-bleu\"><a href=\"https:\/\/www.upscience-labs.com\/fr\/contact\/\"   >Nous contacter  <\/a>\r\n\t\t\t\t\t\t\t\t\t\t<\/div>\r\n\t\t\t\t\t\t\t\t\t<\/div>\r\n\t\t\t\t\t\t\t\t<\/div><div class=\"col-md-6\">\r\n\t\t\t\t\t\t\t\t\t<div class=\"vc_btn3-container vc_btn3-center\">\r\n\t\t\t\t\t\t\t\t\t\t<div class=\"vc_general vc_btn3 vc_btn3-size-lg vc_btn3-shape-round vc_btn3-style-classic vc_btn3-block vc_btn3-color-bleu\">\r\n\t\t\t\t\t\t\t\t\t\t\t<span  class=\"phonenum\" itemprop=\"telephone\" id=\"clickToShow\"><a href=\"tel:+33 (0)1 71 25 06 06\">+33 (0)1 71 25 06 06<\/a>\r\n\t\t\t\t\t\t\t\t\t\t\t<\/span>\r\n\t\t\t\t\t\t\t\t\t\t<\/div>\r\n\t\t\t\t\t\t\t\t\t<\/div>\r\n\t\t\t\t\t\t\t\t<\/div>\r\n\t\t\t\t\t<script>\r\n\t\t\t\t\t\tjQuery(document).ready(function($) {\r\n\t\t\t\t\t\t\tvar shortNumber = $(\"#clickToShow\").text().substring(0,  $(\"#clickToShow\").text().length - 8);\r\n\t\t\t\t\t\t\tvar eventTracking = \"ga('send', 'event', 'call', 'call', 'phone NUM');\";\r\n\t\t\t\t\t\t\t$(\"#clickToShow\").hide().after('<span   id=\"clickToShowButton\" onClick=\" ' + eventTracking + ' \" >  <i class=\"icon-phone\"> <\/i> Besoin d\\'aide  <\/span >');\r\n\t\t\t\t\t\t\t$(\"#clickToShowButton\").click(function() {\r\n\t\t\t\t\t\t\t\t$(\"#clickToShow\").show();\r\n\t\t\t\t\t\t\t\t$(\"#clickToShowButton\").hide();\r\n\t\t\t\t\t\t\t});\r\n\t\t\t\t\t\t});\r\n\t\t\t\t\t<\/script><div>\t\t\t\t\t \r\n\t\t\t\t\t\t<\/div>\r\n\t\t\t\t\t<\/div>[\/vc_column][\/vc_row]<\/p>\n<\/div>","protected":false},"excerpt":{"rendered":"<p>[vc_row][vc_column][vc_column_text]Table des mati\u00e8res Pourquoi est-ce important ? Les diff\u00e9rents m\u00e9taux lourds Les probl\u00e8mes li\u00e9s aux m\u00e9taux lourds M\u00e9taux lourds et r\u00e9glementation alimentaire De quelle fa\u00e7on Upscience peut-il vous venir en aide\u00a0? &nbsp; Pourquoi est-ce important ? Les produits d\u2019alimentation humaine ou animale contamin\u00e9s peuvent contenir des substances qui ne sont pas ajout\u00e9es de mani\u00e8re d\u00e9lib\u00e9r\u00e9e &hellip; <\/p>\n<div class=\"vc_btn3-container vc_btn3-right\"><a class=\"vc_general vc_btn3 vc_btn3-size-xs vc_btn3-shape-round vc_btn3-color-bleu more-link\" href=\"https:\/\/www.upscience-labs.com\/fr\/blog\/contamination-par-les-metaux-lourds\/\">Read More<\/a><\/div>\n","protected":false},"author":27,"featured_media":5034,"parent":5586,"menu_order":0,"comment_status":"closed","ping_status":"closed","template":"template-interieur.php","meta":{"_acf_changed":false,"footnotes":""},"class_list":["post-5031","page","type-page","status-publish","has-post-thumbnail","hentry"],"acf":[],"yoast_head":"<!-- This site is optimized with the Yoast SEO plugin v27.3 - https:\/\/yoast.com\/product\/yoast-seo-wordpress\/ -->\n<title>Contamination par les m\u00e9taux Lourds - Upscience<\/title>\n<meta name=\"description\" content=\"La contamination par des m\u00e9taux lourds un enjeu majeur pour la s\u00e9curit\u00e9 sanitaire des aliments et mati\u00e8res premi\u00e8res.\" \/>\n<meta name=\"robots\" content=\"index, follow, max-snippet:-1, max-image-preview:large, max-video-preview:-1\" \/>\n<link rel=\"canonical\" href=\"https:\/\/www.upscience-labs.com\/fr\/blog\/contamination-par-les-metaux-lourds\/\" \/>\n<meta property=\"og:locale\" content=\"fr_FR\" \/>\n<meta property=\"og:type\" content=\"article\" \/>\n<meta property=\"og:title\" content=\"Contamination par les m\u00e9taux Lourds - Upscience\" \/>\n<meta property=\"og:description\" content=\"La contamination par des m\u00e9taux lourds un enjeu majeur pour la s\u00e9curit\u00e9 sanitaire des aliments et mati\u00e8res premi\u00e8res.\" \/>\n<meta property=\"og:url\" content=\"https:\/\/www.upscience-labs.com\/fr\/blog\/contamination-par-les-metaux-lourds\/\" \/>\n<meta property=\"og:site_name\" content=\"Upscience\" \/>\n<meta property=\"article:modified_time\" content=\"2023-10-24T10:43:38+00:00\" \/>\n<meta property=\"og:image\" content=\"https:\/\/www.upscience-labs.com\/wp-content\/uploads\/2021\/10\/AdobeStock_29631053-scaled.jpeg\" \/>\n\t<meta property=\"og:image:width\" content=\"2560\" \/>\n\t<meta property=\"og:image:height\" content=\"2063\" \/>\n\t<meta property=\"og:image:type\" content=\"image\/jpeg\" \/>\n<meta name=\"twitter:card\" content=\"summary_large_image\" \/>\n<meta name=\"twitter:label1\" content=\"Dur\u00e9e de lecture estim\u00e9e\" \/>\n\t<meta name=\"twitter:data1\" content=\"6 minutes\" \/>\n<script type=\"application\/ld+json\" class=\"yoast-schema-graph\">{\"@context\":\"https:\\\/\\\/schema.org\",\"@graph\":[{\"@type\":\"WebPage\",\"@id\":\"https:\\\/\\\/www.upscience-labs.com\\\/fr\\\/blog\\\/contamination-par-les-metaux-lourds\\\/\",\"url\":\"https:\\\/\\\/www.upscience-labs.com\\\/fr\\\/blog\\\/contamination-par-les-metaux-lourds\\\/\",\"name\":\"Contamination par les m\u00e9taux Lourds - Upscience\",\"isPartOf\":{\"@id\":\"https:\\\/\\\/www.upscience-labs.com\\\/#website\"},\"primaryImageOfPage\":{\"@id\":\"https:\\\/\\\/www.upscience-labs.com\\\/fr\\\/blog\\\/contamination-par-les-metaux-lourds\\\/#primaryimage\"},\"image\":{\"@id\":\"https:\\\/\\\/www.upscience-labs.com\\\/fr\\\/blog\\\/contamination-par-les-metaux-lourds\\\/#primaryimage\"},\"thumbnailUrl\":\"https:\\\/\\\/www.upscience-labs.com\\\/wp-content\\\/uploads\\\/2021\\\/10\\\/AdobeStock_29631053-scaled.jpeg\",\"datePublished\":\"2021-10-01T08:05:39+00:00\",\"dateModified\":\"2023-10-24T10:43:38+00:00\",\"description\":\"La contamination par des m\u00e9taux lourds un enjeu majeur pour la s\u00e9curit\u00e9 sanitaire des aliments et mati\u00e8res premi\u00e8res.\",\"breadcrumb\":{\"@id\":\"https:\\\/\\\/www.upscience-labs.com\\\/fr\\\/blog\\\/contamination-par-les-metaux-lourds\\\/#breadcrumb\"},\"inLanguage\":\"fr-FR\",\"potentialAction\":[{\"@type\":\"ReadAction\",\"target\":[\"https:\\\/\\\/www.upscience-labs.com\\\/fr\\\/blog\\\/contamination-par-les-metaux-lourds\\\/\"]}]},{\"@type\":\"ImageObject\",\"inLanguage\":\"fr-FR\",\"@id\":\"https:\\\/\\\/www.upscience-labs.com\\\/fr\\\/blog\\\/contamination-par-les-metaux-lourds\\\/#primaryimage\",\"url\":\"https:\\\/\\\/www.upscience-labs.com\\\/wp-content\\\/uploads\\\/2021\\\/10\\\/AdobeStock_29631053-scaled.jpeg\",\"contentUrl\":\"https:\\\/\\\/www.upscience-labs.com\\\/wp-content\\\/uploads\\\/2021\\\/10\\\/AdobeStock_29631053-scaled.jpeg\",\"width\":2560,\"height\":2063,\"caption\":\"contamination m\u00e9taux lourds\"},{\"@type\":\"BreadcrumbList\",\"@id\":\"https:\\\/\\\/www.upscience-labs.com\\\/fr\\\/blog\\\/contamination-par-les-metaux-lourds\\\/#breadcrumb\",\"itemListElement\":[{\"@type\":\"ListItem\",\"position\":1,\"name\":\"Home\",\"item\":\"https:\\\/\\\/www.upscience-labs.com\\\/fr\\\/\"},{\"@type\":\"ListItem\",\"position\":2,\"name\":\"BLOG\",\"item\":\"https:\\\/\\\/www.upscience-labs.com\\\/fr\\\/blog\\\/\"},{\"@type\":\"ListItem\",\"position\":3,\"name\":\"Contamination par les m\u00e9taux Lourds\"}]},{\"@type\":\"WebSite\",\"@id\":\"https:\\\/\\\/www.upscience-labs.com\\\/#website\",\"url\":\"https:\\\/\\\/www.upscience-labs.com\\\/\",\"name\":\"Upscience\",\"description\":\"Labs Solutions\",\"potentialAction\":[{\"@type\":\"SearchAction\",\"target\":{\"@type\":\"EntryPoint\",\"urlTemplate\":\"https:\\\/\\\/www.upscience-labs.com\\\/?s={search_term_string}\"},\"query-input\":{\"@type\":\"PropertyValueSpecification\",\"valueRequired\":true,\"valueName\":\"search_term_string\"}}],\"inLanguage\":\"fr-FR\"}]}<\/script>\n<!-- \/ Yoast SEO plugin. -->","yoast_head_json":{"title":"Contamination par les m\u00e9taux Lourds - Upscience","description":"La contamination par des m\u00e9taux lourds un enjeu majeur pour la s\u00e9curit\u00e9 sanitaire des aliments et mati\u00e8res premi\u00e8res.","robots":{"index":"index","follow":"follow","max-snippet":"max-snippet:-1","max-image-preview":"max-image-preview:large","max-video-preview":"max-video-preview:-1"},"canonical":"https:\/\/www.upscience-labs.com\/fr\/blog\/contamination-par-les-metaux-lourds\/","og_locale":"fr_FR","og_type":"article","og_title":"Contamination par les m\u00e9taux Lourds - Upscience","og_description":"La contamination par des m\u00e9taux lourds un enjeu majeur pour la s\u00e9curit\u00e9 sanitaire des aliments et mati\u00e8res premi\u00e8res.","og_url":"https:\/\/www.upscience-labs.com\/fr\/blog\/contamination-par-les-metaux-lourds\/","og_site_name":"Upscience","article_modified_time":"2023-10-24T10:43:38+00:00","og_image":[{"width":2560,"height":2063,"url":"https:\/\/www.upscience-labs.com\/wp-content\/uploads\/2021\/10\/AdobeStock_29631053-scaled.jpeg","type":"image\/jpeg"}],"twitter_card":"summary_large_image","twitter_misc":{"Dur\u00e9e de lecture estim\u00e9e":"6 minutes"},"schema":{"@context":"https:\/\/schema.org","@graph":[{"@type":"WebPage","@id":"https:\/\/www.upscience-labs.com\/fr\/blog\/contamination-par-les-metaux-lourds\/","url":"https:\/\/www.upscience-labs.com\/fr\/blog\/contamination-par-les-metaux-lourds\/","name":"Contamination par les m\u00e9taux Lourds - Upscience","isPartOf":{"@id":"https:\/\/www.upscience-labs.com\/#website"},"primaryImageOfPage":{"@id":"https:\/\/www.upscience-labs.com\/fr\/blog\/contamination-par-les-metaux-lourds\/#primaryimage"},"image":{"@id":"https:\/\/www.upscience-labs.com\/fr\/blog\/contamination-par-les-metaux-lourds\/#primaryimage"},"thumbnailUrl":"https:\/\/www.upscience-labs.com\/wp-content\/uploads\/2021\/10\/AdobeStock_29631053-scaled.jpeg","datePublished":"2021-10-01T08:05:39+00:00","dateModified":"2023-10-24T10:43:38+00:00","description":"La contamination par des m\u00e9taux lourds un enjeu majeur pour la s\u00e9curit\u00e9 sanitaire des aliments et mati\u00e8res premi\u00e8res.","breadcrumb":{"@id":"https:\/\/www.upscience-labs.com\/fr\/blog\/contamination-par-les-metaux-lourds\/#breadcrumb"},"inLanguage":"fr-FR","potentialAction":[{"@type":"ReadAction","target":["https:\/\/www.upscience-labs.com\/fr\/blog\/contamination-par-les-metaux-lourds\/"]}]},{"@type":"ImageObject","inLanguage":"fr-FR","@id":"https:\/\/www.upscience-labs.com\/fr\/blog\/contamination-par-les-metaux-lourds\/#primaryimage","url":"https:\/\/www.upscience-labs.com\/wp-content\/uploads\/2021\/10\/AdobeStock_29631053-scaled.jpeg","contentUrl":"https:\/\/www.upscience-labs.com\/wp-content\/uploads\/2021\/10\/AdobeStock_29631053-scaled.jpeg","width":2560,"height":2063,"caption":"contamination m\u00e9taux lourds"},{"@type":"BreadcrumbList","@id":"https:\/\/www.upscience-labs.com\/fr\/blog\/contamination-par-les-metaux-lourds\/#breadcrumb","itemListElement":[{"@type":"ListItem","position":1,"name":"Home","item":"https:\/\/www.upscience-labs.com\/fr\/"},{"@type":"ListItem","position":2,"name":"BLOG","item":"https:\/\/www.upscience-labs.com\/fr\/blog\/"},{"@type":"ListItem","position":3,"name":"Contamination par les m\u00e9taux Lourds"}]},{"@type":"WebSite","@id":"https:\/\/www.upscience-labs.com\/#website","url":"https:\/\/www.upscience-labs.com\/","name":"Upscience","description":"Labs Solutions","potentialAction":[{"@type":"SearchAction","target":{"@type":"EntryPoint","urlTemplate":"https:\/\/www.upscience-labs.com\/?s={search_term_string}"},"query-input":{"@type":"PropertyValueSpecification","valueRequired":true,"valueName":"search_term_string"}}],"inLanguage":"fr-FR"}]}},"_links":{"self":[{"href":"https:\/\/www.upscience-labs.com\/fr\/wp-json\/wp\/v2\/pages\/5031","targetHints":{"allow":["GET"]}}],"collection":[{"href":"https:\/\/www.upscience-labs.com\/fr\/wp-json\/wp\/v2\/pages"}],"about":[{"href":"https:\/\/www.upscience-labs.com\/fr\/wp-json\/wp\/v2\/types\/page"}],"author":[{"embeddable":true,"href":"https:\/\/www.upscience-labs.com\/fr\/wp-json\/wp\/v2\/users\/27"}],"replies":[{"embeddable":true,"href":"https:\/\/www.upscience-labs.com\/fr\/wp-json\/wp\/v2\/comments?post=5031"}],"version-history":[{"count":5,"href":"https:\/\/www.upscience-labs.com\/fr\/wp-json\/wp\/v2\/pages\/5031\/revisions"}],"predecessor-version":[{"id":6422,"href":"https:\/\/www.upscience-labs.com\/fr\/wp-json\/wp\/v2\/pages\/5031\/revisions\/6422"}],"up":[{"embeddable":true,"href":"https:\/\/www.upscience-labs.com\/fr\/wp-json\/wp\/v2\/pages\/5586"}],"wp:featuredmedia":[{"embeddable":true,"href":"https:\/\/www.upscience-labs.com\/fr\/wp-json\/wp\/v2\/media\/5034"}],"wp:attachment":[{"href":"https:\/\/www.upscience-labs.com\/fr\/wp-json\/wp\/v2\/media?parent=5031"}],"curies":[{"name":"wp","href":"https:\/\/api.w.org\/{rel}","templated":true}]}}