{"id":4375,"date":"2021-04-23T19:12:23","date_gmt":"2021-04-23T17:12:23","guid":{"rendered":"https:\/\/www.upscience-labs.com\/?page_id=4375"},"modified":"2021-07-09T14:55:01","modified_gmt":"2021-07-09T12:55:01","slug":"support-client","status":"publish","type":"page","link":"https:\/\/www.upscience-labs.com\/fr\/services-laboratoire-upscience\/support-client\/","title":{"rendered":"Support client"},"content":{"rendered":"<h2>Portail client<\/h2>\n<p>Upscience propose \u00e0 ses clients la <strong>consultation en ligne<\/strong> 24H\/24 sur un site s\u00e9curis\u00e9 \u00e0 l\u2019aide d\u2019une connexion internet de leurs r\u00e9sultats d\u2019analyse.<\/p>\n<p>Ce portail permet :<br \/>\n\u2022 de suivre la prise en charge de votre \u00e9chantillon et de sa progression<br \/>\n\u2022 d\u2019acc\u00e9der \u00e0 l\u2019historique des r\u00e9sultats<br \/>\n\u2022 d\u2019acc\u00e9der aux r\u00e9sultats partiels<br \/>\n\u2022 d\u2019 exporter les donn\u00e9es sous diff\u00e9rents formats (csv, pdf, xml) via des recherches multicrit\u00e8res<\/p>\n<p>Pour obtenir un acc\u00e8s, rendez-vous sur <a href=\"https:\/\/moncompte-fr.upscience-labs.com\/inscription_1.php\">https:\/\/moncompte-fr.upscience-labs.com\/inscription_1.php<\/a> (r\u00e9serv\u00e9 aux clients du laboratoire Upscience).<\/p>\n<h2>Logistique<\/h2>\n<p>Notre laboratoire dispose d&rsquo;une offre de transport &amp; collecte en magasin ou plateforme logistique pour l&rsquo;acheminement de vos \u00e9chantillons au laboratoire.<\/p>\n","protected":false},"excerpt":{"rendered":"<p>Portail client Upscience propose \u00e0 ses clients la consultation en ligne 24H\/24 sur un site s\u00e9curis\u00e9 \u00e0 l\u2019aide d\u2019une connexion internet de leurs r\u00e9sultats d\u2019analyse. Ce portail permet : \u2022 de suivre la prise en charge de votre \u00e9chantillon et de sa progression \u2022 d\u2019acc\u00e9der \u00e0 l\u2019historique des r\u00e9sultats \u2022 d\u2019acc\u00e9der aux r\u00e9sultats partiels \u2022 &hellip; <\/p>\n<div class=\"vc_btn3-container vc_btn3-right\"><a class=\"vc_general vc_btn3 vc_btn3-size-xs vc_btn3-shape-round vc_btn3-color-bleu more-link\" href=\"https:\/\/www.upscience-labs.com\/fr\/services-laboratoire-upscience\/support-client\/\">Read More<\/a><\/div>\n","protected":false},"author":22,"featured_media":0,"parent":2077,"menu_order":0,"comment_status":"closed","ping_status":"closed","template":"template-interieur.php","meta":{"_acf_changed":false,"footnotes":""},"class_list":["post-4375","page","type-page","status-publish","hentry"],"acf":[],"yoast_head":"<!-- This site is optimized with the Yoast SEO plugin v27.4 - https:\/\/yoast.com\/product\/yoast-seo-wordpress\/ -->\n<title>Support client - R\u00e9seau de laboratoire - Upscience<\/title>\n<meta name=\"description\" content=\"Acc\u00e9dez au portail client du laboratoire Upscience pour la consultation 24 H\/24 de vos r\u00e9sultats d\u2019analyses.\" \/>\n<meta name=\"robots\" content=\"index, follow, max-snippet:-1, max-image-preview:large, max-video-preview:-1\" \/>\n<link rel=\"canonical\" href=\"https:\/\/www.upscience-labs.com\/fr\/services-laboratoire-upscience\/support-client\/\" \/>\n<meta property=\"og:locale\" content=\"fr_FR\" \/>\n<meta property=\"og:type\" content=\"article\" \/>\n<meta property=\"og:title\" content=\"Support client - R\u00e9seau de laboratoire - Upscience\" \/>\n<meta property=\"og:description\" content=\"Acc\u00e9dez au portail client du laboratoire Upscience pour la consultation 24 H\/24 de vos r\u00e9sultats d\u2019analyses.\" \/>\n<meta property=\"og:url\" content=\"https:\/\/www.upscience-labs.com\/fr\/services-laboratoire-upscience\/support-client\/\" \/>\n<meta property=\"og:site_name\" content=\"Upscience\" \/>\n<meta property=\"article:modified_time\" content=\"2021-07-09T12:55:01+00:00\" \/>\n<meta name=\"twitter:card\" content=\"summary_large_image\" \/>\n<meta name=\"twitter:label1\" content=\"Dur\u00e9e de lecture estim\u00e9e\" \/>\n\t<meta name=\"twitter:data1\" content=\"1 minute\" \/>\n<script type=\"application\/ld+json\" class=\"yoast-schema-graph\">{\"@context\":\"https:\\\/\\\/schema.org\",\"@graph\":[{\"@type\":\"WebPage\",\"@id\":\"https:\\\/\\\/www.upscience-labs.com\\\/fr\\\/services-laboratoire-upscience\\\/support-client\\\/\",\"url\":\"https:\\\/\\\/www.upscience-labs.com\\\/fr\\\/services-laboratoire-upscience\\\/support-client\\\/\",\"name\":\"Support client - R\u00e9seau de laboratoire - Upscience\",\"isPartOf\":{\"@id\":\"https:\\\/\\\/www.upscience-labs.com\\\/#website\"},\"datePublished\":\"2021-04-23T17:12:23+00:00\",\"dateModified\":\"2021-07-09T12:55:01+00:00\",\"description\":\"Acc\u00e9dez au portail client du laboratoire Upscience pour la consultation 24 H\\\/24 de vos r\u00e9sultats d\u2019analyses.\",\"breadcrumb\":{\"@id\":\"https:\\\/\\\/www.upscience-labs.com\\\/fr\\\/services-laboratoire-upscience\\\/support-client\\\/#breadcrumb\"},\"inLanguage\":\"fr-FR\",\"potentialAction\":[{\"@type\":\"ReadAction\",\"target\":[\"https:\\\/\\\/www.upscience-labs.com\\\/fr\\\/services-laboratoire-upscience\\\/support-client\\\/\"]}]},{\"@type\":\"BreadcrumbList\",\"@id\":\"https:\\\/\\\/www.upscience-labs.com\\\/fr\\\/services-laboratoire-upscience\\\/support-client\\\/#breadcrumb\",\"itemListElement\":[{\"@type\":\"ListItem\",\"position\":1,\"name\":\"Home\",\"item\":\"https:\\\/\\\/www.upscience-labs.com\\\/fr\\\/\"},{\"@type\":\"ListItem\",\"position\":2,\"name\":\"Services\",\"item\":\"https:\\\/\\\/www.upscience-labs.com\\\/fr\\\/services-laboratoire-upscience\\\/\"},{\"@type\":\"ListItem\",\"position\":3,\"name\":\"Support client\"}]},{\"@type\":\"WebSite\",\"@id\":\"https:\\\/\\\/www.upscience-labs.com\\\/#website\",\"url\":\"https:\\\/\\\/www.upscience-labs.com\\\/\",\"name\":\"Upscience\",\"description\":\"Labs Solutions\",\"potentialAction\":[{\"@type\":\"SearchAction\",\"target\":{\"@type\":\"EntryPoint\",\"urlTemplate\":\"https:\\\/\\\/www.upscience-labs.com\\\/?s={search_term_string}\"},\"query-input\":{\"@type\":\"PropertyValueSpecification\",\"valueRequired\":true,\"valueName\":\"search_term_string\"}}],\"inLanguage\":\"fr-FR\"}]}<\/script>\n<!-- \/ Yoast SEO plugin. -->","yoast_head_json":{"title":"Support client - R\u00e9seau de laboratoire - Upscience","description":"Acc\u00e9dez au portail client du laboratoire Upscience pour la consultation 24 H\/24 de vos r\u00e9sultats d\u2019analyses.","robots":{"index":"index","follow":"follow","max-snippet":"max-snippet:-1","max-image-preview":"max-image-preview:large","max-video-preview":"max-video-preview:-1"},"canonical":"https:\/\/www.upscience-labs.com\/fr\/services-laboratoire-upscience\/support-client\/","og_locale":"fr_FR","og_type":"article","og_title":"Support client - R\u00e9seau de laboratoire - Upscience","og_description":"Acc\u00e9dez au portail client du laboratoire Upscience pour la consultation 24 H\/24 de vos r\u00e9sultats d\u2019analyses.","og_url":"https:\/\/www.upscience-labs.com\/fr\/services-laboratoire-upscience\/support-client\/","og_site_name":"Upscience","article_modified_time":"2021-07-09T12:55:01+00:00","twitter_card":"summary_large_image","twitter_misc":{"Dur\u00e9e de lecture estim\u00e9e":"1 minute"},"schema":{"@context":"https:\/\/schema.org","@graph":[{"@type":"WebPage","@id":"https:\/\/www.upscience-labs.com\/fr\/services-laboratoire-upscience\/support-client\/","url":"https:\/\/www.upscience-labs.com\/fr\/services-laboratoire-upscience\/support-client\/","name":"Support client - R\u00e9seau de laboratoire - Upscience","isPartOf":{"@id":"https:\/\/www.upscience-labs.com\/#website"},"datePublished":"2021-04-23T17:12:23+00:00","dateModified":"2021-07-09T12:55:01+00:00","description":"Acc\u00e9dez au portail client du laboratoire Upscience pour la consultation 24 H\/24 de vos r\u00e9sultats d\u2019analyses.","breadcrumb":{"@id":"https:\/\/www.upscience-labs.com\/fr\/services-laboratoire-upscience\/support-client\/#breadcrumb"},"inLanguage":"fr-FR","potentialAction":[{"@type":"ReadAction","target":["https:\/\/www.upscience-labs.com\/fr\/services-laboratoire-upscience\/support-client\/"]}]},{"@type":"BreadcrumbList","@id":"https:\/\/www.upscience-labs.com\/fr\/services-laboratoire-upscience\/support-client\/#breadcrumb","itemListElement":[{"@type":"ListItem","position":1,"name":"Home","item":"https:\/\/www.upscience-labs.com\/fr\/"},{"@type":"ListItem","position":2,"name":"Services","item":"https:\/\/www.upscience-labs.com\/fr\/services-laboratoire-upscience\/"},{"@type":"ListItem","position":3,"name":"Support client"}]},{"@type":"WebSite","@id":"https:\/\/www.upscience-labs.com\/#website","url":"https:\/\/www.upscience-labs.com\/","name":"Upscience","description":"Labs Solutions","potentialAction":[{"@type":"SearchAction","target":{"@type":"EntryPoint","urlTemplate":"https:\/\/www.upscience-labs.com\/?s={search_term_string}"},"query-input":{"@type":"PropertyValueSpecification","valueRequired":true,"valueName":"search_term_string"}}],"inLanguage":"fr-FR"}]}},"_links":{"self":[{"href":"https:\/\/www.upscience-labs.com\/fr\/wp-json\/wp\/v2\/pages\/4375","targetHints":{"allow":["GET"]}}],"collection":[{"href":"https:\/\/www.upscience-labs.com\/fr\/wp-json\/wp\/v2\/pages"}],"about":[{"href":"https:\/\/www.upscience-labs.com\/fr\/wp-json\/wp\/v2\/types\/page"}],"author":[{"embeddable":true,"href":"https:\/\/www.upscience-labs.com\/fr\/wp-json\/wp\/v2\/users\/22"}],"replies":[{"embeddable":true,"href":"https:\/\/www.upscience-labs.com\/fr\/wp-json\/wp\/v2\/comments?post=4375"}],"version-history":[{"count":1,"href":"https:\/\/www.upscience-labs.com\/fr\/wp-json\/wp\/v2\/pages\/4375\/revisions"}],"predecessor-version":[{"id":4376,"href":"https:\/\/www.upscience-labs.com\/fr\/wp-json\/wp\/v2\/pages\/4375\/revisions\/4376"}],"up":[{"embeddable":true,"href":"https:\/\/www.upscience-labs.com\/fr\/wp-json\/wp\/v2\/pages\/2077"}],"wp:attachment":[{"href":"https:\/\/www.upscience-labs.com\/fr\/wp-json\/wp\/v2\/media?parent=4375"}],"curies":[{"name":"wp","href":"https:\/\/api.w.org\/{rel}","templated":true}]}}