{"id":2093,"date":"2017-09-13T16:30:37","date_gmt":"2017-09-13T14:30:37","guid":{"rendered":"https:\/\/www.upscience-labs.com\/industries\/nutrition-animale\/"},"modified":"2024-02-28T09:30:47","modified_gmt":"2024-02-28T08:30:47","slug":"nutrition-animale","status":"publish","type":"page","link":"https:\/\/www.upscience-labs.com\/fr\/secteurs-dactivites-upscience\/nutrition-animale\/","title":{"rendered":"Nutrition animale"},"content":{"rendered":"<div class=\"wpb-content-wrapper\"><p>[vc_row][vc_column][vc_column_text]<\/p>\n<h2>L\u2019importance de l\u2019alimentation<\/h2>\n<p>L\u2019importance de l\u2019alimentation des animaux ne doit pas \u00eatre sous-estim\u00e9e car la qualit\u00e9 et la quantit\u00e9 de la production en \u00e9levage sont largement influenc\u00e9es par la nourriture consomm\u00e9e par les animaux . En effet, <strong>une alimentation <\/strong>\u00e9quilibr\u00e9e et appropri\u00e9e permet aux \u00e9leveurs d\u2019optimiser les performances zootechniques.<\/p>\n<h2>R\u00e8glementation<\/h2>\n<p>Selon le r\u00e8glement <a href=\"https:\/\/eur-lex.europa.eu\/LexUriServ\/LexUriServ.do?uri=OJ:L:2009:229:0001:0028:FR:PDF\" target=\"_blank\" rel=\"noopener\">767\/2009\/CE<\/a>, les aliments pour animaux sont encadr\u00e9s par des\u00a0<strong>exigences r\u00e9glementaires<\/strong>\u00a0qui imposent aux industriels du secteur de la nutrition animale d\u2019effectuer des analyses de contr\u00f4le de leurs produits pour le bien-\u00eatre et la sant\u00e9 des animaux. Pour ce qui concerne les exigences g\u00e9n\u00e9rales, le texte met en \u00e9vidence la n\u00e9cessit\u00e9 pour les fabricants d\u2019avoir un produit s\u00fbr et sans effets n\u00e9gatifs sur les animaux ou l\u2019environnement.<\/p>\n<p>En outre, les producteurs sont responsables de l\u2019\u00e9tiquetage et de l\u2019emballage de son \u00a0produit. En effet, Le r\u00e8glement liste aussi les principes d\u2019\u00e9tiquetage \u00e0 respecter bas\u00e9s sur trois piliers\u00a0: composition, tra\u00e7abilit\u00e9 et utilisation.<\/p>\n<h2>Notre offre<\/h2>\n<p>Le r\u00e9seau de laboratoires Upscience est partenaire depuis plus de 60 ans des acteurs de la <strong>nutrition animale<\/strong> (les coop\u00e9ratives, les agriculteurs, les industriels) dans le contr\u00f4le de la qualit\u00e9 de leurs mati\u00e8res premi\u00e8res et de leurs produits finis pour satisfaire aux obligations tant r\u00e9glementaires ou de certification que des cahiers des charges :<\/p>\n<p>Le laboratoire Upscience propose une large gamme <strong>d\u2019analyse des produits d\u2019origine animale<\/strong> ou v\u00e9g\u00e9tale destin\u00e9s \u00e0 <strong>l\u2019alimentation animale<\/strong> afin de permettre aux fabricants :<\/p>\n<ul>\n<li>de s\u2019assurer de l\u2019authenticit\u00e9 de l\u2019esp\u00e8ce utilis\u00e9e lors de la formulation ou de la transformation\u00a0: <a href=\"https:\/\/www.adgene.fr\/analyses\/identification-despeces\/\" target=\"_blank\" rel=\"noopener\">identification d\u2019esp\u00e8ces;<\/a><\/li>\n<li>de juger la s\u00e9curit\u00e9 sanitaire des produits avant la distribution : <a href=\"https:\/\/www.adgene.fr\/analyses\/analyse-microbiologique\/\" target=\"_blank\" rel=\"noopener\">analyses microbiologiques<\/a> des microorganismes pathog\u00e8nes (<em>salmonella<\/em>, <em>listeria<\/em>, flore de contamination\u2026);<\/li>\n<li>de contr\u00f4ler l\u2019absence de substances ind\u00e9sirables : <a href=\"https:\/\/www.adgene.fr\/analyses\/ogm\/\" target=\"_blank\" rel=\"noopener\">OGM<\/a>, allerg\u00e8nes\u2026;<\/li>\n<li>de v\u00e9rifier la formulation de leurs produits pour en am\u00e9liorer les <strong>qualit\u00e9s nutritionnelles<\/strong> et <strong>organoleptiques;<\/strong><\/li>\n<li>de v\u00e9rifier les \u00e9tiquetages et les informations nutritionnelles des produits finis.<\/li>\n<\/ul>\n<p>Nous sommes en capacit\u00e9 d\u2019analyser diff\u00e9rentes matrices comme :<\/p>\n<ul>\n<li>l\u2019eau,<\/li>\n<li>les c\u00e9r\u00e9ales,<\/li>\n<li>les fourrages,<\/li>\n<li>les aliments complets, aliments compl\u00e9mentaires et les premix<\/li>\n<li>les insectes<\/li>\n<\/ul>\n<p>Cette liste est non exhaustive.[\/vc_column_text][\/vc_column][\/vc_row][vc_row][vc_column][vc_column_text][\/vc_column_text][\/vc_column][\/vc_row]<\/p>\n<\/div>","protected":false},"excerpt":{"rendered":"<p>[vc_row][vc_column][vc_column_text] L\u2019importance de l\u2019alimentation L\u2019importance de l\u2019alimentation des animaux ne doit pas \u00eatre sous-estim\u00e9e car la qualit\u00e9 et la quantit\u00e9 de la production en \u00e9levage sont largement influenc\u00e9es par la nourriture consomm\u00e9e par les animaux . En effet, une alimentation \u00e9quilibr\u00e9e et appropri\u00e9e permet aux \u00e9leveurs d\u2019optimiser les performances zootechniques. R\u00e8glementation Selon le r\u00e8glement 767\/2009\/CE, &hellip; <\/p>\n<div class=\"vc_btn3-container vc_btn3-right\"><a class=\"vc_general vc_btn3 vc_btn3-size-xs vc_btn3-shape-round vc_btn3-color-bleu more-link\" href=\"https:\/\/www.upscience-labs.com\/fr\/secteurs-dactivites-upscience\/nutrition-animale\/\">Read More<\/a><\/div>\n","protected":false},"author":22,"featured_media":995,"parent":2088,"menu_order":420,"comment_status":"closed","ping_status":"closed","template":"template-interieur.php","meta":{"_acf_changed":false,"footnotes":""},"class_list":["post-2093","page","type-page","status-publish","has-post-thumbnail","hentry"],"acf":[],"yoast_head":"<!-- This site is optimized with the Yoast SEO plugin v27.5 - https:\/\/yoast.com\/product\/yoast-seo-wordpress\/ -->\n<title>Nutrition animale| R\u00e9seau de laboratoires - Upscience<\/title>\n<meta name=\"description\" content=\"Upscience accompagne depuis plus de 60 ans les acteurs de la nutrition animale en proposant une large gamme de prestations analytiques.\" \/>\n<meta name=\"robots\" content=\"index, follow, max-snippet:-1, max-image-preview:large, max-video-preview:-1\" \/>\n<link rel=\"canonical\" href=\"https:\/\/www.upscience-labs.com\/fr\/secteurs-dactivites-upscience\/nutrition-animale\/\" \/>\n<meta property=\"og:locale\" content=\"fr_FR\" \/>\n<meta property=\"og:type\" content=\"article\" \/>\n<meta property=\"og:title\" content=\"Nutrition animale| R\u00e9seau de laboratoires - Upscience\" \/>\n<meta property=\"og:description\" content=\"Upscience accompagne depuis plus de 60 ans les acteurs de la nutrition animale en proposant une large gamme de prestations analytiques.\" \/>\n<meta property=\"og:url\" content=\"https:\/\/www.upscience-labs.com\/fr\/secteurs-dactivites-upscience\/nutrition-animale\/\" \/>\n<meta property=\"og:site_name\" content=\"Upscience\" \/>\n<meta property=\"article:modified_time\" content=\"2024-02-28T08:30:47+00:00\" \/>\n<meta property=\"og:image\" content=\"https:\/\/www.upscience-labs.com\/wp-content\/uploads\/2017\/08\/feed-1920-600.jpg\" \/>\n\t<meta property=\"og:image:width\" content=\"1920\" \/>\n\t<meta property=\"og:image:height\" content=\"600\" \/>\n\t<meta property=\"og:image:type\" content=\"image\/jpeg\" \/>\n<meta name=\"twitter:card\" content=\"summary_large_image\" \/>\n<meta name=\"twitter:label1\" content=\"Dur\u00e9e de lecture estim\u00e9e\" \/>\n\t<meta name=\"twitter:data1\" content=\"1 minute\" \/>\n<script type=\"application\/ld+json\" class=\"yoast-schema-graph\">{\"@context\":\"https:\\\/\\\/schema.org\",\"@graph\":[{\"@type\":\"WebPage\",\"@id\":\"https:\\\/\\\/www.upscience-labs.com\\\/fr\\\/secteurs-dactivites-upscience\\\/nutrition-animale\\\/\",\"url\":\"https:\\\/\\\/www.upscience-labs.com\\\/fr\\\/secteurs-dactivites-upscience\\\/nutrition-animale\\\/\",\"name\":\"Nutrition animale| R\u00e9seau de laboratoires - Upscience\",\"isPartOf\":{\"@id\":\"https:\\\/\\\/www.upscience-labs.com\\\/#website\"},\"primaryImageOfPage\":{\"@id\":\"https:\\\/\\\/www.upscience-labs.com\\\/fr\\\/secteurs-dactivites-upscience\\\/nutrition-animale\\\/#primaryimage\"},\"image\":{\"@id\":\"https:\\\/\\\/www.upscience-labs.com\\\/fr\\\/secteurs-dactivites-upscience\\\/nutrition-animale\\\/#primaryimage\"},\"thumbnailUrl\":\"https:\\\/\\\/www.upscience-labs.com\\\/wp-content\\\/uploads\\\/2017\\\/08\\\/feed-1920-600.jpg\",\"datePublished\":\"2017-09-13T14:30:37+00:00\",\"dateModified\":\"2024-02-28T08:30:47+00:00\",\"description\":\"Upscience accompagne depuis plus de 60 ans les acteurs de la nutrition animale en proposant une large gamme de prestations analytiques.\",\"breadcrumb\":{\"@id\":\"https:\\\/\\\/www.upscience-labs.com\\\/fr\\\/secteurs-dactivites-upscience\\\/nutrition-animale\\\/#breadcrumb\"},\"inLanguage\":\"fr-FR\",\"potentialAction\":[{\"@type\":\"ReadAction\",\"target\":[\"https:\\\/\\\/www.upscience-labs.com\\\/fr\\\/secteurs-dactivites-upscience\\\/nutrition-animale\\\/\"]}]},{\"@type\":\"ImageObject\",\"inLanguage\":\"fr-FR\",\"@id\":\"https:\\\/\\\/www.upscience-labs.com\\\/fr\\\/secteurs-dactivites-upscience\\\/nutrition-animale\\\/#primaryimage\",\"url\":\"https:\\\/\\\/www.upscience-labs.com\\\/wp-content\\\/uploads\\\/2017\\\/08\\\/feed-1920-600.jpg\",\"contentUrl\":\"https:\\\/\\\/www.upscience-labs.com\\\/wp-content\\\/uploads\\\/2017\\\/08\\\/feed-1920-600.jpg\",\"width\":1920,\"height\":600},{\"@type\":\"BreadcrumbList\",\"@id\":\"https:\\\/\\\/www.upscience-labs.com\\\/fr\\\/secteurs-dactivites-upscience\\\/nutrition-animale\\\/#breadcrumb\",\"itemListElement\":[{\"@type\":\"ListItem\",\"position\":1,\"name\":\"Home\",\"item\":\"https:\\\/\\\/www.upscience-labs.com\\\/fr\\\/\"},{\"@type\":\"ListItem\",\"position\":2,\"name\":\"Industries\",\"item\":\"https:\\\/\\\/www.upscience-labs.com\\\/fr\\\/secteurs-dactivites-upscience\\\/\"},{\"@type\":\"ListItem\",\"position\":3,\"name\":\"Nutrition animale\"}]},{\"@type\":\"WebSite\",\"@id\":\"https:\\\/\\\/www.upscience-labs.com\\\/#website\",\"url\":\"https:\\\/\\\/www.upscience-labs.com\\\/\",\"name\":\"Upscience\",\"description\":\"Labs Solutions\",\"potentialAction\":[{\"@type\":\"SearchAction\",\"target\":{\"@type\":\"EntryPoint\",\"urlTemplate\":\"https:\\\/\\\/www.upscience-labs.com\\\/?s={search_term_string}\"},\"query-input\":{\"@type\":\"PropertyValueSpecification\",\"valueRequired\":true,\"valueName\":\"search_term_string\"}}],\"inLanguage\":\"fr-FR\"}]}<\/script>\n<!-- \/ Yoast SEO plugin. -->","yoast_head_json":{"title":"Nutrition animale| R\u00e9seau de laboratoires - Upscience","description":"Upscience accompagne depuis plus de 60 ans les acteurs de la nutrition animale en proposant une large gamme de prestations analytiques.","robots":{"index":"index","follow":"follow","max-snippet":"max-snippet:-1","max-image-preview":"max-image-preview:large","max-video-preview":"max-video-preview:-1"},"canonical":"https:\/\/www.upscience-labs.com\/fr\/secteurs-dactivites-upscience\/nutrition-animale\/","og_locale":"fr_FR","og_type":"article","og_title":"Nutrition animale| R\u00e9seau de laboratoires - Upscience","og_description":"Upscience accompagne depuis plus de 60 ans les acteurs de la nutrition animale en proposant une large gamme de prestations analytiques.","og_url":"https:\/\/www.upscience-labs.com\/fr\/secteurs-dactivites-upscience\/nutrition-animale\/","og_site_name":"Upscience","article_modified_time":"2024-02-28T08:30:47+00:00","og_image":[{"width":1920,"height":600,"url":"https:\/\/www.upscience-labs.com\/wp-content\/uploads\/2017\/08\/feed-1920-600.jpg","type":"image\/jpeg"}],"twitter_card":"summary_large_image","twitter_misc":{"Dur\u00e9e de lecture estim\u00e9e":"1 minute"},"schema":{"@context":"https:\/\/schema.org","@graph":[{"@type":"WebPage","@id":"https:\/\/www.upscience-labs.com\/fr\/secteurs-dactivites-upscience\/nutrition-animale\/","url":"https:\/\/www.upscience-labs.com\/fr\/secteurs-dactivites-upscience\/nutrition-animale\/","name":"Nutrition animale| R\u00e9seau de laboratoires - Upscience","isPartOf":{"@id":"https:\/\/www.upscience-labs.com\/#website"},"primaryImageOfPage":{"@id":"https:\/\/www.upscience-labs.com\/fr\/secteurs-dactivites-upscience\/nutrition-animale\/#primaryimage"},"image":{"@id":"https:\/\/www.upscience-labs.com\/fr\/secteurs-dactivites-upscience\/nutrition-animale\/#primaryimage"},"thumbnailUrl":"https:\/\/www.upscience-labs.com\/wp-content\/uploads\/2017\/08\/feed-1920-600.jpg","datePublished":"2017-09-13T14:30:37+00:00","dateModified":"2024-02-28T08:30:47+00:00","description":"Upscience accompagne depuis plus de 60 ans les acteurs de la nutrition animale en proposant une large gamme de prestations analytiques.","breadcrumb":{"@id":"https:\/\/www.upscience-labs.com\/fr\/secteurs-dactivites-upscience\/nutrition-animale\/#breadcrumb"},"inLanguage":"fr-FR","potentialAction":[{"@type":"ReadAction","target":["https:\/\/www.upscience-labs.com\/fr\/secteurs-dactivites-upscience\/nutrition-animale\/"]}]},{"@type":"ImageObject","inLanguage":"fr-FR","@id":"https:\/\/www.upscience-labs.com\/fr\/secteurs-dactivites-upscience\/nutrition-animale\/#primaryimage","url":"https:\/\/www.upscience-labs.com\/wp-content\/uploads\/2017\/08\/feed-1920-600.jpg","contentUrl":"https:\/\/www.upscience-labs.com\/wp-content\/uploads\/2017\/08\/feed-1920-600.jpg","width":1920,"height":600},{"@type":"BreadcrumbList","@id":"https:\/\/www.upscience-labs.com\/fr\/secteurs-dactivites-upscience\/nutrition-animale\/#breadcrumb","itemListElement":[{"@type":"ListItem","position":1,"name":"Home","item":"https:\/\/www.upscience-labs.com\/fr\/"},{"@type":"ListItem","position":2,"name":"Industries","item":"https:\/\/www.upscience-labs.com\/fr\/secteurs-dactivites-upscience\/"},{"@type":"ListItem","position":3,"name":"Nutrition animale"}]},{"@type":"WebSite","@id":"https:\/\/www.upscience-labs.com\/#website","url":"https:\/\/www.upscience-labs.com\/","name":"Upscience","description":"Labs Solutions","potentialAction":[{"@type":"SearchAction","target":{"@type":"EntryPoint","urlTemplate":"https:\/\/www.upscience-labs.com\/?s={search_term_string}"},"query-input":{"@type":"PropertyValueSpecification","valueRequired":true,"valueName":"search_term_string"}}],"inLanguage":"fr-FR"}]}},"_links":{"self":[{"href":"https:\/\/www.upscience-labs.com\/fr\/wp-json\/wp\/v2\/pages\/2093","targetHints":{"allow":["GET"]}}],"collection":[{"href":"https:\/\/www.upscience-labs.com\/fr\/wp-json\/wp\/v2\/pages"}],"about":[{"href":"https:\/\/www.upscience-labs.com\/fr\/wp-json\/wp\/v2\/types\/page"}],"author":[{"embeddable":true,"href":"https:\/\/www.upscience-labs.com\/fr\/wp-json\/wp\/v2\/users\/22"}],"replies":[{"embeddable":true,"href":"https:\/\/www.upscience-labs.com\/fr\/wp-json\/wp\/v2\/comments?post=2093"}],"version-history":[{"count":5,"href":"https:\/\/www.upscience-labs.com\/fr\/wp-json\/wp\/v2\/pages\/2093\/revisions"}],"predecessor-version":[{"id":6480,"href":"https:\/\/www.upscience-labs.com\/fr\/wp-json\/wp\/v2\/pages\/2093\/revisions\/6480"}],"up":[{"embeddable":true,"href":"https:\/\/www.upscience-labs.com\/fr\/wp-json\/wp\/v2\/pages\/2088"}],"wp:featuredmedia":[{"embeddable":true,"href":"https:\/\/www.upscience-labs.com\/fr\/wp-json\/wp\/v2\/media\/995"}],"wp:attachment":[{"href":"https:\/\/www.upscience-labs.com\/fr\/wp-json\/wp\/v2\/media?parent=2093"}],"curies":[{"name":"wp","href":"https:\/\/api.w.org\/{rel}","templated":true}]}}