{"id":2091,"date":"2017-09-13T16:29:59","date_gmt":"2017-09-13T14:29:59","guid":{"rendered":"https:\/\/www.upscience-labs.com\/industries\/agroalimentaire\/"},"modified":"2022-12-21T12:36:44","modified_gmt":"2022-12-21T11:36:44","slug":"agroalimentaire","status":"publish","type":"page","link":"https:\/\/www.upscience-labs.com\/fr\/secteurs-dactivites-upscience\/agroalimentaire\/","title":{"rendered":"Agroalimentaire"},"content":{"rendered":"<div class=\"wpb-content-wrapper\"><p>[vc_row][vc_column][vc_column_text]<\/p>\n<h2>Les enjeux<\/h2>\n<p>Le principale d\u00e9fi pour les industries alimentaires et les producteurs est de respecter toutes les directives li\u00e9es \u00e0 l\u2019aspect sanitaire afin de fournir des produits alimentaires s\u00fbrs. Dans ce cadre, les <strong>contr\u00f4les alimentaires <\/strong>sur les denr\u00e9es alimentaires sont d\u2019une forte importance.<\/p>\n<h2>Les r\u00e9glementations de la fili\u00e8re agroalimentaire<\/h2>\n<p>La fili\u00e8re <strong>agroalimentaire<\/strong>\u00a0est r\u00e9gie par un ensemble de r\u00e8glements europ\u00e9ens dits \u201c<a href=\"https:\/\/agriculture.gouv.fr\/la-reglementation-sur-lhygiene-des-aliments\" target=\"_blank\" rel=\"noopener\">paquet d\u2019hygi\u00e8ne<\/a>\u201d directement applicable par tous les \u00e9tats membres. Ces r\u00e8glements prennent en compte tout le processus de production depuis la r\u00e9ception des mati\u00e8res premi\u00e8res jusqu\u2019\u00e0 la distribution du produit fini au dernier consommateur. Il s\u2019applique aux acteurs, aux exploitants, aux manipulateurs et m\u00eame aux enseignes de production et d\u2019entreposage des aliments. Il exige entre autres la mise en place des\u00a0<strong>principes HACCP<\/strong>\u00a0et guide de bonne pratique pour maitriser et r\u00e9duire les risques de\u00a0<strong>contamination microbiologique<\/strong>.<br \/>\nDes tests conformes aux r\u00e9glementations en rigueur viennent soutenir et aider \u00e0 \u00e9valuer la praticit\u00e9 du paquet d\u2019hygi\u00e8ne par les industriels de l\u2019agroalimentaire. Il s\u2019agit des\u00a0<strong>analyses de tra\u00e7abilit\u00e9<\/strong>, de recherche de la\u00a0<strong>qualit\u00e9 microbiologique<\/strong>\u00a0et des\u00a0<strong>pathologies d\u2019origine alimentaire<\/strong>.<\/p>\n<p>Quant aux enseignes de la\u00a0<a href=\"https:\/\/www.fcd.fr\/\" target=\"_blank\" rel=\"noopener\">FCD<\/a>\u00a0(F\u00e9d\u00e9ration du Commerce et de la Distribution), des r\u00e9f\u00e9rentiels comme\u00a0<strong>FSQS<\/strong>\u00a0(Food Store Quality Standard) et\u00a0<strong>IFS<\/strong>\u00a0(International Featured Standard) sont mis en place pour mieux ma\u00eetriser la s\u00e9curit\u00e9 sanitaire, la conformit\u00e9 r\u00e9glementaire des magasins et la chaine d\u2019approvisionnement dans le secteur alimentaire.<\/p>\n<h2>Notre offre<\/h2>\n<p>Grace \u00e0 leur large \u00e9ventail d\u2019analyses en analyses physico-chimiques, microbiologiques et en biologie mol\u00e9culaire, le r\u00e9seau des laboratoires Upsience accompagne les acteurs de l\u2019agroalimentaire dans leurs d\u00e9marches de:<\/p>\n<ul>\n<li><a href=\"https:\/\/www.upscience-labs.com\/fr\/analyses\/analyses-microbiologiques\/\" target=\"_blank\" rel=\"noopener\">Ma\u00eetrise du risque en hygi\u00e8ne<\/a> et<strong> s\u00e9curit\u00e9 alimentaires<\/strong> au travers de leurs plans de contr\u00f4le analytique<\/li>\n<li>Respect de la\u00a0<strong>r\u00e9glementation<\/strong>\u00a0(\u00e9tiquetage nutritionnel, all\u00e9gation sant\u00e9, conformit\u00e9 export\u2026)<\/li>\n<li>D\u00e9veloppement de nouveaux produits (<a href=\"https:\/\/www.upscience-labs.com\/fr\/analyses\/analyses-valeurs-nutritionnelles\/analyses-de-composition\/\" target=\"_blank\" rel=\"noopener\">Valeurs nutritionnelles<\/a> et <strong>caract\u00e9risation de composition, \u00e9tude de stabilit\u00e9 produit agroalimentaire<\/strong>)<\/li>\n<\/ul>\n<p>[\/vc_column_text][\/vc_column][\/vc_row]<\/p>\n<\/div>","protected":false},"excerpt":{"rendered":"<p>[vc_row][vc_column][vc_column_text] Les enjeux Le principale d\u00e9fi pour les industries alimentaires et les producteurs est de respecter toutes les directives li\u00e9es \u00e0 l\u2019aspect sanitaire afin de fournir des produits alimentaires s\u00fbrs. Dans ce cadre, les contr\u00f4les alimentaires sur les denr\u00e9es alimentaires sont d\u2019une forte importance. Les r\u00e9glementations de la fili\u00e8re agroalimentaire La fili\u00e8re agroalimentaire\u00a0est r\u00e9gie par &hellip; <\/p>\n<div class=\"vc_btn3-container vc_btn3-right\"><a class=\"vc_general vc_btn3 vc_btn3-size-xs vc_btn3-shape-round vc_btn3-color-bleu more-link\" href=\"https:\/\/www.upscience-labs.com\/fr\/secteurs-dactivites-upscience\/agroalimentaire\/\">Read More<\/a><\/div>\n","protected":false},"author":22,"featured_media":991,"parent":2088,"menu_order":410,"comment_status":"closed","ping_status":"closed","template":"template-interieur.php","meta":{"_acf_changed":false,"footnotes":""},"class_list":["post-2091","page","type-page","status-publish","has-post-thumbnail","hentry"],"acf":[],"yoast_head":"<!-- This site is optimized with the Yoast SEO plugin v27.5 - https:\/\/yoast.com\/product\/yoast-seo-wordpress\/ -->\n<title>Agroalimentaire| R\u00e9seau de laboratoires - Upscience<\/title>\n<meta name=\"description\" content=\"Les laboratoires Upsience accompagnent les acteurs de l\u2019agroalimentaire dans le contr\u00f4le qualit\u00e9 et le d\u00e9veloppement de leurs produits.\" \/>\n<meta name=\"robots\" content=\"index, follow, max-snippet:-1, max-image-preview:large, max-video-preview:-1\" \/>\n<link rel=\"canonical\" href=\"https:\/\/www.upscience-labs.com\/fr\/secteurs-dactivites-upscience\/agroalimentaire\/\" \/>\n<meta property=\"og:locale\" content=\"fr_FR\" \/>\n<meta property=\"og:type\" content=\"article\" \/>\n<meta property=\"og:title\" content=\"Agroalimentaire| R\u00e9seau de laboratoires - Upscience\" \/>\n<meta property=\"og:description\" content=\"Les laboratoires Upsience accompagnent les acteurs de l\u2019agroalimentaire dans le contr\u00f4le qualit\u00e9 et le d\u00e9veloppement de leurs produits.\" \/>\n<meta property=\"og:url\" content=\"https:\/\/www.upscience-labs.com\/fr\/secteurs-dactivites-upscience\/agroalimentaire\/\" \/>\n<meta property=\"og:site_name\" content=\"Upscience\" \/>\n<meta property=\"article:modified_time\" content=\"2022-12-21T11:36:44+00:00\" \/>\n<meta property=\"og:image\" content=\"https:\/\/www.upscience-labs.com\/wp-content\/uploads\/2017\/06\/food-1920-600.jpg\" \/>\n\t<meta property=\"og:image:width\" content=\"1920\" \/>\n\t<meta property=\"og:image:height\" content=\"600\" \/>\n\t<meta property=\"og:image:type\" content=\"image\/jpeg\" \/>\n<meta name=\"twitter:card\" content=\"summary_large_image\" \/>\n<meta name=\"twitter:label1\" content=\"Dur\u00e9e de lecture estim\u00e9e\" \/>\n\t<meta name=\"twitter:data1\" content=\"1 minute\" \/>\n<script type=\"application\/ld+json\" class=\"yoast-schema-graph\">{\"@context\":\"https:\\\/\\\/schema.org\",\"@graph\":[{\"@type\":\"WebPage\",\"@id\":\"https:\\\/\\\/www.upscience-labs.com\\\/fr\\\/secteurs-dactivites-upscience\\\/agroalimentaire\\\/\",\"url\":\"https:\\\/\\\/www.upscience-labs.com\\\/fr\\\/secteurs-dactivites-upscience\\\/agroalimentaire\\\/\",\"name\":\"Agroalimentaire| R\u00e9seau de laboratoires - Upscience\",\"isPartOf\":{\"@id\":\"https:\\\/\\\/www.upscience-labs.com\\\/#website\"},\"primaryImageOfPage\":{\"@id\":\"https:\\\/\\\/www.upscience-labs.com\\\/fr\\\/secteurs-dactivites-upscience\\\/agroalimentaire\\\/#primaryimage\"},\"image\":{\"@id\":\"https:\\\/\\\/www.upscience-labs.com\\\/fr\\\/secteurs-dactivites-upscience\\\/agroalimentaire\\\/#primaryimage\"},\"thumbnailUrl\":\"https:\\\/\\\/www.upscience-labs.com\\\/wp-content\\\/uploads\\\/2017\\\/06\\\/food-1920-600.jpg\",\"datePublished\":\"2017-09-13T14:29:59+00:00\",\"dateModified\":\"2022-12-21T11:36:44+00:00\",\"description\":\"Les laboratoires Upsience accompagnent les acteurs de l\u2019agroalimentaire dans le contr\u00f4le qualit\u00e9 et le d\u00e9veloppement de leurs produits.\",\"breadcrumb\":{\"@id\":\"https:\\\/\\\/www.upscience-labs.com\\\/fr\\\/secteurs-dactivites-upscience\\\/agroalimentaire\\\/#breadcrumb\"},\"inLanguage\":\"fr-FR\",\"potentialAction\":[{\"@type\":\"ReadAction\",\"target\":[\"https:\\\/\\\/www.upscience-labs.com\\\/fr\\\/secteurs-dactivites-upscience\\\/agroalimentaire\\\/\"]}]},{\"@type\":\"ImageObject\",\"inLanguage\":\"fr-FR\",\"@id\":\"https:\\\/\\\/www.upscience-labs.com\\\/fr\\\/secteurs-dactivites-upscience\\\/agroalimentaire\\\/#primaryimage\",\"url\":\"https:\\\/\\\/www.upscience-labs.com\\\/wp-content\\\/uploads\\\/2017\\\/06\\\/food-1920-600.jpg\",\"contentUrl\":\"https:\\\/\\\/www.upscience-labs.com\\\/wp-content\\\/uploads\\\/2017\\\/06\\\/food-1920-600.jpg\",\"width\":1920,\"height\":600},{\"@type\":\"BreadcrumbList\",\"@id\":\"https:\\\/\\\/www.upscience-labs.com\\\/fr\\\/secteurs-dactivites-upscience\\\/agroalimentaire\\\/#breadcrumb\",\"itemListElement\":[{\"@type\":\"ListItem\",\"position\":1,\"name\":\"Home\",\"item\":\"https:\\\/\\\/www.upscience-labs.com\\\/fr\\\/\"},{\"@type\":\"ListItem\",\"position\":2,\"name\":\"Industries\",\"item\":\"https:\\\/\\\/www.upscience-labs.com\\\/fr\\\/secteurs-dactivites-upscience\\\/\"},{\"@type\":\"ListItem\",\"position\":3,\"name\":\"Agroalimentaire\"}]},{\"@type\":\"WebSite\",\"@id\":\"https:\\\/\\\/www.upscience-labs.com\\\/#website\",\"url\":\"https:\\\/\\\/www.upscience-labs.com\\\/\",\"name\":\"Upscience\",\"description\":\"Labs Solutions\",\"potentialAction\":[{\"@type\":\"SearchAction\",\"target\":{\"@type\":\"EntryPoint\",\"urlTemplate\":\"https:\\\/\\\/www.upscience-labs.com\\\/?s={search_term_string}\"},\"query-input\":{\"@type\":\"PropertyValueSpecification\",\"valueRequired\":true,\"valueName\":\"search_term_string\"}}],\"inLanguage\":\"fr-FR\"}]}<\/script>\n<!-- \/ Yoast SEO plugin. -->","yoast_head_json":{"title":"Agroalimentaire| R\u00e9seau de laboratoires - Upscience","description":"Les laboratoires Upsience accompagnent les acteurs de l\u2019agroalimentaire dans le contr\u00f4le qualit\u00e9 et le d\u00e9veloppement de leurs produits.","robots":{"index":"index","follow":"follow","max-snippet":"max-snippet:-1","max-image-preview":"max-image-preview:large","max-video-preview":"max-video-preview:-1"},"canonical":"https:\/\/www.upscience-labs.com\/fr\/secteurs-dactivites-upscience\/agroalimentaire\/","og_locale":"fr_FR","og_type":"article","og_title":"Agroalimentaire| R\u00e9seau de laboratoires - Upscience","og_description":"Les laboratoires Upsience accompagnent les acteurs de l\u2019agroalimentaire dans le contr\u00f4le qualit\u00e9 et le d\u00e9veloppement de leurs produits.","og_url":"https:\/\/www.upscience-labs.com\/fr\/secteurs-dactivites-upscience\/agroalimentaire\/","og_site_name":"Upscience","article_modified_time":"2022-12-21T11:36:44+00:00","og_image":[{"width":1920,"height":600,"url":"https:\/\/www.upscience-labs.com\/wp-content\/uploads\/2017\/06\/food-1920-600.jpg","type":"image\/jpeg"}],"twitter_card":"summary_large_image","twitter_misc":{"Dur\u00e9e de lecture estim\u00e9e":"1 minute"},"schema":{"@context":"https:\/\/schema.org","@graph":[{"@type":"WebPage","@id":"https:\/\/www.upscience-labs.com\/fr\/secteurs-dactivites-upscience\/agroalimentaire\/","url":"https:\/\/www.upscience-labs.com\/fr\/secteurs-dactivites-upscience\/agroalimentaire\/","name":"Agroalimentaire| R\u00e9seau de laboratoires - Upscience","isPartOf":{"@id":"https:\/\/www.upscience-labs.com\/#website"},"primaryImageOfPage":{"@id":"https:\/\/www.upscience-labs.com\/fr\/secteurs-dactivites-upscience\/agroalimentaire\/#primaryimage"},"image":{"@id":"https:\/\/www.upscience-labs.com\/fr\/secteurs-dactivites-upscience\/agroalimentaire\/#primaryimage"},"thumbnailUrl":"https:\/\/www.upscience-labs.com\/wp-content\/uploads\/2017\/06\/food-1920-600.jpg","datePublished":"2017-09-13T14:29:59+00:00","dateModified":"2022-12-21T11:36:44+00:00","description":"Les laboratoires Upsience accompagnent les acteurs de l\u2019agroalimentaire dans le contr\u00f4le qualit\u00e9 et le d\u00e9veloppement de leurs produits.","breadcrumb":{"@id":"https:\/\/www.upscience-labs.com\/fr\/secteurs-dactivites-upscience\/agroalimentaire\/#breadcrumb"},"inLanguage":"fr-FR","potentialAction":[{"@type":"ReadAction","target":["https:\/\/www.upscience-labs.com\/fr\/secteurs-dactivites-upscience\/agroalimentaire\/"]}]},{"@type":"ImageObject","inLanguage":"fr-FR","@id":"https:\/\/www.upscience-labs.com\/fr\/secteurs-dactivites-upscience\/agroalimentaire\/#primaryimage","url":"https:\/\/www.upscience-labs.com\/wp-content\/uploads\/2017\/06\/food-1920-600.jpg","contentUrl":"https:\/\/www.upscience-labs.com\/wp-content\/uploads\/2017\/06\/food-1920-600.jpg","width":1920,"height":600},{"@type":"BreadcrumbList","@id":"https:\/\/www.upscience-labs.com\/fr\/secteurs-dactivites-upscience\/agroalimentaire\/#breadcrumb","itemListElement":[{"@type":"ListItem","position":1,"name":"Home","item":"https:\/\/www.upscience-labs.com\/fr\/"},{"@type":"ListItem","position":2,"name":"Industries","item":"https:\/\/www.upscience-labs.com\/fr\/secteurs-dactivites-upscience\/"},{"@type":"ListItem","position":3,"name":"Agroalimentaire"}]},{"@type":"WebSite","@id":"https:\/\/www.upscience-labs.com\/#website","url":"https:\/\/www.upscience-labs.com\/","name":"Upscience","description":"Labs Solutions","potentialAction":[{"@type":"SearchAction","target":{"@type":"EntryPoint","urlTemplate":"https:\/\/www.upscience-labs.com\/?s={search_term_string}"},"query-input":{"@type":"PropertyValueSpecification","valueRequired":true,"valueName":"search_term_string"}}],"inLanguage":"fr-FR"}]}},"_links":{"self":[{"href":"https:\/\/www.upscience-labs.com\/fr\/wp-json\/wp\/v2\/pages\/2091","targetHints":{"allow":["GET"]}}],"collection":[{"href":"https:\/\/www.upscience-labs.com\/fr\/wp-json\/wp\/v2\/pages"}],"about":[{"href":"https:\/\/www.upscience-labs.com\/fr\/wp-json\/wp\/v2\/types\/page"}],"author":[{"embeddable":true,"href":"https:\/\/www.upscience-labs.com\/fr\/wp-json\/wp\/v2\/users\/22"}],"replies":[{"embeddable":true,"href":"https:\/\/www.upscience-labs.com\/fr\/wp-json\/wp\/v2\/comments?post=2091"}],"version-history":[{"count":5,"href":"https:\/\/www.upscience-labs.com\/fr\/wp-json\/wp\/v2\/pages\/2091\/revisions"}],"predecessor-version":[{"id":5983,"href":"https:\/\/www.upscience-labs.com\/fr\/wp-json\/wp\/v2\/pages\/2091\/revisions\/5983"}],"up":[{"embeddable":true,"href":"https:\/\/www.upscience-labs.com\/fr\/wp-json\/wp\/v2\/pages\/2088"}],"wp:featuredmedia":[{"embeddable":true,"href":"https:\/\/www.upscience-labs.com\/fr\/wp-json\/wp\/v2\/media\/991"}],"wp:attachment":[{"href":"https:\/\/www.upscience-labs.com\/fr\/wp-json\/wp\/v2\/media?parent=2091"}],"curies":[{"name":"wp","href":"https:\/\/api.w.org\/{rel}","templated":true}]}}