{"id":2073,"date":"2017-09-13T16:22:37","date_gmt":"2017-09-13T14:22:37","guid":{"rendered":"https:\/\/www.upscience-labs.com\/nos-offres\/analyses-microbiologiques\/"},"modified":"2024-02-27T11:58:09","modified_gmt":"2024-02-27T10:58:09","slug":"analyses-microbiologiques","status":"publish","type":"page","link":"https:\/\/www.upscience-labs.com\/fr\/analyses\/analyses-microbiologiques\/","title":{"rendered":"Analyses microbiologiques"},"content":{"rendered":"<div class=\"wpb-content-wrapper\"><p>[vc_row][vc_column][vc_column_text]<\/p>\n<h2>L\u2019importance des analyses microbiologiques <strong><br \/>\n<\/strong><\/h2>\n<p>De multiples micro-organismes (bact\u00e9ries, virus, parasites) sont susceptibles de contaminer les denr\u00e9es alimentaires et d\u2019engendrer diverses pathologies. Afin d\u2019\u00e9viter tout risque sanitaire li\u00e9 aux <strong>micro-organismes pathog\u00e8nes<\/strong>, il est n\u00e9cessaire d\u2019effectuer des\u00a0<strong>analyses microbiologiques<\/strong>.<\/p>\n<p>Les contr\u00f4les des aliments sont r\u00e9gis par diff\u00e9rentes r\u00e9glementations. Au niveau europ\u00e9en,<br \/>\nle \u00ab\u00a0paquet hygi\u00e8ne\u00a0\u00bb regroupe l\u2019ensemble des obligations r\u00e9glementaires applicables en terme de s\u00e9curit\u00e9 des <strong>denr\u00e9es<\/strong> pour les acteurs des fili\u00e8res <strong>alimentaires<\/strong> et de l\u2019alimentation animale.<br \/>\nNotamment, le <a href=\"https:\/\/eur-lex.europa.eu\/legal-content\/FR\/TXT\/PDF\/?uri=CELEX:02005R2073-20140601&amp;from=ES\" target=\"_blank\" rel=\"noopener\">r\u00e8glement (CE) N 2073\/2005<\/a> d\u00e9termine les crit\u00e8res de microbiologiques applicables aux denr\u00e9es alimentaires.<\/p>\n<p>En sus de la r\u00e9glementation, diff\u00e9rents r\u00e9f\u00e9rentiels imposent aux industriels de l\u2019agroalimentaire et de la nutrition animale le suivi microbiologique de leurs mati\u00e8res premi\u00e8res et produits finis selon un plan de contr\u00f4le sp\u00e9cifique.<\/p>\n<p>Comme, par exemple :<\/p>\n<ul>\n<li>les <a href=\"https:\/\/www.fcd.fr\/documentation-fcd\/?thematic=83\" target=\"_blank\" rel=\"noopener\">crit\u00e8res FCD<\/a> (crit\u00e8res de s\u00e9curit\u00e9 et d\u2019hygi\u00e8ne) ont \u00e9t\u00e9 d\u00e9finis par la F\u00e9d\u00e9ration du Commerce et de la Distribution pour certaines fili\u00e8res et interprofessions de l\u2019alimentation humaine,<\/li>\n<li>le r\u00e9f\u00e9rentiel <a style=\"background-color: #ffffff;\" href=\"https:\/\/www.gmpplus.org\/en\" target=\"_blank\" rel=\"noopener\">GMP+ FSA<\/a> (Feed Safety) pour la s\u00e9curit\u00e9 des aliments \u00e0 destination animale.<\/li>\n<\/ul>\n<h2>Comment Upscience peut vous aider ?<strong><br \/>\n<\/strong><\/h2>\n<p>Upscience propose des analyses microbiologiques r\u00e9pondant aux exigences r\u00e9glementaires de contr\u00f4le microbiologique des aliments et des mati\u00e8res premi\u00e8res\u00a0:<\/p>\n<ul>\n<li>la recherche et le d\u00e9nombrement de pathog\u00e8nes (ex. <em>Salmonella, Listeria, Escherichia coli<\/em>\u2026)<\/li>\n<li>la d\u00e9tection d\u2019indicateurs d\u2019hygi\u00e8nes (ex. coliformes, levures, moisissures)<\/li>\n<\/ul>\n<p>[\/vc_column_text][\/vc_column][\/vc_row][vc_row][vc_column]<div id=\"contactform\" class=\"fondw-bleu\" >\r\n\t\t\t\t\t\t<div class=\"wrap container\">\r\n\t\t\t\t\t\t\t<div class=\"row\">\t \r\n\t\t\t\t\t\t\t\t<div class=\"col-md-6\">\r\n\t\t\t\t\t\t\t\t\t<div class=\"vc_btn3-container vc_btn3-center\">\r\n\t\t\t\t\t\t\t\t\t\t<div class=\"vc_general vc_btn3 vc_btn3-size-lg vc_btn3-shape-round vc_btn3-style-classic vc_btn3-block vc_btn3-color-bleu\"><a href=\"https:\/\/www.upscience-labs.com\/fr\/contact\/\"   >Nous contacter  <\/a>\r\n\t\t\t\t\t\t\t\t\t\t<\/div>\r\n\t\t\t\t\t\t\t\t\t<\/div>\r\n\t\t\t\t\t\t\t\t<\/div><div class=\"col-md-6\">\r\n\t\t\t\t\t\t\t\t\t<div class=\"vc_btn3-container vc_btn3-center\">\r\n\t\t\t\t\t\t\t\t\t\t<div class=\"vc_general vc_btn3 vc_btn3-size-lg vc_btn3-shape-round vc_btn3-style-classic vc_btn3-block vc_btn3-color-bleu\">\r\n\t\t\t\t\t\t\t\t\t\t\t<span  class=\"phonenum\" itemprop=\"telephone\" id=\"clickToShow\"><a href=\"tel:+33 (0)1 71 25 06 06\">+33 (0)1 71 25 06 06<\/a>\r\n\t\t\t\t\t\t\t\t\t\t\t<\/span>\r\n\t\t\t\t\t\t\t\t\t\t<\/div>\r\n\t\t\t\t\t\t\t\t\t<\/div>\r\n\t\t\t\t\t\t\t\t<\/div>\r\n\t\t\t\t\t<script>\r\n\t\t\t\t\t\tjQuery(document).ready(function($) {\r\n\t\t\t\t\t\t\tvar shortNumber = $(\"#clickToShow\").text().substring(0,  $(\"#clickToShow\").text().length - 8);\r\n\t\t\t\t\t\t\tvar eventTracking = \"ga('send', 'event', 'call', 'call', 'phone NUM');\";\r\n\t\t\t\t\t\t\t$(\"#clickToShow\").hide().after('<span   id=\"clickToShowButton\" onClick=\" ' + eventTracking + ' \" >  <i class=\"icon-phone\"> <\/i> Besoin d\\'aide  <\/span >');\r\n\t\t\t\t\t\t\t$(\"#clickToShowButton\").click(function() {\r\n\t\t\t\t\t\t\t\t$(\"#clickToShow\").show();\r\n\t\t\t\t\t\t\t\t$(\"#clickToShowButton\").hide();\r\n\t\t\t\t\t\t\t});\r\n\t\t\t\t\t\t});\r\n\t\t\t\t\t<\/script><div>\t\t\t\t\t \r\n\t\t\t\t\t\t<\/div>\r\n\t\t\t\t\t<\/div>[\/vc_column][\/vc_row]<\/p>\n<\/div>","protected":false},"excerpt":{"rendered":"<p>[vc_row][vc_column][vc_column_text] L\u2019importance des analyses microbiologiques De multiples micro-organismes (bact\u00e9ries, virus, parasites) sont susceptibles de contaminer les denr\u00e9es alimentaires et d\u2019engendrer diverses pathologies. Afin d\u2019\u00e9viter tout risque sanitaire li\u00e9 aux micro-organismes pathog\u00e8nes, il est n\u00e9cessaire d\u2019effectuer des\u00a0analyses microbiologiques. Les contr\u00f4les des aliments sont r\u00e9gis par diff\u00e9rentes r\u00e9glementations. Au niveau europ\u00e9en, le \u00ab\u00a0paquet hygi\u00e8ne\u00a0\u00bb regroupe l\u2019ensemble des &hellip; <\/p>\n<div class=\"vc_btn3-container vc_btn3-right\"><a class=\"vc_general vc_btn3 vc_btn3-size-xs vc_btn3-shape-round vc_btn3-color-bleu more-link\" href=\"https:\/\/www.upscience-labs.com\/fr\/analyses\/analyses-microbiologiques\/\">Read More<\/a><\/div>\n","protected":false},"author":22,"featured_media":5699,"parent":2209,"menu_order":270,"comment_status":"closed","ping_status":"closed","template":"template-interieur.php","meta":{"_acf_changed":false,"footnotes":""},"class_list":["post-2073","page","type-page","status-publish","has-post-thumbnail","hentry"],"acf":[],"yoast_head":"<!-- This site is optimized with the Yoast SEO plugin v27.3 - https:\/\/yoast.com\/product\/yoast-seo-wordpress\/ -->\n<title>Analyses microbiologiques| R\u00e9seau de laboratoire - Upscience<\/title>\n<meta name=\"description\" content=\"Upscience est votre partenaire des analyses microbiologiques, pour vous aider \u00e0 garantir la qualit\u00e9 et s\u00e9curit\u00e9 de vos produits alimentaires.\" \/>\n<meta name=\"robots\" content=\"index, follow, max-snippet:-1, max-image-preview:large, max-video-preview:-1\" \/>\n<link rel=\"canonical\" href=\"https:\/\/www.upscience-labs.com\/fr\/analyses\/analyses-microbiologiques\/\" \/>\n<meta property=\"og:locale\" content=\"fr_FR\" \/>\n<meta property=\"og:type\" content=\"article\" \/>\n<meta property=\"og:title\" content=\"Analyses microbiologiques| R\u00e9seau de laboratoire - Upscience\" \/>\n<meta property=\"og:description\" content=\"Upscience est votre partenaire des analyses microbiologiques, pour vous aider \u00e0 garantir la qualit\u00e9 et s\u00e9curit\u00e9 de vos produits alimentaires.\" \/>\n<meta property=\"og:url\" content=\"https:\/\/www.upscience-labs.com\/fr\/analyses\/analyses-microbiologiques\/\" \/>\n<meta property=\"og:site_name\" content=\"Upscience\" \/>\n<meta property=\"article:modified_time\" content=\"2024-02-27T10:58:09+00:00\" \/>\n<meta property=\"og:image\" content=\"https:\/\/www.upscience-labs.com\/wp-content\/uploads\/2022\/10\/visuel_analyses-microbiologiques_site-internet-scaled.jpeg\" \/>\n\t<meta property=\"og:image:width\" content=\"2560\" \/>\n\t<meta property=\"og:image:height\" content=\"1706\" \/>\n\t<meta property=\"og:image:type\" content=\"image\/jpeg\" \/>\n<meta name=\"twitter:card\" content=\"summary_large_image\" \/>\n<meta name=\"twitter:label1\" content=\"Dur\u00e9e de lecture estim\u00e9e\" \/>\n\t<meta name=\"twitter:data1\" content=\"1 minute\" \/>\n<script type=\"application\/ld+json\" class=\"yoast-schema-graph\">{\"@context\":\"https:\\\/\\\/schema.org\",\"@graph\":[{\"@type\":\"WebPage\",\"@id\":\"https:\\\/\\\/www.upscience-labs.com\\\/fr\\\/analyses\\\/analyses-microbiologiques\\\/\",\"url\":\"https:\\\/\\\/www.upscience-labs.com\\\/fr\\\/analyses\\\/analyses-microbiologiques\\\/\",\"name\":\"Analyses microbiologiques| R\u00e9seau de laboratoire - Upscience\",\"isPartOf\":{\"@id\":\"https:\\\/\\\/www.upscience-labs.com\\\/#website\"},\"primaryImageOfPage\":{\"@id\":\"https:\\\/\\\/www.upscience-labs.com\\\/fr\\\/analyses\\\/analyses-microbiologiques\\\/#primaryimage\"},\"image\":{\"@id\":\"https:\\\/\\\/www.upscience-labs.com\\\/fr\\\/analyses\\\/analyses-microbiologiques\\\/#primaryimage\"},\"thumbnailUrl\":\"https:\\\/\\\/www.upscience-labs.com\\\/wp-content\\\/uploads\\\/2022\\\/10\\\/visuel_analyses-microbiologiques_site-internet-scaled.jpeg\",\"datePublished\":\"2017-09-13T14:22:37+00:00\",\"dateModified\":\"2024-02-27T10:58:09+00:00\",\"description\":\"Upscience est votre partenaire des analyses microbiologiques, pour vous aider \u00e0 garantir la qualit\u00e9 et s\u00e9curit\u00e9 de vos produits alimentaires.\",\"breadcrumb\":{\"@id\":\"https:\\\/\\\/www.upscience-labs.com\\\/fr\\\/analyses\\\/analyses-microbiologiques\\\/#breadcrumb\"},\"inLanguage\":\"fr-FR\",\"potentialAction\":[{\"@type\":\"ReadAction\",\"target\":[\"https:\\\/\\\/www.upscience-labs.com\\\/fr\\\/analyses\\\/analyses-microbiologiques\\\/\"]}]},{\"@type\":\"ImageObject\",\"inLanguage\":\"fr-FR\",\"@id\":\"https:\\\/\\\/www.upscience-labs.com\\\/fr\\\/analyses\\\/analyses-microbiologiques\\\/#primaryimage\",\"url\":\"https:\\\/\\\/www.upscience-labs.com\\\/wp-content\\\/uploads\\\/2022\\\/10\\\/visuel_analyses-microbiologiques_site-internet-scaled.jpeg\",\"contentUrl\":\"https:\\\/\\\/www.upscience-labs.com\\\/wp-content\\\/uploads\\\/2022\\\/10\\\/visuel_analyses-microbiologiques_site-internet-scaled.jpeg\",\"width\":2560,\"height\":1706,\"caption\":\"microscope professionnel moderne utilis\u00e9 dans un laboratoire scientifique\"},{\"@type\":\"BreadcrumbList\",\"@id\":\"https:\\\/\\\/www.upscience-labs.com\\\/fr\\\/analyses\\\/analyses-microbiologiques\\\/#breadcrumb\",\"itemListElement\":[{\"@type\":\"ListItem\",\"position\":1,\"name\":\"Home\",\"item\":\"https:\\\/\\\/www.upscience-labs.com\\\/fr\\\/\"},{\"@type\":\"ListItem\",\"position\":2,\"name\":\"Analyses\",\"item\":\"https:\\\/\\\/www.upscience-labs.com\\\/fr\\\/analyses\\\/\"},{\"@type\":\"ListItem\",\"position\":3,\"name\":\"Analyses microbiologiques\"}]},{\"@type\":\"WebSite\",\"@id\":\"https:\\\/\\\/www.upscience-labs.com\\\/#website\",\"url\":\"https:\\\/\\\/www.upscience-labs.com\\\/\",\"name\":\"Upscience\",\"description\":\"Labs Solutions\",\"potentialAction\":[{\"@type\":\"SearchAction\",\"target\":{\"@type\":\"EntryPoint\",\"urlTemplate\":\"https:\\\/\\\/www.upscience-labs.com\\\/?s={search_term_string}\"},\"query-input\":{\"@type\":\"PropertyValueSpecification\",\"valueRequired\":true,\"valueName\":\"search_term_string\"}}],\"inLanguage\":\"fr-FR\"}]}<\/script>\n<!-- \/ Yoast SEO plugin. -->","yoast_head_json":{"title":"Analyses microbiologiques| R\u00e9seau de laboratoire - Upscience","description":"Upscience est votre partenaire des analyses microbiologiques, pour vous aider \u00e0 garantir la qualit\u00e9 et s\u00e9curit\u00e9 de vos produits alimentaires.","robots":{"index":"index","follow":"follow","max-snippet":"max-snippet:-1","max-image-preview":"max-image-preview:large","max-video-preview":"max-video-preview:-1"},"canonical":"https:\/\/www.upscience-labs.com\/fr\/analyses\/analyses-microbiologiques\/","og_locale":"fr_FR","og_type":"article","og_title":"Analyses microbiologiques| R\u00e9seau de laboratoire - Upscience","og_description":"Upscience est votre partenaire des analyses microbiologiques, pour vous aider \u00e0 garantir la qualit\u00e9 et s\u00e9curit\u00e9 de vos produits alimentaires.","og_url":"https:\/\/www.upscience-labs.com\/fr\/analyses\/analyses-microbiologiques\/","og_site_name":"Upscience","article_modified_time":"2024-02-27T10:58:09+00:00","og_image":[{"width":2560,"height":1706,"url":"https:\/\/www.upscience-labs.com\/wp-content\/uploads\/2022\/10\/visuel_analyses-microbiologiques_site-internet-scaled.jpeg","type":"image\/jpeg"}],"twitter_card":"summary_large_image","twitter_misc":{"Dur\u00e9e de lecture estim\u00e9e":"1 minute"},"schema":{"@context":"https:\/\/schema.org","@graph":[{"@type":"WebPage","@id":"https:\/\/www.upscience-labs.com\/fr\/analyses\/analyses-microbiologiques\/","url":"https:\/\/www.upscience-labs.com\/fr\/analyses\/analyses-microbiologiques\/","name":"Analyses microbiologiques| R\u00e9seau de laboratoire - Upscience","isPartOf":{"@id":"https:\/\/www.upscience-labs.com\/#website"},"primaryImageOfPage":{"@id":"https:\/\/www.upscience-labs.com\/fr\/analyses\/analyses-microbiologiques\/#primaryimage"},"image":{"@id":"https:\/\/www.upscience-labs.com\/fr\/analyses\/analyses-microbiologiques\/#primaryimage"},"thumbnailUrl":"https:\/\/www.upscience-labs.com\/wp-content\/uploads\/2022\/10\/visuel_analyses-microbiologiques_site-internet-scaled.jpeg","datePublished":"2017-09-13T14:22:37+00:00","dateModified":"2024-02-27T10:58:09+00:00","description":"Upscience est votre partenaire des analyses microbiologiques, pour vous aider \u00e0 garantir la qualit\u00e9 et s\u00e9curit\u00e9 de vos produits alimentaires.","breadcrumb":{"@id":"https:\/\/www.upscience-labs.com\/fr\/analyses\/analyses-microbiologiques\/#breadcrumb"},"inLanguage":"fr-FR","potentialAction":[{"@type":"ReadAction","target":["https:\/\/www.upscience-labs.com\/fr\/analyses\/analyses-microbiologiques\/"]}]},{"@type":"ImageObject","inLanguage":"fr-FR","@id":"https:\/\/www.upscience-labs.com\/fr\/analyses\/analyses-microbiologiques\/#primaryimage","url":"https:\/\/www.upscience-labs.com\/wp-content\/uploads\/2022\/10\/visuel_analyses-microbiologiques_site-internet-scaled.jpeg","contentUrl":"https:\/\/www.upscience-labs.com\/wp-content\/uploads\/2022\/10\/visuel_analyses-microbiologiques_site-internet-scaled.jpeg","width":2560,"height":1706,"caption":"microscope professionnel moderne utilis\u00e9 dans un laboratoire scientifique"},{"@type":"BreadcrumbList","@id":"https:\/\/www.upscience-labs.com\/fr\/analyses\/analyses-microbiologiques\/#breadcrumb","itemListElement":[{"@type":"ListItem","position":1,"name":"Home","item":"https:\/\/www.upscience-labs.com\/fr\/"},{"@type":"ListItem","position":2,"name":"Analyses","item":"https:\/\/www.upscience-labs.com\/fr\/analyses\/"},{"@type":"ListItem","position":3,"name":"Analyses microbiologiques"}]},{"@type":"WebSite","@id":"https:\/\/www.upscience-labs.com\/#website","url":"https:\/\/www.upscience-labs.com\/","name":"Upscience","description":"Labs Solutions","potentialAction":[{"@type":"SearchAction","target":{"@type":"EntryPoint","urlTemplate":"https:\/\/www.upscience-labs.com\/?s={search_term_string}"},"query-input":{"@type":"PropertyValueSpecification","valueRequired":true,"valueName":"search_term_string"}}],"inLanguage":"fr-FR"}]}},"_links":{"self":[{"href":"https:\/\/www.upscience-labs.com\/fr\/wp-json\/wp\/v2\/pages\/2073","targetHints":{"allow":["GET"]}}],"collection":[{"href":"https:\/\/www.upscience-labs.com\/fr\/wp-json\/wp\/v2\/pages"}],"about":[{"href":"https:\/\/www.upscience-labs.com\/fr\/wp-json\/wp\/v2\/types\/page"}],"author":[{"embeddable":true,"href":"https:\/\/www.upscience-labs.com\/fr\/wp-json\/wp\/v2\/users\/22"}],"replies":[{"embeddable":true,"href":"https:\/\/www.upscience-labs.com\/fr\/wp-json\/wp\/v2\/comments?post=2073"}],"version-history":[{"count":5,"href":"https:\/\/www.upscience-labs.com\/fr\/wp-json\/wp\/v2\/pages\/2073\/revisions"}],"predecessor-version":[{"id":6459,"href":"https:\/\/www.upscience-labs.com\/fr\/wp-json\/wp\/v2\/pages\/2073\/revisions\/6459"}],"up":[{"embeddable":true,"href":"https:\/\/www.upscience-labs.com\/fr\/wp-json\/wp\/v2\/pages\/2209"}],"wp:featuredmedia":[{"embeddable":true,"href":"https:\/\/www.upscience-labs.com\/fr\/wp-json\/wp\/v2\/media\/5699"}],"wp:attachment":[{"href":"https:\/\/www.upscience-labs.com\/fr\/wp-json\/wp\/v2\/media?parent=2073"}],"curies":[{"name":"wp","href":"https:\/\/api.w.org\/{rel}","templated":true}]}}