{"id":2069,"date":"2017-09-13T16:19:24","date_gmt":"2017-09-13T14:19:24","guid":{"rendered":"https:\/\/www.upscience-labs.com\/nos-offres\/analyses-predictives-nir\/"},"modified":"2021-06-30T14:03:45","modified_gmt":"2021-06-30T12:03:45","slug":"analyses-predictives-nir","status":"publish","type":"page","link":"https:\/\/www.upscience-labs.com\/fr\/analyses\/analyses-predictives-nir\/","title":{"rendered":"Analyses pr\u00e9dictives (NIR)"},"content":{"rendered":"<div class=\"wpb-content-wrapper\"><p>[vc_row][vc_column][vc_column_text]<\/p>\n<h2>Pourquoi est-ce important ?<\/h2>\n<p>La qualit\u00e9 des mati\u00e8res premi\u00e8res est le principal facteur qui influence la qualit\u00e9 des produits finis. Gr\u00e2ce \u00e0 l&rsquo;analyse pr\u00e9dictive, les produits sont contr\u00f4l\u00e9s plus rapidement permettant ainsi d\u2019ajuster la formulation et de d\u00e9tecter tout potentiel \u00e9cart.<\/p>\n<p>La technologie NIR utilise la r\u00e9flexion infrarouge d&rsquo;un mat\u00e9riau pour pr\u00e9dire la nature et la concentration des mol\u00e9cules qu&rsquo;il contient. Il fournit des r\u00e9sultats instantan\u00e9s et pr\u00e9cis sur la mati\u00e8re premi\u00e8re et la composition du produit fini. Vous pouvez utiliser ces r\u00e9sultats pour adapter votre formule pour vous assurer de la constance de votre produit d\u2019un lot \u00e0 l\u2019autre.<\/p>\n<h2>Comment Upscience peut vous aider ?<\/h2>\n<p>Avec plus de 25 ans d\u2019exp\u00e9rience dans la technologie <strong>NIR<\/strong>, Upscience a d\u00e9velopp\u00e9 une large gamme de <strong>calibrations<\/strong> couvrant:<\/p>\n<ul>\n<li>les <strong>mati\u00e8res premi\u00e8res<\/strong> (orge, bl\u00e9 , ma\u00efs , tourteaux colza, tourteaux tournesol, tourteaux soja&#8230;)<\/li>\n<li>les <strong>produits finis<\/strong> (aliments porc, volaille, cheval, petfood, Prot\u00e9ines Animales Transform\u00e9es (PAT)&#8230;)<\/li>\n<li>les <strong>fourrages<\/strong> (ma\u00efs plante enti\u00e8re, ma\u00efs grain, m\u00e9teil, foin, ensilage&#8230;)<\/li>\n<\/ul>\n<p>Nos <strong>calibrations<\/strong> sont mises \u00e0 jour annuellement afin d&rsquo;en garantir la justesse. Nos \u00e9quipes travaillent continuellement sur l\u2019\u00e9largissement de nos gammes de calibrations disponibles (nouveaux param\u00e8tres, \u00e9tat produit broy\u00e9 ou tel quel).<\/p>\n<p>Le laboratoire Upscience propose d&rsquo;analyser vos produits (mati\u00e8res premi\u00e8res ou produits finis, fourrages) sur sa plateforme d\u00e9di\u00e9e mais peut vous accompagner \u00e9galement dans la mise en place d\u2019une prestation globale NIR et sa maintenance sur votre site de production.<\/p>\n<p>Nous pouvons \u00e9galement d\u00e9velopper des calibrations pour r\u00e9pondre \u00e0 des besoins sp\u00e9cifiques. N\u2019h\u00e9sitez pas \u00e0 contacter notre service NIR qui pourra vous informer des nouvelles calibrations disponibles d\u00e9velopp\u00e9es.[\/vc_column_text][\/vc_column][\/vc_row][vc_row][vc_column]<div id=\"contactform\" class=\"fondw-bleu\" >\r\n\t\t\t\t\t\t<div class=\"wrap container\">\r\n\t\t\t\t\t\t\t<div class=\"row\">\t \r\n\t\t\t\t\t\t\t\t<div class=\"col-md-6\">\r\n\t\t\t\t\t\t\t\t\t<div class=\"vc_btn3-container vc_btn3-center\">\r\n\t\t\t\t\t\t\t\t\t\t<div class=\"vc_general vc_btn3 vc_btn3-size-lg vc_btn3-shape-round vc_btn3-style-classic vc_btn3-block vc_btn3-color-bleu\"><a href=\"https:\/\/www.upscience-labs.com\/fr\/contact\/\"   >Nous contacter  <\/a>\r\n\t\t\t\t\t\t\t\t\t\t<\/div>\r\n\t\t\t\t\t\t\t\t\t<\/div>\r\n\t\t\t\t\t\t\t\t<\/div><div class=\"col-md-6\">\r\n\t\t\t\t\t\t\t\t\t<div class=\"vc_btn3-container vc_btn3-center\">\r\n\t\t\t\t\t\t\t\t\t\t<div class=\"vc_general vc_btn3 vc_btn3-size-lg vc_btn3-shape-round vc_btn3-style-classic vc_btn3-block vc_btn3-color-bleu\">\r\n\t\t\t\t\t\t\t\t\t\t\t<span  class=\"phonenum\" itemprop=\"telephone\" id=\"clickToShow\"><a href=\"tel:+33 (0)1 71 25 06 06\">+33 (0)1 71 25 06 06<\/a>\r\n\t\t\t\t\t\t\t\t\t\t\t<\/span>\r\n\t\t\t\t\t\t\t\t\t\t<\/div>\r\n\t\t\t\t\t\t\t\t\t<\/div>\r\n\t\t\t\t\t\t\t\t<\/div>\r\n\t\t\t\t\t<script>\r\n\t\t\t\t\t\tjQuery(document).ready(function($) {\r\n\t\t\t\t\t\t\tvar shortNumber = $(\"#clickToShow\").text().substring(0,  $(\"#clickToShow\").text().length - 8);\r\n\t\t\t\t\t\t\tvar eventTracking = \"ga('send', 'event', 'call', 'call', 'phone NUM');\";\r\n\t\t\t\t\t\t\t$(\"#clickToShow\").hide().after('<span   id=\"clickToShowButton\" onClick=\" ' + eventTracking + ' \" >  <i class=\"icon-phone\"> <\/i> Besoin d\\'aide  <\/span >');\r\n\t\t\t\t\t\t\t$(\"#clickToShowButton\").click(function() {\r\n\t\t\t\t\t\t\t\t$(\"#clickToShow\").show();\r\n\t\t\t\t\t\t\t\t$(\"#clickToShowButton\").hide();\r\n\t\t\t\t\t\t\t});\r\n\t\t\t\t\t\t});\r\n\t\t\t\t\t<\/script><div>\t\t\t\t\t \r\n\t\t\t\t\t\t<\/div>\r\n\t\t\t\t\t<\/div>[\/vc_column][\/vc_row]<\/p>\n<\/div>","protected":false},"excerpt":{"rendered":"<p>[vc_row][vc_column][vc_column_text] Pourquoi est-ce important ? La qualit\u00e9 des mati\u00e8res premi\u00e8res est le principal facteur qui influence la qualit\u00e9 des produits finis. Gr\u00e2ce \u00e0 l&rsquo;analyse pr\u00e9dictive, les produits sont contr\u00f4l\u00e9s plus rapidement permettant ainsi d\u2019ajuster la formulation et de d\u00e9tecter tout potentiel \u00e9cart. La technologie NIR utilise la r\u00e9flexion infrarouge d&rsquo;un mat\u00e9riau pour pr\u00e9dire la nature &hellip; <\/p>\n<div class=\"vc_btn3-container vc_btn3-right\"><a class=\"vc_general vc_btn3 vc_btn3-size-xs vc_btn3-shape-round vc_btn3-color-bleu more-link\" href=\"https:\/\/www.upscience-labs.com\/fr\/analyses\/analyses-predictives-nir\/\">Read More<\/a><\/div>\n","protected":false},"author":22,"featured_media":1293,"parent":2209,"menu_order":250,"comment_status":"closed","ping_status":"closed","template":"template-interieur.php","meta":{"_acf_changed":false,"footnotes":""},"class_list":["post-2069","page","type-page","status-publish","has-post-thumbnail","hentry"],"acf":[],"yoast_head":"<!-- This site is optimized with the Yoast SEO plugin v27.4 - https:\/\/yoast.com\/product\/yoast-seo-wordpress\/ -->\n<title>Analyses pr\u00e9dictives| R\u00e9seau de laboratoires - Upscience<\/title>\n<meta name=\"description\" content=\"Upscience, fort de ses 25 ans d&#039;exp\u00e9rience dans la technologie NIR, dispose d&#039;une large gamme de calibrations pour vos contr\u00f4les qualit\u00e9.\" \/>\n<meta name=\"robots\" content=\"index, follow, max-snippet:-1, max-image-preview:large, max-video-preview:-1\" \/>\n<link rel=\"canonical\" href=\"https:\/\/www.upscience-labs.com\/fr\/analyses\/analyses-predictives-nir\/\" \/>\n<meta property=\"og:locale\" content=\"fr_FR\" \/>\n<meta property=\"og:type\" content=\"article\" \/>\n<meta property=\"og:title\" content=\"Analyses pr\u00e9dictives| R\u00e9seau de laboratoires - Upscience\" \/>\n<meta property=\"og:description\" content=\"Upscience, fort de ses 25 ans d&#039;exp\u00e9rience dans la technologie NIR, dispose d&#039;une large gamme de calibrations pour vos contr\u00f4les qualit\u00e9.\" \/>\n<meta property=\"og:url\" content=\"https:\/\/www.upscience-labs.com\/fr\/analyses\/analyses-predictives-nir\/\" \/>\n<meta property=\"og:site_name\" content=\"Upscience\" \/>\n<meta property=\"article:modified_time\" content=\"2021-06-30T12:03:45+00:00\" \/>\n<meta property=\"og:image\" content=\"https:\/\/www.upscience-labs.com\/wp-content\/uploads\/2017\/06\/Predictive-analysis-NIR.jpg\" \/>\n\t<meta property=\"og:image:width\" content=\"1670\" \/>\n\t<meta property=\"og:image:height\" content=\"400\" \/>\n\t<meta property=\"og:image:type\" content=\"image\/jpeg\" \/>\n<meta name=\"twitter:card\" content=\"summary_large_image\" \/>\n<meta name=\"twitter:label1\" content=\"Dur\u00e9e de lecture estim\u00e9e\" \/>\n\t<meta name=\"twitter:data1\" content=\"2 minutes\" \/>\n<script type=\"application\/ld+json\" class=\"yoast-schema-graph\">{\"@context\":\"https:\\\/\\\/schema.org\",\"@graph\":[{\"@type\":\"WebPage\",\"@id\":\"https:\\\/\\\/www.upscience-labs.com\\\/fr\\\/analyses\\\/analyses-predictives-nir\\\/\",\"url\":\"https:\\\/\\\/www.upscience-labs.com\\\/fr\\\/analyses\\\/analyses-predictives-nir\\\/\",\"name\":\"Analyses pr\u00e9dictives| R\u00e9seau de laboratoires - Upscience\",\"isPartOf\":{\"@id\":\"https:\\\/\\\/www.upscience-labs.com\\\/#website\"},\"primaryImageOfPage\":{\"@id\":\"https:\\\/\\\/www.upscience-labs.com\\\/fr\\\/analyses\\\/analyses-predictives-nir\\\/#primaryimage\"},\"image\":{\"@id\":\"https:\\\/\\\/www.upscience-labs.com\\\/fr\\\/analyses\\\/analyses-predictives-nir\\\/#primaryimage\"},\"thumbnailUrl\":\"https:\\\/\\\/www.upscience-labs.com\\\/wp-content\\\/uploads\\\/2017\\\/06\\\/Predictive-analysis-NIR.jpg\",\"datePublished\":\"2017-09-13T14:19:24+00:00\",\"dateModified\":\"2021-06-30T12:03:45+00:00\",\"description\":\"Upscience, fort de ses 25 ans d'exp\u00e9rience dans la technologie NIR, dispose d'une large gamme de calibrations pour vos contr\u00f4les qualit\u00e9.\",\"breadcrumb\":{\"@id\":\"https:\\\/\\\/www.upscience-labs.com\\\/fr\\\/analyses\\\/analyses-predictives-nir\\\/#breadcrumb\"},\"inLanguage\":\"fr-FR\",\"potentialAction\":[{\"@type\":\"ReadAction\",\"target\":[\"https:\\\/\\\/www.upscience-labs.com\\\/fr\\\/analyses\\\/analyses-predictives-nir\\\/\"]}]},{\"@type\":\"ImageObject\",\"inLanguage\":\"fr-FR\",\"@id\":\"https:\\\/\\\/www.upscience-labs.com\\\/fr\\\/analyses\\\/analyses-predictives-nir\\\/#primaryimage\",\"url\":\"https:\\\/\\\/www.upscience-labs.com\\\/wp-content\\\/uploads\\\/2017\\\/06\\\/Predictive-analysis-NIR.jpg\",\"contentUrl\":\"https:\\\/\\\/www.upscience-labs.com\\\/wp-content\\\/uploads\\\/2017\\\/06\\\/Predictive-analysis-NIR.jpg\",\"width\":1670,\"height\":400},{\"@type\":\"BreadcrumbList\",\"@id\":\"https:\\\/\\\/www.upscience-labs.com\\\/fr\\\/analyses\\\/analyses-predictives-nir\\\/#breadcrumb\",\"itemListElement\":[{\"@type\":\"ListItem\",\"position\":1,\"name\":\"Home\",\"item\":\"https:\\\/\\\/www.upscience-labs.com\\\/fr\\\/\"},{\"@type\":\"ListItem\",\"position\":2,\"name\":\"Analyses\",\"item\":\"https:\\\/\\\/www.upscience-labs.com\\\/fr\\\/analyses\\\/\"},{\"@type\":\"ListItem\",\"position\":3,\"name\":\"Analyses pr\u00e9dictives (NIR)\"}]},{\"@type\":\"WebSite\",\"@id\":\"https:\\\/\\\/www.upscience-labs.com\\\/#website\",\"url\":\"https:\\\/\\\/www.upscience-labs.com\\\/\",\"name\":\"Upscience\",\"description\":\"Labs Solutions\",\"potentialAction\":[{\"@type\":\"SearchAction\",\"target\":{\"@type\":\"EntryPoint\",\"urlTemplate\":\"https:\\\/\\\/www.upscience-labs.com\\\/?s={search_term_string}\"},\"query-input\":{\"@type\":\"PropertyValueSpecification\",\"valueRequired\":true,\"valueName\":\"search_term_string\"}}],\"inLanguage\":\"fr-FR\"}]}<\/script>\n<!-- \/ Yoast SEO plugin. -->","yoast_head_json":{"title":"Analyses pr\u00e9dictives| R\u00e9seau de laboratoires - Upscience","description":"Upscience, fort de ses 25 ans d'exp\u00e9rience dans la technologie NIR, dispose d'une large gamme de calibrations pour vos contr\u00f4les qualit\u00e9.","robots":{"index":"index","follow":"follow","max-snippet":"max-snippet:-1","max-image-preview":"max-image-preview:large","max-video-preview":"max-video-preview:-1"},"canonical":"https:\/\/www.upscience-labs.com\/fr\/analyses\/analyses-predictives-nir\/","og_locale":"fr_FR","og_type":"article","og_title":"Analyses pr\u00e9dictives| R\u00e9seau de laboratoires - Upscience","og_description":"Upscience, fort de ses 25 ans d'exp\u00e9rience dans la technologie NIR, dispose d'une large gamme de calibrations pour vos contr\u00f4les qualit\u00e9.","og_url":"https:\/\/www.upscience-labs.com\/fr\/analyses\/analyses-predictives-nir\/","og_site_name":"Upscience","article_modified_time":"2021-06-30T12:03:45+00:00","og_image":[{"width":1670,"height":400,"url":"https:\/\/www.upscience-labs.com\/wp-content\/uploads\/2017\/06\/Predictive-analysis-NIR.jpg","type":"image\/jpeg"}],"twitter_card":"summary_large_image","twitter_misc":{"Dur\u00e9e de lecture estim\u00e9e":"2 minutes"},"schema":{"@context":"https:\/\/schema.org","@graph":[{"@type":"WebPage","@id":"https:\/\/www.upscience-labs.com\/fr\/analyses\/analyses-predictives-nir\/","url":"https:\/\/www.upscience-labs.com\/fr\/analyses\/analyses-predictives-nir\/","name":"Analyses pr\u00e9dictives| R\u00e9seau de laboratoires - Upscience","isPartOf":{"@id":"https:\/\/www.upscience-labs.com\/#website"},"primaryImageOfPage":{"@id":"https:\/\/www.upscience-labs.com\/fr\/analyses\/analyses-predictives-nir\/#primaryimage"},"image":{"@id":"https:\/\/www.upscience-labs.com\/fr\/analyses\/analyses-predictives-nir\/#primaryimage"},"thumbnailUrl":"https:\/\/www.upscience-labs.com\/wp-content\/uploads\/2017\/06\/Predictive-analysis-NIR.jpg","datePublished":"2017-09-13T14:19:24+00:00","dateModified":"2021-06-30T12:03:45+00:00","description":"Upscience, fort de ses 25 ans d'exp\u00e9rience dans la technologie NIR, dispose d'une large gamme de calibrations pour vos contr\u00f4les qualit\u00e9.","breadcrumb":{"@id":"https:\/\/www.upscience-labs.com\/fr\/analyses\/analyses-predictives-nir\/#breadcrumb"},"inLanguage":"fr-FR","potentialAction":[{"@type":"ReadAction","target":["https:\/\/www.upscience-labs.com\/fr\/analyses\/analyses-predictives-nir\/"]}]},{"@type":"ImageObject","inLanguage":"fr-FR","@id":"https:\/\/www.upscience-labs.com\/fr\/analyses\/analyses-predictives-nir\/#primaryimage","url":"https:\/\/www.upscience-labs.com\/wp-content\/uploads\/2017\/06\/Predictive-analysis-NIR.jpg","contentUrl":"https:\/\/www.upscience-labs.com\/wp-content\/uploads\/2017\/06\/Predictive-analysis-NIR.jpg","width":1670,"height":400},{"@type":"BreadcrumbList","@id":"https:\/\/www.upscience-labs.com\/fr\/analyses\/analyses-predictives-nir\/#breadcrumb","itemListElement":[{"@type":"ListItem","position":1,"name":"Home","item":"https:\/\/www.upscience-labs.com\/fr\/"},{"@type":"ListItem","position":2,"name":"Analyses","item":"https:\/\/www.upscience-labs.com\/fr\/analyses\/"},{"@type":"ListItem","position":3,"name":"Analyses pr\u00e9dictives (NIR)"}]},{"@type":"WebSite","@id":"https:\/\/www.upscience-labs.com\/#website","url":"https:\/\/www.upscience-labs.com\/","name":"Upscience","description":"Labs Solutions","potentialAction":[{"@type":"SearchAction","target":{"@type":"EntryPoint","urlTemplate":"https:\/\/www.upscience-labs.com\/?s={search_term_string}"},"query-input":{"@type":"PropertyValueSpecification","valueRequired":true,"valueName":"search_term_string"}}],"inLanguage":"fr-FR"}]}},"_links":{"self":[{"href":"https:\/\/www.upscience-labs.com\/fr\/wp-json\/wp\/v2\/pages\/2069","targetHints":{"allow":["GET"]}}],"collection":[{"href":"https:\/\/www.upscience-labs.com\/fr\/wp-json\/wp\/v2\/pages"}],"about":[{"href":"https:\/\/www.upscience-labs.com\/fr\/wp-json\/wp\/v2\/types\/page"}],"author":[{"embeddable":true,"href":"https:\/\/www.upscience-labs.com\/fr\/wp-json\/wp\/v2\/users\/22"}],"replies":[{"embeddable":true,"href":"https:\/\/www.upscience-labs.com\/fr\/wp-json\/wp\/v2\/comments?post=2069"}],"version-history":[{"count":5,"href":"https:\/\/www.upscience-labs.com\/fr\/wp-json\/wp\/v2\/pages\/2069\/revisions"}],"predecessor-version":[{"id":4507,"href":"https:\/\/www.upscience-labs.com\/fr\/wp-json\/wp\/v2\/pages\/2069\/revisions\/4507"}],"up":[{"embeddable":true,"href":"https:\/\/www.upscience-labs.com\/fr\/wp-json\/wp\/v2\/pages\/2209"}],"wp:featuredmedia":[{"embeddable":true,"href":"https:\/\/www.upscience-labs.com\/fr\/wp-json\/wp\/v2\/media\/1293"}],"wp:attachment":[{"href":"https:\/\/www.upscience-labs.com\/fr\/wp-json\/wp\/v2\/media?parent=2069"}],"curies":[{"name":"wp","href":"https:\/\/api.w.org\/{rel}","templated":true}]}}