{"id":2063,"date":"2017-09-13T16:17:55","date_gmt":"2017-09-13T14:17:55","guid":{"rendered":"https:\/\/www.upscience-labs.com\/nos-offres\/contaminants\/autres-contaminants\/"},"modified":"2026-05-06T16:32:43","modified_gmt":"2026-05-06T14:32:43","slug":"autres-contaminants","status":"publish","type":"page","link":"https:\/\/www.upscience-labs.com\/fr\/analyses\/contaminants\/autres-contaminants\/","title":{"rendered":"Autres contaminants"},"content":{"rendered":"<div class=\"wpb-content-wrapper\"><p>[vc_row][vc_column][vc_column_text css=\u00a0\u00bb\u00a0\u00bb]Au del\u00e0 des principales cat\u00e9gories de <strong>contaminants<\/strong> (m\u00e9taux lourds, mycotoxines, pesticides, dioxines), <strong>Upscience<\/strong> offre un large portfolio d&rsquo;analyses permettant de couvrir vos besoins les plus sp\u00e9cifiques dans le cadre de vos plans de contr\u00f4le.<\/p>\n<p>Nous pouvons ainsi vous accompagner dans vos d\u00e9marches de ma\u00eetrise des <strong>substances ind\u00e9sirables<\/strong> telles que les <strong>r\u00e9sidus m\u00e9dicamenteux<\/strong> (pouvoirs inhibiteurs, ionophores, \u00e9thoxyquine), <strong>amines biog\u00e8nes<\/strong>, gossypol et autres <strong>facteurs anti-nutritionnels<\/strong>.<\/p>\n<p>Nos \u00e9quipes se tiennent \u00e0 votre disposition pour r\u00e9pondre \u00e0 vos recherches de solutions analytiques pour contr\u00f4ler la qualit\u00e9 de vos mati\u00e8res premi\u00e8res et produits finis, et vous accompagner dans vos obligations de <strong>certifications<\/strong>.[\/vc_column_text][\/vc_column][\/vc_row][vc_row][vc_column]<div id=\"contactform\" class=\"fondw-bleu\" >\r\n\t\t\t\t\t\t<div class=\"wrap container\">\r\n\t\t\t\t\t\t\t<div class=\"row\">\t \r\n\t\t\t\t\t\t\t\t<div class=\"col-md-6\">\r\n\t\t\t\t\t\t\t\t\t<div class=\"vc_btn3-container vc_btn3-center\">\r\n\t\t\t\t\t\t\t\t\t\t<div class=\"vc_general vc_btn3 vc_btn3-size-lg vc_btn3-shape-round vc_btn3-style-classic vc_btn3-block vc_btn3-color-bleu\"><a href=\"https:\/\/www.upscience-labs.com\/fr\/contact\/\"   >Nous contacter  <\/a>\r\n\t\t\t\t\t\t\t\t\t\t<\/div>\r\n\t\t\t\t\t\t\t\t\t<\/div>\r\n\t\t\t\t\t\t\t\t<\/div><div class=\"col-md-6\">\r\n\t\t\t\t\t\t\t\t\t<div class=\"vc_btn3-container vc_btn3-center\">\r\n\t\t\t\t\t\t\t\t\t\t<div class=\"vc_general vc_btn3 vc_btn3-size-lg vc_btn3-shape-round vc_btn3-style-classic vc_btn3-block vc_btn3-color-bleu\">\r\n\t\t\t\t\t\t\t\t\t\t\t<span  class=\"phonenum\" itemprop=\"telephone\" id=\"clickToShow\"><a href=\"tel:+33 (0)1 71 25 06 06\">+33 (0)1 71 25 06 06<\/a>\r\n\t\t\t\t\t\t\t\t\t\t\t<\/span>\r\n\t\t\t\t\t\t\t\t\t\t<\/div>\r\n\t\t\t\t\t\t\t\t\t<\/div>\r\n\t\t\t\t\t\t\t\t<\/div>\r\n\t\t\t\t\t<script>\r\n\t\t\t\t\t\tjQuery(document).ready(function($) {\r\n\t\t\t\t\t\t\tvar shortNumber = $(\"#clickToShow\").text().substring(0,  $(\"#clickToShow\").text().length - 8);\r\n\t\t\t\t\t\t\tvar eventTracking = \"ga('send', 'event', 'call', 'call', 'phone NUM');\";\r\n\t\t\t\t\t\t\t$(\"#clickToShow\").hide().after('<span   id=\"clickToShowButton\" onClick=\" ' + eventTracking + ' \" >  <i class=\"icon-phone\"> <\/i> Besoin d\\'aide  <\/span >');\r\n\t\t\t\t\t\t\t$(\"#clickToShowButton\").click(function() {\r\n\t\t\t\t\t\t\t\t$(\"#clickToShow\").show();\r\n\t\t\t\t\t\t\t\t$(\"#clickToShowButton\").hide();\r\n\t\t\t\t\t\t\t});\r\n\t\t\t\t\t\t});\r\n\t\t\t\t\t<\/script><div>\t\t\t\t\t \r\n\t\t\t\t\t\t<\/div>\r\n\t\t\t\t\t<\/div>[\/vc_column][\/vc_row]<\/p>\n<\/div>","protected":false},"excerpt":{"rendered":"<p>[vc_row][vc_column][vc_column_text css=\u00a0\u00bb\u00a0\u00bb]Au del\u00e0 des principales cat\u00e9gories de contaminants (m\u00e9taux lourds, mycotoxines, pesticides, dioxines), Upscience offre un large portfolio d&rsquo;analyses permettant de couvrir vos besoins les plus sp\u00e9cifiques dans le cadre de vos plans de contr\u00f4le. Nous pouvons ainsi vous accompagner dans vos d\u00e9marches de ma\u00eetrise des substances ind\u00e9sirables telles que les r\u00e9sidus m\u00e9dicamenteux (pouvoirs inhibiteurs, &hellip; <\/p>\n<div class=\"vc_btn3-container vc_btn3-right\"><a class=\"vc_general vc_btn3 vc_btn3-size-xs vc_btn3-shape-round vc_btn3-color-bleu more-link\" href=\"https:\/\/www.upscience-labs.com\/fr\/analyses\/contaminants\/autres-contaminants\/\">Read More<\/a><\/div>\n","protected":false},"author":22,"featured_media":1287,"parent":39,"menu_order":227,"comment_status":"closed","ping_status":"closed","template":"template-interieur.php","meta":{"_acf_changed":false,"footnotes":""},"class_list":["post-2063","page","type-page","status-publish","has-post-thumbnail","hentry"],"acf":[],"yoast_head":"<!-- This site is optimized with the Yoast SEO plugin v27.5 - https:\/\/yoast.com\/product\/yoast-seo-wordpress\/ -->\n<title>Autres contaminants - R\u00e9seau de laboratoires - Upscience<\/title>\n<meta name=\"description\" content=\"Upscience offre un large portfolio d&#039;analyses contaminants comprenant la recherche des m\u00e9taux lourds, des mycotoxines, des pesticides...\" \/>\n<meta name=\"robots\" content=\"index, follow, max-snippet:-1, max-image-preview:large, max-video-preview:-1\" \/>\n<link rel=\"canonical\" href=\"https:\/\/www.upscience-labs.com\/fr\/analyses\/contaminants\/autres-contaminants\/\" \/>\n<meta property=\"og:locale\" content=\"fr_FR\" \/>\n<meta property=\"og:type\" content=\"article\" \/>\n<meta property=\"og:title\" content=\"Autres contaminants - R\u00e9seau de laboratoires - Upscience\" \/>\n<meta property=\"og:description\" content=\"Upscience offre un large portfolio d&#039;analyses contaminants comprenant la recherche des m\u00e9taux lourds, des mycotoxines, des pesticides...\" \/>\n<meta property=\"og:url\" content=\"https:\/\/www.upscience-labs.com\/fr\/analyses\/contaminants\/autres-contaminants\/\" \/>\n<meta property=\"og:site_name\" content=\"Upscience\" \/>\n<meta property=\"article:modified_time\" content=\"2026-05-06T14:32:43+00:00\" \/>\n<meta property=\"og:image\" content=\"https:\/\/www.upscience-labs.com\/wp-content\/uploads\/2017\/06\/Other-contaminants.jpg\" \/>\n\t<meta property=\"og:image:width\" content=\"1562\" \/>\n\t<meta property=\"og:image:height\" content=\"400\" \/>\n\t<meta property=\"og:image:type\" content=\"image\/jpeg\" \/>\n<meta name=\"twitter:card\" content=\"summary_large_image\" \/>\n<meta name=\"twitter:label1\" content=\"Dur\u00e9e de lecture estim\u00e9e\" \/>\n\t<meta name=\"twitter:data1\" content=\"1 minute\" \/>\n<script type=\"application\/ld+json\" class=\"yoast-schema-graph\">{\"@context\":\"https:\\\/\\\/schema.org\",\"@graph\":[{\"@type\":\"WebPage\",\"@id\":\"https:\\\/\\\/www.upscience-labs.com\\\/fr\\\/analyses\\\/contaminants\\\/autres-contaminants\\\/\",\"url\":\"https:\\\/\\\/www.upscience-labs.com\\\/fr\\\/analyses\\\/contaminants\\\/autres-contaminants\\\/\",\"name\":\"Autres contaminants - R\u00e9seau de laboratoires - Upscience\",\"isPartOf\":{\"@id\":\"https:\\\/\\\/www.upscience-labs.com\\\/#website\"},\"primaryImageOfPage\":{\"@id\":\"https:\\\/\\\/www.upscience-labs.com\\\/fr\\\/analyses\\\/contaminants\\\/autres-contaminants\\\/#primaryimage\"},\"image\":{\"@id\":\"https:\\\/\\\/www.upscience-labs.com\\\/fr\\\/analyses\\\/contaminants\\\/autres-contaminants\\\/#primaryimage\"},\"thumbnailUrl\":\"https:\\\/\\\/www.upscience-labs.com\\\/wp-content\\\/uploads\\\/2017\\\/06\\\/Other-contaminants.jpg\",\"datePublished\":\"2017-09-13T14:17:55+00:00\",\"dateModified\":\"2026-05-06T14:32:43+00:00\",\"description\":\"Upscience offre un large portfolio d'analyses contaminants comprenant la recherche des m\u00e9taux lourds, des mycotoxines, des pesticides...\",\"breadcrumb\":{\"@id\":\"https:\\\/\\\/www.upscience-labs.com\\\/fr\\\/analyses\\\/contaminants\\\/autres-contaminants\\\/#breadcrumb\"},\"inLanguage\":\"fr-FR\",\"potentialAction\":[{\"@type\":\"ReadAction\",\"target\":[\"https:\\\/\\\/www.upscience-labs.com\\\/fr\\\/analyses\\\/contaminants\\\/autres-contaminants\\\/\"]}]},{\"@type\":\"ImageObject\",\"inLanguage\":\"fr-FR\",\"@id\":\"https:\\\/\\\/www.upscience-labs.com\\\/fr\\\/analyses\\\/contaminants\\\/autres-contaminants\\\/#primaryimage\",\"url\":\"https:\\\/\\\/www.upscience-labs.com\\\/wp-content\\\/uploads\\\/2017\\\/06\\\/Other-contaminants.jpg\",\"contentUrl\":\"https:\\\/\\\/www.upscience-labs.com\\\/wp-content\\\/uploads\\\/2017\\\/06\\\/Other-contaminants.jpg\",\"width\":1562,\"height\":400,\"caption\":\"Factory for freezing and packing fruits. Unrecognizable worker's hands in protective blue gloves working on line for selection of frozen raspberries.\"},{\"@type\":\"BreadcrumbList\",\"@id\":\"https:\\\/\\\/www.upscience-labs.com\\\/fr\\\/analyses\\\/contaminants\\\/autres-contaminants\\\/#breadcrumb\",\"itemListElement\":[{\"@type\":\"ListItem\",\"position\":1,\"name\":\"Home\",\"item\":\"https:\\\/\\\/www.upscience-labs.com\\\/fr\\\/\"},{\"@type\":\"ListItem\",\"position\":2,\"name\":\"Analyses\",\"item\":\"https:\\\/\\\/www.upscience-labs.com\\\/fr\\\/analyses\\\/\"},{\"@type\":\"ListItem\",\"position\":3,\"name\":\"Contaminants\",\"item\":\"https:\\\/\\\/www.upscience-labs.com\\\/fr\\\/analyses\\\/contaminants\\\/\"},{\"@type\":\"ListItem\",\"position\":4,\"name\":\"Autres contaminants\"}]},{\"@type\":\"WebSite\",\"@id\":\"https:\\\/\\\/www.upscience-labs.com\\\/#website\",\"url\":\"https:\\\/\\\/www.upscience-labs.com\\\/\",\"name\":\"Upscience\",\"description\":\"Labs Solutions\",\"potentialAction\":[{\"@type\":\"SearchAction\",\"target\":{\"@type\":\"EntryPoint\",\"urlTemplate\":\"https:\\\/\\\/www.upscience-labs.com\\\/?s={search_term_string}\"},\"query-input\":{\"@type\":\"PropertyValueSpecification\",\"valueRequired\":true,\"valueName\":\"search_term_string\"}}],\"inLanguage\":\"fr-FR\"}]}<\/script>\n<!-- \/ Yoast SEO plugin. -->","yoast_head_json":{"title":"Autres contaminants - R\u00e9seau de laboratoires - Upscience","description":"Upscience offre un large portfolio d'analyses contaminants comprenant la recherche des m\u00e9taux lourds, des mycotoxines, des pesticides...","robots":{"index":"index","follow":"follow","max-snippet":"max-snippet:-1","max-image-preview":"max-image-preview:large","max-video-preview":"max-video-preview:-1"},"canonical":"https:\/\/www.upscience-labs.com\/fr\/analyses\/contaminants\/autres-contaminants\/","og_locale":"fr_FR","og_type":"article","og_title":"Autres contaminants - R\u00e9seau de laboratoires - Upscience","og_description":"Upscience offre un large portfolio d'analyses contaminants comprenant la recherche des m\u00e9taux lourds, des mycotoxines, des pesticides...","og_url":"https:\/\/www.upscience-labs.com\/fr\/analyses\/contaminants\/autres-contaminants\/","og_site_name":"Upscience","article_modified_time":"2026-05-06T14:32:43+00:00","og_image":[{"width":1562,"height":400,"url":"https:\/\/www.upscience-labs.com\/wp-content\/uploads\/2017\/06\/Other-contaminants.jpg","type":"image\/jpeg"}],"twitter_card":"summary_large_image","twitter_misc":{"Dur\u00e9e de lecture estim\u00e9e":"1 minute"},"schema":{"@context":"https:\/\/schema.org","@graph":[{"@type":"WebPage","@id":"https:\/\/www.upscience-labs.com\/fr\/analyses\/contaminants\/autres-contaminants\/","url":"https:\/\/www.upscience-labs.com\/fr\/analyses\/contaminants\/autres-contaminants\/","name":"Autres contaminants - R\u00e9seau de laboratoires - Upscience","isPartOf":{"@id":"https:\/\/www.upscience-labs.com\/#website"},"primaryImageOfPage":{"@id":"https:\/\/www.upscience-labs.com\/fr\/analyses\/contaminants\/autres-contaminants\/#primaryimage"},"image":{"@id":"https:\/\/www.upscience-labs.com\/fr\/analyses\/contaminants\/autres-contaminants\/#primaryimage"},"thumbnailUrl":"https:\/\/www.upscience-labs.com\/wp-content\/uploads\/2017\/06\/Other-contaminants.jpg","datePublished":"2017-09-13T14:17:55+00:00","dateModified":"2026-05-06T14:32:43+00:00","description":"Upscience offre un large portfolio d'analyses contaminants comprenant la recherche des m\u00e9taux lourds, des mycotoxines, des pesticides...","breadcrumb":{"@id":"https:\/\/www.upscience-labs.com\/fr\/analyses\/contaminants\/autres-contaminants\/#breadcrumb"},"inLanguage":"fr-FR","potentialAction":[{"@type":"ReadAction","target":["https:\/\/www.upscience-labs.com\/fr\/analyses\/contaminants\/autres-contaminants\/"]}]},{"@type":"ImageObject","inLanguage":"fr-FR","@id":"https:\/\/www.upscience-labs.com\/fr\/analyses\/contaminants\/autres-contaminants\/#primaryimage","url":"https:\/\/www.upscience-labs.com\/wp-content\/uploads\/2017\/06\/Other-contaminants.jpg","contentUrl":"https:\/\/www.upscience-labs.com\/wp-content\/uploads\/2017\/06\/Other-contaminants.jpg","width":1562,"height":400,"caption":"Factory for freezing and packing fruits. Unrecognizable worker's hands in protective blue gloves working on line for selection of frozen raspberries."},{"@type":"BreadcrumbList","@id":"https:\/\/www.upscience-labs.com\/fr\/analyses\/contaminants\/autres-contaminants\/#breadcrumb","itemListElement":[{"@type":"ListItem","position":1,"name":"Home","item":"https:\/\/www.upscience-labs.com\/fr\/"},{"@type":"ListItem","position":2,"name":"Analyses","item":"https:\/\/www.upscience-labs.com\/fr\/analyses\/"},{"@type":"ListItem","position":3,"name":"Contaminants","item":"https:\/\/www.upscience-labs.com\/fr\/analyses\/contaminants\/"},{"@type":"ListItem","position":4,"name":"Autres contaminants"}]},{"@type":"WebSite","@id":"https:\/\/www.upscience-labs.com\/#website","url":"https:\/\/www.upscience-labs.com\/","name":"Upscience","description":"Labs Solutions","potentialAction":[{"@type":"SearchAction","target":{"@type":"EntryPoint","urlTemplate":"https:\/\/www.upscience-labs.com\/?s={search_term_string}"},"query-input":{"@type":"PropertyValueSpecification","valueRequired":true,"valueName":"search_term_string"}}],"inLanguage":"fr-FR"}]}},"_links":{"self":[{"href":"https:\/\/www.upscience-labs.com\/fr\/wp-json\/wp\/v2\/pages\/2063","targetHints":{"allow":["GET"]}}],"collection":[{"href":"https:\/\/www.upscience-labs.com\/fr\/wp-json\/wp\/v2\/pages"}],"about":[{"href":"https:\/\/www.upscience-labs.com\/fr\/wp-json\/wp\/v2\/types\/page"}],"author":[{"embeddable":true,"href":"https:\/\/www.upscience-labs.com\/fr\/wp-json\/wp\/v2\/users\/22"}],"replies":[{"embeddable":true,"href":"https:\/\/www.upscience-labs.com\/fr\/wp-json\/wp\/v2\/comments?post=2063"}],"version-history":[{"count":3,"href":"https:\/\/www.upscience-labs.com\/fr\/wp-json\/wp\/v2\/pages\/2063\/revisions"}],"predecessor-version":[{"id":6651,"href":"https:\/\/www.upscience-labs.com\/fr\/wp-json\/wp\/v2\/pages\/2063\/revisions\/6651"}],"up":[{"embeddable":true,"href":"https:\/\/www.upscience-labs.com\/fr\/wp-json\/wp\/v2\/pages\/39"}],"wp:featuredmedia":[{"embeddable":true,"href":"https:\/\/www.upscience-labs.com\/fr\/wp-json\/wp\/v2\/media\/1287"}],"wp:attachment":[{"href":"https:\/\/www.upscience-labs.com\/fr\/wp-json\/wp\/v2\/media?parent=2063"}],"curies":[{"name":"wp","href":"https:\/\/api.w.org\/{rel}","templated":true}]}}