{"id":2059,"date":"2017-09-13T16:14:57","date_gmt":"2017-09-13T14:14:57","guid":{"rendered":"https:\/\/www.upscience-labs.com\/nos-offres\/contaminants\/substances-dopantes\/"},"modified":"2021-06-30T17:17:07","modified_gmt":"2021-06-30T15:17:07","slug":"substances-dopantes","status":"publish","type":"page","link":"https:\/\/www.upscience-labs.com\/fr\/analyses\/contaminants\/substances-dopantes\/","title":{"rendered":"Substances dopantes"},"content":{"rendered":"<div class=\"wpb-content-wrapper\"><p>[vc_row][vc_column][vc_column_text]<\/p>\n<h2>Pourquoi est-ce important ?<\/h2>\n<p>Certaines substances sont interdites pour les chevaux engag\u00e9s en comp\u00e9tition.<\/p>\n<p>Les principales mol\u00e9cules qui peuvent \u00eatre impliqu\u00e9es dans la contamination se trouvent dans les plantes suivantes: la luzerne, le th\u00e9, le cacao, le pavot, le roseau g\u00e9ant et la datura.<\/p>\n<p>La contamination peut se produire \u00e0 diff\u00e9rents stades du processus de production d&rsquo;aliments :<\/p>\n<ul>\n<li>Pendant la r\u00e9colte<\/li>\n<li>Pendant le transport<\/li>\n<li>Pendant le stockage des mati\u00e8res premi\u00e8res<\/li>\n<\/ul>\n<h2>Comment Upscience peut vous aider ?<\/h2>\n<p>Upscience propose la d\u00e9tection et la quantification des <strong>Substances Naturelles Alimentaires Prohib\u00e9es (SNAP)<\/strong> dans les mati\u00e8res premi\u00e8res organiques et aliments chevaux.[\/vc_column_text][\/vc_column][\/vc_row][vc_row][vc_column]<div id=\"contactform\" class=\"fondw-bleu\" >\r\n\t\t\t\t\t\t<div class=\"wrap container\">\r\n\t\t\t\t\t\t\t<div class=\"row\">\t \r\n\t\t\t\t\t\t\t\t<div class=\"col-md-6\">\r\n\t\t\t\t\t\t\t\t\t<div class=\"vc_btn3-container vc_btn3-center\">\r\n\t\t\t\t\t\t\t\t\t\t<div class=\"vc_general vc_btn3 vc_btn3-size-lg vc_btn3-shape-round vc_btn3-style-classic vc_btn3-block vc_btn3-color-bleu\"><a href=\"https:\/\/www.upscience-labs.com\/fr\/contact\/\"   >Nous contacter  <\/a>\r\n\t\t\t\t\t\t\t\t\t\t<\/div>\r\n\t\t\t\t\t\t\t\t\t<\/div>\r\n\t\t\t\t\t\t\t\t<\/div><div class=\"col-md-6\">\r\n\t\t\t\t\t\t\t\t\t<div class=\"vc_btn3-container vc_btn3-center\">\r\n\t\t\t\t\t\t\t\t\t\t<div class=\"vc_general vc_btn3 vc_btn3-size-lg vc_btn3-shape-round vc_btn3-style-classic vc_btn3-block vc_btn3-color-bleu\">\r\n\t\t\t\t\t\t\t\t\t\t\t<span  class=\"phonenum\" itemprop=\"telephone\" id=\"clickToShow\"><a href=\"tel:+33 (0)1 71 25 06 06\">+33 (0)1 71 25 06 06<\/a>\r\n\t\t\t\t\t\t\t\t\t\t\t<\/span>\r\n\t\t\t\t\t\t\t\t\t\t<\/div>\r\n\t\t\t\t\t\t\t\t\t<\/div>\r\n\t\t\t\t\t\t\t\t<\/div>\r\n\t\t\t\t\t<script>\r\n\t\t\t\t\t\tjQuery(document).ready(function($) {\r\n\t\t\t\t\t\t\tvar shortNumber = $(\"#clickToShow\").text().substring(0,  $(\"#clickToShow\").text().length - 8);\r\n\t\t\t\t\t\t\tvar eventTracking = \"ga('send', 'event', 'call', 'call', 'phone NUM');\";\r\n\t\t\t\t\t\t\t$(\"#clickToShow\").hide().after('<span   id=\"clickToShowButton\" onClick=\" ' + eventTracking + ' \" >  <i class=\"icon-phone\"> <\/i> Besoin d\\'aide  <\/span >');\r\n\t\t\t\t\t\t\t$(\"#clickToShowButton\").click(function() {\r\n\t\t\t\t\t\t\t\t$(\"#clickToShow\").show();\r\n\t\t\t\t\t\t\t\t$(\"#clickToShowButton\").hide();\r\n\t\t\t\t\t\t\t});\r\n\t\t\t\t\t\t});\r\n\t\t\t\t\t<\/script><div>\t\t\t\t\t \r\n\t\t\t\t\t\t<\/div>\r\n\t\t\t\t\t<\/div>[\/vc_column][\/vc_row]<\/p>\n<\/div>","protected":false},"excerpt":{"rendered":"<p>[vc_row][vc_column][vc_column_text] Pourquoi est-ce important ? Certaines substances sont interdites pour les chevaux engag\u00e9s en comp\u00e9tition. Les principales mol\u00e9cules qui peuvent \u00eatre impliqu\u00e9es dans la contamination se trouvent dans les plantes suivantes: la luzerne, le th\u00e9, le cacao, le pavot, le roseau g\u00e9ant et la datura. La contamination peut se produire \u00e0 diff\u00e9rents stades du processus &hellip; <\/p>\n<div class=\"vc_btn3-container vc_btn3-right\"><a class=\"vc_general vc_btn3 vc_btn3-size-xs vc_btn3-shape-round vc_btn3-color-bleu more-link\" href=\"https:\/\/www.upscience-labs.com\/fr\/analyses\/contaminants\/substances-dopantes\/\">Read More<\/a><\/div>\n","protected":false},"author":22,"featured_media":4373,"parent":39,"menu_order":225,"comment_status":"closed","ping_status":"closed","template":"template-interieur.php","meta":{"_acf_changed":false,"footnotes":""},"class_list":["post-2059","page","type-page","status-publish","has-post-thumbnail","hentry"],"acf":[],"yoast_head":"<!-- This site is optimized with the Yoast SEO plugin v27.6 - https:\/\/yoast.com\/product\/yoast-seo-wordpress\/ -->\n<title>Substances dopantes - R\u00e9seau de laboratoire - Upscience<\/title>\n<meta name=\"description\" content=\"Upscience propose la d\u00e9tection et la quantification des substances dopantes dans les mati\u00e8res premi\u00e8res organiques et aliments chevaux.\" \/>\n<meta name=\"robots\" content=\"index, follow, max-snippet:-1, max-image-preview:large, max-video-preview:-1\" \/>\n<link rel=\"canonical\" href=\"https:\/\/www.upscience-labs.com\/fr\/analyses\/contaminants\/substances-dopantes\/\" \/>\n<meta property=\"og:locale\" content=\"fr_FR\" \/>\n<meta property=\"og:type\" content=\"article\" \/>\n<meta property=\"og:title\" content=\"Substances dopantes - R\u00e9seau de laboratoire - Upscience\" \/>\n<meta property=\"og:description\" content=\"Upscience propose la d\u00e9tection et la quantification des substances dopantes dans les mati\u00e8res premi\u00e8res organiques et aliments chevaux.\" \/>\n<meta property=\"og:url\" content=\"https:\/\/www.upscience-labs.com\/fr\/analyses\/contaminants\/substances-dopantes\/\" \/>\n<meta property=\"og:site_name\" content=\"Upscience\" \/>\n<meta property=\"article:modified_time\" content=\"2021-06-30T15:17:07+00:00\" \/>\n<meta property=\"og:image\" content=\"https:\/\/www.upscience-labs.com\/wp-content\/uploads\/2017\/06\/Performance-enhancing-substances.jpg\" \/>\n\t<meta property=\"og:image:width\" content=\"1676\" \/>\n\t<meta property=\"og:image:height\" content=\"400\" \/>\n\t<meta property=\"og:image:type\" content=\"image\/jpeg\" \/>\n<meta name=\"twitter:card\" content=\"summary_large_image\" \/>\n<meta name=\"twitter:label1\" content=\"Dur\u00e9e de lecture estim\u00e9e\" \/>\n\t<meta name=\"twitter:data1\" content=\"1 minute\" \/>\n<script type=\"application\/ld+json\" class=\"yoast-schema-graph\">{\"@context\":\"https:\\\/\\\/schema.org\",\"@graph\":[{\"@type\":\"WebPage\",\"@id\":\"https:\\\/\\\/www.upscience-labs.com\\\/fr\\\/analyses\\\/contaminants\\\/substances-dopantes\\\/\",\"url\":\"https:\\\/\\\/www.upscience-labs.com\\\/fr\\\/analyses\\\/contaminants\\\/substances-dopantes\\\/\",\"name\":\"Substances dopantes - R\u00e9seau de laboratoire - Upscience\",\"isPartOf\":{\"@id\":\"https:\\\/\\\/www.upscience-labs.com\\\/#website\"},\"primaryImageOfPage\":{\"@id\":\"https:\\\/\\\/www.upscience-labs.com\\\/fr\\\/analyses\\\/contaminants\\\/substances-dopantes\\\/#primaryimage\"},\"image\":{\"@id\":\"https:\\\/\\\/www.upscience-labs.com\\\/fr\\\/analyses\\\/contaminants\\\/substances-dopantes\\\/#primaryimage\"},\"thumbnailUrl\":\"https:\\\/\\\/www.upscience-labs.com\\\/wp-content\\\/uploads\\\/2017\\\/06\\\/Performance-enhancing-substances.jpg\",\"datePublished\":\"2017-09-13T14:14:57+00:00\",\"dateModified\":\"2021-06-30T15:17:07+00:00\",\"description\":\"Upscience propose la d\u00e9tection et la quantification des substances dopantes dans les mati\u00e8res premi\u00e8res organiques et aliments chevaux.\",\"breadcrumb\":{\"@id\":\"https:\\\/\\\/www.upscience-labs.com\\\/fr\\\/analyses\\\/contaminants\\\/substances-dopantes\\\/#breadcrumb\"},\"inLanguage\":\"fr-FR\",\"potentialAction\":[{\"@type\":\"ReadAction\",\"target\":[\"https:\\\/\\\/www.upscience-labs.com\\\/fr\\\/analyses\\\/contaminants\\\/substances-dopantes\\\/\"]}]},{\"@type\":\"ImageObject\",\"inLanguage\":\"fr-FR\",\"@id\":\"https:\\\/\\\/www.upscience-labs.com\\\/fr\\\/analyses\\\/contaminants\\\/substances-dopantes\\\/#primaryimage\",\"url\":\"https:\\\/\\\/www.upscience-labs.com\\\/wp-content\\\/uploads\\\/2017\\\/06\\\/Performance-enhancing-substances.jpg\",\"contentUrl\":\"https:\\\/\\\/www.upscience-labs.com\\\/wp-content\\\/uploads\\\/2017\\\/06\\\/Performance-enhancing-substances.jpg\",\"width\":1676,\"height\":400,\"caption\":\"course hippique\"},{\"@type\":\"BreadcrumbList\",\"@id\":\"https:\\\/\\\/www.upscience-labs.com\\\/fr\\\/analyses\\\/contaminants\\\/substances-dopantes\\\/#breadcrumb\",\"itemListElement\":[{\"@type\":\"ListItem\",\"position\":1,\"name\":\"Home\",\"item\":\"https:\\\/\\\/www.upscience-labs.com\\\/fr\\\/\"},{\"@type\":\"ListItem\",\"position\":2,\"name\":\"Analyses\",\"item\":\"https:\\\/\\\/www.upscience-labs.com\\\/fr\\\/analyses\\\/\"},{\"@type\":\"ListItem\",\"position\":3,\"name\":\"Contaminants\",\"item\":\"https:\\\/\\\/www.upscience-labs.com\\\/fr\\\/analyses\\\/contaminants\\\/\"},{\"@type\":\"ListItem\",\"position\":4,\"name\":\"Substances dopantes\"}]},{\"@type\":\"WebSite\",\"@id\":\"https:\\\/\\\/www.upscience-labs.com\\\/#website\",\"url\":\"https:\\\/\\\/www.upscience-labs.com\\\/\",\"name\":\"Upscience\",\"description\":\"Labs Solutions\",\"potentialAction\":[{\"@type\":\"SearchAction\",\"target\":{\"@type\":\"EntryPoint\",\"urlTemplate\":\"https:\\\/\\\/www.upscience-labs.com\\\/?s={search_term_string}\"},\"query-input\":{\"@type\":\"PropertyValueSpecification\",\"valueRequired\":true,\"valueName\":\"search_term_string\"}}],\"inLanguage\":\"fr-FR\"}]}<\/script>\n<!-- \/ Yoast SEO plugin. -->","yoast_head_json":{"title":"Substances dopantes - R\u00e9seau de laboratoire - Upscience","description":"Upscience propose la d\u00e9tection et la quantification des substances dopantes dans les mati\u00e8res premi\u00e8res organiques et aliments chevaux.","robots":{"index":"index","follow":"follow","max-snippet":"max-snippet:-1","max-image-preview":"max-image-preview:large","max-video-preview":"max-video-preview:-1"},"canonical":"https:\/\/www.upscience-labs.com\/fr\/analyses\/contaminants\/substances-dopantes\/","og_locale":"fr_FR","og_type":"article","og_title":"Substances dopantes - R\u00e9seau de laboratoire - Upscience","og_description":"Upscience propose la d\u00e9tection et la quantification des substances dopantes dans les mati\u00e8res premi\u00e8res organiques et aliments chevaux.","og_url":"https:\/\/www.upscience-labs.com\/fr\/analyses\/contaminants\/substances-dopantes\/","og_site_name":"Upscience","article_modified_time":"2021-06-30T15:17:07+00:00","og_image":[{"width":1676,"height":400,"url":"https:\/\/www.upscience-labs.com\/wp-content\/uploads\/2017\/06\/Performance-enhancing-substances.jpg","type":"image\/jpeg"}],"twitter_card":"summary_large_image","twitter_misc":{"Dur\u00e9e de lecture estim\u00e9e":"1 minute"},"schema":{"@context":"https:\/\/schema.org","@graph":[{"@type":"WebPage","@id":"https:\/\/www.upscience-labs.com\/fr\/analyses\/contaminants\/substances-dopantes\/","url":"https:\/\/www.upscience-labs.com\/fr\/analyses\/contaminants\/substances-dopantes\/","name":"Substances dopantes - R\u00e9seau de laboratoire - Upscience","isPartOf":{"@id":"https:\/\/www.upscience-labs.com\/#website"},"primaryImageOfPage":{"@id":"https:\/\/www.upscience-labs.com\/fr\/analyses\/contaminants\/substances-dopantes\/#primaryimage"},"image":{"@id":"https:\/\/www.upscience-labs.com\/fr\/analyses\/contaminants\/substances-dopantes\/#primaryimage"},"thumbnailUrl":"https:\/\/www.upscience-labs.com\/wp-content\/uploads\/2017\/06\/Performance-enhancing-substances.jpg","datePublished":"2017-09-13T14:14:57+00:00","dateModified":"2021-06-30T15:17:07+00:00","description":"Upscience propose la d\u00e9tection et la quantification des substances dopantes dans les mati\u00e8res premi\u00e8res organiques et aliments chevaux.","breadcrumb":{"@id":"https:\/\/www.upscience-labs.com\/fr\/analyses\/contaminants\/substances-dopantes\/#breadcrumb"},"inLanguage":"fr-FR","potentialAction":[{"@type":"ReadAction","target":["https:\/\/www.upscience-labs.com\/fr\/analyses\/contaminants\/substances-dopantes\/"]}]},{"@type":"ImageObject","inLanguage":"fr-FR","@id":"https:\/\/www.upscience-labs.com\/fr\/analyses\/contaminants\/substances-dopantes\/#primaryimage","url":"https:\/\/www.upscience-labs.com\/wp-content\/uploads\/2017\/06\/Performance-enhancing-substances.jpg","contentUrl":"https:\/\/www.upscience-labs.com\/wp-content\/uploads\/2017\/06\/Performance-enhancing-substances.jpg","width":1676,"height":400,"caption":"course hippique"},{"@type":"BreadcrumbList","@id":"https:\/\/www.upscience-labs.com\/fr\/analyses\/contaminants\/substances-dopantes\/#breadcrumb","itemListElement":[{"@type":"ListItem","position":1,"name":"Home","item":"https:\/\/www.upscience-labs.com\/fr\/"},{"@type":"ListItem","position":2,"name":"Analyses","item":"https:\/\/www.upscience-labs.com\/fr\/analyses\/"},{"@type":"ListItem","position":3,"name":"Contaminants","item":"https:\/\/www.upscience-labs.com\/fr\/analyses\/contaminants\/"},{"@type":"ListItem","position":4,"name":"Substances dopantes"}]},{"@type":"WebSite","@id":"https:\/\/www.upscience-labs.com\/#website","url":"https:\/\/www.upscience-labs.com\/","name":"Upscience","description":"Labs Solutions","potentialAction":[{"@type":"SearchAction","target":{"@type":"EntryPoint","urlTemplate":"https:\/\/www.upscience-labs.com\/?s={search_term_string}"},"query-input":{"@type":"PropertyValueSpecification","valueRequired":true,"valueName":"search_term_string"}}],"inLanguage":"fr-FR"}]}},"_links":{"self":[{"href":"https:\/\/www.upscience-labs.com\/fr\/wp-json\/wp\/v2\/pages\/2059","targetHints":{"allow":["GET"]}}],"collection":[{"href":"https:\/\/www.upscience-labs.com\/fr\/wp-json\/wp\/v2\/pages"}],"about":[{"href":"https:\/\/www.upscience-labs.com\/fr\/wp-json\/wp\/v2\/types\/page"}],"author":[{"embeddable":true,"href":"https:\/\/www.upscience-labs.com\/fr\/wp-json\/wp\/v2\/users\/22"}],"replies":[{"embeddable":true,"href":"https:\/\/www.upscience-labs.com\/fr\/wp-json\/wp\/v2\/comments?post=2059"}],"version-history":[{"count":3,"href":"https:\/\/www.upscience-labs.com\/fr\/wp-json\/wp\/v2\/pages\/2059\/revisions"}],"predecessor-version":[{"id":4469,"href":"https:\/\/www.upscience-labs.com\/fr\/wp-json\/wp\/v2\/pages\/2059\/revisions\/4469"}],"up":[{"embeddable":true,"href":"https:\/\/www.upscience-labs.com\/fr\/wp-json\/wp\/v2\/pages\/39"}],"wp:featuredmedia":[{"embeddable":true,"href":"https:\/\/www.upscience-labs.com\/fr\/wp-json\/wp\/v2\/media\/4373"}],"wp:attachment":[{"href":"https:\/\/www.upscience-labs.com\/fr\/wp-json\/wp\/v2\/media?parent=2059"}],"curies":[{"name":"wp","href":"https:\/\/api.w.org\/{rel}","templated":true}]}}