{"id":2053,"date":"2017-09-13T16:13:28","date_gmt":"2017-09-13T14:13:28","guid":{"rendered":"https:\/\/www.upscience-labs.com\/nos-offres\/contaminants\/dioxines\/"},"modified":"2022-12-22T14:54:44","modified_gmt":"2022-12-22T13:54:44","slug":"dioxines","status":"publish","type":"page","link":"https:\/\/www.upscience-labs.com\/fr\/analyses\/contaminants\/dioxines\/","title":{"rendered":"Dioxines"},"content":{"rendered":"<div class=\"wpb-content-wrapper\"><p>[vc_row][vc_column][vc_column_text]<\/p>\n<h2>Pourquoi est-ce important ?<\/h2>\n<p>Les <strong>dioxines<\/strong> et les <strong>PCB (polychlorobiph\u00e9nyles)<\/strong> sont des polluants environnementaux qui peuvent entrer dans la cha\u00eene alimentaire. Ils r\u00e9sultent de la contamination de l&rsquo;environnement par le transport a\u00e9rien et le d\u00e9p\u00f4t d&rsquo;\u00e9missions provenant de diverses sources: l&rsquo;incin\u00e9ration des d\u00e9chets, la production de produits chimiques, les pesticides, l&rsquo;acier, les peintures&#8230;<\/p>\n<p>Ils sont tr\u00e8s persistants dans la nature et s&rsquo;accumulent dans la cha\u00eene alimentaire, principalement dans le tissu adipeux des animaux. Ils ne sont pas produits intentionnellement ou d\u00e9lib\u00e9r\u00e9ment, mais sont form\u00e9s comme un sous-produit de processus chimiques.<\/p>\n<p>Au fil du temps, ces substances toxiques peuvent avoir des effets n\u00e9fastes sur la sant\u00e9 humaine et peuvent causer des cancers du rein et du foie. 80% de l&rsquo;exposition humaine se fait au travers des aliments. La contamination peut varier consid\u00e9rablement en fonction de l&rsquo;origine de la denr\u00e9e alimentaire. La viande et les produits laitiers, les poissons et les crustac\u00e9s connaissent les taux de contamination les plus \u00e9lev\u00e9s.<\/p>\n<h2>Comment Upscience peut vous aider ?<\/h2>\n<p>Le contr\u00f4le des dioxines et PCB fait l&rsquo;objet de r\u00e9vision r\u00e9glementaires r\u00e9guli\u00e8res notamment sur les dispositions de pr\u00e9l\u00e8vements, d&rsquo;analyses et de teneurs tol\u00e9r\u00e9es (entre autres textes: <a href=\"https:\/\/eur-lex.europa.eu\/homepage.html\" target=\"_blank\" rel=\"noopener\">r\u00e9glements UE 2017\/771 et UE 2017\/644<\/a>).<\/p>\n<p>Upscience, au travers de son r\u00e9seau, propose le dosage des 6 PCB indicateurs, 12 et 17 cong\u00e9n\u00e8res de PCB type dioxines selon les m\u00e9thodes de chromatographie en phase gazeuse d\u00e9finies dans le r\u00e9glement UE 2017\/644. Ces analyses sont r\u00e9alis\u00e9es sous accr\u00e9ditation et notre plateau technique participe \u00e0 des essais inter-laboratoires internationaux dans le cadre de sa d\u00e9marche de qualit\u00e9 continue.[\/vc_column_text][\/vc_column][\/vc_row][vc_row][vc_column]<div id=\"contactform\" class=\"fondw-bleu\" >\r\n\t\t\t\t\t\t<div class=\"wrap container\">\r\n\t\t\t\t\t\t\t<div class=\"row\">\t \r\n\t\t\t\t\t\t\t\t<div class=\"col-md-6\">\r\n\t\t\t\t\t\t\t\t\t<div class=\"vc_btn3-container vc_btn3-center\">\r\n\t\t\t\t\t\t\t\t\t\t<div class=\"vc_general vc_btn3 vc_btn3-size-lg vc_btn3-shape-round vc_btn3-style-classic vc_btn3-block vc_btn3-color-bleu\"><a href=\"https:\/\/www.upscience-labs.com\/fr\/contact\/\"   >Nous contacter  <\/a>\r\n\t\t\t\t\t\t\t\t\t\t<\/div>\r\n\t\t\t\t\t\t\t\t\t<\/div>\r\n\t\t\t\t\t\t\t\t<\/div><div class=\"col-md-6\">\r\n\t\t\t\t\t\t\t\t\t<div class=\"vc_btn3-container vc_btn3-center\">\r\n\t\t\t\t\t\t\t\t\t\t<div class=\"vc_general vc_btn3 vc_btn3-size-lg vc_btn3-shape-round vc_btn3-style-classic vc_btn3-block vc_btn3-color-bleu\">\r\n\t\t\t\t\t\t\t\t\t\t\t<span  class=\"phonenum\" itemprop=\"telephone\" id=\"clickToShow\"><a href=\"tel:+33 (0)1 71 25 06 06\">+33 (0)1 71 25 06 06<\/a>\r\n\t\t\t\t\t\t\t\t\t\t\t<\/span>\r\n\t\t\t\t\t\t\t\t\t\t<\/div>\r\n\t\t\t\t\t\t\t\t\t<\/div>\r\n\t\t\t\t\t\t\t\t<\/div>\r\n\t\t\t\t\t<script>\r\n\t\t\t\t\t\tjQuery(document).ready(function($) {\r\n\t\t\t\t\t\t\tvar shortNumber = $(\"#clickToShow\").text().substring(0,  $(\"#clickToShow\").text().length - 8);\r\n\t\t\t\t\t\t\tvar eventTracking = \"ga('send', 'event', 'call', 'call', 'phone NUM');\";\r\n\t\t\t\t\t\t\t$(\"#clickToShow\").hide().after('<span   id=\"clickToShowButton\" onClick=\" ' + eventTracking + ' \" >  <i class=\"icon-phone\"> <\/i> Besoin d\\'aide  <\/span >');\r\n\t\t\t\t\t\t\t$(\"#clickToShowButton\").click(function() {\r\n\t\t\t\t\t\t\t\t$(\"#clickToShow\").show();\r\n\t\t\t\t\t\t\t\t$(\"#clickToShowButton\").hide();\r\n\t\t\t\t\t\t\t});\r\n\t\t\t\t\t\t});\r\n\t\t\t\t\t<\/script><div>\t\t\t\t\t \r\n\t\t\t\t\t\t<\/div>\r\n\t\t\t\t\t<\/div>[\/vc_column][\/vc_row]<\/p>\n<\/div>","protected":false},"excerpt":{"rendered":"<p>[vc_row][vc_column][vc_column_text] Pourquoi est-ce important ? Les dioxines et les PCB (polychlorobiph\u00e9nyles) sont des polluants environnementaux qui peuvent entrer dans la cha\u00eene alimentaire. Ils r\u00e9sultent de la contamination de l&rsquo;environnement par le transport a\u00e9rien et le d\u00e9p\u00f4t d&rsquo;\u00e9missions provenant de diverses sources: l&rsquo;incin\u00e9ration des d\u00e9chets, la production de produits chimiques, les pesticides, l&rsquo;acier, les peintures&#8230; Ils &hellip; <\/p>\n<div class=\"vc_btn3-container vc_btn3-right\"><a class=\"vc_general vc_btn3 vc_btn3-size-xs vc_btn3-shape-round vc_btn3-color-bleu more-link\" href=\"https:\/\/www.upscience-labs.com\/fr\/analyses\/contaminants\/dioxines\/\">Read More<\/a><\/div>\n","protected":false},"author":22,"featured_media":1277,"parent":39,"menu_order":222,"comment_status":"closed","ping_status":"closed","template":"template-interieur.php","meta":{"_acf_changed":false,"footnotes":""},"class_list":["post-2053","page","type-page","status-publish","has-post-thumbnail","hentry"],"acf":[],"yoast_head":"<!-- This site is optimized with the Yoast SEO plugin v27.4 - https:\/\/yoast.com\/product\/yoast-seo-wordpress\/ -->\n<title>Dioxines - R\u00e9seau de laboratoires - Upscience Dioxines<\/title>\n<meta name=\"description\" content=\"Upscience, au travers de son r\u00e9seau international, propose l&#039;analyse des dioxines et des PCB sous accr\u00e9ditation.\" \/>\n<meta name=\"robots\" content=\"index, follow, max-snippet:-1, max-image-preview:large, max-video-preview:-1\" \/>\n<link rel=\"canonical\" href=\"https:\/\/www.upscience-labs.com\/fr\/analyses\/contaminants\/dioxines\/\" \/>\n<meta property=\"og:locale\" content=\"fr_FR\" \/>\n<meta property=\"og:type\" content=\"article\" \/>\n<meta property=\"og:title\" content=\"Dioxines - R\u00e9seau de laboratoires - Upscience Dioxines\" \/>\n<meta property=\"og:description\" content=\"Upscience, au travers de son r\u00e9seau international, propose l&#039;analyse des dioxines et des PCB sous accr\u00e9ditation.\" \/>\n<meta property=\"og:url\" content=\"https:\/\/www.upscience-labs.com\/fr\/analyses\/contaminants\/dioxines\/\" \/>\n<meta property=\"og:site_name\" content=\"Upscience\" \/>\n<meta property=\"article:modified_time\" content=\"2022-12-22T13:54:44+00:00\" \/>\n<meta property=\"og:image\" content=\"https:\/\/www.upscience-labs.com\/wp-content\/uploads\/2017\/06\/Dioxins.jpg\" \/>\n\t<meta property=\"og:image:width\" content=\"1625\" \/>\n\t<meta property=\"og:image:height\" content=\"400\" \/>\n\t<meta property=\"og:image:type\" content=\"image\/jpeg\" \/>\n<meta name=\"twitter:card\" content=\"summary_large_image\" \/>\n<meta name=\"twitter:label1\" content=\"Dur\u00e9e de lecture estim\u00e9e\" \/>\n\t<meta name=\"twitter:data1\" content=\"2 minutes\" \/>\n<script type=\"application\/ld+json\" class=\"yoast-schema-graph\">{\"@context\":\"https:\\\/\\\/schema.org\",\"@graph\":[{\"@type\":\"WebPage\",\"@id\":\"https:\\\/\\\/www.upscience-labs.com\\\/fr\\\/analyses\\\/contaminants\\\/dioxines\\\/\",\"url\":\"https:\\\/\\\/www.upscience-labs.com\\\/fr\\\/analyses\\\/contaminants\\\/dioxines\\\/\",\"name\":\"Dioxines - R\u00e9seau de laboratoires - Upscience Dioxines\",\"isPartOf\":{\"@id\":\"https:\\\/\\\/www.upscience-labs.com\\\/#website\"},\"primaryImageOfPage\":{\"@id\":\"https:\\\/\\\/www.upscience-labs.com\\\/fr\\\/analyses\\\/contaminants\\\/dioxines\\\/#primaryimage\"},\"image\":{\"@id\":\"https:\\\/\\\/www.upscience-labs.com\\\/fr\\\/analyses\\\/contaminants\\\/dioxines\\\/#primaryimage\"},\"thumbnailUrl\":\"https:\\\/\\\/www.upscience-labs.com\\\/wp-content\\\/uploads\\\/2017\\\/06\\\/Dioxins.jpg\",\"datePublished\":\"2017-09-13T14:13:28+00:00\",\"dateModified\":\"2022-12-22T13:54:44+00:00\",\"description\":\"Upscience, au travers de son r\u00e9seau international, propose l'analyse des dioxines et des PCB sous accr\u00e9ditation.\",\"breadcrumb\":{\"@id\":\"https:\\\/\\\/www.upscience-labs.com\\\/fr\\\/analyses\\\/contaminants\\\/dioxines\\\/#breadcrumb\"},\"inLanguage\":\"fr-FR\",\"potentialAction\":[{\"@type\":\"ReadAction\",\"target\":[\"https:\\\/\\\/www.upscience-labs.com\\\/fr\\\/analyses\\\/contaminants\\\/dioxines\\\/\"]}]},{\"@type\":\"ImageObject\",\"inLanguage\":\"fr-FR\",\"@id\":\"https:\\\/\\\/www.upscience-labs.com\\\/fr\\\/analyses\\\/contaminants\\\/dioxines\\\/#primaryimage\",\"url\":\"https:\\\/\\\/www.upscience-labs.com\\\/wp-content\\\/uploads\\\/2017\\\/06\\\/Dioxins.jpg\",\"contentUrl\":\"https:\\\/\\\/www.upscience-labs.com\\\/wp-content\\\/uploads\\\/2017\\\/06\\\/Dioxins.jpg\",\"width\":1625,\"height\":400},{\"@type\":\"BreadcrumbList\",\"@id\":\"https:\\\/\\\/www.upscience-labs.com\\\/fr\\\/analyses\\\/contaminants\\\/dioxines\\\/#breadcrumb\",\"itemListElement\":[{\"@type\":\"ListItem\",\"position\":1,\"name\":\"Home\",\"item\":\"https:\\\/\\\/www.upscience-labs.com\\\/fr\\\/\"},{\"@type\":\"ListItem\",\"position\":2,\"name\":\"Analyses\",\"item\":\"https:\\\/\\\/www.upscience-labs.com\\\/fr\\\/analyses\\\/\"},{\"@type\":\"ListItem\",\"position\":3,\"name\":\"Contaminants\",\"item\":\"https:\\\/\\\/www.upscience-labs.com\\\/fr\\\/analyses\\\/contaminants\\\/\"},{\"@type\":\"ListItem\",\"position\":4,\"name\":\"Dioxines\"}]},{\"@type\":\"WebSite\",\"@id\":\"https:\\\/\\\/www.upscience-labs.com\\\/#website\",\"url\":\"https:\\\/\\\/www.upscience-labs.com\\\/\",\"name\":\"Upscience\",\"description\":\"Labs Solutions\",\"potentialAction\":[{\"@type\":\"SearchAction\",\"target\":{\"@type\":\"EntryPoint\",\"urlTemplate\":\"https:\\\/\\\/www.upscience-labs.com\\\/?s={search_term_string}\"},\"query-input\":{\"@type\":\"PropertyValueSpecification\",\"valueRequired\":true,\"valueName\":\"search_term_string\"}}],\"inLanguage\":\"fr-FR\"}]}<\/script>\n<!-- \/ Yoast SEO plugin. -->","yoast_head_json":{"title":"Dioxines - R\u00e9seau de laboratoires - Upscience Dioxines","description":"Upscience, au travers de son r\u00e9seau international, propose l'analyse des dioxines et des PCB sous accr\u00e9ditation.","robots":{"index":"index","follow":"follow","max-snippet":"max-snippet:-1","max-image-preview":"max-image-preview:large","max-video-preview":"max-video-preview:-1"},"canonical":"https:\/\/www.upscience-labs.com\/fr\/analyses\/contaminants\/dioxines\/","og_locale":"fr_FR","og_type":"article","og_title":"Dioxines - R\u00e9seau de laboratoires - Upscience Dioxines","og_description":"Upscience, au travers de son r\u00e9seau international, propose l'analyse des dioxines et des PCB sous accr\u00e9ditation.","og_url":"https:\/\/www.upscience-labs.com\/fr\/analyses\/contaminants\/dioxines\/","og_site_name":"Upscience","article_modified_time":"2022-12-22T13:54:44+00:00","og_image":[{"width":1625,"height":400,"url":"https:\/\/www.upscience-labs.com\/wp-content\/uploads\/2017\/06\/Dioxins.jpg","type":"image\/jpeg"}],"twitter_card":"summary_large_image","twitter_misc":{"Dur\u00e9e de lecture estim\u00e9e":"2 minutes"},"schema":{"@context":"https:\/\/schema.org","@graph":[{"@type":"WebPage","@id":"https:\/\/www.upscience-labs.com\/fr\/analyses\/contaminants\/dioxines\/","url":"https:\/\/www.upscience-labs.com\/fr\/analyses\/contaminants\/dioxines\/","name":"Dioxines - R\u00e9seau de laboratoires - Upscience Dioxines","isPartOf":{"@id":"https:\/\/www.upscience-labs.com\/#website"},"primaryImageOfPage":{"@id":"https:\/\/www.upscience-labs.com\/fr\/analyses\/contaminants\/dioxines\/#primaryimage"},"image":{"@id":"https:\/\/www.upscience-labs.com\/fr\/analyses\/contaminants\/dioxines\/#primaryimage"},"thumbnailUrl":"https:\/\/www.upscience-labs.com\/wp-content\/uploads\/2017\/06\/Dioxins.jpg","datePublished":"2017-09-13T14:13:28+00:00","dateModified":"2022-12-22T13:54:44+00:00","description":"Upscience, au travers de son r\u00e9seau international, propose l'analyse des dioxines et des PCB sous accr\u00e9ditation.","breadcrumb":{"@id":"https:\/\/www.upscience-labs.com\/fr\/analyses\/contaminants\/dioxines\/#breadcrumb"},"inLanguage":"fr-FR","potentialAction":[{"@type":"ReadAction","target":["https:\/\/www.upscience-labs.com\/fr\/analyses\/contaminants\/dioxines\/"]}]},{"@type":"ImageObject","inLanguage":"fr-FR","@id":"https:\/\/www.upscience-labs.com\/fr\/analyses\/contaminants\/dioxines\/#primaryimage","url":"https:\/\/www.upscience-labs.com\/wp-content\/uploads\/2017\/06\/Dioxins.jpg","contentUrl":"https:\/\/www.upscience-labs.com\/wp-content\/uploads\/2017\/06\/Dioxins.jpg","width":1625,"height":400},{"@type":"BreadcrumbList","@id":"https:\/\/www.upscience-labs.com\/fr\/analyses\/contaminants\/dioxines\/#breadcrumb","itemListElement":[{"@type":"ListItem","position":1,"name":"Home","item":"https:\/\/www.upscience-labs.com\/fr\/"},{"@type":"ListItem","position":2,"name":"Analyses","item":"https:\/\/www.upscience-labs.com\/fr\/analyses\/"},{"@type":"ListItem","position":3,"name":"Contaminants","item":"https:\/\/www.upscience-labs.com\/fr\/analyses\/contaminants\/"},{"@type":"ListItem","position":4,"name":"Dioxines"}]},{"@type":"WebSite","@id":"https:\/\/www.upscience-labs.com\/#website","url":"https:\/\/www.upscience-labs.com\/","name":"Upscience","description":"Labs Solutions","potentialAction":[{"@type":"SearchAction","target":{"@type":"EntryPoint","urlTemplate":"https:\/\/www.upscience-labs.com\/?s={search_term_string}"},"query-input":{"@type":"PropertyValueSpecification","valueRequired":true,"valueName":"search_term_string"}}],"inLanguage":"fr-FR"}]}},"_links":{"self":[{"href":"https:\/\/www.upscience-labs.com\/fr\/wp-json\/wp\/v2\/pages\/2053","targetHints":{"allow":["GET"]}}],"collection":[{"href":"https:\/\/www.upscience-labs.com\/fr\/wp-json\/wp\/v2\/pages"}],"about":[{"href":"https:\/\/www.upscience-labs.com\/fr\/wp-json\/wp\/v2\/types\/page"}],"author":[{"embeddable":true,"href":"https:\/\/www.upscience-labs.com\/fr\/wp-json\/wp\/v2\/users\/22"}],"replies":[{"embeddable":true,"href":"https:\/\/www.upscience-labs.com\/fr\/wp-json\/wp\/v2\/comments?post=2053"}],"version-history":[{"count":4,"href":"https:\/\/www.upscience-labs.com\/fr\/wp-json\/wp\/v2\/pages\/2053\/revisions"}],"predecessor-version":[{"id":6104,"href":"https:\/\/www.upscience-labs.com\/fr\/wp-json\/wp\/v2\/pages\/2053\/revisions\/6104"}],"up":[{"embeddable":true,"href":"https:\/\/www.upscience-labs.com\/fr\/wp-json\/wp\/v2\/pages\/39"}],"wp:featuredmedia":[{"embeddable":true,"href":"https:\/\/www.upscience-labs.com\/fr\/wp-json\/wp\/v2\/media\/1277"}],"wp:attachment":[{"href":"https:\/\/www.upscience-labs.com\/fr\/wp-json\/wp\/v2\/media?parent=2053"}],"curies":[{"name":"wp","href":"https:\/\/api.w.org\/{rel}","templated":true}]}}