{"id":2051,"date":"2017-09-13T16:12:58","date_gmt":"2017-09-13T14:12:58","guid":{"rendered":"https:\/\/www.upscience-labs.com\/nos-offres\/contaminants\/pesticides\/"},"modified":"2024-02-28T13:19:49","modified_gmt":"2024-02-28T12:19:49","slug":"pesticides","status":"publish","type":"page","link":"https:\/\/www.upscience-labs.com\/fr\/analyses\/contaminants\/pesticides\/","title":{"rendered":"Pesticides"},"content":{"rendered":"<div class=\"wpb-content-wrapper\"><p>[vc_row][vc_column][vc_column_text]<\/p>\n<h2>Pourquoi est-ce important ?<\/h2>\n<p>Les <strong>pesticides<\/strong> sont des <strong>produits chimiques<\/strong> destin\u00e9s \u00e0 repousser, \u00e0 d\u00e9truire ou \u00e0 contr\u00f4ler les <strong>organismes nuisibles<\/strong> et les esp\u00e8ces ind\u00e9sirables des plantes ou d\u2019animaux. Ils comprennent: les herbicides, les fongicides, les insecticides, les acaricides, les r\u00e9gulateurs de croissance et les r\u00e9pulsifs.<\/p>\n<p>Le terme \u00abpesticide\u00bb a une d\u00e9finition plus large que \u00abproduit phytosanitaire\u00bb. Il comprend \u00e9galement des mol\u00e9cules v\u00e9t\u00e9rinaires, des mol\u00e9cules pour la protection du bois ou celles utilis\u00e9es dans les peintures. Le terme \u00ab produit phytosanitaire \u00bb est couramment utilis\u00e9 pour d\u00e9crire ceux utilis\u00e9s uniquement sur les plantes.<\/p>\n<p>Les produits phytosanitaires peuvent repr\u00e9senter un danger pour la sant\u00e9 si l\u2019exposition d\u00e9passe un certain seuil. En effet, l\u2019homme peut d\u00e9velopper de graves pathologies comme la maladie de Parkinson, le cancer de la prostate ou le my\u00e9lome multiple. Chez les enfants, \u00a0ils engendrent un risque pour le d\u00e9veloppement infantile.<\/p>\n<p>En cons\u00e9quence, pour les pays adh\u00e9rents \u00e0 l\u2019Union europ\u00e9enne, l\u2019EFSA (European Food Safety Security) a fix\u00e9 les seuils maximum de r\u00e9sidus de pesticides dans les produits destin\u00e9s \u00e0 l\u2019alimentation humaine ou animale.<\/p>\n<p>\u00c9galement, au sein de l\u2019Union Europ\u00e9enne, toutes les questions relatives aux limites l\u00e9gales des r\u00e9sidus de pesticides dans les aliments et les aliments pour animaux sont r\u00e9gies par <a href=\"https:\/\/eur-lex.europa.eu\/LexUriServ\/LexUriServ.do?uri=OJ:L:2005:070:0001:0016:en:PDF\" target=\"_blank\" rel=\"noopener\">le r\u00e8glement (CE) n\u00b0396\/2005<\/a>. Le pr\u00e9sent r\u00e8glement contient \u00e9galement des dispositions sur les contr\u00f4les officiels des r\u00e9sidus de pesticides dans les <strong>denr\u00e9es alimentaires<\/strong> d\u2019origine v\u00e9g\u00e9tale ou animale qui peuvent r\u00e9sulter de leur utilisation.<\/p>\n<h2>Comment Upscience peut vous aider ?<\/h2>\n<p>Upscience propose des solutions de profils analytiques par famille de pesticides, permettant une adaptation parfaite aux r\u00e9glementations europ\u00e9ennes.[\/vc_column_text][\/vc_column][\/vc_row][vc_row][vc_column]<div id=\"contactform\" class=\"fondw-bleu\" >\r\n\t\t\t\t\t\t<div class=\"wrap container\">\r\n\t\t\t\t\t\t\t<div class=\"row\">\t \r\n\t\t\t\t\t\t\t\t<div class=\"col-md-6\">\r\n\t\t\t\t\t\t\t\t\t<div class=\"vc_btn3-container vc_btn3-center\">\r\n\t\t\t\t\t\t\t\t\t\t<div class=\"vc_general vc_btn3 vc_btn3-size-lg vc_btn3-shape-round vc_btn3-style-classic vc_btn3-block vc_btn3-color-bleu\"><a href=\"https:\/\/www.upscience-labs.com\/fr\/contact\/\"   >Nous contacter  <\/a>\r\n\t\t\t\t\t\t\t\t\t\t<\/div>\r\n\t\t\t\t\t\t\t\t\t<\/div>\r\n\t\t\t\t\t\t\t\t<\/div><div class=\"col-md-6\">\r\n\t\t\t\t\t\t\t\t\t<div class=\"vc_btn3-container vc_btn3-center\">\r\n\t\t\t\t\t\t\t\t\t\t<div class=\"vc_general vc_btn3 vc_btn3-size-lg vc_btn3-shape-round vc_btn3-style-classic vc_btn3-block vc_btn3-color-bleu\">\r\n\t\t\t\t\t\t\t\t\t\t\t<span  class=\"phonenum\" itemprop=\"telephone\" id=\"clickToShow\"><a href=\"tel:+33 (0)1 71 25 06 06\">+33 (0)1 71 25 06 06<\/a>\r\n\t\t\t\t\t\t\t\t\t\t\t<\/span>\r\n\t\t\t\t\t\t\t\t\t\t<\/div>\r\n\t\t\t\t\t\t\t\t\t<\/div>\r\n\t\t\t\t\t\t\t\t<\/div>\r\n\t\t\t\t\t<script>\r\n\t\t\t\t\t\tjQuery(document).ready(function($) {\r\n\t\t\t\t\t\t\tvar shortNumber = $(\"#clickToShow\").text().substring(0,  $(\"#clickToShow\").text().length - 8);\r\n\t\t\t\t\t\t\tvar eventTracking = \"ga('send', 'event', 'call', 'call', 'phone NUM');\";\r\n\t\t\t\t\t\t\t$(\"#clickToShow\").hide().after('<span   id=\"clickToShowButton\" onClick=\" ' + eventTracking + ' \" >  <i class=\"icon-phone\"> <\/i> Besoin d\\'aide  <\/span >');\r\n\t\t\t\t\t\t\t$(\"#clickToShowButton\").click(function() {\r\n\t\t\t\t\t\t\t\t$(\"#clickToShow\").show();\r\n\t\t\t\t\t\t\t\t$(\"#clickToShowButton\").hide();\r\n\t\t\t\t\t\t\t});\r\n\t\t\t\t\t\t});\r\n\t\t\t\t\t<\/script><div>\t\t\t\t\t \r\n\t\t\t\t\t\t<\/div>\r\n\t\t\t\t\t<\/div>[\/vc_column][\/vc_row]<\/p>\n<\/div>","protected":false},"excerpt":{"rendered":"<p>[vc_row][vc_column][vc_column_text] Pourquoi est-ce important ? Les pesticides sont des produits chimiques destin\u00e9s \u00e0 repousser, \u00e0 d\u00e9truire ou \u00e0 contr\u00f4ler les organismes nuisibles et les esp\u00e8ces ind\u00e9sirables des plantes ou d\u2019animaux. Ils comprennent: les herbicides, les fongicides, les insecticides, les acaricides, les r\u00e9gulateurs de croissance et les r\u00e9pulsifs. Le terme \u00abpesticide\u00bb a une d\u00e9finition plus large &hellip; <\/p>\n<div class=\"vc_btn3-container vc_btn3-right\"><a class=\"vc_general vc_btn3 vc_btn3-size-xs vc_btn3-shape-round vc_btn3-color-bleu more-link\" href=\"https:\/\/www.upscience-labs.com\/fr\/analyses\/contaminants\/pesticides\/\">Read More<\/a><\/div>\n","protected":false},"author":22,"featured_media":1316,"parent":39,"menu_order":221,"comment_status":"closed","ping_status":"closed","template":"template-interieur.php","meta":{"_acf_changed":false,"footnotes":""},"class_list":["post-2051","page","type-page","status-publish","has-post-thumbnail","hentry"],"acf":[],"yoast_head":"<!-- This site is optimized with the Yoast SEO plugin v27.3 - https:\/\/yoast.com\/product\/yoast-seo-wordpress\/ -->\n<title>Pesticides - R\u00e9seau de laboratoires - Upscience Pesticides<\/title>\n<meta name=\"description\" content=\"Upscience propose des solutions d&#039;analyse des r\u00e9sidus de produits phytosanitaires (r\u00e9sidus de pesticides) dans les denr\u00e9es alimentaires.\" \/>\n<meta name=\"robots\" content=\"index, follow, max-snippet:-1, max-image-preview:large, max-video-preview:-1\" \/>\n<link rel=\"canonical\" href=\"https:\/\/www.upscience-labs.com\/fr\/analyses\/contaminants\/pesticides\/\" \/>\n<meta property=\"og:locale\" content=\"fr_FR\" \/>\n<meta property=\"og:type\" content=\"article\" \/>\n<meta property=\"og:title\" content=\"Pesticides - R\u00e9seau de laboratoires - Upscience Pesticides\" \/>\n<meta property=\"og:description\" content=\"Upscience propose des solutions d&#039;analyse des r\u00e9sidus de produits phytosanitaires (r\u00e9sidus de pesticides) dans les denr\u00e9es alimentaires.\" \/>\n<meta property=\"og:url\" content=\"https:\/\/www.upscience-labs.com\/fr\/analyses\/contaminants\/pesticides\/\" \/>\n<meta property=\"og:site_name\" content=\"Upscience\" \/>\n<meta property=\"article:modified_time\" content=\"2024-02-28T12:19:49+00:00\" \/>\n<meta property=\"og:image\" content=\"https:\/\/www.upscience-labs.com\/wp-content\/uploads\/2017\/06\/Pesticides-2.jpg\" \/>\n\t<meta property=\"og:image:width\" content=\"1333\" \/>\n\t<meta property=\"og:image:height\" content=\"400\" \/>\n\t<meta property=\"og:image:type\" content=\"image\/jpeg\" \/>\n<meta name=\"twitter:card\" content=\"summary_large_image\" \/>\n<meta name=\"twitter:label1\" content=\"Dur\u00e9e de lecture estim\u00e9e\" \/>\n\t<meta name=\"twitter:data1\" content=\"1 minute\" \/>\n<script type=\"application\/ld+json\" class=\"yoast-schema-graph\">{\"@context\":\"https:\\\/\\\/schema.org\",\"@graph\":[{\"@type\":\"WebPage\",\"@id\":\"https:\\\/\\\/www.upscience-labs.com\\\/fr\\\/analyses\\\/contaminants\\\/pesticides\\\/\",\"url\":\"https:\\\/\\\/www.upscience-labs.com\\\/fr\\\/analyses\\\/contaminants\\\/pesticides\\\/\",\"name\":\"Pesticides - R\u00e9seau de laboratoires - Upscience Pesticides\",\"isPartOf\":{\"@id\":\"https:\\\/\\\/www.upscience-labs.com\\\/#website\"},\"primaryImageOfPage\":{\"@id\":\"https:\\\/\\\/www.upscience-labs.com\\\/fr\\\/analyses\\\/contaminants\\\/pesticides\\\/#primaryimage\"},\"image\":{\"@id\":\"https:\\\/\\\/www.upscience-labs.com\\\/fr\\\/analyses\\\/contaminants\\\/pesticides\\\/#primaryimage\"},\"thumbnailUrl\":\"https:\\\/\\\/www.upscience-labs.com\\\/wp-content\\\/uploads\\\/2017\\\/06\\\/Pesticides-2.jpg\",\"datePublished\":\"2017-09-13T14:12:58+00:00\",\"dateModified\":\"2024-02-28T12:19:49+00:00\",\"description\":\"Upscience propose des solutions d'analyse des r\u00e9sidus de produits phytosanitaires (r\u00e9sidus de pesticides) dans les denr\u00e9es alimentaires.\",\"breadcrumb\":{\"@id\":\"https:\\\/\\\/www.upscience-labs.com\\\/fr\\\/analyses\\\/contaminants\\\/pesticides\\\/#breadcrumb\"},\"inLanguage\":\"fr-FR\",\"potentialAction\":[{\"@type\":\"ReadAction\",\"target\":[\"https:\\\/\\\/www.upscience-labs.com\\\/fr\\\/analyses\\\/contaminants\\\/pesticides\\\/\"]}]},{\"@type\":\"ImageObject\",\"inLanguage\":\"fr-FR\",\"@id\":\"https:\\\/\\\/www.upscience-labs.com\\\/fr\\\/analyses\\\/contaminants\\\/pesticides\\\/#primaryimage\",\"url\":\"https:\\\/\\\/www.upscience-labs.com\\\/wp-content\\\/uploads\\\/2017\\\/06\\\/Pesticides-2.jpg\",\"contentUrl\":\"https:\\\/\\\/www.upscience-labs.com\\\/wp-content\\\/uploads\\\/2017\\\/06\\\/Pesticides-2.jpg\",\"width\":1333,\"height\":400},{\"@type\":\"BreadcrumbList\",\"@id\":\"https:\\\/\\\/www.upscience-labs.com\\\/fr\\\/analyses\\\/contaminants\\\/pesticides\\\/#breadcrumb\",\"itemListElement\":[{\"@type\":\"ListItem\",\"position\":1,\"name\":\"Home\",\"item\":\"https:\\\/\\\/www.upscience-labs.com\\\/fr\\\/\"},{\"@type\":\"ListItem\",\"position\":2,\"name\":\"Analyses\",\"item\":\"https:\\\/\\\/www.upscience-labs.com\\\/fr\\\/analyses\\\/\"},{\"@type\":\"ListItem\",\"position\":3,\"name\":\"Contaminants\",\"item\":\"https:\\\/\\\/www.upscience-labs.com\\\/fr\\\/analyses\\\/contaminants\\\/\"},{\"@type\":\"ListItem\",\"position\":4,\"name\":\"Pesticides\"}]},{\"@type\":\"WebSite\",\"@id\":\"https:\\\/\\\/www.upscience-labs.com\\\/#website\",\"url\":\"https:\\\/\\\/www.upscience-labs.com\\\/\",\"name\":\"Upscience\",\"description\":\"Labs Solutions\",\"potentialAction\":[{\"@type\":\"SearchAction\",\"target\":{\"@type\":\"EntryPoint\",\"urlTemplate\":\"https:\\\/\\\/www.upscience-labs.com\\\/?s={search_term_string}\"},\"query-input\":{\"@type\":\"PropertyValueSpecification\",\"valueRequired\":true,\"valueName\":\"search_term_string\"}}],\"inLanguage\":\"fr-FR\"}]}<\/script>\n<!-- \/ Yoast SEO plugin. -->","yoast_head_json":{"title":"Pesticides - R\u00e9seau de laboratoires - Upscience Pesticides","description":"Upscience propose des solutions d'analyse des r\u00e9sidus de produits phytosanitaires (r\u00e9sidus de pesticides) dans les denr\u00e9es alimentaires.","robots":{"index":"index","follow":"follow","max-snippet":"max-snippet:-1","max-image-preview":"max-image-preview:large","max-video-preview":"max-video-preview:-1"},"canonical":"https:\/\/www.upscience-labs.com\/fr\/analyses\/contaminants\/pesticides\/","og_locale":"fr_FR","og_type":"article","og_title":"Pesticides - R\u00e9seau de laboratoires - Upscience Pesticides","og_description":"Upscience propose des solutions d'analyse des r\u00e9sidus de produits phytosanitaires (r\u00e9sidus de pesticides) dans les denr\u00e9es alimentaires.","og_url":"https:\/\/www.upscience-labs.com\/fr\/analyses\/contaminants\/pesticides\/","og_site_name":"Upscience","article_modified_time":"2024-02-28T12:19:49+00:00","og_image":[{"width":1333,"height":400,"url":"https:\/\/www.upscience-labs.com\/wp-content\/uploads\/2017\/06\/Pesticides-2.jpg","type":"image\/jpeg"}],"twitter_card":"summary_large_image","twitter_misc":{"Dur\u00e9e de lecture estim\u00e9e":"1 minute"},"schema":{"@context":"https:\/\/schema.org","@graph":[{"@type":"WebPage","@id":"https:\/\/www.upscience-labs.com\/fr\/analyses\/contaminants\/pesticides\/","url":"https:\/\/www.upscience-labs.com\/fr\/analyses\/contaminants\/pesticides\/","name":"Pesticides - R\u00e9seau de laboratoires - Upscience Pesticides","isPartOf":{"@id":"https:\/\/www.upscience-labs.com\/#website"},"primaryImageOfPage":{"@id":"https:\/\/www.upscience-labs.com\/fr\/analyses\/contaminants\/pesticides\/#primaryimage"},"image":{"@id":"https:\/\/www.upscience-labs.com\/fr\/analyses\/contaminants\/pesticides\/#primaryimage"},"thumbnailUrl":"https:\/\/www.upscience-labs.com\/wp-content\/uploads\/2017\/06\/Pesticides-2.jpg","datePublished":"2017-09-13T14:12:58+00:00","dateModified":"2024-02-28T12:19:49+00:00","description":"Upscience propose des solutions d'analyse des r\u00e9sidus de produits phytosanitaires (r\u00e9sidus de pesticides) dans les denr\u00e9es alimentaires.","breadcrumb":{"@id":"https:\/\/www.upscience-labs.com\/fr\/analyses\/contaminants\/pesticides\/#breadcrumb"},"inLanguage":"fr-FR","potentialAction":[{"@type":"ReadAction","target":["https:\/\/www.upscience-labs.com\/fr\/analyses\/contaminants\/pesticides\/"]}]},{"@type":"ImageObject","inLanguage":"fr-FR","@id":"https:\/\/www.upscience-labs.com\/fr\/analyses\/contaminants\/pesticides\/#primaryimage","url":"https:\/\/www.upscience-labs.com\/wp-content\/uploads\/2017\/06\/Pesticides-2.jpg","contentUrl":"https:\/\/www.upscience-labs.com\/wp-content\/uploads\/2017\/06\/Pesticides-2.jpg","width":1333,"height":400},{"@type":"BreadcrumbList","@id":"https:\/\/www.upscience-labs.com\/fr\/analyses\/contaminants\/pesticides\/#breadcrumb","itemListElement":[{"@type":"ListItem","position":1,"name":"Home","item":"https:\/\/www.upscience-labs.com\/fr\/"},{"@type":"ListItem","position":2,"name":"Analyses","item":"https:\/\/www.upscience-labs.com\/fr\/analyses\/"},{"@type":"ListItem","position":3,"name":"Contaminants","item":"https:\/\/www.upscience-labs.com\/fr\/analyses\/contaminants\/"},{"@type":"ListItem","position":4,"name":"Pesticides"}]},{"@type":"WebSite","@id":"https:\/\/www.upscience-labs.com\/#website","url":"https:\/\/www.upscience-labs.com\/","name":"Upscience","description":"Labs Solutions","potentialAction":[{"@type":"SearchAction","target":{"@type":"EntryPoint","urlTemplate":"https:\/\/www.upscience-labs.com\/?s={search_term_string}"},"query-input":{"@type":"PropertyValueSpecification","valueRequired":true,"valueName":"search_term_string"}}],"inLanguage":"fr-FR"}]}},"_links":{"self":[{"href":"https:\/\/www.upscience-labs.com\/fr\/wp-json\/wp\/v2\/pages\/2051","targetHints":{"allow":["GET"]}}],"collection":[{"href":"https:\/\/www.upscience-labs.com\/fr\/wp-json\/wp\/v2\/pages"}],"about":[{"href":"https:\/\/www.upscience-labs.com\/fr\/wp-json\/wp\/v2\/types\/page"}],"author":[{"embeddable":true,"href":"https:\/\/www.upscience-labs.com\/fr\/wp-json\/wp\/v2\/users\/22"}],"replies":[{"embeddable":true,"href":"https:\/\/www.upscience-labs.com\/fr\/wp-json\/wp\/v2\/comments?post=2051"}],"version-history":[{"count":4,"href":"https:\/\/www.upscience-labs.com\/fr\/wp-json\/wp\/v2\/pages\/2051\/revisions"}],"predecessor-version":[{"id":5977,"href":"https:\/\/www.upscience-labs.com\/fr\/wp-json\/wp\/v2\/pages\/2051\/revisions\/5977"}],"up":[{"embeddable":true,"href":"https:\/\/www.upscience-labs.com\/fr\/wp-json\/wp\/v2\/pages\/39"}],"wp:featuredmedia":[{"embeddable":true,"href":"https:\/\/www.upscience-labs.com\/fr\/wp-json\/wp\/v2\/media\/1316"}],"wp:attachment":[{"href":"https:\/\/www.upscience-labs.com\/fr\/wp-json\/wp\/v2\/media?parent=2051"}],"curies":[{"name":"wp","href":"https:\/\/api.w.org\/{rel}","templated":true}]}}