{"id":2049,"date":"2017-09-13T16:12:18","date_gmt":"2017-09-13T14:12:18","guid":{"rendered":"https:\/\/www.upscience-labs.com\/nos-offres\/compositional-and-nutritional-analysis\/stabilite-produit\/"},"modified":"2022-12-19T16:16:15","modified_gmt":"2022-12-19T15:16:15","slug":"stabilite-produit","status":"publish","type":"page","link":"https:\/\/www.upscience-labs.com\/fr\/analyses\/analyses-valeurs-nutritionnelles\/stabilite-produit\/","title":{"rendered":"Stabilit\u00e9 produit"},"content":{"rendered":"<div class=\"wpb-content-wrapper\"><p>[vc_row][vc_column][vc_column_text]En plus de la qualit\u00e9 des mati\u00e8res premi\u00e8res et des intrants, ainsi que des conditions de fabrications, les condtionnements utilis\u00e9s (mat\u00e9riaux et poids des unit\u00e9s de vente) et les modalit\u00e9s de stockage sont des crit\u00e8res \u00e0 prendre en compte pour d\u00e9terminer les <strong>dur\u00e9es de vie des produits<\/strong> tout en garantissant les valeurs nutritionnelles affich\u00e9es.<\/p>\n<p>Les <strong>\u00e9tudes de stabilit\u00e9<\/strong> repr\u00e9sentent la solution pour s\u2019assurer de la qualit\u00e9 des produits au fil du temps car les caract\u00e9ristiques d\u2019un produit peuvent changer, causant une alt\u00e9ration de ce dernier.<\/p>\n<p>Lors de projets R&amp;D, les \u00e9tudes permettent d\u2019\u00e9valuer un changement de formulation \u00a0ou de process sur la conservation de vos produits. De fa\u00e7on g\u00e9n\u00e9rale, les r\u00e9sultats \u00a0aideront \u00e0 la d\u00e9termination de la dur\u00e9e de vie et des conditions de stockage du produit.<\/p>\n<h2>Comment Upscience peut vous aider?<\/h2>\n<p>Upscience accompagne ses clients dans leurs d\u00e9marches de <strong>validation de la stabilit\u00e9<\/strong> de leurs produits en proposant diff\u00e9rentes <strong>conditions ICH <\/strong>: 25\u00b0C\/60% Humidit\u00e9 Relative (HR); 30\u00b0C\/65% HR; 30\u00b0C\/HR, 40\u00b0C\/75% HR<\/p>\n<p>Les param\u00e8tres suivants peuvent \u00eatre \u00e9valu\u00e9s pour la stabilit\u00e9 :<\/p>\n<ul>\n<li>Crit\u00e8res d&rsquo;oxydations : mesure des indices d&rsquo;anisidines et p\u00e9roxydes, Totox<\/li>\n<li>Teneurs en antioxydants (acide carnosique &amp; carnosol, BHA et BHT, gallates de propyle, gallates d&rsquo;octyle)<\/li>\n<li>Teneurs en pigment<\/li>\n<li>Vitamines hydrosolubles et liposolubles<\/li>\n<li>Flavono\u00efdes<\/li>\n<li>Polyph\u00e9nols<\/li>\n<li>Germes pathog\u00e8nes: <em>Salmonella<\/em>, <em>Listeria<\/em>, <em>Escherichia Coli<\/em><\/li>\n<li>Et plus&#8230;<\/li>\n<\/ul>\n<p>[\/vc_column_text][\/vc_column][\/vc_row][vc_row][vc_column]<div id=\"contactform\" class=\"fondw-bleu\" >\r\n\t\t\t\t\t\t<div class=\"wrap container\">\r\n\t\t\t\t\t\t\t<div class=\"row\">\t \r\n\t\t\t\t\t\t\t\t<div class=\"col-md-6\">\r\n\t\t\t\t\t\t\t\t\t<div class=\"vc_btn3-container vc_btn3-center\">\r\n\t\t\t\t\t\t\t\t\t\t<div class=\"vc_general vc_btn3 vc_btn3-size-lg vc_btn3-shape-round vc_btn3-style-classic vc_btn3-block vc_btn3-color-bleu\"><a href=\"https:\/\/www.upscience-labs.com\/fr\/contact\/\"   >Nous contacter  <\/a>\r\n\t\t\t\t\t\t\t\t\t\t<\/div>\r\n\t\t\t\t\t\t\t\t\t<\/div>\r\n\t\t\t\t\t\t\t\t<\/div><div class=\"col-md-6\">\r\n\t\t\t\t\t\t\t\t\t<div class=\"vc_btn3-container vc_btn3-center\">\r\n\t\t\t\t\t\t\t\t\t\t<div class=\"vc_general vc_btn3 vc_btn3-size-lg vc_btn3-shape-round vc_btn3-style-classic vc_btn3-block vc_btn3-color-bleu\">\r\n\t\t\t\t\t\t\t\t\t\t\t<span  class=\"phonenum\" itemprop=\"telephone\" id=\"clickToShow\"><a href=\"tel:+33 (0)1 71 25 06 06\">+33 (0)1 71 25 06 06<\/a>\r\n\t\t\t\t\t\t\t\t\t\t\t<\/span>\r\n\t\t\t\t\t\t\t\t\t\t<\/div>\r\n\t\t\t\t\t\t\t\t\t<\/div>\r\n\t\t\t\t\t\t\t\t<\/div>\r\n\t\t\t\t\t<script>\r\n\t\t\t\t\t\tjQuery(document).ready(function($) {\r\n\t\t\t\t\t\t\tvar shortNumber = $(\"#clickToShow\").text().substring(0,  $(\"#clickToShow\").text().length - 8);\r\n\t\t\t\t\t\t\tvar eventTracking = \"ga('send', 'event', 'call', 'call', 'phone NUM');\";\r\n\t\t\t\t\t\t\t$(\"#clickToShow\").hide().after('<span   id=\"clickToShowButton\" onClick=\" ' + eventTracking + ' \" >  <i class=\"icon-phone\"> <\/i> Besoin d\\'aide  <\/span >');\r\n\t\t\t\t\t\t\t$(\"#clickToShowButton\").click(function() {\r\n\t\t\t\t\t\t\t\t$(\"#clickToShow\").show();\r\n\t\t\t\t\t\t\t\t$(\"#clickToShowButton\").hide();\r\n\t\t\t\t\t\t\t});\r\n\t\t\t\t\t\t});\r\n\t\t\t\t\t<\/script><div>\t\t\t\t\t \r\n\t\t\t\t\t\t<\/div>\r\n\t\t\t\t\t<\/div>[\/vc_column][\/vc_row]<\/p>\n<\/div>","protected":false},"excerpt":{"rendered":"<p>[vc_row][vc_column][vc_column_text]En plus de la qualit\u00e9 des mati\u00e8res premi\u00e8res et des intrants, ainsi que des conditions de fabrications, les condtionnements utilis\u00e9s (mat\u00e9riaux et poids des unit\u00e9s de vente) et les modalit\u00e9s de stockage sont des crit\u00e8res \u00e0 prendre en compte pour d\u00e9terminer les dur\u00e9es de vie des produits tout en garantissant les valeurs nutritionnelles affich\u00e9es. Les &hellip; <\/p>\n<div class=\"vc_btn3-container vc_btn3-right\"><a class=\"vc_general vc_btn3 vc_btn3-size-xs vc_btn3-shape-round vc_btn3-color-bleu more-link\" href=\"https:\/\/www.upscience-labs.com\/fr\/analyses\/analyses-valeurs-nutritionnelles\/stabilite-produit\/\">Read More<\/a><\/div>\n","protected":false},"author":22,"featured_media":5831,"parent":33,"menu_order":212,"comment_status":"closed","ping_status":"closed","template":"template-interieur.php","meta":{"_acf_changed":false,"footnotes":""},"class_list":["post-2049","page","type-page","status-publish","has-post-thumbnail","hentry"],"acf":[],"yoast_head":"<!-- This site is optimized with the Yoast SEO plugin v27.5 - https:\/\/yoast.com\/product\/yoast-seo-wordpress\/ -->\n<title>Stabilit\u00e9 produit - R\u00e9seau de laboratoire - Upscience<\/title>\n<meta name=\"description\" content=\"Le r\u00e9seau de laboratoires Upscience r\u00e9alise des \u00e9tudes de stabilit\u00e9 produits puis valide selon les conditions ICH.\" \/>\n<meta name=\"robots\" content=\"index, follow, max-snippet:-1, max-image-preview:large, max-video-preview:-1\" \/>\n<link rel=\"canonical\" href=\"https:\/\/www.upscience-labs.com\/fr\/analyses\/analyses-valeurs-nutritionnelles\/stabilite-produit\/\" \/>\n<meta property=\"og:locale\" content=\"fr_FR\" \/>\n<meta property=\"og:type\" content=\"article\" \/>\n<meta property=\"og:title\" content=\"Stabilit\u00e9 produit - R\u00e9seau de laboratoire - Upscience\" \/>\n<meta property=\"og:description\" content=\"Le r\u00e9seau de laboratoires Upscience r\u00e9alise des \u00e9tudes de stabilit\u00e9 produits puis valide selon les conditions ICH.\" \/>\n<meta property=\"og:url\" content=\"https:\/\/www.upscience-labs.com\/fr\/analyses\/analyses-valeurs-nutritionnelles\/stabilite-produit\/\" \/>\n<meta property=\"og:site_name\" content=\"Upscience\" \/>\n<meta property=\"article:modified_time\" content=\"2022-12-19T15:16:15+00:00\" \/>\n<meta property=\"og:image\" content=\"https:\/\/www.upscience-labs.com\/wp-content\/uploads\/2022\/11\/visuel_stabilite-produit_-site-internet-scaled.jpeg\" \/>\n\t<meta property=\"og:image:width\" content=\"2560\" \/>\n\t<meta property=\"og:image:height\" content=\"853\" \/>\n\t<meta property=\"og:image:type\" content=\"image\/jpeg\" \/>\n<meta name=\"twitter:card\" content=\"summary_large_image\" \/>\n<meta name=\"twitter:label1\" content=\"Dur\u00e9e de lecture estim\u00e9e\" \/>\n\t<meta name=\"twitter:data1\" content=\"1 minute\" \/>\n<script type=\"application\/ld+json\" class=\"yoast-schema-graph\">{\"@context\":\"https:\\\/\\\/schema.org\",\"@graph\":[{\"@type\":\"WebPage\",\"@id\":\"https:\\\/\\\/www.upscience-labs.com\\\/fr\\\/analyses\\\/analyses-valeurs-nutritionnelles\\\/stabilite-produit\\\/\",\"url\":\"https:\\\/\\\/www.upscience-labs.com\\\/fr\\\/analyses\\\/analyses-valeurs-nutritionnelles\\\/stabilite-produit\\\/\",\"name\":\"Stabilit\u00e9 produit - R\u00e9seau de laboratoire - Upscience\",\"isPartOf\":{\"@id\":\"https:\\\/\\\/www.upscience-labs.com\\\/#website\"},\"primaryImageOfPage\":{\"@id\":\"https:\\\/\\\/www.upscience-labs.com\\\/fr\\\/analyses\\\/analyses-valeurs-nutritionnelles\\\/stabilite-produit\\\/#primaryimage\"},\"image\":{\"@id\":\"https:\\\/\\\/www.upscience-labs.com\\\/fr\\\/analyses\\\/analyses-valeurs-nutritionnelles\\\/stabilite-produit\\\/#primaryimage\"},\"thumbnailUrl\":\"https:\\\/\\\/www.upscience-labs.com\\\/wp-content\\\/uploads\\\/2022\\\/11\\\/visuel_stabilite-produit_-site-internet-scaled.jpeg\",\"datePublished\":\"2017-09-13T14:12:18+00:00\",\"dateModified\":\"2022-12-19T15:16:15+00:00\",\"description\":\"Le r\u00e9seau de laboratoires Upscience r\u00e9alise des \u00e9tudes de stabilit\u00e9 produits puis valide selon les conditions ICH.\",\"breadcrumb\":{\"@id\":\"https:\\\/\\\/www.upscience-labs.com\\\/fr\\\/analyses\\\/analyses-valeurs-nutritionnelles\\\/stabilite-produit\\\/#breadcrumb\"},\"inLanguage\":\"fr-FR\",\"potentialAction\":[{\"@type\":\"ReadAction\",\"target\":[\"https:\\\/\\\/www.upscience-labs.com\\\/fr\\\/analyses\\\/analyses-valeurs-nutritionnelles\\\/stabilite-produit\\\/\"]}]},{\"@type\":\"ImageObject\",\"inLanguage\":\"fr-FR\",\"@id\":\"https:\\\/\\\/www.upscience-labs.com\\\/fr\\\/analyses\\\/analyses-valeurs-nutritionnelles\\\/stabilite-produit\\\/#primaryimage\",\"url\":\"https:\\\/\\\/www.upscience-labs.com\\\/wp-content\\\/uploads\\\/2022\\\/11\\\/visuel_stabilite-produit_-site-internet-scaled.jpeg\",\"contentUrl\":\"https:\\\/\\\/www.upscience-labs.com\\\/wp-content\\\/uploads\\\/2022\\\/11\\\/visuel_stabilite-produit_-site-internet-scaled.jpeg\",\"width\":2560,\"height\":853,\"caption\":\"A male chemist holds test tube of glass in his hand overflows a liquid solution of potassium permanganate conducts an analysis reaction takes various versions of reagents using chemical manufacturing.\"},{\"@type\":\"BreadcrumbList\",\"@id\":\"https:\\\/\\\/www.upscience-labs.com\\\/fr\\\/analyses\\\/analyses-valeurs-nutritionnelles\\\/stabilite-produit\\\/#breadcrumb\",\"itemListElement\":[{\"@type\":\"ListItem\",\"position\":1,\"name\":\"Home\",\"item\":\"https:\\\/\\\/www.upscience-labs.com\\\/fr\\\/\"},{\"@type\":\"ListItem\",\"position\":2,\"name\":\"Analyses\",\"item\":\"https:\\\/\\\/www.upscience-labs.com\\\/fr\\\/analyses\\\/\"},{\"@type\":\"ListItem\",\"position\":3,\"name\":\"Valeurs nutritionnelles\",\"item\":\"https:\\\/\\\/www.upscience-labs.com\\\/fr\\\/analyses\\\/analyses-valeurs-nutritionnelles\\\/\"},{\"@type\":\"ListItem\",\"position\":4,\"name\":\"Stabilit\u00e9 produit\"}]},{\"@type\":\"WebSite\",\"@id\":\"https:\\\/\\\/www.upscience-labs.com\\\/#website\",\"url\":\"https:\\\/\\\/www.upscience-labs.com\\\/\",\"name\":\"Upscience\",\"description\":\"Labs Solutions\",\"potentialAction\":[{\"@type\":\"SearchAction\",\"target\":{\"@type\":\"EntryPoint\",\"urlTemplate\":\"https:\\\/\\\/www.upscience-labs.com\\\/?s={search_term_string}\"},\"query-input\":{\"@type\":\"PropertyValueSpecification\",\"valueRequired\":true,\"valueName\":\"search_term_string\"}}],\"inLanguage\":\"fr-FR\"}]}<\/script>\n<!-- \/ Yoast SEO plugin. -->","yoast_head_json":{"title":"Stabilit\u00e9 produit - R\u00e9seau de laboratoire - Upscience","description":"Le r\u00e9seau de laboratoires Upscience r\u00e9alise des \u00e9tudes de stabilit\u00e9 produits puis valide selon les conditions ICH.","robots":{"index":"index","follow":"follow","max-snippet":"max-snippet:-1","max-image-preview":"max-image-preview:large","max-video-preview":"max-video-preview:-1"},"canonical":"https:\/\/www.upscience-labs.com\/fr\/analyses\/analyses-valeurs-nutritionnelles\/stabilite-produit\/","og_locale":"fr_FR","og_type":"article","og_title":"Stabilit\u00e9 produit - R\u00e9seau de laboratoire - Upscience","og_description":"Le r\u00e9seau de laboratoires Upscience r\u00e9alise des \u00e9tudes de stabilit\u00e9 produits puis valide selon les conditions ICH.","og_url":"https:\/\/www.upscience-labs.com\/fr\/analyses\/analyses-valeurs-nutritionnelles\/stabilite-produit\/","og_site_name":"Upscience","article_modified_time":"2022-12-19T15:16:15+00:00","og_image":[{"width":2560,"height":853,"url":"https:\/\/www.upscience-labs.com\/wp-content\/uploads\/2022\/11\/visuel_stabilite-produit_-site-internet-scaled.jpeg","type":"image\/jpeg"}],"twitter_card":"summary_large_image","twitter_misc":{"Dur\u00e9e de lecture estim\u00e9e":"1 minute"},"schema":{"@context":"https:\/\/schema.org","@graph":[{"@type":"WebPage","@id":"https:\/\/www.upscience-labs.com\/fr\/analyses\/analyses-valeurs-nutritionnelles\/stabilite-produit\/","url":"https:\/\/www.upscience-labs.com\/fr\/analyses\/analyses-valeurs-nutritionnelles\/stabilite-produit\/","name":"Stabilit\u00e9 produit - R\u00e9seau de laboratoire - Upscience","isPartOf":{"@id":"https:\/\/www.upscience-labs.com\/#website"},"primaryImageOfPage":{"@id":"https:\/\/www.upscience-labs.com\/fr\/analyses\/analyses-valeurs-nutritionnelles\/stabilite-produit\/#primaryimage"},"image":{"@id":"https:\/\/www.upscience-labs.com\/fr\/analyses\/analyses-valeurs-nutritionnelles\/stabilite-produit\/#primaryimage"},"thumbnailUrl":"https:\/\/www.upscience-labs.com\/wp-content\/uploads\/2022\/11\/visuel_stabilite-produit_-site-internet-scaled.jpeg","datePublished":"2017-09-13T14:12:18+00:00","dateModified":"2022-12-19T15:16:15+00:00","description":"Le r\u00e9seau de laboratoires Upscience r\u00e9alise des \u00e9tudes de stabilit\u00e9 produits puis valide selon les conditions ICH.","breadcrumb":{"@id":"https:\/\/www.upscience-labs.com\/fr\/analyses\/analyses-valeurs-nutritionnelles\/stabilite-produit\/#breadcrumb"},"inLanguage":"fr-FR","potentialAction":[{"@type":"ReadAction","target":["https:\/\/www.upscience-labs.com\/fr\/analyses\/analyses-valeurs-nutritionnelles\/stabilite-produit\/"]}]},{"@type":"ImageObject","inLanguage":"fr-FR","@id":"https:\/\/www.upscience-labs.com\/fr\/analyses\/analyses-valeurs-nutritionnelles\/stabilite-produit\/#primaryimage","url":"https:\/\/www.upscience-labs.com\/wp-content\/uploads\/2022\/11\/visuel_stabilite-produit_-site-internet-scaled.jpeg","contentUrl":"https:\/\/www.upscience-labs.com\/wp-content\/uploads\/2022\/11\/visuel_stabilite-produit_-site-internet-scaled.jpeg","width":2560,"height":853,"caption":"A male chemist holds test tube of glass in his hand overflows a liquid solution of potassium permanganate conducts an analysis reaction takes various versions of reagents using chemical manufacturing."},{"@type":"BreadcrumbList","@id":"https:\/\/www.upscience-labs.com\/fr\/analyses\/analyses-valeurs-nutritionnelles\/stabilite-produit\/#breadcrumb","itemListElement":[{"@type":"ListItem","position":1,"name":"Home","item":"https:\/\/www.upscience-labs.com\/fr\/"},{"@type":"ListItem","position":2,"name":"Analyses","item":"https:\/\/www.upscience-labs.com\/fr\/analyses\/"},{"@type":"ListItem","position":3,"name":"Valeurs nutritionnelles","item":"https:\/\/www.upscience-labs.com\/fr\/analyses\/analyses-valeurs-nutritionnelles\/"},{"@type":"ListItem","position":4,"name":"Stabilit\u00e9 produit"}]},{"@type":"WebSite","@id":"https:\/\/www.upscience-labs.com\/#website","url":"https:\/\/www.upscience-labs.com\/","name":"Upscience","description":"Labs Solutions","potentialAction":[{"@type":"SearchAction","target":{"@type":"EntryPoint","urlTemplate":"https:\/\/www.upscience-labs.com\/?s={search_term_string}"},"query-input":{"@type":"PropertyValueSpecification","valueRequired":true,"valueName":"search_term_string"}}],"inLanguage":"fr-FR"}]}},"_links":{"self":[{"href":"https:\/\/www.upscience-labs.com\/fr\/wp-json\/wp\/v2\/pages\/2049","targetHints":{"allow":["GET"]}}],"collection":[{"href":"https:\/\/www.upscience-labs.com\/fr\/wp-json\/wp\/v2\/pages"}],"about":[{"href":"https:\/\/www.upscience-labs.com\/fr\/wp-json\/wp\/v2\/types\/page"}],"author":[{"embeddable":true,"href":"https:\/\/www.upscience-labs.com\/fr\/wp-json\/wp\/v2\/users\/22"}],"replies":[{"embeddable":true,"href":"https:\/\/www.upscience-labs.com\/fr\/wp-json\/wp\/v2\/comments?post=2049"}],"version-history":[{"count":5,"href":"https:\/\/www.upscience-labs.com\/fr\/wp-json\/wp\/v2\/pages\/2049\/revisions"}],"predecessor-version":[{"id":5979,"href":"https:\/\/www.upscience-labs.com\/fr\/wp-json\/wp\/v2\/pages\/2049\/revisions\/5979"}],"up":[{"embeddable":true,"href":"https:\/\/www.upscience-labs.com\/fr\/wp-json\/wp\/v2\/pages\/33"}],"wp:featuredmedia":[{"embeddable":true,"href":"https:\/\/www.upscience-labs.com\/fr\/wp-json\/wp\/v2\/media\/5831"}],"wp:attachment":[{"href":"https:\/\/www.upscience-labs.com\/fr\/wp-json\/wp\/v2\/media?parent=2049"}],"curies":[{"name":"wp","href":"https:\/\/api.w.org\/{rel}","templated":true}]}}