{"id":2047,"date":"2017-09-13T16:10:30","date_gmt":"2017-09-13T14:10:30","guid":{"rendered":"https:\/\/www.upscience-labs.com\/nos-offres\/compositional-and-nutritional-analysis\/valeurs-nutritionnelles\/"},"modified":"2022-12-22T14:45:03","modified_gmt":"2022-12-22T13:45:03","slug":"analyses-de-composition","status":"publish","type":"page","link":"https:\/\/www.upscience-labs.com\/fr\/analyses\/analyses-valeurs-nutritionnelles\/analyses-de-composition\/","title":{"rendered":"Analyses de composition"},"content":{"rendered":"<div class=\"wpb-content-wrapper\"><p>[vc_row][vc_column][vc_column_text]L\u2019analyse de <strong>valeurs nutritionnelles<\/strong> permet d\u2019\u00e9tablir ou confirmer le contenu nutritif des produits qu&rsquo;ils soient \u00e0 destination de l&rsquo;alimentation humaine ou animale (y compris petfood). Ces analyses permettent aussi de valoriser la composition de vos produits, en mettant en avant leurs qualit\u00e9s nutritionnelles (contenu de fibre, de min\u00e9raux sp\u00e9cifiques, des probiotiques, etc).<\/p>\n<p>En\u00a0 terme d&rsquo;aliments destin\u00e9s \u00e0 la consommation humaine, les r\u00e8glementations nationales et internationales ont \u00e9t\u00e9 \u00e9tablies pour prot\u00e9ger et informer le consommateur. Ces derni\u00e8res ann\u00e9es, l\u2019Union europ\u00e9enne a renforc\u00e9 la l\u00e9gislation sur l\u2019<strong>\u00e9tiquetage des produits alimentaires<\/strong>. Le <a href=\"https:\/\/eur-lex.europa.eu\/homepage.html\" target=\"_blank\" rel=\"noopener\">r\u00e8glement N\u00b01169\/2011 dit \u00ab INCO \u00bb<\/a> (pour Informations des COnsommateurs) est en vigueur depuis 2014 pour les fabricants et les distributeurs de produits emball\u00e9s et non-emball\u00e9s. Cette r\u00e8glementation encadre l\u2019\u00e9tiquetage des valeurs nutritionnelles, des OGM, des allerg\u00e8nes, des ingr\u00e9dients carn\u00e9s (identification d\u2019esp\u00e8ces) et les all\u00e9gations nutritionnelles (\u00ab riche en fibres \u00bb, \u00ab source de prot\u00e9ines \u00bb, \u00ab faible en mati\u00e8re grasse \u00bb, \u00ab source de vitamines \u00bb,\u2026).<\/p>\n<p>Beaucoup de pays n\u2019ont pas de r\u00e8glementations sp\u00e9cifiques relatives \u00e0 l\u2019\u00e9tiquetage des produits alimentaires ; ils restent cependant tous concern\u00e9s par la demande croissante en tra\u00e7abilit\u00e9, transparence et qualit\u00e9 des produits.<\/p>\n<p>Dans le contexte de l&rsquo;alimentation des animaux d&rsquo;\u00e9levage comme de compagnie, conna\u00eetre et maitriser au mieux la valeur nutritive des mati\u00e8res premi\u00e8res et produits finis a une r\u00e9percution directe sur la perfomance de l&rsquo;animal (production de masse musculaire, lait , reproduction pour les \u00e9levages; croissance, sant\u00e9, long\u00e9vit\u00e9 pour les animaux de compagnie).<\/p>\n<h2>Comment Upscience peut vous aider ?<\/h2>\n<p>Upscience vous accompagne dans la ma\u00eetrise de l\u2019\u00e9tiquetage et la valorisation de vos produits \u00e0 la fois au niveau local et mondial, en vous proposant tous les param\u00e8tres requis et en veillant \u00e0 ce que les niveaux acceptables soient respect\u00e9s.[\/vc_column_text][\/vc_column][\/vc_row][vc_row][vc_column]<div id=\"contactform\" class=\"fondw-bleu\" >\r\n\t\t\t\t\t\t<div class=\"wrap container\">\r\n\t\t\t\t\t\t\t<div class=\"row\">\t \r\n\t\t\t\t\t\t\t\t<div class=\"col-md-6\">\r\n\t\t\t\t\t\t\t\t\t<div class=\"vc_btn3-container vc_btn3-center\">\r\n\t\t\t\t\t\t\t\t\t\t<div class=\"vc_general vc_btn3 vc_btn3-size-lg vc_btn3-shape-round vc_btn3-style-classic vc_btn3-block vc_btn3-color-bleu\"><a href=\"https:\/\/www.upscience-labs.com\/fr\/contact\/\"   >Nous contacter  <\/a>\r\n\t\t\t\t\t\t\t\t\t\t<\/div>\r\n\t\t\t\t\t\t\t\t\t<\/div>\r\n\t\t\t\t\t\t\t\t<\/div><div class=\"col-md-6\">\r\n\t\t\t\t\t\t\t\t\t<div class=\"vc_btn3-container vc_btn3-center\">\r\n\t\t\t\t\t\t\t\t\t\t<div class=\"vc_general vc_btn3 vc_btn3-size-lg vc_btn3-shape-round vc_btn3-style-classic vc_btn3-block vc_btn3-color-bleu\">\r\n\t\t\t\t\t\t\t\t\t\t\t<span  class=\"phonenum\" itemprop=\"telephone\" id=\"clickToShow\"><a href=\"tel:+33 (0)1 71 25 06 06\">+33 (0)1 71 25 06 06<\/a>\r\n\t\t\t\t\t\t\t\t\t\t\t<\/span>\r\n\t\t\t\t\t\t\t\t\t\t<\/div>\r\n\t\t\t\t\t\t\t\t\t<\/div>\r\n\t\t\t\t\t\t\t\t<\/div>\r\n\t\t\t\t\t<script>\r\n\t\t\t\t\t\tjQuery(document).ready(function($) {\r\n\t\t\t\t\t\t\tvar shortNumber = $(\"#clickToShow\").text().substring(0,  $(\"#clickToShow\").text().length - 8);\r\n\t\t\t\t\t\t\tvar eventTracking = \"ga('send', 'event', 'call', 'call', 'phone NUM');\";\r\n\t\t\t\t\t\t\t$(\"#clickToShow\").hide().after('<span   id=\"clickToShowButton\" onClick=\" ' + eventTracking + ' \" >  <i class=\"icon-phone\"> <\/i> Besoin d\\'aide  <\/span >');\r\n\t\t\t\t\t\t\t$(\"#clickToShowButton\").click(function() {\r\n\t\t\t\t\t\t\t\t$(\"#clickToShow\").show();\r\n\t\t\t\t\t\t\t\t$(\"#clickToShowButton\").hide();\r\n\t\t\t\t\t\t\t});\r\n\t\t\t\t\t\t});\r\n\t\t\t\t\t<\/script><div>\t\t\t\t\t \r\n\t\t\t\t\t\t<\/div>\r\n\t\t\t\t\t<\/div>[\/vc_column][\/vc_row]<\/p>\n<\/div>","protected":false},"excerpt":{"rendered":"<p>[vc_row][vc_column][vc_column_text]L\u2019analyse de valeurs nutritionnelles permet d\u2019\u00e9tablir ou confirmer le contenu nutritif des produits qu&rsquo;ils soient \u00e0 destination de l&rsquo;alimentation humaine ou animale (y compris petfood). Ces analyses permettent aussi de valoriser la composition de vos produits, en mettant en avant leurs qualit\u00e9s nutritionnelles (contenu de fibre, de min\u00e9raux sp\u00e9cifiques, des probiotiques, etc). En\u00a0 terme d&rsquo;aliments &hellip; <\/p>\n<div class=\"vc_btn3-container vc_btn3-right\"><a class=\"vc_general vc_btn3 vc_btn3-size-xs vc_btn3-shape-round vc_btn3-color-bleu more-link\" href=\"https:\/\/www.upscience-labs.com\/fr\/analyses\/analyses-valeurs-nutritionnelles\/analyses-de-composition\/\">Read More<\/a><\/div>\n","protected":false},"author":22,"featured_media":1270,"parent":33,"menu_order":211,"comment_status":"closed","ping_status":"closed","template":"template-interieur.php","meta":{"_acf_changed":false,"footnotes":""},"class_list":["post-2047","page","type-page","status-publish","has-post-thumbnail","hentry"],"acf":[],"yoast_head":"<!-- This site is optimized with the Yoast SEO plugin v27.3 - https:\/\/yoast.com\/product\/yoast-seo-wordpress\/ -->\n<title>Analyse de composition | R\u00e9seau de laboratoire - Upscience<\/title>\n<meta name=\"description\" content=\"Upscience vous aide \u00e0 d\u00e9terminer la qualit\u00e9 nutritionnelle de vos produits en vous conformant \u00e0 la r\u00e9glementation.\" \/>\n<meta name=\"robots\" content=\"index, follow, max-snippet:-1, max-image-preview:large, max-video-preview:-1\" \/>\n<link rel=\"canonical\" href=\"https:\/\/www.upscience-labs.com\/fr\/analyses\/analyses-valeurs-nutritionnelles\/analyses-de-composition\/\" \/>\n<meta property=\"og:locale\" content=\"fr_FR\" \/>\n<meta property=\"og:type\" content=\"article\" \/>\n<meta property=\"og:title\" content=\"Analyse de composition | R\u00e9seau de laboratoire - Upscience\" \/>\n<meta property=\"og:description\" content=\"Upscience vous aide \u00e0 d\u00e9terminer la qualit\u00e9 nutritionnelle de vos produits en vous conformant \u00e0 la r\u00e9glementation.\" \/>\n<meta property=\"og:url\" content=\"https:\/\/www.upscience-labs.com\/fr\/analyses\/analyses-valeurs-nutritionnelles\/analyses-de-composition\/\" \/>\n<meta property=\"og:site_name\" content=\"Upscience\" \/>\n<meta property=\"article:modified_time\" content=\"2022-12-22T13:45:03+00:00\" \/>\n<meta property=\"og:image\" content=\"https:\/\/www.upscience-labs.com\/wp-content\/uploads\/2017\/06\/Nutritional-values.jpg\" \/>\n\t<meta property=\"og:image:width\" content=\"1676\" \/>\n\t<meta property=\"og:image:height\" content=\"400\" \/>\n\t<meta property=\"og:image:type\" content=\"image\/jpeg\" \/>\n<meta name=\"twitter:card\" content=\"summary_large_image\" \/>\n<meta name=\"twitter:label1\" content=\"Dur\u00e9e de lecture estim\u00e9e\" \/>\n\t<meta name=\"twitter:data1\" content=\"2 minutes\" \/>\n<script type=\"application\/ld+json\" class=\"yoast-schema-graph\">{\"@context\":\"https:\\\/\\\/schema.org\",\"@graph\":[{\"@type\":\"WebPage\",\"@id\":\"https:\\\/\\\/www.upscience-labs.com\\\/fr\\\/analyses\\\/analyses-valeurs-nutritionnelles\\\/analyses-de-composition\\\/\",\"url\":\"https:\\\/\\\/www.upscience-labs.com\\\/fr\\\/analyses\\\/analyses-valeurs-nutritionnelles\\\/analyses-de-composition\\\/\",\"name\":\"Analyse de composition | R\u00e9seau de laboratoire - Upscience\",\"isPartOf\":{\"@id\":\"https:\\\/\\\/www.upscience-labs.com\\\/#website\"},\"primaryImageOfPage\":{\"@id\":\"https:\\\/\\\/www.upscience-labs.com\\\/fr\\\/analyses\\\/analyses-valeurs-nutritionnelles\\\/analyses-de-composition\\\/#primaryimage\"},\"image\":{\"@id\":\"https:\\\/\\\/www.upscience-labs.com\\\/fr\\\/analyses\\\/analyses-valeurs-nutritionnelles\\\/analyses-de-composition\\\/#primaryimage\"},\"thumbnailUrl\":\"https:\\\/\\\/www.upscience-labs.com\\\/wp-content\\\/uploads\\\/2017\\\/06\\\/Nutritional-values.jpg\",\"datePublished\":\"2017-09-13T14:10:30+00:00\",\"dateModified\":\"2022-12-22T13:45:03+00:00\",\"description\":\"Upscience vous aide \u00e0 d\u00e9terminer la qualit\u00e9 nutritionnelle de vos produits en vous conformant \u00e0 la r\u00e9glementation.\",\"breadcrumb\":{\"@id\":\"https:\\\/\\\/www.upscience-labs.com\\\/fr\\\/analyses\\\/analyses-valeurs-nutritionnelles\\\/analyses-de-composition\\\/#breadcrumb\"},\"inLanguage\":\"fr-FR\",\"potentialAction\":[{\"@type\":\"ReadAction\",\"target\":[\"https:\\\/\\\/www.upscience-labs.com\\\/fr\\\/analyses\\\/analyses-valeurs-nutritionnelles\\\/analyses-de-composition\\\/\"]}]},{\"@type\":\"ImageObject\",\"inLanguage\":\"fr-FR\",\"@id\":\"https:\\\/\\\/www.upscience-labs.com\\\/fr\\\/analyses\\\/analyses-valeurs-nutritionnelles\\\/analyses-de-composition\\\/#primaryimage\",\"url\":\"https:\\\/\\\/www.upscience-labs.com\\\/wp-content\\\/uploads\\\/2017\\\/06\\\/Nutritional-values.jpg\",\"contentUrl\":\"https:\\\/\\\/www.upscience-labs.com\\\/wp-content\\\/uploads\\\/2017\\\/06\\\/Nutritional-values.jpg\",\"width\":1676,\"height\":400,\"caption\":\"vials are arranged in the auto-sampler for the lab equipment.\"},{\"@type\":\"BreadcrumbList\",\"@id\":\"https:\\\/\\\/www.upscience-labs.com\\\/fr\\\/analyses\\\/analyses-valeurs-nutritionnelles\\\/analyses-de-composition\\\/#breadcrumb\",\"itemListElement\":[{\"@type\":\"ListItem\",\"position\":1,\"name\":\"Home\",\"item\":\"https:\\\/\\\/www.upscience-labs.com\\\/fr\\\/\"},{\"@type\":\"ListItem\",\"position\":2,\"name\":\"Analyses\",\"item\":\"https:\\\/\\\/www.upscience-labs.com\\\/fr\\\/analyses\\\/\"},{\"@type\":\"ListItem\",\"position\":3,\"name\":\"Valeurs nutritionnelles\",\"item\":\"https:\\\/\\\/www.upscience-labs.com\\\/fr\\\/analyses\\\/analyses-valeurs-nutritionnelles\\\/\"},{\"@type\":\"ListItem\",\"position\":4,\"name\":\"Analyses de composition\"}]},{\"@type\":\"WebSite\",\"@id\":\"https:\\\/\\\/www.upscience-labs.com\\\/#website\",\"url\":\"https:\\\/\\\/www.upscience-labs.com\\\/\",\"name\":\"Upscience\",\"description\":\"Labs Solutions\",\"potentialAction\":[{\"@type\":\"SearchAction\",\"target\":{\"@type\":\"EntryPoint\",\"urlTemplate\":\"https:\\\/\\\/www.upscience-labs.com\\\/?s={search_term_string}\"},\"query-input\":{\"@type\":\"PropertyValueSpecification\",\"valueRequired\":true,\"valueName\":\"search_term_string\"}}],\"inLanguage\":\"fr-FR\"}]}<\/script>\n<!-- \/ Yoast SEO plugin. -->","yoast_head_json":{"title":"Analyse de composition | R\u00e9seau de laboratoire - Upscience","description":"Upscience vous aide \u00e0 d\u00e9terminer la qualit\u00e9 nutritionnelle de vos produits en vous conformant \u00e0 la r\u00e9glementation.","robots":{"index":"index","follow":"follow","max-snippet":"max-snippet:-1","max-image-preview":"max-image-preview:large","max-video-preview":"max-video-preview:-1"},"canonical":"https:\/\/www.upscience-labs.com\/fr\/analyses\/analyses-valeurs-nutritionnelles\/analyses-de-composition\/","og_locale":"fr_FR","og_type":"article","og_title":"Analyse de composition | R\u00e9seau de laboratoire - Upscience","og_description":"Upscience vous aide \u00e0 d\u00e9terminer la qualit\u00e9 nutritionnelle de vos produits en vous conformant \u00e0 la r\u00e9glementation.","og_url":"https:\/\/www.upscience-labs.com\/fr\/analyses\/analyses-valeurs-nutritionnelles\/analyses-de-composition\/","og_site_name":"Upscience","article_modified_time":"2022-12-22T13:45:03+00:00","og_image":[{"width":1676,"height":400,"url":"https:\/\/www.upscience-labs.com\/wp-content\/uploads\/2017\/06\/Nutritional-values.jpg","type":"image\/jpeg"}],"twitter_card":"summary_large_image","twitter_misc":{"Dur\u00e9e de lecture estim\u00e9e":"2 minutes"},"schema":{"@context":"https:\/\/schema.org","@graph":[{"@type":"WebPage","@id":"https:\/\/www.upscience-labs.com\/fr\/analyses\/analyses-valeurs-nutritionnelles\/analyses-de-composition\/","url":"https:\/\/www.upscience-labs.com\/fr\/analyses\/analyses-valeurs-nutritionnelles\/analyses-de-composition\/","name":"Analyse de composition | R\u00e9seau de laboratoire - Upscience","isPartOf":{"@id":"https:\/\/www.upscience-labs.com\/#website"},"primaryImageOfPage":{"@id":"https:\/\/www.upscience-labs.com\/fr\/analyses\/analyses-valeurs-nutritionnelles\/analyses-de-composition\/#primaryimage"},"image":{"@id":"https:\/\/www.upscience-labs.com\/fr\/analyses\/analyses-valeurs-nutritionnelles\/analyses-de-composition\/#primaryimage"},"thumbnailUrl":"https:\/\/www.upscience-labs.com\/wp-content\/uploads\/2017\/06\/Nutritional-values.jpg","datePublished":"2017-09-13T14:10:30+00:00","dateModified":"2022-12-22T13:45:03+00:00","description":"Upscience vous aide \u00e0 d\u00e9terminer la qualit\u00e9 nutritionnelle de vos produits en vous conformant \u00e0 la r\u00e9glementation.","breadcrumb":{"@id":"https:\/\/www.upscience-labs.com\/fr\/analyses\/analyses-valeurs-nutritionnelles\/analyses-de-composition\/#breadcrumb"},"inLanguage":"fr-FR","potentialAction":[{"@type":"ReadAction","target":["https:\/\/www.upscience-labs.com\/fr\/analyses\/analyses-valeurs-nutritionnelles\/analyses-de-composition\/"]}]},{"@type":"ImageObject","inLanguage":"fr-FR","@id":"https:\/\/www.upscience-labs.com\/fr\/analyses\/analyses-valeurs-nutritionnelles\/analyses-de-composition\/#primaryimage","url":"https:\/\/www.upscience-labs.com\/wp-content\/uploads\/2017\/06\/Nutritional-values.jpg","contentUrl":"https:\/\/www.upscience-labs.com\/wp-content\/uploads\/2017\/06\/Nutritional-values.jpg","width":1676,"height":400,"caption":"vials are arranged in the auto-sampler for the lab equipment."},{"@type":"BreadcrumbList","@id":"https:\/\/www.upscience-labs.com\/fr\/analyses\/analyses-valeurs-nutritionnelles\/analyses-de-composition\/#breadcrumb","itemListElement":[{"@type":"ListItem","position":1,"name":"Home","item":"https:\/\/www.upscience-labs.com\/fr\/"},{"@type":"ListItem","position":2,"name":"Analyses","item":"https:\/\/www.upscience-labs.com\/fr\/analyses\/"},{"@type":"ListItem","position":3,"name":"Valeurs nutritionnelles","item":"https:\/\/www.upscience-labs.com\/fr\/analyses\/analyses-valeurs-nutritionnelles\/"},{"@type":"ListItem","position":4,"name":"Analyses de composition"}]},{"@type":"WebSite","@id":"https:\/\/www.upscience-labs.com\/#website","url":"https:\/\/www.upscience-labs.com\/","name":"Upscience","description":"Labs Solutions","potentialAction":[{"@type":"SearchAction","target":{"@type":"EntryPoint","urlTemplate":"https:\/\/www.upscience-labs.com\/?s={search_term_string}"},"query-input":{"@type":"PropertyValueSpecification","valueRequired":true,"valueName":"search_term_string"}}],"inLanguage":"fr-FR"}]}},"_links":{"self":[{"href":"https:\/\/www.upscience-labs.com\/fr\/wp-json\/wp\/v2\/pages\/2047","targetHints":{"allow":["GET"]}}],"collection":[{"href":"https:\/\/www.upscience-labs.com\/fr\/wp-json\/wp\/v2\/pages"}],"about":[{"href":"https:\/\/www.upscience-labs.com\/fr\/wp-json\/wp\/v2\/types\/page"}],"author":[{"embeddable":true,"href":"https:\/\/www.upscience-labs.com\/fr\/wp-json\/wp\/v2\/users\/22"}],"replies":[{"embeddable":true,"href":"https:\/\/www.upscience-labs.com\/fr\/wp-json\/wp\/v2\/comments?post=2047"}],"version-history":[{"count":4,"href":"https:\/\/www.upscience-labs.com\/fr\/wp-json\/wp\/v2\/pages\/2047\/revisions"}],"predecessor-version":[{"id":6101,"href":"https:\/\/www.upscience-labs.com\/fr\/wp-json\/wp\/v2\/pages\/2047\/revisions\/6101"}],"up":[{"embeddable":true,"href":"https:\/\/www.upscience-labs.com\/fr\/wp-json\/wp\/v2\/pages\/33"}],"wp:featuredmedia":[{"embeddable":true,"href":"https:\/\/www.upscience-labs.com\/fr\/wp-json\/wp\/v2\/media\/1270"}],"wp:attachment":[{"href":"https:\/\/www.upscience-labs.com\/fr\/wp-json\/wp\/v2\/media?parent=2047"}],"curies":[{"name":"wp","href":"https:\/\/api.w.org\/{rel}","templated":true}]}}