{"id":2015,"date":"2017-09-13T15:55:04","date_gmt":"2017-09-13T13:55:04","guid":{"rendered":"https:\/\/www.upscience-labs.com\/a-propos-de-nous\/nos-implantations\/bresil\/"},"modified":"2021-07-09T14:26:46","modified_gmt":"2021-07-09T12:26:46","slug":"upscience-bresil","status":"publish","type":"page","link":"https:\/\/www.upscience-labs.com\/fr\/a-propos\/nos-implantations\/upscience-bresil\/","title":{"rendered":"Br\u00e9sil"},"content":{"rendered":"<div class=\"wpb-content-wrapper\"><p><span style=\"vertical-align: inherit;\"><span style=\"vertical-align: inherit;\">[vc_row][vc_column][vc_column_text]Au Br\u00e9sil, Upscience dispose d&rsquo;un site analytique bas\u00e9 sur Hortolandia (\u00e9tat de Sao Paulo). <\/span><span style=\"vertical-align: inherit;\">Situ\u00e9 au coeur de la r\u00e9gion industrielle de Campinas, le laboratoire dispose d&rsquo;une grande proximit\u00e9 avec ses clients et d&rsquo;une forte capacit\u00e9 logistique permettant ainsi de r\u00e9pondre aux clients de l&rsquo;ensemble du territoire avec une grande r\u00e9activit\u00e9.<\/span><\/span><\/p>\n<p>Le laboratoire b\u00e9n\u00e9ficie de 35 ann\u00e9es d\u2019exp\u00e9rience en analyses physico-chimiques et microbiologiques et propose une large gamme de services analytiques. Le laboratoire est sp\u00e9cialis\u00e9 dans l\u2019accompagnement des acteurs des fili\u00e8res de l\u2019agro-alimentaire, nutrition animale, nutraceutique et v\u00e9t\u00e9rinaire.[\/vc_column_text][\/vc_column][\/vc_row][vc_row][vc_column][vc_text_separator title=\u00a0\u00bbNOTRE OFFRE AU BRESIL\u00a0\u00bb][\/vc_column][\/vc_row][vc_row][vc_column][vc_tta_accordion][vc_tta_section title=\u00a0\u00bbAnalyses\u00a0\u00bb tab_id=\u00a0\u00bb1503563229599-f1a179fe-faf2&Prime;][vc_column_text]<\/p>\n<ul>\n<li><a href=\"https:\/\/www.upscience-labs.com\/fr\/analyses\/analyses-compositionnelles-et-nutritionnelles\/\">Analyses compositionnelles et nutritionnelles<\/a>\n<ul>\n<li><a href=\"https:\/\/www.upscience-labs.com\/fr\/analyses\/analyses-compositionnelles-et-nutritionnelles\/valeurs-nutritionnelles\/\">Valeurs nutritionnelles<\/a><\/li>\n<li><a href=\"https:\/\/www.upscience-labs.com\/fr\/analyses\/analyses-compositionnelles-et-nutritionnelles\/stabilite-produit\/\">Stabilit\u00e9 produit<\/a><\/li>\n<\/ul>\n<\/li>\n<li><a href=\"https:\/\/www.upscience-labs.com\/fr\/analyses\/contaminants\/\">Contaminants<\/a>\n<ul>\n<li><a href=\"https:\/\/www.upscience-labs.com\/fr\/analyses\/contaminants\/metaux-lourds\/\">M\u00e9taux lourds<\/a><\/li>\n<li><a href=\"https:\/\/www.upscience-labs.com\/fr\/analyses\/contaminants\/mycotoxines\/\">Mycotoxines<\/a><\/li>\n<li><a href=\"https:\/\/www.upscience-labs.com\/fr\/analyses\/contaminants\/allergenes\/\">Allerg\u00e8nes<\/a><\/li>\n<li><a href=\"https:\/\/www.upscience-labs.com\/fr\/analyses\/contaminants\/autres-contaminants\/\">Autres contaminants<\/a><\/li>\n<\/ul>\n<\/li>\n<li>Analyses Pharmaceutiques\n<ul>\n<li>Tests de stabilit\u00e9<\/li>\n<li>Tests de d\u00e9gradabilit\u00e9<\/li>\n<\/ul>\n<\/li>\n<li><a href=\"https:\/\/www.upscience-labs.com\/fr\/analyses\/ogm\/\">OGM<\/a><\/li>\n<li><a href=\"https:\/\/www.upscience-labs.com\/fr\/analyses\/identification-despeces\/\">Identification d\u2019esp\u00e8ces<\/a><\/li>\n<li><a href=\"https:\/\/www.upscience-labs.com\/fr\/analyses\/analyses-predictives-nir\/\">Analyses predictives (NIR)<\/a><\/li>\n<li><a href=\"https:\/\/www.upscience-labs.com\/fr\/analyses\/analyses-microbiologiques\/\"><span style=\"vertical-align: inherit;\"><span style=\"vertical-align: inherit;\">Analyses microbiologiques<\/span><\/span><\/a><\/li>\n<li><a href=\"https:\/\/www.upscience-labs.com\/fr\/analyses\/analyses-deau\/\"><span style=\"vertical-align: inherit;\"><span style=\"vertical-align: inherit;\">Analyses d&rsquo;eau<\/span><\/span><\/a><\/li>\n<\/ul>\n<p><span style=\"vertical-align: inherit;\"><span style=\"vertical-align: inherit;\">[\/vc_column_text][\/vc_tta_section][vc_tta_section title=\u00a0\u00bbServices\u00a0\u00bb tab_id=\u00a0\u00bb1503563229654-91d295a4-ff4d\u00a0\u00bb][vc_column_text]<\/span><\/span><\/p>\n<ul>\n<li><a href=\"https:\/\/www.upscience-labs.com\/fr\/services\/support-technique\/\"><span style=\"vertical-align: inherit;\"><span style=\"vertical-align: inherit;\">Technique de soutien<\/span><\/span><\/a><\/li>\n<li><a href=\"https:\/\/www.upscience-labs.com\/services\/development-and-methods-validation\/fr\/\"><span style=\"vertical-align: inherit;\"><span style=\"vertical-align: inherit;\">D\u00e9veloppement et validation de m\u00e9thodes<\/span><\/span><\/a><\/li>\n<\/ul>\n<p><span style=\"vertical-align: inherit;\"><span style=\"vertical-align: inherit;\">[\/vc_column_text][\/vc_tta_section][\/vc_tta_accordion][\/vc_column][\/vc_row]<\/span><\/span><\/p>\n<\/div>","protected":false},"excerpt":{"rendered":"<p>[vc_row][vc_column][vc_column_text]Au Br\u00e9sil, Upscience dispose d&rsquo;un site analytique bas\u00e9 sur Hortolandia (\u00e9tat de Sao Paulo). Situ\u00e9 au coeur de la r\u00e9gion industrielle de Campinas, le laboratoire dispose d&rsquo;une grande proximit\u00e9 avec ses clients et d&rsquo;une forte capacit\u00e9 logistique permettant ainsi de r\u00e9pondre aux clients de l&rsquo;ensemble du territoire avec une grande r\u00e9activit\u00e9. Le laboratoire b\u00e9n\u00e9ficie de &hellip; <\/p>\n<div class=\"vc_btn3-container vc_btn3-right\"><a class=\"vc_general vc_btn3 vc_btn3-size-xs vc_btn3-shape-round vc_btn3-color-bleu more-link\" href=\"https:\/\/www.upscience-labs.com\/fr\/a-propos\/nos-implantations\/upscience-bresil\/\">Read More<\/a><\/div>\n","protected":false},"author":22,"featured_media":4562,"parent":125,"menu_order":132,"comment_status":"closed","ping_status":"closed","template":"template-interieur.php","meta":{"_acf_changed":false,"footnotes":""},"class_list":["post-2015","page","type-page","status-publish","has-post-thumbnail","hentry"],"acf":[],"yoast_head":"<!-- This site is optimized with the Yoast SEO plugin v27.5 - https:\/\/yoast.com\/product\/yoast-seo-wordpress\/ -->\n<title>R\u00e9seau de laboratoires Upscience - Upscience BR\u00c9SIL<\/title>\n<meta name=\"description\" content=\"Le laboratoire Upscience du Br\u00e9sil a 35 d&#039;exp\u00e9riences. Il propose des analyses physico-chimie, microbiologie et d&#039;autres services analytique\" \/>\n<meta name=\"robots\" content=\"noindex, follow\" \/>\n<meta property=\"og:locale\" content=\"fr_FR\" \/>\n<meta property=\"og:type\" content=\"article\" \/>\n<meta property=\"og:title\" content=\"R\u00e9seau de laboratoires Upscience - Upscience BR\u00c9SIL\" \/>\n<meta property=\"og:description\" content=\"Le laboratoire Upscience du Br\u00e9sil a 35 d&#039;exp\u00e9riences. Il propose des analyses physico-chimie, microbiologie et d&#039;autres services analytique\" \/>\n<meta property=\"og:url\" content=\"https:\/\/www.upscience-labs.com\/fr\/a-propos\/nos-implantations\/upscience-bresil\/\" \/>\n<meta property=\"og:site_name\" content=\"Upscience\" \/>\n<meta property=\"article:modified_time\" content=\"2021-07-09T12:26:46+00:00\" \/>\n<meta property=\"og:image\" content=\"https:\/\/www.upscience-labs.com\/wp-content\/uploads\/2017\/06\/brazil-1600.jpg\" \/>\n\t<meta property=\"og:image:width\" content=\"1600\" \/>\n\t<meta property=\"og:image:height\" content=\"400\" \/>\n\t<meta property=\"og:image:type\" content=\"image\/jpeg\" \/>\n<meta name=\"twitter:card\" content=\"summary_large_image\" \/>\n<meta name=\"twitter:label1\" content=\"Dur\u00e9e de lecture estim\u00e9e\" \/>\n\t<meta name=\"twitter:data1\" content=\"1 minute\" \/>\n<script type=\"application\/ld+json\" class=\"yoast-schema-graph\">{\"@context\":\"https:\\\/\\\/schema.org\",\"@graph\":[{\"@type\":\"WebPage\",\"@id\":\"https:\\\/\\\/www.upscience-labs.com\\\/fr\\\/a-propos\\\/nos-implantations\\\/upscience-bresil\\\/\",\"url\":\"https:\\\/\\\/www.upscience-labs.com\\\/fr\\\/a-propos\\\/nos-implantations\\\/upscience-bresil\\\/\",\"name\":\"R\u00e9seau de laboratoires Upscience - Upscience BR\u00c9SIL\",\"isPartOf\":{\"@id\":\"https:\\\/\\\/www.upscience-labs.com\\\/#website\"},\"primaryImageOfPage\":{\"@id\":\"https:\\\/\\\/www.upscience-labs.com\\\/fr\\\/a-propos\\\/nos-implantations\\\/upscience-bresil\\\/#primaryimage\"},\"image\":{\"@id\":\"https:\\\/\\\/www.upscience-labs.com\\\/fr\\\/a-propos\\\/nos-implantations\\\/upscience-bresil\\\/#primaryimage\"},\"thumbnailUrl\":\"https:\\\/\\\/www.upscience-labs.com\\\/wp-content\\\/uploads\\\/2017\\\/06\\\/brazil-1600.jpg\",\"datePublished\":\"2017-09-13T13:55:04+00:00\",\"dateModified\":\"2021-07-09T12:26:46+00:00\",\"description\":\"Le laboratoire Upscience du Br\u00e9sil a 35 d'exp\u00e9riences. Il propose des analyses physico-chimie, microbiologie et d'autres services analytique\",\"breadcrumb\":{\"@id\":\"https:\\\/\\\/www.upscience-labs.com\\\/fr\\\/a-propos\\\/nos-implantations\\\/upscience-bresil\\\/#breadcrumb\"},\"inLanguage\":\"fr-FR\",\"potentialAction\":[{\"@type\":\"ReadAction\",\"target\":[\"https:\\\/\\\/www.upscience-labs.com\\\/fr\\\/a-propos\\\/nos-implantations\\\/upscience-bresil\\\/\"]}]},{\"@type\":\"ImageObject\",\"inLanguage\":\"fr-FR\",\"@id\":\"https:\\\/\\\/www.upscience-labs.com\\\/fr\\\/a-propos\\\/nos-implantations\\\/upscience-bresil\\\/#primaryimage\",\"url\":\"https:\\\/\\\/www.upscience-labs.com\\\/wp-content\\\/uploads\\\/2017\\\/06\\\/brazil-1600.jpg\",\"contentUrl\":\"https:\\\/\\\/www.upscience-labs.com\\\/wp-content\\\/uploads\\\/2017\\\/06\\\/brazil-1600.jpg\",\"width\":1600,\"height\":400,\"caption\":\"brazil-1600\"},{\"@type\":\"BreadcrumbList\",\"@id\":\"https:\\\/\\\/www.upscience-labs.com\\\/fr\\\/a-propos\\\/nos-implantations\\\/upscience-bresil\\\/#breadcrumb\",\"itemListElement\":[{\"@type\":\"ListItem\",\"position\":1,\"name\":\"Home\",\"item\":\"https:\\\/\\\/www.upscience-labs.com\\\/fr\\\/\"},{\"@type\":\"ListItem\",\"position\":2,\"name\":\"A propos\",\"item\":\"https:\\\/\\\/www.upscience-labs.com\\\/fr\\\/a-propos\\\/\"},{\"@type\":\"ListItem\",\"position\":3,\"name\":\"Nos implantations\",\"item\":\"https:\\\/\\\/www.upscience-labs.com\\\/fr\\\/a-propos\\\/nos-implantations\\\/\"},{\"@type\":\"ListItem\",\"position\":4,\"name\":\"Br\u00e9sil\"}]},{\"@type\":\"WebSite\",\"@id\":\"https:\\\/\\\/www.upscience-labs.com\\\/#website\",\"url\":\"https:\\\/\\\/www.upscience-labs.com\\\/\",\"name\":\"Upscience\",\"description\":\"Labs Solutions\",\"potentialAction\":[{\"@type\":\"SearchAction\",\"target\":{\"@type\":\"EntryPoint\",\"urlTemplate\":\"https:\\\/\\\/www.upscience-labs.com\\\/?s={search_term_string}\"},\"query-input\":{\"@type\":\"PropertyValueSpecification\",\"valueRequired\":true,\"valueName\":\"search_term_string\"}}],\"inLanguage\":\"fr-FR\"}]}<\/script>\n<!-- \/ Yoast SEO plugin. -->","yoast_head_json":{"title":"R\u00e9seau de laboratoires Upscience - Upscience BR\u00c9SIL","description":"Le laboratoire Upscience du Br\u00e9sil a 35 d'exp\u00e9riences. Il propose des analyses physico-chimie, microbiologie et d'autres services analytique","robots":{"index":"noindex","follow":"follow"},"og_locale":"fr_FR","og_type":"article","og_title":"R\u00e9seau de laboratoires Upscience - Upscience BR\u00c9SIL","og_description":"Le laboratoire Upscience du Br\u00e9sil a 35 d'exp\u00e9riences. Il propose des analyses physico-chimie, microbiologie et d'autres services analytique","og_url":"https:\/\/www.upscience-labs.com\/fr\/a-propos\/nos-implantations\/upscience-bresil\/","og_site_name":"Upscience","article_modified_time":"2021-07-09T12:26:46+00:00","og_image":[{"width":1600,"height":400,"url":"https:\/\/www.upscience-labs.com\/wp-content\/uploads\/2017\/06\/brazil-1600.jpg","type":"image\/jpeg"}],"twitter_card":"summary_large_image","twitter_misc":{"Dur\u00e9e de lecture estim\u00e9e":"1 minute"},"schema":{"@context":"https:\/\/schema.org","@graph":[{"@type":"WebPage","@id":"https:\/\/www.upscience-labs.com\/fr\/a-propos\/nos-implantations\/upscience-bresil\/","url":"https:\/\/www.upscience-labs.com\/fr\/a-propos\/nos-implantations\/upscience-bresil\/","name":"R\u00e9seau de laboratoires Upscience - Upscience BR\u00c9SIL","isPartOf":{"@id":"https:\/\/www.upscience-labs.com\/#website"},"primaryImageOfPage":{"@id":"https:\/\/www.upscience-labs.com\/fr\/a-propos\/nos-implantations\/upscience-bresil\/#primaryimage"},"image":{"@id":"https:\/\/www.upscience-labs.com\/fr\/a-propos\/nos-implantations\/upscience-bresil\/#primaryimage"},"thumbnailUrl":"https:\/\/www.upscience-labs.com\/wp-content\/uploads\/2017\/06\/brazil-1600.jpg","datePublished":"2017-09-13T13:55:04+00:00","dateModified":"2021-07-09T12:26:46+00:00","description":"Le laboratoire Upscience du Br\u00e9sil a 35 d'exp\u00e9riences. Il propose des analyses physico-chimie, microbiologie et d'autres services analytique","breadcrumb":{"@id":"https:\/\/www.upscience-labs.com\/fr\/a-propos\/nos-implantations\/upscience-bresil\/#breadcrumb"},"inLanguage":"fr-FR","potentialAction":[{"@type":"ReadAction","target":["https:\/\/www.upscience-labs.com\/fr\/a-propos\/nos-implantations\/upscience-bresil\/"]}]},{"@type":"ImageObject","inLanguage":"fr-FR","@id":"https:\/\/www.upscience-labs.com\/fr\/a-propos\/nos-implantations\/upscience-bresil\/#primaryimage","url":"https:\/\/www.upscience-labs.com\/wp-content\/uploads\/2017\/06\/brazil-1600.jpg","contentUrl":"https:\/\/www.upscience-labs.com\/wp-content\/uploads\/2017\/06\/brazil-1600.jpg","width":1600,"height":400,"caption":"brazil-1600"},{"@type":"BreadcrumbList","@id":"https:\/\/www.upscience-labs.com\/fr\/a-propos\/nos-implantations\/upscience-bresil\/#breadcrumb","itemListElement":[{"@type":"ListItem","position":1,"name":"Home","item":"https:\/\/www.upscience-labs.com\/fr\/"},{"@type":"ListItem","position":2,"name":"A propos","item":"https:\/\/www.upscience-labs.com\/fr\/a-propos\/"},{"@type":"ListItem","position":3,"name":"Nos implantations","item":"https:\/\/www.upscience-labs.com\/fr\/a-propos\/nos-implantations\/"},{"@type":"ListItem","position":4,"name":"Br\u00e9sil"}]},{"@type":"WebSite","@id":"https:\/\/www.upscience-labs.com\/#website","url":"https:\/\/www.upscience-labs.com\/","name":"Upscience","description":"Labs Solutions","potentialAction":[{"@type":"SearchAction","target":{"@type":"EntryPoint","urlTemplate":"https:\/\/www.upscience-labs.com\/?s={search_term_string}"},"query-input":{"@type":"PropertyValueSpecification","valueRequired":true,"valueName":"search_term_string"}}],"inLanguage":"fr-FR"}]}},"_links":{"self":[{"href":"https:\/\/www.upscience-labs.com\/fr\/wp-json\/wp\/v2\/pages\/2015","targetHints":{"allow":["GET"]}}],"collection":[{"href":"https:\/\/www.upscience-labs.com\/fr\/wp-json\/wp\/v2\/pages"}],"about":[{"href":"https:\/\/www.upscience-labs.com\/fr\/wp-json\/wp\/v2\/types\/page"}],"author":[{"embeddable":true,"href":"https:\/\/www.upscience-labs.com\/fr\/wp-json\/wp\/v2\/users\/22"}],"replies":[{"embeddable":true,"href":"https:\/\/www.upscience-labs.com\/fr\/wp-json\/wp\/v2\/comments?post=2015"}],"version-history":[{"count":2,"href":"https:\/\/www.upscience-labs.com\/fr\/wp-json\/wp\/v2\/pages\/2015\/revisions"}],"predecessor-version":[{"id":4864,"href":"https:\/\/www.upscience-labs.com\/fr\/wp-json\/wp\/v2\/pages\/2015\/revisions\/4864"}],"up":[{"embeddable":true,"href":"https:\/\/www.upscience-labs.com\/fr\/wp-json\/wp\/v2\/pages\/125"}],"wp:featuredmedia":[{"embeddable":true,"href":"https:\/\/www.upscience-labs.com\/fr\/wp-json\/wp\/v2\/media\/4562"}],"wp:attachment":[{"href":"https:\/\/www.upscience-labs.com\/fr\/wp-json\/wp\/v2\/media?parent=2015"}],"curies":[{"name":"wp","href":"https:\/\/api.w.org\/{rel}","templated":true}]}}