{"id":2009,"date":"2017-09-13T15:52:31","date_gmt":"2017-09-13T13:52:31","guid":{"rendered":"https:\/\/www.upscience-labs.com\/a-propos-de-nous\/nos-implantations\/france\/"},"modified":"2026-03-12T17:18:07","modified_gmt":"2026-03-12T16:18:07","slug":"france","status":"publish","type":"page","link":"https:\/\/www.upscience-labs.com\/fr\/a-propos\/nos-implantations\/france\/","title":{"rendered":"France"},"content":{"rendered":"<div class=\"wpb-content-wrapper\"><p>[vc_row][vc_column][vc_column_text]En France, le r\u00e9seau de laboratoires Upscience dispose de 2 sites analytiques bas\u00e9s respectivement \u00e0 Saint-Nolff pr\u00e8s de Vannes et \u00e0 Chierry.<\/p>\n<p>Ces 2 centres d\u2019expertise proposent une gamme compl\u00e8te de services analytiques pour r\u00e9pondre aux besoins des acteurs des fili\u00e8res de l&rsquo;agro-alimentaire et de la nutrition animale.<\/p>\n<p>Upscience est sp\u00e9cialis\u00e9 dans les analyses physico-chimiques, pr\u00e9dictives (NIR).[\/vc_column_text][\/vc_column][\/vc_row][vc_row][vc_column][vc_text_separator title=\u00a0\u00bbNOTRE OFFRE EN FRANCE\u00a0\u00bb css_animation=\u00a0\u00bbtop-to-bottom\u00a0\u00bb][\/vc_column][\/vc_row][vc_row][vc_column][vc_tta_accordion][vc_tta_section title=\u00a0\u00bbAnalyses\u00a0\u00bb tab_id=\u00a0\u00bb1503559534273-bdc170b7-224d\u00a0\u00bb][vc_column_text css_animation=\u00a0\u00bbleft-to-right\u00a0\u00bb]<\/p>\n<ul>\n<li>Analyses nutritionnelles\n<ul>\n<li><a href=\"https:\/\/www.upscience-labs.com\/fr\/analyses\/valeurs-nutritionnelles\/analyses-de-composition\/\">Analyses de composition<\/a><\/li>\n<li><a href=\"https:\/\/www.upscience-labs.com\/fr\/analyses\/valeurs-nutritionnelles\/stabilite-produit\/\">Stabilit\u00e9 produit<\/a><\/li>\n<\/ul>\n<\/li>\n<li>Contaminants\n<ul>\n<li><a href=\"https:\/\/www.upscience-labs.com\/fr\/analyses\/contaminants\/pesticides\/\">Pesticides<\/a><\/li>\n<li><a href=\"https:\/\/www.upscience-labs.com\/fr\/analyses\/contaminants\/dioxines\/\">Dioxines<\/a><\/li>\n<li><a href=\"https:\/\/www.upscience-labs.com\/fr\/analyses\/contaminants\/metaux-lourds\/\">M\u00e9taux lourds<\/a><\/li>\n<li><a href=\"https:\/\/www.upscience-labs.com\/fr\/analyses\/contaminants\/mycotoxines\/\">Mycotoxines<\/a><\/li>\n<li><a href=\"https:\/\/www.upscience-labs.com\/fr\/analyses\/contaminants\/substances-dopantes\/\">Substances dopantes<\/a><\/li>\n<li><a href=\"https:\/\/www.upscience-labs.com\/fr\/?page_id=2061\">Allerg\u00e8nes<\/a><\/li>\n<li><a href=\"https:\/\/www.upscience-labs.com\/fr\/analyses\/contaminants\/autres-contaminants\/\">Autres contaminants<\/a><\/li>\n<\/ul>\n<\/li>\n<li><a href=\"https:\/\/www.upscience-labs.com\/fr\/analyses\/contaminants\/ogm\/\">OGM<\/a><\/li>\n<li><a href=\"https:\/\/www.upscience-labs.com\/fr\/analyses\/identification-despeces\/\">Identification d\u2019esp\u00e8ces<\/a><\/li>\n<li><a href=\"https:\/\/www.upscience-labs.com\/fr\/analyses\/analyses-predictives-nir\/\">Analyses pr\u00e9dictives (NIR)<\/a><\/li>\n<li><a href=\"https:\/\/www.upscience-labs.com\/fr\/industries\/nutraceutique\/\">Substances actives<\/a><\/li>\n<li><a href=\"https:\/\/www.upscience-labs.com\/fr\/analyses\/analyses-microbiologiques\/\">Analyses microbiologiques<\/a><\/li>\n<\/ul>\n<p>[\/vc_column_text][\/vc_tta_section][vc_tta_section title=\u00a0\u00bbServices\u00a0\u00bb tab_id=\u00a0\u00bb1503559534326-d201de8d-62e3&Prime;][vc_column_text css_animation=\u00a0\u00bbleft-to-right\u00a0\u00bb]<\/p>\n<ul>\n<li><a href=\"https:\/\/www.upscience-labs.com\/fr\/services\/recherche-et-developpement\/\">Recherche et d\u00e9veloppement<\/a><\/li>\n<li><a href=\"https:\/\/www.upscience-labs.com\/fr\/services\/support-client\/\">Support client<\/a><\/li>\n<\/ul>\n<p>[\/vc_column_text][\/vc_tta_section][vc_tta_section title=\u00a0\u00bbPolitique qualit\u00e9\u00a0\u00bb tab_id=\u00a0\u00bb1581689596401-ff9cfe64-d422&Prime;][vc_column_text css=\u00a0\u00bb\u00a0\u00bb]<\/p>\n<ul>\n<li><a href=\"https:\/\/www.upscience-labs.com\/wp-content\/uploads\/2026\/03\/Politique-qualite-Fr.pdf\" target=\"_blank\" rel=\"noopener\"><span style=\"color: #0000ff;\">Notre d\u00e9claration de politique qualit\u00e9 <\/span><\/a><span style=\"color: #0000ff;\">et <a href=\"https:\/\/www.upscience-labs.com\/wp-content\/uploads\/2020\/03\/processus-r\u00e9clamations-FR.pdf\" target=\"_blank\" rel=\"noopener\">notre processus de gestion des r\u00e9clamations<\/a><\/span><\/li>\n<li>Nos accr\u00e9ditations COFRAC Essais\n<ul>\n<li>Site Saint-Nolff : port\u00e9e d&rsquo;accr\u00e9ditation <b>n\u00b01-2335 <\/b>est disponible sur le site\u00a0<span style=\"color: #0000ff;\"><a style=\"color: #0000ff;\" href=\"https:\/\/tools.cofrac.fr:\/fr\/easysearch?list-42553231\" target=\"_blank\" rel=\"noopener noreferrer\">www.cofrac.fr<\/a><\/span><\/li>\n<\/ul>\n<\/li>\n<li>Nos reconnaissances\n<ul>\n<li>Site Saint-Nolff: <a href=\"https:\/\/portal.gmpplus.org\/en-US\/cdb\/laboratories\/\" target=\"_blank\" rel=\"noopener\">GMP+ B11<\/a>, <a href=\"https:\/\/www.oqualim.com\/fr\/annuaires\/laboratoires\" target=\"_blank\" rel=\"noopener\">Oqualim<\/a>, <a href=\"https:\/\/bleu-blanc-coeur.org\/\">Bleu Blanc Coeur<\/a>, <a href=\"https:\/\/www.upscience-labs.com\/fr\/upscience-renouvelle-son-agrement-credit-impot-recherche-cir\/\">Cr\u00e9dit d&rsquo;Imp\u00f4t recherche (CIR)<\/a><\/li>\n<\/ul>\n<\/li>\n<li>Nos essais inter laboratoire\n<ul>\n<li><a href=\"http:\/\/bipea.org\/\" target=\"_blank\" rel=\"noopener noreferrer\"><span style=\"color: #0000ff;\">BIPEA<\/span> <\/a>(Bureau InterProfessionnel d&rsquo;Etudes Analytiques<a href=\"https:\/\/www.bipea.org\/\">)<\/a><\/li>\n<li><span style=\"color: #0000ff;\"><a style=\"color: #0000ff;\" href=\"https:\/\/www.ifip.asso.fr\/fr\/content\/la-participation-%C3%A0-un-r%C3%A9seau-d%E2%80%99essais-interlaboratoires-contribue-%C3%A0-assurer-la-qualit%C3%A9-des\" target=\"_blank\" rel=\"noopener noreferrer\">IFIP<\/a><\/span><\/li>\n<\/ul>\n<\/li>\n<\/ul>\n<p>[\/vc_column_text][\/vc_tta_section][\/vc_tta_accordion][\/vc_column][\/vc_row]<\/p>\n<\/div>","protected":false},"excerpt":{"rendered":"<p>[vc_row][vc_column][vc_column_text]En France, le r\u00e9seau de laboratoires Upscience dispose de 2 sites analytiques bas\u00e9s respectivement \u00e0 Saint-Nolff pr\u00e8s de Vannes et \u00e0 Chierry. Ces 2 centres d\u2019expertise proposent une gamme compl\u00e8te de services analytiques pour r\u00e9pondre aux besoins des acteurs des fili\u00e8res de l&rsquo;agro-alimentaire et de la nutrition animale. Upscience est sp\u00e9cialis\u00e9 dans les analyses physico-chimiques, &hellip; <\/p>\n<div class=\"vc_btn3-container vc_btn3-right\"><a class=\"vc_general vc_btn3 vc_btn3-size-xs vc_btn3-shape-round vc_btn3-color-bleu more-link\" href=\"https:\/\/www.upscience-labs.com\/fr\/a-propos\/nos-implantations\/france\/\">Read More<\/a><\/div>\n","protected":false},"author":22,"featured_media":973,"parent":125,"menu_order":131,"comment_status":"closed","ping_status":"closed","template":"template-interieur.php","meta":{"_acf_changed":false,"footnotes":""},"class_list":["post-2009","page","type-page","status-publish","has-post-thumbnail","hentry"],"acf":[],"yoast_head":"<!-- This site is optimized with the Yoast SEO plugin v27.3 - https:\/\/yoast.com\/product\/yoast-seo-wordpress\/ -->\n<title>France - Nos implantations - Upscience<\/title>\n<meta name=\"description\" content=\"En France, le r\u00e9seau de laboratoires Upscience dispose de 2 sites analytiques (Upscience et\u00a0 le laboratoire AdG\u00e8ne).\" \/>\n<meta name=\"robots\" content=\"index, follow, max-snippet:-1, max-image-preview:large, max-video-preview:-1\" \/>\n<link rel=\"canonical\" href=\"https:\/\/www.upscience-labs.com\/fr\/a-propos\/nos-implantations\/france\/\" \/>\n<meta property=\"og:locale\" content=\"fr_FR\" \/>\n<meta property=\"og:type\" content=\"article\" \/>\n<meta property=\"og:title\" content=\"France - Nos implantations - Upscience\" \/>\n<meta property=\"og:description\" content=\"En France, le r\u00e9seau de laboratoires Upscience dispose de 2 sites analytiques (Upscience et\u00a0 le laboratoire AdG\u00e8ne).\" \/>\n<meta property=\"og:url\" content=\"https:\/\/www.upscience-labs.com\/fr\/a-propos\/nos-implantations\/france\/\" \/>\n<meta property=\"og:site_name\" content=\"Upscience\" \/>\n<meta property=\"article:modified_time\" content=\"2026-03-12T16:18:07+00:00\" \/>\n<meta property=\"og:image\" content=\"https:\/\/www.upscience-labs.com\/wp-content\/uploads\/2017\/06\/france-1600.jpg\" \/>\n\t<meta property=\"og:image:width\" content=\"1600\" \/>\n\t<meta property=\"og:image:height\" content=\"400\" \/>\n\t<meta property=\"og:image:type\" content=\"image\/jpeg\" \/>\n<meta name=\"twitter:card\" content=\"summary_large_image\" \/>\n<meta name=\"twitter:label1\" content=\"Dur\u00e9e de lecture estim\u00e9e\" \/>\n\t<meta name=\"twitter:data1\" content=\"1 minute\" \/>\n<script type=\"application\/ld+json\" class=\"yoast-schema-graph\">{\"@context\":\"https:\\\/\\\/schema.org\",\"@graph\":[{\"@type\":\"WebPage\",\"@id\":\"https:\\\/\\\/www.upscience-labs.com\\\/fr\\\/a-propos\\\/nos-implantations\\\/france\\\/\",\"url\":\"https:\\\/\\\/www.upscience-labs.com\\\/fr\\\/a-propos\\\/nos-implantations\\\/france\\\/\",\"name\":\"France - Nos implantations - Upscience\",\"isPartOf\":{\"@id\":\"https:\\\/\\\/www.upscience-labs.com\\\/#website\"},\"primaryImageOfPage\":{\"@id\":\"https:\\\/\\\/www.upscience-labs.com\\\/fr\\\/a-propos\\\/nos-implantations\\\/france\\\/#primaryimage\"},\"image\":{\"@id\":\"https:\\\/\\\/www.upscience-labs.com\\\/fr\\\/a-propos\\\/nos-implantations\\\/france\\\/#primaryimage\"},\"thumbnailUrl\":\"https:\\\/\\\/www.upscience-labs.com\\\/wp-content\\\/uploads\\\/2017\\\/06\\\/france-1600.jpg\",\"datePublished\":\"2017-09-13T13:52:31+00:00\",\"dateModified\":\"2026-03-12T16:18:07+00:00\",\"description\":\"En France, le r\u00e9seau de laboratoires Upscience dispose de 2 sites analytiques (Upscience et\u00a0 le laboratoire AdG\u00e8ne).\",\"breadcrumb\":{\"@id\":\"https:\\\/\\\/www.upscience-labs.com\\\/fr\\\/a-propos\\\/nos-implantations\\\/france\\\/#breadcrumb\"},\"inLanguage\":\"fr-FR\",\"potentialAction\":[{\"@type\":\"ReadAction\",\"target\":[\"https:\\\/\\\/www.upscience-labs.com\\\/fr\\\/a-propos\\\/nos-implantations\\\/france\\\/\"]}]},{\"@type\":\"ImageObject\",\"inLanguage\":\"fr-FR\",\"@id\":\"https:\\\/\\\/www.upscience-labs.com\\\/fr\\\/a-propos\\\/nos-implantations\\\/france\\\/#primaryimage\",\"url\":\"https:\\\/\\\/www.upscience-labs.com\\\/wp-content\\\/uploads\\\/2017\\\/06\\\/france-1600.jpg\",\"contentUrl\":\"https:\\\/\\\/www.upscience-labs.com\\\/wp-content\\\/uploads\\\/2017\\\/06\\\/france-1600.jpg\",\"width\":1600,\"height\":400,\"caption\":\"UPSCIENCE LABORATOIRE FRANCE\"},{\"@type\":\"BreadcrumbList\",\"@id\":\"https:\\\/\\\/www.upscience-labs.com\\\/fr\\\/a-propos\\\/nos-implantations\\\/france\\\/#breadcrumb\",\"itemListElement\":[{\"@type\":\"ListItem\",\"position\":1,\"name\":\"Home\",\"item\":\"https:\\\/\\\/www.upscience-labs.com\\\/fr\\\/\"},{\"@type\":\"ListItem\",\"position\":2,\"name\":\"A propos\",\"item\":\"https:\\\/\\\/www.upscience-labs.com\\\/fr\\\/a-propos\\\/\"},{\"@type\":\"ListItem\",\"position\":3,\"name\":\"Nos implantations\",\"item\":\"https:\\\/\\\/www.upscience-labs.com\\\/fr\\\/a-propos\\\/nos-implantations\\\/\"},{\"@type\":\"ListItem\",\"position\":4,\"name\":\"France\"}]},{\"@type\":\"WebSite\",\"@id\":\"https:\\\/\\\/www.upscience-labs.com\\\/#website\",\"url\":\"https:\\\/\\\/www.upscience-labs.com\\\/\",\"name\":\"Upscience\",\"description\":\"Labs Solutions\",\"potentialAction\":[{\"@type\":\"SearchAction\",\"target\":{\"@type\":\"EntryPoint\",\"urlTemplate\":\"https:\\\/\\\/www.upscience-labs.com\\\/?s={search_term_string}\"},\"query-input\":{\"@type\":\"PropertyValueSpecification\",\"valueRequired\":true,\"valueName\":\"search_term_string\"}}],\"inLanguage\":\"fr-FR\"}]}<\/script>\n<!-- \/ Yoast SEO plugin. -->","yoast_head_json":{"title":"France - Nos implantations - Upscience","description":"En France, le r\u00e9seau de laboratoires Upscience dispose de 2 sites analytiques (Upscience et\u00a0 le laboratoire AdG\u00e8ne).","robots":{"index":"index","follow":"follow","max-snippet":"max-snippet:-1","max-image-preview":"max-image-preview:large","max-video-preview":"max-video-preview:-1"},"canonical":"https:\/\/www.upscience-labs.com\/fr\/a-propos\/nos-implantations\/france\/","og_locale":"fr_FR","og_type":"article","og_title":"France - Nos implantations - Upscience","og_description":"En France, le r\u00e9seau de laboratoires Upscience dispose de 2 sites analytiques (Upscience et\u00a0 le laboratoire AdG\u00e8ne).","og_url":"https:\/\/www.upscience-labs.com\/fr\/a-propos\/nos-implantations\/france\/","og_site_name":"Upscience","article_modified_time":"2026-03-12T16:18:07+00:00","og_image":[{"width":1600,"height":400,"url":"https:\/\/www.upscience-labs.com\/wp-content\/uploads\/2017\/06\/france-1600.jpg","type":"image\/jpeg"}],"twitter_card":"summary_large_image","twitter_misc":{"Dur\u00e9e de lecture estim\u00e9e":"1 minute"},"schema":{"@context":"https:\/\/schema.org","@graph":[{"@type":"WebPage","@id":"https:\/\/www.upscience-labs.com\/fr\/a-propos\/nos-implantations\/france\/","url":"https:\/\/www.upscience-labs.com\/fr\/a-propos\/nos-implantations\/france\/","name":"France - Nos implantations - Upscience","isPartOf":{"@id":"https:\/\/www.upscience-labs.com\/#website"},"primaryImageOfPage":{"@id":"https:\/\/www.upscience-labs.com\/fr\/a-propos\/nos-implantations\/france\/#primaryimage"},"image":{"@id":"https:\/\/www.upscience-labs.com\/fr\/a-propos\/nos-implantations\/france\/#primaryimage"},"thumbnailUrl":"https:\/\/www.upscience-labs.com\/wp-content\/uploads\/2017\/06\/france-1600.jpg","datePublished":"2017-09-13T13:52:31+00:00","dateModified":"2026-03-12T16:18:07+00:00","description":"En France, le r\u00e9seau de laboratoires Upscience dispose de 2 sites analytiques (Upscience et\u00a0 le laboratoire AdG\u00e8ne).","breadcrumb":{"@id":"https:\/\/www.upscience-labs.com\/fr\/a-propos\/nos-implantations\/france\/#breadcrumb"},"inLanguage":"fr-FR","potentialAction":[{"@type":"ReadAction","target":["https:\/\/www.upscience-labs.com\/fr\/a-propos\/nos-implantations\/france\/"]}]},{"@type":"ImageObject","inLanguage":"fr-FR","@id":"https:\/\/www.upscience-labs.com\/fr\/a-propos\/nos-implantations\/france\/#primaryimage","url":"https:\/\/www.upscience-labs.com\/wp-content\/uploads\/2017\/06\/france-1600.jpg","contentUrl":"https:\/\/www.upscience-labs.com\/wp-content\/uploads\/2017\/06\/france-1600.jpg","width":1600,"height":400,"caption":"UPSCIENCE LABORATOIRE FRANCE"},{"@type":"BreadcrumbList","@id":"https:\/\/www.upscience-labs.com\/fr\/a-propos\/nos-implantations\/france\/#breadcrumb","itemListElement":[{"@type":"ListItem","position":1,"name":"Home","item":"https:\/\/www.upscience-labs.com\/fr\/"},{"@type":"ListItem","position":2,"name":"A propos","item":"https:\/\/www.upscience-labs.com\/fr\/a-propos\/"},{"@type":"ListItem","position":3,"name":"Nos implantations","item":"https:\/\/www.upscience-labs.com\/fr\/a-propos\/nos-implantations\/"},{"@type":"ListItem","position":4,"name":"France"}]},{"@type":"WebSite","@id":"https:\/\/www.upscience-labs.com\/#website","url":"https:\/\/www.upscience-labs.com\/","name":"Upscience","description":"Labs Solutions","potentialAction":[{"@type":"SearchAction","target":{"@type":"EntryPoint","urlTemplate":"https:\/\/www.upscience-labs.com\/?s={search_term_string}"},"query-input":{"@type":"PropertyValueSpecification","valueRequired":true,"valueName":"search_term_string"}}],"inLanguage":"fr-FR"}]}},"_links":{"self":[{"href":"https:\/\/www.upscience-labs.com\/fr\/wp-json\/wp\/v2\/pages\/2009","targetHints":{"allow":["GET"]}}],"collection":[{"href":"https:\/\/www.upscience-labs.com\/fr\/wp-json\/wp\/v2\/pages"}],"about":[{"href":"https:\/\/www.upscience-labs.com\/fr\/wp-json\/wp\/v2\/types\/page"}],"author":[{"embeddable":true,"href":"https:\/\/www.upscience-labs.com\/fr\/wp-json\/wp\/v2\/users\/22"}],"replies":[{"embeddable":true,"href":"https:\/\/www.upscience-labs.com\/fr\/wp-json\/wp\/v2\/comments?post=2009"}],"version-history":[{"count":6,"href":"https:\/\/www.upscience-labs.com\/fr\/wp-json\/wp\/v2\/pages\/2009\/revisions"}],"predecessor-version":[{"id":6632,"href":"https:\/\/www.upscience-labs.com\/fr\/wp-json\/wp\/v2\/pages\/2009\/revisions\/6632"}],"up":[{"embeddable":true,"href":"https:\/\/www.upscience-labs.com\/fr\/wp-json\/wp\/v2\/pages\/125"}],"wp:featuredmedia":[{"embeddable":true,"href":"https:\/\/www.upscience-labs.com\/fr\/wp-json\/wp\/v2\/media\/973"}],"wp:attachment":[{"href":"https:\/\/www.upscience-labs.com\/fr\/wp-json\/wp\/v2\/media?parent=2009"}],"curies":[{"name":"wp","href":"https:\/\/api.w.org\/{rel}","templated":true}]}}