{"id":2006,"date":"2017-09-13T15:47:09","date_gmt":"2017-09-13T13:47:09","guid":{"rendered":"https:\/\/www.upscience-labs.com\/a-propos-de-nous\/pourquoi-upscience\/"},"modified":"2024-02-27T15:48:08","modified_gmt":"2024-02-27T14:48:08","slug":"pourquoi-upscience","status":"publish","type":"page","link":"https:\/\/www.upscience-labs.com\/fr\/a-propos\/pourquoi-upscience\/","title":{"rendered":"Pourquoi Upscience ?"},"content":{"rendered":"<div class=\"wpb-content-wrapper\"><p>[vc_row][vc_column][vc_column_text]<\/p>\n<h2>Une offre compl\u00e8te d\u2019analyses et services<b> <\/b><\/h2>\n<p><strong>Upscience<\/strong> propose une gamme \u00e9tendue d\u2019analyses et de services pour vous aider \u00e0 s\u00e9curiser, contr\u00f4ler et optimiser vos produits.<\/p>\n<p>Upscience est \u00e9galement votre partenaire pour vos projets de <strong>recherche et d\u00e9veloppement<\/strong> au travers de ses unit\u00e9s d\u00e9di\u00e9es pour l&rsquo;adaptation ou la mise au point de <strong>m\u00e9thodes analytiques sp\u00e9cifiques<\/strong>.<\/p>\n<p>&nbsp;<\/p>\n<h2>Des laboratoires \u00e0 taille humaine<b> <\/b><\/h2>\n<p>Notre <strong>r\u00e9seau de laboratoires<\/strong> s\u2019appuie sur une expertise de haut niveau et la force d\u2019un groupe international tout en b\u00e9n\u00e9ficiant de structures \u00e0 taille humaine: agiles, flexibles et proches de nos clients.<\/p>\n<p>&nbsp;<\/p>\n<h2>60 ann\u00e9es d\u2019exp\u00e9rience<b> <\/b><\/h2>\n<p>Upscience accompagne les acteurs de l\u2019<strong>agroalimentaire<\/strong>, de la <strong>nutrition animale <\/strong>depuis plus de 60 ans. Notre connaissance des enjeux de votre secteur d\u2019activit\u00e9 nous permet de vous proposer des solutions adapt\u00e9es et innovantes.[\/vc_column_text][\/vc_column][\/vc_row]<\/p>\n<\/div>","protected":false},"excerpt":{"rendered":"<p>[vc_row][vc_column][vc_column_text] Une offre compl\u00e8te d\u2019analyses et services Upscience propose une gamme \u00e9tendue d\u2019analyses et de services pour vous aider \u00e0 s\u00e9curiser, contr\u00f4ler et optimiser vos produits. Upscience est \u00e9galement votre partenaire pour vos projets de recherche et d\u00e9veloppement au travers de ses unit\u00e9s d\u00e9di\u00e9es pour l&rsquo;adaptation ou la mise au point de m\u00e9thodes analytiques sp\u00e9cifiques. &hellip; <\/p>\n<div class=\"vc_btn3-container vc_btn3-right\"><a class=\"vc_general vc_btn3 vc_btn3-size-xs vc_btn3-shape-round vc_btn3-color-bleu more-link\" href=\"https:\/\/www.upscience-labs.com\/fr\/a-propos\/pourquoi-upscience\/\">Read More<\/a><\/div>\n","protected":false},"author":22,"featured_media":0,"parent":1998,"menu_order":120,"comment_status":"closed","ping_status":"closed","template":"template-interieur.php","meta":{"_acf_changed":false,"footnotes":""},"class_list":["post-2006","page","type-page","status-publish","hentry"],"acf":[],"yoast_head":"<!-- This site is optimized with the Yoast SEO plugin v27.3 - https:\/\/yoast.com\/product\/yoast-seo-wordpress\/ -->\n<title>Pourquoi Upscience? | R\u00e9seau de laboratoire - Upscience<\/title>\n<meta name=\"description\" content=\"Upscience accompagne les acteurs de l\u2019agroalimentaire, de la nutrition animale, de la nutraceutique et de l\u2019environnement.\" \/>\n<meta name=\"robots\" content=\"index, follow, max-snippet:-1, max-image-preview:large, max-video-preview:-1\" \/>\n<link rel=\"canonical\" href=\"https:\/\/www.upscience-labs.com\/fr\/a-propos\/pourquoi-upscience\/\" \/>\n<meta property=\"og:locale\" content=\"fr_FR\" \/>\n<meta property=\"og:type\" content=\"article\" \/>\n<meta property=\"og:title\" content=\"Pourquoi Upscience? | R\u00e9seau de laboratoire - Upscience\" \/>\n<meta property=\"og:description\" content=\"Upscience accompagne les acteurs de l\u2019agroalimentaire, de la nutrition animale, de la nutraceutique et de l\u2019environnement.\" \/>\n<meta property=\"og:url\" content=\"https:\/\/www.upscience-labs.com\/fr\/a-propos\/pourquoi-upscience\/\" \/>\n<meta property=\"og:site_name\" content=\"Upscience\" \/>\n<meta property=\"article:modified_time\" content=\"2024-02-27T14:48:08+00:00\" \/>\n<meta name=\"twitter:card\" content=\"summary_large_image\" \/>\n<meta name=\"twitter:label1\" content=\"Dur\u00e9e de lecture estim\u00e9e\" \/>\n\t<meta name=\"twitter:data1\" content=\"1 minute\" \/>\n<script type=\"application\/ld+json\" class=\"yoast-schema-graph\">{\"@context\":\"https:\\\/\\\/schema.org\",\"@graph\":[{\"@type\":\"WebPage\",\"@id\":\"https:\\\/\\\/www.upscience-labs.com\\\/fr\\\/a-propos\\\/pourquoi-upscience\\\/\",\"url\":\"https:\\\/\\\/www.upscience-labs.com\\\/fr\\\/a-propos\\\/pourquoi-upscience\\\/\",\"name\":\"Pourquoi Upscience? | R\u00e9seau de laboratoire - Upscience\",\"isPartOf\":{\"@id\":\"https:\\\/\\\/www.upscience-labs.com\\\/#website\"},\"datePublished\":\"2017-09-13T13:47:09+00:00\",\"dateModified\":\"2024-02-27T14:48:08+00:00\",\"description\":\"Upscience accompagne les acteurs de l\u2019agroalimentaire, de la nutrition animale, de la nutraceutique et de l\u2019environnement.\",\"breadcrumb\":{\"@id\":\"https:\\\/\\\/www.upscience-labs.com\\\/fr\\\/a-propos\\\/pourquoi-upscience\\\/#breadcrumb\"},\"inLanguage\":\"fr-FR\",\"potentialAction\":[{\"@type\":\"ReadAction\",\"target\":[\"https:\\\/\\\/www.upscience-labs.com\\\/fr\\\/a-propos\\\/pourquoi-upscience\\\/\"]}]},{\"@type\":\"BreadcrumbList\",\"@id\":\"https:\\\/\\\/www.upscience-labs.com\\\/fr\\\/a-propos\\\/pourquoi-upscience\\\/#breadcrumb\",\"itemListElement\":[{\"@type\":\"ListItem\",\"position\":1,\"name\":\"Home\",\"item\":\"https:\\\/\\\/www.upscience-labs.com\\\/fr\\\/\"},{\"@type\":\"ListItem\",\"position\":2,\"name\":\"A propos\",\"item\":\"https:\\\/\\\/www.upscience-labs.com\\\/fr\\\/a-propos\\\/\"},{\"@type\":\"ListItem\",\"position\":3,\"name\":\"Pourquoi Upscience ?\"}]},{\"@type\":\"WebSite\",\"@id\":\"https:\\\/\\\/www.upscience-labs.com\\\/#website\",\"url\":\"https:\\\/\\\/www.upscience-labs.com\\\/\",\"name\":\"Upscience\",\"description\":\"Labs Solutions\",\"potentialAction\":[{\"@type\":\"SearchAction\",\"target\":{\"@type\":\"EntryPoint\",\"urlTemplate\":\"https:\\\/\\\/www.upscience-labs.com\\\/?s={search_term_string}\"},\"query-input\":{\"@type\":\"PropertyValueSpecification\",\"valueRequired\":true,\"valueName\":\"search_term_string\"}}],\"inLanguage\":\"fr-FR\"}]}<\/script>\n<!-- \/ Yoast SEO plugin. -->","yoast_head_json":{"title":"Pourquoi Upscience? | R\u00e9seau de laboratoire - Upscience","description":"Upscience accompagne les acteurs de l\u2019agroalimentaire, de la nutrition animale, de la nutraceutique et de l\u2019environnement.","robots":{"index":"index","follow":"follow","max-snippet":"max-snippet:-1","max-image-preview":"max-image-preview:large","max-video-preview":"max-video-preview:-1"},"canonical":"https:\/\/www.upscience-labs.com\/fr\/a-propos\/pourquoi-upscience\/","og_locale":"fr_FR","og_type":"article","og_title":"Pourquoi Upscience? | R\u00e9seau de laboratoire - Upscience","og_description":"Upscience accompagne les acteurs de l\u2019agroalimentaire, de la nutrition animale, de la nutraceutique et de l\u2019environnement.","og_url":"https:\/\/www.upscience-labs.com\/fr\/a-propos\/pourquoi-upscience\/","og_site_name":"Upscience","article_modified_time":"2024-02-27T14:48:08+00:00","twitter_card":"summary_large_image","twitter_misc":{"Dur\u00e9e de lecture estim\u00e9e":"1 minute"},"schema":{"@context":"https:\/\/schema.org","@graph":[{"@type":"WebPage","@id":"https:\/\/www.upscience-labs.com\/fr\/a-propos\/pourquoi-upscience\/","url":"https:\/\/www.upscience-labs.com\/fr\/a-propos\/pourquoi-upscience\/","name":"Pourquoi Upscience? | R\u00e9seau de laboratoire - Upscience","isPartOf":{"@id":"https:\/\/www.upscience-labs.com\/#website"},"datePublished":"2017-09-13T13:47:09+00:00","dateModified":"2024-02-27T14:48:08+00:00","description":"Upscience accompagne les acteurs de l\u2019agroalimentaire, de la nutrition animale, de la nutraceutique et de l\u2019environnement.","breadcrumb":{"@id":"https:\/\/www.upscience-labs.com\/fr\/a-propos\/pourquoi-upscience\/#breadcrumb"},"inLanguage":"fr-FR","potentialAction":[{"@type":"ReadAction","target":["https:\/\/www.upscience-labs.com\/fr\/a-propos\/pourquoi-upscience\/"]}]},{"@type":"BreadcrumbList","@id":"https:\/\/www.upscience-labs.com\/fr\/a-propos\/pourquoi-upscience\/#breadcrumb","itemListElement":[{"@type":"ListItem","position":1,"name":"Home","item":"https:\/\/www.upscience-labs.com\/fr\/"},{"@type":"ListItem","position":2,"name":"A propos","item":"https:\/\/www.upscience-labs.com\/fr\/a-propos\/"},{"@type":"ListItem","position":3,"name":"Pourquoi Upscience ?"}]},{"@type":"WebSite","@id":"https:\/\/www.upscience-labs.com\/#website","url":"https:\/\/www.upscience-labs.com\/","name":"Upscience","description":"Labs Solutions","potentialAction":[{"@type":"SearchAction","target":{"@type":"EntryPoint","urlTemplate":"https:\/\/www.upscience-labs.com\/?s={search_term_string}"},"query-input":{"@type":"PropertyValueSpecification","valueRequired":true,"valueName":"search_term_string"}}],"inLanguage":"fr-FR"}]}},"_links":{"self":[{"href":"https:\/\/www.upscience-labs.com\/fr\/wp-json\/wp\/v2\/pages\/2006","targetHints":{"allow":["GET"]}}],"collection":[{"href":"https:\/\/www.upscience-labs.com\/fr\/wp-json\/wp\/v2\/pages"}],"about":[{"href":"https:\/\/www.upscience-labs.com\/fr\/wp-json\/wp\/v2\/types\/page"}],"author":[{"embeddable":true,"href":"https:\/\/www.upscience-labs.com\/fr\/wp-json\/wp\/v2\/users\/22"}],"replies":[{"embeddable":true,"href":"https:\/\/www.upscience-labs.com\/fr\/wp-json\/wp\/v2\/comments?post=2006"}],"version-history":[{"count":3,"href":"https:\/\/www.upscience-labs.com\/fr\/wp-json\/wp\/v2\/pages\/2006\/revisions"}],"predecessor-version":[{"id":6472,"href":"https:\/\/www.upscience-labs.com\/fr\/wp-json\/wp\/v2\/pages\/2006\/revisions\/6472"}],"up":[{"embeddable":true,"href":"https:\/\/www.upscience-labs.com\/fr\/wp-json\/wp\/v2\/pages\/1998"}],"wp:attachment":[{"href":"https:\/\/www.upscience-labs.com\/fr\/wp-json\/wp\/v2\/media?parent=2006"}],"curies":[{"name":"wp","href":"https:\/\/api.w.org\/{rel}","templated":true}]}}