{"id":2000,"date":"2017-09-13T15:46:06","date_gmt":"2017-09-13T13:46:06","guid":{"rendered":"https:\/\/www.upscience-labs.com\/a-propos-de-nous\/qui-sommes-nous\/"},"modified":"2026-05-05T16:55:28","modified_gmt":"2026-05-05T14:55:28","slug":"qui-sommes-nous-reseaux-de-laboratoires","status":"publish","type":"page","link":"https:\/\/www.upscience-labs.com\/fr\/a-propos\/qui-sommes-nous-reseaux-de-laboratoires\/","title":{"rendered":"Qui sommes nous ?"},"content":{"rendered":"<div class=\"wpb-content-wrapper\"><p>[vc_row][vc_column][vc_column_text css=\u00a0\u00bb\u00a0\u00bb]Upscience est un <strong>r\u00e9seau international de laboratoires<\/strong>, filiale du groupe international Archer Daniel Midland (<a href=\"https:\/\/www.adm.com\/\">ADM<\/a>) .<br \/>\nGr\u00e2ce \u00e0 son large \u00e9ventail de prestations analytiques (<strong>physico-chimiques, spectrom\u00e9trie proche infra-rouge&#8230;<\/strong>), Upscience accompagne les industriels des secteurs de l&rsquo;alimentation animale et du petfood.<\/p>\n<p>Le r\u00e9seau Upscience, c&rsquo;est 2 plateaux techniques situ\u00e9s en <a href=\"https:\/\/www.upscience-labs.com\/fr\/a-propos\/nos-implantations\/france\/\">France<\/a>\u00a0et <a href=\"https:\/\/www.upscience-labs.com\/fr\/a-propos\/nos-implantations\/vietnam\/\">Vietnam<\/a>, tous accr\u00e9dit\u00e9s et \u00e9quip\u00e9s de technologie de pointe, avec des investissements continus en R&amp;D.<\/p>\n<p>Les laboratoires Upscience accompagnent leurs clients tant sur leurs besoins de contr\u00f4le qualit\u00e9 continue avec des solutions standardis\u00e9es, que dans leurs projets d&rsquo;innovation avec des services personnalis\u00e9s.<\/p>\n<p>D\u00e9couvrez l&rsquo;offre analytique de chaque laboratoire.[\/vc_column_text][\/vc_column][\/vc_row][vc_row][vc_column][vc_video link=\u00a0\u00bbhttps:\/\/www.youtube.com\/watch?v=3fhsdnzW5LI&amp;t=2s\u00a0\u00bb][\/vc_column][\/vc_row]<\/p>\n<\/div>","protected":false},"excerpt":{"rendered":"<p>[vc_row][vc_column][vc_column_text css=\u00a0\u00bb\u00a0\u00bb]Upscience est un r\u00e9seau international de laboratoires, filiale du groupe international Archer Daniel Midland (ADM) . Gr\u00e2ce \u00e0 son large \u00e9ventail de prestations analytiques (physico-chimiques, spectrom\u00e9trie proche infra-rouge&#8230;), Upscience accompagne les industriels des secteurs de l&rsquo;alimentation animale et du petfood. Le r\u00e9seau Upscience, c&rsquo;est 2 plateaux techniques situ\u00e9s en France\u00a0et Vietnam, tous accr\u00e9dit\u00e9s et &hellip; <\/p>\n<div class=\"vc_btn3-container vc_btn3-right\"><a class=\"vc_general vc_btn3 vc_btn3-size-xs vc_btn3-shape-round vc_btn3-color-bleu more-link\" href=\"https:\/\/www.upscience-labs.com\/fr\/a-propos\/qui-sommes-nous-reseaux-de-laboratoires\/\">Read More<\/a><\/div>\n","protected":false},"author":22,"featured_media":0,"parent":1998,"menu_order":110,"comment_status":"closed","ping_status":"closed","template":"template-interieur.php","meta":{"_acf_changed":false,"footnotes":""},"class_list":["post-2000","page","type-page","status-publish","hentry"],"acf":[],"yoast_head":"<!-- This site is optimized with the Yoast SEO plugin v27.6 - https:\/\/yoast.com\/product\/yoast-seo-wordpress\/ -->\n<title>Qui sommes nous ? | Laboratoire d&#039;analyses - Upscience<\/title>\n<meta name=\"description\" content=\"Upscience est un r\u00e9seau international de laboratoires, filiale du groupe ADM, offrant un large panel de prestations analytiques.\" \/>\n<meta name=\"robots\" content=\"index, follow, max-snippet:-1, max-image-preview:large, max-video-preview:-1\" \/>\n<link rel=\"canonical\" href=\"https:\/\/www.upscience-labs.com\/fr\/a-propos\/qui-sommes-nous-reseaux-de-laboratoires\/\" \/>\n<meta property=\"og:locale\" content=\"fr_FR\" \/>\n<meta property=\"og:type\" content=\"article\" \/>\n<meta property=\"og:title\" content=\"Qui sommes nous ? | Laboratoire d&#039;analyses - Upscience\" \/>\n<meta property=\"og:description\" content=\"Upscience est un r\u00e9seau international de laboratoires, filiale du groupe ADM, offrant un large panel de prestations analytiques.\" \/>\n<meta property=\"og:url\" content=\"https:\/\/www.upscience-labs.com\/fr\/a-propos\/qui-sommes-nous-reseaux-de-laboratoires\/\" \/>\n<meta property=\"og:site_name\" content=\"Upscience\" \/>\n<meta property=\"article:modified_time\" content=\"2026-05-05T14:55:28+00:00\" \/>\n<meta name=\"twitter:card\" content=\"summary_large_image\" \/>\n<meta name=\"twitter:label1\" content=\"Dur\u00e9e de lecture estim\u00e9e\" \/>\n\t<meta name=\"twitter:data1\" content=\"1 minute\" \/>\n<script type=\"application\/ld+json\" class=\"yoast-schema-graph\">{\"@context\":\"https:\\\/\\\/schema.org\",\"@graph\":[{\"@type\":\"WebPage\",\"@id\":\"https:\\\/\\\/www.upscience-labs.com\\\/fr\\\/a-propos\\\/qui-sommes-nous-reseaux-de-laboratoires\\\/\",\"url\":\"https:\\\/\\\/www.upscience-labs.com\\\/fr\\\/a-propos\\\/qui-sommes-nous-reseaux-de-laboratoires\\\/\",\"name\":\"Qui sommes nous ? | Laboratoire d'analyses - Upscience\",\"isPartOf\":{\"@id\":\"https:\\\/\\\/www.upscience-labs.com\\\/#website\"},\"datePublished\":\"2017-09-13T13:46:06+00:00\",\"dateModified\":\"2026-05-05T14:55:28+00:00\",\"description\":\"Upscience est un r\u00e9seau international de laboratoires, filiale du groupe ADM, offrant un large panel de prestations analytiques.\",\"breadcrumb\":{\"@id\":\"https:\\\/\\\/www.upscience-labs.com\\\/fr\\\/a-propos\\\/qui-sommes-nous-reseaux-de-laboratoires\\\/#breadcrumb\"},\"inLanguage\":\"fr-FR\",\"potentialAction\":[{\"@type\":\"ReadAction\",\"target\":[\"https:\\\/\\\/www.upscience-labs.com\\\/fr\\\/a-propos\\\/qui-sommes-nous-reseaux-de-laboratoires\\\/\"]}]},{\"@type\":\"BreadcrumbList\",\"@id\":\"https:\\\/\\\/www.upscience-labs.com\\\/fr\\\/a-propos\\\/qui-sommes-nous-reseaux-de-laboratoires\\\/#breadcrumb\",\"itemListElement\":[{\"@type\":\"ListItem\",\"position\":1,\"name\":\"Home\",\"item\":\"https:\\\/\\\/www.upscience-labs.com\\\/fr\\\/\"},{\"@type\":\"ListItem\",\"position\":2,\"name\":\"A propos\",\"item\":\"https:\\\/\\\/www.upscience-labs.com\\\/fr\\\/a-propos\\\/\"},{\"@type\":\"ListItem\",\"position\":3,\"name\":\"Qui sommes nous ?\"}]},{\"@type\":\"WebSite\",\"@id\":\"https:\\\/\\\/www.upscience-labs.com\\\/#website\",\"url\":\"https:\\\/\\\/www.upscience-labs.com\\\/\",\"name\":\"Upscience\",\"description\":\"Labs Solutions\",\"potentialAction\":[{\"@type\":\"SearchAction\",\"target\":{\"@type\":\"EntryPoint\",\"urlTemplate\":\"https:\\\/\\\/www.upscience-labs.com\\\/?s={search_term_string}\"},\"query-input\":{\"@type\":\"PropertyValueSpecification\",\"valueRequired\":true,\"valueName\":\"search_term_string\"}}],\"inLanguage\":\"fr-FR\"}]}<\/script>\n<!-- \/ Yoast SEO plugin. -->","yoast_head_json":{"title":"Qui sommes nous ? | Laboratoire d'analyses - Upscience","description":"Upscience est un r\u00e9seau international de laboratoires, filiale du groupe ADM, offrant un large panel de prestations analytiques.","robots":{"index":"index","follow":"follow","max-snippet":"max-snippet:-1","max-image-preview":"max-image-preview:large","max-video-preview":"max-video-preview:-1"},"canonical":"https:\/\/www.upscience-labs.com\/fr\/a-propos\/qui-sommes-nous-reseaux-de-laboratoires\/","og_locale":"fr_FR","og_type":"article","og_title":"Qui sommes nous ? | Laboratoire d'analyses - Upscience","og_description":"Upscience est un r\u00e9seau international de laboratoires, filiale du groupe ADM, offrant un large panel de prestations analytiques.","og_url":"https:\/\/www.upscience-labs.com\/fr\/a-propos\/qui-sommes-nous-reseaux-de-laboratoires\/","og_site_name":"Upscience","article_modified_time":"2026-05-05T14:55:28+00:00","twitter_card":"summary_large_image","twitter_misc":{"Dur\u00e9e de lecture estim\u00e9e":"1 minute"},"schema":{"@context":"https:\/\/schema.org","@graph":[{"@type":"WebPage","@id":"https:\/\/www.upscience-labs.com\/fr\/a-propos\/qui-sommes-nous-reseaux-de-laboratoires\/","url":"https:\/\/www.upscience-labs.com\/fr\/a-propos\/qui-sommes-nous-reseaux-de-laboratoires\/","name":"Qui sommes nous ? | Laboratoire d'analyses - Upscience","isPartOf":{"@id":"https:\/\/www.upscience-labs.com\/#website"},"datePublished":"2017-09-13T13:46:06+00:00","dateModified":"2026-05-05T14:55:28+00:00","description":"Upscience est un r\u00e9seau international de laboratoires, filiale du groupe ADM, offrant un large panel de prestations analytiques.","breadcrumb":{"@id":"https:\/\/www.upscience-labs.com\/fr\/a-propos\/qui-sommes-nous-reseaux-de-laboratoires\/#breadcrumb"},"inLanguage":"fr-FR","potentialAction":[{"@type":"ReadAction","target":["https:\/\/www.upscience-labs.com\/fr\/a-propos\/qui-sommes-nous-reseaux-de-laboratoires\/"]}]},{"@type":"BreadcrumbList","@id":"https:\/\/www.upscience-labs.com\/fr\/a-propos\/qui-sommes-nous-reseaux-de-laboratoires\/#breadcrumb","itemListElement":[{"@type":"ListItem","position":1,"name":"Home","item":"https:\/\/www.upscience-labs.com\/fr\/"},{"@type":"ListItem","position":2,"name":"A propos","item":"https:\/\/www.upscience-labs.com\/fr\/a-propos\/"},{"@type":"ListItem","position":3,"name":"Qui sommes nous ?"}]},{"@type":"WebSite","@id":"https:\/\/www.upscience-labs.com\/#website","url":"https:\/\/www.upscience-labs.com\/","name":"Upscience","description":"Labs Solutions","potentialAction":[{"@type":"SearchAction","target":{"@type":"EntryPoint","urlTemplate":"https:\/\/www.upscience-labs.com\/?s={search_term_string}"},"query-input":{"@type":"PropertyValueSpecification","valueRequired":true,"valueName":"search_term_string"}}],"inLanguage":"fr-FR"}]}},"_links":{"self":[{"href":"https:\/\/www.upscience-labs.com\/fr\/wp-json\/wp\/v2\/pages\/2000","targetHints":{"allow":["GET"]}}],"collection":[{"href":"https:\/\/www.upscience-labs.com\/fr\/wp-json\/wp\/v2\/pages"}],"about":[{"href":"https:\/\/www.upscience-labs.com\/fr\/wp-json\/wp\/v2\/types\/page"}],"author":[{"embeddable":true,"href":"https:\/\/www.upscience-labs.com\/fr\/wp-json\/wp\/v2\/users\/22"}],"replies":[{"embeddable":true,"href":"https:\/\/www.upscience-labs.com\/fr\/wp-json\/wp\/v2\/comments?post=2000"}],"version-history":[{"count":6,"href":"https:\/\/www.upscience-labs.com\/fr\/wp-json\/wp\/v2\/pages\/2000\/revisions"}],"predecessor-version":[{"id":6646,"href":"https:\/\/www.upscience-labs.com\/fr\/wp-json\/wp\/v2\/pages\/2000\/revisions\/6646"}],"up":[{"embeddable":true,"href":"https:\/\/www.upscience-labs.com\/fr\/wp-json\/wp\/v2\/pages\/1998"}],"wp:attachment":[{"href":"https:\/\/www.upscience-labs.com\/fr\/wp-json\/wp\/v2\/media?parent=2000"}],"curies":[{"name":"wp","href":"https:\/\/api.w.org\/{rel}","templated":true}]}}