{"id":125,"date":"2017-06-12T08:54:09","date_gmt":"2017-06-12T06:54:09","guid":{"rendered":"https:\/\/www.upscience-labs.com\/?page_id=125\/"},"modified":"2023-06-21T16:16:10","modified_gmt":"2023-06-21T14:16:10","slug":"nos-implantations","status":"publish","type":"page","link":"https:\/\/www.upscience-labs.com\/fr\/a-propos\/nos-implantations\/","title":{"rendered":"Nos implantations"},"content":{"rendered":"","protected":false},"excerpt":{"rendered":"","protected":false},"author":22,"featured_media":0,"parent":1998,"menu_order":130,"comment_status":"closed","ping_status":"closed","template":"","meta":{"_acf_changed":false,"footnotes":""},"class_list":["post-125","page","type-page","status-publish","hentry"],"acf":[],"yoast_head":"<!-- This site is optimized with the Yoast SEO plugin v27.3 - https:\/\/yoast.com\/product\/yoast-seo-wordpress\/ -->\n<title>Nos implantations| R\u00e9seau de laboratoire - Upscience<\/title>\n<meta name=\"description\" content=\"D\u00e9couvrez toutes les implantations du r\u00e9seau international de laboratoires Upscience (France, Vietnam)\" \/>\n<meta name=\"robots\" content=\"index, follow, max-snippet:-1, max-image-preview:large, max-video-preview:-1\" \/>\n<link rel=\"canonical\" href=\"https:\/\/www.upscience-labs.com\/fr\/a-propos\/nos-implantations\/\" \/>\n<meta property=\"og:locale\" content=\"fr_FR\" \/>\n<meta property=\"og:type\" content=\"article\" \/>\n<meta property=\"og:title\" content=\"Nos implantations| R\u00e9seau de laboratoire - Upscience\" \/>\n<meta property=\"og:description\" content=\"D\u00e9couvrez toutes les implantations du r\u00e9seau international de laboratoires Upscience (France, Vietnam)\" \/>\n<meta property=\"og:url\" content=\"https:\/\/www.upscience-labs.com\/fr\/a-propos\/nos-implantations\/\" \/>\n<meta property=\"og:site_name\" content=\"Upscience\" \/>\n<meta property=\"article:modified_time\" content=\"2023-06-21T14:16:10+00:00\" \/>\n<meta name=\"twitter:card\" content=\"summary_large_image\" \/>\n<script type=\"application\/ld+json\" class=\"yoast-schema-graph\">{\"@context\":\"https:\\\/\\\/schema.org\",\"@graph\":[{\"@type\":\"WebPage\",\"@id\":\"https:\\\/\\\/www.upscience-labs.com\\\/fr\\\/a-propos\\\/nos-implantations\\\/\",\"url\":\"https:\\\/\\\/www.upscience-labs.com\\\/fr\\\/a-propos\\\/nos-implantations\\\/\",\"name\":\"Nos implantations| R\u00e9seau de laboratoire - Upscience\",\"isPartOf\":{\"@id\":\"https:\\\/\\\/www.upscience-labs.com\\\/#website\"},\"datePublished\":\"2017-06-12T06:54:09+00:00\",\"dateModified\":\"2023-06-21T14:16:10+00:00\",\"description\":\"D\u00e9couvrez toutes les implantations du r\u00e9seau international de laboratoires Upscience (France, Vietnam)\",\"breadcrumb\":{\"@id\":\"https:\\\/\\\/www.upscience-labs.com\\\/fr\\\/a-propos\\\/nos-implantations\\\/#breadcrumb\"},\"inLanguage\":\"fr-FR\",\"potentialAction\":[{\"@type\":\"ReadAction\",\"target\":[\"https:\\\/\\\/www.upscience-labs.com\\\/fr\\\/a-propos\\\/nos-implantations\\\/\"]}]},{\"@type\":\"BreadcrumbList\",\"@id\":\"https:\\\/\\\/www.upscience-labs.com\\\/fr\\\/a-propos\\\/nos-implantations\\\/#breadcrumb\",\"itemListElement\":[{\"@type\":\"ListItem\",\"position\":1,\"name\":\"Home\",\"item\":\"https:\\\/\\\/www.upscience-labs.com\\\/fr\\\/\"},{\"@type\":\"ListItem\",\"position\":2,\"name\":\"A propos\",\"item\":\"https:\\\/\\\/www.upscience-labs.com\\\/fr\\\/a-propos\\\/\"},{\"@type\":\"ListItem\",\"position\":3,\"name\":\"Nos implantations\"}]},{\"@type\":\"WebSite\",\"@id\":\"https:\\\/\\\/www.upscience-labs.com\\\/#website\",\"url\":\"https:\\\/\\\/www.upscience-labs.com\\\/\",\"name\":\"Upscience\",\"description\":\"Labs Solutions\",\"potentialAction\":[{\"@type\":\"SearchAction\",\"target\":{\"@type\":\"EntryPoint\",\"urlTemplate\":\"https:\\\/\\\/www.upscience-labs.com\\\/?s={search_term_string}\"},\"query-input\":{\"@type\":\"PropertyValueSpecification\",\"valueRequired\":true,\"valueName\":\"search_term_string\"}}],\"inLanguage\":\"fr-FR\"}]}<\/script>\n<!-- \/ Yoast SEO plugin. -->","yoast_head_json":{"title":"Nos implantations| R\u00e9seau de laboratoire - Upscience","description":"D\u00e9couvrez toutes les implantations du r\u00e9seau international de laboratoires Upscience (France, Vietnam)","robots":{"index":"index","follow":"follow","max-snippet":"max-snippet:-1","max-image-preview":"max-image-preview:large","max-video-preview":"max-video-preview:-1"},"canonical":"https:\/\/www.upscience-labs.com\/fr\/a-propos\/nos-implantations\/","og_locale":"fr_FR","og_type":"article","og_title":"Nos implantations| R\u00e9seau de laboratoire - Upscience","og_description":"D\u00e9couvrez toutes les implantations du r\u00e9seau international de laboratoires Upscience (France, Vietnam)","og_url":"https:\/\/www.upscience-labs.com\/fr\/a-propos\/nos-implantations\/","og_site_name":"Upscience","article_modified_time":"2023-06-21T14:16:10+00:00","twitter_card":"summary_large_image","schema":{"@context":"https:\/\/schema.org","@graph":[{"@type":"WebPage","@id":"https:\/\/www.upscience-labs.com\/fr\/a-propos\/nos-implantations\/","url":"https:\/\/www.upscience-labs.com\/fr\/a-propos\/nos-implantations\/","name":"Nos implantations| R\u00e9seau de laboratoire - Upscience","isPartOf":{"@id":"https:\/\/www.upscience-labs.com\/#website"},"datePublished":"2017-06-12T06:54:09+00:00","dateModified":"2023-06-21T14:16:10+00:00","description":"D\u00e9couvrez toutes les implantations du r\u00e9seau international de laboratoires Upscience (France, Vietnam)","breadcrumb":{"@id":"https:\/\/www.upscience-labs.com\/fr\/a-propos\/nos-implantations\/#breadcrumb"},"inLanguage":"fr-FR","potentialAction":[{"@type":"ReadAction","target":["https:\/\/www.upscience-labs.com\/fr\/a-propos\/nos-implantations\/"]}]},{"@type":"BreadcrumbList","@id":"https:\/\/www.upscience-labs.com\/fr\/a-propos\/nos-implantations\/#breadcrumb","itemListElement":[{"@type":"ListItem","position":1,"name":"Home","item":"https:\/\/www.upscience-labs.com\/fr\/"},{"@type":"ListItem","position":2,"name":"A propos","item":"https:\/\/www.upscience-labs.com\/fr\/a-propos\/"},{"@type":"ListItem","position":3,"name":"Nos implantations"}]},{"@type":"WebSite","@id":"https:\/\/www.upscience-labs.com\/#website","url":"https:\/\/www.upscience-labs.com\/","name":"Upscience","description":"Labs Solutions","potentialAction":[{"@type":"SearchAction","target":{"@type":"EntryPoint","urlTemplate":"https:\/\/www.upscience-labs.com\/?s={search_term_string}"},"query-input":{"@type":"PropertyValueSpecification","valueRequired":true,"valueName":"search_term_string"}}],"inLanguage":"fr-FR"}]}},"_links":{"self":[{"href":"https:\/\/www.upscience-labs.com\/fr\/wp-json\/wp\/v2\/pages\/125","targetHints":{"allow":["GET"]}}],"collection":[{"href":"https:\/\/www.upscience-labs.com\/fr\/wp-json\/wp\/v2\/pages"}],"about":[{"href":"https:\/\/www.upscience-labs.com\/fr\/wp-json\/wp\/v2\/types\/page"}],"author":[{"embeddable":true,"href":"https:\/\/www.upscience-labs.com\/fr\/wp-json\/wp\/v2\/users\/22"}],"replies":[{"embeddable":true,"href":"https:\/\/www.upscience-labs.com\/fr\/wp-json\/wp\/v2\/comments?post=125"}],"version-history":[{"count":2,"href":"https:\/\/www.upscience-labs.com\/fr\/wp-json\/wp\/v2\/pages\/125\/revisions"}],"predecessor-version":[{"id":4547,"href":"https:\/\/www.upscience-labs.com\/fr\/wp-json\/wp\/v2\/pages\/125\/revisions\/4547"}],"up":[{"embeddable":true,"href":"https:\/\/www.upscience-labs.com\/fr\/wp-json\/wp\/v2\/pages\/1998"}],"wp:attachment":[{"href":"https:\/\/www.upscience-labs.com\/fr\/wp-json\/wp\/v2\/media?parent=125"}],"curies":[{"name":"wp","href":"https:\/\/api.w.org\/{rel}","templated":true}]}}